{"id":10216,"date":"2019-10-21T11:42:39","date_gmt":"2019-10-21T09:42:39","guid":{"rendered":"https:\/\/lalmachine.com\/?page_id=10216"},"modified":"2024-03-11T09:50:37","modified_gmt":"2024-03-11T08:50:37","slug":"aide-acheteur","status":"publish","type":"page","link":"https:\/\/lalmachine.com\/de\/aide-acheteur\/","title":{"rendered":"Hilfe f\u00fcr K\u00e4ufer*innen"},"content":{"rendered":"<p>[et_pb_section fb_built=&#8221;1&#8243; _builder_version=&#8221;4.16&#8243; locked=&#8221;off&#8221; global_colors_info=&#8221;{}&#8221;][et_pb_row _builder_version=&#8221;4.16&#8243; custom_margin=&#8221;|auto|15px|auto||&#8221; custom_padding=&#8221;2px||1px|||&#8221; global_colors_info=&#8221;{}&#8221;][et_pb_column type=&#8221;4_4&#8243; _builder_version=&#8221;4.16&#8243; global_colors_info=&#8221;{}&#8221;][et_pb_slider _builder_version=&#8221;4.16&#8243; background_color=&#8221;rgba(0,0,0,0)&#8221; global_colors_info=&#8221;{}&#8221;][et_pb_slide heading=&#8221;Aide acheteur&#8221; use_text_overlay=&#8221;on&#8221; _builder_version=&#8221;4.16&#8243; header_font=&#8221;Abril Fatface||||||||&#8221; header_font_size=&#8221;50px&#8221; body_font=&#8221;Arial||||||||&#8221; body_font_size=&#8221;20px&#8221; background_enable_color=&#8221;off&#8221; background_image=&#8221;https:\/\/lalmachine.com\/wp-content\/uploads\/2019\/02\/Lampe_sur_pied-683&#215;1024.png&#8221; background_enable_image=&#8221;on&#8221; header_font_size_tablet=&#8221;&#8221; header_font_size_phone=&#8221;30px&#8221; header_font_size_last_edited=&#8221;on|phone&#8221; body_font_size_tablet=&#8221;&#8221; body_font_size_phone=&#8221;15px&#8221; body_font_size_last_edited=&#8221;on|phone&#8221; global_colors_info=&#8221;{}&#8221; sticky_transition=&#8221;on&#8221;]<\/p>\n<p>Comment se passe un achat sur lalmachine.com ?<\/p>\n<p>[\/et_pb_slide][\/et_pb_slider][\/et_pb_column][\/et_pb_row][et_pb_row _builder_version=&#8221;4.16&#8243; custom_padding=&#8221;4px|||||&#8221; global_colors_info=&#8221;{}&#8221;][et_pb_column type=&#8221;4_4&#8243; _builder_version=&#8221;4.16&#8243; global_colors_info=&#8221;{}&#8221;][et_pb_text _builder_version=&#8221;4.16&#8243; text_font_size=&#8221;15px&#8221; custom_margin=&#8221;||12px|||&#8221; global_colors_info=&#8221;{}&#8221;]<\/p>\n<p>Tu souhaites acheter sur notre site ? Super ! Voici les \u00e9tapes \u00e0 suivre :<\/p>\n<p>[\/et_pb_text][et_pb_toggle title=&#8221;1. Ajoute le produit dans ton panier&#8221; _builder_version=&#8221;4.16&#8243; title_font_size=&#8221;20px&#8221; custom_margin=&#8221;-1px|||||&#8221; global_colors_info=&#8221;{}&#8221;]<\/p>\n<p><b>Pour bien choisir, consulte sur la fiche du produit :<\/b><\/p>\n<p><span>1. La description fournie par le vendeur ainsi que les photos.<\/span><\/p>\n<p><span>2. Les crit\u00e8res qui accompagnent chaque produit : prix, style, \u00e9tat du produit, couleur, dimensions.<\/span><\/p>\n<p><span>3. Le lieu de retrait (tr\u00e8s important si tu choisis de retirer le produit chez le vendeur). Pour s\u00e9lectionner des produits qui se trouvent proche de toi tu peux utiliser le filtre pour choisir selon le canton\/district.<\/span><\/p>\n<p><span>Rien ne t&#8217;a fait changer d&#8217;avis ? Clique sur le bouton &#8220;Ajouter au panier&#8221; !<\/span><\/p>\n<p>[\/et_pb_toggle][et_pb_toggle title=&#8221;2. V\u00e9rifie le panier et valide la commande&#8221; open_toggle_text_color=&#8221;#000000&#8243; _builder_version=&#8221;4.16&#8243; title_font=&#8221;Abril Fatface||||||||&#8221; title_font_size=&#8221;20px&#8221; body_font=&#8221;||||||||&#8221; global_colors_info=&#8221;{}&#8221;]<\/p>\n<p><strong><span>Une fois dans ton panier, tu as la possibilit\u00e9 de:<\/span><\/strong><\/p>\n<p><span>1. Choisir la modalit\u00e9 de livraison (si une livraison par la Poste est possible, sinon c&#8217;est retrait chez le vendeur).<\/span><\/p>\n<p><span>2. Utiliser un code promotionnel (si tu en as un).<\/span><\/p>\n<p>3. Passer la commande en cliquant sur le bouton &#8220;Valider la commande&#8221;.<\/p>\n<p>[\/et_pb_toggle][et_pb_toggle title=&#8221;3. Informations et paiement&#8221; open_toggle_text_color=&#8221;#000000&#8243; _builder_version=&#8221;4.16&#8243; title_font=&#8221;Abril Fatface||||||||&#8221; title_font_size=&#8221;20px&#8221; body_font=&#8221;||||||||&#8221; global_colors_info=&#8221;{}&#8221;]<\/p>\n<p><b>\u00c0 cette \u00e9tape, avant de finaliser l&#8217;achat tu dois encore :<\/b><\/p>\n<p><span>1. Compl\u00e9ter les informations te concernant (nom, pr\u00e9nom, adresse, mail et t\u00e9l\u00e9phone).<\/span><\/p>\n<p><span>2. V\u00e9rifier encore une fois ta commande (produits et modalit\u00e9 de livraison).<\/span><\/p>\n<p><span>3. Payer en toute s\u00e9curit\u00e9 avec carte de cr\u00e9dit en remplissant les champs demand\u00e9s.<\/span><\/p>\n<p>[\/et_pb_toggle][et_pb_toggle title=&#8221;4. Et bien s\u00fbr, sois d&#8217;accord avec les conditions&#8221; _builder_version=&#8221;4.24.0&#8243; title_font_size=&#8221;20px&#8221; hover_enabled=&#8221;0&#8243; global_colors_info=&#8221;{}&#8221; sticky_enabled=&#8221;0&#8243;]<\/p>\n<p><strong><span>Avant de cliquer sur le bouton &#8220;commander&#8221;, coche la case &#8220;J\u2019ai lu et j\u2019accepte les\u00a0<a href=\"https:\/\/lalmachine.com\/conditions-generales\/\">conditions g\u00e9n\u00e9rales<\/a>&#8220;.<\/span><\/strong><\/p>\n<p><span><strong>Retrait ou envoi du produit<br \/><\/strong>Si tu as choisi de retirer le produit chez le vendeur, tu as\u00a0<strong>10 jours<\/strong> pour le collecter \u00e0 compter de la conclusion de la vente.<strong><br \/><\/strong><\/span><\/p>\n<p><span><strong>Satisfait ou rembours\u00e9<\/strong><br \/>Tu as dispose d\u2019un d\u00e9lai de <strong>72 heures \u00e0 compter de la r\u00e9ception de l\u2019article pour exercer son droit de r\u00e9tractation et 14 jours \u00e0 compter de la r\u00e9ception pour retourner l\u2019article.<\/strong><\/span><\/p>\n<p>[\/et_pb_toggle][et_pb_toggle title=&#8221;5. Enfin, consulte ta bo\u00eete email&#8221; open_toggle_text_color=&#8221;#000000&#8243; _builder_version=&#8221;4.16&#8243; title_font=&#8221;Abril Fatface||||||||&#8221; title_font_size=&#8221;20px&#8221; body_font=&#8221;||||||||&#8221; global_colors_info=&#8221;{}&#8221;]<\/p>\n<p><strong>Pour chaque commande, tu recevras deux emails :<\/strong><\/p>\n<p>1. Un avec le r\u00e9capitulatif de la commande (imm\u00e9diatement).<\/p>\n<p>2. Un avec avec les coordonn\u00e9es du vendeur (dans les heures qui suivent).<\/p>\n<p>Si tu as choisi l&#8217;option &#8220;retrait chez le vendeur&#8221;, n&#8217;h\u00e9site pas \u00e0 contacter le vendeur (s&#8217;il ne l&#8217;a pas d\u00e9j\u00e0 fait) pour fixer un rendez-vous pour retirer le produit.<\/p>\n<p>[\/et_pb_toggle][\/et_pb_column][\/et_pb_row][\/et_pb_section]<\/p>\n","protected":false},"excerpt":{"rendered":"<p>Comment se passe un achat sur lalmachine.com ?Tu souhaites acheter sur notre site ? Super ! Voici les \u00e9tapes \u00e0 suivre :Pour bien choisir, consulte sur la fiche du produit : 1. La description fournie par le vendeur ainsi que les photos. 2. Les crit\u00e8res qui accompagnent chaque produit : prix, style, \u00e9tat du produit, [&hellip;]<\/p>\n","protected":false},"author":1,"featured_media":0,"parent":0,"menu_order":0,"comment_status":"closed","ping_status":"closed","template":"","meta":{"_et_pb_use_builder":"on","_et_pb_old_content":"","_et_gb_content_width":"","footnotes":""},"class_list":["post-10216","page","type-page","status-publish","hentry"],"yoast_head":"<!-- This site is optimized with the Yoast SEO plugin v27.4 - https:\/\/yoast.com\/product\/yoast-seo-wordpress\/ -->\n<title>Aide acheteur | lalmachine.com<\/title>\n<meta name=\"robots\" content=\"index, follow, max-snippet:-1, max-image-preview:large, max-video-preview:-1\" \/>\n<link rel=\"canonical\" href=\"http:\/\/lalmachine.com\/de\/aide-acheteur\/\" \/>\n<meta property=\"og:locale\" content=\"de_DE\" \/>\n<meta property=\"og:type\" content=\"article\" \/>\n<meta property=\"og:title\" content=\"Aide acheteur | lalmachine.com\" \/>\n<meta property=\"og:description\" content=\"Comment se passe un achat sur lalmachine.com ?Tu souhaites acheter sur notre site ? Super ! Voici les \u00e9tapes \u00e0 suivre :Pour bien choisir, consulte sur la fiche du produit : 1. La description fournie par le vendeur ainsi que les photos. 2. Les crit\u00e8res qui accompagnent chaque produit : prix, style, \u00e9tat du produit, [&hellip;]\" \/>\n<meta property=\"og:url\" content=\"http:\/\/lalmachine.com\/de\/aide-acheteur\/\" \/>\n<meta property=\"og:site_name\" content=\"lalmachine.com\" \/>\n<meta property=\"article:publisher\" content=\"https:\/\/facebook.com\/lalmachine\" \/>\n<meta property=\"article:modified_time\" content=\"2024-03-11T08:50:37+00:00\" \/>\n<meta name=\"twitter:card\" content=\"summary_large_image\" \/>\n<meta name=\"twitter:label1\" content=\"Gesch\u00e4tzte Lesezeit\" \/>\n\t<meta name=\"twitter:data1\" content=\"3\u00a0Minuten\" \/>\n<script type=\"application\/ld+json\" class=\"yoast-schema-graph\">{\"@context\":\"https:\\\/\\\/schema.org\",\"@graph\":[{\"@type\":\"WebPage\",\"@id\":\"http:\\\/\\\/lalmachine.com\\\/de\\\/aide-acheteur\\\/\",\"url\":\"http:\\\/\\\/lalmachine.com\\\/de\\\/aide-acheteur\\\/\",\"name\":\"Aide acheteur | lalmachine.com\",\"isPartOf\":{\"@id\":\"https:\\\/\\\/lalmachine.com\\\/#website\"},\"datePublished\":\"2019-10-21T09:42:39+00:00\",\"dateModified\":\"2024-03-11T08:50:37+00:00\",\"breadcrumb\":{\"@id\":\"http:\\\/\\\/lalmachine.com\\\/de\\\/aide-acheteur\\\/#breadcrumb\"},\"inLanguage\":\"de\",\"potentialAction\":[{\"@type\":\"ReadAction\",\"target\":[\"http:\\\/\\\/lalmachine.com\\\/de\\\/aide-acheteur\\\/\"]}]},{\"@type\":\"BreadcrumbList\",\"@id\":\"http:\\\/\\\/lalmachine.com\\\/de\\\/aide-acheteur\\\/#breadcrumb\",\"itemListElement\":[{\"@type\":\"ListItem\",\"position\":1,\"name\":\"Accueil\",\"item\":\"https:\\\/\\\/lalmachine.com\\\/\"},{\"@type\":\"ListItem\",\"position\":2,\"name\":\"Aide acheteur\"}]},{\"@type\":\"WebSite\",\"@id\":\"https:\\\/\\\/lalmachine.com\\\/#website\",\"url\":\"https:\\\/\\\/lalmachine.com\\\/\",\"name\":\"lalmachine.com\",\"description\":\"Brocante en ligne Suisse | Mobilier et objets d\u00e9co vintage et design\",\"potentialAction\":[{\"@type\":\"SearchAction\",\"target\":{\"@type\":\"EntryPoint\",\"urlTemplate\":\"https:\\\/\\\/lalmachine.com\\\/?s={search_term_string}\"},\"query-input\":{\"@type\":\"PropertyValueSpecification\",\"valueRequired\":true,\"valueName\":\"search_term_string\"}}],\"inLanguage\":\"de\"}]}<\/script>\n<!-- \/ Yoast SEO plugin. -->","yoast_head_json":{"title":"Aide acheteur | lalmachine.com","robots":{"index":"index","follow":"follow","max-snippet":"max-snippet:-1","max-image-preview":"max-image-preview:large","max-video-preview":"max-video-preview:-1"},"canonical":"http:\/\/lalmachine.com\/de\/aide-acheteur\/","og_locale":"de_DE","og_type":"article","og_title":"Aide acheteur | lalmachine.com","og_description":"Comment se passe un achat sur lalmachine.com ?Tu souhaites acheter sur notre site ? Super ! Voici les \u00e9tapes \u00e0 suivre :Pour bien choisir, consulte sur la fiche du produit : 1. La description fournie par le vendeur ainsi que les photos. 2. Les crit\u00e8res qui accompagnent chaque produit : prix, style, \u00e9tat du produit, [&hellip;]","og_url":"http:\/\/lalmachine.com\/de\/aide-acheteur\/","og_site_name":"lalmachine.com","article_publisher":"https:\/\/facebook.com\/lalmachine","article_modified_time":"2024-03-11T08:50:37+00:00","twitter_card":"summary_large_image","twitter_misc":{"Gesch\u00e4tzte Lesezeit":"3\u00a0Minuten"},"schema":{"@context":"https:\/\/schema.org","@graph":[{"@type":"WebPage","@id":"http:\/\/lalmachine.com\/de\/aide-acheteur\/","url":"http:\/\/lalmachine.com\/de\/aide-acheteur\/","name":"Aide acheteur | lalmachine.com","isPartOf":{"@id":"https:\/\/lalmachine.com\/#website"},"datePublished":"2019-10-21T09:42:39+00:00","dateModified":"2024-03-11T08:50:37+00:00","breadcrumb":{"@id":"http:\/\/lalmachine.com\/de\/aide-acheteur\/#breadcrumb"},"inLanguage":"de","potentialAction":[{"@type":"ReadAction","target":["http:\/\/lalmachine.com\/de\/aide-acheteur\/"]}]},{"@type":"BreadcrumbList","@id":"http:\/\/lalmachine.com\/de\/aide-acheteur\/#breadcrumb","itemListElement":[{"@type":"ListItem","position":1,"name":"Accueil","item":"https:\/\/lalmachine.com\/"},{"@type":"ListItem","position":2,"name":"Aide acheteur"}]},{"@type":"WebSite","@id":"https:\/\/lalmachine.com\/#website","url":"https:\/\/lalmachine.com\/","name":"lalmachine.com","description":"Brocante en ligne Suisse | Mobilier et objets d\u00e9co vintage et design","potentialAction":[{"@type":"SearchAction","target":{"@type":"EntryPoint","urlTemplate":"https:\/\/lalmachine.com\/?s={search_term_string}"},"query-input":{"@type":"PropertyValueSpecification","valueRequired":true,"valueName":"search_term_string"}}],"inLanguage":"de"}]}},"_links":{"self":[{"href":"https:\/\/lalmachine.com\/de\/wp-json\/wp\/v2\/pages\/10216","targetHints":{"allow":["GET"]}}],"collection":[{"href":"https:\/\/lalmachine.com\/de\/wp-json\/wp\/v2\/pages"}],"about":[{"href":"https:\/\/lalmachine.com\/de\/wp-json\/wp\/v2\/types\/page"}],"author":[{"embeddable":true,"href":"https:\/\/lalmachine.com\/de\/wp-json\/wp\/v2\/users\/1"}],"replies":[{"embeddable":true,"href":"https:\/\/lalmachine.com\/de\/wp-json\/wp\/v2\/comments?post=10216"}],"version-history":[{"count":1,"href":"https:\/\/lalmachine.com\/de\/wp-json\/wp\/v2\/pages\/10216\/revisions"}],"predecessor-version":[{"id":326436,"href":"https:\/\/lalmachine.com\/de\/wp-json\/wp\/v2\/pages\/10216\/revisions\/326436"}],"wp:attachment":[{"href":"https:\/\/lalmachine.com\/de\/wp-json\/wp\/v2\/media?parent=10216"}],"curies":[{"name":"wp","href":"https:\/\/api.w.org\/{rel}","templated":true}]}}