{"id":1230,"date":"2018-12-04T15:47:37","date_gmt":"2018-12-04T14:47:37","guid":{"rendered":"http:\/\/lalmachine.com\/?page_id=1230"},"modified":"2024-02-21T15:21:38","modified_gmt":"2024-02-21T14:21:38","slug":"conditions-generales","status":"publish","type":"page","link":"https:\/\/lalmachine.com\/de\/conditions-generales\/","title":{"rendered":"AGB"},"content":{"rendered":"<p>[et_pb_section fb_built=\u00a0\u00bb1&Prime; _builder_version=\u00a0\u00bb4.16&Prime; global_colors_info=\u00a0\u00bb{}\u00a0\u00bb][et_pb_row _builder_version=\u00a0\u00bb4.24.0&Prime; _module_preset=\u00a0\u00bbdefault\u00a0\u00bb global_colors_info=\u00a0\u00bb{}\u00a0\u00bb][et_pb_column type=\u00a0\u00bb4_4&Prime; _builder_version=\u00a0\u00bb4.24.0&Prime; _module_preset=\u00a0\u00bbdefault\u00a0\u00bb global_colors_info=\u00a0\u00bb{}\u00a0\u00bb][et_pb_text _builder_version=\u00a0\u00bb4.24.0&Prime; _module_preset=\u00a0\u00bbdefault\u00a0\u00bb text_font_size=\u00a0\u00bb16px\u00a0\u00bb hover_enabled=\u00a0\u00bb0&Prime; global_colors_info=\u00a0\u00bb{}\u00a0\u00bb sticky_enabled=\u00a0\u00bb0&Prime;]<\/p>\n<h1><strong>Mentions l\u00e9gales &#8211; Conditions g\u00e9n\u00e9rales<\/strong><\/h1>\n<p>Nous vous rendons attentif-ve-s que nos conditions g\u00e9n\u00e9rales (CG) vont changer d\u00e8s le 01.03.2024.<br \/>Merci de consulter les CG relatives \u00e0 votre date d&rsquo;inscription ou votre commande.<\/p>\n<p><strong><\/strong><\/p>\n<h2><strong>Consultation des CG<\/strong><\/h2>\n<ul>\n<li><span style=\"text-decoration: underline;\"><strong><a href=\"https:\/\/lalmachine.com\/wp-content\/uploads\/2019\/03\/CG_avant_20240301.pdf\">CG jusqu&rsquo;au 29.02.24<\/a><\/strong><\/span><\/li>\n<li><span style=\"text-decoration: underline;\"><strong><a href=\"https:\/\/lalmachine.com\/wp-content\/uploads\/2019\/03\/CG_20240301.pdf\">CG d\u00e8s le 01.03.24<\/a><\/strong><\/span><\/li>\n<\/ul>\n<h2><strong><br \/>Principaux changements<\/strong><\/h2>\n<p>Le-la client-e dispose d\u2019un d\u00e9lai de :<br \/>o <strong>72 heures (au lieu de 14 jours)<\/strong> \u00e0 compter de la r\u00e9ception de l\u2019article <strong>pour exercer son droit de r\u00e9tractation<\/strong> ;<br \/>o<strong> 14 jours (\u00e7a, \u00e7a ne change pas)<\/strong> \u00e0 compter de la r\u00e9ception <strong>pour retourner l\u2019article<\/strong>.<\/p>\n<p>Le-la vendeur-euse s\u2019engage \u00e0 :<br \/>o <strong>envoyer l\u2019article dans les 5 jours ouvr\u00e9s<\/strong> (au lieu de 3 jours ouvr\u00e9s) au-\u00e0 la client-e.<br \/>o <strong>retirer de sa boutique tout article indisponible ou vendu par une autre voie.<\/strong> Car dans l\u2019hypoth\u00e8se o\u00f9 l\u2019article est achet\u00e9 sur la plateforme alors que ce dernier n\u2019est plus disponible, des <strong>frais d\u2019annulation qui s\u2019\u00e9l\u00e8vent \u00e0 3% du montant de la commande seront factur\u00e9s au-\u00e0 la vendeur-euse.<\/strong><\/p>\n<p>Le-la vendeur-euse pourra d\u00e9sormais<strong> demander le versement de ses gains 4 jours (au lieu de 14 jours)<\/strong> apr\u00e8s la r\u00e9ception \/ le retrait de l\u2019article par le-la client-e.<\/p>\n<p>[\/et_pb_text][\/et_pb_column][\/et_pb_row][\/et_pb_section]<\/p>\n","protected":false},"excerpt":{"rendered":"<p>Mentions l\u00e9gales &#8211; Conditions g\u00e9n\u00e9rales Nous vous rendons attentif-ve-s que nos conditions g\u00e9n\u00e9rales (CG) vont changer d\u00e8s le 01.03.2024.Merci de consulter les CG relatives \u00e0 votre date d&rsquo;inscription ou votre commande. Consultation des CG CG jusqu&rsquo;au 29.02.24 CG d\u00e8s le 01.03.24 Principaux changements Le-la client-e dispose d\u2019un d\u00e9lai de \ud83d\ude2e 72 heures (au lieu de [&hellip;]<\/p>\n","protected":false},"author":1,"featured_media":0,"parent":0,"menu_order":0,"comment_status":"closed","ping_status":"closed","template":"","meta":{"_et_pb_use_builder":"on","_et_pb_old_content":"","_et_gb_content_width":"","footnotes":""},"class_list":["post-1230","page","type-page","status-publish","hentry"],"yoast_head":"<!-- This site is optimized with the Yoast SEO plugin v27.4 - https:\/\/yoast.com\/product\/yoast-seo-wordpress\/ -->\n<title>Conditions g\u00e9n\u00e9rales | lalmachine.com<\/title>\n<meta name=\"robots\" content=\"index, follow, max-snippet:-1, max-image-preview:large, max-video-preview:-1\" \/>\n<link rel=\"canonical\" href=\"http:\/\/lalmachine.com\/de\/conditions-generales\/\" \/>\n<meta property=\"og:locale\" content=\"de_DE\" \/>\n<meta property=\"og:type\" content=\"article\" \/>\n<meta property=\"og:title\" content=\"Conditions g\u00e9n\u00e9rales | lalmachine.com\" \/>\n<meta property=\"og:description\" content=\"Mentions l\u00e9gales - Conditions g\u00e9n\u00e9rales Nous vous rendons attentif-ve-s que nos conditions g\u00e9n\u00e9rales (CG) vont changer d\u00e8s le 01.03.2024.Merci de consulter les CG relatives \u00e0 votre date d&#039;inscription ou votre commande. Consultation des CG CG jusqu&#039;au 29.02.24 CG d\u00e8s le 01.03.24 Principaux changements Le-la client-e dispose d\u2019un d\u00e9lai de :o 72 heures (au lieu de [&hellip;]\" \/>\n<meta property=\"og:url\" content=\"http:\/\/lalmachine.com\/de\/conditions-generales\/\" \/>\n<meta property=\"og:site_name\" content=\"lalmachine.com\" \/>\n<meta property=\"article:publisher\" content=\"https:\/\/facebook.com\/lalmachine\" \/>\n<meta property=\"article:modified_time\" content=\"2024-02-21T14:21:38+00:00\" \/>\n<meta name=\"twitter:card\" content=\"summary_large_image\" \/>\n<meta name=\"twitter:label1\" content=\"Gesch\u00e4tzte Lesezeit\" \/>\n\t<meta name=\"twitter:data1\" content=\"1\u00a0Minute\" \/>\n<script type=\"application\/ld+json\" class=\"yoast-schema-graph\">{\"@context\":\"https:\\\/\\\/schema.org\",\"@graph\":[{\"@type\":\"WebPage\",\"@id\":\"http:\\\/\\\/lalmachine.com\\\/de\\\/conditions-generales\\\/\",\"url\":\"http:\\\/\\\/lalmachine.com\\\/de\\\/conditions-generales\\\/\",\"name\":\"Conditions g\u00e9n\u00e9rales | lalmachine.com\",\"isPartOf\":{\"@id\":\"https:\\\/\\\/lalmachine.com\\\/#website\"},\"datePublished\":\"2018-12-04T14:47:37+00:00\",\"dateModified\":\"2024-02-21T14:21:38+00:00\",\"breadcrumb\":{\"@id\":\"http:\\\/\\\/lalmachine.com\\\/de\\\/conditions-generales\\\/#breadcrumb\"},\"inLanguage\":\"de\",\"potentialAction\":[{\"@type\":\"ReadAction\",\"target\":[\"http:\\\/\\\/lalmachine.com\\\/de\\\/conditions-generales\\\/\"]}]},{\"@type\":\"BreadcrumbList\",\"@id\":\"http:\\\/\\\/lalmachine.com\\\/de\\\/conditions-generales\\\/#breadcrumb\",\"itemListElement\":[{\"@type\":\"ListItem\",\"position\":1,\"name\":\"Accueil\",\"item\":\"https:\\\/\\\/lalmachine.com\\\/\"},{\"@type\":\"ListItem\",\"position\":2,\"name\":\"Conditions g\u00e9n\u00e9rales\"}]},{\"@type\":\"WebSite\",\"@id\":\"https:\\\/\\\/lalmachine.com\\\/#website\",\"url\":\"https:\\\/\\\/lalmachine.com\\\/\",\"name\":\"lalmachine.com\",\"description\":\"Brocante en ligne Suisse | Mobilier et objets d\u00e9co vintage et design\",\"potentialAction\":[{\"@type\":\"SearchAction\",\"target\":{\"@type\":\"EntryPoint\",\"urlTemplate\":\"https:\\\/\\\/lalmachine.com\\\/?s={search_term_string}\"},\"query-input\":{\"@type\":\"PropertyValueSpecification\",\"valueRequired\":true,\"valueName\":\"search_term_string\"}}],\"inLanguage\":\"de\"}]}<\/script>\n<!-- \/ Yoast SEO plugin. -->","yoast_head_json":{"title":"Conditions g\u00e9n\u00e9rales | lalmachine.com","robots":{"index":"index","follow":"follow","max-snippet":"max-snippet:-1","max-image-preview":"max-image-preview:large","max-video-preview":"max-video-preview:-1"},"canonical":"http:\/\/lalmachine.com\/de\/conditions-generales\/","og_locale":"de_DE","og_type":"article","og_title":"Conditions g\u00e9n\u00e9rales | lalmachine.com","og_description":"Mentions l\u00e9gales - Conditions g\u00e9n\u00e9rales Nous vous rendons attentif-ve-s que nos conditions g\u00e9n\u00e9rales (CG) vont changer d\u00e8s le 01.03.2024.Merci de consulter les CG relatives \u00e0 votre date d'inscription ou votre commande. Consultation des CG CG jusqu'au 29.02.24 CG d\u00e8s le 01.03.24 Principaux changements Le-la client-e dispose d\u2019un d\u00e9lai de :o 72 heures (au lieu de [&hellip;]","og_url":"http:\/\/lalmachine.com\/de\/conditions-generales\/","og_site_name":"lalmachine.com","article_publisher":"https:\/\/facebook.com\/lalmachine","article_modified_time":"2024-02-21T14:21:38+00:00","twitter_card":"summary_large_image","twitter_misc":{"Gesch\u00e4tzte Lesezeit":"1\u00a0Minute"},"schema":{"@context":"https:\/\/schema.org","@graph":[{"@type":"WebPage","@id":"http:\/\/lalmachine.com\/de\/conditions-generales\/","url":"http:\/\/lalmachine.com\/de\/conditions-generales\/","name":"Conditions g\u00e9n\u00e9rales | lalmachine.com","isPartOf":{"@id":"https:\/\/lalmachine.com\/#website"},"datePublished":"2018-12-04T14:47:37+00:00","dateModified":"2024-02-21T14:21:38+00:00","breadcrumb":{"@id":"http:\/\/lalmachine.com\/de\/conditions-generales\/#breadcrumb"},"inLanguage":"de","potentialAction":[{"@type":"ReadAction","target":["http:\/\/lalmachine.com\/de\/conditions-generales\/"]}]},{"@type":"BreadcrumbList","@id":"http:\/\/lalmachine.com\/de\/conditions-generales\/#breadcrumb","itemListElement":[{"@type":"ListItem","position":1,"name":"Accueil","item":"https:\/\/lalmachine.com\/"},{"@type":"ListItem","position":2,"name":"Conditions g\u00e9n\u00e9rales"}]},{"@type":"WebSite","@id":"https:\/\/lalmachine.com\/#website","url":"https:\/\/lalmachine.com\/","name":"lalmachine.com","description":"Brocante en ligne Suisse | Mobilier et objets d\u00e9co vintage et design","potentialAction":[{"@type":"SearchAction","target":{"@type":"EntryPoint","urlTemplate":"https:\/\/lalmachine.com\/?s={search_term_string}"},"query-input":{"@type":"PropertyValueSpecification","valueRequired":true,"valueName":"search_term_string"}}],"inLanguage":"de"}]}},"_links":{"self":[{"href":"https:\/\/lalmachine.com\/de\/wp-json\/wp\/v2\/pages\/1230","targetHints":{"allow":["GET"]}}],"collection":[{"href":"https:\/\/lalmachine.com\/de\/wp-json\/wp\/v2\/pages"}],"about":[{"href":"https:\/\/lalmachine.com\/de\/wp-json\/wp\/v2\/types\/page"}],"author":[{"embeddable":true,"href":"https:\/\/lalmachine.com\/de\/wp-json\/wp\/v2\/users\/1"}],"replies":[{"embeddable":true,"href":"https:\/\/lalmachine.com\/de\/wp-json\/wp\/v2\/comments?post=1230"}],"version-history":[{"count":3,"href":"https:\/\/lalmachine.com\/de\/wp-json\/wp\/v2\/pages\/1230\/revisions"}],"predecessor-version":[{"id":324912,"href":"https:\/\/lalmachine.com\/de\/wp-json\/wp\/v2\/pages\/1230\/revisions\/324912"}],"wp:attachment":[{"href":"https:\/\/lalmachine.com\/de\/wp-json\/wp\/v2\/media?parent=1230"}],"curies":[{"name":"wp","href":"https:\/\/api.w.org\/{rel}","templated":true}]}}