{"id":280,"date":"2018-01-07T23:10:36","date_gmt":"2018-01-07T22:10:36","guid":{"rendered":"http:\/\/lalmachine.com\/?page_id=280"},"modified":"2026-03-18T15:40:32","modified_gmt":"2026-03-18T14:40:32","slug":"meubles-vintage-design-brocante-en-ligne","status":"publish","type":"page","link":"https:\/\/lalmachine.com\/de\/","title":{"rendered":"L&rsquo;Alma Chine"},"content":{"rendered":"<p>[et_pb_section fb_built=\u00a0\u00bb1&Prime; _builder_version=\u00a0\u00bb4.16&Prime; custom_padding=\u00a0\u00bb0|0px|45.9375px|0px|false|false\u00a0\u00bb global_colors_info=\u00a0\u00bb{}\u00a0\u00bb][et_pb_row column_structure=\u00a0\u00bb1_2,1_2&Prime; _builder_version=\u00a0\u00bb4.16&Prime; custom_padding=\u00a0\u00bb3px||5px|||\u00a0\u00bb global_colors_info=\u00a0\u00bb{}\u00a0\u00bb][et_pb_column type=\u00a0\u00bb1_2&Prime; _builder_version=\u00a0\u00bb4.16&Prime; custom_padding=\u00a0\u00bb|||\u00a0\u00bb global_colors_info=\u00a0\u00bb{}\u00a0\u00bb custom_padding__hover=\u00a0\u00bb|||\u00a0\u00bb][et_pb_image src=\u00a0\u00bbhttps:\/\/lalmachine.com\/wp-content\/uploads\/2026\/03\/Chinez_vendez_page_accueil-1.png\u00a0\u00bb alt=\u00a0\u00bbbrocante en ligne\u00a0\u00bb title_text=\u00a0\u00bbChinez_vendez_page_accueil (1)\u00a0\u00bb url=\u00a0\u00bbhttps:\/\/lalmachine.com\/shop\u00a0\u00bb align_tablet=\u00a0\u00bbcenter\u00a0\u00bb align_phone=\u00a0\u00bb\u00a0\u00bb align_last_edited=\u00a0\u00bbon|desktop\u00a0\u00bb _builder_version=\u00a0\u00bb4.27.6&Prime; custom_margin=\u00a0\u00bb||-16px|||\u00a0\u00bb custom_padding=\u00a0\u00bb||0px|||\u00a0\u00bb hover_enabled=\u00a0\u00bb0&Prime; global_colors_info=\u00a0\u00bb{}\u00a0\u00bb sticky_enabled=\u00a0\u00bb0&Prime;][\/et_pb_image][\/et_pb_column][et_pb_column type=\u00a0\u00bb1_2&Prime; _builder_version=\u00a0\u00bb4.16&Prime; custom_padding=\u00a0\u00bb|||\u00a0\u00bb global_colors_info=\u00a0\u00bb{}\u00a0\u00bb custom_padding__hover=\u00a0\u00bb|||\u00a0\u00bb][et_pb_shop type=\u00a0\u00bbproduct_category\u00a0\u00bb posts_number=\u00a0\u00bb4&Prime; include_categories=\u00a0\u00bb325&Prime; columns_number=\u00a0\u00bb2&Prime; orderby=\u00a0\u00bbmenu_order\u00a0\u00bb icon_hover_color=\u00a0\u00bb#ffffff\u00a0\u00bb hover_overlay_color=\u00a0\u00bbrgba(0,0,0,0)\u00a0\u00bb hover_icon=\u00a0\u00bb&#x24;||divi||400&Prime; _builder_version=\u00a0\u00bb4.16&Prime; title_font=\u00a0\u00bbArial||||||||\u00a0\u00bb custom_padding=\u00a0\u00bb||0px|||\u00a0\u00bb global_colors_info=\u00a0\u00bb{}\u00a0\u00bb][\/et_pb_shop][\/et_pb_column][\/et_pb_row][et_pb_row _builder_version=\u00a0\u00bb4.16&Prime; custom_margin=\u00a0\u00bb-11px|auto||auto||\u00a0\u00bb global_colors_info=\u00a0\u00bb{}\u00a0\u00bb][et_pb_column type=\u00a0\u00bb4_4&Prime; _builder_version=\u00a0\u00bb4.16&Prime; global_colors_info=\u00a0\u00bb{}\u00a0\u00bb][et_pb_button button_url=\u00a0\u00bbhttps:\/\/lalmachine.com\/shop\/\u00a0\u00bb button_text=\u00a0\u00bbToutes les nouveaut\u00e9s sont par ici !\u00a0\u00bb button_alignment=\u00a0\u00bbcenter\u00a0\u00bb _builder_version=\u00a0\u00bb4.16&Prime; custom_button=\u00a0\u00bbon\u00a0\u00bb button_text_color=\u00a0\u00bb#FFFFFF\u00a0\u00bb button_bg_color=\u00a0\u00bb#000000&Prime; button_border_radius=\u00a0\u00bb0px\u00a0\u00bb button_font=\u00a0\u00bb||||||||\u00a0\u00bb button_use_icon=\u00a0\u00bboff\u00a0\u00bb custom_margin=\u00a0\u00bb||40px|||\u00a0\u00bb custom_padding=\u00a0\u00bb||5px|||\u00a0\u00bb global_colors_info=\u00a0\u00bb{}\u00a0\u00bb][\/et_pb_button][\/et_pb_column][\/et_pb_row][et_pb_row _builder_version=\u00a0\u00bb4.16&Prime; min_height=\u00a0\u00bb717px\u00a0\u00bb custom_margin=\u00a0\u00bb1px|auto||auto||\u00a0\u00bb custom_margin_tablet=\u00a0\u00bb\u00a0\u00bb custom_margin_phone=\u00a0\u00bb\u00a0\u00bb custom_margin_last_edited=\u00a0\u00bbon|phone\u00a0\u00bb custom_padding=\u00a0\u00bb30px|0px|48px|0px|false|false\u00a0\u00bb global_colors_info=\u00a0\u00bb{}\u00a0\u00bb][et_pb_column type=\u00a0\u00bb4_4&Prime; _builder_version=\u00a0\u00bb4.16&Prime; custom_padding=\u00a0\u00bb0px|||0px\u00a0\u00bb global_colors_info=\u00a0\u00bb{}\u00a0\u00bb custom_padding__hover=\u00a0\u00bb|||\u00a0\u00bb][et_pb_shop type=\u00a0\u00bbproduct_category\u00a0\u00bb include_categories=\u00a0\u00bb337&Prime; icon_hover_color=\u00a0\u00bb#ffffff\u00a0\u00bb hover_overlay_color=\u00a0\u00bbrgba(0,0,0,0)\u00a0\u00bb hover_icon=\u00a0\u00bb&#x24;||divi||400&Prime; _builder_version=\u00a0\u00bb4.23.1&Prime; title_font=\u00a0\u00bbArial||||||||\u00a0\u00bb title_text_color=\u00a0\u00bb#000000&Prime; price_font=\u00a0\u00bbArial||||||||\u00a0\u00bb price_text_color=\u00a0\u00bb#000000&Prime; custom_padding=\u00a0\u00bb|||2px||\u00a0\u00bb global_colors_info=\u00a0\u00bb{}\u00a0\u00bb][\/et_pb_shop][et_pb_button button_url=\u00a0\u00bbhttps:\/\/lalmachine.com\/shop\/\u00a0\u00bb button_text=\u00a0\u00bbVoir tous les produits\u00a0\u00bb button_alignment=\u00a0\u00bbcenter\u00a0\u00bb _builder_version=\u00a0\u00bb4.22.1&Prime; custom_button=\u00a0\u00bbon\u00a0\u00bb button_text_color=\u00a0\u00bb#FFFFFF\u00a0\u00bb button_bg_color=\u00a0\u00bb#000000&Prime; button_border_radius=\u00a0\u00bb0px\u00a0\u00bb global_colors_info=\u00a0\u00bb{}\u00a0\u00bb][\/et_pb_button][\/et_pb_column][\/et_pb_row][et_pb_row _builder_version=\u00a0\u00bb4.17.4&Prime; _module_preset=\u00a0\u00bbdefault\u00a0\u00bb custom_margin=\u00a0\u00bb0px|auto||auto|false|false\u00a0\u00bb custom_margin_tablet=\u00a0\u00bb0px|auto||auto|false|false\u00a0\u00bb custom_margin_phone=\u00a0\u00bb0px|auto||auto|false|false\u00a0\u00bb custom_margin_last_edited=\u00a0\u00bbon|phone\u00a0\u00bb global_colors_info=\u00a0\u00bb{}\u00a0\u00bb][et_pb_column type=\u00a0\u00bb4_4&Prime; _builder_version=\u00a0\u00bb4.17.1&Prime; _module_preset=\u00a0\u00bbdefault\u00a0\u00bb global_colors_info=\u00a0\u00bb{}\u00a0\u00bb][et_pb_text _builder_version=\u00a0\u00bb4.22.1&Prime; _module_preset=\u00a0\u00bbdefault\u00a0\u00bb text_font=\u00a0\u00bbLeague Spartan|900|||||||\u00a0\u00bb text_font_size=\u00a0\u00bb27px\u00a0\u00bb text_line_height=\u00a0\u00bb1em\u00a0\u00bb global_colors_info=\u00a0\u00bb{}\u00a0\u00bb]<\/p>\n<p style=\"text-align: center;\"><strong>Pour voir les nouveaut\u00e9s ou les bons plans, inscris-toi \u00e0 la newsletter !<\/strong><\/p>\n<p>[\/et_pb_text][et_pb_code _builder_version=\u00a0\u00bb4.17.1&Prime; _module_preset=\u00a0\u00bbdefault\u00a0\u00bb width=\u00a0\u00bb50%\u00a0\u00bb width_tablet=\u00a0\u00bb50%\u00a0\u00bb width_phone=\u00a0\u00bb100%\u00a0\u00bb width_last_edited=\u00a0\u00bbon|phone\u00a0\u00bb max_width=\u00a0\u00bb100%\u00a0\u00bb max_width_tablet=\u00a0\u00bb100%\u00a0\u00bb max_width_phone=\u00a0\u00bb100%\u00a0\u00bb max_width_last_edited=\u00a0\u00bbon|desktop\u00a0\u00bb module_alignment=\u00a0\u00bbcenter\u00a0\u00bb custom_padding=\u00a0\u00bb0px||||false|false\u00a0\u00bb global_colors_info=\u00a0\u00bb{}\u00a0\u00bb]<\/p>\n<form method=\"post\" action=\"https:\/\/newsletter.infomaniak.com\/external\/submit\" class=\"inf-form\" target=\"_blank\"><input type=\"email\" name=\"email\" style=\"display:none\" \/><input type=\"hidden\" name=\"key\" value=\"eyJpdiI6IkF6OTBjN29xN2tVODZUZEE1Q1dSU0ZVQnpYSUNmbGdkblZjZ21tWGdaNTA9IiwidmFsdWUiOiJUbU9INEVKV0JsR1ZGRTJoemxHUmxzNXpZSitwZlY2ZmlvanVEdHZTdXQ0PSIsIm1hYyI6ImVlMDkwZWVmM2U1NjU4MjllMGVmZDY0NDg1OTFmMWZiNTMwMDBmZjQwYzQ5OGUyODZlNzVkYzNhZDIxZjg3ZjcifQ==\"><input type=\"hidden\" name=\"webform_id\" value=\"12118\"><\/p>\n<style> .inf-main_5407aabf833278d35792a23092982caa{ background-color:#FFFFFF; padding:25px 20px; margin:25px auto; } .inf-main_5407aabf833278d35792a23092982caa .inf-content { margin-top:13px;} .inf-main_5407aabf833278d35792a23092982caa h4, .inf-main_5407aabf833278d35792a23092982caa span, .inf-main_5407aabf833278d35792a23092982caa label, .inf-main_5407aabf833278d35792a23092982caa input, .inf-main_5407aabf833278d35792a23092982caa .inf-submit, .inf-main_5407aabf833278d35792a23092982caa .inf-success p a { color:#555; font-size:14px; } .inf-main_5407aabf833278d35792a23092982caa h4{ font-size:18px; margin:0px 0px 13px 0px; } .inf-main_5407aabf833278d35792a23092982caa h4, .inf-main_5407aabf833278d35792a23092982caa label{ font-weight:bold; } .inf-main_5407aabf833278d35792a23092982caa .inf-input { margin-bottom:7px; } .inf-main_5407aabf833278d35792a23092982caa label { display:block;} .inf-main_5407aabf833278d35792a23092982caa input{ height:35px; color:#999999; border: 1px solid #E9E9E9; padding-left:7px; } .inf-main_5407aabf833278d35792a23092982caa .inf-input.inf-error label, .inf-main_5407aabf833278d35792a23092982caa .inf-input.inf-error span.inf-message{ color: #cc0033; } .inf-main_5407aabf833278d35792a23092982caa .inf-input.inf-error input{ border: 1px solid #cc0033; } .inf-main_5407aabf833278d35792a23092982caa .inf-input input { width:100%;} .inf-main_5407aabf833278d35792a23092982caa .inf-input.inf-error span.inf-message { display: block; } .inf-main_5407aabf833278d35792a23092982caa .inf-submit { text-align:right;} .inf-main_5407aabf833278d35792a23092982caa .inf-submit input{ background-color:#2C4348; color:#ffffff; border:none; font-weight: normal; height:auto; padding:7px; } .inf-main_5407aabf833278d35792a23092982caa .inf-submit input.disabled{ opacity: 0.4; } .inf-btn { color: rgb(85, 85, 85); border: medium none; font-weight: normal; height: auto; padding: 7px; display: inline-block; background-color: white; box-shadow: 0px 1px 1px rgba(0, 0, 0, 0.24); border-radius: 2px; line-height: 1em; } .inf-rgpd { margin:25px 0px 15px 0px; color:#555; } <\/style>\n<div class=\"inf-main_5407aabf833278d35792a23092982caa\">\n<h4><\/h4>\n<p> <span><\/span> <\/p>\n<div class=\"inf-success\" style=\"display:none\">\n<h4>Votre inscription a \u00e9t\u00e9 enregistr\u00e9e avec succ\u00e8s !<\/h4>\n<pee> <a href=\"#\" class=\"inf-btn\">\u00ab<\/a> <\/pee> <\/div>\n<div class=\"inf-content\">\n<div class=\"inf-input inf-input-text\"> <input type=\"text\" name=\"inf[1]\" data-inf-meta = \"1\" data-inf-error = \"Merci de renseigner une adresse email\" required=\"required\" placeholder=\"Email\" > <\/div>\n<div class=\"inf-input inf-input-text\"> <input type=\"text\" name=\"inf[40700]\" data-inf-meta = \"40700\" data-inf-error = \"Merci de renseigner ce champ\" required=\"required\" placeholder=\"Langue FR \/ DE\" > <\/div>\n<div class=\"inf-submit\"> <input type=\"submit\" name=\"\" value=\"OK\"> <\/div>\n<\/p><\/div>\n<\/p><\/div>\n<\/p><\/form>\n<p>[\/et_pb_code][\/et_pb_column][\/et_pb_row][et_pb_row column_structure=\u00a0\u00bb1_5,1_5,1_5,1_5,1_5&Prime; make_equal=\u00a0\u00bbon\u00a0\u00bb _builder_version=\u00a0\u00bb4.16&Prime; width_tablet=\u00a0\u00bb\u00a0\u00bb width_phone=\u00a0\u00bb\u00a0\u00bb width_last_edited=\u00a0\u00bbon|desktop\u00a0\u00bb global_colors_info=\u00a0\u00bb{}\u00a0\u00bb][et_pb_column type=\u00a0\u00bb1_5&Prime; _builder_version=\u00a0\u00bb4.16&Prime; custom_padding=\u00a0\u00bb|||\u00a0\u00bb global_colors_info=\u00a0\u00bb{}\u00a0\u00bb custom_padding__hover=\u00a0\u00bb|||\u00a0\u00bb][et_pb_text _builder_version=\u00a0\u00bb4.16&Prime; text_font=\u00a0\u00bbArial||||||||\u00a0\u00bb min_height=\u00a0\u00bb50px\u00a0\u00bb custom_padding=\u00a0\u00bb||0px|||\u00a0\u00bb border_width_bottom=\u00a0\u00bb1px\u00a0\u00bb global_colors_info=\u00a0\u00bb{}\u00a0\u00bb]<\/p>\n<h3 style=\"text-align: center;\"><span style=\"color: #333333;\">Confiance<\/span><\/h3>\n<p>[\/et_pb_text][et_pb_text _builder_version=\u00a0\u00bb4.16&Prime; global_colors_info=\u00a0\u00bb{}\u00a0\u00bb]<\/p>\n<p style=\"text-align: center;\">Produits s\u00e9lectionn\u00e9s pour assurer la qualit\u00e9 et l&rsquo;originalit\u00e9.<\/p>\n<p>[\/et_pb_text][\/et_pb_column][et_pb_column type=\u00a0\u00bb1_5&Prime; _builder_version=\u00a0\u00bb4.16&Prime; custom_padding=\u00a0\u00bb|||\u00a0\u00bb global_colors_info=\u00a0\u00bb{}\u00a0\u00bb custom_padding__hover=\u00a0\u00bb|||\u00a0\u00bb][et_pb_text _builder_version=\u00a0\u00bb4.16&Prime; text_font=\u00a0\u00bbArial||||||||\u00a0\u00bb min_height=\u00a0\u00bb50px\u00a0\u00bb custom_padding=\u00a0\u00bb||0px|||\u00a0\u00bb border_width_bottom=\u00a0\u00bb1px\u00a0\u00bb global_colors_info=\u00a0\u00bb{}\u00a0\u00bb]<\/p>\n<h3 style=\"text-align: center;\">Paiement<br \/> 100% s\u00e9curis\u00e9<\/h3>\n<p>[\/et_pb_text][et_pb_text _builder_version=\u00a0\u00bb4.16&Prime; custom_padding=\u00a0\u00bb0px|||||\u00a0\u00bb global_colors_info=\u00a0\u00bb{}\u00a0\u00bb]<\/p>\n<p style=\"text-align: center;\">R\u00e9glez en toute s\u00e9curit\u00e9.<\/p>\n<p>[\/et_pb_text][\/et_pb_column][et_pb_column type=\u00a0\u00bb1_5&Prime; _builder_version=\u00a0\u00bb4.16&Prime; custom_padding=\u00a0\u00bb|||\u00a0\u00bb global_colors_info=\u00a0\u00bb{}\u00a0\u00bb custom_padding__hover=\u00a0\u00bb|||\u00a0\u00bb][et_pb_text _builder_version=\u00a0\u00bb4.16&Prime; text_font=\u00a0\u00bbAbril Fatface||||||||\u00a0\u00bb min_height=\u00a0\u00bb50px\u00a0\u00bb custom_margin=\u00a0\u00bb||17px|||\u00a0\u00bb border_width_bottom=\u00a0\u00bb1px\u00a0\u00bb global_colors_info=\u00a0\u00bb{}\u00a0\u00bb]<\/p>\n<h3 style=\"text-align: center;\">Support<\/h3>\n<p>[\/et_pb_text][et_pb_text _builder_version=\u00a0\u00bb4.16&Prime; global_colors_info=\u00a0\u00bb{}\u00a0\u00bb]<\/p>\n<p style=\"text-align: center;\">Contactez-nous, nous sommes l\u00e0 pour vous.<\/p>\n<p>[\/et_pb_text][\/et_pb_column][et_pb_column type=\u00a0\u00bb1_5&Prime; _builder_version=\u00a0\u00bb4.16&Prime; custom_padding=\u00a0\u00bb|||\u00a0\u00bb global_colors_info=\u00a0\u00bb{}\u00a0\u00bb custom_padding__hover=\u00a0\u00bb|||\u00a0\u00bb][et_pb_text _builder_version=\u00a0\u00bb4.16&Prime; text_font=\u00a0\u00bbArial||||||||\u00a0\u00bb min_height=\u00a0\u00bb50px\u00a0\u00bb border_width_bottom=\u00a0\u00bb1px\u00a0\u00bb global_colors_info=\u00a0\u00bb{}\u00a0\u00bb]<\/p>\n<h3 style=\"text-align: center;\">Satisfait ou rembours\u00e9<\/h3>\n<p>[\/et_pb_text][et_pb_text _builder_version=\u00a0\u00bb4.16&Prime; text_font=\u00a0\u00bbArial||||||||\u00a0\u00bb global_colors_info=\u00a0\u00bb{}\u00a0\u00bb]<\/p>\n<p style=\"text-align: center;\">14 jours pour changer d&rsquo;avis.<\/p>\n<p>[\/et_pb_text][\/et_pb_column][et_pb_column type=\u00a0\u00bb1_5&Prime; _builder_version=\u00a0\u00bb4.16&Prime; custom_padding=\u00a0\u00bb|||\u00a0\u00bb global_colors_info=\u00a0\u00bb{}\u00a0\u00bb custom_padding__hover=\u00a0\u00bb|||\u00a0\u00bb][et_pb_text _builder_version=\u00a0\u00bb4.16&Prime; text_font=\u00a0\u00bbArial||||||||\u00a0\u00bb min_height=\u00a0\u00bb50px\u00a0\u00bb border_width_bottom=\u00a0\u00bb1px\u00a0\u00bb global_colors_info=\u00a0\u00bb{}\u00a0\u00bb]<\/p>\n<h3 style=\"text-align: center;\">\u00c9conomie circulaire<\/h3>\n<p>[\/et_pb_text][et_pb_text _builder_version=\u00a0\u00bb4.16&Prime; text_font=\u00a0\u00bbArial||||||||\u00a0\u00bb global_colors_info=\u00a0\u00bb{}\u00a0\u00bb]<\/p>\n<p style=\"text-align: center;\">Donnez une nouvelle vie aux objets et consommez durablement.<\/p>\n<p>[\/et_pb_text][\/et_pb_column][\/et_pb_row][\/et_pb_section]<\/p>\n","protected":false},"excerpt":{"rendered":"<p>Site de brocante en ligne pour chiner et vendre du mobilier et de la d\u00e9co vintage et design d&rsquo;occasion en Suisse.<\/p>","protected":false},"author":1,"featured_media":279915,"parent":0,"menu_order":0,"comment_status":"closed","ping_status":"closed","template":"","meta":{"_et_pb_use_builder":"on","_et_pb_old_content":"","_et_gb_content_width":"","footnotes":""},"class_list":["post-280","page","type-page","status-publish","has-post-thumbnail","hentry"],"yoast_head":"<!-- This site is optimized with the Yoast SEO plugin v27.4 - https:\/\/yoast.com\/product\/yoast-seo-wordpress\/ -->\n<title>lalmachine.com | Meubles vintage et design<\/title>\n<meta name=\"description\" content=\"Site de brocante en ligne pour chiner et vendre du mobilier et de la d\u00e9co vintage et design d&#039;occasion en Suisse.\" \/>\n<meta name=\"robots\" content=\"index, follow, max-snippet:-1, max-image-preview:large, max-video-preview:-1\" \/>\n<link rel=\"canonical\" href=\"https:\/\/lalmachine.com\/de\/\" \/>\n<meta property=\"og:locale\" content=\"de_DE\" \/>\n<meta property=\"og:type\" content=\"article\" \/>\n<meta property=\"og:title\" content=\"lalmachine.com | Meubles vintage et design\" \/>\n<meta property=\"og:description\" content=\"Site de brocante en ligne pour chiner et vendre du mobilier et de la d\u00e9co vintage et design d&#039;occasion en Suisse.\" \/>\n<meta property=\"og:url\" content=\"https:\/\/lalmachine.com\/de\/\" \/>\n<meta property=\"og:site_name\" content=\"lalmachine.com\" \/>\n<meta property=\"article:publisher\" content=\"https:\/\/facebook.com\/lalmachine\" \/>\n<meta property=\"article:modified_time\" content=\"2026-03-18T14:40:32+00:00\" \/>\n<meta property=\"og:image\" content=\"https:\/\/lalmachine.com\/wp-content\/uploads\/2022\/07\/IMG20220713105245_clipped_rev_1-1-9f061512-scaled.jpeg\" \/>\n\t<meta property=\"og:image:width\" content=\"2560\" \/>\n\t<meta property=\"og:image:height\" content=\"2560\" \/>\n\t<meta property=\"og:image:type\" content=\"image\/jpeg\" \/>\n<meta name=\"twitter:card\" content=\"summary_large_image\" \/>\n<meta name=\"twitter:label1\" content=\"Gesch\u00e4tzte Lesezeit\" \/>\n\t<meta name=\"twitter:data1\" content=\"2\u00a0Minuten\" \/>\n<script type=\"application\/ld+json\" class=\"yoast-schema-graph\">{\"@context\":\"https:\\\/\\\/schema.org\",\"@graph\":[{\"@type\":\"WebPage\",\"@id\":\"https:\\\/\\\/lalmachine.com\\\/\",\"url\":\"https:\\\/\\\/lalmachine.com\\\/\",\"name\":\"lalmachine.com | Meubles vintage et design\",\"isPartOf\":{\"@id\":\"https:\\\/\\\/lalmachine.com\\\/#website\"},\"primaryImageOfPage\":{\"@id\":\"https:\\\/\\\/lalmachine.com\\\/#primaryimage\"},\"image\":{\"@id\":\"https:\\\/\\\/lalmachine.com\\\/#primaryimage\"},\"thumbnailUrl\":\"https:\\\/\\\/lalmachine.com\\\/wp-content\\\/uploads\\\/2022\\\/07\\\/IMG20220713105245_clipped_rev_1-1-9f061512-scaled.jpeg\",\"datePublished\":\"2018-01-07T22:10:36+00:00\",\"dateModified\":\"2026-03-18T14:40:32+00:00\",\"description\":\"Site de brocante en ligne pour chiner et vendre du mobilier et de la d\u00e9co vintage et design d'occasion en Suisse.\",\"breadcrumb\":{\"@id\":\"https:\\\/\\\/lalmachine.com\\\/#breadcrumb\"},\"inLanguage\":\"de\",\"potentialAction\":[{\"@type\":\"ReadAction\",\"target\":[\"https:\\\/\\\/lalmachine.com\\\/\"]}]},{\"@type\":\"ImageObject\",\"inLanguage\":\"de\",\"@id\":\"https:\\\/\\\/lalmachine.com\\\/#primaryimage\",\"url\":\"https:\\\/\\\/lalmachine.com\\\/wp-content\\\/uploads\\\/2022\\\/07\\\/IMG20220713105245_clipped_rev_1-1-9f061512-scaled.jpeg\",\"contentUrl\":\"https:\\\/\\\/lalmachine.com\\\/wp-content\\\/uploads\\\/2022\\\/07\\\/IMG20220713105245_clipped_rev_1-1-9f061512-scaled.jpeg\",\"width\":2560,\"height\":2560,\"caption\":\"Togo brocante en ligne suisse\"},{\"@type\":\"BreadcrumbList\",\"@id\":\"https:\\\/\\\/lalmachine.com\\\/#breadcrumb\",\"itemListElement\":[{\"@type\":\"ListItem\",\"position\":1,\"name\":\"Accueil\",\"item\":\"https:\\\/\\\/lalmachine.com\\\/\"},{\"@type\":\"ListItem\",\"position\":2,\"name\":\"L&#8217;Alma Chine\"}]},{\"@type\":\"WebSite\",\"@id\":\"https:\\\/\\\/lalmachine.com\\\/#website\",\"url\":\"https:\\\/\\\/lalmachine.com\\\/\",\"name\":\"lalmachine.com\",\"description\":\"Brocante en ligne Suisse | Mobilier et objets d\u00e9co vintage et design\",\"potentialAction\":[{\"@type\":\"SearchAction\",\"target\":{\"@type\":\"EntryPoint\",\"urlTemplate\":\"https:\\\/\\\/lalmachine.com\\\/?s={search_term_string}\"},\"query-input\":{\"@type\":\"PropertyValueSpecification\",\"valueRequired\":true,\"valueName\":\"search_term_string\"}}],\"inLanguage\":\"de\"}]}<\/script>\n<!-- \/ Yoast SEO plugin. -->","yoast_head_json":{"title":"lalmachine.com | Meubles vintage et design","description":"Site de brocante en ligne pour chiner et vendre du mobilier et de la d\u00e9co vintage et design d'occasion en Suisse.","robots":{"index":"index","follow":"follow","max-snippet":"max-snippet:-1","max-image-preview":"max-image-preview:large","max-video-preview":"max-video-preview:-1"},"canonical":"https:\/\/lalmachine.com\/de\/","og_locale":"de_DE","og_type":"article","og_title":"lalmachine.com | Meubles vintage et design","og_description":"Site de brocante en ligne pour chiner et vendre du mobilier et de la d\u00e9co vintage et design d'occasion en Suisse.","og_url":"https:\/\/lalmachine.com\/de\/","og_site_name":"lalmachine.com","article_publisher":"https:\/\/facebook.com\/lalmachine","article_modified_time":"2026-03-18T14:40:32+00:00","og_image":[{"width":2560,"height":2560,"url":"https:\/\/lalmachine.com\/wp-content\/uploads\/2022\/07\/IMG20220713105245_clipped_rev_1-1-9f061512-scaled.jpeg","type":"image\/jpeg"}],"twitter_card":"summary_large_image","twitter_misc":{"Gesch\u00e4tzte Lesezeit":"2\u00a0Minuten"},"schema":{"@context":"https:\/\/schema.org","@graph":[{"@type":"WebPage","@id":"https:\/\/lalmachine.com\/","url":"https:\/\/lalmachine.com\/","name":"lalmachine.com | Meubles vintage et design","isPartOf":{"@id":"https:\/\/lalmachine.com\/#website"},"primaryImageOfPage":{"@id":"https:\/\/lalmachine.com\/#primaryimage"},"image":{"@id":"https:\/\/lalmachine.com\/#primaryimage"},"thumbnailUrl":"https:\/\/lalmachine.com\/wp-content\/uploads\/2022\/07\/IMG20220713105245_clipped_rev_1-1-9f061512-scaled.jpeg","datePublished":"2018-01-07T22:10:36+00:00","dateModified":"2026-03-18T14:40:32+00:00","description":"Site de brocante en ligne pour chiner et vendre du mobilier et de la d\u00e9co vintage et design d'occasion en Suisse.","breadcrumb":{"@id":"https:\/\/lalmachine.com\/#breadcrumb"},"inLanguage":"de","potentialAction":[{"@type":"ReadAction","target":["https:\/\/lalmachine.com\/"]}]},{"@type":"ImageObject","inLanguage":"de","@id":"https:\/\/lalmachine.com\/#primaryimage","url":"https:\/\/lalmachine.com\/wp-content\/uploads\/2022\/07\/IMG20220713105245_clipped_rev_1-1-9f061512-scaled.jpeg","contentUrl":"https:\/\/lalmachine.com\/wp-content\/uploads\/2022\/07\/IMG20220713105245_clipped_rev_1-1-9f061512-scaled.jpeg","width":2560,"height":2560,"caption":"Togo brocante en ligne suisse"},{"@type":"BreadcrumbList","@id":"https:\/\/lalmachine.com\/#breadcrumb","itemListElement":[{"@type":"ListItem","position":1,"name":"Accueil","item":"https:\/\/lalmachine.com\/"},{"@type":"ListItem","position":2,"name":"L&#8217;Alma Chine"}]},{"@type":"WebSite","@id":"https:\/\/lalmachine.com\/#website","url":"https:\/\/lalmachine.com\/","name":"lalmachine.com","description":"Brocante en ligne Suisse | Mobilier et objets d\u00e9co vintage et design","potentialAction":[{"@type":"SearchAction","target":{"@type":"EntryPoint","urlTemplate":"https:\/\/lalmachine.com\/?s={search_term_string}"},"query-input":{"@type":"PropertyValueSpecification","valueRequired":true,"valueName":"search_term_string"}}],"inLanguage":"de"}]}},"_links":{"self":[{"href":"https:\/\/lalmachine.com\/de\/wp-json\/wp\/v2\/pages\/280","targetHints":{"allow":["GET"]}}],"collection":[{"href":"https:\/\/lalmachine.com\/de\/wp-json\/wp\/v2\/pages"}],"about":[{"href":"https:\/\/lalmachine.com\/de\/wp-json\/wp\/v2\/types\/page"}],"author":[{"embeddable":true,"href":"https:\/\/lalmachine.com\/de\/wp-json\/wp\/v2\/users\/1"}],"replies":[{"embeddable":true,"href":"https:\/\/lalmachine.com\/de\/wp-json\/wp\/v2\/comments?post=280"}],"version-history":[{"count":114,"href":"https:\/\/lalmachine.com\/de\/wp-json\/wp\/v2\/pages\/280\/revisions"}],"predecessor-version":[{"id":358006,"href":"https:\/\/lalmachine.com\/de\/wp-json\/wp\/v2\/pages\/280\/revisions\/358006"}],"wp:featuredmedia":[{"embeddable":true,"href":"https:\/\/lalmachine.com\/de\/wp-json\/wp\/v2\/media\/279915"}],"wp:attachment":[{"href":"https:\/\/lalmachine.com\/de\/wp-json\/wp\/v2\/media?parent=280"}],"curies":[{"name":"wp","href":"https:\/\/api.w.org\/{rel}","templated":true}]}}