{"id":3358,"date":"2019-03-04T20:19:33","date_gmt":"2019-03-04T19:19:33","guid":{"rendered":"https:\/\/lalmachine.com\/?page_id=3358"},"modified":"2022-07-19T15:42:50","modified_gmt":"2022-07-19T13:42:50","slug":"lit","status":"publish","type":"page","link":"https:\/\/lalmachine.com\/de\/shop\/meubler\/lit\/","title":{"rendered":"Lit &#038; t\u00eate de lit"},"content":{"rendered":"\n[et_pb_section fb_built=&#8221;1&#8243; _builder_version=&#8221;3.22.3&#8243;][et_pb_row _builder_version=&#8221;3.22.3&#8243;][et_pb_column type=&#8221;4_4&#8243; _builder_version=&#8221;3.18.8&#8243;][et_pb_shop type=&#8221;product_category&#8221; posts_number=&#8221;60&#8243; include_categories=&#8221;84&#8243; icon_hover_color=&#8221;#ffffff&#8221; hover_overlay_color=&#8221;rgba(0,0,0,0)&#8221; hover_icon=&#8221;%%3%%&#8221; _builder_version=&#8221;3.22.4&#8243; title_font=&#8221;Arial||||||||&#8221; show_pagination=&#8221;on&#8221;][\/et_pb_shop][\/et_pb_column][\/et_pb_row][\/et_pb_section]\n","protected":false},"excerpt":{"rendered":"<p>Chinez et vendez votre lit et votre t\u00eate de lit vintage et design pour une ou deux personnes, en m\u00e9tal, en bois ou en rotin.<\/p>","protected":false},"author":1,"featured_media":279984,"parent":347,"menu_order":0,"comment_status":"closed","ping_status":"closed","template":"","meta":{"_et_pb_use_builder":"on","_et_pb_old_content":"<!-- wp:divi\/placeholder \/-->","_et_gb_content_width":"","footnotes":""},"class_list":["post-3358","page","type-page","status-publish","has-post-thumbnail","hentry"],"yoast_head":"<!-- This site is optimized with the Yoast SEO plugin v27.4 - https:\/\/yoast.com\/product\/yoast-seo-wordpress\/ -->\n<title>Lit &amp; t\u00eate de lit vintage et design | lalmachine.com<\/title>\n<meta name=\"description\" content=\"Chinez et vendez votre lit et votre t\u00eate de lit vintage et design pour une ou deux personnes, en m\u00e9tal, en bois ou en rotin.\" \/>\n<meta name=\"robots\" content=\"index, follow, max-snippet:-1, max-image-preview:large, max-video-preview:-1\" \/>\n<link rel=\"canonical\" href=\"https:\/\/lalmachine.com\/de\/shop\/meubler\/lit\/\" \/>\n<meta property=\"og:locale\" content=\"de_DE\" \/>\n<meta property=\"og:type\" content=\"article\" \/>\n<meta property=\"og:title\" content=\"Lit &amp; t\u00eate de lit vintage et design | lalmachine.com\" \/>\n<meta property=\"og:description\" content=\"Chinez et vendez votre lit et votre t\u00eate de lit vintage et design pour une ou deux personnes, en m\u00e9tal, en bois ou en rotin.\" \/>\n<meta property=\"og:url\" content=\"https:\/\/lalmachine.com\/de\/shop\/meubler\/lit\/\" \/>\n<meta property=\"og:site_name\" content=\"lalmachine.com\" \/>\n<meta property=\"article:publisher\" content=\"https:\/\/facebook.com\/lalmachine\" \/>\n<meta property=\"article:modified_time\" content=\"2022-07-19T13:42:50+00:00\" \/>\n<meta property=\"og:image\" content=\"https:\/\/lalmachine.com\/wp-content\/uploads\/2022\/07\/Lit_tete_lit_vintage_design.webp\" \/>\n\t<meta property=\"og:image:width\" content=\"2312\" \/>\n\t<meta property=\"og:image:height\" content=\"2311\" \/>\n\t<meta property=\"og:image:type\" content=\"image\/webp\" \/>\n<meta name=\"twitter:card\" content=\"summary_large_image\" \/>\n<script type=\"application\/ld+json\" class=\"yoast-schema-graph\">{\"@context\":\"https:\\\/\\\/schema.org\",\"@graph\":[{\"@type\":\"WebPage\",\"@id\":\"https:\\\/\\\/lalmachine.com\\\/shop\\\/meubler\\\/lit\\\/\",\"url\":\"https:\\\/\\\/lalmachine.com\\\/shop\\\/meubler\\\/lit\\\/\",\"name\":\"Lit & t\u00eate de lit vintage et design | lalmachine.com\",\"isPartOf\":{\"@id\":\"https:\\\/\\\/lalmachine.com\\\/#website\"},\"primaryImageOfPage\":{\"@id\":\"https:\\\/\\\/lalmachine.com\\\/shop\\\/meubler\\\/lit\\\/#primaryimage\"},\"image\":{\"@id\":\"https:\\\/\\\/lalmachine.com\\\/shop\\\/meubler\\\/lit\\\/#primaryimage\"},\"thumbnailUrl\":\"https:\\\/\\\/lalmachine.com\\\/wp-content\\\/uploads\\\/2022\\\/07\\\/Lit_tete_lit_vintage_design.webp\",\"datePublished\":\"2019-03-04T19:19:33+00:00\",\"dateModified\":\"2022-07-19T13:42:50+00:00\",\"description\":\"Chinez et vendez votre lit et votre t\u00eate de lit vintage et design pour une ou deux personnes, en m\u00e9tal, en bois ou en rotin.\",\"breadcrumb\":{\"@id\":\"https:\\\/\\\/lalmachine.com\\\/shop\\\/meubler\\\/lit\\\/#breadcrumb\"},\"inLanguage\":\"de\",\"potentialAction\":[{\"@type\":\"ReadAction\",\"target\":[\"https:\\\/\\\/lalmachine.com\\\/shop\\\/meubler\\\/lit\\\/\"]}]},{\"@type\":\"ImageObject\",\"inLanguage\":\"de\",\"@id\":\"https:\\\/\\\/lalmachine.com\\\/shop\\\/meubler\\\/lit\\\/#primaryimage\",\"url\":\"https:\\\/\\\/lalmachine.com\\\/wp-content\\\/uploads\\\/2022\\\/07\\\/Lit_tete_lit_vintage_design.webp\",\"contentUrl\":\"https:\\\/\\\/lalmachine.com\\\/wp-content\\\/uploads\\\/2022\\\/07\\\/Lit_tete_lit_vintage_design.webp\",\"width\":2312,\"height\":2311,\"caption\":\"Lit t\u00eate de lit vintage et design\"},{\"@type\":\"BreadcrumbList\",\"@id\":\"https:\\\/\\\/lalmachine.com\\\/shop\\\/meubler\\\/lit\\\/#breadcrumb\",\"itemListElement\":[{\"@type\":\"ListItem\",\"position\":1,\"name\":\"Accueil\",\"item\":\"https:\\\/\\\/lalmachine.com\\\/\"},{\"@type\":\"ListItem\",\"position\":2,\"name\":\"Shop\",\"item\":\"https:\\\/\\\/lalmachine.com\\\/shop\\\/\"},{\"@type\":\"ListItem\",\"position\":3,\"name\":\"Meubler\",\"item\":\"https:\\\/\\\/lalmachine.com\\\/shop\\\/meubler\\\/\"},{\"@type\":\"ListItem\",\"position\":4,\"name\":\"Lit &#038; t\u00eate de lit\"}]},{\"@type\":\"WebSite\",\"@id\":\"https:\\\/\\\/lalmachine.com\\\/#website\",\"url\":\"https:\\\/\\\/lalmachine.com\\\/\",\"name\":\"lalmachine.com\",\"description\":\"Brocante en ligne Suisse | Mobilier et objets d\u00e9co vintage et design\",\"potentialAction\":[{\"@type\":\"SearchAction\",\"target\":{\"@type\":\"EntryPoint\",\"urlTemplate\":\"https:\\\/\\\/lalmachine.com\\\/?s={search_term_string}\"},\"query-input\":{\"@type\":\"PropertyValueSpecification\",\"valueRequired\":true,\"valueName\":\"search_term_string\"}}],\"inLanguage\":\"de\"}]}<\/script>\n<!-- \/ Yoast SEO plugin. -->","yoast_head_json":{"title":"Lit & t\u00eate de lit vintage et design | lalmachine.com","description":"Chinez et vendez votre lit et votre t\u00eate de lit vintage et design pour une ou deux personnes, en m\u00e9tal, en bois ou en rotin.","robots":{"index":"index","follow":"follow","max-snippet":"max-snippet:-1","max-image-preview":"max-image-preview:large","max-video-preview":"max-video-preview:-1"},"canonical":"https:\/\/lalmachine.com\/de\/shop\/meubler\/lit\/","og_locale":"de_DE","og_type":"article","og_title":"Lit & t\u00eate de lit vintage et design | lalmachine.com","og_description":"Chinez et vendez votre lit et votre t\u00eate de lit vintage et design pour une ou deux personnes, en m\u00e9tal, en bois ou en rotin.","og_url":"https:\/\/lalmachine.com\/de\/shop\/meubler\/lit\/","og_site_name":"lalmachine.com","article_publisher":"https:\/\/facebook.com\/lalmachine","article_modified_time":"2022-07-19T13:42:50+00:00","og_image":[{"width":2312,"height":2311,"url":"https:\/\/lalmachine.com\/wp-content\/uploads\/2022\/07\/Lit_tete_lit_vintage_design.webp","type":"image\/webp"}],"twitter_card":"summary_large_image","schema":{"@context":"https:\/\/schema.org","@graph":[{"@type":"WebPage","@id":"https:\/\/lalmachine.com\/shop\/meubler\/lit\/","url":"https:\/\/lalmachine.com\/shop\/meubler\/lit\/","name":"Lit & t\u00eate de lit vintage et design | lalmachine.com","isPartOf":{"@id":"https:\/\/lalmachine.com\/#website"},"primaryImageOfPage":{"@id":"https:\/\/lalmachine.com\/shop\/meubler\/lit\/#primaryimage"},"image":{"@id":"https:\/\/lalmachine.com\/shop\/meubler\/lit\/#primaryimage"},"thumbnailUrl":"https:\/\/lalmachine.com\/wp-content\/uploads\/2022\/07\/Lit_tete_lit_vintage_design.webp","datePublished":"2019-03-04T19:19:33+00:00","dateModified":"2022-07-19T13:42:50+00:00","description":"Chinez et vendez votre lit et votre t\u00eate de lit vintage et design pour une ou deux personnes, en m\u00e9tal, en bois ou en rotin.","breadcrumb":{"@id":"https:\/\/lalmachine.com\/shop\/meubler\/lit\/#breadcrumb"},"inLanguage":"de","potentialAction":[{"@type":"ReadAction","target":["https:\/\/lalmachine.com\/shop\/meubler\/lit\/"]}]},{"@type":"ImageObject","inLanguage":"de","@id":"https:\/\/lalmachine.com\/shop\/meubler\/lit\/#primaryimage","url":"https:\/\/lalmachine.com\/wp-content\/uploads\/2022\/07\/Lit_tete_lit_vintage_design.webp","contentUrl":"https:\/\/lalmachine.com\/wp-content\/uploads\/2022\/07\/Lit_tete_lit_vintage_design.webp","width":2312,"height":2311,"caption":"Lit t\u00eate de lit vintage et design"},{"@type":"BreadcrumbList","@id":"https:\/\/lalmachine.com\/shop\/meubler\/lit\/#breadcrumb","itemListElement":[{"@type":"ListItem","position":1,"name":"Accueil","item":"https:\/\/lalmachine.com\/"},{"@type":"ListItem","position":2,"name":"Shop","item":"https:\/\/lalmachine.com\/shop\/"},{"@type":"ListItem","position":3,"name":"Meubler","item":"https:\/\/lalmachine.com\/shop\/meubler\/"},{"@type":"ListItem","position":4,"name":"Lit &#038; t\u00eate de lit"}]},{"@type":"WebSite","@id":"https:\/\/lalmachine.com\/#website","url":"https:\/\/lalmachine.com\/","name":"lalmachine.com","description":"Brocante en ligne Suisse | Mobilier et objets d\u00e9co vintage et design","potentialAction":[{"@type":"SearchAction","target":{"@type":"EntryPoint","urlTemplate":"https:\/\/lalmachine.com\/?s={search_term_string}"},"query-input":{"@type":"PropertyValueSpecification","valueRequired":true,"valueName":"search_term_string"}}],"inLanguage":"de"}]}},"_links":{"self":[{"href":"https:\/\/lalmachine.com\/de\/wp-json\/wp\/v2\/pages\/3358","targetHints":{"allow":["GET"]}}],"collection":[{"href":"https:\/\/lalmachine.com\/de\/wp-json\/wp\/v2\/pages"}],"about":[{"href":"https:\/\/lalmachine.com\/de\/wp-json\/wp\/v2\/types\/page"}],"author":[{"embeddable":true,"href":"https:\/\/lalmachine.com\/de\/wp-json\/wp\/v2\/users\/1"}],"replies":[{"embeddable":true,"href":"https:\/\/lalmachine.com\/de\/wp-json\/wp\/v2\/comments?post=3358"}],"version-history":[{"count":2,"href":"https:\/\/lalmachine.com\/de\/wp-json\/wp\/v2\/pages\/3358\/revisions"}],"predecessor-version":[{"id":279986,"href":"https:\/\/lalmachine.com\/de\/wp-json\/wp\/v2\/pages\/3358\/revisions\/279986"}],"up":[{"embeddable":true,"href":"https:\/\/lalmachine.com\/de\/wp-json\/wp\/v2\/pages\/347"}],"wp:featuredmedia":[{"embeddable":true,"href":"https:\/\/lalmachine.com\/de\/wp-json\/wp\/v2\/media\/279984"}],"wp:attachment":[{"href":"https:\/\/lalmachine.com\/de\/wp-json\/wp\/v2\/media?parent=3358"}],"curies":[{"name":"wp","href":"https:\/\/api.w.org\/{rel}","templated":true}]}}