{"id":17220,"date":"2023-10-25T16:27:16","date_gmt":"2023-10-25T14:27:16","guid":{"rendered":"https:\/\/lalmachine.com\/?post_type=product&#038;p=17220"},"modified":"2024-12-05T21:50:33","modified_gmt":"2024-12-05T20:50:33","slug":"statuette-de-maternite","status":"publish","type":"product","link":"https:\/\/lalmachine.com\/de\/shop\/decorer\/decoration\/statuette-de-maternite\/","title":{"rendered":"Statuette de maternit\u00e9"},"content":{"rendered":"<ul class=\"wpuf_customs\"><li style=\"list-style-type:none;\"><label>Autres photos:<\/label> <a href=\"https:\/\/lalmachine.com\/wp-content\/uploads\/2020\/04\/IMG_4617-scaled.jpg\"><img loading=\"lazy\" decoding=\"async\" width=\"96\" height=\"96\" src=\"https:\/\/lalmachine.com\/wp-content\/uploads\/2020\/04\/IMG_4617-150x150.jpg\" class=\"attachment-thumbnail size-thumbnail\" alt=\"\" srcset=\"https:\/\/lalmachine.com\/wp-content\/uploads\/2020\/04\/IMG_4617-150x150.jpg 150w, https:\/\/lalmachine.com\/wp-content\/uploads\/2020\/04\/IMG_4617-scaled-300x300.jpg 300w, https:\/\/lalmachine.com\/wp-content\/uploads\/2020\/04\/IMG_4617-scaled-100x100.jpg 100w\" sizes=\"(max-width: 96px) 100vw, 96px\" \/><\/a> <a href=\"https:\/\/lalmachine.com\/wp-content\/uploads\/2020\/04\/IMG_4618-scaled.jpg\"><img loading=\"lazy\" decoding=\"async\" width=\"96\" height=\"96\" src=\"https:\/\/lalmachine.com\/wp-content\/uploads\/2020\/04\/IMG_4618-150x150.jpg\" class=\"attachment-thumbnail size-thumbnail\" alt=\"\" srcset=\"https:\/\/lalmachine.com\/wp-content\/uploads\/2020\/04\/IMG_4618-150x150.jpg 150w, https:\/\/lalmachine.com\/wp-content\/uploads\/2020\/04\/IMG_4618-scaled-300x300.jpg 300w, https:\/\/lalmachine.com\/wp-content\/uploads\/2020\/04\/IMG_4618-scaled-100x100.jpg 100w\" sizes=\"(max-width: 96px) 100vw, 96px\" \/><\/a> <a href=\"https:\/\/lalmachine.com\/wp-content\/uploads\/2020\/04\/IMG_4621-scaled.jpg\"><img loading=\"lazy\" decoding=\"async\" width=\"96\" height=\"96\" src=\"https:\/\/lalmachine.com\/wp-content\/uploads\/2020\/04\/IMG_4621-150x150.jpg\" class=\"attachment-thumbnail size-thumbnail\" alt=\"\" srcset=\"https:\/\/lalmachine.com\/wp-content\/uploads\/2020\/04\/IMG_4621-150x150.jpg 150w, https:\/\/lalmachine.com\/wp-content\/uploads\/2020\/04\/IMG_4621-scaled-300x300.jpg 300w, https:\/\/lalmachine.com\/wp-content\/uploads\/2020\/04\/IMG_4621-scaled-100x100.jpg 100w\" sizes=\"(max-width: 96px) 100vw, 96px\" \/><\/a> <a href=\"https:\/\/lalmachine.com\/wp-content\/uploads\/2020\/04\/IMG_4622-scaled.jpg\"><img loading=\"lazy\" decoding=\"async\" width=\"96\" height=\"96\" src=\"https:\/\/lalmachine.com\/wp-content\/uploads\/2020\/04\/IMG_4622-150x150.jpg\" class=\"attachment-thumbnail size-thumbnail\" alt=\"\" srcset=\"https:\/\/lalmachine.com\/wp-content\/uploads\/2020\/04\/IMG_4622-150x150.jpg 150w, https:\/\/lalmachine.com\/wp-content\/uploads\/2020\/04\/IMG_4622-scaled-300x300.jpg 300w, https:\/\/lalmachine.com\/wp-content\/uploads\/2020\/04\/IMG_4622-scaled-100x100.jpg 100w\" sizes=\"(max-width: 96px) 100vw, 96px\" \/><\/a> <a href=\"https:\/\/lalmachine.com\/wp-content\/uploads\/2020\/04\/IMG_E4616-scaled.jpg\"><img loading=\"lazy\" decoding=\"async\" width=\"96\" height=\"96\" src=\"https:\/\/lalmachine.com\/wp-content\/uploads\/2020\/04\/IMG_E4616-150x150.jpg\" class=\"attachment-thumbnail size-thumbnail\" alt=\"\" srcset=\"https:\/\/lalmachine.com\/wp-content\/uploads\/2020\/04\/IMG_E4616-150x150.jpg 150w, https:\/\/lalmachine.com\/wp-content\/uploads\/2020\/04\/IMG_E4616-scaled-300x300.jpg 300w, https:\/\/lalmachine.com\/wp-content\/uploads\/2020\/04\/IMG_E4616-scaled-100x100.jpg 100w\" sizes=\"(max-width: 96px) 100vw, 96px\" \/><\/a> <a href=\"https:\/\/lalmachine.com\/wp-content\/uploads\/2020\/04\/IMG_E4619-scaled.jpg\"><img loading=\"lazy\" decoding=\"async\" width=\"96\" height=\"96\" src=\"https:\/\/lalmachine.com\/wp-content\/uploads\/2020\/04\/IMG_E4619-150x150.jpg\" class=\"attachment-thumbnail size-thumbnail\" alt=\"\" srcset=\"https:\/\/lalmachine.com\/wp-content\/uploads\/2020\/04\/IMG_E4619-150x150.jpg 150w, https:\/\/lalmachine.com\/wp-content\/uploads\/2020\/04\/IMG_E4619-scaled-300x300.jpg 300w, https:\/\/lalmachine.com\/wp-content\/uploads\/2020\/04\/IMG_E4619-scaled-100x100.jpg 100w\" sizes=\"(max-width: 96px) 100vw, 96px\" \/><\/a> <a href=\"https:\/\/lalmachine.com\/wp-content\/uploads\/2020\/04\/IMG_E4620-scaled.jpg\"><img loading=\"lazy\" decoding=\"async\" width=\"96\" height=\"96\" src=\"https:\/\/lalmachine.com\/wp-content\/uploads\/2020\/04\/IMG_E4620-150x150.jpg\" class=\"attachment-thumbnail size-thumbnail\" alt=\"\" srcset=\"https:\/\/lalmachine.com\/wp-content\/uploads\/2020\/04\/IMG_E4620-150x150.jpg 150w, https:\/\/lalmachine.com\/wp-content\/uploads\/2020\/04\/IMG_E4620-scaled-300x300.jpg 300w, https:\/\/lalmachine.com\/wp-content\/uploads\/2020\/04\/IMG_E4620-scaled-100x100.jpg 100w\" sizes=\"(max-width: 96px) 100vw, 96px\" \/><\/a> <a href=\"https:\/\/lalmachine.com\/wp-content\/uploads\/2020\/04\/Capture.png\"><img loading=\"lazy\" decoding=\"async\" width=\"96\" height=\"96\" src=\"https:\/\/lalmachine.com\/wp-content\/uploads\/2020\/04\/Capture-150x150.png\" class=\"attachment-thumbnail size-thumbnail\" alt=\"\" \/><\/a> <\/li>        <li class=\"wpuf-field-data wpuf-field-data-numeric_text_field\">\n                            <label>Prix:<\/label>\n                        40        <\/li>\n                <li class=\"wpuf-field-data wpuf-field-data-numeric_text_field\">\n                            <label>Quantit\u00e9:<\/label>\n                        0        <\/li>\n                <li class=\"wpuf-field-data wpuf-field-data-numeric_text_field\">\n                            <label>Hauteur (cm):<\/label>\n                        39        <\/li>\n                <li class=\"wpuf-field-data wpuf-field-data-numeric_text_field\">\n                            <label>Largeur (cm):<\/label>\n                        9        <\/li>\n                <li class=\"wpuf-field-data wpuf-field-data-numeric_text_field\">\n                            <label>Profondeur (cm):<\/label>\n                        5        <\/li>\n        <\/ul>","protected":false},"excerpt":{"rendered":"<p>Jolie statuette de maternit\u00e9 &#8211; art Africain. R\u00e9alis\u00e9e en bois taill\u00e9 \u00e0 la main, puis peinte en noir avec ce qu&rsquo;il semble des mati\u00e8res naturelles, la teinte propose une magnifique patine ! Origine inconnue, l&rsquo;objet \u00e9tant artisanal, les irr\u00e9gularit\u00e9 font son charme\u00a0 D&rsquo;autres statuettes disponible sur mon profil !<\/p>","protected":false},"featured_media":17274,"template":"","meta":{"_et_pb_use_builder":"","_et_pb_old_content":"","_et_gb_content_width":""},"product_brand":[],"product_cat":[94,50],"product_tag":[],"proximite":[180],"class_list":{"0":"post-17220","1":"product","2":"type-product","3":"status-publish","4":"has-post-thumbnail","6":"product_cat-decoration","7":"product_cat-decorer","8":"product_shipping_class-2-10-kg","9":"pa_couleur-noir","10":"pa_designer-autres-designers","11":"pa_etat-tres-bon-etat","12":"pa_materiau-bois","13":"pa_style-ethnique","14":"proximite-geneve","16":"first","17":"outofstock","18":"shipping-taxable","19":"purchasable","20":"product-type-simple"},"yoast_head":"<!-- This site is optimized with the Yoast SEO plugin v27.3 - https:\/\/yoast.com\/product\/yoast-seo-wordpress\/ -->\n<title>Statuette de maternit\u00e9 | lalmachine.com, mobilier et objets d\u00e9co vintage et design<\/title>\n<meta name=\"description\" content=\"Jolie statuette de maternit\u00e9 - art Africain. R\u00e9alis\u00e9e en bois taill\u00e9 \u00e0 la main, puis peinte en noir avec ce qu&#039;il semble des mati\u00e8res naturelles, la teinte propose une magnifique patine ! Origine inconnue, l&#039;objet \u00e9tant artisanal, les irr\u00e9gularit\u00e9 font son charme\u00a0 D&#039;autres statuettes disponible sur mon profil !\" \/>\n<meta name=\"robots\" content=\"index, follow, max-snippet:-1, max-image-preview:large, max-video-preview:-1\" \/>\n<link rel=\"canonical\" href=\"https:\/\/lalmachine.com\/de\/shop\/decorer\/decoration\/statuette-de-maternite\/\" \/>\n<meta property=\"og:locale\" content=\"de_DE\" \/>\n<meta property=\"og:type\" content=\"article\" \/>\n<meta property=\"og:title\" content=\"Statuette de maternit\u00e9 | lalmachine.com, mobilier et objets d\u00e9co vintage et design\" \/>\n<meta property=\"og:description\" content=\"Jolie statuette de maternit\u00e9 - art Africain. R\u00e9alis\u00e9e en bois taill\u00e9 \u00e0 la main, puis peinte en noir avec ce qu&#039;il semble des mati\u00e8res naturelles, la teinte propose une magnifique patine ! Origine inconnue, l&#039;objet \u00e9tant artisanal, les irr\u00e9gularit\u00e9 font son charme\u00a0 D&#039;autres statuettes disponible sur mon profil !\" \/>\n<meta property=\"og:url\" content=\"https:\/\/lalmachine.com\/de\/shop\/decorer\/decoration\/statuette-de-maternite\/\" \/>\n<meta property=\"og:site_name\" content=\"lalmachine.com\" \/>\n<meta property=\"article:publisher\" content=\"https:\/\/facebook.com\/lalmachine\" \/>\n<meta property=\"article:modified_time\" content=\"2024-12-05T20:50:33+00:00\" \/>\n<meta property=\"og:image\" content=\"https:\/\/lalmachine.com\/wp-content\/uploads\/2020\/04\/IMG_E4615-scaled_clipped_rev_1.jpg\" \/>\n\t<meta property=\"og:image:width\" content=\"2546\" \/>\n\t<meta property=\"og:image:height\" content=\"2546\" \/>\n\t<meta property=\"og:image:type\" content=\"image\/jpeg\" \/>\n<meta name=\"twitter:card\" content=\"summary_large_image\" \/>\n<script type=\"application\/ld+json\" class=\"yoast-schema-graph\">{\"@context\":\"https:\\\/\\\/schema.org\",\"@graph\":[{\"@type\":\"WebPage\",\"@id\":\"https:\\\/\\\/lalmachine.com\\\/shop\\\/decorer\\\/decoration\\\/statuette-de-maternite\\\/\",\"url\":\"https:\\\/\\\/lalmachine.com\\\/shop\\\/decorer\\\/decoration\\\/statuette-de-maternite\\\/\",\"name\":\"Statuette de maternit\u00e9 | lalmachine.com, mobilier et objets d\u00e9co vintage et design\",\"isPartOf\":{\"@id\":\"https:\\\/\\\/lalmachine.com\\\/#website\"},\"primaryImageOfPage\":{\"@id\":\"https:\\\/\\\/lalmachine.com\\\/shop\\\/decorer\\\/decoration\\\/statuette-de-maternite\\\/#primaryimage\"},\"image\":{\"@id\":\"https:\\\/\\\/lalmachine.com\\\/shop\\\/decorer\\\/decoration\\\/statuette-de-maternite\\\/#primaryimage\"},\"thumbnailUrl\":\"https:\\\/\\\/lalmachine.com\\\/wp-content\\\/uploads\\\/2020\\\/04\\\/IMG_E4615-scaled_clipped_rev_1.jpg\",\"datePublished\":\"2023-10-25T14:27:16+00:00\",\"dateModified\":\"2024-12-05T20:50:33+00:00\",\"description\":\"Jolie statuette de maternit\u00e9 - art Africain. R\u00e9alis\u00e9e en bois taill\u00e9 \u00e0 la main, puis peinte en noir avec ce qu'il semble des mati\u00e8res naturelles, la teinte propose une magnifique patine ! Origine inconnue, l'objet \u00e9tant artisanal, les irr\u00e9gularit\u00e9 font son charme\u00a0 D'autres statuettes disponible sur mon profil !\",\"breadcrumb\":{\"@id\":\"https:\\\/\\\/lalmachine.com\\\/shop\\\/decorer\\\/decoration\\\/statuette-de-maternite\\\/#breadcrumb\"},\"inLanguage\":\"de\",\"potentialAction\":[{\"@type\":\"ReadAction\",\"target\":[\"https:\\\/\\\/lalmachine.com\\\/shop\\\/decorer\\\/decoration\\\/statuette-de-maternite\\\/\"]}]},{\"@type\":\"ImageObject\",\"inLanguage\":\"de\",\"@id\":\"https:\\\/\\\/lalmachine.com\\\/shop\\\/decorer\\\/decoration\\\/statuette-de-maternite\\\/#primaryimage\",\"url\":\"https:\\\/\\\/lalmachine.com\\\/wp-content\\\/uploads\\\/2020\\\/04\\\/IMG_E4615-scaled_clipped_rev_1.jpg\",\"contentUrl\":\"https:\\\/\\\/lalmachine.com\\\/wp-content\\\/uploads\\\/2020\\\/04\\\/IMG_E4615-scaled_clipped_rev_1.jpg\",\"width\":2546,\"height\":2546},{\"@type\":\"BreadcrumbList\",\"@id\":\"https:\\\/\\\/lalmachine.com\\\/shop\\\/decorer\\\/decoration\\\/statuette-de-maternite\\\/#breadcrumb\",\"itemListElement\":[{\"@type\":\"ListItem\",\"position\":1,\"name\":\"Accueil\",\"item\":\"https:\\\/\\\/lalmachine.com\\\/\"},{\"@type\":\"ListItem\",\"position\":2,\"name\":\"Shop\",\"item\":\"https:\\\/\\\/lalmachine.com\\\/shop\\\/\"},{\"@type\":\"ListItem\",\"position\":3,\"name\":\"Statuette de maternit\u00e9\"}]},{\"@type\":\"WebSite\",\"@id\":\"https:\\\/\\\/lalmachine.com\\\/#website\",\"url\":\"https:\\\/\\\/lalmachine.com\\\/\",\"name\":\"lalmachine.com\",\"description\":\"Brocante en ligne Suisse | Mobilier et objets d\u00e9co vintage et design\",\"potentialAction\":[{\"@type\":\"SearchAction\",\"target\":{\"@type\":\"EntryPoint\",\"urlTemplate\":\"https:\\\/\\\/lalmachine.com\\\/?s={search_term_string}\"},\"query-input\":{\"@type\":\"PropertyValueSpecification\",\"valueRequired\":true,\"valueName\":\"search_term_string\"}}],\"inLanguage\":\"de\"}]}<\/script>\n<!-- \/ Yoast SEO plugin. -->","yoast_head_json":{"title":"Statuette de maternit\u00e9 | lalmachine.com, mobilier et objets d\u00e9co vintage et design","description":"Jolie statuette de maternit\u00e9 - art Africain. R\u00e9alis\u00e9e en bois taill\u00e9 \u00e0 la main, puis peinte en noir avec ce qu'il semble des mati\u00e8res naturelles, la teinte propose une magnifique patine ! Origine inconnue, l'objet \u00e9tant artisanal, les irr\u00e9gularit\u00e9 font son charme\u00a0 D'autres statuettes disponible sur mon profil !","robots":{"index":"index","follow":"follow","max-snippet":"max-snippet:-1","max-image-preview":"max-image-preview:large","max-video-preview":"max-video-preview:-1"},"canonical":"https:\/\/lalmachine.com\/de\/shop\/decorer\/decoration\/statuette-de-maternite\/","og_locale":"de_DE","og_type":"article","og_title":"Statuette de maternit\u00e9 | lalmachine.com, mobilier et objets d\u00e9co vintage et design","og_description":"Jolie statuette de maternit\u00e9 - art Africain. R\u00e9alis\u00e9e en bois taill\u00e9 \u00e0 la main, puis peinte en noir avec ce qu'il semble des mati\u00e8res naturelles, la teinte propose une magnifique patine ! Origine inconnue, l'objet \u00e9tant artisanal, les irr\u00e9gularit\u00e9 font son charme\u00a0 D'autres statuettes disponible sur mon profil !","og_url":"https:\/\/lalmachine.com\/de\/shop\/decorer\/decoration\/statuette-de-maternite\/","og_site_name":"lalmachine.com","article_publisher":"https:\/\/facebook.com\/lalmachine","article_modified_time":"2024-12-05T20:50:33+00:00","og_image":[{"width":2546,"height":2546,"url":"https:\/\/lalmachine.com\/wp-content\/uploads\/2020\/04\/IMG_E4615-scaled_clipped_rev_1.jpg","type":"image\/jpeg"}],"twitter_card":"summary_large_image","schema":{"@context":"https:\/\/schema.org","@graph":[{"@type":"WebPage","@id":"https:\/\/lalmachine.com\/shop\/decorer\/decoration\/statuette-de-maternite\/","url":"https:\/\/lalmachine.com\/shop\/decorer\/decoration\/statuette-de-maternite\/","name":"Statuette de maternit\u00e9 | lalmachine.com, mobilier et objets d\u00e9co vintage et design","isPartOf":{"@id":"https:\/\/lalmachine.com\/#website"},"primaryImageOfPage":{"@id":"https:\/\/lalmachine.com\/shop\/decorer\/decoration\/statuette-de-maternite\/#primaryimage"},"image":{"@id":"https:\/\/lalmachine.com\/shop\/decorer\/decoration\/statuette-de-maternite\/#primaryimage"},"thumbnailUrl":"https:\/\/lalmachine.com\/wp-content\/uploads\/2020\/04\/IMG_E4615-scaled_clipped_rev_1.jpg","datePublished":"2023-10-25T14:27:16+00:00","dateModified":"2024-12-05T20:50:33+00:00","description":"Jolie statuette de maternit\u00e9 - art Africain. R\u00e9alis\u00e9e en bois taill\u00e9 \u00e0 la main, puis peinte en noir avec ce qu'il semble des mati\u00e8res naturelles, la teinte propose une magnifique patine ! Origine inconnue, l'objet \u00e9tant artisanal, les irr\u00e9gularit\u00e9 font son charme\u00a0 D'autres statuettes disponible sur mon profil !","breadcrumb":{"@id":"https:\/\/lalmachine.com\/shop\/decorer\/decoration\/statuette-de-maternite\/#breadcrumb"},"inLanguage":"de","potentialAction":[{"@type":"ReadAction","target":["https:\/\/lalmachine.com\/shop\/decorer\/decoration\/statuette-de-maternite\/"]}]},{"@type":"ImageObject","inLanguage":"de","@id":"https:\/\/lalmachine.com\/shop\/decorer\/decoration\/statuette-de-maternite\/#primaryimage","url":"https:\/\/lalmachine.com\/wp-content\/uploads\/2020\/04\/IMG_E4615-scaled_clipped_rev_1.jpg","contentUrl":"https:\/\/lalmachine.com\/wp-content\/uploads\/2020\/04\/IMG_E4615-scaled_clipped_rev_1.jpg","width":2546,"height":2546},{"@type":"BreadcrumbList","@id":"https:\/\/lalmachine.com\/shop\/decorer\/decoration\/statuette-de-maternite\/#breadcrumb","itemListElement":[{"@type":"ListItem","position":1,"name":"Accueil","item":"https:\/\/lalmachine.com\/"},{"@type":"ListItem","position":2,"name":"Shop","item":"https:\/\/lalmachine.com\/shop\/"},{"@type":"ListItem","position":3,"name":"Statuette de maternit\u00e9"}]},{"@type":"WebSite","@id":"https:\/\/lalmachine.com\/#website","url":"https:\/\/lalmachine.com\/","name":"lalmachine.com","description":"Brocante en ligne Suisse | Mobilier et objets d\u00e9co vintage et design","potentialAction":[{"@type":"SearchAction","target":{"@type":"EntryPoint","urlTemplate":"https:\/\/lalmachine.com\/?s={search_term_string}"},"query-input":{"@type":"PropertyValueSpecification","valueRequired":true,"valueName":"search_term_string"}}],"inLanguage":"de"}]}},"_links":{"self":[{"href":"https:\/\/lalmachine.com\/de\/wp-json\/wp\/v2\/product\/17220","targetHints":{"allow":["GET"]}}],"collection":[{"href":"https:\/\/lalmachine.com\/de\/wp-json\/wp\/v2\/product"}],"about":[{"href":"https:\/\/lalmachine.com\/de\/wp-json\/wp\/v2\/types\/product"}],"wp:featuredmedia":[{"embeddable":true,"href":"https:\/\/lalmachine.com\/de\/wp-json\/wp\/v2\/media\/17274"}],"wp:attachment":[{"href":"https:\/\/lalmachine.com\/de\/wp-json\/wp\/v2\/media?parent=17220"}],"wp:term":[{"taxonomy":"product_brand","embeddable":true,"href":"https:\/\/lalmachine.com\/de\/wp-json\/wp\/v2\/product_brand?post=17220"},{"taxonomy":"product_cat","embeddable":true,"href":"https:\/\/lalmachine.com\/de\/wp-json\/wp\/v2\/product_cat?post=17220"},{"taxonomy":"product_tag","embeddable":true,"href":"https:\/\/lalmachine.com\/de\/wp-json\/wp\/v2\/product_tag?post=17220"},{"taxonomy":"proximite","embeddable":true,"href":"https:\/\/lalmachine.com\/de\/wp-json\/wp\/v2\/proximite?post=17220"}],"curies":[{"name":"wp","href":"https:\/\/api.w.org\/{rel}","templated":true}]}}