{"id":18840,"date":"2020-05-20T11:37:14","date_gmt":"2020-05-20T09:37:14","guid":{"rendered":"https:\/\/lalmachine.com\/?post_type=product&#038;p=18840"},"modified":"2024-12-05T21:50:34","modified_gmt":"2024-12-05T20:50:34","slug":"fauteuil-pouf","status":"publish","type":"product","link":"https:\/\/lalmachine.com\/de\/shop\/sasseoir\/canape-fauteuil-pouf\/fauteuil-pouf\/","title":{"rendered":"Fauteuil \/ pouf"},"content":{"rendered":"<ul class=\"wpuf_customs\"><li style=\"list-style-type:none;\"><label>Autres photos:<\/label> <a href=\"https:\/\/lalmachine.com\/wp-content\/uploads\/2020\/05\/E2E197E8-164B-4E24-B45F-7CF62FEF54E3-scaled.jpeg\"><img loading=\"lazy\" decoding=\"async\" width=\"96\" height=\"96\" src=\"https:\/\/lalmachine.com\/wp-content\/uploads\/2020\/05\/E2E197E8-164B-4E24-B45F-7CF62FEF54E3-150x150.jpeg\" class=\"attachment-thumbnail size-thumbnail\" alt=\"\" srcset=\"https:\/\/lalmachine.com\/wp-content\/uploads\/2020\/05\/E2E197E8-164B-4E24-B45F-7CF62FEF54E3-150x150.jpeg 150w, https:\/\/lalmachine.com\/wp-content\/uploads\/2020\/05\/E2E197E8-164B-4E24-B45F-7CF62FEF54E3-scaled-300x300.jpeg 300w, https:\/\/lalmachine.com\/wp-content\/uploads\/2020\/05\/E2E197E8-164B-4E24-B45F-7CF62FEF54E3-scaled-100x100.jpeg 100w\" sizes=\"(max-width: 96px) 100vw, 96px\" \/><\/a> <a href=\"https:\/\/lalmachine.com\/wp-content\/uploads\/2020\/05\/1D0994DC-0D43-4BE5-BF21-8F1413B03741-scaled.jpeg\"><img loading=\"lazy\" decoding=\"async\" width=\"96\" height=\"96\" src=\"https:\/\/lalmachine.com\/wp-content\/uploads\/2020\/05\/1D0994DC-0D43-4BE5-BF21-8F1413B03741-150x150.jpeg\" class=\"attachment-thumbnail size-thumbnail\" alt=\"\" srcset=\"https:\/\/lalmachine.com\/wp-content\/uploads\/2020\/05\/1D0994DC-0D43-4BE5-BF21-8F1413B03741-150x150.jpeg 150w, https:\/\/lalmachine.com\/wp-content\/uploads\/2020\/05\/1D0994DC-0D43-4BE5-BF21-8F1413B03741-scaled-300x300.jpeg 300w, https:\/\/lalmachine.com\/wp-content\/uploads\/2020\/05\/1D0994DC-0D43-4BE5-BF21-8F1413B03741-scaled-100x100.jpeg 100w\" sizes=\"(max-width: 96px) 100vw, 96px\" \/><\/a> <a href=\"https:\/\/lalmachine.com\/wp-content\/uploads\/2020\/05\/30B61958-1415-4693-91C1-B5962DCE306F-scaled.jpeg\"><img loading=\"lazy\" decoding=\"async\" width=\"96\" height=\"96\" src=\"https:\/\/lalmachine.com\/wp-content\/uploads\/2020\/05\/30B61958-1415-4693-91C1-B5962DCE306F-150x150.jpeg\" class=\"attachment-thumbnail size-thumbnail\" alt=\"\" srcset=\"https:\/\/lalmachine.com\/wp-content\/uploads\/2020\/05\/30B61958-1415-4693-91C1-B5962DCE306F-150x150.jpeg 150w, https:\/\/lalmachine.com\/wp-content\/uploads\/2020\/05\/30B61958-1415-4693-91C1-B5962DCE306F-scaled-300x300.jpeg 300w, https:\/\/lalmachine.com\/wp-content\/uploads\/2020\/05\/30B61958-1415-4693-91C1-B5962DCE306F-scaled-100x100.jpeg 100w\" sizes=\"(max-width: 96px) 100vw, 96px\" \/><\/a> <a href=\"https:\/\/lalmachine.com\/wp-content\/uploads\/2020\/05\/4EC72356-D07E-4A75-8296-DBCF2FC3E788-scaled.jpeg\"><img loading=\"lazy\" decoding=\"async\" width=\"96\" height=\"96\" src=\"https:\/\/lalmachine.com\/wp-content\/uploads\/2020\/05\/4EC72356-D07E-4A75-8296-DBCF2FC3E788-150x150.jpeg\" class=\"attachment-thumbnail size-thumbnail\" alt=\"\" srcset=\"https:\/\/lalmachine.com\/wp-content\/uploads\/2020\/05\/4EC72356-D07E-4A75-8296-DBCF2FC3E788-150x150.jpeg 150w, https:\/\/lalmachine.com\/wp-content\/uploads\/2020\/05\/4EC72356-D07E-4A75-8296-DBCF2FC3E788-scaled-300x300.jpeg 300w, https:\/\/lalmachine.com\/wp-content\/uploads\/2020\/05\/4EC72356-D07E-4A75-8296-DBCF2FC3E788-scaled-100x100.jpeg 100w\" sizes=\"(max-width: 96px) 100vw, 96px\" \/><\/a> <a href=\"https:\/\/lalmachine.com\/wp-content\/uploads\/2020\/05\/91ECA30C-3ACF-4306-92CB-42A24E7D4B7E-scaled.jpeg\"><img loading=\"lazy\" decoding=\"async\" width=\"96\" height=\"96\" src=\"https:\/\/lalmachine.com\/wp-content\/uploads\/2020\/05\/91ECA30C-3ACF-4306-92CB-42A24E7D4B7E-150x150.jpeg\" class=\"attachment-thumbnail size-thumbnail\" alt=\"\" srcset=\"https:\/\/lalmachine.com\/wp-content\/uploads\/2020\/05\/91ECA30C-3ACF-4306-92CB-42A24E7D4B7E-150x150.jpeg 150w, https:\/\/lalmachine.com\/wp-content\/uploads\/2020\/05\/91ECA30C-3ACF-4306-92CB-42A24E7D4B7E-scaled-300x300.jpeg 300w, https:\/\/lalmachine.com\/wp-content\/uploads\/2020\/05\/91ECA30C-3ACF-4306-92CB-42A24E7D4B7E-scaled-100x100.jpeg 100w\" sizes=\"(max-width: 96px) 100vw, 96px\" \/><\/a> <a href=\"https:\/\/lalmachine.com\/wp-content\/uploads\/2020\/05\/73A5144E-1D9D-4D9F-821F-A45B6EBBC65E-scaled.jpeg\"><img loading=\"lazy\" decoding=\"async\" width=\"96\" height=\"96\" src=\"https:\/\/lalmachine.com\/wp-content\/uploads\/2020\/05\/73A5144E-1D9D-4D9F-821F-A45B6EBBC65E-150x150.jpeg\" class=\"attachment-thumbnail size-thumbnail\" alt=\"\" srcset=\"https:\/\/lalmachine.com\/wp-content\/uploads\/2020\/05\/73A5144E-1D9D-4D9F-821F-A45B6EBBC65E-150x150.jpeg 150w, https:\/\/lalmachine.com\/wp-content\/uploads\/2020\/05\/73A5144E-1D9D-4D9F-821F-A45B6EBBC65E-scaled-300x300.jpeg 300w, https:\/\/lalmachine.com\/wp-content\/uploads\/2020\/05\/73A5144E-1D9D-4D9F-821F-A45B6EBBC65E-scaled-100x100.jpeg 100w\" sizes=\"(max-width: 96px) 100vw, 96px\" \/><\/a> <a href=\"https:\/\/lalmachine.com\/wp-content\/uploads\/2020\/05\/DE40F8F0-7956-439B-9CF1-2904056961DA-scaled.jpeg\"><img loading=\"lazy\" decoding=\"async\" width=\"96\" height=\"96\" src=\"https:\/\/lalmachine.com\/wp-content\/uploads\/2020\/05\/DE40F8F0-7956-439B-9CF1-2904056961DA-150x150.jpeg\" class=\"attachment-thumbnail size-thumbnail\" alt=\"\" srcset=\"https:\/\/lalmachine.com\/wp-content\/uploads\/2020\/05\/DE40F8F0-7956-439B-9CF1-2904056961DA-150x150.jpeg 150w, https:\/\/lalmachine.com\/wp-content\/uploads\/2020\/05\/DE40F8F0-7956-439B-9CF1-2904056961DA-scaled-300x300.jpeg 300w, https:\/\/lalmachine.com\/wp-content\/uploads\/2020\/05\/DE40F8F0-7956-439B-9CF1-2904056961DA-scaled-100x100.jpeg 100w\" sizes=\"(max-width: 96px) 100vw, 96px\" \/><\/a> <\/li>        <li class=\"wpuf-field-data wpuf-field-data-numeric_text_field\">\n                            <label>Prix:<\/label>\n                        70        <\/li>\n                <li class=\"wpuf-field-data wpuf-field-data-numeric_text_field\">\n                            <label>Hauteur (cm):<\/label>\n                        68        <\/li>\n                <li class=\"wpuf-field-data wpuf-field-data-numeric_text_field\">\n                            <label>Largeur (cm):<\/label>\n                        30        <\/li>\n                <li class=\"wpuf-field-data wpuf-field-data-numeric_text_field\">\n                            <label>Profondeur (cm):<\/label>\n                        52        <\/li>\n        <\/ul>","protected":false},"excerpt":{"rendered":"<p>Fauteuil \/ pouf \/ jouet L\u00fcmmel pour enfant de Sellando. Design de defactodesign (Allemagne, 2003). Solide (structure en bois et mousse d\u2019une seule pi\u00e8ce) et facile d\u2019entretien (rev\u00eatement en polyester). Poign\u00e9e pour le transport. \u00c9tonnamment confortable, m\u00eame comme si\u00e8ge bas d\u2019appoint pour un adulte.<\/p>","protected":false},"featured_media":18872,"template":"","meta":{"_et_pb_use_builder":"","_et_pb_old_content":"","_et_gb_content_width":""},"product_brand":[],"product_cat":[99,48],"product_tag":[],"proximite":[235],"class_list":{"0":"post-18840","1":"product","2":"type-product","3":"status-publish","4":"has-post-thumbnail","6":"product_cat-canape-fauteuil-pouf","7":"product_cat-sasseoir","8":"product_shipping_class-2-10-kg","9":"pa_couleur-noir","10":"pa_designer-hartl-weber","11":"pa_etat-dans-son-jus","12":"pa_materiau-tissu","13":"pa_style-design","14":"proximite-sarine","16":"first","17":"outofstock","18":"sale","19":"shipping-taxable","20":"purchasable","21":"product-type-simple"},"yoast_head":"<!-- This site is optimized with the Yoast SEO plugin v27.3 - https:\/\/yoast.com\/product\/yoast-seo-wordpress\/ -->\n<title>Fauteuil \/ pouf | lalmachine.com<\/title>\n<meta name=\"description\" content=\"Fauteuil \/ pouf \/ jouet L\u00fcmmel pour enfant de Sellando. Design de defactodesign (Allemagne, 2003). Solide (structure en bois et mousse d\u2019une seule pi\u00e8ce) et facile d\u2019entretien (rev\u00eatement en polyester). Poign\u00e9e pour le transport. \u00c9tonnamment confortable, m\u00eame comme si\u00e8ge bas d\u2019appoint pour un adulte.\" \/>\n<meta name=\"robots\" content=\"index, follow, max-snippet:-1, max-image-preview:large, max-video-preview:-1\" \/>\n<link rel=\"canonical\" href=\"https:\/\/lalmachine.com\/de\/shop\/sasseoir\/canape-fauteuil-pouf\/fauteuil-pouf\/\" \/>\n<meta property=\"og:locale\" content=\"de_DE\" \/>\n<meta property=\"og:type\" content=\"article\" \/>\n<meta property=\"og:title\" content=\"Fauteuil \/ pouf | lalmachine.com\" \/>\n<meta property=\"og:description\" content=\"Fauteuil \/ pouf \/ jouet L\u00fcmmel pour enfant de Sellando. Design de defactodesign (Allemagne, 2003). Solide (structure en bois et mousse d\u2019une seule pi\u00e8ce) et facile d\u2019entretien (rev\u00eatement en polyester). Poign\u00e9e pour le transport. \u00c9tonnamment confortable, m\u00eame comme si\u00e8ge bas d\u2019appoint pour un adulte.\" \/>\n<meta property=\"og:url\" content=\"https:\/\/lalmachine.com\/de\/shop\/sasseoir\/canape-fauteuil-pouf\/fauteuil-pouf\/\" \/>\n<meta property=\"og:site_name\" content=\"lalmachine.com\" \/>\n<meta property=\"article:publisher\" content=\"https:\/\/facebook.com\/lalmachine\" \/>\n<meta property=\"article:modified_time\" content=\"2024-12-05T20:50:34+00:00\" \/>\n<meta property=\"og:image\" content=\"https:\/\/lalmachine.com\/wp-content\/uploads\/2020\/05\/4EC72356-D07E-4A75-8296-DBCF2FC3E788-scaled_clipped_rev_2.jpg\" \/>\n\t<meta property=\"og:image:width\" content=\"2163\" \/>\n\t<meta property=\"og:image:height\" content=\"2163\" \/>\n\t<meta property=\"og:image:type\" content=\"image\/jpeg\" \/>\n<meta name=\"twitter:card\" content=\"summary_large_image\" \/>\n<script type=\"application\/ld+json\" class=\"yoast-schema-graph\">{\"@context\":\"https:\\\/\\\/schema.org\",\"@graph\":[{\"@type\":\"WebPage\",\"@id\":\"https:\\\/\\\/lalmachine.com\\\/shop\\\/sasseoir\\\/canape-fauteuil-pouf\\\/fauteuil-pouf\\\/\",\"url\":\"https:\\\/\\\/lalmachine.com\\\/shop\\\/sasseoir\\\/canape-fauteuil-pouf\\\/fauteuil-pouf\\\/\",\"name\":\"Fauteuil \\\/ pouf | lalmachine.com\",\"isPartOf\":{\"@id\":\"https:\\\/\\\/lalmachine.com\\\/#website\"},\"primaryImageOfPage\":{\"@id\":\"https:\\\/\\\/lalmachine.com\\\/shop\\\/sasseoir\\\/canape-fauteuil-pouf\\\/fauteuil-pouf\\\/#primaryimage\"},\"image\":{\"@id\":\"https:\\\/\\\/lalmachine.com\\\/shop\\\/sasseoir\\\/canape-fauteuil-pouf\\\/fauteuil-pouf\\\/#primaryimage\"},\"thumbnailUrl\":\"https:\\\/\\\/lalmachine.com\\\/wp-content\\\/uploads\\\/2020\\\/05\\\/4EC72356-D07E-4A75-8296-DBCF2FC3E788-scaled_clipped_rev_2.jpg\",\"datePublished\":\"2020-05-20T09:37:14+00:00\",\"dateModified\":\"2024-12-05T20:50:34+00:00\",\"description\":\"Fauteuil \\\/ pouf \\\/ jouet L\u00fcmmel pour enfant de Sellando. Design de defactodesign (Allemagne, 2003). Solide (structure en bois et mousse d\u2019une seule pi\u00e8ce) et facile d\u2019entretien (rev\u00eatement en polyester). Poign\u00e9e pour le transport. \u00c9tonnamment confortable, m\u00eame comme si\u00e8ge bas d\u2019appoint pour un adulte.\",\"breadcrumb\":{\"@id\":\"https:\\\/\\\/lalmachine.com\\\/shop\\\/sasseoir\\\/canape-fauteuil-pouf\\\/fauteuil-pouf\\\/#breadcrumb\"},\"inLanguage\":\"de\",\"potentialAction\":[{\"@type\":\"ReadAction\",\"target\":[\"https:\\\/\\\/lalmachine.com\\\/shop\\\/sasseoir\\\/canape-fauteuil-pouf\\\/fauteuil-pouf\\\/\"]}]},{\"@type\":\"ImageObject\",\"inLanguage\":\"de\",\"@id\":\"https:\\\/\\\/lalmachine.com\\\/shop\\\/sasseoir\\\/canape-fauteuil-pouf\\\/fauteuil-pouf\\\/#primaryimage\",\"url\":\"https:\\\/\\\/lalmachine.com\\\/wp-content\\\/uploads\\\/2020\\\/05\\\/4EC72356-D07E-4A75-8296-DBCF2FC3E788-scaled_clipped_rev_2.jpg\",\"contentUrl\":\"https:\\\/\\\/lalmachine.com\\\/wp-content\\\/uploads\\\/2020\\\/05\\\/4EC72356-D07E-4A75-8296-DBCF2FC3E788-scaled_clipped_rev_2.jpg\",\"width\":2163,\"height\":2163,\"caption\":\"L\u00fcmmel\"},{\"@type\":\"BreadcrumbList\",\"@id\":\"https:\\\/\\\/lalmachine.com\\\/shop\\\/sasseoir\\\/canape-fauteuil-pouf\\\/fauteuil-pouf\\\/#breadcrumb\",\"itemListElement\":[{\"@type\":\"ListItem\",\"position\":1,\"name\":\"Accueil\",\"item\":\"https:\\\/\\\/lalmachine.com\\\/\"},{\"@type\":\"ListItem\",\"position\":2,\"name\":\"Shop\",\"item\":\"https:\\\/\\\/lalmachine.com\\\/shop\\\/\"},{\"@type\":\"ListItem\",\"position\":3,\"name\":\"Fauteuil \\\/ pouf\"}]},{\"@type\":\"WebSite\",\"@id\":\"https:\\\/\\\/lalmachine.com\\\/#website\",\"url\":\"https:\\\/\\\/lalmachine.com\\\/\",\"name\":\"lalmachine.com\",\"description\":\"Brocante en ligne Suisse | Mobilier et objets d\u00e9co vintage et design\",\"potentialAction\":[{\"@type\":\"SearchAction\",\"target\":{\"@type\":\"EntryPoint\",\"urlTemplate\":\"https:\\\/\\\/lalmachine.com\\\/?s={search_term_string}\"},\"query-input\":{\"@type\":\"PropertyValueSpecification\",\"valueRequired\":true,\"valueName\":\"search_term_string\"}}],\"inLanguage\":\"de\"}]}<\/script>\n<!-- \/ Yoast SEO plugin. -->","yoast_head_json":{"title":"Fauteuil \/ pouf | lalmachine.com","description":"Fauteuil \/ pouf \/ jouet L\u00fcmmel pour enfant de Sellando. Design de defactodesign (Allemagne, 2003). Solide (structure en bois et mousse d\u2019une seule pi\u00e8ce) et facile d\u2019entretien (rev\u00eatement en polyester). Poign\u00e9e pour le transport. \u00c9tonnamment confortable, m\u00eame comme si\u00e8ge bas d\u2019appoint pour un adulte.","robots":{"index":"index","follow":"follow","max-snippet":"max-snippet:-1","max-image-preview":"max-image-preview:large","max-video-preview":"max-video-preview:-1"},"canonical":"https:\/\/lalmachine.com\/de\/shop\/sasseoir\/canape-fauteuil-pouf\/fauteuil-pouf\/","og_locale":"de_DE","og_type":"article","og_title":"Fauteuil \/ pouf | lalmachine.com","og_description":"Fauteuil \/ pouf \/ jouet L\u00fcmmel pour enfant de Sellando. Design de defactodesign (Allemagne, 2003). Solide (structure en bois et mousse d\u2019une seule pi\u00e8ce) et facile d\u2019entretien (rev\u00eatement en polyester). Poign\u00e9e pour le transport. \u00c9tonnamment confortable, m\u00eame comme si\u00e8ge bas d\u2019appoint pour un adulte.","og_url":"https:\/\/lalmachine.com\/de\/shop\/sasseoir\/canape-fauteuil-pouf\/fauteuil-pouf\/","og_site_name":"lalmachine.com","article_publisher":"https:\/\/facebook.com\/lalmachine","article_modified_time":"2024-12-05T20:50:34+00:00","og_image":[{"width":2163,"height":2163,"url":"https:\/\/lalmachine.com\/wp-content\/uploads\/2020\/05\/4EC72356-D07E-4A75-8296-DBCF2FC3E788-scaled_clipped_rev_2.jpg","type":"image\/jpeg"}],"twitter_card":"summary_large_image","schema":{"@context":"https:\/\/schema.org","@graph":[{"@type":"WebPage","@id":"https:\/\/lalmachine.com\/shop\/sasseoir\/canape-fauteuil-pouf\/fauteuil-pouf\/","url":"https:\/\/lalmachine.com\/shop\/sasseoir\/canape-fauteuil-pouf\/fauteuil-pouf\/","name":"Fauteuil \/ pouf | lalmachine.com","isPartOf":{"@id":"https:\/\/lalmachine.com\/#website"},"primaryImageOfPage":{"@id":"https:\/\/lalmachine.com\/shop\/sasseoir\/canape-fauteuil-pouf\/fauteuil-pouf\/#primaryimage"},"image":{"@id":"https:\/\/lalmachine.com\/shop\/sasseoir\/canape-fauteuil-pouf\/fauteuil-pouf\/#primaryimage"},"thumbnailUrl":"https:\/\/lalmachine.com\/wp-content\/uploads\/2020\/05\/4EC72356-D07E-4A75-8296-DBCF2FC3E788-scaled_clipped_rev_2.jpg","datePublished":"2020-05-20T09:37:14+00:00","dateModified":"2024-12-05T20:50:34+00:00","description":"Fauteuil \/ pouf \/ jouet L\u00fcmmel pour enfant de Sellando. Design de defactodesign (Allemagne, 2003). Solide (structure en bois et mousse d\u2019une seule pi\u00e8ce) et facile d\u2019entretien (rev\u00eatement en polyester). Poign\u00e9e pour le transport. \u00c9tonnamment confortable, m\u00eame comme si\u00e8ge bas d\u2019appoint pour un adulte.","breadcrumb":{"@id":"https:\/\/lalmachine.com\/shop\/sasseoir\/canape-fauteuil-pouf\/fauteuil-pouf\/#breadcrumb"},"inLanguage":"de","potentialAction":[{"@type":"ReadAction","target":["https:\/\/lalmachine.com\/shop\/sasseoir\/canape-fauteuil-pouf\/fauteuil-pouf\/"]}]},{"@type":"ImageObject","inLanguage":"de","@id":"https:\/\/lalmachine.com\/shop\/sasseoir\/canape-fauteuil-pouf\/fauteuil-pouf\/#primaryimage","url":"https:\/\/lalmachine.com\/wp-content\/uploads\/2020\/05\/4EC72356-D07E-4A75-8296-DBCF2FC3E788-scaled_clipped_rev_2.jpg","contentUrl":"https:\/\/lalmachine.com\/wp-content\/uploads\/2020\/05\/4EC72356-D07E-4A75-8296-DBCF2FC3E788-scaled_clipped_rev_2.jpg","width":2163,"height":2163,"caption":"L\u00fcmmel"},{"@type":"BreadcrumbList","@id":"https:\/\/lalmachine.com\/shop\/sasseoir\/canape-fauteuil-pouf\/fauteuil-pouf\/#breadcrumb","itemListElement":[{"@type":"ListItem","position":1,"name":"Accueil","item":"https:\/\/lalmachine.com\/"},{"@type":"ListItem","position":2,"name":"Shop","item":"https:\/\/lalmachine.com\/shop\/"},{"@type":"ListItem","position":3,"name":"Fauteuil \/ pouf"}]},{"@type":"WebSite","@id":"https:\/\/lalmachine.com\/#website","url":"https:\/\/lalmachine.com\/","name":"lalmachine.com","description":"Brocante en ligne Suisse | Mobilier et objets d\u00e9co vintage et design","potentialAction":[{"@type":"SearchAction","target":{"@type":"EntryPoint","urlTemplate":"https:\/\/lalmachine.com\/?s={search_term_string}"},"query-input":{"@type":"PropertyValueSpecification","valueRequired":true,"valueName":"search_term_string"}}],"inLanguage":"de"}]}},"_links":{"self":[{"href":"https:\/\/lalmachine.com\/de\/wp-json\/wp\/v2\/product\/18840","targetHints":{"allow":["GET"]}}],"collection":[{"href":"https:\/\/lalmachine.com\/de\/wp-json\/wp\/v2\/product"}],"about":[{"href":"https:\/\/lalmachine.com\/de\/wp-json\/wp\/v2\/types\/product"}],"wp:featuredmedia":[{"embeddable":true,"href":"https:\/\/lalmachine.com\/de\/wp-json\/wp\/v2\/media\/18872"}],"wp:attachment":[{"href":"https:\/\/lalmachine.com\/de\/wp-json\/wp\/v2\/media?parent=18840"}],"wp:term":[{"taxonomy":"product_brand","embeddable":true,"href":"https:\/\/lalmachine.com\/de\/wp-json\/wp\/v2\/product_brand?post=18840"},{"taxonomy":"product_cat","embeddable":true,"href":"https:\/\/lalmachine.com\/de\/wp-json\/wp\/v2\/product_cat?post=18840"},{"taxonomy":"product_tag","embeddable":true,"href":"https:\/\/lalmachine.com\/de\/wp-json\/wp\/v2\/product_tag?post=18840"},{"taxonomy":"proximite","embeddable":true,"href":"https:\/\/lalmachine.com\/de\/wp-json\/wp\/v2\/proximite?post=18840"}],"curies":[{"name":"wp","href":"https:\/\/api.w.org\/{rel}","templated":true}]}}