{"id":19767,"date":"2020-06-10T13:39:45","date_gmt":"2020-06-10T11:39:45","guid":{"rendered":"https:\/\/lalmachine.com\/?post_type=product&#038;p=19767"},"modified":"2024-12-05T21:50:35","modified_gmt":"2024-12-05T20:50:35","slug":"bouteille-de-pharmacie-vieux-rhum","status":"publish","type":"product","link":"https:\/\/lalmachine.com\/de\/shop\/decorer\/decoration\/bouteille-de-pharmacie-vieux-rhum\/","title":{"rendered":"Bouteille de pharmacie Vieux Rhum"},"content":{"rendered":"<ul class=\"wpuf_customs\"><li style=\"list-style-type:none;\"><label>Autres photos:<\/label> <a href=\"https:\/\/lalmachine.com\/wp-content\/uploads\/2020\/06\/IMG_20200607_170027-scaled.jpg\"><img loading=\"lazy\" decoding=\"async\" width=\"96\" height=\"96\" src=\"https:\/\/lalmachine.com\/wp-content\/uploads\/2020\/06\/IMG_20200607_170027-150x150.jpg\" class=\"attachment-thumbnail size-thumbnail\" alt=\"\" srcset=\"https:\/\/lalmachine.com\/wp-content\/uploads\/2020\/06\/IMG_20200607_170027-150x150.jpg 150w, https:\/\/lalmachine.com\/wp-content\/uploads\/2020\/06\/IMG_20200607_170027-scaled-300x300.jpg 300w, https:\/\/lalmachine.com\/wp-content\/uploads\/2020\/06\/IMG_20200607_170027-scaled-100x100.jpg 100w\" sizes=\"(max-width: 96px) 100vw, 96px\" \/><\/a> <a href=\"https:\/\/lalmachine.com\/wp-content\/uploads\/2020\/06\/IMG_20200607_170031-scaled.jpg\"><img loading=\"lazy\" decoding=\"async\" width=\"96\" height=\"96\" src=\"https:\/\/lalmachine.com\/wp-content\/uploads\/2020\/06\/IMG_20200607_170031-150x150.jpg\" class=\"attachment-thumbnail size-thumbnail\" alt=\"\" srcset=\"https:\/\/lalmachine.com\/wp-content\/uploads\/2020\/06\/IMG_20200607_170031-150x150.jpg 150w, https:\/\/lalmachine.com\/wp-content\/uploads\/2020\/06\/IMG_20200607_170031-scaled-300x300.jpg 300w, https:\/\/lalmachine.com\/wp-content\/uploads\/2020\/06\/IMG_20200607_170031-scaled-100x100.jpg 100w\" sizes=\"(max-width: 96px) 100vw, 96px\" \/><\/a> <a href=\"https:\/\/lalmachine.com\/wp-content\/uploads\/2020\/06\/IMG_20200607_170037-scaled.jpg\"><img loading=\"lazy\" decoding=\"async\" width=\"96\" height=\"96\" src=\"https:\/\/lalmachine.com\/wp-content\/uploads\/2020\/06\/IMG_20200607_170037-150x150.jpg\" class=\"attachment-thumbnail size-thumbnail\" alt=\"\" srcset=\"https:\/\/lalmachine.com\/wp-content\/uploads\/2020\/06\/IMG_20200607_170037-150x150.jpg 150w, https:\/\/lalmachine.com\/wp-content\/uploads\/2020\/06\/IMG_20200607_170037-scaled-300x300.jpg 300w, https:\/\/lalmachine.com\/wp-content\/uploads\/2020\/06\/IMG_20200607_170037-scaled-100x100.jpg 100w\" sizes=\"(max-width: 96px) 100vw, 96px\" \/><\/a> <a href=\"https:\/\/lalmachine.com\/wp-content\/uploads\/2020\/06\/IMG_20200607_170046-scaled.jpg\"><img loading=\"lazy\" decoding=\"async\" width=\"96\" height=\"96\" src=\"https:\/\/lalmachine.com\/wp-content\/uploads\/2020\/06\/IMG_20200607_170046-150x150.jpg\" class=\"attachment-thumbnail size-thumbnail\" alt=\"\" srcset=\"https:\/\/lalmachine.com\/wp-content\/uploads\/2020\/06\/IMG_20200607_170046-150x150.jpg 150w, https:\/\/lalmachine.com\/wp-content\/uploads\/2020\/06\/IMG_20200607_170046-scaled-300x300.jpg 300w, https:\/\/lalmachine.com\/wp-content\/uploads\/2020\/06\/IMG_20200607_170046-scaled-100x100.jpg 100w\" sizes=\"(max-width: 96px) 100vw, 96px\" \/><\/a> <a href=\"https:\/\/lalmachine.com\/wp-content\/uploads\/2020\/06\/IMG_20200607_170056-scaled.jpg\"><img loading=\"lazy\" decoding=\"async\" width=\"96\" height=\"96\" src=\"https:\/\/lalmachine.com\/wp-content\/uploads\/2020\/06\/IMG_20200607_170056-150x150.jpg\" class=\"attachment-thumbnail size-thumbnail\" alt=\"\" srcset=\"https:\/\/lalmachine.com\/wp-content\/uploads\/2020\/06\/IMG_20200607_170056-150x150.jpg 150w, https:\/\/lalmachine.com\/wp-content\/uploads\/2020\/06\/IMG_20200607_170056-scaled-300x300.jpg 300w, https:\/\/lalmachine.com\/wp-content\/uploads\/2020\/06\/IMG_20200607_170056-scaled-100x100.jpg 100w\" sizes=\"(max-width: 96px) 100vw, 96px\" \/><\/a> <a href=\"https:\/\/lalmachine.com\/wp-content\/uploads\/2020\/06\/IMG_20200607_170105-scaled.jpg\"><img loading=\"lazy\" decoding=\"async\" width=\"96\" height=\"96\" src=\"https:\/\/lalmachine.com\/wp-content\/uploads\/2020\/06\/IMG_20200607_170105-150x150.jpg\" class=\"attachment-thumbnail size-thumbnail\" alt=\"\" srcset=\"https:\/\/lalmachine.com\/wp-content\/uploads\/2020\/06\/IMG_20200607_170105-150x150.jpg 150w, https:\/\/lalmachine.com\/wp-content\/uploads\/2020\/06\/IMG_20200607_170105-scaled-300x300.jpg 300w, https:\/\/lalmachine.com\/wp-content\/uploads\/2020\/06\/IMG_20200607_170105-scaled-100x100.jpg 100w\" sizes=\"(max-width: 96px) 100vw, 96px\" \/><\/a> <a href=\"https:\/\/lalmachine.com\/wp-content\/uploads\/2020\/06\/IMG_20200607_170125-scaled.jpg\"><img loading=\"lazy\" decoding=\"async\" width=\"96\" height=\"96\" src=\"https:\/\/lalmachine.com\/wp-content\/uploads\/2020\/06\/IMG_20200607_170125-150x150.jpg\" class=\"attachment-thumbnail size-thumbnail\" alt=\"\" srcset=\"https:\/\/lalmachine.com\/wp-content\/uploads\/2020\/06\/IMG_20200607_170125-150x150.jpg 150w, https:\/\/lalmachine.com\/wp-content\/uploads\/2020\/06\/IMG_20200607_170125-scaled-300x300.jpg 300w, https:\/\/lalmachine.com\/wp-content\/uploads\/2020\/06\/IMG_20200607_170125-scaled-100x100.jpg 100w\" sizes=\"(max-width: 96px) 100vw, 96px\" \/><\/a> <\/li>        <li class=\"wpuf-field-data wpuf-field-data-numeric_text_field\">\n                            <label>Prix:<\/label>\n                        35        <\/li>\n                <li class=\"wpuf-field-data wpuf-field-data-numeric_text_field\">\n                            <label>Hauteur (cm):<\/label>\n                        27        <\/li>\n                <li class=\"wpuf-field-data wpuf-field-data-numeric_text_field\">\n                            <label>Largeur (cm):<\/label>\n                        13        <\/li>\n                <li class=\"wpuf-field-data wpuf-field-data-numeric_text_field\">\n                            <label>Profondeur (cm):<\/label>\n                        13        <\/li>\n        <\/ul>","protected":false},"excerpt":{"rendered":"<p>Bouteille de pharmacie des ann\u00e9es 60 en verre transparent avec bouchon. \u00c9tiquette Vieux Rhum avec recette sur le cot\u00e9. Tr\u00e8s bel objet d\u00e9co qui peut aussi \u00eatre d\u00e9tourn\u00e9 en vase pour des fleurs.<\/p>","protected":false},"featured_media":19759,"template":"","meta":{"_et_pb_use_builder":"","_et_pb_old_content":"","_et_gb_content_width":""},"product_brand":[],"product_cat":[94,50],"product_tag":[],"proximite":[177,235],"class_list":{"0":"post-19767","1":"product","2":"type-product","3":"status-publish","4":"has-post-thumbnail","6":"product_cat-decoration","7":"product_cat-decorer","8":"product_shipping_class-2-10-kg","9":"pa_couleur-transparent","10":"pa_etat-dans-son-jus","11":"pa_materiau-verre","12":"pa_style-vintage","13":"proximite-fribourg","14":"proximite-sarine","16":"first","17":"outofstock","18":"shipping-taxable","19":"purchasable","20":"product-type-simple"},"yoast_head":"<!-- This site is optimized with the Yoast SEO plugin v27.4 - https:\/\/yoast.com\/product\/yoast-seo-wordpress\/ -->\n<title>Bouteille de pharmacie Vieux Rhum | lalmachine.com, mobilier et objets d\u00e9co vintage et design<\/title>\n<meta name=\"description\" content=\"Bouteille de pharmacie des ann\u00e9es 60 en verre transparent avec bouchon. \u00c9tiquette Vieux Rhum avec recette sur le cot\u00e9.\" \/>\n<meta name=\"robots\" content=\"index, follow, max-snippet:-1, max-image-preview:large, max-video-preview:-1\" \/>\n<link rel=\"canonical\" href=\"https:\/\/lalmachine.com\/de\/shop\/decorer\/decoration\/bouteille-de-pharmacie-vieux-rhum\/\" \/>\n<meta property=\"og:locale\" content=\"de_DE\" \/>\n<meta property=\"og:type\" content=\"article\" \/>\n<meta property=\"og:title\" content=\"Bouteille de pharmacie Vieux Rhum | lalmachine.com, mobilier et objets d\u00e9co vintage et design\" \/>\n<meta property=\"og:description\" content=\"Bouteille de pharmacie des ann\u00e9es 60 en verre transparent avec bouchon. \u00c9tiquette Vieux Rhum avec recette sur le cot\u00e9.\" \/>\n<meta property=\"og:url\" content=\"https:\/\/lalmachine.com\/de\/shop\/decorer\/decoration\/bouteille-de-pharmacie-vieux-rhum\/\" \/>\n<meta property=\"og:site_name\" content=\"lalmachine.com\" \/>\n<meta property=\"article:publisher\" content=\"https:\/\/facebook.com\/lalmachine\" \/>\n<meta property=\"article:modified_time\" content=\"2024-12-05T20:50:35+00:00\" \/>\n<meta property=\"og:image\" content=\"https:\/\/lalmachine.com\/wp-content\/uploads\/2020\/06\/IMG_20200607_164739_clipped_rev_1-scaled.jpg\" \/>\n\t<meta property=\"og:image:width\" content=\"2560\" \/>\n\t<meta property=\"og:image:height\" content=\"2560\" \/>\n\t<meta property=\"og:image:type\" content=\"image\/jpeg\" \/>\n<meta name=\"twitter:card\" content=\"summary_large_image\" \/>\n<script type=\"application\/ld+json\" class=\"yoast-schema-graph\">{\"@context\":\"https:\\\/\\\/schema.org\",\"@graph\":[{\"@type\":\"WebPage\",\"@id\":\"https:\\\/\\\/lalmachine.com\\\/shop\\\/decorer\\\/decoration\\\/bouteille-de-pharmacie-vieux-rhum\\\/\",\"url\":\"https:\\\/\\\/lalmachine.com\\\/shop\\\/decorer\\\/decoration\\\/bouteille-de-pharmacie-vieux-rhum\\\/\",\"name\":\"Bouteille de pharmacie Vieux Rhum | lalmachine.com, mobilier et objets d\u00e9co vintage et design\",\"isPartOf\":{\"@id\":\"https:\\\/\\\/lalmachine.com\\\/#website\"},\"primaryImageOfPage\":{\"@id\":\"https:\\\/\\\/lalmachine.com\\\/shop\\\/decorer\\\/decoration\\\/bouteille-de-pharmacie-vieux-rhum\\\/#primaryimage\"},\"image\":{\"@id\":\"https:\\\/\\\/lalmachine.com\\\/shop\\\/decorer\\\/decoration\\\/bouteille-de-pharmacie-vieux-rhum\\\/#primaryimage\"},\"thumbnailUrl\":\"https:\\\/\\\/lalmachine.com\\\/wp-content\\\/uploads\\\/2020\\\/06\\\/IMG_20200607_164739_clipped_rev_1-scaled.jpg\",\"datePublished\":\"2020-06-10T11:39:45+00:00\",\"dateModified\":\"2024-12-05T20:50:35+00:00\",\"description\":\"Bouteille de pharmacie des ann\u00e9es 60 en verre transparent avec bouchon. \u00c9tiquette Vieux Rhum avec recette sur le cot\u00e9.\",\"breadcrumb\":{\"@id\":\"https:\\\/\\\/lalmachine.com\\\/shop\\\/decorer\\\/decoration\\\/bouteille-de-pharmacie-vieux-rhum\\\/#breadcrumb\"},\"inLanguage\":\"de\",\"potentialAction\":[{\"@type\":\"ReadAction\",\"target\":[\"https:\\\/\\\/lalmachine.com\\\/shop\\\/decorer\\\/decoration\\\/bouteille-de-pharmacie-vieux-rhum\\\/\"]}]},{\"@type\":\"ImageObject\",\"inLanguage\":\"de\",\"@id\":\"https:\\\/\\\/lalmachine.com\\\/shop\\\/decorer\\\/decoration\\\/bouteille-de-pharmacie-vieux-rhum\\\/#primaryimage\",\"url\":\"https:\\\/\\\/lalmachine.com\\\/wp-content\\\/uploads\\\/2020\\\/06\\\/IMG_20200607_164739_clipped_rev_1-scaled.jpg\",\"contentUrl\":\"https:\\\/\\\/lalmachine.com\\\/wp-content\\\/uploads\\\/2020\\\/06\\\/IMG_20200607_164739_clipped_rev_1-scaled.jpg\",\"width\":2560,\"height\":2560,\"caption\":\"Bouteille de pharmacie\"},{\"@type\":\"BreadcrumbList\",\"@id\":\"https:\\\/\\\/lalmachine.com\\\/shop\\\/decorer\\\/decoration\\\/bouteille-de-pharmacie-vieux-rhum\\\/#breadcrumb\",\"itemListElement\":[{\"@type\":\"ListItem\",\"position\":1,\"name\":\"Accueil\",\"item\":\"https:\\\/\\\/lalmachine.com\\\/\"},{\"@type\":\"ListItem\",\"position\":2,\"name\":\"Shop\",\"item\":\"https:\\\/\\\/lalmachine.com\\\/shop\\\/\"},{\"@type\":\"ListItem\",\"position\":3,\"name\":\"Bouteille de pharmacie Vieux Rhum\"}]},{\"@type\":\"WebSite\",\"@id\":\"https:\\\/\\\/lalmachine.com\\\/#website\",\"url\":\"https:\\\/\\\/lalmachine.com\\\/\",\"name\":\"lalmachine.com\",\"description\":\"Brocante en ligne Suisse | Mobilier et objets d\u00e9co vintage et design\",\"potentialAction\":[{\"@type\":\"SearchAction\",\"target\":{\"@type\":\"EntryPoint\",\"urlTemplate\":\"https:\\\/\\\/lalmachine.com\\\/?s={search_term_string}\"},\"query-input\":{\"@type\":\"PropertyValueSpecification\",\"valueRequired\":true,\"valueName\":\"search_term_string\"}}],\"inLanguage\":\"de\"}]}<\/script>\n<!-- \/ Yoast SEO plugin. -->","yoast_head_json":{"title":"Bouteille de pharmacie Vieux Rhum | lalmachine.com, mobilier et objets d\u00e9co vintage et design","description":"Bouteille de pharmacie des ann\u00e9es 60 en verre transparent avec bouchon. \u00c9tiquette Vieux Rhum avec recette sur le cot\u00e9.","robots":{"index":"index","follow":"follow","max-snippet":"max-snippet:-1","max-image-preview":"max-image-preview:large","max-video-preview":"max-video-preview:-1"},"canonical":"https:\/\/lalmachine.com\/de\/shop\/decorer\/decoration\/bouteille-de-pharmacie-vieux-rhum\/","og_locale":"de_DE","og_type":"article","og_title":"Bouteille de pharmacie Vieux Rhum | lalmachine.com, mobilier et objets d\u00e9co vintage et design","og_description":"Bouteille de pharmacie des ann\u00e9es 60 en verre transparent avec bouchon. \u00c9tiquette Vieux Rhum avec recette sur le cot\u00e9.","og_url":"https:\/\/lalmachine.com\/de\/shop\/decorer\/decoration\/bouteille-de-pharmacie-vieux-rhum\/","og_site_name":"lalmachine.com","article_publisher":"https:\/\/facebook.com\/lalmachine","article_modified_time":"2024-12-05T20:50:35+00:00","og_image":[{"width":2560,"height":2560,"url":"https:\/\/lalmachine.com\/wp-content\/uploads\/2020\/06\/IMG_20200607_164739_clipped_rev_1-scaled.jpg","type":"image\/jpeg"}],"twitter_card":"summary_large_image","schema":{"@context":"https:\/\/schema.org","@graph":[{"@type":"WebPage","@id":"https:\/\/lalmachine.com\/shop\/decorer\/decoration\/bouteille-de-pharmacie-vieux-rhum\/","url":"https:\/\/lalmachine.com\/shop\/decorer\/decoration\/bouteille-de-pharmacie-vieux-rhum\/","name":"Bouteille de pharmacie Vieux Rhum | lalmachine.com, mobilier et objets d\u00e9co vintage et design","isPartOf":{"@id":"https:\/\/lalmachine.com\/#website"},"primaryImageOfPage":{"@id":"https:\/\/lalmachine.com\/shop\/decorer\/decoration\/bouteille-de-pharmacie-vieux-rhum\/#primaryimage"},"image":{"@id":"https:\/\/lalmachine.com\/shop\/decorer\/decoration\/bouteille-de-pharmacie-vieux-rhum\/#primaryimage"},"thumbnailUrl":"https:\/\/lalmachine.com\/wp-content\/uploads\/2020\/06\/IMG_20200607_164739_clipped_rev_1-scaled.jpg","datePublished":"2020-06-10T11:39:45+00:00","dateModified":"2024-12-05T20:50:35+00:00","description":"Bouteille de pharmacie des ann\u00e9es 60 en verre transparent avec bouchon. \u00c9tiquette Vieux Rhum avec recette sur le cot\u00e9.","breadcrumb":{"@id":"https:\/\/lalmachine.com\/shop\/decorer\/decoration\/bouteille-de-pharmacie-vieux-rhum\/#breadcrumb"},"inLanguage":"de","potentialAction":[{"@type":"ReadAction","target":["https:\/\/lalmachine.com\/shop\/decorer\/decoration\/bouteille-de-pharmacie-vieux-rhum\/"]}]},{"@type":"ImageObject","inLanguage":"de","@id":"https:\/\/lalmachine.com\/shop\/decorer\/decoration\/bouteille-de-pharmacie-vieux-rhum\/#primaryimage","url":"https:\/\/lalmachine.com\/wp-content\/uploads\/2020\/06\/IMG_20200607_164739_clipped_rev_1-scaled.jpg","contentUrl":"https:\/\/lalmachine.com\/wp-content\/uploads\/2020\/06\/IMG_20200607_164739_clipped_rev_1-scaled.jpg","width":2560,"height":2560,"caption":"Bouteille de pharmacie"},{"@type":"BreadcrumbList","@id":"https:\/\/lalmachine.com\/shop\/decorer\/decoration\/bouteille-de-pharmacie-vieux-rhum\/#breadcrumb","itemListElement":[{"@type":"ListItem","position":1,"name":"Accueil","item":"https:\/\/lalmachine.com\/"},{"@type":"ListItem","position":2,"name":"Shop","item":"https:\/\/lalmachine.com\/shop\/"},{"@type":"ListItem","position":3,"name":"Bouteille de pharmacie Vieux Rhum"}]},{"@type":"WebSite","@id":"https:\/\/lalmachine.com\/#website","url":"https:\/\/lalmachine.com\/","name":"lalmachine.com","description":"Brocante en ligne Suisse | Mobilier et objets d\u00e9co vintage et design","potentialAction":[{"@type":"SearchAction","target":{"@type":"EntryPoint","urlTemplate":"https:\/\/lalmachine.com\/?s={search_term_string}"},"query-input":{"@type":"PropertyValueSpecification","valueRequired":true,"valueName":"search_term_string"}}],"inLanguage":"de"}]}},"_links":{"self":[{"href":"https:\/\/lalmachine.com\/de\/wp-json\/wp\/v2\/product\/19767","targetHints":{"allow":["GET"]}}],"collection":[{"href":"https:\/\/lalmachine.com\/de\/wp-json\/wp\/v2\/product"}],"about":[{"href":"https:\/\/lalmachine.com\/de\/wp-json\/wp\/v2\/types\/product"}],"wp:featuredmedia":[{"embeddable":true,"href":"https:\/\/lalmachine.com\/de\/wp-json\/wp\/v2\/media\/19759"}],"wp:attachment":[{"href":"https:\/\/lalmachine.com\/de\/wp-json\/wp\/v2\/media?parent=19767"}],"wp:term":[{"taxonomy":"product_brand","embeddable":true,"href":"https:\/\/lalmachine.com\/de\/wp-json\/wp\/v2\/product_brand?post=19767"},{"taxonomy":"product_cat","embeddable":true,"href":"https:\/\/lalmachine.com\/de\/wp-json\/wp\/v2\/product_cat?post=19767"},{"taxonomy":"product_tag","embeddable":true,"href":"https:\/\/lalmachine.com\/de\/wp-json\/wp\/v2\/product_tag?post=19767"},{"taxonomy":"proximite","embeddable":true,"href":"https:\/\/lalmachine.com\/de\/wp-json\/wp\/v2\/proximite?post=19767"}],"curies":[{"name":"wp","href":"https:\/\/api.w.org\/{rel}","templated":true}]}}