{"id":20595,"date":"2020-06-23T17:25:36","date_gmt":"2020-06-23T15:25:36","guid":{"rendered":"https:\/\/lalmachine.com\/?post_type=product&#038;p=20595"},"modified":"2024-12-05T21:50:36","modified_gmt":"2024-12-05T20:50:36","slug":"tabouret-casalino","status":"publish","type":"product","link":"https:\/\/lalmachine.com\/de\/shop\/sasseoir\/chaise\/tabouret-casalino\/","title":{"rendered":"Tabouret Casalino"},"content":{"rendered":"<ul class=\"wpuf_customs\"><li style=\"list-style-type:none;\"><label>Autres photos:<\/label> <a href=\"https:\/\/lalmachine.com\/wp-content\/uploads\/2020\/06\/F53E2063-62A8-48AE-915C-3AAB38944146-scaled.jpeg\"><img loading=\"lazy\" decoding=\"async\" width=\"96\" height=\"96\" src=\"https:\/\/lalmachine.com\/wp-content\/uploads\/2020\/06\/F53E2063-62A8-48AE-915C-3AAB38944146-150x150.jpeg\" class=\"attachment-thumbnail size-thumbnail\" alt=\"\" srcset=\"https:\/\/lalmachine.com\/wp-content\/uploads\/2020\/06\/F53E2063-62A8-48AE-915C-3AAB38944146-150x150.jpeg 150w, https:\/\/lalmachine.com\/wp-content\/uploads\/2020\/06\/F53E2063-62A8-48AE-915C-3AAB38944146-scaled-300x300.jpeg 300w, https:\/\/lalmachine.com\/wp-content\/uploads\/2020\/06\/F53E2063-62A8-48AE-915C-3AAB38944146-scaled-100x100.jpeg 100w\" sizes=\"(max-width: 96px) 100vw, 96px\" \/><\/a> <a href=\"https:\/\/lalmachine.com\/wp-content\/uploads\/2020\/06\/F3EE0B56-0C67-4D83-9B65-A5BC8F6E6903-scaled.jpeg\"><img loading=\"lazy\" decoding=\"async\" width=\"96\" height=\"96\" src=\"https:\/\/lalmachine.com\/wp-content\/uploads\/2020\/06\/F3EE0B56-0C67-4D83-9B65-A5BC8F6E6903-150x150.jpeg\" class=\"attachment-thumbnail size-thumbnail\" alt=\"\" srcset=\"https:\/\/lalmachine.com\/wp-content\/uploads\/2020\/06\/F3EE0B56-0C67-4D83-9B65-A5BC8F6E6903-150x150.jpeg 150w, https:\/\/lalmachine.com\/wp-content\/uploads\/2020\/06\/F3EE0B56-0C67-4D83-9B65-A5BC8F6E6903-scaled-300x300.jpeg 300w, https:\/\/lalmachine.com\/wp-content\/uploads\/2020\/06\/F3EE0B56-0C67-4D83-9B65-A5BC8F6E6903-scaled-100x100.jpeg 100w\" sizes=\"(max-width: 96px) 100vw, 96px\" \/><\/a> <a href=\"https:\/\/lalmachine.com\/wp-content\/uploads\/2020\/06\/5AB8A36D-5AFC-430C-AE4C-DB9EF5850CE5-scaled.jpeg\"><img loading=\"lazy\" decoding=\"async\" width=\"96\" height=\"96\" src=\"https:\/\/lalmachine.com\/wp-content\/uploads\/2020\/06\/5AB8A36D-5AFC-430C-AE4C-DB9EF5850CE5-150x150.jpeg\" class=\"attachment-thumbnail size-thumbnail\" alt=\"\" srcset=\"https:\/\/lalmachine.com\/wp-content\/uploads\/2020\/06\/5AB8A36D-5AFC-430C-AE4C-DB9EF5850CE5-150x150.jpeg 150w, https:\/\/lalmachine.com\/wp-content\/uploads\/2020\/06\/5AB8A36D-5AFC-430C-AE4C-DB9EF5850CE5-scaled-300x300.jpeg 300w, https:\/\/lalmachine.com\/wp-content\/uploads\/2020\/06\/5AB8A36D-5AFC-430C-AE4C-DB9EF5850CE5-scaled-100x100.jpeg 100w\" sizes=\"(max-width: 96px) 100vw, 96px\" \/><\/a> <a href=\"https:\/\/lalmachine.com\/wp-content\/uploads\/2020\/06\/B0669D15-24D6-4FE3-BBC8-113646DC804A-scaled.jpeg\"><img loading=\"lazy\" decoding=\"async\" width=\"96\" height=\"96\" src=\"https:\/\/lalmachine.com\/wp-content\/uploads\/2020\/06\/B0669D15-24D6-4FE3-BBC8-113646DC804A-150x150.jpeg\" class=\"attachment-thumbnail size-thumbnail\" alt=\"\" srcset=\"https:\/\/lalmachine.com\/wp-content\/uploads\/2020\/06\/B0669D15-24D6-4FE3-BBC8-113646DC804A-150x150.jpeg 150w, https:\/\/lalmachine.com\/wp-content\/uploads\/2020\/06\/B0669D15-24D6-4FE3-BBC8-113646DC804A-scaled-300x300.jpeg 300w, https:\/\/lalmachine.com\/wp-content\/uploads\/2020\/06\/B0669D15-24D6-4FE3-BBC8-113646DC804A-scaled-100x100.jpeg 100w\" sizes=\"(max-width: 96px) 100vw, 96px\" \/><\/a> <\/li>        <li class=\"wpuf-field-data wpuf-field-data-numeric_text_field\">\n                            <label>Prix:<\/label>\n                        120        <\/li>\n                <li class=\"wpuf-field-data wpuf-field-data-numeric_text_field\">\n                            <label>Hauteur (cm):<\/label>\n                        48        <\/li>\n                <li class=\"wpuf-field-data wpuf-field-data-numeric_text_field\">\n                            <label>Largeur (cm):<\/label>\n                        50        <\/li>\n                <li class=\"wpuf-field-data wpuf-field-data-numeric_text_field\">\n                            <label>Profondeur (cm):<\/label>\n                        45        <\/li>\n        <\/ul>","protected":false},"excerpt":{"rendered":"<p>Tabouret empilable \u201eCasalino\u201c d\u2018Alexander Begge pour Casala. Design de 1979; fabrication de cet exemplaire en 1981. Hauteur de l\u2018assise: 43 cm environ. L\u2018assise a une forme ergonomique pour le rendre s\u00e9ant \u00e0 votre s\u00e9ant!<\/p>","protected":false},"featured_media":20597,"template":"","meta":{"_et_pb_use_builder":"","_et_pb_old_content":"","_et_gb_content_width":""},"product_brand":[],"product_cat":[100,48],"product_tag":[],"proximite":[177,235],"class_list":{"0":"post-20595","1":"product","2":"type-product","3":"status-publish","4":"has-post-thumbnail","6":"product_cat-chaise","7":"product_cat-sasseoir","8":"product_shipping_class-2-10-kg","9":"pa_couleur-orange","10":"pa_designer-begge-alexander","11":"pa_etat-bon-etat","12":"pa_materiau-plastique","13":"pa_style-design","14":"proximite-fribourg","15":"proximite-sarine","17":"first","18":"outofstock","19":"shipping-taxable","20":"purchasable","21":"product-type-simple"},"yoast_head":"<!-- This site is optimized with the Yoast SEO plugin v27.4 - https:\/\/yoast.com\/product\/yoast-seo-wordpress\/ -->\n<title>Tabouret Casalino | lalmachine.com, mobilier et objets d\u00e9co vintage et design<\/title>\n<meta name=\"description\" content=\"Tabouret empilable \u201eCasalino\u201c d\u2018Alexander Begge pour Casala. Design de 1979; fabrication de cet exemplaire en 1981. Hauteur de l\u2018assise: 43 cm environ. L\u2018assise a une forme ergonomique pour le rendre s\u00e9ant \u00e0 votre s\u00e9ant!\" \/>\n<meta name=\"robots\" content=\"index, follow, max-snippet:-1, max-image-preview:large, max-video-preview:-1\" \/>\n<link rel=\"canonical\" href=\"https:\/\/lalmachine.com\/de\/shop\/sasseoir\/chaise\/tabouret-casalino\/\" \/>\n<meta property=\"og:locale\" content=\"de_DE\" \/>\n<meta property=\"og:type\" content=\"article\" \/>\n<meta property=\"og:title\" content=\"Tabouret Casalino | lalmachine.com, mobilier et objets d\u00e9co vintage et design\" \/>\n<meta property=\"og:description\" content=\"Tabouret empilable \u201eCasalino\u201c d\u2018Alexander Begge pour Casala. Design de 1979; fabrication de cet exemplaire en 1981. Hauteur de l\u2018assise: 43 cm environ. L\u2018assise a une forme ergonomique pour le rendre s\u00e9ant \u00e0 votre s\u00e9ant!\" \/>\n<meta property=\"og:url\" content=\"https:\/\/lalmachine.com\/de\/shop\/sasseoir\/chaise\/tabouret-casalino\/\" \/>\n<meta property=\"og:site_name\" content=\"lalmachine.com\" \/>\n<meta property=\"article:publisher\" content=\"https:\/\/facebook.com\/lalmachine\" \/>\n<meta property=\"article:modified_time\" content=\"2024-12-05T20:50:36+00:00\" \/>\n<meta property=\"og:image\" content=\"https:\/\/lalmachine.com\/wp-content\/uploads\/2020\/06\/4329BC1F-FC58-4CDB-B846-4D6D3093D81D-scaled_clipped_rev_1.jpeg\" \/>\n\t<meta property=\"og:image:width\" content=\"2223\" \/>\n\t<meta property=\"og:image:height\" content=\"2223\" \/>\n\t<meta property=\"og:image:type\" content=\"image\/jpeg\" \/>\n<meta name=\"twitter:card\" content=\"summary_large_image\" \/>\n<script type=\"application\/ld+json\" class=\"yoast-schema-graph\">{\"@context\":\"https:\\\/\\\/schema.org\",\"@graph\":[{\"@type\":\"WebPage\",\"@id\":\"https:\\\/\\\/lalmachine.com\\\/shop\\\/sasseoir\\\/chaise\\\/tabouret-casalino\\\/\",\"url\":\"https:\\\/\\\/lalmachine.com\\\/shop\\\/sasseoir\\\/chaise\\\/tabouret-casalino\\\/\",\"name\":\"Tabouret Casalino | lalmachine.com, mobilier et objets d\u00e9co vintage et design\",\"isPartOf\":{\"@id\":\"https:\\\/\\\/lalmachine.com\\\/#website\"},\"primaryImageOfPage\":{\"@id\":\"https:\\\/\\\/lalmachine.com\\\/shop\\\/sasseoir\\\/chaise\\\/tabouret-casalino\\\/#primaryimage\"},\"image\":{\"@id\":\"https:\\\/\\\/lalmachine.com\\\/shop\\\/sasseoir\\\/chaise\\\/tabouret-casalino\\\/#primaryimage\"},\"thumbnailUrl\":\"https:\\\/\\\/lalmachine.com\\\/wp-content\\\/uploads\\\/2020\\\/06\\\/4329BC1F-FC58-4CDB-B846-4D6D3093D81D-scaled_clipped_rev_1.jpeg\",\"datePublished\":\"2020-06-23T15:25:36+00:00\",\"dateModified\":\"2024-12-05T20:50:36+00:00\",\"description\":\"Tabouret empilable \u201eCasalino\u201c d\u2018Alexander Begge pour Casala. Design de 1979; fabrication de cet exemplaire en 1981. Hauteur de l\u2018assise: 43 cm environ. L\u2018assise a une forme ergonomique pour le rendre s\u00e9ant \u00e0 votre s\u00e9ant!\",\"breadcrumb\":{\"@id\":\"https:\\\/\\\/lalmachine.com\\\/shop\\\/sasseoir\\\/chaise\\\/tabouret-casalino\\\/#breadcrumb\"},\"inLanguage\":\"de\",\"potentialAction\":[{\"@type\":\"ReadAction\",\"target\":[\"https:\\\/\\\/lalmachine.com\\\/shop\\\/sasseoir\\\/chaise\\\/tabouret-casalino\\\/\"]}]},{\"@type\":\"ImageObject\",\"inLanguage\":\"de\",\"@id\":\"https:\\\/\\\/lalmachine.com\\\/shop\\\/sasseoir\\\/chaise\\\/tabouret-casalino\\\/#primaryimage\",\"url\":\"https:\\\/\\\/lalmachine.com\\\/wp-content\\\/uploads\\\/2020\\\/06\\\/4329BC1F-FC58-4CDB-B846-4D6D3093D81D-scaled_clipped_rev_1.jpeg\",\"contentUrl\":\"https:\\\/\\\/lalmachine.com\\\/wp-content\\\/uploads\\\/2020\\\/06\\\/4329BC1F-FC58-4CDB-B846-4D6D3093D81D-scaled_clipped_rev_1.jpeg\",\"width\":2223,\"height\":2223},{\"@type\":\"BreadcrumbList\",\"@id\":\"https:\\\/\\\/lalmachine.com\\\/shop\\\/sasseoir\\\/chaise\\\/tabouret-casalino\\\/#breadcrumb\",\"itemListElement\":[{\"@type\":\"ListItem\",\"position\":1,\"name\":\"Accueil\",\"item\":\"https:\\\/\\\/lalmachine.com\\\/\"},{\"@type\":\"ListItem\",\"position\":2,\"name\":\"Shop\",\"item\":\"https:\\\/\\\/lalmachine.com\\\/shop\\\/\"},{\"@type\":\"ListItem\",\"position\":3,\"name\":\"Tabouret Casalino\"}]},{\"@type\":\"WebSite\",\"@id\":\"https:\\\/\\\/lalmachine.com\\\/#website\",\"url\":\"https:\\\/\\\/lalmachine.com\\\/\",\"name\":\"lalmachine.com\",\"description\":\"Brocante en ligne Suisse | Mobilier et objets d\u00e9co vintage et design\",\"potentialAction\":[{\"@type\":\"SearchAction\",\"target\":{\"@type\":\"EntryPoint\",\"urlTemplate\":\"https:\\\/\\\/lalmachine.com\\\/?s={search_term_string}\"},\"query-input\":{\"@type\":\"PropertyValueSpecification\",\"valueRequired\":true,\"valueName\":\"search_term_string\"}}],\"inLanguage\":\"de\"}]}<\/script>\n<!-- \/ Yoast SEO plugin. -->","yoast_head_json":{"title":"Tabouret Casalino | lalmachine.com, mobilier et objets d\u00e9co vintage et design","description":"Tabouret empilable \u201eCasalino\u201c d\u2018Alexander Begge pour Casala. Design de 1979; fabrication de cet exemplaire en 1981. Hauteur de l\u2018assise: 43 cm environ. L\u2018assise a une forme ergonomique pour le rendre s\u00e9ant \u00e0 votre s\u00e9ant!","robots":{"index":"index","follow":"follow","max-snippet":"max-snippet:-1","max-image-preview":"max-image-preview:large","max-video-preview":"max-video-preview:-1"},"canonical":"https:\/\/lalmachine.com\/de\/shop\/sasseoir\/chaise\/tabouret-casalino\/","og_locale":"de_DE","og_type":"article","og_title":"Tabouret Casalino | lalmachine.com, mobilier et objets d\u00e9co vintage et design","og_description":"Tabouret empilable \u201eCasalino\u201c d\u2018Alexander Begge pour Casala. Design de 1979; fabrication de cet exemplaire en 1981. Hauteur de l\u2018assise: 43 cm environ. L\u2018assise a une forme ergonomique pour le rendre s\u00e9ant \u00e0 votre s\u00e9ant!","og_url":"https:\/\/lalmachine.com\/de\/shop\/sasseoir\/chaise\/tabouret-casalino\/","og_site_name":"lalmachine.com","article_publisher":"https:\/\/facebook.com\/lalmachine","article_modified_time":"2024-12-05T20:50:36+00:00","og_image":[{"width":2223,"height":2223,"url":"https:\/\/lalmachine.com\/wp-content\/uploads\/2020\/06\/4329BC1F-FC58-4CDB-B846-4D6D3093D81D-scaled_clipped_rev_1.jpeg","type":"image\/jpeg"}],"twitter_card":"summary_large_image","schema":{"@context":"https:\/\/schema.org","@graph":[{"@type":"WebPage","@id":"https:\/\/lalmachine.com\/shop\/sasseoir\/chaise\/tabouret-casalino\/","url":"https:\/\/lalmachine.com\/shop\/sasseoir\/chaise\/tabouret-casalino\/","name":"Tabouret Casalino | lalmachine.com, mobilier et objets d\u00e9co vintage et design","isPartOf":{"@id":"https:\/\/lalmachine.com\/#website"},"primaryImageOfPage":{"@id":"https:\/\/lalmachine.com\/shop\/sasseoir\/chaise\/tabouret-casalino\/#primaryimage"},"image":{"@id":"https:\/\/lalmachine.com\/shop\/sasseoir\/chaise\/tabouret-casalino\/#primaryimage"},"thumbnailUrl":"https:\/\/lalmachine.com\/wp-content\/uploads\/2020\/06\/4329BC1F-FC58-4CDB-B846-4D6D3093D81D-scaled_clipped_rev_1.jpeg","datePublished":"2020-06-23T15:25:36+00:00","dateModified":"2024-12-05T20:50:36+00:00","description":"Tabouret empilable \u201eCasalino\u201c d\u2018Alexander Begge pour Casala. Design de 1979; fabrication de cet exemplaire en 1981. Hauteur de l\u2018assise: 43 cm environ. L\u2018assise a une forme ergonomique pour le rendre s\u00e9ant \u00e0 votre s\u00e9ant!","breadcrumb":{"@id":"https:\/\/lalmachine.com\/shop\/sasseoir\/chaise\/tabouret-casalino\/#breadcrumb"},"inLanguage":"de","potentialAction":[{"@type":"ReadAction","target":["https:\/\/lalmachine.com\/shop\/sasseoir\/chaise\/tabouret-casalino\/"]}]},{"@type":"ImageObject","inLanguage":"de","@id":"https:\/\/lalmachine.com\/shop\/sasseoir\/chaise\/tabouret-casalino\/#primaryimage","url":"https:\/\/lalmachine.com\/wp-content\/uploads\/2020\/06\/4329BC1F-FC58-4CDB-B846-4D6D3093D81D-scaled_clipped_rev_1.jpeg","contentUrl":"https:\/\/lalmachine.com\/wp-content\/uploads\/2020\/06\/4329BC1F-FC58-4CDB-B846-4D6D3093D81D-scaled_clipped_rev_1.jpeg","width":2223,"height":2223},{"@type":"BreadcrumbList","@id":"https:\/\/lalmachine.com\/shop\/sasseoir\/chaise\/tabouret-casalino\/#breadcrumb","itemListElement":[{"@type":"ListItem","position":1,"name":"Accueil","item":"https:\/\/lalmachine.com\/"},{"@type":"ListItem","position":2,"name":"Shop","item":"https:\/\/lalmachine.com\/shop\/"},{"@type":"ListItem","position":3,"name":"Tabouret Casalino"}]},{"@type":"WebSite","@id":"https:\/\/lalmachine.com\/#website","url":"https:\/\/lalmachine.com\/","name":"lalmachine.com","description":"Brocante en ligne Suisse | Mobilier et objets d\u00e9co vintage et design","potentialAction":[{"@type":"SearchAction","target":{"@type":"EntryPoint","urlTemplate":"https:\/\/lalmachine.com\/?s={search_term_string}"},"query-input":{"@type":"PropertyValueSpecification","valueRequired":true,"valueName":"search_term_string"}}],"inLanguage":"de"}]}},"_links":{"self":[{"href":"https:\/\/lalmachine.com\/de\/wp-json\/wp\/v2\/product\/20595","targetHints":{"allow":["GET"]}}],"collection":[{"href":"https:\/\/lalmachine.com\/de\/wp-json\/wp\/v2\/product"}],"about":[{"href":"https:\/\/lalmachine.com\/de\/wp-json\/wp\/v2\/types\/product"}],"wp:featuredmedia":[{"embeddable":true,"href":"https:\/\/lalmachine.com\/de\/wp-json\/wp\/v2\/media\/20597"}],"wp:attachment":[{"href":"https:\/\/lalmachine.com\/de\/wp-json\/wp\/v2\/media?parent=20595"}],"wp:term":[{"taxonomy":"product_brand","embeddable":true,"href":"https:\/\/lalmachine.com\/de\/wp-json\/wp\/v2\/product_brand?post=20595"},{"taxonomy":"product_cat","embeddable":true,"href":"https:\/\/lalmachine.com\/de\/wp-json\/wp\/v2\/product_cat?post=20595"},{"taxonomy":"product_tag","embeddable":true,"href":"https:\/\/lalmachine.com\/de\/wp-json\/wp\/v2\/product_tag?post=20595"},{"taxonomy":"proximite","embeddable":true,"href":"https:\/\/lalmachine.com\/de\/wp-json\/wp\/v2\/proximite?post=20595"}],"curies":[{"name":"wp","href":"https:\/\/api.w.org\/{rel}","templated":true}]}}