{"id":21727,"date":"2020-07-19T12:11:51","date_gmt":"2020-07-19T10:11:51","guid":{"rendered":"https:\/\/lalmachine.com\/?post_type=product&#038;p=21727"},"modified":"2024-12-05T21:50:36","modified_gmt":"2024-12-05T20:50:36","slug":"chaise-en-bois-farstrup","status":"publish","type":"product","link":"https:\/\/lalmachine.com\/de\/shop\/sasseoir\/chaise\/chaise-en-bois-farstrup\/","title":{"rendered":"Chaise en bois Farstrup (x2)"},"content":{"rendered":"<ul class=\"wpuf_customs\"><li style=\"list-style-type:none;\"><label>Autres photos:<\/label> <a href=\"https:\/\/lalmachine.com\/wp-content\/uploads\/2020\/07\/B22A31B1-FC0E-4A42-92DA-4609C2F0BD9D.jpeg\"><img loading=\"lazy\" decoding=\"async\" width=\"96\" height=\"96\" src=\"https:\/\/lalmachine.com\/wp-content\/uploads\/2020\/07\/B22A31B1-FC0E-4A42-92DA-4609C2F0BD9D-150x150.jpeg\" class=\"attachment-thumbnail size-thumbnail\" alt=\"\" \/><\/a> <a href=\"https:\/\/lalmachine.com\/wp-content\/uploads\/2020\/07\/DBB65ADF-7691-4A8F-B57A-CB423FD7499E.jpeg\"><img loading=\"lazy\" decoding=\"async\" width=\"96\" height=\"96\" src=\"https:\/\/lalmachine.com\/wp-content\/uploads\/2020\/07\/DBB65ADF-7691-4A8F-B57A-CB423FD7499E-150x150.jpeg\" class=\"attachment-thumbnail size-thumbnail\" alt=\"\" \/><\/a> <\/li>        <li class=\"wpuf-field-data wpuf-field-data-numeric_text_field\">\n                            <label>Prix:<\/label>\n                        110        <\/li>\n                <li class=\"wpuf-field-data wpuf-field-data-numeric_text_field\">\n                            <label>Hauteur (cm):<\/label>\n                        82        <\/li>\n                <li class=\"wpuf-field-data wpuf-field-data-numeric_text_field\">\n                            <label>Largeur (cm):<\/label>\n                        39        <\/li>\n                <li class=\"wpuf-field-data wpuf-field-data-numeric_text_field\">\n                            <label>Profondeur (cm):<\/label>\n                        39        <\/li>\n        <\/ul>","protected":false},"excerpt":{"rendered":"<p>Chaise Farstrup d\u2019origine en tr\u00e8s bon \u00e9tat. Deux pi\u00e8ces disponibles, prix indiqu\u00e9 par pi\u00e8ce.<\/p>","protected":false},"featured_media":21728,"template":"","meta":{"_et_pb_use_builder":"","_et_pb_old_content":"","_et_gb_content_width":""},"product_brand":[],"product_cat":[100,48],"product_tag":[],"proximite":[177,232],"class_list":{"0":"post-21727","1":"product","2":"type-product","3":"status-publish","4":"has-post-thumbnail","6":"product_cat-chaise","7":"product_cat-sasseoir","8":"pa_couleur-bois","9":"pa_etat-bon-etat","10":"pa_materiau-bois","11":"pa_style-scandinave","12":"proximite-fribourg","13":"proximite-glane","15":"first","16":"outofstock","17":"shipping-taxable","18":"purchasable","19":"product-type-simple"},"yoast_head":"<!-- This site is optimized with the Yoast SEO plugin v27.4 - https:\/\/yoast.com\/product\/yoast-seo-wordpress\/ -->\n<title>Chaise en bois Farstrup (x2) | lalmachine.com, mobilier et objets d\u00e9co vintage et design<\/title>\n<meta name=\"description\" content=\"Chaise Farstrup d\u2019origine en tr\u00e8s bon \u00e9tat. Deux pi\u00e8ces disponibles, prix indiqu\u00e9 par pi\u00e8ce.\" \/>\n<meta name=\"robots\" content=\"index, follow, max-snippet:-1, max-image-preview:large, max-video-preview:-1\" \/>\n<link rel=\"canonical\" href=\"http:\/\/lalmachine.com\/de\/shop\/sasseoir\/chaise\/chaise-en-bois-farstrup\/\" \/>\n<meta property=\"og:locale\" content=\"de_DE\" \/>\n<meta property=\"og:type\" content=\"article\" \/>\n<meta property=\"og:title\" content=\"Chaise en bois Farstrup (x2) | lalmachine.com, mobilier et objets d\u00e9co vintage et design\" \/>\n<meta property=\"og:description\" content=\"Chaise Farstrup d\u2019origine en tr\u00e8s bon \u00e9tat. Deux pi\u00e8ces disponibles, prix indiqu\u00e9 par pi\u00e8ce.\" \/>\n<meta property=\"og:url\" content=\"http:\/\/lalmachine.com\/de\/shop\/sasseoir\/chaise\/chaise-en-bois-farstrup\/\" \/>\n<meta property=\"og:site_name\" content=\"lalmachine.com\" \/>\n<meta property=\"article:publisher\" content=\"https:\/\/facebook.com\/lalmachine\" \/>\n<meta property=\"article:modified_time\" content=\"2024-12-05T20:50:36+00:00\" \/>\n<meta property=\"og:image\" content=\"https:\/\/lalmachine.com\/wp-content\/uploads\/2020\/07\/B22A31B1-FC0E-4A42-92DA-4609C2F0BD9D_clipped_rev_1.jpg\" \/>\n\t<meta property=\"og:image:width\" content=\"2182\" \/>\n\t<meta property=\"og:image:height\" content=\"2182\" \/>\n\t<meta property=\"og:image:type\" content=\"image\/jpeg\" \/>\n<meta name=\"twitter:card\" content=\"summary_large_image\" \/>\n<script type=\"application\/ld+json\" class=\"yoast-schema-graph\">{\"@context\":\"https:\\\/\\\/schema.org\",\"@graph\":[{\"@type\":\"WebPage\",\"@id\":\"http:\\\/\\\/lalmachine.com\\\/de\\\/shop\\\/sasseoir\\\/chaise\\\/chaise-en-bois-farstrup\\\/\",\"url\":\"http:\\\/\\\/lalmachine.com\\\/de\\\/shop\\\/sasseoir\\\/chaise\\\/chaise-en-bois-farstrup\\\/\",\"name\":\"Chaise en bois Farstrup (x2) | lalmachine.com, mobilier et objets d\u00e9co vintage et design\",\"isPartOf\":{\"@id\":\"https:\\\/\\\/lalmachine.com\\\/#website\"},\"primaryImageOfPage\":{\"@id\":\"http:\\\/\\\/lalmachine.com\\\/de\\\/shop\\\/sasseoir\\\/chaise\\\/chaise-en-bois-farstrup\\\/#primaryimage\"},\"image\":{\"@id\":\"http:\\\/\\\/lalmachine.com\\\/de\\\/shop\\\/sasseoir\\\/chaise\\\/chaise-en-bois-farstrup\\\/#primaryimage\"},\"thumbnailUrl\":\"https:\\\/\\\/lalmachine.com\\\/wp-content\\\/uploads\\\/2020\\\/07\\\/B22A31B1-FC0E-4A42-92DA-4609C2F0BD9D_clipped_rev_1.jpg\",\"datePublished\":\"2020-07-19T10:11:51+00:00\",\"dateModified\":\"2024-12-05T20:50:36+00:00\",\"description\":\"Chaise Farstrup d\u2019origine en tr\u00e8s bon \u00e9tat. Deux pi\u00e8ces disponibles, prix indiqu\u00e9 par pi\u00e8ce.\",\"breadcrumb\":{\"@id\":\"http:\\\/\\\/lalmachine.com\\\/de\\\/shop\\\/sasseoir\\\/chaise\\\/chaise-en-bois-farstrup\\\/#breadcrumb\"},\"inLanguage\":\"de\",\"potentialAction\":[{\"@type\":\"ReadAction\",\"target\":[\"http:\\\/\\\/lalmachine.com\\\/de\\\/shop\\\/sasseoir\\\/chaise\\\/chaise-en-bois-farstrup\\\/\"]}]},{\"@type\":\"ImageObject\",\"inLanguage\":\"de\",\"@id\":\"http:\\\/\\\/lalmachine.com\\\/de\\\/shop\\\/sasseoir\\\/chaise\\\/chaise-en-bois-farstrup\\\/#primaryimage\",\"url\":\"https:\\\/\\\/lalmachine.com\\\/wp-content\\\/uploads\\\/2020\\\/07\\\/B22A31B1-FC0E-4A42-92DA-4609C2F0BD9D_clipped_rev_1.jpg\",\"contentUrl\":\"https:\\\/\\\/lalmachine.com\\\/wp-content\\\/uploads\\\/2020\\\/07\\\/B22A31B1-FC0E-4A42-92DA-4609C2F0BD9D_clipped_rev_1.jpg\",\"width\":2182,\"height\":2182,\"caption\":\"Chaise Farstrup\"},{\"@type\":\"BreadcrumbList\",\"@id\":\"http:\\\/\\\/lalmachine.com\\\/de\\\/shop\\\/sasseoir\\\/chaise\\\/chaise-en-bois-farstrup\\\/#breadcrumb\",\"itemListElement\":[{\"@type\":\"ListItem\",\"position\":1,\"name\":\"Accueil\",\"item\":\"https:\\\/\\\/lalmachine.com\\\/\"},{\"@type\":\"ListItem\",\"position\":2,\"name\":\"Shop\",\"item\":\"https:\\\/\\\/lalmachine.com\\\/shop\\\/\"},{\"@type\":\"ListItem\",\"position\":3,\"name\":\"Chaise en bois Farstrup (x2)\"}]},{\"@type\":\"WebSite\",\"@id\":\"https:\\\/\\\/lalmachine.com\\\/#website\",\"url\":\"https:\\\/\\\/lalmachine.com\\\/\",\"name\":\"lalmachine.com\",\"description\":\"Brocante en ligne Suisse | Mobilier et objets d\u00e9co vintage et design\",\"potentialAction\":[{\"@type\":\"SearchAction\",\"target\":{\"@type\":\"EntryPoint\",\"urlTemplate\":\"https:\\\/\\\/lalmachine.com\\\/?s={search_term_string}\"},\"query-input\":{\"@type\":\"PropertyValueSpecification\",\"valueRequired\":true,\"valueName\":\"search_term_string\"}}],\"inLanguage\":\"de\"}]}<\/script>\n<!-- \/ Yoast SEO plugin. -->","yoast_head_json":{"title":"Chaise en bois Farstrup (x2) | lalmachine.com, mobilier et objets d\u00e9co vintage et design","description":"Chaise Farstrup d\u2019origine en tr\u00e8s bon \u00e9tat. Deux pi\u00e8ces disponibles, prix indiqu\u00e9 par pi\u00e8ce.","robots":{"index":"index","follow":"follow","max-snippet":"max-snippet:-1","max-image-preview":"max-image-preview:large","max-video-preview":"max-video-preview:-1"},"canonical":"http:\/\/lalmachine.com\/de\/shop\/sasseoir\/chaise\/chaise-en-bois-farstrup\/","og_locale":"de_DE","og_type":"article","og_title":"Chaise en bois Farstrup (x2) | lalmachine.com, mobilier et objets d\u00e9co vintage et design","og_description":"Chaise Farstrup d\u2019origine en tr\u00e8s bon \u00e9tat. Deux pi\u00e8ces disponibles, prix indiqu\u00e9 par pi\u00e8ce.","og_url":"http:\/\/lalmachine.com\/de\/shop\/sasseoir\/chaise\/chaise-en-bois-farstrup\/","og_site_name":"lalmachine.com","article_publisher":"https:\/\/facebook.com\/lalmachine","article_modified_time":"2024-12-05T20:50:36+00:00","og_image":[{"width":2182,"height":2182,"url":"https:\/\/lalmachine.com\/wp-content\/uploads\/2020\/07\/B22A31B1-FC0E-4A42-92DA-4609C2F0BD9D_clipped_rev_1.jpg","type":"image\/jpeg"}],"twitter_card":"summary_large_image","schema":{"@context":"https:\/\/schema.org","@graph":[{"@type":"WebPage","@id":"http:\/\/lalmachine.com\/de\/shop\/sasseoir\/chaise\/chaise-en-bois-farstrup\/","url":"http:\/\/lalmachine.com\/de\/shop\/sasseoir\/chaise\/chaise-en-bois-farstrup\/","name":"Chaise en bois Farstrup (x2) | lalmachine.com, mobilier et objets d\u00e9co vintage et design","isPartOf":{"@id":"https:\/\/lalmachine.com\/#website"},"primaryImageOfPage":{"@id":"http:\/\/lalmachine.com\/de\/shop\/sasseoir\/chaise\/chaise-en-bois-farstrup\/#primaryimage"},"image":{"@id":"http:\/\/lalmachine.com\/de\/shop\/sasseoir\/chaise\/chaise-en-bois-farstrup\/#primaryimage"},"thumbnailUrl":"https:\/\/lalmachine.com\/wp-content\/uploads\/2020\/07\/B22A31B1-FC0E-4A42-92DA-4609C2F0BD9D_clipped_rev_1.jpg","datePublished":"2020-07-19T10:11:51+00:00","dateModified":"2024-12-05T20:50:36+00:00","description":"Chaise Farstrup d\u2019origine en tr\u00e8s bon \u00e9tat. Deux pi\u00e8ces disponibles, prix indiqu\u00e9 par pi\u00e8ce.","breadcrumb":{"@id":"http:\/\/lalmachine.com\/de\/shop\/sasseoir\/chaise\/chaise-en-bois-farstrup\/#breadcrumb"},"inLanguage":"de","potentialAction":[{"@type":"ReadAction","target":["http:\/\/lalmachine.com\/de\/shop\/sasseoir\/chaise\/chaise-en-bois-farstrup\/"]}]},{"@type":"ImageObject","inLanguage":"de","@id":"http:\/\/lalmachine.com\/de\/shop\/sasseoir\/chaise\/chaise-en-bois-farstrup\/#primaryimage","url":"https:\/\/lalmachine.com\/wp-content\/uploads\/2020\/07\/B22A31B1-FC0E-4A42-92DA-4609C2F0BD9D_clipped_rev_1.jpg","contentUrl":"https:\/\/lalmachine.com\/wp-content\/uploads\/2020\/07\/B22A31B1-FC0E-4A42-92DA-4609C2F0BD9D_clipped_rev_1.jpg","width":2182,"height":2182,"caption":"Chaise Farstrup"},{"@type":"BreadcrumbList","@id":"http:\/\/lalmachine.com\/de\/shop\/sasseoir\/chaise\/chaise-en-bois-farstrup\/#breadcrumb","itemListElement":[{"@type":"ListItem","position":1,"name":"Accueil","item":"https:\/\/lalmachine.com\/"},{"@type":"ListItem","position":2,"name":"Shop","item":"https:\/\/lalmachine.com\/shop\/"},{"@type":"ListItem","position":3,"name":"Chaise en bois Farstrup (x2)"}]},{"@type":"WebSite","@id":"https:\/\/lalmachine.com\/#website","url":"https:\/\/lalmachine.com\/","name":"lalmachine.com","description":"Brocante en ligne Suisse | Mobilier et objets d\u00e9co vintage et design","potentialAction":[{"@type":"SearchAction","target":{"@type":"EntryPoint","urlTemplate":"https:\/\/lalmachine.com\/?s={search_term_string}"},"query-input":{"@type":"PropertyValueSpecification","valueRequired":true,"valueName":"search_term_string"}}],"inLanguage":"de"}]}},"_links":{"self":[{"href":"https:\/\/lalmachine.com\/de\/wp-json\/wp\/v2\/product\/21727","targetHints":{"allow":["GET"]}}],"collection":[{"href":"https:\/\/lalmachine.com\/de\/wp-json\/wp\/v2\/product"}],"about":[{"href":"https:\/\/lalmachine.com\/de\/wp-json\/wp\/v2\/types\/product"}],"wp:featuredmedia":[{"embeddable":true,"href":"https:\/\/lalmachine.com\/de\/wp-json\/wp\/v2\/media\/21728"}],"wp:attachment":[{"href":"https:\/\/lalmachine.com\/de\/wp-json\/wp\/v2\/media?parent=21727"}],"wp:term":[{"taxonomy":"product_brand","embeddable":true,"href":"https:\/\/lalmachine.com\/de\/wp-json\/wp\/v2\/product_brand?post=21727"},{"taxonomy":"product_cat","embeddable":true,"href":"https:\/\/lalmachine.com\/de\/wp-json\/wp\/v2\/product_cat?post=21727"},{"taxonomy":"product_tag","embeddable":true,"href":"https:\/\/lalmachine.com\/de\/wp-json\/wp\/v2\/product_tag?post=21727"},{"taxonomy":"proximite","embeddable":true,"href":"https:\/\/lalmachine.com\/de\/wp-json\/wp\/v2\/proximite?post=21727"}],"curies":[{"name":"wp","href":"https:\/\/api.w.org\/{rel}","templated":true}]}}