{"id":242358,"date":"2021-11-27T19:55:30","date_gmt":"2021-11-27T18:55:30","guid":{"rendered":"https:\/\/lalmachine.com\/?post_type=product&#038;p=242358"},"modified":"2024-12-05T21:52:53","modified_gmt":"2024-12-05T20:52:53","slug":"coupelle-en-forme-de-palme-50s","status":"publish","type":"product","link":"https:\/\/lalmachine.com\/de\/shop\/decorer\/decoration\/coupelle-en-forme-de-palme-50s\/","title":{"rendered":"Coupelle en forme de palme 50s"},"content":{"rendered":"<ul class=\"wpuf_customs\"><li style=\"list-style-type:none;\"><label>Autres photos:<\/label> <a href=\"https:\/\/lalmachine.com\/wp-content\/uploads\/2021\/11\/20210402_143158-41c15dad.jpg\"><img loading=\"lazy\" decoding=\"async\" width=\"128\" height=\"89\" src=\"https:\/\/lalmachine.com\/wp-content\/uploads\/2021\/11\/20210402_143158-41c15dad.jpg\" class=\"attachment-thumbnail size-thumbnail\" alt=\"\" \/><\/a> <a href=\"https:\/\/lalmachine.com\/wp-content\/uploads\/2021\/11\/20210402_143447-7bc664b9.jpg\"><img loading=\"lazy\" decoding=\"async\" width=\"96\" height=\"96\" src=\"https:\/\/lalmachine.com\/wp-content\/uploads\/2021\/11\/20210402_143447-7bc664b9.jpg\" class=\"attachment-thumbnail size-thumbnail\" alt=\"\" \/><\/a> <a href=\"https:\/\/lalmachine.com\/wp-content\/uploads\/2021\/11\/20211126_151225-b37b5023.jpg\"><img loading=\"lazy\" decoding=\"async\" width=\"72\" height=\"96\" src=\"https:\/\/lalmachine.com\/wp-content\/uploads\/2021\/11\/20211126_151225-b37b5023.jpg\" class=\"attachment-thumbnail size-thumbnail\" alt=\"\" \/><\/a> <a href=\"https:\/\/lalmachine.com\/wp-content\/uploads\/2021\/11\/Capture-decran-2021-11-26-a-15.01.17-901b8e42.jpg\"><img loading=\"lazy\" decoding=\"async\" width=\"96\" height=\"96\" src=\"https:\/\/lalmachine.com\/wp-content\/uploads\/2021\/11\/Capture-decran-2021-11-26-a-15.01.17-901b8e42.jpg\" class=\"attachment-thumbnail size-thumbnail\" alt=\"\" \/><\/a> <\/li>        <li class=\"wpuf-field-data wpuf-field-data-numeric_text_field\">\n                            <label>Prix:<\/label>\n                        15        <\/li>\n                <li class=\"wpuf-field-data wpuf-field-data-numeric_text_field\">\n                            <label>Quantit\u00e9:<\/label>\n                        3        <\/li>\n                <li class=\"wpuf-field-data wpuf-field-data-numeric_text_field\">\n                            <label>Hauteur (cm):<\/label>\n                        21        <\/li>\n                <li class=\"wpuf-field-data wpuf-field-data-numeric_text_field\">\n                            <label>Largeur (cm):<\/label>\n                        8        <\/li>\n                <li class=\"wpuf-field-data wpuf-field-data-numeric_text_field\">\n                            <label>Profondeur (cm):<\/label>\n                        2        <\/li>\n        <\/ul>","protected":false},"excerpt":{"rendered":"<p>Coupelle r\u00e9tro des ann\u00e9es 50 en forme de palme ou de feuille nervur\u00e9e en verre transparent.<\/p>\n<p>Parfait comme vide poche pour mettre ses bijoux ou ses clefs mais aussi comme porte savon ou petit ravier pour l&#8217;ap\u00e9ro. Libre \u00e0 vous de choisir sa vocation \ud83d\ude0a<\/p>\n<p>En verre transparent \u00e9pais.<br \/>\nEn parfait \u00e9tat<\/p>\n<p><strong>Quantit\u00e9 :<\/strong> 3 dispo. Prix \u00e0 l&#8217;unit\u00e9<\/p>","protected":false},"featured_media":242481,"template":"","meta":{"_et_pb_use_builder":"","_et_pb_old_content":"","_et_gb_content_width":""},"product_brand":[],"product_cat":[94,50],"product_tag":[],"proximite":[203],"class_list":{"0":"post-242358","1":"product","2":"type-product","3":"status-publish","4":"has-post-thumbnail","6":"product_cat-decoration","7":"product_cat-decorer","8":"product_shipping_class-2-10-kg","9":"pa_couleur-transparent","10":"pa_etat-tres-bon-etat","11":"pa_materiau-verre","12":"pa_style-vintage","13":"proximite-neuchatel","15":"first","16":"instock","17":"shipping-taxable","18":"purchasable","19":"product-type-simple"},"yoast_head":"<!-- This site is optimized with the Yoast SEO plugin v27.4 - https:\/\/yoast.com\/product\/yoast-seo-wordpress\/ -->\n<title>Coupelle en forme de palme 50s | lalmachine.com<\/title>\n<meta name=\"description\" content=\"Coupelle r\u00e9tro des ann\u00e9es 50 en forme de palme ou de feuille nervur\u00e9e en verre transparent.\" \/>\n<meta name=\"robots\" content=\"index, follow, max-snippet:-1, max-image-preview:large, max-video-preview:-1\" \/>\n<link rel=\"canonical\" href=\"https:\/\/lalmachine.com\/de\/shop\/decorer\/decoration\/coupelle-en-forme-de-palme-50s\/\" \/>\n<meta property=\"og:locale\" content=\"de_DE\" \/>\n<meta property=\"og:type\" content=\"article\" \/>\n<meta property=\"og:title\" content=\"Coupelle en forme de palme 50s | lalmachine.com\" \/>\n<meta property=\"og:description\" content=\"Coupelle r\u00e9tro des ann\u00e9es 50 en forme de palme ou de feuille nervur\u00e9e en verre transparent.\" \/>\n<meta property=\"og:url\" content=\"https:\/\/lalmachine.com\/de\/shop\/decorer\/decoration\/coupelle-en-forme-de-palme-50s\/\" \/>\n<meta property=\"og:site_name\" content=\"lalmachine.com\" \/>\n<meta property=\"article:publisher\" content=\"https:\/\/facebook.com\/lalmachine\" \/>\n<meta property=\"article:modified_time\" content=\"2024-12-05T20:52:53+00:00\" \/>\n<meta property=\"og:image\" content=\"https:\/\/lalmachine.com\/wp-content\/uploads\/2021\/11\/20210402_143158-41c15dad_clipped_rev_1.jpeg\" \/>\n\t<meta property=\"og:image:width\" content=\"3208\" \/>\n\t<meta property=\"og:image:height\" content=\"3209\" \/>\n\t<meta property=\"og:image:type\" content=\"image\/jpeg\" \/>\n<meta name=\"twitter:card\" content=\"summary_large_image\" \/>\n<script type=\"application\/ld+json\" class=\"yoast-schema-graph\">{\"@context\":\"https:\\\/\\\/schema.org\",\"@graph\":[{\"@type\":\"WebPage\",\"@id\":\"https:\\\/\\\/lalmachine.com\\\/shop\\\/decorer\\\/decoration\\\/coupelle-en-forme-de-palme-50s\\\/\",\"url\":\"https:\\\/\\\/lalmachine.com\\\/shop\\\/decorer\\\/decoration\\\/coupelle-en-forme-de-palme-50s\\\/\",\"name\":\"Coupelle en forme de palme 50s | lalmachine.com\",\"isPartOf\":{\"@id\":\"https:\\\/\\\/lalmachine.com\\\/#website\"},\"primaryImageOfPage\":{\"@id\":\"https:\\\/\\\/lalmachine.com\\\/shop\\\/decorer\\\/decoration\\\/coupelle-en-forme-de-palme-50s\\\/#primaryimage\"},\"image\":{\"@id\":\"https:\\\/\\\/lalmachine.com\\\/shop\\\/decorer\\\/decoration\\\/coupelle-en-forme-de-palme-50s\\\/#primaryimage\"},\"thumbnailUrl\":\"https:\\\/\\\/lalmachine.com\\\/wp-content\\\/uploads\\\/2021\\\/11\\\/20210402_143158-41c15dad_clipped_rev_1.jpeg\",\"datePublished\":\"2021-11-27T18:55:30+00:00\",\"dateModified\":\"2024-12-05T20:52:53+00:00\",\"description\":\"Coupelle r\u00e9tro des ann\u00e9es 50 en forme de palme ou de feuille nervur\u00e9e en verre transparent.\",\"breadcrumb\":{\"@id\":\"https:\\\/\\\/lalmachine.com\\\/shop\\\/decorer\\\/decoration\\\/coupelle-en-forme-de-palme-50s\\\/#breadcrumb\"},\"inLanguage\":\"de\",\"potentialAction\":[{\"@type\":\"ReadAction\",\"target\":[\"https:\\\/\\\/lalmachine.com\\\/shop\\\/decorer\\\/decoration\\\/coupelle-en-forme-de-palme-50s\\\/\"]}]},{\"@type\":\"ImageObject\",\"inLanguage\":\"de\",\"@id\":\"https:\\\/\\\/lalmachine.com\\\/shop\\\/decorer\\\/decoration\\\/coupelle-en-forme-de-palme-50s\\\/#primaryimage\",\"url\":\"https:\\\/\\\/lalmachine.com\\\/wp-content\\\/uploads\\\/2021\\\/11\\\/20210402_143158-41c15dad_clipped_rev_1.jpeg\",\"contentUrl\":\"https:\\\/\\\/lalmachine.com\\\/wp-content\\\/uploads\\\/2021\\\/11\\\/20210402_143158-41c15dad_clipped_rev_1.jpeg\",\"width\":3208,\"height\":3209,\"caption\":\"Coupelle en forme de palme 50s\"},{\"@type\":\"BreadcrumbList\",\"@id\":\"https:\\\/\\\/lalmachine.com\\\/shop\\\/decorer\\\/decoration\\\/coupelle-en-forme-de-palme-50s\\\/#breadcrumb\",\"itemListElement\":[{\"@type\":\"ListItem\",\"position\":1,\"name\":\"Accueil\",\"item\":\"https:\\\/\\\/lalmachine.com\\\/\"},{\"@type\":\"ListItem\",\"position\":2,\"name\":\"Shop\",\"item\":\"https:\\\/\\\/lalmachine.com\\\/shop\\\/\"},{\"@type\":\"ListItem\",\"position\":3,\"name\":\"Coupelle en forme de palme 50s\"}]},{\"@type\":\"WebSite\",\"@id\":\"https:\\\/\\\/lalmachine.com\\\/#website\",\"url\":\"https:\\\/\\\/lalmachine.com\\\/\",\"name\":\"lalmachine.com\",\"description\":\"Brocante en ligne Suisse | Mobilier et objets d\u00e9co vintage et design\",\"potentialAction\":[{\"@type\":\"SearchAction\",\"target\":{\"@type\":\"EntryPoint\",\"urlTemplate\":\"https:\\\/\\\/lalmachine.com\\\/?s={search_term_string}\"},\"query-input\":{\"@type\":\"PropertyValueSpecification\",\"valueRequired\":true,\"valueName\":\"search_term_string\"}}],\"inLanguage\":\"de\"}]}<\/script>\n<!-- \/ Yoast SEO plugin. -->","yoast_head_json":{"title":"Coupelle en forme de palme 50s | lalmachine.com","description":"Coupelle r\u00e9tro des ann\u00e9es 50 en forme de palme ou de feuille nervur\u00e9e en verre transparent.","robots":{"index":"index","follow":"follow","max-snippet":"max-snippet:-1","max-image-preview":"max-image-preview:large","max-video-preview":"max-video-preview:-1"},"canonical":"https:\/\/lalmachine.com\/de\/shop\/decorer\/decoration\/coupelle-en-forme-de-palme-50s\/","og_locale":"de_DE","og_type":"article","og_title":"Coupelle en forme de palme 50s | lalmachine.com","og_description":"Coupelle r\u00e9tro des ann\u00e9es 50 en forme de palme ou de feuille nervur\u00e9e en verre transparent.","og_url":"https:\/\/lalmachine.com\/de\/shop\/decorer\/decoration\/coupelle-en-forme-de-palme-50s\/","og_site_name":"lalmachine.com","article_publisher":"https:\/\/facebook.com\/lalmachine","article_modified_time":"2024-12-05T20:52:53+00:00","og_image":[{"width":3208,"height":3209,"url":"https:\/\/lalmachine.com\/wp-content\/uploads\/2021\/11\/20210402_143158-41c15dad_clipped_rev_1.jpeg","type":"image\/jpeg"}],"twitter_card":"summary_large_image","schema":{"@context":"https:\/\/schema.org","@graph":[{"@type":"WebPage","@id":"https:\/\/lalmachine.com\/shop\/decorer\/decoration\/coupelle-en-forme-de-palme-50s\/","url":"https:\/\/lalmachine.com\/shop\/decorer\/decoration\/coupelle-en-forme-de-palme-50s\/","name":"Coupelle en forme de palme 50s | lalmachine.com","isPartOf":{"@id":"https:\/\/lalmachine.com\/#website"},"primaryImageOfPage":{"@id":"https:\/\/lalmachine.com\/shop\/decorer\/decoration\/coupelle-en-forme-de-palme-50s\/#primaryimage"},"image":{"@id":"https:\/\/lalmachine.com\/shop\/decorer\/decoration\/coupelle-en-forme-de-palme-50s\/#primaryimage"},"thumbnailUrl":"https:\/\/lalmachine.com\/wp-content\/uploads\/2021\/11\/20210402_143158-41c15dad_clipped_rev_1.jpeg","datePublished":"2021-11-27T18:55:30+00:00","dateModified":"2024-12-05T20:52:53+00:00","description":"Coupelle r\u00e9tro des ann\u00e9es 50 en forme de palme ou de feuille nervur\u00e9e en verre transparent.","breadcrumb":{"@id":"https:\/\/lalmachine.com\/shop\/decorer\/decoration\/coupelle-en-forme-de-palme-50s\/#breadcrumb"},"inLanguage":"de","potentialAction":[{"@type":"ReadAction","target":["https:\/\/lalmachine.com\/shop\/decorer\/decoration\/coupelle-en-forme-de-palme-50s\/"]}]},{"@type":"ImageObject","inLanguage":"de","@id":"https:\/\/lalmachine.com\/shop\/decorer\/decoration\/coupelle-en-forme-de-palme-50s\/#primaryimage","url":"https:\/\/lalmachine.com\/wp-content\/uploads\/2021\/11\/20210402_143158-41c15dad_clipped_rev_1.jpeg","contentUrl":"https:\/\/lalmachine.com\/wp-content\/uploads\/2021\/11\/20210402_143158-41c15dad_clipped_rev_1.jpeg","width":3208,"height":3209,"caption":"Coupelle en forme de palme 50s"},{"@type":"BreadcrumbList","@id":"https:\/\/lalmachine.com\/shop\/decorer\/decoration\/coupelle-en-forme-de-palme-50s\/#breadcrumb","itemListElement":[{"@type":"ListItem","position":1,"name":"Accueil","item":"https:\/\/lalmachine.com\/"},{"@type":"ListItem","position":2,"name":"Shop","item":"https:\/\/lalmachine.com\/shop\/"},{"@type":"ListItem","position":3,"name":"Coupelle en forme de palme 50s"}]},{"@type":"WebSite","@id":"https:\/\/lalmachine.com\/#website","url":"https:\/\/lalmachine.com\/","name":"lalmachine.com","description":"Brocante en ligne Suisse | Mobilier et objets d\u00e9co vintage et design","potentialAction":[{"@type":"SearchAction","target":{"@type":"EntryPoint","urlTemplate":"https:\/\/lalmachine.com\/?s={search_term_string}"},"query-input":{"@type":"PropertyValueSpecification","valueRequired":true,"valueName":"search_term_string"}}],"inLanguage":"de"}]}},"_links":{"self":[{"href":"https:\/\/lalmachine.com\/de\/wp-json\/wp\/v2\/product\/242358","targetHints":{"allow":["GET"]}}],"collection":[{"href":"https:\/\/lalmachine.com\/de\/wp-json\/wp\/v2\/product"}],"about":[{"href":"https:\/\/lalmachine.com\/de\/wp-json\/wp\/v2\/types\/product"}],"wp:featuredmedia":[{"embeddable":true,"href":"https:\/\/lalmachine.com\/de\/wp-json\/wp\/v2\/media\/242481"}],"wp:attachment":[{"href":"https:\/\/lalmachine.com\/de\/wp-json\/wp\/v2\/media?parent=242358"}],"wp:term":[{"taxonomy":"product_brand","embeddable":true,"href":"https:\/\/lalmachine.com\/de\/wp-json\/wp\/v2\/product_brand?post=242358"},{"taxonomy":"product_cat","embeddable":true,"href":"https:\/\/lalmachine.com\/de\/wp-json\/wp\/v2\/product_cat?post=242358"},{"taxonomy":"product_tag","embeddable":true,"href":"https:\/\/lalmachine.com\/de\/wp-json\/wp\/v2\/product_tag?post=242358"},{"taxonomy":"proximite","embeddable":true,"href":"https:\/\/lalmachine.com\/de\/wp-json\/wp\/v2\/proximite?post=242358"}],"curies":[{"name":"wp","href":"https:\/\/api.w.org\/{rel}","templated":true}]}}