{"id":244529,"date":"2021-12-08T11:36:20","date_gmt":"2021-12-08T10:36:20","guid":{"rendered":"https:\/\/lalmachine.com\/?post_type=product&#038;p=244529"},"modified":"2024-12-05T21:52:56","modified_gmt":"2024-12-05T20:52:56","slug":"gueridon-anglais","status":"publish","type":"product","link":"https:\/\/lalmachine.com\/de\/shop\/meubler\/table-basse-dappoint\/gueridon-anglais\/","title":{"rendered":"Gu\u00e9ridon anglais"},"content":{"rendered":"<ul class=\"wpuf_customs\"><li style=\"list-style-type:none;\"><label>Autres photos:<\/label> <a href=\"https:\/\/lalmachine.com\/wp-content\/uploads\/2021\/12\/Gue\u0301ridon-anglais2-0660e743.png\"><img loading=\"lazy\" decoding=\"async\" width=\"72\" height=\"96\" src=\"https:\/\/lalmachine.com\/wp-content\/uploads\/2021\/12\/Gue\u0301ridon-anglais2-0660e743.png\" class=\"attachment-thumbnail size-thumbnail\" alt=\"\" \/><\/a> <a href=\"https:\/\/lalmachine.com\/wp-content\/uploads\/2021\/12\/Gue\u0301ridon-anglais3-a35b31a2.png\"><img loading=\"lazy\" decoding=\"async\" width=\"72\" height=\"96\" src=\"https:\/\/lalmachine.com\/wp-content\/uploads\/2021\/12\/Gue\u0301ridon-anglais3-a35b31a2.png\" class=\"attachment-thumbnail size-thumbnail\" alt=\"\" \/><\/a> <a href=\"https:\/\/lalmachine.com\/wp-content\/uploads\/2021\/12\/Gue\u0301ridon-anglais4-9b130d58.png\"><img loading=\"lazy\" decoding=\"async\" width=\"72\" height=\"96\" src=\"https:\/\/lalmachine.com\/wp-content\/uploads\/2021\/12\/Gue\u0301ridon-anglais4-9b130d58.png\" class=\"attachment-thumbnail size-thumbnail\" alt=\"\" \/><\/a> <\/li>        <li class=\"wpuf-field-data wpuf-field-data-numeric_text_field\">\n                            <label>Prix:<\/label>\n                        250        <\/li>\n                <li class=\"wpuf-field-data wpuf-field-data-numeric_text_field\">\n                            <label>Quantit\u00e9:<\/label>\n                        1        <\/li>\n                <li class=\"wpuf-field-data wpuf-field-data-numeric_text_field\">\n                            <label>Hauteur (cm):<\/label>\n                        75        <\/li>\n                <li class=\"wpuf-field-data wpuf-field-data-numeric_text_field\">\n                            <label>Largeur (cm):<\/label>\n                        54        <\/li>\n                <li class=\"wpuf-field-data wpuf-field-data-numeric_text_field\">\n                            <label>Profondeur (cm):<\/label>\n                        54        <\/li>\n        <\/ul>","protected":false},"excerpt":{"rendered":"<p>Un chef d&#8217;\u0153uvre \u00e0 exposer comme\u00a0meuble d&#8217;entr\u00e9e\u00a0ou dans votre salon, ses d\u00e9tails sculpt\u00e9s ajouteront une note pr\u00e9cieuse et vintage \u00e0 votre d\u00e9co.<br \/>\nCe gu\u00e9ridon rond anglais de style R\u00e9gency est en acajou. Avec son pied central avec des roulettes, son dessus en cuir vert et ses deux tiroirs, ce meuble du 19\u00e8me sera du plus bel effet chez vous.<\/p>","protected":false},"featured_media":244619,"template":"","meta":{"_et_pb_use_builder":"","_et_pb_old_content":"","_et_gb_content_width":""},"product_brand":[],"product_cat":[47,459],"product_tag":[],"proximite":[283,179],"class_list":{"0":"post-244529","1":"product","2":"type-product","3":"status-publish","4":"has-post-thumbnail","6":"product_cat-meubler","7":"product_cat-table-basse-dappoint","8":"pa_couleur-bois","9":"pa_etat-dans-son-jus","10":"pa_materiau-bois","11":"pa_style-vintage","12":"proximite-riviera-pays-denhaut","13":"proximite-vaud","15":"first","16":"instock","17":"shipping-taxable","18":"purchasable","19":"product-type-simple"},"yoast_head":"<!-- This site is optimized with the Yoast SEO plugin v27.4 - https:\/\/yoast.com\/product\/yoast-seo-wordpress\/ -->\n<title>Gu\u00e9ridon anglais | lalmachine.com, mobilier et objets d\u00e9co vintage et design<\/title>\n<meta name=\"description\" content=\"Ce gu\u00e9ridon rond anglais de style R\u00e9gency est en acajou.\" \/>\n<meta name=\"robots\" content=\"index, follow, max-snippet:-1, max-image-preview:large, max-video-preview:-1\" \/>\n<link rel=\"canonical\" href=\"https:\/\/lalmachine.com\/de\/shop\/meubler\/table-basse-dappoint\/gueridon-anglais\/\" \/>\n<meta property=\"og:locale\" content=\"de_DE\" \/>\n<meta property=\"og:type\" content=\"article\" \/>\n<meta property=\"og:title\" content=\"Gu\u00e9ridon anglais | lalmachine.com, mobilier et objets d\u00e9co vintage et design\" \/>\n<meta property=\"og:description\" content=\"Ce gu\u00e9ridon rond anglais de style R\u00e9gency est en acajou.\" \/>\n<meta property=\"og:url\" content=\"https:\/\/lalmachine.com\/de\/shop\/meubler\/table-basse-dappoint\/gueridon-anglais\/\" \/>\n<meta property=\"og:site_name\" content=\"lalmachine.com\" \/>\n<meta property=\"article:publisher\" content=\"https:\/\/facebook.com\/lalmachine\" \/>\n<meta property=\"article:modified_time\" content=\"2024-12-05T20:52:56+00:00\" \/>\n<meta property=\"og:image\" content=\"https:\/\/lalmachine.com\/wp-content\/uploads\/2021\/12\/Gueridon-anglais-e9397fa7_clipped_rev_1.jpeg\" \/>\n\t<meta property=\"og:image:width\" content=\"1727\" \/>\n\t<meta property=\"og:image:height\" content=\"1727\" \/>\n\t<meta property=\"og:image:type\" content=\"image\/jpeg\" \/>\n<meta name=\"twitter:card\" content=\"summary_large_image\" \/>\n<script type=\"application\/ld+json\" class=\"yoast-schema-graph\">{\"@context\":\"https:\\\/\\\/schema.org\",\"@graph\":[{\"@type\":\"WebPage\",\"@id\":\"https:\\\/\\\/lalmachine.com\\\/shop\\\/meubler\\\/table-basse-dappoint\\\/gueridon-anglais\\\/\",\"url\":\"https:\\\/\\\/lalmachine.com\\\/shop\\\/meubler\\\/table-basse-dappoint\\\/gueridon-anglais\\\/\",\"name\":\"Gu\u00e9ridon anglais | lalmachine.com, mobilier et objets d\u00e9co vintage et design\",\"isPartOf\":{\"@id\":\"https:\\\/\\\/lalmachine.com\\\/#website\"},\"primaryImageOfPage\":{\"@id\":\"https:\\\/\\\/lalmachine.com\\\/shop\\\/meubler\\\/table-basse-dappoint\\\/gueridon-anglais\\\/#primaryimage\"},\"image\":{\"@id\":\"https:\\\/\\\/lalmachine.com\\\/shop\\\/meubler\\\/table-basse-dappoint\\\/gueridon-anglais\\\/#primaryimage\"},\"thumbnailUrl\":\"https:\\\/\\\/lalmachine.com\\\/wp-content\\\/uploads\\\/2021\\\/12\\\/Gueridon-anglais-e9397fa7_clipped_rev_1.jpeg\",\"datePublished\":\"2021-12-08T10:36:20+00:00\",\"dateModified\":\"2024-12-05T20:52:56+00:00\",\"description\":\"Ce gu\u00e9ridon rond anglais de style R\u00e9gency est en acajou.\",\"breadcrumb\":{\"@id\":\"https:\\\/\\\/lalmachine.com\\\/shop\\\/meubler\\\/table-basse-dappoint\\\/gueridon-anglais\\\/#breadcrumb\"},\"inLanguage\":\"de\",\"potentialAction\":[{\"@type\":\"ReadAction\",\"target\":[\"https:\\\/\\\/lalmachine.com\\\/shop\\\/meubler\\\/table-basse-dappoint\\\/gueridon-anglais\\\/\"]}]},{\"@type\":\"ImageObject\",\"inLanguage\":\"de\",\"@id\":\"https:\\\/\\\/lalmachine.com\\\/shop\\\/meubler\\\/table-basse-dappoint\\\/gueridon-anglais\\\/#primaryimage\",\"url\":\"https:\\\/\\\/lalmachine.com\\\/wp-content\\\/uploads\\\/2021\\\/12\\\/Gueridon-anglais-e9397fa7_clipped_rev_1.jpeg\",\"contentUrl\":\"https:\\\/\\\/lalmachine.com\\\/wp-content\\\/uploads\\\/2021\\\/12\\\/Gueridon-anglais-e9397fa7_clipped_rev_1.jpeg\",\"width\":1727,\"height\":1727,\"caption\":\"Gu\u00e9ridon anglais\"},{\"@type\":\"BreadcrumbList\",\"@id\":\"https:\\\/\\\/lalmachine.com\\\/shop\\\/meubler\\\/table-basse-dappoint\\\/gueridon-anglais\\\/#breadcrumb\",\"itemListElement\":[{\"@type\":\"ListItem\",\"position\":1,\"name\":\"Accueil\",\"item\":\"https:\\\/\\\/lalmachine.com\\\/\"},{\"@type\":\"ListItem\",\"position\":2,\"name\":\"Shop\",\"item\":\"https:\\\/\\\/lalmachine.com\\\/shop\\\/\"},{\"@type\":\"ListItem\",\"position\":3,\"name\":\"Gu\u00e9ridon anglais\"}]},{\"@type\":\"WebSite\",\"@id\":\"https:\\\/\\\/lalmachine.com\\\/#website\",\"url\":\"https:\\\/\\\/lalmachine.com\\\/\",\"name\":\"lalmachine.com\",\"description\":\"Brocante en ligne Suisse | Mobilier et objets d\u00e9co vintage et design\",\"potentialAction\":[{\"@type\":\"SearchAction\",\"target\":{\"@type\":\"EntryPoint\",\"urlTemplate\":\"https:\\\/\\\/lalmachine.com\\\/?s={search_term_string}\"},\"query-input\":{\"@type\":\"PropertyValueSpecification\",\"valueRequired\":true,\"valueName\":\"search_term_string\"}}],\"inLanguage\":\"de\"}]}<\/script>\n<!-- \/ Yoast SEO plugin. -->","yoast_head_json":{"title":"Gu\u00e9ridon anglais | lalmachine.com, mobilier et objets d\u00e9co vintage et design","description":"Ce gu\u00e9ridon rond anglais de style R\u00e9gency est en acajou.","robots":{"index":"index","follow":"follow","max-snippet":"max-snippet:-1","max-image-preview":"max-image-preview:large","max-video-preview":"max-video-preview:-1"},"canonical":"https:\/\/lalmachine.com\/de\/shop\/meubler\/table-basse-dappoint\/gueridon-anglais\/","og_locale":"de_DE","og_type":"article","og_title":"Gu\u00e9ridon anglais | lalmachine.com, mobilier et objets d\u00e9co vintage et design","og_description":"Ce gu\u00e9ridon rond anglais de style R\u00e9gency est en acajou.","og_url":"https:\/\/lalmachine.com\/de\/shop\/meubler\/table-basse-dappoint\/gueridon-anglais\/","og_site_name":"lalmachine.com","article_publisher":"https:\/\/facebook.com\/lalmachine","article_modified_time":"2024-12-05T20:52:56+00:00","og_image":[{"width":1727,"height":1727,"url":"https:\/\/lalmachine.com\/wp-content\/uploads\/2021\/12\/Gueridon-anglais-e9397fa7_clipped_rev_1.jpeg","type":"image\/jpeg"}],"twitter_card":"summary_large_image","schema":{"@context":"https:\/\/schema.org","@graph":[{"@type":"WebPage","@id":"https:\/\/lalmachine.com\/shop\/meubler\/table-basse-dappoint\/gueridon-anglais\/","url":"https:\/\/lalmachine.com\/shop\/meubler\/table-basse-dappoint\/gueridon-anglais\/","name":"Gu\u00e9ridon anglais | lalmachine.com, mobilier et objets d\u00e9co vintage et design","isPartOf":{"@id":"https:\/\/lalmachine.com\/#website"},"primaryImageOfPage":{"@id":"https:\/\/lalmachine.com\/shop\/meubler\/table-basse-dappoint\/gueridon-anglais\/#primaryimage"},"image":{"@id":"https:\/\/lalmachine.com\/shop\/meubler\/table-basse-dappoint\/gueridon-anglais\/#primaryimage"},"thumbnailUrl":"https:\/\/lalmachine.com\/wp-content\/uploads\/2021\/12\/Gueridon-anglais-e9397fa7_clipped_rev_1.jpeg","datePublished":"2021-12-08T10:36:20+00:00","dateModified":"2024-12-05T20:52:56+00:00","description":"Ce gu\u00e9ridon rond anglais de style R\u00e9gency est en acajou.","breadcrumb":{"@id":"https:\/\/lalmachine.com\/shop\/meubler\/table-basse-dappoint\/gueridon-anglais\/#breadcrumb"},"inLanguage":"de","potentialAction":[{"@type":"ReadAction","target":["https:\/\/lalmachine.com\/shop\/meubler\/table-basse-dappoint\/gueridon-anglais\/"]}]},{"@type":"ImageObject","inLanguage":"de","@id":"https:\/\/lalmachine.com\/shop\/meubler\/table-basse-dappoint\/gueridon-anglais\/#primaryimage","url":"https:\/\/lalmachine.com\/wp-content\/uploads\/2021\/12\/Gueridon-anglais-e9397fa7_clipped_rev_1.jpeg","contentUrl":"https:\/\/lalmachine.com\/wp-content\/uploads\/2021\/12\/Gueridon-anglais-e9397fa7_clipped_rev_1.jpeg","width":1727,"height":1727,"caption":"Gu\u00e9ridon anglais"},{"@type":"BreadcrumbList","@id":"https:\/\/lalmachine.com\/shop\/meubler\/table-basse-dappoint\/gueridon-anglais\/#breadcrumb","itemListElement":[{"@type":"ListItem","position":1,"name":"Accueil","item":"https:\/\/lalmachine.com\/"},{"@type":"ListItem","position":2,"name":"Shop","item":"https:\/\/lalmachine.com\/shop\/"},{"@type":"ListItem","position":3,"name":"Gu\u00e9ridon anglais"}]},{"@type":"WebSite","@id":"https:\/\/lalmachine.com\/#website","url":"https:\/\/lalmachine.com\/","name":"lalmachine.com","description":"Brocante en ligne Suisse | Mobilier et objets d\u00e9co vintage et design","potentialAction":[{"@type":"SearchAction","target":{"@type":"EntryPoint","urlTemplate":"https:\/\/lalmachine.com\/?s={search_term_string}"},"query-input":{"@type":"PropertyValueSpecification","valueRequired":true,"valueName":"search_term_string"}}],"inLanguage":"de"}]}},"_links":{"self":[{"href":"https:\/\/lalmachine.com\/de\/wp-json\/wp\/v2\/product\/244529","targetHints":{"allow":["GET"]}}],"collection":[{"href":"https:\/\/lalmachine.com\/de\/wp-json\/wp\/v2\/product"}],"about":[{"href":"https:\/\/lalmachine.com\/de\/wp-json\/wp\/v2\/types\/product"}],"wp:featuredmedia":[{"embeddable":true,"href":"https:\/\/lalmachine.com\/de\/wp-json\/wp\/v2\/media\/244619"}],"wp:attachment":[{"href":"https:\/\/lalmachine.com\/de\/wp-json\/wp\/v2\/media?parent=244529"}],"wp:term":[{"taxonomy":"product_brand","embeddable":true,"href":"https:\/\/lalmachine.com\/de\/wp-json\/wp\/v2\/product_brand?post=244529"},{"taxonomy":"product_cat","embeddable":true,"href":"https:\/\/lalmachine.com\/de\/wp-json\/wp\/v2\/product_cat?post=244529"},{"taxonomy":"product_tag","embeddable":true,"href":"https:\/\/lalmachine.com\/de\/wp-json\/wp\/v2\/product_tag?post=244529"},{"taxonomy":"proximite","embeddable":true,"href":"https:\/\/lalmachine.com\/de\/wp-json\/wp\/v2\/proximite?post=244529"}],"curies":[{"name":"wp","href":"https:\/\/api.w.org\/{rel}","templated":true}]}}