{"id":244689,"date":"2021-12-08T12:25:51","date_gmt":"2021-12-08T11:25:51","guid":{"rendered":"https:\/\/lalmachine.com\/?post_type=product&#038;p=244689"},"modified":"2024-12-05T21:52:56","modified_gmt":"2024-12-05T20:52:56","slug":"affiche-tinguely-and-co-1984","status":"publish","type":"product","link":"https:\/\/lalmachine.com\/de\/shop\/decorer\/art-and-co\/affiche-tinguely-and-co-1984\/","title":{"rendered":"Affiche Tinguely and co. (1984)"},"content":{"rendered":"<ul class=\"wpuf_customs\"><li style=\"list-style-type:none;\"><label>Autres photos:<\/label> <a href=\"https:\/\/lalmachine.com\/wp-content\/uploads\/2021\/12\/IMG_20211203_153311-5ff078c5.jpg\"><img loading=\"lazy\" decoding=\"async\" width=\"72\" height=\"96\" src=\"https:\/\/lalmachine.com\/wp-content\/uploads\/2021\/12\/IMG_20211203_153311-5ff078c5.jpg\" class=\"attachment-thumbnail size-thumbnail\" alt=\"\" \/><\/a> <\/li>        <li class=\"wpuf-field-data wpuf-field-data-numeric_text_field\">\n                            <label>Prix:<\/label>\n                        260        <\/li>\n                <li class=\"wpuf-field-data wpuf-field-data-numeric_text_field\">\n                            <label>Hauteur (cm):<\/label>\n                        102        <\/li>\n                <li class=\"wpuf-field-data wpuf-field-data-numeric_text_field\">\n                            <label>Largeur (cm):<\/label>\n                        72        <\/li>\n                <li class=\"wpuf-field-data wpuf-field-data-numeric_text_field\">\n                            <label>Profondeur (cm):<\/label>\n                        2        <\/li>\n        <\/ul>","protected":false},"excerpt":{"rendered":"<p>Affiche pour l&rsquo;exposition \u00e0 la Kunsthalle de Berne du 28 octobre au 25 novembre 1984 r\u00e9unissant plusieurs artistes : Hansj\u00fcrg Brunner, Vinzenz Daxelhofer, Gerhard Holzer, Norbert Koschitz, Benedikt Salvisberg, Jean-Fr\u00e9d\u00e9ric Schnyder, Jean Tinguely, Paul Wiedmer, Anne Wilhelm, Elisabeth Zahn.<\/p>","protected":false},"featured_media":244691,"template":"","meta":{"_et_pb_use_builder":"","_et_pb_old_content":"","_et_gb_content_width":""},"product_brand":[],"product_cat":[365,50],"product_tag":[],"proximite":[177,235],"class_list":{"0":"post-244689","1":"product","2":"type-product","3":"status-publish","4":"has-post-thumbnail","6":"product_cat-art-and-co","7":"product_cat-decorer","8":"pa_couleur-multicolore","9":"pa_etat-bon-etat","10":"pa_materiau-metal","11":"pa_style-vintage","12":"proximite-fribourg","13":"proximite-sarine","15":"first","16":"outofstock","17":"shipping-taxable","18":"purchasable","19":"product-type-simple"},"yoast_head":"<!-- This site is optimized with the Yoast SEO plugin v27.4 - https:\/\/yoast.com\/product\/yoast-seo-wordpress\/ -->\n<title>Affiche Tinguely and co. (1984) | lalmachine.com, mobilier et objets d\u00e9co vintage et design<\/title>\n<meta name=\"description\" content=\"Affiche pour l&#039;exposition \u00e0 la Kunsthalle de Berne du 28 octobre au 25 novembre 1984 r\u00e9unissant plusieurs artistes\" \/>\n<meta name=\"robots\" content=\"index, follow, max-snippet:-1, max-image-preview:large, max-video-preview:-1\" \/>\n<link rel=\"canonical\" href=\"https:\/\/lalmachine.com\/de\/shop\/decorer\/art-and-co\/affiche-tinguely-and-co-1984\/\" \/>\n<meta property=\"og:locale\" content=\"de_DE\" \/>\n<meta property=\"og:type\" content=\"article\" \/>\n<meta property=\"og:title\" content=\"Affiche Tinguely and co. (1984) | lalmachine.com, mobilier et objets d\u00e9co vintage et design\" \/>\n<meta property=\"og:description\" content=\"Affiche pour l&#039;exposition \u00e0 la Kunsthalle de Berne du 28 octobre au 25 novembre 1984 r\u00e9unissant plusieurs artistes\" \/>\n<meta property=\"og:url\" content=\"https:\/\/lalmachine.com\/de\/shop\/decorer\/art-and-co\/affiche-tinguely-and-co-1984\/\" \/>\n<meta property=\"og:site_name\" content=\"lalmachine.com\" \/>\n<meta property=\"article:publisher\" content=\"https:\/\/facebook.com\/lalmachine\" \/>\n<meta property=\"article:modified_time\" content=\"2024-12-05T20:52:56+00:00\" \/>\n<meta property=\"og:image\" content=\"https:\/\/lalmachine.com\/wp-content\/uploads\/2021\/12\/IMG_20211203_153311_clipped_rev_1.jpg\" \/>\n\t<meta property=\"og:image:width\" content=\"3437\" \/>\n\t<meta property=\"og:image:height\" content=\"3438\" \/>\n\t<meta property=\"og:image:type\" content=\"image\/jpeg\" \/>\n<meta name=\"twitter:card\" content=\"summary_large_image\" \/>\n<script type=\"application\/ld+json\" class=\"yoast-schema-graph\">{\"@context\":\"https:\\\/\\\/schema.org\",\"@graph\":[{\"@type\":\"WebPage\",\"@id\":\"https:\\\/\\\/lalmachine.com\\\/shop\\\/decorer\\\/art-and-co\\\/affiche-tinguely-and-co-1984\\\/\",\"url\":\"https:\\\/\\\/lalmachine.com\\\/shop\\\/decorer\\\/art-and-co\\\/affiche-tinguely-and-co-1984\\\/\",\"name\":\"Affiche Tinguely and co. (1984) | lalmachine.com, mobilier et objets d\u00e9co vintage et design\",\"isPartOf\":{\"@id\":\"https:\\\/\\\/lalmachine.com\\\/#website\"},\"primaryImageOfPage\":{\"@id\":\"https:\\\/\\\/lalmachine.com\\\/shop\\\/decorer\\\/art-and-co\\\/affiche-tinguely-and-co-1984\\\/#primaryimage\"},\"image\":{\"@id\":\"https:\\\/\\\/lalmachine.com\\\/shop\\\/decorer\\\/art-and-co\\\/affiche-tinguely-and-co-1984\\\/#primaryimage\"},\"thumbnailUrl\":\"https:\\\/\\\/lalmachine.com\\\/wp-content\\\/uploads\\\/2021\\\/12\\\/IMG_20211203_153311_clipped_rev_1.jpg\",\"datePublished\":\"2021-12-08T11:25:51+00:00\",\"dateModified\":\"2024-12-05T20:52:56+00:00\",\"description\":\"Affiche pour l'exposition \u00e0 la Kunsthalle de Berne du 28 octobre au 25 novembre 1984 r\u00e9unissant plusieurs artistes\",\"breadcrumb\":{\"@id\":\"https:\\\/\\\/lalmachine.com\\\/shop\\\/decorer\\\/art-and-co\\\/affiche-tinguely-and-co-1984\\\/#breadcrumb\"},\"inLanguage\":\"de\",\"potentialAction\":[{\"@type\":\"ReadAction\",\"target\":[\"https:\\\/\\\/lalmachine.com\\\/shop\\\/decorer\\\/art-and-co\\\/affiche-tinguely-and-co-1984\\\/\"]}]},{\"@type\":\"ImageObject\",\"inLanguage\":\"de\",\"@id\":\"https:\\\/\\\/lalmachine.com\\\/shop\\\/decorer\\\/art-and-co\\\/affiche-tinguely-and-co-1984\\\/#primaryimage\",\"url\":\"https:\\\/\\\/lalmachine.com\\\/wp-content\\\/uploads\\\/2021\\\/12\\\/IMG_20211203_153311_clipped_rev_1.jpg\",\"contentUrl\":\"https:\\\/\\\/lalmachine.com\\\/wp-content\\\/uploads\\\/2021\\\/12\\\/IMG_20211203_153311_clipped_rev_1.jpg\",\"width\":3437,\"height\":3438},{\"@type\":\"BreadcrumbList\",\"@id\":\"https:\\\/\\\/lalmachine.com\\\/shop\\\/decorer\\\/art-and-co\\\/affiche-tinguely-and-co-1984\\\/#breadcrumb\",\"itemListElement\":[{\"@type\":\"ListItem\",\"position\":1,\"name\":\"Accueil\",\"item\":\"https:\\\/\\\/lalmachine.com\\\/\"},{\"@type\":\"ListItem\",\"position\":2,\"name\":\"Shop\",\"item\":\"https:\\\/\\\/lalmachine.com\\\/shop\\\/\"},{\"@type\":\"ListItem\",\"position\":3,\"name\":\"Affiche Tinguely and co. (1984)\"}]},{\"@type\":\"WebSite\",\"@id\":\"https:\\\/\\\/lalmachine.com\\\/#website\",\"url\":\"https:\\\/\\\/lalmachine.com\\\/\",\"name\":\"lalmachine.com\",\"description\":\"Brocante en ligne Suisse | Mobilier et objets d\u00e9co vintage et design\",\"potentialAction\":[{\"@type\":\"SearchAction\",\"target\":{\"@type\":\"EntryPoint\",\"urlTemplate\":\"https:\\\/\\\/lalmachine.com\\\/?s={search_term_string}\"},\"query-input\":{\"@type\":\"PropertyValueSpecification\",\"valueRequired\":true,\"valueName\":\"search_term_string\"}}],\"inLanguage\":\"de\"}]}<\/script>\n<!-- \/ Yoast SEO plugin. -->","yoast_head_json":{"title":"Affiche Tinguely and co. (1984) | lalmachine.com, mobilier et objets d\u00e9co vintage et design","description":"Affiche pour l'exposition \u00e0 la Kunsthalle de Berne du 28 octobre au 25 novembre 1984 r\u00e9unissant plusieurs artistes","robots":{"index":"index","follow":"follow","max-snippet":"max-snippet:-1","max-image-preview":"max-image-preview:large","max-video-preview":"max-video-preview:-1"},"canonical":"https:\/\/lalmachine.com\/de\/shop\/decorer\/art-and-co\/affiche-tinguely-and-co-1984\/","og_locale":"de_DE","og_type":"article","og_title":"Affiche Tinguely and co. (1984) | lalmachine.com, mobilier et objets d\u00e9co vintage et design","og_description":"Affiche pour l'exposition \u00e0 la Kunsthalle de Berne du 28 octobre au 25 novembre 1984 r\u00e9unissant plusieurs artistes","og_url":"https:\/\/lalmachine.com\/de\/shop\/decorer\/art-and-co\/affiche-tinguely-and-co-1984\/","og_site_name":"lalmachine.com","article_publisher":"https:\/\/facebook.com\/lalmachine","article_modified_time":"2024-12-05T20:52:56+00:00","og_image":[{"width":3437,"height":3438,"url":"https:\/\/lalmachine.com\/wp-content\/uploads\/2021\/12\/IMG_20211203_153311_clipped_rev_1.jpg","type":"image\/jpeg"}],"twitter_card":"summary_large_image","schema":{"@context":"https:\/\/schema.org","@graph":[{"@type":"WebPage","@id":"https:\/\/lalmachine.com\/shop\/decorer\/art-and-co\/affiche-tinguely-and-co-1984\/","url":"https:\/\/lalmachine.com\/shop\/decorer\/art-and-co\/affiche-tinguely-and-co-1984\/","name":"Affiche Tinguely and co. (1984) | lalmachine.com, mobilier et objets d\u00e9co vintage et design","isPartOf":{"@id":"https:\/\/lalmachine.com\/#website"},"primaryImageOfPage":{"@id":"https:\/\/lalmachine.com\/shop\/decorer\/art-and-co\/affiche-tinguely-and-co-1984\/#primaryimage"},"image":{"@id":"https:\/\/lalmachine.com\/shop\/decorer\/art-and-co\/affiche-tinguely-and-co-1984\/#primaryimage"},"thumbnailUrl":"https:\/\/lalmachine.com\/wp-content\/uploads\/2021\/12\/IMG_20211203_153311_clipped_rev_1.jpg","datePublished":"2021-12-08T11:25:51+00:00","dateModified":"2024-12-05T20:52:56+00:00","description":"Affiche pour l'exposition \u00e0 la Kunsthalle de Berne du 28 octobre au 25 novembre 1984 r\u00e9unissant plusieurs artistes","breadcrumb":{"@id":"https:\/\/lalmachine.com\/shop\/decorer\/art-and-co\/affiche-tinguely-and-co-1984\/#breadcrumb"},"inLanguage":"de","potentialAction":[{"@type":"ReadAction","target":["https:\/\/lalmachine.com\/shop\/decorer\/art-and-co\/affiche-tinguely-and-co-1984\/"]}]},{"@type":"ImageObject","inLanguage":"de","@id":"https:\/\/lalmachine.com\/shop\/decorer\/art-and-co\/affiche-tinguely-and-co-1984\/#primaryimage","url":"https:\/\/lalmachine.com\/wp-content\/uploads\/2021\/12\/IMG_20211203_153311_clipped_rev_1.jpg","contentUrl":"https:\/\/lalmachine.com\/wp-content\/uploads\/2021\/12\/IMG_20211203_153311_clipped_rev_1.jpg","width":3437,"height":3438},{"@type":"BreadcrumbList","@id":"https:\/\/lalmachine.com\/shop\/decorer\/art-and-co\/affiche-tinguely-and-co-1984\/#breadcrumb","itemListElement":[{"@type":"ListItem","position":1,"name":"Accueil","item":"https:\/\/lalmachine.com\/"},{"@type":"ListItem","position":2,"name":"Shop","item":"https:\/\/lalmachine.com\/shop\/"},{"@type":"ListItem","position":3,"name":"Affiche Tinguely and co. (1984)"}]},{"@type":"WebSite","@id":"https:\/\/lalmachine.com\/#website","url":"https:\/\/lalmachine.com\/","name":"lalmachine.com","description":"Brocante en ligne Suisse | Mobilier et objets d\u00e9co vintage et design","potentialAction":[{"@type":"SearchAction","target":{"@type":"EntryPoint","urlTemplate":"https:\/\/lalmachine.com\/?s={search_term_string}"},"query-input":{"@type":"PropertyValueSpecification","valueRequired":true,"valueName":"search_term_string"}}],"inLanguage":"de"}]}},"_links":{"self":[{"href":"https:\/\/lalmachine.com\/de\/wp-json\/wp\/v2\/product\/244689","targetHints":{"allow":["GET"]}}],"collection":[{"href":"https:\/\/lalmachine.com\/de\/wp-json\/wp\/v2\/product"}],"about":[{"href":"https:\/\/lalmachine.com\/de\/wp-json\/wp\/v2\/types\/product"}],"wp:featuredmedia":[{"embeddable":true,"href":"https:\/\/lalmachine.com\/de\/wp-json\/wp\/v2\/media\/244691"}],"wp:attachment":[{"href":"https:\/\/lalmachine.com\/de\/wp-json\/wp\/v2\/media?parent=244689"}],"wp:term":[{"taxonomy":"product_brand","embeddable":true,"href":"https:\/\/lalmachine.com\/de\/wp-json\/wp\/v2\/product_brand?post=244689"},{"taxonomy":"product_cat","embeddable":true,"href":"https:\/\/lalmachine.com\/de\/wp-json\/wp\/v2\/product_cat?post=244689"},{"taxonomy":"product_tag","embeddable":true,"href":"https:\/\/lalmachine.com\/de\/wp-json\/wp\/v2\/product_tag?post=244689"},{"taxonomy":"proximite","embeddable":true,"href":"https:\/\/lalmachine.com\/de\/wp-json\/wp\/v2\/proximite?post=244689"}],"curies":[{"name":"wp","href":"https:\/\/api.w.org\/{rel}","templated":true}]}}