{"id":248175,"date":"2022-01-03T11:05:08","date_gmt":"2022-01-03T10:05:08","guid":{"rendered":"https:\/\/lalmachine.com\/?post_type=product&#038;p=248175"},"modified":"2024-12-05T21:53:03","modified_gmt":"2024-12-05T20:53:03","slug":"etagere-en-rotin","status":"publish","type":"product","link":"https:\/\/lalmachine.com\/de\/shop\/meubler\/meuble-de-rangement\/etagere-en-rotin\/","title":{"rendered":"\u00c9tag\u00e8re en rotin"},"content":{"rendered":"<ul class=\"wpuf_customs\"><li style=\"list-style-type:none;\"><label>Autres photos:<\/label> <a href=\"https:\/\/lalmachine.com\/wp-content\/uploads\/2021\/12\/DSC_6915-53-428c6b60.jpg\"><img loading=\"lazy\" decoding=\"async\" width=\"94\" height=\"96\" src=\"https:\/\/lalmachine.com\/wp-content\/uploads\/2021\/12\/DSC_6915-53-428c6b60.jpg\" class=\"attachment-thumbnail size-thumbnail\" alt=\"\" \/><\/a> <a href=\"https:\/\/lalmachine.com\/wp-content\/uploads\/2021\/12\/DSC_6925-58-92f67f50.jpg\"><img loading=\"lazy\" decoding=\"async\" width=\"89\" height=\"96\" src=\"https:\/\/lalmachine.com\/wp-content\/uploads\/2021\/12\/DSC_6925-58-92f67f50.jpg\" class=\"attachment-thumbnail size-thumbnail\" alt=\"\" \/><\/a> <a href=\"https:\/\/lalmachine.com\/wp-content\/uploads\/2021\/12\/DSC_6914-52-be4e0fe5.jpg\"><img loading=\"lazy\" decoding=\"async\" width=\"94\" height=\"96\" src=\"https:\/\/lalmachine.com\/wp-content\/uploads\/2021\/12\/DSC_6914-52-be4e0fe5.jpg\" class=\"attachment-thumbnail size-thumbnail\" alt=\"\" \/><\/a> <a href=\"https:\/\/lalmachine.com\/wp-content\/uploads\/2021\/12\/DSC_6918-54-65d2b7c0.jpg\"><img loading=\"lazy\" decoding=\"async\" width=\"107\" height=\"96\" src=\"https:\/\/lalmachine.com\/wp-content\/uploads\/2021\/12\/DSC_6918-54-65d2b7c0.jpg\" class=\"attachment-thumbnail size-thumbnail\" alt=\"\" \/><\/a> <a href=\"https:\/\/lalmachine.com\/wp-content\/uploads\/2021\/12\/DSC_6919-55-6b09d181.jpg\"><img loading=\"lazy\" decoding=\"async\" width=\"98\" height=\"96\" src=\"https:\/\/lalmachine.com\/wp-content\/uploads\/2021\/12\/DSC_6919-55-6b09d181.jpg\" class=\"attachment-thumbnail size-thumbnail\" alt=\"\" \/><\/a> <a href=\"https:\/\/lalmachine.com\/wp-content\/uploads\/2021\/12\/DSC_6920-56-007f0cd9.jpg\"><img loading=\"lazy\" decoding=\"async\" width=\"100\" height=\"96\" src=\"https:\/\/lalmachine.com\/wp-content\/uploads\/2021\/12\/DSC_6920-56-007f0cd9.jpg\" class=\"attachment-thumbnail size-thumbnail\" alt=\"\" \/><\/a> <a href=\"https:\/\/lalmachine.com\/wp-content\/uploads\/2021\/12\/DSC_6926-59-ffcc5f46.jpg\"><img loading=\"lazy\" decoding=\"async\" width=\"93\" height=\"96\" src=\"https:\/\/lalmachine.com\/wp-content\/uploads\/2021\/12\/DSC_6926-59-ffcc5f46.jpg\" class=\"attachment-thumbnail size-thumbnail\" alt=\"\" \/><\/a> <a href=\"https:\/\/lalmachine.com\/wp-content\/uploads\/2021\/12\/DSC_6930-60-88996def.jpg\"><img loading=\"lazy\" decoding=\"async\" width=\"104\" height=\"96\" src=\"https:\/\/lalmachine.com\/wp-content\/uploads\/2021\/12\/DSC_6930-60-88996def.jpg\" class=\"attachment-thumbnail size-thumbnail\" alt=\"\" \/><\/a> <\/li>        <li class=\"wpuf-field-data wpuf-field-data-numeric_text_field\">\n                            <label>Prix:<\/label>\n                        220        <\/li>\n                <li class=\"wpuf-field-data wpuf-field-data-numeric_text_field\">\n                            <label>Hauteur (cm):<\/label>\n                        181        <\/li>\n                <li class=\"wpuf-field-data wpuf-field-data-numeric_text_field\">\n                            <label>Largeur (cm):<\/label>\n                        67        <\/li>\n                <li class=\"wpuf-field-data wpuf-field-data-numeric_text_field\">\n                            <label>Profondeur (cm):<\/label>\n                        40        <\/li>\n        <\/ul>","protected":false},"excerpt":{"rendered":"<p>\u00c9tag\u00e8re en rotin avec meuble de rangement int\u00e9gr\u00e9.<br \/>\nLe haut de la porte droite ne ferme pas parfaitement (voir photo).<\/p>\n<p><strong>Retrait \u00e0 Z\u00fcrich ou Fribourg possible.<\/strong><\/p>","protected":false},"featured_media":248541,"template":"","meta":{"_et_pb_use_builder":"","_et_pb_old_content":"","_et_gb_content_width":""},"product_brand":[],"product_cat":[83,47],"product_tag":[],"proximite":[177,235,214,295],"class_list":{"0":"post-248175","1":"product","2":"type-product","3":"status-publish","4":"has-post-thumbnail","6":"product_cat-meuble-de-rangement","7":"product_cat-meubler","8":"pa_couleur-bois","9":"pa_etat-bon-etat","10":"pa_materiau-rotin-osier","11":"pa_style-vintage","12":"proximite-fribourg","13":"proximite-sarine","14":"proximite-zurich","15":"proximite-zurich-zurich","17":"first","18":"outofstock","19":"shipping-taxable","20":"purchasable","21":"product-type-simple"},"yoast_head":"<!-- This site is optimized with the Yoast SEO plugin v27.4 - https:\/\/yoast.com\/product\/yoast-seo-wordpress\/ -->\n<title>\u00c9tag\u00e8re en rotin | lalmachine.com, mobilier et objets d\u00e9co vintage et design<\/title>\n<meta name=\"description\" content=\"\u00c9tag\u00e8re en rotin avec meuble de rangement int\u00e9gr\u00e9. Le haut de la porte droite ne ferme pas parfaitement (voir photo).\" \/>\n<meta name=\"robots\" content=\"index, follow, max-snippet:-1, max-image-preview:large, max-video-preview:-1\" \/>\n<link rel=\"canonical\" href=\"https:\/\/lalmachine.com\/de\/shop\/meubler\/meuble-de-rangement\/etagere-en-rotin\/\" \/>\n<meta property=\"og:locale\" content=\"de_DE\" \/>\n<meta property=\"og:type\" content=\"article\" \/>\n<meta property=\"og:title\" content=\"\u00c9tag\u00e8re en rotin | lalmachine.com, mobilier et objets d\u00e9co vintage et design\" \/>\n<meta property=\"og:description\" content=\"\u00c9tag\u00e8re en rotin avec meuble de rangement int\u00e9gr\u00e9. Le haut de la porte droite ne ferme pas parfaitement (voir photo).\" \/>\n<meta property=\"og:url\" content=\"https:\/\/lalmachine.com\/de\/shop\/meubler\/meuble-de-rangement\/etagere-en-rotin\/\" \/>\n<meta property=\"og:site_name\" content=\"lalmachine.com\" \/>\n<meta property=\"article:publisher\" content=\"https:\/\/facebook.com\/lalmachine\" \/>\n<meta property=\"article:modified_time\" content=\"2024-12-05T20:53:03+00:00\" \/>\n<meta property=\"og:image\" content=\"https:\/\/lalmachine.com\/wp-content\/uploads\/2021\/12\/DSC_6911-51-f6ddd83b_clipped_rev_1.jpeg\" \/>\n\t<meta property=\"og:image:width\" content=\"1804\" \/>\n\t<meta property=\"og:image:height\" content=\"1804\" \/>\n\t<meta property=\"og:image:type\" content=\"image\/jpeg\" \/>\n<meta name=\"twitter:card\" content=\"summary_large_image\" \/>\n<script type=\"application\/ld+json\" class=\"yoast-schema-graph\">{\"@context\":\"https:\\\/\\\/schema.org\",\"@graph\":[{\"@type\":\"WebPage\",\"@id\":\"https:\\\/\\\/lalmachine.com\\\/de\\\/shop\\\/meubler\\\/meuble-de-rangement\\\/etagere-en-rotin\\\/\",\"url\":\"https:\\\/\\\/lalmachine.com\\\/de\\\/shop\\\/meubler\\\/meuble-de-rangement\\\/etagere-en-rotin\\\/\",\"name\":\"\u00c9tag\u00e8re en rotin | lalmachine.com, mobilier et objets d\u00e9co vintage et design\",\"isPartOf\":{\"@id\":\"https:\\\/\\\/lalmachine.com\\\/#website\"},\"primaryImageOfPage\":{\"@id\":\"https:\\\/\\\/lalmachine.com\\\/de\\\/shop\\\/meubler\\\/meuble-de-rangement\\\/etagere-en-rotin\\\/#primaryimage\"},\"image\":{\"@id\":\"https:\\\/\\\/lalmachine.com\\\/de\\\/shop\\\/meubler\\\/meuble-de-rangement\\\/etagere-en-rotin\\\/#primaryimage\"},\"thumbnailUrl\":\"https:\\\/\\\/lalmachine.com\\\/wp-content\\\/uploads\\\/2021\\\/12\\\/DSC_6911-51-f6ddd83b_clipped_rev_1.jpeg\",\"datePublished\":\"2022-01-03T10:05:08+00:00\",\"dateModified\":\"2024-12-05T20:53:03+00:00\",\"description\":\"\u00c9tag\u00e8re en rotin avec meuble de rangement int\u00e9gr\u00e9. Le haut de la porte droite ne ferme pas parfaitement (voir photo).\",\"breadcrumb\":{\"@id\":\"https:\\\/\\\/lalmachine.com\\\/de\\\/shop\\\/meubler\\\/meuble-de-rangement\\\/etagere-en-rotin\\\/#breadcrumb\"},\"inLanguage\":\"de\",\"potentialAction\":[{\"@type\":\"ReadAction\",\"target\":[\"https:\\\/\\\/lalmachine.com\\\/de\\\/shop\\\/meubler\\\/meuble-de-rangement\\\/etagere-en-rotin\\\/\"]}]},{\"@type\":\"ImageObject\",\"inLanguage\":\"de\",\"@id\":\"https:\\\/\\\/lalmachine.com\\\/de\\\/shop\\\/meubler\\\/meuble-de-rangement\\\/etagere-en-rotin\\\/#primaryimage\",\"url\":\"https:\\\/\\\/lalmachine.com\\\/wp-content\\\/uploads\\\/2021\\\/12\\\/DSC_6911-51-f6ddd83b_clipped_rev_1.jpeg\",\"contentUrl\":\"https:\\\/\\\/lalmachine.com\\\/wp-content\\\/uploads\\\/2021\\\/12\\\/DSC_6911-51-f6ddd83b_clipped_rev_1.jpeg\",\"width\":1804,\"height\":1804,\"caption\":\"\u00c9tag\u00e8re en rotin\"},{\"@type\":\"BreadcrumbList\",\"@id\":\"https:\\\/\\\/lalmachine.com\\\/de\\\/shop\\\/meubler\\\/meuble-de-rangement\\\/etagere-en-rotin\\\/#breadcrumb\",\"itemListElement\":[{\"@type\":\"ListItem\",\"position\":1,\"name\":\"Accueil\",\"item\":\"https:\\\/\\\/lalmachine.com\\\/\"},{\"@type\":\"ListItem\",\"position\":2,\"name\":\"Shop\",\"item\":\"https:\\\/\\\/lalmachine.com\\\/shop\\\/\"},{\"@type\":\"ListItem\",\"position\":3,\"name\":\"\u00c9tag\u00e8re en rotin\"}]},{\"@type\":\"WebSite\",\"@id\":\"https:\\\/\\\/lalmachine.com\\\/#website\",\"url\":\"https:\\\/\\\/lalmachine.com\\\/\",\"name\":\"lalmachine.com\",\"description\":\"Brocante en ligne Suisse | Mobilier et objets d\u00e9co vintage et design\",\"potentialAction\":[{\"@type\":\"SearchAction\",\"target\":{\"@type\":\"EntryPoint\",\"urlTemplate\":\"https:\\\/\\\/lalmachine.com\\\/?s={search_term_string}\"},\"query-input\":{\"@type\":\"PropertyValueSpecification\",\"valueRequired\":true,\"valueName\":\"search_term_string\"}}],\"inLanguage\":\"de\"}]}<\/script>\n<!-- \/ Yoast SEO plugin. -->","yoast_head_json":{"title":"\u00c9tag\u00e8re en rotin | lalmachine.com, mobilier et objets d\u00e9co vintage et design","description":"\u00c9tag\u00e8re en rotin avec meuble de rangement int\u00e9gr\u00e9. Le haut de la porte droite ne ferme pas parfaitement (voir photo).","robots":{"index":"index","follow":"follow","max-snippet":"max-snippet:-1","max-image-preview":"max-image-preview:large","max-video-preview":"max-video-preview:-1"},"canonical":"https:\/\/lalmachine.com\/de\/shop\/meubler\/meuble-de-rangement\/etagere-en-rotin\/","og_locale":"de_DE","og_type":"article","og_title":"\u00c9tag\u00e8re en rotin | lalmachine.com, mobilier et objets d\u00e9co vintage et design","og_description":"\u00c9tag\u00e8re en rotin avec meuble de rangement int\u00e9gr\u00e9. Le haut de la porte droite ne ferme pas parfaitement (voir photo).","og_url":"https:\/\/lalmachine.com\/de\/shop\/meubler\/meuble-de-rangement\/etagere-en-rotin\/","og_site_name":"lalmachine.com","article_publisher":"https:\/\/facebook.com\/lalmachine","article_modified_time":"2024-12-05T20:53:03+00:00","og_image":[{"width":1804,"height":1804,"url":"https:\/\/lalmachine.com\/wp-content\/uploads\/2021\/12\/DSC_6911-51-f6ddd83b_clipped_rev_1.jpeg","type":"image\/jpeg"}],"twitter_card":"summary_large_image","schema":{"@context":"https:\/\/schema.org","@graph":[{"@type":"WebPage","@id":"https:\/\/lalmachine.com\/de\/shop\/meubler\/meuble-de-rangement\/etagere-en-rotin\/","url":"https:\/\/lalmachine.com\/de\/shop\/meubler\/meuble-de-rangement\/etagere-en-rotin\/","name":"\u00c9tag\u00e8re en rotin | lalmachine.com, mobilier et objets d\u00e9co vintage et design","isPartOf":{"@id":"https:\/\/lalmachine.com\/#website"},"primaryImageOfPage":{"@id":"https:\/\/lalmachine.com\/de\/shop\/meubler\/meuble-de-rangement\/etagere-en-rotin\/#primaryimage"},"image":{"@id":"https:\/\/lalmachine.com\/de\/shop\/meubler\/meuble-de-rangement\/etagere-en-rotin\/#primaryimage"},"thumbnailUrl":"https:\/\/lalmachine.com\/wp-content\/uploads\/2021\/12\/DSC_6911-51-f6ddd83b_clipped_rev_1.jpeg","datePublished":"2022-01-03T10:05:08+00:00","dateModified":"2024-12-05T20:53:03+00:00","description":"\u00c9tag\u00e8re en rotin avec meuble de rangement int\u00e9gr\u00e9. Le haut de la porte droite ne ferme pas parfaitement (voir photo).","breadcrumb":{"@id":"https:\/\/lalmachine.com\/de\/shop\/meubler\/meuble-de-rangement\/etagere-en-rotin\/#breadcrumb"},"inLanguage":"de","potentialAction":[{"@type":"ReadAction","target":["https:\/\/lalmachine.com\/de\/shop\/meubler\/meuble-de-rangement\/etagere-en-rotin\/"]}]},{"@type":"ImageObject","inLanguage":"de","@id":"https:\/\/lalmachine.com\/de\/shop\/meubler\/meuble-de-rangement\/etagere-en-rotin\/#primaryimage","url":"https:\/\/lalmachine.com\/wp-content\/uploads\/2021\/12\/DSC_6911-51-f6ddd83b_clipped_rev_1.jpeg","contentUrl":"https:\/\/lalmachine.com\/wp-content\/uploads\/2021\/12\/DSC_6911-51-f6ddd83b_clipped_rev_1.jpeg","width":1804,"height":1804,"caption":"\u00c9tag\u00e8re en rotin"},{"@type":"BreadcrumbList","@id":"https:\/\/lalmachine.com\/de\/shop\/meubler\/meuble-de-rangement\/etagere-en-rotin\/#breadcrumb","itemListElement":[{"@type":"ListItem","position":1,"name":"Accueil","item":"https:\/\/lalmachine.com\/"},{"@type":"ListItem","position":2,"name":"Shop","item":"https:\/\/lalmachine.com\/shop\/"},{"@type":"ListItem","position":3,"name":"\u00c9tag\u00e8re en rotin"}]},{"@type":"WebSite","@id":"https:\/\/lalmachine.com\/#website","url":"https:\/\/lalmachine.com\/","name":"lalmachine.com","description":"Brocante en ligne Suisse | Mobilier et objets d\u00e9co vintage et design","potentialAction":[{"@type":"SearchAction","target":{"@type":"EntryPoint","urlTemplate":"https:\/\/lalmachine.com\/?s={search_term_string}"},"query-input":{"@type":"PropertyValueSpecification","valueRequired":true,"valueName":"search_term_string"}}],"inLanguage":"de"}]}},"_links":{"self":[{"href":"https:\/\/lalmachine.com\/de\/wp-json\/wp\/v2\/product\/248175","targetHints":{"allow":["GET"]}}],"collection":[{"href":"https:\/\/lalmachine.com\/de\/wp-json\/wp\/v2\/product"}],"about":[{"href":"https:\/\/lalmachine.com\/de\/wp-json\/wp\/v2\/types\/product"}],"wp:featuredmedia":[{"embeddable":true,"href":"https:\/\/lalmachine.com\/de\/wp-json\/wp\/v2\/media\/248541"}],"wp:attachment":[{"href":"https:\/\/lalmachine.com\/de\/wp-json\/wp\/v2\/media?parent=248175"}],"wp:term":[{"taxonomy":"product_brand","embeddable":true,"href":"https:\/\/lalmachine.com\/de\/wp-json\/wp\/v2\/product_brand?post=248175"},{"taxonomy":"product_cat","embeddable":true,"href":"https:\/\/lalmachine.com\/de\/wp-json\/wp\/v2\/product_cat?post=248175"},{"taxonomy":"product_tag","embeddable":true,"href":"https:\/\/lalmachine.com\/de\/wp-json\/wp\/v2\/product_tag?post=248175"},{"taxonomy":"proximite","embeddable":true,"href":"https:\/\/lalmachine.com\/de\/wp-json\/wp\/v2\/proximite?post=248175"}],"curies":[{"name":"wp","href":"https:\/\/api.w.org\/{rel}","templated":true}]}}