{"id":251044,"date":"2023-10-25T16:02:46","date_gmt":"2023-10-25T14:02:46","guid":{"rendered":"https:\/\/lalmachine.com\/?post_type=product&#038;p=251044"},"modified":"2024-12-05T21:53:07","modified_gmt":"2024-12-05T20:53:07","slug":"lithographie-de-max-papart","status":"publish","type":"product","link":"https:\/\/lalmachine.com\/de\/shop\/decorer\/art-and-co\/lithographie-de-max-papart\/","title":{"rendered":"Lithographie de Max Papart"},"content":{"rendered":"<ul class=\"wpuf_customs\"><li style=\"list-style-type:none;\"><label>Autres photos:<\/label> <a href=\"https:\/\/lalmachine.com\/wp-content\/uploads\/2022\/01\/E07FC974-682C-4B70-A724-15484B85ADAD-b18d61e6.jpeg\"><img loading=\"lazy\" decoding=\"async\" width=\"72\" height=\"96\" src=\"https:\/\/lalmachine.com\/wp-content\/uploads\/2022\/01\/E07FC974-682C-4B70-A724-15484B85ADAD-b18d61e6.jpeg\" class=\"attachment-thumbnail size-thumbnail\" alt=\"\" \/><\/a> <a href=\"https:\/\/lalmachine.com\/wp-content\/uploads\/2022\/01\/FD64152E-67C9-4CE6-84AA-53015DEA8DF8-18ff89f8.jpeg\"><img loading=\"lazy\" decoding=\"async\" width=\"72\" height=\"96\" src=\"https:\/\/lalmachine.com\/wp-content\/uploads\/2022\/01\/FD64152E-67C9-4CE6-84AA-53015DEA8DF8-18ff89f8.jpeg\" class=\"attachment-thumbnail size-thumbnail\" alt=\"\" \/><\/a> <a href=\"https:\/\/lalmachine.com\/wp-content\/uploads\/2022\/01\/7362E0F4-A2B2-491C-80FC-A39DEEF280EF-8302dbf0.jpeg\"><img loading=\"lazy\" decoding=\"async\" width=\"72\" height=\"96\" src=\"https:\/\/lalmachine.com\/wp-content\/uploads\/2022\/01\/7362E0F4-A2B2-491C-80FC-A39DEEF280EF-8302dbf0.jpeg\" class=\"attachment-thumbnail size-thumbnail\" alt=\"\" \/><\/a> <a href=\"https:\/\/lalmachine.com\/wp-content\/uploads\/2022\/01\/FC19F321-0E63-4CDA-9B3B-C583AA711300-7da136bb.jpeg\"><img loading=\"lazy\" decoding=\"async\" width=\"72\" height=\"96\" src=\"https:\/\/lalmachine.com\/wp-content\/uploads\/2022\/01\/FC19F321-0E63-4CDA-9B3B-C583AA711300-7da136bb.jpeg\" class=\"attachment-thumbnail size-thumbnail\" alt=\"\" \/><\/a> <a href=\"https:\/\/lalmachine.com\/wp-content\/uploads\/2022\/01\/50DE891D-3266-4FD5-9564-EBD74F4EC9CB-37da32d5.jpeg\"><img loading=\"lazy\" decoding=\"async\" width=\"72\" height=\"96\" src=\"https:\/\/lalmachine.com\/wp-content\/uploads\/2022\/01\/50DE891D-3266-4FD5-9564-EBD74F4EC9CB-37da32d5.jpeg\" class=\"attachment-thumbnail size-thumbnail\" alt=\"\" \/><\/a> <a href=\"https:\/\/lalmachine.com\/wp-content\/uploads\/2022\/01\/B3204B1B-525A-414F-8478-16A2130FEF9A-ef32a410.jpeg\"><img loading=\"lazy\" decoding=\"async\" width=\"72\" height=\"96\" src=\"https:\/\/lalmachine.com\/wp-content\/uploads\/2022\/01\/B3204B1B-525A-414F-8478-16A2130FEF9A-ef32a410.jpeg\" class=\"attachment-thumbnail size-thumbnail\" alt=\"\" \/><\/a> <a href=\"https:\/\/lalmachine.com\/wp-content\/uploads\/2022\/01\/A66953CE-3B7F-41FF-8FD2-776DF4F13109-8fd6e6bf-rotated.jpeg\"><img loading=\"lazy\" decoding=\"async\" width=\"72\" height=\"96\" src=\"https:\/\/lalmachine.com\/wp-content\/uploads\/2022\/01\/A66953CE-3B7F-41FF-8FD2-776DF4F13109-8fd6e6bf-rotated.jpeg\" class=\"attachment-thumbnail size-thumbnail\" alt=\"\" \/><\/a> <\/li>        <li class=\"wpuf-field-data wpuf-field-data-numeric_text_field\">\n                            <label>Prix:<\/label>\n                        140        <\/li>\n                <li class=\"wpuf-field-data wpuf-field-data-numeric_text_field\">\n                            <label>Quantit\u00e9:<\/label>\n                        0        <\/li>\n                <li class=\"wpuf-field-data wpuf-field-data-numeric_text_field\">\n                            <label>Hauteur (cm):<\/label>\n                        56        <\/li>\n                <li class=\"wpuf-field-data wpuf-field-data-numeric_text_field\">\n                            <label>Largeur (cm):<\/label>\n                        45        <\/li>\n                <li class=\"wpuf-field-data wpuf-field-data-numeric_text_field\">\n                            <label>Profondeur (cm):<\/label>\n                        2        <\/li>\n        <\/ul>","protected":false},"excerpt":{"rendered":"<p>Belle lithographie abstraite dans les tons noirs bleus et beige de l\u2019artiste fran\u00e7ais Max Papart (1911-1994).\u00a0Max Papart est un artiste fran\u00e7ais reconnu pour ses \u0153uvres dans un style post cubisme et moderne. R\u00e9alis\u00e9e sur papier BFK rives, num\u00e9rot\u00e9e 6\/100 et sign\u00e9e par l\u2019artiste.<\/p>\n<p>La lithographie est en parfait \u00e9tat et l\u2019encadrement mesure 50&#215;70 cm<\/p>\n<p>Retrait chez le vendeur \u00e0 Bursins ou livraison par poste<\/p>","protected":false},"featured_media":251106,"template":"","meta":{"_et_pb_use_builder":"","_et_pb_old_content":"","_et_gb_content_width":""},"product_brand":[],"product_cat":[365,50],"product_tag":[],"proximite":[281,179],"class_list":{"0":"post-251044","1":"product","2":"type-product","3":"status-publish","4":"has-post-thumbnail","6":"product_cat-art-and-co","7":"product_cat-decorer","8":"product_shipping_class-encombrant-30-kg","9":"pa_couleur-multicolore","10":"pa_etat-tres-bon-etat","11":"pa_materiau-papier-carton","12":"pa_style-art-contemporain","13":"proximite-nyon","14":"proximite-vaud","16":"first","17":"outofstock","18":"shipping-taxable","19":"purchasable","20":"product-type-simple"},"yoast_head":"<!-- This site is optimized with the Yoast SEO plugin v27.4 - https:\/\/yoast.com\/product\/yoast-seo-wordpress\/ -->\n<title>Lithographie de Max Papart | lalmachine.com, mobilier et objets d\u00e9co vintage et design<\/title>\n<meta name=\"description\" content=\"Belle lithographie abstraite dans les tons noirs bleus et beige de l\u2019artiste fran\u00e7ais Max Papart (1911-1994).\u00a0Max Papart est un artiste fran\u00e7ais reconnu pour ses \u0153uvres dans un style post cubisme et moderne.\u00a0\" \/>\n<meta name=\"robots\" content=\"index, follow, max-snippet:-1, max-image-preview:large, max-video-preview:-1\" \/>\n<link rel=\"canonical\" href=\"https:\/\/lalmachine.com\/de\/shop\/decorer\/art-and-co\/lithographie-de-max-papart\/\" \/>\n<meta property=\"og:locale\" content=\"de_DE\" \/>\n<meta property=\"og:type\" content=\"article\" \/>\n<meta property=\"og:title\" content=\"Lithographie de Max Papart | lalmachine.com, mobilier et objets d\u00e9co vintage et design\" \/>\n<meta property=\"og:description\" content=\"Belle lithographie abstraite dans les tons noirs bleus et beige de l\u2019artiste fran\u00e7ais Max Papart (1911-1994).\u00a0Max Papart est un artiste fran\u00e7ais reconnu pour ses \u0153uvres dans un style post cubisme et moderne.\u00a0\" \/>\n<meta property=\"og:url\" content=\"https:\/\/lalmachine.com\/de\/shop\/decorer\/art-and-co\/lithographie-de-max-papart\/\" \/>\n<meta property=\"og:site_name\" content=\"lalmachine.com\" \/>\n<meta property=\"article:publisher\" content=\"https:\/\/facebook.com\/lalmachine\" \/>\n<meta property=\"article:modified_time\" content=\"2024-12-05T20:53:07+00:00\" \/>\n<meta property=\"og:image\" content=\"https:\/\/lalmachine.com\/wp-content\/uploads\/2022\/01\/78E05852-984D-4D6D-B4DB-00980B7C1CBB-dda1ae70_clipped_rev_1.jpeg\" \/>\n\t<meta property=\"og:image:width\" content=\"5286\" \/>\n\t<meta property=\"og:image:height\" content=\"5286\" \/>\n\t<meta property=\"og:image:type\" content=\"image\/jpeg\" \/>\n<meta name=\"twitter:card\" content=\"summary_large_image\" \/>\n<script type=\"application\/ld+json\" class=\"yoast-schema-graph\">{\"@context\":\"https:\\\/\\\/schema.org\",\"@graph\":[{\"@type\":\"WebPage\",\"@id\":\"https:\\\/\\\/lalmachine.com\\\/de\\\/shop\\\/decorer\\\/art-and-co\\\/lithographie-de-max-papart\\\/\",\"url\":\"https:\\\/\\\/lalmachine.com\\\/de\\\/shop\\\/decorer\\\/art-and-co\\\/lithographie-de-max-papart\\\/\",\"name\":\"Lithographie de Max Papart | lalmachine.com, mobilier et objets d\u00e9co vintage et design\",\"isPartOf\":{\"@id\":\"https:\\\/\\\/lalmachine.com\\\/#website\"},\"primaryImageOfPage\":{\"@id\":\"https:\\\/\\\/lalmachine.com\\\/de\\\/shop\\\/decorer\\\/art-and-co\\\/lithographie-de-max-papart\\\/#primaryimage\"},\"image\":{\"@id\":\"https:\\\/\\\/lalmachine.com\\\/de\\\/shop\\\/decorer\\\/art-and-co\\\/lithographie-de-max-papart\\\/#primaryimage\"},\"thumbnailUrl\":\"https:\\\/\\\/lalmachine.com\\\/wp-content\\\/uploads\\\/2022\\\/01\\\/78E05852-984D-4D6D-B4DB-00980B7C1CBB-dda1ae70_clipped_rev_1.jpeg\",\"datePublished\":\"2023-10-25T14:02:46+00:00\",\"dateModified\":\"2024-12-05T20:53:07+00:00\",\"description\":\"Belle lithographie abstraite dans les tons noirs bleus et beige de l\u2019artiste fran\u00e7ais Max Papart (1911-1994).\u00a0Max Papart est un artiste fran\u00e7ais reconnu pour ses \u0153uvres dans un style post cubisme et moderne.\u00a0\",\"breadcrumb\":{\"@id\":\"https:\\\/\\\/lalmachine.com\\\/de\\\/shop\\\/decorer\\\/art-and-co\\\/lithographie-de-max-papart\\\/#breadcrumb\"},\"inLanguage\":\"de\",\"potentialAction\":[{\"@type\":\"ReadAction\",\"target\":[\"https:\\\/\\\/lalmachine.com\\\/de\\\/shop\\\/decorer\\\/art-and-co\\\/lithographie-de-max-papart\\\/\"]}]},{\"@type\":\"ImageObject\",\"inLanguage\":\"de\",\"@id\":\"https:\\\/\\\/lalmachine.com\\\/de\\\/shop\\\/decorer\\\/art-and-co\\\/lithographie-de-max-papart\\\/#primaryimage\",\"url\":\"https:\\\/\\\/lalmachine.com\\\/wp-content\\\/uploads\\\/2022\\\/01\\\/78E05852-984D-4D6D-B4DB-00980B7C1CBB-dda1ae70_clipped_rev_1.jpeg\",\"contentUrl\":\"https:\\\/\\\/lalmachine.com\\\/wp-content\\\/uploads\\\/2022\\\/01\\\/78E05852-984D-4D6D-B4DB-00980B7C1CBB-dda1ae70_clipped_rev_1.jpeg\",\"width\":5286,\"height\":5286,\"caption\":\"Lithographie de Max Papart\"},{\"@type\":\"BreadcrumbList\",\"@id\":\"https:\\\/\\\/lalmachine.com\\\/de\\\/shop\\\/decorer\\\/art-and-co\\\/lithographie-de-max-papart\\\/#breadcrumb\",\"itemListElement\":[{\"@type\":\"ListItem\",\"position\":1,\"name\":\"Accueil\",\"item\":\"https:\\\/\\\/lalmachine.com\\\/\"},{\"@type\":\"ListItem\",\"position\":2,\"name\":\"Shop\",\"item\":\"https:\\\/\\\/lalmachine.com\\\/shop\\\/\"},{\"@type\":\"ListItem\",\"position\":3,\"name\":\"Lithographie de Max Papart\"}]},{\"@type\":\"WebSite\",\"@id\":\"https:\\\/\\\/lalmachine.com\\\/#website\",\"url\":\"https:\\\/\\\/lalmachine.com\\\/\",\"name\":\"lalmachine.com\",\"description\":\"Brocante en ligne Suisse | Mobilier et objets d\u00e9co vintage et design\",\"potentialAction\":[{\"@type\":\"SearchAction\",\"target\":{\"@type\":\"EntryPoint\",\"urlTemplate\":\"https:\\\/\\\/lalmachine.com\\\/?s={search_term_string}\"},\"query-input\":{\"@type\":\"PropertyValueSpecification\",\"valueRequired\":true,\"valueName\":\"search_term_string\"}}],\"inLanguage\":\"de\"}]}<\/script>\n<!-- \/ Yoast SEO plugin. -->","yoast_head_json":{"title":"Lithographie de Max Papart | lalmachine.com, mobilier et objets d\u00e9co vintage et design","description":"Belle lithographie abstraite dans les tons noirs bleus et beige de l\u2019artiste fran\u00e7ais Max Papart (1911-1994).\u00a0Max Papart est un artiste fran\u00e7ais reconnu pour ses \u0153uvres dans un style post cubisme et moderne.\u00a0","robots":{"index":"index","follow":"follow","max-snippet":"max-snippet:-1","max-image-preview":"max-image-preview:large","max-video-preview":"max-video-preview:-1"},"canonical":"https:\/\/lalmachine.com\/de\/shop\/decorer\/art-and-co\/lithographie-de-max-papart\/","og_locale":"de_DE","og_type":"article","og_title":"Lithographie de Max Papart | lalmachine.com, mobilier et objets d\u00e9co vintage et design","og_description":"Belle lithographie abstraite dans les tons noirs bleus et beige de l\u2019artiste fran\u00e7ais Max Papart (1911-1994).\u00a0Max Papart est un artiste fran\u00e7ais reconnu pour ses \u0153uvres dans un style post cubisme et moderne.\u00a0","og_url":"https:\/\/lalmachine.com\/de\/shop\/decorer\/art-and-co\/lithographie-de-max-papart\/","og_site_name":"lalmachine.com","article_publisher":"https:\/\/facebook.com\/lalmachine","article_modified_time":"2024-12-05T20:53:07+00:00","og_image":[{"width":5286,"height":5286,"url":"https:\/\/lalmachine.com\/wp-content\/uploads\/2022\/01\/78E05852-984D-4D6D-B4DB-00980B7C1CBB-dda1ae70_clipped_rev_1.jpeg","type":"image\/jpeg"}],"twitter_card":"summary_large_image","schema":{"@context":"https:\/\/schema.org","@graph":[{"@type":"WebPage","@id":"https:\/\/lalmachine.com\/de\/shop\/decorer\/art-and-co\/lithographie-de-max-papart\/","url":"https:\/\/lalmachine.com\/de\/shop\/decorer\/art-and-co\/lithographie-de-max-papart\/","name":"Lithographie de Max Papart | lalmachine.com, mobilier et objets d\u00e9co vintage et design","isPartOf":{"@id":"https:\/\/lalmachine.com\/#website"},"primaryImageOfPage":{"@id":"https:\/\/lalmachine.com\/de\/shop\/decorer\/art-and-co\/lithographie-de-max-papart\/#primaryimage"},"image":{"@id":"https:\/\/lalmachine.com\/de\/shop\/decorer\/art-and-co\/lithographie-de-max-papart\/#primaryimage"},"thumbnailUrl":"https:\/\/lalmachine.com\/wp-content\/uploads\/2022\/01\/78E05852-984D-4D6D-B4DB-00980B7C1CBB-dda1ae70_clipped_rev_1.jpeg","datePublished":"2023-10-25T14:02:46+00:00","dateModified":"2024-12-05T20:53:07+00:00","description":"Belle lithographie abstraite dans les tons noirs bleus et beige de l\u2019artiste fran\u00e7ais Max Papart (1911-1994).\u00a0Max Papart est un artiste fran\u00e7ais reconnu pour ses \u0153uvres dans un style post cubisme et moderne.\u00a0","breadcrumb":{"@id":"https:\/\/lalmachine.com\/de\/shop\/decorer\/art-and-co\/lithographie-de-max-papart\/#breadcrumb"},"inLanguage":"de","potentialAction":[{"@type":"ReadAction","target":["https:\/\/lalmachine.com\/de\/shop\/decorer\/art-and-co\/lithographie-de-max-papart\/"]}]},{"@type":"ImageObject","inLanguage":"de","@id":"https:\/\/lalmachine.com\/de\/shop\/decorer\/art-and-co\/lithographie-de-max-papart\/#primaryimage","url":"https:\/\/lalmachine.com\/wp-content\/uploads\/2022\/01\/78E05852-984D-4D6D-B4DB-00980B7C1CBB-dda1ae70_clipped_rev_1.jpeg","contentUrl":"https:\/\/lalmachine.com\/wp-content\/uploads\/2022\/01\/78E05852-984D-4D6D-B4DB-00980B7C1CBB-dda1ae70_clipped_rev_1.jpeg","width":5286,"height":5286,"caption":"Lithographie de Max Papart"},{"@type":"BreadcrumbList","@id":"https:\/\/lalmachine.com\/de\/shop\/decorer\/art-and-co\/lithographie-de-max-papart\/#breadcrumb","itemListElement":[{"@type":"ListItem","position":1,"name":"Accueil","item":"https:\/\/lalmachine.com\/"},{"@type":"ListItem","position":2,"name":"Shop","item":"https:\/\/lalmachine.com\/shop\/"},{"@type":"ListItem","position":3,"name":"Lithographie de Max Papart"}]},{"@type":"WebSite","@id":"https:\/\/lalmachine.com\/#website","url":"https:\/\/lalmachine.com\/","name":"lalmachine.com","description":"Brocante en ligne Suisse | Mobilier et objets d\u00e9co vintage et design","potentialAction":[{"@type":"SearchAction","target":{"@type":"EntryPoint","urlTemplate":"https:\/\/lalmachine.com\/?s={search_term_string}"},"query-input":{"@type":"PropertyValueSpecification","valueRequired":true,"valueName":"search_term_string"}}],"inLanguage":"de"}]}},"_links":{"self":[{"href":"https:\/\/lalmachine.com\/de\/wp-json\/wp\/v2\/product\/251044","targetHints":{"allow":["GET"]}}],"collection":[{"href":"https:\/\/lalmachine.com\/de\/wp-json\/wp\/v2\/product"}],"about":[{"href":"https:\/\/lalmachine.com\/de\/wp-json\/wp\/v2\/types\/product"}],"wp:featuredmedia":[{"embeddable":true,"href":"https:\/\/lalmachine.com\/de\/wp-json\/wp\/v2\/media\/251106"}],"wp:attachment":[{"href":"https:\/\/lalmachine.com\/de\/wp-json\/wp\/v2\/media?parent=251044"}],"wp:term":[{"taxonomy":"product_brand","embeddable":true,"href":"https:\/\/lalmachine.com\/de\/wp-json\/wp\/v2\/product_brand?post=251044"},{"taxonomy":"product_cat","embeddable":true,"href":"https:\/\/lalmachine.com\/de\/wp-json\/wp\/v2\/product_cat?post=251044"},{"taxonomy":"product_tag","embeddable":true,"href":"https:\/\/lalmachine.com\/de\/wp-json\/wp\/v2\/product_tag?post=251044"},{"taxonomy":"proximite","embeddable":true,"href":"https:\/\/lalmachine.com\/de\/wp-json\/wp\/v2\/proximite?post=251044"}],"curies":[{"name":"wp","href":"https:\/\/api.w.org\/{rel}","templated":true}]}}