{"id":251166,"date":"2023-10-25T16:02:45","date_gmt":"2023-10-25T14:02:45","guid":{"rendered":"https:\/\/lalmachine.com\/?post_type=product&#038;p=251166"},"modified":"2024-12-05T21:53:07","modified_gmt":"2024-12-05T20:53:07","slug":"chien-en-papier-mache","status":"publish","type":"product","link":"https:\/\/lalmachine.com\/de\/shop\/decorer\/decoration\/chien-en-papier-mache\/","title":{"rendered":"Chien en papier m\u00e2ch\u00e9"},"content":{"rendered":"<ul class=\"wpuf_customs\"><li style=\"list-style-type:none;\"><label>Autres photos:<\/label> <a href=\"https:\/\/lalmachine.com\/wp-content\/uploads\/2022\/01\/B223CA2C-405D-415A-8346-C413E8BFBA51-a58ddb84-rotated.jpeg\"><img loading=\"lazy\" decoding=\"async\" width=\"72\" height=\"96\" src=\"https:\/\/lalmachine.com\/wp-content\/uploads\/2022\/01\/B223CA2C-405D-415A-8346-C413E8BFBA51-a58ddb84-rotated.jpeg\" class=\"attachment-thumbnail size-thumbnail\" alt=\"\" \/><\/a> <a href=\"https:\/\/lalmachine.com\/wp-content\/uploads\/2022\/01\/99B01D44-428D-4834-B037-22E6112ED1C7-053f852f-rotated.jpeg\"><img loading=\"lazy\" decoding=\"async\" width=\"72\" height=\"96\" src=\"https:\/\/lalmachine.com\/wp-content\/uploads\/2022\/01\/99B01D44-428D-4834-B037-22E6112ED1C7-053f852f-rotated.jpeg\" class=\"attachment-thumbnail size-thumbnail\" alt=\"\" \/><\/a> <a href=\"https:\/\/lalmachine.com\/wp-content\/uploads\/2022\/01\/A79529F9-B1FF-47A8-A7C8-B174F3DEFCFD-6c7c237d-rotated.jpeg\"><img loading=\"lazy\" decoding=\"async\" width=\"72\" height=\"96\" src=\"https:\/\/lalmachine.com\/wp-content\/uploads\/2022\/01\/A79529F9-B1FF-47A8-A7C8-B174F3DEFCFD-6c7c237d-rotated.jpeg\" class=\"attachment-thumbnail size-thumbnail\" alt=\"\" \/><\/a> <a href=\"https:\/\/lalmachine.com\/wp-content\/uploads\/2022\/01\/28A246A3-F6E1-40AC-B295-2702C8DFF863-c1e619fd-rotated.jpeg\"><img loading=\"lazy\" decoding=\"async\" width=\"72\" height=\"96\" src=\"https:\/\/lalmachine.com\/wp-content\/uploads\/2022\/01\/28A246A3-F6E1-40AC-B295-2702C8DFF863-c1e619fd-rotated.jpeg\" class=\"attachment-thumbnail size-thumbnail\" alt=\"\" \/><\/a> <a href=\"https:\/\/lalmachine.com\/wp-content\/uploads\/2022\/01\/9DFF70F2-864B-46A6-881C-780A5BDDC4C8-f6c4aa85-rotated.jpeg\"><img loading=\"lazy\" decoding=\"async\" width=\"72\" height=\"96\" src=\"https:\/\/lalmachine.com\/wp-content\/uploads\/2022\/01\/9DFF70F2-864B-46A6-881C-780A5BDDC4C8-f6c4aa85-rotated.jpeg\" class=\"attachment-thumbnail size-thumbnail\" alt=\"\" \/><\/a> <a href=\"https:\/\/lalmachine.com\/wp-content\/uploads\/2022\/01\/BD75A48D-894D-4EFD-A8CE-A190FD433F15-09469e64-rotated.jpeg\"><img loading=\"lazy\" decoding=\"async\" width=\"72\" height=\"96\" src=\"https:\/\/lalmachine.com\/wp-content\/uploads\/2022\/01\/BD75A48D-894D-4EFD-A8CE-A190FD433F15-09469e64-rotated.jpeg\" class=\"attachment-thumbnail size-thumbnail\" alt=\"\" \/><\/a> <a href=\"https:\/\/lalmachine.com\/wp-content\/uploads\/2022\/01\/410BEFA7-B5B8-4AF3-8744-B3991E55907C-398da51b-rotated.jpeg\"><img loading=\"lazy\" decoding=\"async\" width=\"72\" height=\"96\" src=\"https:\/\/lalmachine.com\/wp-content\/uploads\/2022\/01\/410BEFA7-B5B8-4AF3-8744-B3991E55907C-398da51b-rotated.jpeg\" class=\"attachment-thumbnail size-thumbnail\" alt=\"\" \/><\/a> <a href=\"https:\/\/lalmachine.com\/wp-content\/uploads\/2022\/01\/0DCE9302-1882-459E-A686-841BAA52F1C1-e9cc4267-rotated.jpeg\"><img loading=\"lazy\" decoding=\"async\" width=\"72\" height=\"96\" src=\"https:\/\/lalmachine.com\/wp-content\/uploads\/2022\/01\/0DCE9302-1882-459E-A686-841BAA52F1C1-e9cc4267-rotated.jpeg\" class=\"attachment-thumbnail size-thumbnail\" alt=\"\" \/><\/a> <a href=\"https:\/\/lalmachine.com\/wp-content\/uploads\/2022\/01\/E6578ABB-8312-446C-B491-A8F7031F8124-312427cd-rotated.jpeg\"><img loading=\"lazy\" decoding=\"async\" width=\"72\" height=\"96\" src=\"https:\/\/lalmachine.com\/wp-content\/uploads\/2022\/01\/E6578ABB-8312-446C-B491-A8F7031F8124-312427cd-rotated.jpeg\" class=\"attachment-thumbnail size-thumbnail\" alt=\"\" \/><\/a> <\/li>        <li class=\"wpuf-field-data wpuf-field-data-numeric_text_field\">\n                            <label>Prix:<\/label>\n                        75        <\/li>\n                <li class=\"wpuf-field-data wpuf-field-data-numeric_text_field\">\n                            <label>Quantit\u00e9:<\/label>\n                        0        <\/li>\n                <li class=\"wpuf-field-data wpuf-field-data-numeric_text_field\">\n                            <label>Hauteur (cm):<\/label>\n                        33        <\/li>\n                <li class=\"wpuf-field-data wpuf-field-data-numeric_text_field\">\n                            <label>Largeur (cm):<\/label>\n                        40        <\/li>\n                <li class=\"wpuf-field-data wpuf-field-data-numeric_text_field\">\n                            <label>Profondeur (cm):<\/label>\n                        13        <\/li>\n        <\/ul>","protected":false},"excerpt":{"rendered":"<p>Objet de d\u00e9coration, chien en papier m\u00e2ch\u00e9 milieu du XXe si\u00e8cle.<br \/>\nId\u00e9al en d\u00e9coration pour une chambre d\u2019enfant ou dans un chalet.<br \/>\nCet objet est fragile et doit \u00eatre manipul\u00e9 avec pr\u00e9caution.<\/p>\n<p>Bel \u00e9tat!<\/p>","protected":false},"featured_media":251322,"template":"","meta":{"_et_pb_use_builder":"","_et_pb_old_content":"","_et_gb_content_width":""},"product_brand":[],"product_cat":[94,50],"product_tag":[],"proximite":[281,179],"class_list":{"0":"post-251166","1":"product","2":"type-product","3":"status-publish","4":"has-post-thumbnail","6":"product_cat-decoration","7":"product_cat-decorer","8":"product_shipping_class-0-2-kg","9":"pa_couleur-multicolore","10":"pa_etat-bon-etat","11":"pa_materiau-papier-carton","12":"pa_style-vintage","13":"proximite-nyon","14":"proximite-vaud","16":"first","17":"outofstock","18":"shipping-taxable","19":"purchasable","20":"product-type-simple"},"yoast_head":"<!-- This site is optimized with the Yoast SEO plugin v27.4 - https:\/\/yoast.com\/product\/yoast-seo-wordpress\/ -->\n<title>Chien en papier m\u00e2ch\u00e9 | lalmachine.com, mobilier et objets d\u00e9co vintage et design<\/title>\n<meta name=\"description\" content=\"Objet de d\u00e9coration, chien en papier m\u00e2ch\u00e9 milieu du XXe si\u00e8cle. Id\u00e9al en d\u00e9coration pour une chambre d\u2019enfant ou dans un chalet.\" \/>\n<meta name=\"robots\" content=\"index, follow, max-snippet:-1, max-image-preview:large, max-video-preview:-1\" \/>\n<link rel=\"canonical\" href=\"https:\/\/lalmachine.com\/de\/shop\/decorer\/decoration\/chien-en-papier-mache\/\" \/>\n<meta property=\"og:locale\" content=\"de_DE\" \/>\n<meta property=\"og:type\" content=\"article\" \/>\n<meta property=\"og:title\" content=\"Chien en papier m\u00e2ch\u00e9 | lalmachine.com, mobilier et objets d\u00e9co vintage et design\" \/>\n<meta property=\"og:description\" content=\"Objet de d\u00e9coration, chien en papier m\u00e2ch\u00e9 milieu du XXe si\u00e8cle. Id\u00e9al en d\u00e9coration pour une chambre d\u2019enfant ou dans un chalet.\" \/>\n<meta property=\"og:url\" content=\"https:\/\/lalmachine.com\/de\/shop\/decorer\/decoration\/chien-en-papier-mache\/\" \/>\n<meta property=\"og:site_name\" content=\"lalmachine.com\" \/>\n<meta property=\"article:publisher\" content=\"https:\/\/facebook.com\/lalmachine\" \/>\n<meta property=\"article:modified_time\" content=\"2024-12-05T20:53:07+00:00\" \/>\n<meta property=\"og:image\" content=\"https:\/\/lalmachine.com\/wp-content\/uploads\/2022\/01\/9AC6A3C5-CDDF-4EFD-BACB-E9F9CCDBED7F-0d813eb0-rotated_clipped_rev_1.jpeg\" \/>\n\t<meta property=\"og:image:width\" content=\"5590\" \/>\n\t<meta property=\"og:image:height\" content=\"5590\" \/>\n\t<meta property=\"og:image:type\" content=\"image\/jpeg\" \/>\n<meta name=\"twitter:card\" content=\"summary_large_image\" \/>\n<script type=\"application\/ld+json\" class=\"yoast-schema-graph\">{\"@context\":\"https:\\\/\\\/schema.org\",\"@graph\":[{\"@type\":\"WebPage\",\"@id\":\"https:\\\/\\\/lalmachine.com\\\/de\\\/shop\\\/decorer\\\/decoration\\\/chien-en-papier-mache\\\/\",\"url\":\"https:\\\/\\\/lalmachine.com\\\/de\\\/shop\\\/decorer\\\/decoration\\\/chien-en-papier-mache\\\/\",\"name\":\"Chien en papier m\u00e2ch\u00e9 | lalmachine.com, mobilier et objets d\u00e9co vintage et design\",\"isPartOf\":{\"@id\":\"https:\\\/\\\/lalmachine.com\\\/#website\"},\"primaryImageOfPage\":{\"@id\":\"https:\\\/\\\/lalmachine.com\\\/de\\\/shop\\\/decorer\\\/decoration\\\/chien-en-papier-mache\\\/#primaryimage\"},\"image\":{\"@id\":\"https:\\\/\\\/lalmachine.com\\\/de\\\/shop\\\/decorer\\\/decoration\\\/chien-en-papier-mache\\\/#primaryimage\"},\"thumbnailUrl\":\"https:\\\/\\\/lalmachine.com\\\/wp-content\\\/uploads\\\/2022\\\/01\\\/9AC6A3C5-CDDF-4EFD-BACB-E9F9CCDBED7F-0d813eb0-rotated_clipped_rev_1.jpeg\",\"datePublished\":\"2023-10-25T14:02:45+00:00\",\"dateModified\":\"2024-12-05T20:53:07+00:00\",\"description\":\"Objet de d\u00e9coration, chien en papier m\u00e2ch\u00e9 milieu du XXe si\u00e8cle. Id\u00e9al en d\u00e9coration pour une chambre d\u2019enfant ou dans un chalet.\",\"breadcrumb\":{\"@id\":\"https:\\\/\\\/lalmachine.com\\\/de\\\/shop\\\/decorer\\\/decoration\\\/chien-en-papier-mache\\\/#breadcrumb\"},\"inLanguage\":\"de\",\"potentialAction\":[{\"@type\":\"ReadAction\",\"target\":[\"https:\\\/\\\/lalmachine.com\\\/de\\\/shop\\\/decorer\\\/decoration\\\/chien-en-papier-mache\\\/\"]}]},{\"@type\":\"ImageObject\",\"inLanguage\":\"de\",\"@id\":\"https:\\\/\\\/lalmachine.com\\\/de\\\/shop\\\/decorer\\\/decoration\\\/chien-en-papier-mache\\\/#primaryimage\",\"url\":\"https:\\\/\\\/lalmachine.com\\\/wp-content\\\/uploads\\\/2022\\\/01\\\/9AC6A3C5-CDDF-4EFD-BACB-E9F9CCDBED7F-0d813eb0-rotated_clipped_rev_1.jpeg\",\"contentUrl\":\"https:\\\/\\\/lalmachine.com\\\/wp-content\\\/uploads\\\/2022\\\/01\\\/9AC6A3C5-CDDF-4EFD-BACB-E9F9CCDBED7F-0d813eb0-rotated_clipped_rev_1.jpeg\",\"width\":5590,\"height\":5590,\"caption\":\"Chien en papier m\u00e2ch\u00e9\"},{\"@type\":\"BreadcrumbList\",\"@id\":\"https:\\\/\\\/lalmachine.com\\\/de\\\/shop\\\/decorer\\\/decoration\\\/chien-en-papier-mache\\\/#breadcrumb\",\"itemListElement\":[{\"@type\":\"ListItem\",\"position\":1,\"name\":\"Accueil\",\"item\":\"https:\\\/\\\/lalmachine.com\\\/\"},{\"@type\":\"ListItem\",\"position\":2,\"name\":\"Shop\",\"item\":\"https:\\\/\\\/lalmachine.com\\\/shop\\\/\"},{\"@type\":\"ListItem\",\"position\":3,\"name\":\"Chien en papier m\u00e2ch\u00e9\"}]},{\"@type\":\"WebSite\",\"@id\":\"https:\\\/\\\/lalmachine.com\\\/#website\",\"url\":\"https:\\\/\\\/lalmachine.com\\\/\",\"name\":\"lalmachine.com\",\"description\":\"Brocante en ligne Suisse | Mobilier et objets d\u00e9co vintage et design\",\"potentialAction\":[{\"@type\":\"SearchAction\",\"target\":{\"@type\":\"EntryPoint\",\"urlTemplate\":\"https:\\\/\\\/lalmachine.com\\\/?s={search_term_string}\"},\"query-input\":{\"@type\":\"PropertyValueSpecification\",\"valueRequired\":true,\"valueName\":\"search_term_string\"}}],\"inLanguage\":\"de\"}]}<\/script>\n<!-- \/ Yoast SEO plugin. -->","yoast_head_json":{"title":"Chien en papier m\u00e2ch\u00e9 | lalmachine.com, mobilier et objets d\u00e9co vintage et design","description":"Objet de d\u00e9coration, chien en papier m\u00e2ch\u00e9 milieu du XXe si\u00e8cle. Id\u00e9al en d\u00e9coration pour une chambre d\u2019enfant ou dans un chalet.","robots":{"index":"index","follow":"follow","max-snippet":"max-snippet:-1","max-image-preview":"max-image-preview:large","max-video-preview":"max-video-preview:-1"},"canonical":"https:\/\/lalmachine.com\/de\/shop\/decorer\/decoration\/chien-en-papier-mache\/","og_locale":"de_DE","og_type":"article","og_title":"Chien en papier m\u00e2ch\u00e9 | lalmachine.com, mobilier et objets d\u00e9co vintage et design","og_description":"Objet de d\u00e9coration, chien en papier m\u00e2ch\u00e9 milieu du XXe si\u00e8cle. Id\u00e9al en d\u00e9coration pour une chambre d\u2019enfant ou dans un chalet.","og_url":"https:\/\/lalmachine.com\/de\/shop\/decorer\/decoration\/chien-en-papier-mache\/","og_site_name":"lalmachine.com","article_publisher":"https:\/\/facebook.com\/lalmachine","article_modified_time":"2024-12-05T20:53:07+00:00","og_image":[{"width":5590,"height":5590,"url":"https:\/\/lalmachine.com\/wp-content\/uploads\/2022\/01\/9AC6A3C5-CDDF-4EFD-BACB-E9F9CCDBED7F-0d813eb0-rotated_clipped_rev_1.jpeg","type":"image\/jpeg"}],"twitter_card":"summary_large_image","schema":{"@context":"https:\/\/schema.org","@graph":[{"@type":"WebPage","@id":"https:\/\/lalmachine.com\/de\/shop\/decorer\/decoration\/chien-en-papier-mache\/","url":"https:\/\/lalmachine.com\/de\/shop\/decorer\/decoration\/chien-en-papier-mache\/","name":"Chien en papier m\u00e2ch\u00e9 | lalmachine.com, mobilier et objets d\u00e9co vintage et design","isPartOf":{"@id":"https:\/\/lalmachine.com\/#website"},"primaryImageOfPage":{"@id":"https:\/\/lalmachine.com\/de\/shop\/decorer\/decoration\/chien-en-papier-mache\/#primaryimage"},"image":{"@id":"https:\/\/lalmachine.com\/de\/shop\/decorer\/decoration\/chien-en-papier-mache\/#primaryimage"},"thumbnailUrl":"https:\/\/lalmachine.com\/wp-content\/uploads\/2022\/01\/9AC6A3C5-CDDF-4EFD-BACB-E9F9CCDBED7F-0d813eb0-rotated_clipped_rev_1.jpeg","datePublished":"2023-10-25T14:02:45+00:00","dateModified":"2024-12-05T20:53:07+00:00","description":"Objet de d\u00e9coration, chien en papier m\u00e2ch\u00e9 milieu du XXe si\u00e8cle. Id\u00e9al en d\u00e9coration pour une chambre d\u2019enfant ou dans un chalet.","breadcrumb":{"@id":"https:\/\/lalmachine.com\/de\/shop\/decorer\/decoration\/chien-en-papier-mache\/#breadcrumb"},"inLanguage":"de","potentialAction":[{"@type":"ReadAction","target":["https:\/\/lalmachine.com\/de\/shop\/decorer\/decoration\/chien-en-papier-mache\/"]}]},{"@type":"ImageObject","inLanguage":"de","@id":"https:\/\/lalmachine.com\/de\/shop\/decorer\/decoration\/chien-en-papier-mache\/#primaryimage","url":"https:\/\/lalmachine.com\/wp-content\/uploads\/2022\/01\/9AC6A3C5-CDDF-4EFD-BACB-E9F9CCDBED7F-0d813eb0-rotated_clipped_rev_1.jpeg","contentUrl":"https:\/\/lalmachine.com\/wp-content\/uploads\/2022\/01\/9AC6A3C5-CDDF-4EFD-BACB-E9F9CCDBED7F-0d813eb0-rotated_clipped_rev_1.jpeg","width":5590,"height":5590,"caption":"Chien en papier m\u00e2ch\u00e9"},{"@type":"BreadcrumbList","@id":"https:\/\/lalmachine.com\/de\/shop\/decorer\/decoration\/chien-en-papier-mache\/#breadcrumb","itemListElement":[{"@type":"ListItem","position":1,"name":"Accueil","item":"https:\/\/lalmachine.com\/"},{"@type":"ListItem","position":2,"name":"Shop","item":"https:\/\/lalmachine.com\/shop\/"},{"@type":"ListItem","position":3,"name":"Chien en papier m\u00e2ch\u00e9"}]},{"@type":"WebSite","@id":"https:\/\/lalmachine.com\/#website","url":"https:\/\/lalmachine.com\/","name":"lalmachine.com","description":"Brocante en ligne Suisse | Mobilier et objets d\u00e9co vintage et design","potentialAction":[{"@type":"SearchAction","target":{"@type":"EntryPoint","urlTemplate":"https:\/\/lalmachine.com\/?s={search_term_string}"},"query-input":{"@type":"PropertyValueSpecification","valueRequired":true,"valueName":"search_term_string"}}],"inLanguage":"de"}]}},"_links":{"self":[{"href":"https:\/\/lalmachine.com\/de\/wp-json\/wp\/v2\/product\/251166","targetHints":{"allow":["GET"]}}],"collection":[{"href":"https:\/\/lalmachine.com\/de\/wp-json\/wp\/v2\/product"}],"about":[{"href":"https:\/\/lalmachine.com\/de\/wp-json\/wp\/v2\/types\/product"}],"wp:featuredmedia":[{"embeddable":true,"href":"https:\/\/lalmachine.com\/de\/wp-json\/wp\/v2\/media\/251322"}],"wp:attachment":[{"href":"https:\/\/lalmachine.com\/de\/wp-json\/wp\/v2\/media?parent=251166"}],"wp:term":[{"taxonomy":"product_brand","embeddable":true,"href":"https:\/\/lalmachine.com\/de\/wp-json\/wp\/v2\/product_brand?post=251166"},{"taxonomy":"product_cat","embeddable":true,"href":"https:\/\/lalmachine.com\/de\/wp-json\/wp\/v2\/product_cat?post=251166"},{"taxonomy":"product_tag","embeddable":true,"href":"https:\/\/lalmachine.com\/de\/wp-json\/wp\/v2\/product_tag?post=251166"},{"taxonomy":"proximite","embeddable":true,"href":"https:\/\/lalmachine.com\/de\/wp-json\/wp\/v2\/proximite?post=251166"}],"curies":[{"name":"wp","href":"https:\/\/api.w.org\/{rel}","templated":true}]}}