{"id":251744,"date":"2022-01-19T21:54:13","date_gmt":"2022-01-19T20:54:13","guid":{"rendered":"https:\/\/lalmachine.com\/?post_type=product&#038;p=251744"},"modified":"2024-12-05T21:53:08","modified_gmt":"2024-12-05T20:53:08","slug":"carte-du-monde-2","status":"publish","type":"product","link":"https:\/\/lalmachine.com\/de\/shop\/decorer\/affiche-carte\/carte-du-monde-2\/","title":{"rendered":"Carte du monde"},"content":{"rendered":"<ul class=\"wpuf_customs\"><li style=\"list-style-type:none;\"><label>Autres photos:<\/label> <a href=\"https:\/\/lalmachine.com\/wp-content\/uploads\/2022\/01\/CE8A6C98-E724-4A11-9DA8-6CBBF7C43F27-a384a719.jpeg\"><img loading=\"lazy\" decoding=\"async\" width=\"128\" height=\"96\" src=\"https:\/\/lalmachine.com\/wp-content\/uploads\/2022\/01\/CE8A6C98-E724-4A11-9DA8-6CBBF7C43F27-a384a719.jpeg\" class=\"attachment-thumbnail size-thumbnail\" alt=\"\" \/><\/a> <a href=\"https:\/\/lalmachine.com\/wp-content\/uploads\/2022\/01\/5B8A286D-8CFD-420F-89C7-6635DA2C3BBE-25f2db01-rotated.jpeg\"><img loading=\"lazy\" decoding=\"async\" width=\"72\" height=\"96\" src=\"https:\/\/lalmachine.com\/wp-content\/uploads\/2022\/01\/5B8A286D-8CFD-420F-89C7-6635DA2C3BBE-25f2db01-rotated.jpeg\" class=\"attachment-thumbnail size-thumbnail\" alt=\"\" \/><\/a> <a href=\"https:\/\/lalmachine.com\/wp-content\/uploads\/2022\/01\/6CD97F03-7ACD-48AE-91E3-9EA9910CEF57-7e242bc2-rotated.jpeg\"><img loading=\"lazy\" decoding=\"async\" width=\"72\" height=\"96\" src=\"https:\/\/lalmachine.com\/wp-content\/uploads\/2022\/01\/6CD97F03-7ACD-48AE-91E3-9EA9910CEF57-7e242bc2-rotated.jpeg\" class=\"attachment-thumbnail size-thumbnail\" alt=\"\" \/><\/a> <a href=\"https:\/\/lalmachine.com\/wp-content\/uploads\/2022\/01\/9F2D0AF0-325D-48C1-A705-DC9D8F95BC89-0e9ce61d.jpeg\"><img loading=\"lazy\" decoding=\"async\" width=\"128\" height=\"96\" src=\"https:\/\/lalmachine.com\/wp-content\/uploads\/2022\/01\/9F2D0AF0-325D-48C1-A705-DC9D8F95BC89-0e9ce61d.jpeg\" class=\"attachment-thumbnail size-thumbnail\" alt=\"\" \/><\/a> <a href=\"https:\/\/lalmachine.com\/wp-content\/uploads\/2022\/01\/75A27C52-9ED8-4B92-A38D-8FA91D7A767C-98cdf1f9-rotated.jpeg\"><img loading=\"lazy\" decoding=\"async\" width=\"72\" height=\"96\" src=\"https:\/\/lalmachine.com\/wp-content\/uploads\/2022\/01\/75A27C52-9ED8-4B92-A38D-8FA91D7A767C-98cdf1f9-rotated.jpeg\" class=\"attachment-thumbnail size-thumbnail\" alt=\"\" \/><\/a> <a href=\"https:\/\/lalmachine.com\/wp-content\/uploads\/2022\/01\/980AE405-9CFC-47F7-B379-76DDFDC8D69F-1d8170b8-rotated.jpeg\"><img loading=\"lazy\" decoding=\"async\" width=\"72\" height=\"96\" src=\"https:\/\/lalmachine.com\/wp-content\/uploads\/2022\/01\/980AE405-9CFC-47F7-B379-76DDFDC8D69F-1d8170b8-rotated.jpeg\" class=\"attachment-thumbnail size-thumbnail\" alt=\"\" \/><\/a> <a href=\"https:\/\/lalmachine.com\/wp-content\/uploads\/2022\/01\/6DDFD753-1295-48BB-A212-4964D4D591DE-73fea202-rotated.jpeg\"><img loading=\"lazy\" decoding=\"async\" width=\"72\" height=\"96\" src=\"https:\/\/lalmachine.com\/wp-content\/uploads\/2022\/01\/6DDFD753-1295-48BB-A212-4964D4D591DE-73fea202-rotated.jpeg\" class=\"attachment-thumbnail size-thumbnail\" alt=\"\" \/><\/a> <\/li>        <li class=\"wpuf-field-data wpuf-field-data-numeric_text_field\">\n                            <label>Prix:<\/label>\n                        70        <\/li>\n                <li class=\"wpuf-field-data wpuf-field-data-numeric_text_field\">\n                            <label>Hauteur (cm):<\/label>\n                        100        <\/li>\n                <li class=\"wpuf-field-data wpuf-field-data-numeric_text_field\">\n                            <label>Largeur (cm):<\/label>\n                        160        <\/li>\n                <li class=\"wpuf-field-data wpuf-field-data-numeric_text_field\">\n                            <label>Profondeur (cm):<\/label>\n                        3        <\/li>\n        <\/ul>","protected":false},"excerpt":{"rendered":"<p>Carte du monde datant environ des ann\u00e9es 80. Une ficelle permet de l\u2019accrocher au mur. Les 2 tubes gris sont en plastique.<br \/>\nL\u2019\u00e9tat g\u00e9n\u00e9ral de la carte est correct, son principal d\u00e9faut \u00e9tant une d\u00e9chirure de quelques centim\u00e8tres en haut \u00e0 droite.<br \/>\nA venir emporter \u00e0 Fribourg. Livraison possible (20.- pour Berne, 30.- pour Lausanne, autres villes en fonction de la distance).<\/p>","protected":false},"featured_media":251778,"template":"","meta":{"_et_pb_use_builder":"","_et_pb_old_content":"","_et_gb_content_width":""},"product_brand":[],"product_cat":[95,50],"product_tag":[],"proximite":[177,235],"class_list":{"0":"post-251744","1":"product","2":"type-product","3":"status-publish","4":"has-post-thumbnail","6":"product_cat-affiche-carte","7":"product_cat-decorer","8":"pa_couleur-multicolore","9":"pa_etat-dans-son-jus","10":"pa_materiau-papier-carton","11":"pa_style-vintage","12":"proximite-fribourg","13":"proximite-sarine","15":"first","16":"outofstock","17":"sale","18":"shipping-taxable","19":"purchasable","20":"product-type-simple"},"yoast_head":"<!-- This site is optimized with the Yoast SEO plugin v27.4 - https:\/\/yoast.com\/product\/yoast-seo-wordpress\/ -->\n<title>Carte du monde | lalmachine.com<\/title>\n<meta name=\"description\" content=\"Carte du monde datant environ des ann\u00e9es 80.\" \/>\n<meta name=\"robots\" content=\"index, follow, max-snippet:-1, max-image-preview:large, max-video-preview:-1\" \/>\n<link rel=\"canonical\" href=\"https:\/\/lalmachine.com\/de\/shop\/decorer\/affiche-carte\/carte-du-monde-2\/\" \/>\n<meta property=\"og:locale\" content=\"de_DE\" \/>\n<meta property=\"og:type\" content=\"article\" \/>\n<meta property=\"og:title\" content=\"Carte du monde | lalmachine.com\" \/>\n<meta property=\"og:description\" content=\"Carte du monde datant environ des ann\u00e9es 80.\" \/>\n<meta property=\"og:url\" content=\"https:\/\/lalmachine.com\/de\/shop\/decorer\/affiche-carte\/carte-du-monde-2\/\" \/>\n<meta property=\"og:site_name\" content=\"lalmachine.com\" \/>\n<meta property=\"article:publisher\" content=\"https:\/\/facebook.com\/lalmachine\" \/>\n<meta property=\"article:modified_time\" content=\"2024-12-05T20:53:08+00:00\" \/>\n<meta property=\"og:image\" content=\"https:\/\/lalmachine.com\/wp-content\/uploads\/2022\/01\/17AAA502-9D42-4F3F-979E-20E9CF9F34A7-b12be1ac_clipped_rev_1.jpg\" \/>\n\t<meta property=\"og:image:width\" content=\"5727\" \/>\n\t<meta property=\"og:image:height\" content=\"5726\" \/>\n\t<meta property=\"og:image:type\" content=\"image\/jpeg\" \/>\n<meta name=\"twitter:card\" content=\"summary_large_image\" \/>\n<script type=\"application\/ld+json\" class=\"yoast-schema-graph\">{\"@context\":\"https:\\\/\\\/schema.org\",\"@graph\":[{\"@type\":\"WebPage\",\"@id\":\"https:\\\/\\\/lalmachine.com\\\/shop\\\/decorer\\\/affiche-carte\\\/carte-du-monde-2\\\/\",\"url\":\"https:\\\/\\\/lalmachine.com\\\/shop\\\/decorer\\\/affiche-carte\\\/carte-du-monde-2\\\/\",\"name\":\"Carte du monde | lalmachine.com\",\"isPartOf\":{\"@id\":\"https:\\\/\\\/lalmachine.com\\\/#website\"},\"primaryImageOfPage\":{\"@id\":\"https:\\\/\\\/lalmachine.com\\\/shop\\\/decorer\\\/affiche-carte\\\/carte-du-monde-2\\\/#primaryimage\"},\"image\":{\"@id\":\"https:\\\/\\\/lalmachine.com\\\/shop\\\/decorer\\\/affiche-carte\\\/carte-du-monde-2\\\/#primaryimage\"},\"thumbnailUrl\":\"https:\\\/\\\/lalmachine.com\\\/wp-content\\\/uploads\\\/2022\\\/01\\\/17AAA502-9D42-4F3F-979E-20E9CF9F34A7-b12be1ac_clipped_rev_1.jpg\",\"datePublished\":\"2022-01-19T20:54:13+00:00\",\"dateModified\":\"2024-12-05T20:53:08+00:00\",\"description\":\"Carte du monde datant environ des ann\u00e9es 80.\",\"breadcrumb\":{\"@id\":\"https:\\\/\\\/lalmachine.com\\\/shop\\\/decorer\\\/affiche-carte\\\/carte-du-monde-2\\\/#breadcrumb\"},\"inLanguage\":\"de\",\"potentialAction\":[{\"@type\":\"ReadAction\",\"target\":[\"https:\\\/\\\/lalmachine.com\\\/shop\\\/decorer\\\/affiche-carte\\\/carte-du-monde-2\\\/\"]}]},{\"@type\":\"ImageObject\",\"inLanguage\":\"de\",\"@id\":\"https:\\\/\\\/lalmachine.com\\\/shop\\\/decorer\\\/affiche-carte\\\/carte-du-monde-2\\\/#primaryimage\",\"url\":\"https:\\\/\\\/lalmachine.com\\\/wp-content\\\/uploads\\\/2022\\\/01\\\/17AAA502-9D42-4F3F-979E-20E9CF9F34A7-b12be1ac_clipped_rev_1.jpg\",\"contentUrl\":\"https:\\\/\\\/lalmachine.com\\\/wp-content\\\/uploads\\\/2022\\\/01\\\/17AAA502-9D42-4F3F-979E-20E9CF9F34A7-b12be1ac_clipped_rev_1.jpg\",\"width\":5727,\"height\":5726},{\"@type\":\"BreadcrumbList\",\"@id\":\"https:\\\/\\\/lalmachine.com\\\/shop\\\/decorer\\\/affiche-carte\\\/carte-du-monde-2\\\/#breadcrumb\",\"itemListElement\":[{\"@type\":\"ListItem\",\"position\":1,\"name\":\"Accueil\",\"item\":\"https:\\\/\\\/lalmachine.com\\\/\"},{\"@type\":\"ListItem\",\"position\":2,\"name\":\"Shop\",\"item\":\"https:\\\/\\\/lalmachine.com\\\/shop\\\/\"},{\"@type\":\"ListItem\",\"position\":3,\"name\":\"Carte du monde\"}]},{\"@type\":\"WebSite\",\"@id\":\"https:\\\/\\\/lalmachine.com\\\/#website\",\"url\":\"https:\\\/\\\/lalmachine.com\\\/\",\"name\":\"lalmachine.com\",\"description\":\"Brocante en ligne Suisse | Mobilier et objets d\u00e9co vintage et design\",\"potentialAction\":[{\"@type\":\"SearchAction\",\"target\":{\"@type\":\"EntryPoint\",\"urlTemplate\":\"https:\\\/\\\/lalmachine.com\\\/?s={search_term_string}\"},\"query-input\":{\"@type\":\"PropertyValueSpecification\",\"valueRequired\":true,\"valueName\":\"search_term_string\"}}],\"inLanguage\":\"de\"}]}<\/script>\n<!-- \/ Yoast SEO plugin. -->","yoast_head_json":{"title":"Carte du monde | lalmachine.com","description":"Carte du monde datant environ des ann\u00e9es 80.","robots":{"index":"index","follow":"follow","max-snippet":"max-snippet:-1","max-image-preview":"max-image-preview:large","max-video-preview":"max-video-preview:-1"},"canonical":"https:\/\/lalmachine.com\/de\/shop\/decorer\/affiche-carte\/carte-du-monde-2\/","og_locale":"de_DE","og_type":"article","og_title":"Carte du monde | lalmachine.com","og_description":"Carte du monde datant environ des ann\u00e9es 80.","og_url":"https:\/\/lalmachine.com\/de\/shop\/decorer\/affiche-carte\/carte-du-monde-2\/","og_site_name":"lalmachine.com","article_publisher":"https:\/\/facebook.com\/lalmachine","article_modified_time":"2024-12-05T20:53:08+00:00","og_image":[{"width":5727,"height":5726,"url":"https:\/\/lalmachine.com\/wp-content\/uploads\/2022\/01\/17AAA502-9D42-4F3F-979E-20E9CF9F34A7-b12be1ac_clipped_rev_1.jpg","type":"image\/jpeg"}],"twitter_card":"summary_large_image","schema":{"@context":"https:\/\/schema.org","@graph":[{"@type":"WebPage","@id":"https:\/\/lalmachine.com\/shop\/decorer\/affiche-carte\/carte-du-monde-2\/","url":"https:\/\/lalmachine.com\/shop\/decorer\/affiche-carte\/carte-du-monde-2\/","name":"Carte du monde | lalmachine.com","isPartOf":{"@id":"https:\/\/lalmachine.com\/#website"},"primaryImageOfPage":{"@id":"https:\/\/lalmachine.com\/shop\/decorer\/affiche-carte\/carte-du-monde-2\/#primaryimage"},"image":{"@id":"https:\/\/lalmachine.com\/shop\/decorer\/affiche-carte\/carte-du-monde-2\/#primaryimage"},"thumbnailUrl":"https:\/\/lalmachine.com\/wp-content\/uploads\/2022\/01\/17AAA502-9D42-4F3F-979E-20E9CF9F34A7-b12be1ac_clipped_rev_1.jpg","datePublished":"2022-01-19T20:54:13+00:00","dateModified":"2024-12-05T20:53:08+00:00","description":"Carte du monde datant environ des ann\u00e9es 80.","breadcrumb":{"@id":"https:\/\/lalmachine.com\/shop\/decorer\/affiche-carte\/carte-du-monde-2\/#breadcrumb"},"inLanguage":"de","potentialAction":[{"@type":"ReadAction","target":["https:\/\/lalmachine.com\/shop\/decorer\/affiche-carte\/carte-du-monde-2\/"]}]},{"@type":"ImageObject","inLanguage":"de","@id":"https:\/\/lalmachine.com\/shop\/decorer\/affiche-carte\/carte-du-monde-2\/#primaryimage","url":"https:\/\/lalmachine.com\/wp-content\/uploads\/2022\/01\/17AAA502-9D42-4F3F-979E-20E9CF9F34A7-b12be1ac_clipped_rev_1.jpg","contentUrl":"https:\/\/lalmachine.com\/wp-content\/uploads\/2022\/01\/17AAA502-9D42-4F3F-979E-20E9CF9F34A7-b12be1ac_clipped_rev_1.jpg","width":5727,"height":5726},{"@type":"BreadcrumbList","@id":"https:\/\/lalmachine.com\/shop\/decorer\/affiche-carte\/carte-du-monde-2\/#breadcrumb","itemListElement":[{"@type":"ListItem","position":1,"name":"Accueil","item":"https:\/\/lalmachine.com\/"},{"@type":"ListItem","position":2,"name":"Shop","item":"https:\/\/lalmachine.com\/shop\/"},{"@type":"ListItem","position":3,"name":"Carte du monde"}]},{"@type":"WebSite","@id":"https:\/\/lalmachine.com\/#website","url":"https:\/\/lalmachine.com\/","name":"lalmachine.com","description":"Brocante en ligne Suisse | Mobilier et objets d\u00e9co vintage et design","potentialAction":[{"@type":"SearchAction","target":{"@type":"EntryPoint","urlTemplate":"https:\/\/lalmachine.com\/?s={search_term_string}"},"query-input":{"@type":"PropertyValueSpecification","valueRequired":true,"valueName":"search_term_string"}}],"inLanguage":"de"}]}},"_links":{"self":[{"href":"https:\/\/lalmachine.com\/de\/wp-json\/wp\/v2\/product\/251744","targetHints":{"allow":["GET"]}}],"collection":[{"href":"https:\/\/lalmachine.com\/de\/wp-json\/wp\/v2\/product"}],"about":[{"href":"https:\/\/lalmachine.com\/de\/wp-json\/wp\/v2\/types\/product"}],"wp:featuredmedia":[{"embeddable":true,"href":"https:\/\/lalmachine.com\/de\/wp-json\/wp\/v2\/media\/251778"}],"wp:attachment":[{"href":"https:\/\/lalmachine.com\/de\/wp-json\/wp\/v2\/media?parent=251744"}],"wp:term":[{"taxonomy":"product_brand","embeddable":true,"href":"https:\/\/lalmachine.com\/de\/wp-json\/wp\/v2\/product_brand?post=251744"},{"taxonomy":"product_cat","embeddable":true,"href":"https:\/\/lalmachine.com\/de\/wp-json\/wp\/v2\/product_cat?post=251744"},{"taxonomy":"product_tag","embeddable":true,"href":"https:\/\/lalmachine.com\/de\/wp-json\/wp\/v2\/product_tag?post=251744"},{"taxonomy":"proximite","embeddable":true,"href":"https:\/\/lalmachine.com\/de\/wp-json\/wp\/v2\/proximite?post=251744"}],"curies":[{"name":"wp","href":"https:\/\/api.w.org\/{rel}","templated":true}]}}