{"id":252223,"date":"2022-01-24T14:36:04","date_gmt":"2022-01-24T13:36:04","guid":{"rendered":"https:\/\/lalmachine.com\/?post_type=product&#038;p=252223"},"modified":"2024-12-05T21:53:09","modified_gmt":"2024-12-05T20:53:09","slug":"vitra-eames-plastic-armchair-dar","status":"publish","type":"product","link":"https:\/\/lalmachine.com\/de\/shop\/sasseoir\/chaise\/vitra-eames-plastic-armchair-dar\/","title":{"rendered":"Vitra Eames plastic armchair DAR"},"content":{"rendered":"<ul class=\"wpuf_customs\"><li style=\"list-style-type:none;\"><label>Autres photos:<\/label> <a href=\"https:\/\/lalmachine.com\/wp-content\/uploads\/2022\/01\/tempImagexoIyY5-5bdcadc6.jpg\"><img loading=\"lazy\" decoding=\"async\" width=\"72\" height=\"96\" src=\"https:\/\/lalmachine.com\/wp-content\/uploads\/2022\/01\/tempImagexoIyY5-5bdcadc6.jpg\" class=\"attachment-thumbnail size-thumbnail\" alt=\"\" \/><\/a> <a href=\"https:\/\/lalmachine.com\/wp-content\/uploads\/2022\/01\/tempImagelENGRb-914c2079.jpg\"><img loading=\"lazy\" decoding=\"async\" width=\"72\" height=\"96\" src=\"https:\/\/lalmachine.com\/wp-content\/uploads\/2022\/01\/tempImagelENGRb-914c2079.jpg\" class=\"attachment-thumbnail size-thumbnail\" alt=\"\" \/><\/a> <a href=\"https:\/\/lalmachine.com\/wp-content\/uploads\/2022\/01\/tempImage8qxhlm-1e92b77c.jpg\"><img loading=\"lazy\" decoding=\"async\" width=\"72\" height=\"96\" src=\"https:\/\/lalmachine.com\/wp-content\/uploads\/2022\/01\/tempImage8qxhlm-1e92b77c.jpg\" class=\"attachment-thumbnail size-thumbnail\" alt=\"\" \/><\/a> <\/li>        <li class=\"wpuf-field-data wpuf-field-data-numeric_text_field\">\n                            <label>Prix:<\/label>\n                        239        <\/li>\n                <li class=\"wpuf-field-data wpuf-field-data-numeric_text_field\">\n                            <label>Hauteur (cm):<\/label>\n                        83        <\/li>\n                <li class=\"wpuf-field-data wpuf-field-data-numeric_text_field\">\n                            <label>Largeur (cm):<\/label>\n                        62        <\/li>\n                <li class=\"wpuf-field-data wpuf-field-data-numeric_text_field\">\n                            <label>Profondeur (cm):<\/label>\n                        60        <\/li>\n        <\/ul>","protected":false},"excerpt":{"rendered":"<p>Armchair DAR dessin\u00e9 par Charles &amp; Ray Eames et produit par Vitra.<\/p>\n<p>Coque d&rsquo;assise en plastique blanc.<br \/>\nCoussin d&rsquo;assise en cuire brun fonc\u00e9.<br \/>\nPi\u00e9tement en fils d&rsquo;acier avec croisillons, finition chrom\u00e9e, dit pied \u00ab\u00a0Tour Eiffel\u00a0\u00bb<\/p>\n<p>Sur une des chaises, le cuir est l\u00e9g\u00e8rement d\u00e9coll\u00e9 du placet. Il est cependant en tr\u00e8s bon \u00e9tat.<\/p>\n<p><strong>5 chaises disponibles, prix par pi\u00e8ce.<\/strong><\/p>","protected":false},"featured_media":252327,"template":"","meta":{"_et_pb_use_builder":"","_et_pb_old_content":"","_et_gb_content_width":""},"product_brand":[],"product_cat":[100,48],"product_tag":[],"proximite":[177,235],"class_list":{"0":"post-252223","1":"product","2":"type-product","3":"status-publish","4":"has-post-thumbnail","6":"product_cat-chaise","7":"product_cat-sasseoir","8":"pa_couleur-blanc","9":"pa_designer-eames-charles-et-ray","10":"pa_etat-bon-etat","11":"pa_materiau-plastique","12":"pa_style-design","13":"proximite-fribourg","14":"proximite-sarine","16":"first","17":"outofstock","18":"shipping-taxable","19":"purchasable","20":"product-type-simple"},"yoast_head":"<!-- This site is optimized with the Yoast SEO plugin v27.4 - https:\/\/yoast.com\/product\/yoast-seo-wordpress\/ -->\n<title>Vitra Eames plastic armchair DAR | lalmachine.com<\/title>\n<meta name=\"description\" content=\"Armchair DAR dessin\u00e9 par Charles &amp; Ray Eames et produit par Vitra.\" \/>\n<meta name=\"robots\" content=\"index, follow, max-snippet:-1, max-image-preview:large, max-video-preview:-1\" \/>\n<link rel=\"canonical\" href=\"https:\/\/lalmachine.com\/de\/shop\/sasseoir\/chaise\/vitra-eames-plastic-armchair-dar\/\" \/>\n<meta property=\"og:locale\" content=\"de_DE\" \/>\n<meta property=\"og:type\" content=\"article\" \/>\n<meta property=\"og:title\" content=\"Vitra Eames plastic armchair DAR | lalmachine.com\" \/>\n<meta property=\"og:description\" content=\"Armchair DAR dessin\u00e9 par Charles &amp; Ray Eames et produit par Vitra.\" \/>\n<meta property=\"og:url\" content=\"https:\/\/lalmachine.com\/de\/shop\/sasseoir\/chaise\/vitra-eames-plastic-armchair-dar\/\" \/>\n<meta property=\"og:site_name\" content=\"lalmachine.com\" \/>\n<meta property=\"article:publisher\" content=\"https:\/\/facebook.com\/lalmachine\" \/>\n<meta property=\"article:modified_time\" content=\"2024-12-05T20:53:09+00:00\" \/>\n<meta property=\"og:image\" content=\"https:\/\/lalmachine.com\/wp-content\/uploads\/2022\/01\/tempImagebA69K2-4b9f08cc_clipped_rev_1.jpeg\" \/>\n\t<meta property=\"og:image:width\" content=\"4131\" \/>\n\t<meta property=\"og:image:height\" content=\"4131\" \/>\n\t<meta property=\"og:image:type\" content=\"image\/jpeg\" \/>\n<meta name=\"twitter:card\" content=\"summary_large_image\" \/>\n<script type=\"application\/ld+json\" class=\"yoast-schema-graph\">{\"@context\":\"https:\\\/\\\/schema.org\",\"@graph\":[{\"@type\":\"WebPage\",\"@id\":\"https:\\\/\\\/lalmachine.com\\\/shop\\\/sasseoir\\\/chaise\\\/vitra-eames-plastic-armchair-dar\\\/\",\"url\":\"https:\\\/\\\/lalmachine.com\\\/shop\\\/sasseoir\\\/chaise\\\/vitra-eames-plastic-armchair-dar\\\/\",\"name\":\"Vitra Eames plastic armchair DAR | lalmachine.com\",\"isPartOf\":{\"@id\":\"https:\\\/\\\/lalmachine.com\\\/#website\"},\"primaryImageOfPage\":{\"@id\":\"https:\\\/\\\/lalmachine.com\\\/shop\\\/sasseoir\\\/chaise\\\/vitra-eames-plastic-armchair-dar\\\/#primaryimage\"},\"image\":{\"@id\":\"https:\\\/\\\/lalmachine.com\\\/shop\\\/sasseoir\\\/chaise\\\/vitra-eames-plastic-armchair-dar\\\/#primaryimage\"},\"thumbnailUrl\":\"https:\\\/\\\/lalmachine.com\\\/wp-content\\\/uploads\\\/2022\\\/01\\\/tempImagebA69K2-4b9f08cc_clipped_rev_1.jpeg\",\"datePublished\":\"2022-01-24T13:36:04+00:00\",\"dateModified\":\"2024-12-05T20:53:09+00:00\",\"description\":\"Armchair DAR dessin\u00e9 par Charles & Ray Eames et produit par Vitra.\",\"breadcrumb\":{\"@id\":\"https:\\\/\\\/lalmachine.com\\\/shop\\\/sasseoir\\\/chaise\\\/vitra-eames-plastic-armchair-dar\\\/#breadcrumb\"},\"inLanguage\":\"de\",\"potentialAction\":[{\"@type\":\"ReadAction\",\"target\":[\"https:\\\/\\\/lalmachine.com\\\/shop\\\/sasseoir\\\/chaise\\\/vitra-eames-plastic-armchair-dar\\\/\"]}]},{\"@type\":\"ImageObject\",\"inLanguage\":\"de\",\"@id\":\"https:\\\/\\\/lalmachine.com\\\/shop\\\/sasseoir\\\/chaise\\\/vitra-eames-plastic-armchair-dar\\\/#primaryimage\",\"url\":\"https:\\\/\\\/lalmachine.com\\\/wp-content\\\/uploads\\\/2022\\\/01\\\/tempImagebA69K2-4b9f08cc_clipped_rev_1.jpeg\",\"contentUrl\":\"https:\\\/\\\/lalmachine.com\\\/wp-content\\\/uploads\\\/2022\\\/01\\\/tempImagebA69K2-4b9f08cc_clipped_rev_1.jpeg\",\"width\":4131,\"height\":4131,\"caption\":\"Eames armchair DAR\"},{\"@type\":\"BreadcrumbList\",\"@id\":\"https:\\\/\\\/lalmachine.com\\\/shop\\\/sasseoir\\\/chaise\\\/vitra-eames-plastic-armchair-dar\\\/#breadcrumb\",\"itemListElement\":[{\"@type\":\"ListItem\",\"position\":1,\"name\":\"Accueil\",\"item\":\"https:\\\/\\\/lalmachine.com\\\/\"},{\"@type\":\"ListItem\",\"position\":2,\"name\":\"Shop\",\"item\":\"https:\\\/\\\/lalmachine.com\\\/shop\\\/\"},{\"@type\":\"ListItem\",\"position\":3,\"name\":\"Vitra Eames plastic armchair DAR\"}]},{\"@type\":\"WebSite\",\"@id\":\"https:\\\/\\\/lalmachine.com\\\/#website\",\"url\":\"https:\\\/\\\/lalmachine.com\\\/\",\"name\":\"lalmachine.com\",\"description\":\"Brocante en ligne Suisse | Mobilier et objets d\u00e9co vintage et design\",\"potentialAction\":[{\"@type\":\"SearchAction\",\"target\":{\"@type\":\"EntryPoint\",\"urlTemplate\":\"https:\\\/\\\/lalmachine.com\\\/?s={search_term_string}\"},\"query-input\":{\"@type\":\"PropertyValueSpecification\",\"valueRequired\":true,\"valueName\":\"search_term_string\"}}],\"inLanguage\":\"de\"}]}<\/script>\n<!-- \/ Yoast SEO plugin. -->","yoast_head_json":{"title":"Vitra Eames plastic armchair DAR | lalmachine.com","description":"Armchair DAR dessin\u00e9 par Charles & Ray Eames et produit par Vitra.","robots":{"index":"index","follow":"follow","max-snippet":"max-snippet:-1","max-image-preview":"max-image-preview:large","max-video-preview":"max-video-preview:-1"},"canonical":"https:\/\/lalmachine.com\/de\/shop\/sasseoir\/chaise\/vitra-eames-plastic-armchair-dar\/","og_locale":"de_DE","og_type":"article","og_title":"Vitra Eames plastic armchair DAR | lalmachine.com","og_description":"Armchair DAR dessin\u00e9 par Charles & Ray Eames et produit par Vitra.","og_url":"https:\/\/lalmachine.com\/de\/shop\/sasseoir\/chaise\/vitra-eames-plastic-armchair-dar\/","og_site_name":"lalmachine.com","article_publisher":"https:\/\/facebook.com\/lalmachine","article_modified_time":"2024-12-05T20:53:09+00:00","og_image":[{"width":4131,"height":4131,"url":"https:\/\/lalmachine.com\/wp-content\/uploads\/2022\/01\/tempImagebA69K2-4b9f08cc_clipped_rev_1.jpeg","type":"image\/jpeg"}],"twitter_card":"summary_large_image","schema":{"@context":"https:\/\/schema.org","@graph":[{"@type":"WebPage","@id":"https:\/\/lalmachine.com\/shop\/sasseoir\/chaise\/vitra-eames-plastic-armchair-dar\/","url":"https:\/\/lalmachine.com\/shop\/sasseoir\/chaise\/vitra-eames-plastic-armchair-dar\/","name":"Vitra Eames plastic armchair DAR | lalmachine.com","isPartOf":{"@id":"https:\/\/lalmachine.com\/#website"},"primaryImageOfPage":{"@id":"https:\/\/lalmachine.com\/shop\/sasseoir\/chaise\/vitra-eames-plastic-armchair-dar\/#primaryimage"},"image":{"@id":"https:\/\/lalmachine.com\/shop\/sasseoir\/chaise\/vitra-eames-plastic-armchair-dar\/#primaryimage"},"thumbnailUrl":"https:\/\/lalmachine.com\/wp-content\/uploads\/2022\/01\/tempImagebA69K2-4b9f08cc_clipped_rev_1.jpeg","datePublished":"2022-01-24T13:36:04+00:00","dateModified":"2024-12-05T20:53:09+00:00","description":"Armchair DAR dessin\u00e9 par Charles & Ray Eames et produit par Vitra.","breadcrumb":{"@id":"https:\/\/lalmachine.com\/shop\/sasseoir\/chaise\/vitra-eames-plastic-armchair-dar\/#breadcrumb"},"inLanguage":"de","potentialAction":[{"@type":"ReadAction","target":["https:\/\/lalmachine.com\/shop\/sasseoir\/chaise\/vitra-eames-plastic-armchair-dar\/"]}]},{"@type":"ImageObject","inLanguage":"de","@id":"https:\/\/lalmachine.com\/shop\/sasseoir\/chaise\/vitra-eames-plastic-armchair-dar\/#primaryimage","url":"https:\/\/lalmachine.com\/wp-content\/uploads\/2022\/01\/tempImagebA69K2-4b9f08cc_clipped_rev_1.jpeg","contentUrl":"https:\/\/lalmachine.com\/wp-content\/uploads\/2022\/01\/tempImagebA69K2-4b9f08cc_clipped_rev_1.jpeg","width":4131,"height":4131,"caption":"Eames armchair DAR"},{"@type":"BreadcrumbList","@id":"https:\/\/lalmachine.com\/shop\/sasseoir\/chaise\/vitra-eames-plastic-armchair-dar\/#breadcrumb","itemListElement":[{"@type":"ListItem","position":1,"name":"Accueil","item":"https:\/\/lalmachine.com\/"},{"@type":"ListItem","position":2,"name":"Shop","item":"https:\/\/lalmachine.com\/shop\/"},{"@type":"ListItem","position":3,"name":"Vitra Eames plastic armchair DAR"}]},{"@type":"WebSite","@id":"https:\/\/lalmachine.com\/#website","url":"https:\/\/lalmachine.com\/","name":"lalmachine.com","description":"Brocante en ligne Suisse | Mobilier et objets d\u00e9co vintage et design","potentialAction":[{"@type":"SearchAction","target":{"@type":"EntryPoint","urlTemplate":"https:\/\/lalmachine.com\/?s={search_term_string}"},"query-input":{"@type":"PropertyValueSpecification","valueRequired":true,"valueName":"search_term_string"}}],"inLanguage":"de"}]}},"_links":{"self":[{"href":"https:\/\/lalmachine.com\/de\/wp-json\/wp\/v2\/product\/252223","targetHints":{"allow":["GET"]}}],"collection":[{"href":"https:\/\/lalmachine.com\/de\/wp-json\/wp\/v2\/product"}],"about":[{"href":"https:\/\/lalmachine.com\/de\/wp-json\/wp\/v2\/types\/product"}],"wp:featuredmedia":[{"embeddable":true,"href":"https:\/\/lalmachine.com\/de\/wp-json\/wp\/v2\/media\/252327"}],"wp:attachment":[{"href":"https:\/\/lalmachine.com\/de\/wp-json\/wp\/v2\/media?parent=252223"}],"wp:term":[{"taxonomy":"product_brand","embeddable":true,"href":"https:\/\/lalmachine.com\/de\/wp-json\/wp\/v2\/product_brand?post=252223"},{"taxonomy":"product_cat","embeddable":true,"href":"https:\/\/lalmachine.com\/de\/wp-json\/wp\/v2\/product_cat?post=252223"},{"taxonomy":"product_tag","embeddable":true,"href":"https:\/\/lalmachine.com\/de\/wp-json\/wp\/v2\/product_tag?post=252223"},{"taxonomy":"proximite","embeddable":true,"href":"https:\/\/lalmachine.com\/de\/wp-json\/wp\/v2\/proximite?post=252223"}],"curies":[{"name":"wp","href":"https:\/\/api.w.org\/{rel}","templated":true}]}}