{"id":254604,"date":"2022-02-02T14:31:31","date_gmt":"2022-02-02T13:31:31","guid":{"rendered":"https:\/\/lalmachine.com\/?post_type=product&#038;p=254604"},"modified":"2024-12-05T21:53:15","modified_gmt":"2024-12-05T20:53:15","slug":"tapis-petits-pois-berbere-n125","status":"publish","type":"product","link":"https:\/\/lalmachine.com\/de\/shop\/decorer\/tapis\/tapis-petits-pois-berbere-n125\/","title":{"rendered":"Tapis petits pois, berb\u00e8re N\u00b0125"},"content":{"rendered":"<ul class=\"wpuf_customs\"><li style=\"list-style-type:none;\"><label>Autres photos:<\/label> <a href=\"https:\/\/lalmachine.com\/wp-content\/uploads\/2022\/02\/tapis-petit-pois-16cb4e75.jpeg\"><img loading=\"lazy\" decoding=\"async\" width=\"76\" height=\"96\" src=\"https:\/\/lalmachine.com\/wp-content\/uploads\/2022\/02\/tapis-petit-pois-16cb4e75.jpeg\" class=\"attachment-thumbnail size-thumbnail\" alt=\"\" \/><\/a> <a href=\"https:\/\/lalmachine.com\/wp-content\/uploads\/2022\/02\/tapis-petits-pois-1-3c6d5499.jpeg\"><img loading=\"lazy\" decoding=\"async\" width=\"45\" height=\"96\" src=\"https:\/\/lalmachine.com\/wp-content\/uploads\/2022\/02\/tapis-petits-pois-1-3c6d5499.jpeg\" class=\"attachment-thumbnail size-thumbnail\" alt=\"\" \/><\/a> <a href=\"https:\/\/lalmachine.com\/wp-content\/uploads\/2022\/02\/tapis-petits-pois-2-637fd881.jpeg\"><img loading=\"lazy\" decoding=\"async\" width=\"45\" height=\"96\" src=\"https:\/\/lalmachine.com\/wp-content\/uploads\/2022\/02\/tapis-petits-pois-2-637fd881.jpeg\" class=\"attachment-thumbnail size-thumbnail\" alt=\"\" \/><\/a> <a href=\"https:\/\/lalmachine.com\/wp-content\/uploads\/2022\/02\/tapis-petits-pois-3-80b117ed.jpeg\"><img loading=\"lazy\" decoding=\"async\" width=\"75\" height=\"96\" src=\"https:\/\/lalmachine.com\/wp-content\/uploads\/2022\/02\/tapis-petits-pois-3-80b117ed.jpeg\" class=\"attachment-thumbnail size-thumbnail\" alt=\"\" \/><\/a> <a href=\"https:\/\/lalmachine.com\/wp-content\/uploads\/2022\/02\/tapis-petits-pois-4-f15b43b6.jpeg\"><img loading=\"lazy\" decoding=\"async\" width=\"45\" height=\"96\" src=\"https:\/\/lalmachine.com\/wp-content\/uploads\/2022\/02\/tapis-petits-pois-4-f15b43b6.jpeg\" class=\"attachment-thumbnail size-thumbnail\" alt=\"\" \/><\/a> <a href=\"https:\/\/lalmachine.com\/wp-content\/uploads\/2022\/02\/tapis-petits-pois-5-db047286.jpeg\"><img loading=\"lazy\" decoding=\"async\" width=\"45\" height=\"96\" src=\"https:\/\/lalmachine.com\/wp-content\/uploads\/2022\/02\/tapis-petits-pois-5-db047286.jpeg\" class=\"attachment-thumbnail size-thumbnail\" alt=\"\" \/><\/a> <a href=\"https:\/\/lalmachine.com\/wp-content\/uploads\/2022\/02\/tapis-petits-pois-6-e7ac34f9.jpeg\"><img loading=\"lazy\" decoding=\"async\" width=\"45\" height=\"96\" src=\"https:\/\/lalmachine.com\/wp-content\/uploads\/2022\/02\/tapis-petits-pois-6-e7ac34f9.jpeg\" class=\"attachment-thumbnail size-thumbnail\" alt=\"\" \/><\/a> <a href=\"https:\/\/lalmachine.com\/wp-content\/uploads\/2022\/02\/tapis-petits-pois-7-bb9aeb09.jpeg\"><img loading=\"lazy\" decoding=\"async\" width=\"45\" height=\"96\" src=\"https:\/\/lalmachine.com\/wp-content\/uploads\/2022\/02\/tapis-petits-pois-7-bb9aeb09.jpeg\" class=\"attachment-thumbnail size-thumbnail\" alt=\"\" \/><\/a> <a href=\"https:\/\/lalmachine.com\/wp-content\/uploads\/2022\/02\/tapis-petits-pois-8-219f8ada.jpeg\"><img loading=\"lazy\" decoding=\"async\" width=\"45\" height=\"96\" src=\"https:\/\/lalmachine.com\/wp-content\/uploads\/2022\/02\/tapis-petits-pois-8-219f8ada.jpeg\" class=\"attachment-thumbnail size-thumbnail\" alt=\"\" \/><\/a> <a href=\"https:\/\/lalmachine.com\/wp-content\/uploads\/2022\/02\/tapis-petits-pois-9-3305c4b9.jpeg\"><img loading=\"lazy\" decoding=\"async\" width=\"45\" height=\"96\" src=\"https:\/\/lalmachine.com\/wp-content\/uploads\/2022\/02\/tapis-petits-pois-9-3305c4b9.jpeg\" class=\"attachment-thumbnail size-thumbnail\" alt=\"\" \/><\/a> <a href=\"https:\/\/lalmachine.com\/wp-content\/uploads\/2022\/02\/tapis-petits-pois-10-8699b278.jpeg\"><img loading=\"lazy\" decoding=\"async\" width=\"45\" height=\"96\" src=\"https:\/\/lalmachine.com\/wp-content\/uploads\/2022\/02\/tapis-petits-pois-10-8699b278.jpeg\" class=\"attachment-thumbnail size-thumbnail\" alt=\"\" \/><\/a> <a href=\"https:\/\/lalmachine.com\/wp-content\/uploads\/2022\/02\/tapis-petits-pois-11-c343dd27.jpeg\"><img loading=\"lazy\" decoding=\"async\" width=\"50\" height=\"96\" src=\"https:\/\/lalmachine.com\/wp-content\/uploads\/2022\/02\/tapis-petits-pois-11-c343dd27.jpeg\" class=\"attachment-thumbnail size-thumbnail\" alt=\"\" \/><\/a> <\/li>        <li class=\"wpuf-field-data wpuf-field-data-numeric_text_field\">\n                            <label>Prix:<\/label>\n                        555        <\/li>\n                <li class=\"wpuf-field-data wpuf-field-data-numeric_text_field\">\n                            <label>Hauteur (cm):<\/label>\n                        195        <\/li>\n                <li class=\"wpuf-field-data wpuf-field-data-numeric_text_field\">\n                            <label>Largeur (cm):<\/label>\n                        140        <\/li>\n                <li class=\"wpuf-field-data wpuf-field-data-numeric_text_field\">\n                            <label>Profondeur (cm):<\/label>\n                        3        <\/li>\n        <\/ul>","protected":false},"excerpt":{"rendered":"<p>Tapis unique tiss\u00e9 par une m\u00e8re de famille chez elle sur un m\u00e9tier \u00e0 tisser traditionnel<br \/>\nFond blanc avec des petits pois en couleur<br \/>\nN\u0153uds \u00e9pais, tr\u00e8s confortable<br \/>\nLaine sur coton, \u00e9tat neuf<\/p>","protected":false},"featured_media":254658,"template":"","meta":{"_et_pb_use_builder":"","_et_pb_old_content":"","_et_gb_content_width":""},"product_brand":[],"product_cat":[50,97],"product_tag":[],"proximite":[277,179],"class_list":{"0":"post-254604","1":"product","2":"type-product","3":"status-publish","4":"has-post-thumbnail","6":"product_cat-decorer","7":"product_cat-tapis","8":"product_shipping_class-fragile-8-5","9":"pa_couleur-blanc","10":"pa_etat-tres-bon-etat","11":"pa_materiau-tissu","12":"pa_style-ethnique","13":"proximite-jura-nord-vaudois","14":"proximite-vaud","16":"first","17":"outofstock","18":"sale","19":"shipping-taxable","20":"purchasable","21":"product-type-simple"},"yoast_head":"<!-- This site is optimized with the Yoast SEO plugin v27.4 - https:\/\/yoast.com\/product\/yoast-seo-wordpress\/ -->\n<title>Tapis petits pois, berb\u00e8re N\u00b0125 | lalmachine.com<\/title>\n<meta name=\"description\" content=\"Tapis unique tiss\u00e9 sur fond blanc avec des petits pois en couleur. N\u0153uds \u00e9pais, tr\u00e8s confortable. Laine sur coton, \u00e9tat neuf\" \/>\n<meta name=\"robots\" content=\"index, follow, max-snippet:-1, max-image-preview:large, max-video-preview:-1\" \/>\n<link rel=\"canonical\" href=\"https:\/\/lalmachine.com\/de\/shop\/decorer\/tapis\/tapis-petits-pois-berbere-n125\/\" \/>\n<meta property=\"og:locale\" content=\"de_DE\" \/>\n<meta property=\"og:type\" content=\"article\" \/>\n<meta property=\"og:title\" content=\"Tapis petits pois, berb\u00e8re N\u00b0125 | lalmachine.com\" \/>\n<meta property=\"og:description\" content=\"Tapis unique tiss\u00e9 sur fond blanc avec des petits pois en couleur. N\u0153uds \u00e9pais, tr\u00e8s confortable. Laine sur coton, \u00e9tat neuf\" \/>\n<meta property=\"og:url\" content=\"https:\/\/lalmachine.com\/de\/shop\/decorer\/tapis\/tapis-petits-pois-berbere-n125\/\" \/>\n<meta property=\"og:site_name\" content=\"lalmachine.com\" \/>\n<meta property=\"article:publisher\" content=\"https:\/\/facebook.com\/lalmachine\" \/>\n<meta property=\"article:modified_time\" content=\"2024-12-05T20:53:15+00:00\" \/>\n<meta property=\"og:image\" content=\"https:\/\/lalmachine.com\/wp-content\/uploads\/2022\/02\/tapis-pois-lalmachine-4879e0a9_clipped_rev_1.jpeg\" \/>\n\t<meta property=\"og:image:width\" content=\"983\" \/>\n\t<meta property=\"og:image:height\" content=\"984\" \/>\n\t<meta property=\"og:image:type\" content=\"image\/jpeg\" \/>\n<meta name=\"twitter:card\" content=\"summary_large_image\" \/>\n<script type=\"application\/ld+json\" class=\"yoast-schema-graph\">{\"@context\":\"https:\\\/\\\/schema.org\",\"@graph\":[{\"@type\":\"WebPage\",\"@id\":\"https:\\\/\\\/lalmachine.com\\\/shop\\\/decorer\\\/tapis\\\/tapis-petits-pois-berbere-n125\\\/\",\"url\":\"https:\\\/\\\/lalmachine.com\\\/shop\\\/decorer\\\/tapis\\\/tapis-petits-pois-berbere-n125\\\/\",\"name\":\"Tapis petits pois, berb\u00e8re N\u00b0125 | lalmachine.com\",\"isPartOf\":{\"@id\":\"https:\\\/\\\/lalmachine.com\\\/#website\"},\"primaryImageOfPage\":{\"@id\":\"https:\\\/\\\/lalmachine.com\\\/shop\\\/decorer\\\/tapis\\\/tapis-petits-pois-berbere-n125\\\/#primaryimage\"},\"image\":{\"@id\":\"https:\\\/\\\/lalmachine.com\\\/shop\\\/decorer\\\/tapis\\\/tapis-petits-pois-berbere-n125\\\/#primaryimage\"},\"thumbnailUrl\":\"https:\\\/\\\/lalmachine.com\\\/wp-content\\\/uploads\\\/2022\\\/02\\\/tapis-pois-lalmachine-4879e0a9_clipped_rev_1.jpeg\",\"datePublished\":\"2022-02-02T13:31:31+00:00\",\"dateModified\":\"2024-12-05T20:53:15+00:00\",\"description\":\"Tapis unique tiss\u00e9 sur fond blanc avec des petits pois en couleur. N\u0153uds \u00e9pais, tr\u00e8s confortable. Laine sur coton, \u00e9tat neuf\",\"breadcrumb\":{\"@id\":\"https:\\\/\\\/lalmachine.com\\\/shop\\\/decorer\\\/tapis\\\/tapis-petits-pois-berbere-n125\\\/#breadcrumb\"},\"inLanguage\":\"de\",\"potentialAction\":[{\"@type\":\"ReadAction\",\"target\":[\"https:\\\/\\\/lalmachine.com\\\/shop\\\/decorer\\\/tapis\\\/tapis-petits-pois-berbere-n125\\\/\"]}]},{\"@type\":\"ImageObject\",\"inLanguage\":\"de\",\"@id\":\"https:\\\/\\\/lalmachine.com\\\/shop\\\/decorer\\\/tapis\\\/tapis-petits-pois-berbere-n125\\\/#primaryimage\",\"url\":\"https:\\\/\\\/lalmachine.com\\\/wp-content\\\/uploads\\\/2022\\\/02\\\/tapis-pois-lalmachine-4879e0a9_clipped_rev_1.jpeg\",\"contentUrl\":\"https:\\\/\\\/lalmachine.com\\\/wp-content\\\/uploads\\\/2022\\\/02\\\/tapis-pois-lalmachine-4879e0a9_clipped_rev_1.jpeg\",\"width\":983,\"height\":984,\"caption\":\"Tapis petits pois, berb\u00e8re N\u00b0125\"},{\"@type\":\"BreadcrumbList\",\"@id\":\"https:\\\/\\\/lalmachine.com\\\/shop\\\/decorer\\\/tapis\\\/tapis-petits-pois-berbere-n125\\\/#breadcrumb\",\"itemListElement\":[{\"@type\":\"ListItem\",\"position\":1,\"name\":\"Accueil\",\"item\":\"https:\\\/\\\/lalmachine.com\\\/\"},{\"@type\":\"ListItem\",\"position\":2,\"name\":\"Shop\",\"item\":\"https:\\\/\\\/lalmachine.com\\\/shop\\\/\"},{\"@type\":\"ListItem\",\"position\":3,\"name\":\"Tapis petits pois, berb\u00e8re N\u00b0125\"}]},{\"@type\":\"WebSite\",\"@id\":\"https:\\\/\\\/lalmachine.com\\\/#website\",\"url\":\"https:\\\/\\\/lalmachine.com\\\/\",\"name\":\"lalmachine.com\",\"description\":\"Brocante en ligne Suisse | Mobilier et objets d\u00e9co vintage et design\",\"potentialAction\":[{\"@type\":\"SearchAction\",\"target\":{\"@type\":\"EntryPoint\",\"urlTemplate\":\"https:\\\/\\\/lalmachine.com\\\/?s={search_term_string}\"},\"query-input\":{\"@type\":\"PropertyValueSpecification\",\"valueRequired\":true,\"valueName\":\"search_term_string\"}}],\"inLanguage\":\"de\"}]}<\/script>\n<!-- \/ Yoast SEO plugin. -->","yoast_head_json":{"title":"Tapis petits pois, berb\u00e8re N\u00b0125 | lalmachine.com","description":"Tapis unique tiss\u00e9 sur fond blanc avec des petits pois en couleur. N\u0153uds \u00e9pais, tr\u00e8s confortable. Laine sur coton, \u00e9tat neuf","robots":{"index":"index","follow":"follow","max-snippet":"max-snippet:-1","max-image-preview":"max-image-preview:large","max-video-preview":"max-video-preview:-1"},"canonical":"https:\/\/lalmachine.com\/de\/shop\/decorer\/tapis\/tapis-petits-pois-berbere-n125\/","og_locale":"de_DE","og_type":"article","og_title":"Tapis petits pois, berb\u00e8re N\u00b0125 | lalmachine.com","og_description":"Tapis unique tiss\u00e9 sur fond blanc avec des petits pois en couleur. N\u0153uds \u00e9pais, tr\u00e8s confortable. Laine sur coton, \u00e9tat neuf","og_url":"https:\/\/lalmachine.com\/de\/shop\/decorer\/tapis\/tapis-petits-pois-berbere-n125\/","og_site_name":"lalmachine.com","article_publisher":"https:\/\/facebook.com\/lalmachine","article_modified_time":"2024-12-05T20:53:15+00:00","og_image":[{"width":983,"height":984,"url":"https:\/\/lalmachine.com\/wp-content\/uploads\/2022\/02\/tapis-pois-lalmachine-4879e0a9_clipped_rev_1.jpeg","type":"image\/jpeg"}],"twitter_card":"summary_large_image","schema":{"@context":"https:\/\/schema.org","@graph":[{"@type":"WebPage","@id":"https:\/\/lalmachine.com\/shop\/decorer\/tapis\/tapis-petits-pois-berbere-n125\/","url":"https:\/\/lalmachine.com\/shop\/decorer\/tapis\/tapis-petits-pois-berbere-n125\/","name":"Tapis petits pois, berb\u00e8re N\u00b0125 | lalmachine.com","isPartOf":{"@id":"https:\/\/lalmachine.com\/#website"},"primaryImageOfPage":{"@id":"https:\/\/lalmachine.com\/shop\/decorer\/tapis\/tapis-petits-pois-berbere-n125\/#primaryimage"},"image":{"@id":"https:\/\/lalmachine.com\/shop\/decorer\/tapis\/tapis-petits-pois-berbere-n125\/#primaryimage"},"thumbnailUrl":"https:\/\/lalmachine.com\/wp-content\/uploads\/2022\/02\/tapis-pois-lalmachine-4879e0a9_clipped_rev_1.jpeg","datePublished":"2022-02-02T13:31:31+00:00","dateModified":"2024-12-05T20:53:15+00:00","description":"Tapis unique tiss\u00e9 sur fond blanc avec des petits pois en couleur. N\u0153uds \u00e9pais, tr\u00e8s confortable. Laine sur coton, \u00e9tat neuf","breadcrumb":{"@id":"https:\/\/lalmachine.com\/shop\/decorer\/tapis\/tapis-petits-pois-berbere-n125\/#breadcrumb"},"inLanguage":"de","potentialAction":[{"@type":"ReadAction","target":["https:\/\/lalmachine.com\/shop\/decorer\/tapis\/tapis-petits-pois-berbere-n125\/"]}]},{"@type":"ImageObject","inLanguage":"de","@id":"https:\/\/lalmachine.com\/shop\/decorer\/tapis\/tapis-petits-pois-berbere-n125\/#primaryimage","url":"https:\/\/lalmachine.com\/wp-content\/uploads\/2022\/02\/tapis-pois-lalmachine-4879e0a9_clipped_rev_1.jpeg","contentUrl":"https:\/\/lalmachine.com\/wp-content\/uploads\/2022\/02\/tapis-pois-lalmachine-4879e0a9_clipped_rev_1.jpeg","width":983,"height":984,"caption":"Tapis petits pois, berb\u00e8re N\u00b0125"},{"@type":"BreadcrumbList","@id":"https:\/\/lalmachine.com\/shop\/decorer\/tapis\/tapis-petits-pois-berbere-n125\/#breadcrumb","itemListElement":[{"@type":"ListItem","position":1,"name":"Accueil","item":"https:\/\/lalmachine.com\/"},{"@type":"ListItem","position":2,"name":"Shop","item":"https:\/\/lalmachine.com\/shop\/"},{"@type":"ListItem","position":3,"name":"Tapis petits pois, berb\u00e8re N\u00b0125"}]},{"@type":"WebSite","@id":"https:\/\/lalmachine.com\/#website","url":"https:\/\/lalmachine.com\/","name":"lalmachine.com","description":"Brocante en ligne Suisse | Mobilier et objets d\u00e9co vintage et design","potentialAction":[{"@type":"SearchAction","target":{"@type":"EntryPoint","urlTemplate":"https:\/\/lalmachine.com\/?s={search_term_string}"},"query-input":{"@type":"PropertyValueSpecification","valueRequired":true,"valueName":"search_term_string"}}],"inLanguage":"de"}]}},"_links":{"self":[{"href":"https:\/\/lalmachine.com\/de\/wp-json\/wp\/v2\/product\/254604","targetHints":{"allow":["GET"]}}],"collection":[{"href":"https:\/\/lalmachine.com\/de\/wp-json\/wp\/v2\/product"}],"about":[{"href":"https:\/\/lalmachine.com\/de\/wp-json\/wp\/v2\/types\/product"}],"wp:featuredmedia":[{"embeddable":true,"href":"https:\/\/lalmachine.com\/de\/wp-json\/wp\/v2\/media\/254658"}],"wp:attachment":[{"href":"https:\/\/lalmachine.com\/de\/wp-json\/wp\/v2\/media?parent=254604"}],"wp:term":[{"taxonomy":"product_brand","embeddable":true,"href":"https:\/\/lalmachine.com\/de\/wp-json\/wp\/v2\/product_brand?post=254604"},{"taxonomy":"product_cat","embeddable":true,"href":"https:\/\/lalmachine.com\/de\/wp-json\/wp\/v2\/product_cat?post=254604"},{"taxonomy":"product_tag","embeddable":true,"href":"https:\/\/lalmachine.com\/de\/wp-json\/wp\/v2\/product_tag?post=254604"},{"taxonomy":"proximite","embeddable":true,"href":"https:\/\/lalmachine.com\/de\/wp-json\/wp\/v2\/proximite?post=254604"}],"curies":[{"name":"wp","href":"https:\/\/api.w.org\/{rel}","templated":true}]}}