{"id":256290,"date":"2023-10-25T16:44:26","date_gmt":"2023-10-25T14:44:26","guid":{"rendered":"https:\/\/lalmachine.com\/?post_type=product&#038;p=256290"},"modified":"2024-12-05T21:53:23","modified_gmt":"2024-12-05T20:53:23","slug":"reveil-losange-kaiser","status":"publish","type":"product","link":"https:\/\/lalmachine.com\/de\/shop\/decorer\/horloge-reveil\/reveil-losange-kaiser\/","title":{"rendered":"R\u00e9veil losange Kaiser"},"content":{"rendered":"<ul class=\"wpuf_customs\"><li style=\"list-style-type:none;\"><label>Autres photos:<\/label> <a href=\"https:\/\/lalmachine.com\/wp-content\/uploads\/2022\/02\/WhatsApp-Image-2022-02-10-at-12.36.20-1-9d0bc97b.jpeg\"><img loading=\"lazy\" decoding=\"async\" width=\"72\" height=\"96\" src=\"https:\/\/lalmachine.com\/wp-content\/uploads\/2022\/02\/WhatsApp-Image-2022-02-10-at-12.36.20-1-9d0bc97b.jpeg\" class=\"attachment-thumbnail size-thumbnail\" alt=\"\" \/><\/a> <a href=\"https:\/\/lalmachine.com\/wp-content\/uploads\/2022\/02\/WhatsApp-Image-2022-02-10-at-12.36.20-69d497e4.jpeg\"><img loading=\"lazy\" decoding=\"async\" width=\"72\" height=\"96\" src=\"https:\/\/lalmachine.com\/wp-content\/uploads\/2022\/02\/WhatsApp-Image-2022-02-10-at-12.36.20-69d497e4.jpeg\" class=\"attachment-thumbnail size-thumbnail\" alt=\"\" \/><\/a> <a href=\"https:\/\/lalmachine.com\/wp-content\/uploads\/2022\/02\/WhatsApp-Image-2022-02-10-at-12.36.21-1-5b2c0bb8.jpeg\"><img loading=\"lazy\" decoding=\"async\" width=\"72\" height=\"96\" src=\"https:\/\/lalmachine.com\/wp-content\/uploads\/2022\/02\/WhatsApp-Image-2022-02-10-at-12.36.21-1-5b2c0bb8.jpeg\" class=\"attachment-thumbnail size-thumbnail\" alt=\"\" \/><\/a> <a href=\"https:\/\/lalmachine.com\/wp-content\/uploads\/2022\/02\/WhatsApp-Image-2022-02-10-at-12.36.21-a2f8b103.jpeg\"><img loading=\"lazy\" decoding=\"async\" width=\"72\" height=\"96\" src=\"https:\/\/lalmachine.com\/wp-content\/uploads\/2022\/02\/WhatsApp-Image-2022-02-10-at-12.36.21-a2f8b103.jpeg\" class=\"attachment-thumbnail size-thumbnail\" alt=\"\" \/><\/a> <\/li>        <li class=\"wpuf-field-data wpuf-field-data-numeric_text_field\">\n                            <label>Prix:<\/label>\n                        55        <\/li>\n                <li class=\"wpuf-field-data wpuf-field-data-numeric_text_field\">\n                            <label>Quantit\u00e9:<\/label>\n                        0        <\/li>\n                <li class=\"wpuf-field-data wpuf-field-data-numeric_text_field\">\n                            <label>Hauteur (cm):<\/label>\n                        10        <\/li>\n                <li class=\"wpuf-field-data wpuf-field-data-numeric_text_field\">\n                            <label>Largeur (cm):<\/label>\n                        11        <\/li>\n                <li class=\"wpuf-field-data wpuf-field-data-numeric_text_field\">\n                            <label>Profondeur (cm):<\/label>\n                        4        <\/li>\n        <\/ul>","protected":false},"excerpt":{"rendered":"<p>R\u00e9veil Kaiser en forme de losange des ann\u00e9es 50. Made in Germany<br \/>\nIl est en m\u00e9tal avec une jolie patine et est en \u00e9tat de marche.<\/p>","protected":false},"featured_media":256691,"template":"","meta":{"_et_pb_use_builder":"","_et_pb_old_content":"","_et_gb_content_width":""},"product_brand":[],"product_cat":[50,103],"product_tag":[],"proximite":[180],"class_list":{"0":"post-256290","1":"product","2":"type-product","3":"status-publish","4":"has-post-thumbnail","6":"product_cat-decorer","7":"product_cat-horloge-reveil","8":"product_shipping_class-2-10-kg","9":"pa_couleur-dore","10":"pa_etat-dans-son-jus","11":"pa_materiau-metal","12":"pa_style-vintage","13":"proximite-geneve","15":"first","16":"outofstock","17":"shipping-taxable","18":"purchasable","19":"product-type-simple"},"yoast_head":"<!-- This site is optimized with the Yoast SEO plugin v27.3 - https:\/\/yoast.com\/product\/yoast-seo-wordpress\/ -->\n<title>R\u00e9veil losange Kaiser | lalmachine.com, mobilier et objets d\u00e9co vintage et design<\/title>\n<meta name=\"description\" content=\"R\u00e9veil Kaiser en forme de losange des ann\u00e9es 50. Made in Germany. Il est en m\u00e9tal avec une jolie patine et est en \u00e9tat de marche.\" \/>\n<meta name=\"robots\" content=\"index, follow, max-snippet:-1, max-image-preview:large, max-video-preview:-1\" \/>\n<link rel=\"canonical\" href=\"https:\/\/lalmachine.com\/de\/shop\/decorer\/horloge-reveil\/reveil-losange-kaiser\/\" \/>\n<meta property=\"og:locale\" content=\"de_DE\" \/>\n<meta property=\"og:type\" content=\"article\" \/>\n<meta property=\"og:title\" content=\"R\u00e9veil losange Kaiser | lalmachine.com, mobilier et objets d\u00e9co vintage et design\" \/>\n<meta property=\"og:description\" content=\"R\u00e9veil Kaiser en forme de losange des ann\u00e9es 50. Made in Germany. Il est en m\u00e9tal avec une jolie patine et est en \u00e9tat de marche.\" \/>\n<meta property=\"og:url\" content=\"https:\/\/lalmachine.com\/de\/shop\/decorer\/horloge-reveil\/reveil-losange-kaiser\/\" \/>\n<meta property=\"og:site_name\" content=\"lalmachine.com\" \/>\n<meta property=\"article:publisher\" content=\"https:\/\/facebook.com\/lalmachine\" \/>\n<meta property=\"article:modified_time\" content=\"2024-12-05T20:53:23+00:00\" \/>\n<meta property=\"og:image\" content=\"https:\/\/lalmachine.com\/wp-content\/uploads\/2022\/02\/WhatsApp-Image-2022-02-10-at-12.36.21-2-52141182_clipped_rev_1.jpeg\" \/>\n\t<meta property=\"og:image:width\" content=\"2396\" \/>\n\t<meta property=\"og:image:height\" content=\"2396\" \/>\n\t<meta property=\"og:image:type\" content=\"image\/jpeg\" \/>\n<meta name=\"twitter:card\" content=\"summary_large_image\" \/>\n<script type=\"application\/ld+json\" class=\"yoast-schema-graph\">{\"@context\":\"https:\\\/\\\/schema.org\",\"@graph\":[{\"@type\":\"WebPage\",\"@id\":\"https:\\\/\\\/lalmachine.com\\\/shop\\\/decorer\\\/horloge-reveil\\\/reveil-losange-kaiser\\\/\",\"url\":\"https:\\\/\\\/lalmachine.com\\\/shop\\\/decorer\\\/horloge-reveil\\\/reveil-losange-kaiser\\\/\",\"name\":\"R\u00e9veil losange Kaiser | lalmachine.com, mobilier et objets d\u00e9co vintage et design\",\"isPartOf\":{\"@id\":\"https:\\\/\\\/lalmachine.com\\\/#website\"},\"primaryImageOfPage\":{\"@id\":\"https:\\\/\\\/lalmachine.com\\\/shop\\\/decorer\\\/horloge-reveil\\\/reveil-losange-kaiser\\\/#primaryimage\"},\"image\":{\"@id\":\"https:\\\/\\\/lalmachine.com\\\/shop\\\/decorer\\\/horloge-reveil\\\/reveil-losange-kaiser\\\/#primaryimage\"},\"thumbnailUrl\":\"https:\\\/\\\/lalmachine.com\\\/wp-content\\\/uploads\\\/2022\\\/02\\\/WhatsApp-Image-2022-02-10-at-12.36.21-2-52141182_clipped_rev_1.jpeg\",\"datePublished\":\"2023-10-25T14:44:26+00:00\",\"dateModified\":\"2024-12-05T20:53:23+00:00\",\"description\":\"R\u00e9veil Kaiser en forme de losange des ann\u00e9es 50. Made in Germany. Il est en m\u00e9tal avec une jolie patine et est en \u00e9tat de marche.\",\"breadcrumb\":{\"@id\":\"https:\\\/\\\/lalmachine.com\\\/shop\\\/decorer\\\/horloge-reveil\\\/reveil-losange-kaiser\\\/#breadcrumb\"},\"inLanguage\":\"de\",\"potentialAction\":[{\"@type\":\"ReadAction\",\"target\":[\"https:\\\/\\\/lalmachine.com\\\/shop\\\/decorer\\\/horloge-reveil\\\/reveil-losange-kaiser\\\/\"]}]},{\"@type\":\"ImageObject\",\"inLanguage\":\"de\",\"@id\":\"https:\\\/\\\/lalmachine.com\\\/shop\\\/decorer\\\/horloge-reveil\\\/reveil-losange-kaiser\\\/#primaryimage\",\"url\":\"https:\\\/\\\/lalmachine.com\\\/wp-content\\\/uploads\\\/2022\\\/02\\\/WhatsApp-Image-2022-02-10-at-12.36.21-2-52141182_clipped_rev_1.jpeg\",\"contentUrl\":\"https:\\\/\\\/lalmachine.com\\\/wp-content\\\/uploads\\\/2022\\\/02\\\/WhatsApp-Image-2022-02-10-at-12.36.21-2-52141182_clipped_rev_1.jpeg\",\"width\":2396,\"height\":2396,\"caption\":\"R\u00e9veil losange Kaiser\"},{\"@type\":\"BreadcrumbList\",\"@id\":\"https:\\\/\\\/lalmachine.com\\\/shop\\\/decorer\\\/horloge-reveil\\\/reveil-losange-kaiser\\\/#breadcrumb\",\"itemListElement\":[{\"@type\":\"ListItem\",\"position\":1,\"name\":\"Accueil\",\"item\":\"https:\\\/\\\/lalmachine.com\\\/\"},{\"@type\":\"ListItem\",\"position\":2,\"name\":\"Shop\",\"item\":\"https:\\\/\\\/lalmachine.com\\\/shop\\\/\"},{\"@type\":\"ListItem\",\"position\":3,\"name\":\"R\u00e9veil losange Kaiser\"}]},{\"@type\":\"WebSite\",\"@id\":\"https:\\\/\\\/lalmachine.com\\\/#website\",\"url\":\"https:\\\/\\\/lalmachine.com\\\/\",\"name\":\"lalmachine.com\",\"description\":\"Brocante en ligne Suisse | Mobilier et objets d\u00e9co vintage et design\",\"potentialAction\":[{\"@type\":\"SearchAction\",\"target\":{\"@type\":\"EntryPoint\",\"urlTemplate\":\"https:\\\/\\\/lalmachine.com\\\/?s={search_term_string}\"},\"query-input\":{\"@type\":\"PropertyValueSpecification\",\"valueRequired\":true,\"valueName\":\"search_term_string\"}}],\"inLanguage\":\"de\"}]}<\/script>\n<!-- \/ Yoast SEO plugin. -->","yoast_head_json":{"title":"R\u00e9veil losange Kaiser | lalmachine.com, mobilier et objets d\u00e9co vintage et design","description":"R\u00e9veil Kaiser en forme de losange des ann\u00e9es 50. Made in Germany. Il est en m\u00e9tal avec une jolie patine et est en \u00e9tat de marche.","robots":{"index":"index","follow":"follow","max-snippet":"max-snippet:-1","max-image-preview":"max-image-preview:large","max-video-preview":"max-video-preview:-1"},"canonical":"https:\/\/lalmachine.com\/de\/shop\/decorer\/horloge-reveil\/reveil-losange-kaiser\/","og_locale":"de_DE","og_type":"article","og_title":"R\u00e9veil losange Kaiser | lalmachine.com, mobilier et objets d\u00e9co vintage et design","og_description":"R\u00e9veil Kaiser en forme de losange des ann\u00e9es 50. Made in Germany. Il est en m\u00e9tal avec une jolie patine et est en \u00e9tat de marche.","og_url":"https:\/\/lalmachine.com\/de\/shop\/decorer\/horloge-reveil\/reveil-losange-kaiser\/","og_site_name":"lalmachine.com","article_publisher":"https:\/\/facebook.com\/lalmachine","article_modified_time":"2024-12-05T20:53:23+00:00","og_image":[{"width":2396,"height":2396,"url":"https:\/\/lalmachine.com\/wp-content\/uploads\/2022\/02\/WhatsApp-Image-2022-02-10-at-12.36.21-2-52141182_clipped_rev_1.jpeg","type":"image\/jpeg"}],"twitter_card":"summary_large_image","schema":{"@context":"https:\/\/schema.org","@graph":[{"@type":"WebPage","@id":"https:\/\/lalmachine.com\/shop\/decorer\/horloge-reveil\/reveil-losange-kaiser\/","url":"https:\/\/lalmachine.com\/shop\/decorer\/horloge-reveil\/reveil-losange-kaiser\/","name":"R\u00e9veil losange Kaiser | lalmachine.com, mobilier et objets d\u00e9co vintage et design","isPartOf":{"@id":"https:\/\/lalmachine.com\/#website"},"primaryImageOfPage":{"@id":"https:\/\/lalmachine.com\/shop\/decorer\/horloge-reveil\/reveil-losange-kaiser\/#primaryimage"},"image":{"@id":"https:\/\/lalmachine.com\/shop\/decorer\/horloge-reveil\/reveil-losange-kaiser\/#primaryimage"},"thumbnailUrl":"https:\/\/lalmachine.com\/wp-content\/uploads\/2022\/02\/WhatsApp-Image-2022-02-10-at-12.36.21-2-52141182_clipped_rev_1.jpeg","datePublished":"2023-10-25T14:44:26+00:00","dateModified":"2024-12-05T20:53:23+00:00","description":"R\u00e9veil Kaiser en forme de losange des ann\u00e9es 50. Made in Germany. Il est en m\u00e9tal avec une jolie patine et est en \u00e9tat de marche.","breadcrumb":{"@id":"https:\/\/lalmachine.com\/shop\/decorer\/horloge-reveil\/reveil-losange-kaiser\/#breadcrumb"},"inLanguage":"de","potentialAction":[{"@type":"ReadAction","target":["https:\/\/lalmachine.com\/shop\/decorer\/horloge-reveil\/reveil-losange-kaiser\/"]}]},{"@type":"ImageObject","inLanguage":"de","@id":"https:\/\/lalmachine.com\/shop\/decorer\/horloge-reveil\/reveil-losange-kaiser\/#primaryimage","url":"https:\/\/lalmachine.com\/wp-content\/uploads\/2022\/02\/WhatsApp-Image-2022-02-10-at-12.36.21-2-52141182_clipped_rev_1.jpeg","contentUrl":"https:\/\/lalmachine.com\/wp-content\/uploads\/2022\/02\/WhatsApp-Image-2022-02-10-at-12.36.21-2-52141182_clipped_rev_1.jpeg","width":2396,"height":2396,"caption":"R\u00e9veil losange Kaiser"},{"@type":"BreadcrumbList","@id":"https:\/\/lalmachine.com\/shop\/decorer\/horloge-reveil\/reveil-losange-kaiser\/#breadcrumb","itemListElement":[{"@type":"ListItem","position":1,"name":"Accueil","item":"https:\/\/lalmachine.com\/"},{"@type":"ListItem","position":2,"name":"Shop","item":"https:\/\/lalmachine.com\/shop\/"},{"@type":"ListItem","position":3,"name":"R\u00e9veil losange Kaiser"}]},{"@type":"WebSite","@id":"https:\/\/lalmachine.com\/#website","url":"https:\/\/lalmachine.com\/","name":"lalmachine.com","description":"Brocante en ligne Suisse | Mobilier et objets d\u00e9co vintage et design","potentialAction":[{"@type":"SearchAction","target":{"@type":"EntryPoint","urlTemplate":"https:\/\/lalmachine.com\/?s={search_term_string}"},"query-input":{"@type":"PropertyValueSpecification","valueRequired":true,"valueName":"search_term_string"}}],"inLanguage":"de"}]}},"_links":{"self":[{"href":"https:\/\/lalmachine.com\/de\/wp-json\/wp\/v2\/product\/256290","targetHints":{"allow":["GET"]}}],"collection":[{"href":"https:\/\/lalmachine.com\/de\/wp-json\/wp\/v2\/product"}],"about":[{"href":"https:\/\/lalmachine.com\/de\/wp-json\/wp\/v2\/types\/product"}],"wp:featuredmedia":[{"embeddable":true,"href":"https:\/\/lalmachine.com\/de\/wp-json\/wp\/v2\/media\/256691"}],"wp:attachment":[{"href":"https:\/\/lalmachine.com\/de\/wp-json\/wp\/v2\/media?parent=256290"}],"wp:term":[{"taxonomy":"product_brand","embeddable":true,"href":"https:\/\/lalmachine.com\/de\/wp-json\/wp\/v2\/product_brand?post=256290"},{"taxonomy":"product_cat","embeddable":true,"href":"https:\/\/lalmachine.com\/de\/wp-json\/wp\/v2\/product_cat?post=256290"},{"taxonomy":"product_tag","embeddable":true,"href":"https:\/\/lalmachine.com\/de\/wp-json\/wp\/v2\/product_tag?post=256290"},{"taxonomy":"proximite","embeddable":true,"href":"https:\/\/lalmachine.com\/de\/wp-json\/wp\/v2\/proximite?post=256290"}],"curies":[{"name":"wp","href":"https:\/\/api.w.org\/{rel}","templated":true}]}}