{"id":256442,"date":"2023-10-25T16:44:08","date_gmt":"2023-10-25T14:44:08","guid":{"rendered":"https:\/\/lalmachine.com\/?post_type=product&#038;p=256442"},"modified":"2024-12-05T21:53:25","modified_gmt":"2024-12-05T20:53:25","slug":"vase-en-pate-de-verre-70s","status":"publish","type":"product","link":"https:\/\/lalmachine.com\/de\/shop\/decorer\/vase-ceramique\/vase-en-pate-de-verre-70s\/","title":{"rendered":"Vase en p\u00e2te de verre 70s"},"content":{"rendered":"<ul class=\"wpuf_customs\"><li style=\"list-style-type:none;\"><label>Autres photos:<\/label> <a href=\"https:\/\/lalmachine.com\/wp-content\/uploads\/2022\/02\/WhatsApp-Image-2022-02-10-at-15.37.26-1-e17e9938.jpeg\"><img loading=\"lazy\" decoding=\"async\" width=\"72\" height=\"96\" src=\"https:\/\/lalmachine.com\/wp-content\/uploads\/2022\/02\/WhatsApp-Image-2022-02-10-at-15.37.26-1-e17e9938.jpeg\" class=\"attachment-thumbnail size-thumbnail\" alt=\"\" \/><\/a> <a href=\"https:\/\/lalmachine.com\/wp-content\/uploads\/2022\/02\/WhatsApp-Image-2022-02-10-at-15.37.26-2-c41a8021.jpeg\"><img loading=\"lazy\" decoding=\"async\" width=\"72\" height=\"96\" src=\"https:\/\/lalmachine.com\/wp-content\/uploads\/2022\/02\/WhatsApp-Image-2022-02-10-at-15.37.26-2-c41a8021.jpeg\" class=\"attachment-thumbnail size-thumbnail\" alt=\"\" \/><\/a> <a href=\"https:\/\/lalmachine.com\/wp-content\/uploads\/2022\/02\/WhatsApp-Image-2022-02-10-at-15.37.26-ad95a92f.jpeg\"><img loading=\"lazy\" decoding=\"async\" width=\"72\" height=\"96\" src=\"https:\/\/lalmachine.com\/wp-content\/uploads\/2022\/02\/WhatsApp-Image-2022-02-10-at-15.37.26-ad95a92f.jpeg\" class=\"attachment-thumbnail size-thumbnail\" alt=\"\" \/><\/a> <\/li>        <li class=\"wpuf-field-data wpuf-field-data-numeric_text_field\">\n                            <label>Prix:<\/label>\n                        30        <\/li>\n                <li class=\"wpuf-field-data wpuf-field-data-numeric_text_field\">\n                            <label>Quantit\u00e9:<\/label>\n                        0        <\/li>\n                <li class=\"wpuf-field-data wpuf-field-data-numeric_text_field\">\n                            <label>Hauteur (cm):<\/label>\n                        12        <\/li>\n                <li class=\"wpuf-field-data wpuf-field-data-numeric_text_field\">\n                            <label>Largeur (cm):<\/label>\n                        14        <\/li>\n        <\/ul>","protected":false},"excerpt":{"rendered":"<p>Vase en p\u00e2te de verre rouge des ann\u00e9es 70. Ce vase trouvera facilement sa place dans tout type d&rsquo;int\u00e9rieur et apportera \u00e0 la fois une touche vintage, color\u00e9e ainsi que seventies.<br \/>\nMade in Italy<\/p>\n<p>&nbsp;<\/p>","protected":false},"featured_media":257300,"template":"","meta":{"_et_pb_use_builder":"","_et_pb_old_content":"","_et_gb_content_width":""},"product_brand":[],"product_cat":[50,400],"product_tag":[],"proximite":[180],"class_list":{"0":"post-256442","1":"product","2":"type-product","3":"status-publish","4":"has-post-thumbnail","6":"product_cat-decorer","7":"product_cat-vase-ceramique","8":"product_shipping_class-2-10-kg","9":"pa_couleur-rouge","10":"pa_etat-dans-son-jus","11":"pa_materiau-verre","12":"pa_style-vintage","13":"proximite-geneve","15":"first","16":"outofstock","17":"shipping-taxable","18":"purchasable","19":"product-type-simple"},"yoast_head":"<!-- This site is optimized with the Yoast SEO plugin v27.3 - https:\/\/yoast.com\/product\/yoast-seo-wordpress\/ -->\n<title>Vase en p\u00e2te de verre 70s | lalmachine.com, mobilier et objets d\u00e9co vintage et design<\/title>\n<meta name=\"description\" content=\"Vase en p\u00e2te de verre rouge des ann\u00e9es 70. Ce vase trouvera facilement sa place dans tout type d&#039;int\u00e9rieur et apportera \u00e0 la fois une touche vintage, color\u00e9e ainsi que seventies.\" \/>\n<meta name=\"robots\" content=\"index, follow, max-snippet:-1, max-image-preview:large, max-video-preview:-1\" \/>\n<link rel=\"canonical\" href=\"https:\/\/lalmachine.com\/de\/shop\/decorer\/vase-ceramique\/vase-en-pate-de-verre-70s\/\" \/>\n<meta property=\"og:locale\" content=\"de_DE\" \/>\n<meta property=\"og:type\" content=\"article\" \/>\n<meta property=\"og:title\" content=\"Vase en p\u00e2te de verre 70s | lalmachine.com, mobilier et objets d\u00e9co vintage et design\" \/>\n<meta property=\"og:description\" content=\"Vase en p\u00e2te de verre rouge des ann\u00e9es 70. Ce vase trouvera facilement sa place dans tout type d&#039;int\u00e9rieur et apportera \u00e0 la fois une touche vintage, color\u00e9e ainsi que seventies.\" \/>\n<meta property=\"og:url\" content=\"https:\/\/lalmachine.com\/de\/shop\/decorer\/vase-ceramique\/vase-en-pate-de-verre-70s\/\" \/>\n<meta property=\"og:site_name\" content=\"lalmachine.com\" \/>\n<meta property=\"article:publisher\" content=\"https:\/\/facebook.com\/lalmachine\" \/>\n<meta property=\"article:modified_time\" content=\"2024-12-05T20:53:25+00:00\" \/>\n<meta property=\"og:image\" content=\"https:\/\/lalmachine.com\/wp-content\/uploads\/2022\/02\/WhatsApp-Image-2022-02-10-at-15.37.26-3-3a2114b0_clipped_rev_1.jpeg\" \/>\n\t<meta property=\"og:image:width\" content=\"3545\" \/>\n\t<meta property=\"og:image:height\" content=\"3545\" \/>\n\t<meta property=\"og:image:type\" content=\"image\/jpeg\" \/>\n<meta name=\"twitter:card\" content=\"summary_large_image\" \/>\n<script type=\"application\/ld+json\" class=\"yoast-schema-graph\">{\"@context\":\"https:\\\/\\\/schema.org\",\"@graph\":[{\"@type\":\"WebPage\",\"@id\":\"https:\\\/\\\/lalmachine.com\\\/shop\\\/decorer\\\/vase-ceramique\\\/vase-en-pate-de-verre-70s\\\/\",\"url\":\"https:\\\/\\\/lalmachine.com\\\/shop\\\/decorer\\\/vase-ceramique\\\/vase-en-pate-de-verre-70s\\\/\",\"name\":\"Vase en p\u00e2te de verre 70s | lalmachine.com, mobilier et objets d\u00e9co vintage et design\",\"isPartOf\":{\"@id\":\"https:\\\/\\\/lalmachine.com\\\/#website\"},\"primaryImageOfPage\":{\"@id\":\"https:\\\/\\\/lalmachine.com\\\/shop\\\/decorer\\\/vase-ceramique\\\/vase-en-pate-de-verre-70s\\\/#primaryimage\"},\"image\":{\"@id\":\"https:\\\/\\\/lalmachine.com\\\/shop\\\/decorer\\\/vase-ceramique\\\/vase-en-pate-de-verre-70s\\\/#primaryimage\"},\"thumbnailUrl\":\"https:\\\/\\\/lalmachine.com\\\/wp-content\\\/uploads\\\/2022\\\/02\\\/WhatsApp-Image-2022-02-10-at-15.37.26-3-3a2114b0_clipped_rev_1.jpeg\",\"datePublished\":\"2023-10-25T14:44:08+00:00\",\"dateModified\":\"2024-12-05T20:53:25+00:00\",\"description\":\"Vase en p\u00e2te de verre rouge des ann\u00e9es 70. Ce vase trouvera facilement sa place dans tout type d'int\u00e9rieur et apportera \u00e0 la fois une touche vintage, color\u00e9e ainsi que seventies.\",\"breadcrumb\":{\"@id\":\"https:\\\/\\\/lalmachine.com\\\/shop\\\/decorer\\\/vase-ceramique\\\/vase-en-pate-de-verre-70s\\\/#breadcrumb\"},\"inLanguage\":\"de\",\"potentialAction\":[{\"@type\":\"ReadAction\",\"target\":[\"https:\\\/\\\/lalmachine.com\\\/shop\\\/decorer\\\/vase-ceramique\\\/vase-en-pate-de-verre-70s\\\/\"]}]},{\"@type\":\"ImageObject\",\"inLanguage\":\"de\",\"@id\":\"https:\\\/\\\/lalmachine.com\\\/shop\\\/decorer\\\/vase-ceramique\\\/vase-en-pate-de-verre-70s\\\/#primaryimage\",\"url\":\"https:\\\/\\\/lalmachine.com\\\/wp-content\\\/uploads\\\/2022\\\/02\\\/WhatsApp-Image-2022-02-10-at-15.37.26-3-3a2114b0_clipped_rev_1.jpeg\",\"contentUrl\":\"https:\\\/\\\/lalmachine.com\\\/wp-content\\\/uploads\\\/2022\\\/02\\\/WhatsApp-Image-2022-02-10-at-15.37.26-3-3a2114b0_clipped_rev_1.jpeg\",\"width\":3545,\"height\":3545,\"caption\":\"Vase en p\u00e2te de verre 70s\"},{\"@type\":\"BreadcrumbList\",\"@id\":\"https:\\\/\\\/lalmachine.com\\\/shop\\\/decorer\\\/vase-ceramique\\\/vase-en-pate-de-verre-70s\\\/#breadcrumb\",\"itemListElement\":[{\"@type\":\"ListItem\",\"position\":1,\"name\":\"Accueil\",\"item\":\"https:\\\/\\\/lalmachine.com\\\/\"},{\"@type\":\"ListItem\",\"position\":2,\"name\":\"Shop\",\"item\":\"https:\\\/\\\/lalmachine.com\\\/shop\\\/\"},{\"@type\":\"ListItem\",\"position\":3,\"name\":\"Vase en p\u00e2te de verre 70s\"}]},{\"@type\":\"WebSite\",\"@id\":\"https:\\\/\\\/lalmachine.com\\\/#website\",\"url\":\"https:\\\/\\\/lalmachine.com\\\/\",\"name\":\"lalmachine.com\",\"description\":\"Brocante en ligne Suisse | Mobilier et objets d\u00e9co vintage et design\",\"potentialAction\":[{\"@type\":\"SearchAction\",\"target\":{\"@type\":\"EntryPoint\",\"urlTemplate\":\"https:\\\/\\\/lalmachine.com\\\/?s={search_term_string}\"},\"query-input\":{\"@type\":\"PropertyValueSpecification\",\"valueRequired\":true,\"valueName\":\"search_term_string\"}}],\"inLanguage\":\"de\"}]}<\/script>\n<!-- \/ Yoast SEO plugin. -->","yoast_head_json":{"title":"Vase en p\u00e2te de verre 70s | lalmachine.com, mobilier et objets d\u00e9co vintage et design","description":"Vase en p\u00e2te de verre rouge des ann\u00e9es 70. Ce vase trouvera facilement sa place dans tout type d'int\u00e9rieur et apportera \u00e0 la fois une touche vintage, color\u00e9e ainsi que seventies.","robots":{"index":"index","follow":"follow","max-snippet":"max-snippet:-1","max-image-preview":"max-image-preview:large","max-video-preview":"max-video-preview:-1"},"canonical":"https:\/\/lalmachine.com\/de\/shop\/decorer\/vase-ceramique\/vase-en-pate-de-verre-70s\/","og_locale":"de_DE","og_type":"article","og_title":"Vase en p\u00e2te de verre 70s | lalmachine.com, mobilier et objets d\u00e9co vintage et design","og_description":"Vase en p\u00e2te de verre rouge des ann\u00e9es 70. Ce vase trouvera facilement sa place dans tout type d'int\u00e9rieur et apportera \u00e0 la fois une touche vintage, color\u00e9e ainsi que seventies.","og_url":"https:\/\/lalmachine.com\/de\/shop\/decorer\/vase-ceramique\/vase-en-pate-de-verre-70s\/","og_site_name":"lalmachine.com","article_publisher":"https:\/\/facebook.com\/lalmachine","article_modified_time":"2024-12-05T20:53:25+00:00","og_image":[{"width":3545,"height":3545,"url":"https:\/\/lalmachine.com\/wp-content\/uploads\/2022\/02\/WhatsApp-Image-2022-02-10-at-15.37.26-3-3a2114b0_clipped_rev_1.jpeg","type":"image\/jpeg"}],"twitter_card":"summary_large_image","schema":{"@context":"https:\/\/schema.org","@graph":[{"@type":"WebPage","@id":"https:\/\/lalmachine.com\/shop\/decorer\/vase-ceramique\/vase-en-pate-de-verre-70s\/","url":"https:\/\/lalmachine.com\/shop\/decorer\/vase-ceramique\/vase-en-pate-de-verre-70s\/","name":"Vase en p\u00e2te de verre 70s | lalmachine.com, mobilier et objets d\u00e9co vintage et design","isPartOf":{"@id":"https:\/\/lalmachine.com\/#website"},"primaryImageOfPage":{"@id":"https:\/\/lalmachine.com\/shop\/decorer\/vase-ceramique\/vase-en-pate-de-verre-70s\/#primaryimage"},"image":{"@id":"https:\/\/lalmachine.com\/shop\/decorer\/vase-ceramique\/vase-en-pate-de-verre-70s\/#primaryimage"},"thumbnailUrl":"https:\/\/lalmachine.com\/wp-content\/uploads\/2022\/02\/WhatsApp-Image-2022-02-10-at-15.37.26-3-3a2114b0_clipped_rev_1.jpeg","datePublished":"2023-10-25T14:44:08+00:00","dateModified":"2024-12-05T20:53:25+00:00","description":"Vase en p\u00e2te de verre rouge des ann\u00e9es 70. Ce vase trouvera facilement sa place dans tout type d'int\u00e9rieur et apportera \u00e0 la fois une touche vintage, color\u00e9e ainsi que seventies.","breadcrumb":{"@id":"https:\/\/lalmachine.com\/shop\/decorer\/vase-ceramique\/vase-en-pate-de-verre-70s\/#breadcrumb"},"inLanguage":"de","potentialAction":[{"@type":"ReadAction","target":["https:\/\/lalmachine.com\/shop\/decorer\/vase-ceramique\/vase-en-pate-de-verre-70s\/"]}]},{"@type":"ImageObject","inLanguage":"de","@id":"https:\/\/lalmachine.com\/shop\/decorer\/vase-ceramique\/vase-en-pate-de-verre-70s\/#primaryimage","url":"https:\/\/lalmachine.com\/wp-content\/uploads\/2022\/02\/WhatsApp-Image-2022-02-10-at-15.37.26-3-3a2114b0_clipped_rev_1.jpeg","contentUrl":"https:\/\/lalmachine.com\/wp-content\/uploads\/2022\/02\/WhatsApp-Image-2022-02-10-at-15.37.26-3-3a2114b0_clipped_rev_1.jpeg","width":3545,"height":3545,"caption":"Vase en p\u00e2te de verre 70s"},{"@type":"BreadcrumbList","@id":"https:\/\/lalmachine.com\/shop\/decorer\/vase-ceramique\/vase-en-pate-de-verre-70s\/#breadcrumb","itemListElement":[{"@type":"ListItem","position":1,"name":"Accueil","item":"https:\/\/lalmachine.com\/"},{"@type":"ListItem","position":2,"name":"Shop","item":"https:\/\/lalmachine.com\/shop\/"},{"@type":"ListItem","position":3,"name":"Vase en p\u00e2te de verre 70s"}]},{"@type":"WebSite","@id":"https:\/\/lalmachine.com\/#website","url":"https:\/\/lalmachine.com\/","name":"lalmachine.com","description":"Brocante en ligne Suisse | Mobilier et objets d\u00e9co vintage et design","potentialAction":[{"@type":"SearchAction","target":{"@type":"EntryPoint","urlTemplate":"https:\/\/lalmachine.com\/?s={search_term_string}"},"query-input":{"@type":"PropertyValueSpecification","valueRequired":true,"valueName":"search_term_string"}}],"inLanguage":"de"}]}},"_links":{"self":[{"href":"https:\/\/lalmachine.com\/de\/wp-json\/wp\/v2\/product\/256442","targetHints":{"allow":["GET"]}}],"collection":[{"href":"https:\/\/lalmachine.com\/de\/wp-json\/wp\/v2\/product"}],"about":[{"href":"https:\/\/lalmachine.com\/de\/wp-json\/wp\/v2\/types\/product"}],"wp:featuredmedia":[{"embeddable":true,"href":"https:\/\/lalmachine.com\/de\/wp-json\/wp\/v2\/media\/257300"}],"wp:attachment":[{"href":"https:\/\/lalmachine.com\/de\/wp-json\/wp\/v2\/media?parent=256442"}],"wp:term":[{"taxonomy":"product_brand","embeddable":true,"href":"https:\/\/lalmachine.com\/de\/wp-json\/wp\/v2\/product_brand?post=256442"},{"taxonomy":"product_cat","embeddable":true,"href":"https:\/\/lalmachine.com\/de\/wp-json\/wp\/v2\/product_cat?post=256442"},{"taxonomy":"product_tag","embeddable":true,"href":"https:\/\/lalmachine.com\/de\/wp-json\/wp\/v2\/product_tag?post=256442"},{"taxonomy":"proximite","embeddable":true,"href":"https:\/\/lalmachine.com\/de\/wp-json\/wp\/v2\/proximite?post=256442"}],"curies":[{"name":"wp","href":"https:\/\/api.w.org\/{rel}","templated":true}]}}