{"id":256956,"date":"2022-02-15T09:37:51","date_gmt":"2022-02-15T08:37:51","guid":{"rendered":"https:\/\/lalmachine.com\/?post_type=product&#038;p=256956"},"modified":"2024-12-05T21:53:26","modified_gmt":"2024-12-05T20:53:26","slug":"desserte-en-bois-et-miroir-50s","status":"publish","type":"product","link":"https:\/\/lalmachine.com\/de\/shop\/meubler\/desserte\/desserte-en-bois-et-miroir-50s\/","title":{"rendered":"Desserte en bois et miroir 50s"},"content":{"rendered":"<ul class=\"wpuf_customs\"><li style=\"list-style-type:none;\"><label>Autres photos:<\/label> <a href=\"https:\/\/lalmachine.com\/wp-content\/uploads\/2022\/02\/IMG_6808-03fccdd3-rotated.jpg\"><img loading=\"lazy\" decoding=\"async\" width=\"72\" height=\"96\" src=\"https:\/\/lalmachine.com\/wp-content\/uploads\/2022\/02\/IMG_6808-03fccdd3-rotated.jpg\" class=\"attachment-thumbnail size-thumbnail\" alt=\"\" \/><\/a> <a href=\"https:\/\/lalmachine.com\/wp-content\/uploads\/2022\/02\/IMG_6804-6b07020b-rotated.jpg\"><img loading=\"lazy\" decoding=\"async\" width=\"72\" height=\"96\" src=\"https:\/\/lalmachine.com\/wp-content\/uploads\/2022\/02\/IMG_6804-6b07020b-rotated.jpg\" class=\"attachment-thumbnail size-thumbnail\" alt=\"\" \/><\/a> <a href=\"https:\/\/lalmachine.com\/wp-content\/uploads\/2022\/02\/IMG_6806-3eecc0d4-rotated.jpg\"><img loading=\"lazy\" decoding=\"async\" width=\"72\" height=\"96\" src=\"https:\/\/lalmachine.com\/wp-content\/uploads\/2022\/02\/IMG_6806-3eecc0d4-rotated.jpg\" class=\"attachment-thumbnail size-thumbnail\" alt=\"\" \/><\/a> <\/li>        <li class=\"wpuf-field-data wpuf-field-data-numeric_text_field\">\n                            <label>Prix:<\/label>\n                        130        <\/li>\n                <li class=\"wpuf-field-data wpuf-field-data-numeric_text_field\">\n                            <label>Quantit\u00e9:<\/label>\n                        1        <\/li>\n                <li class=\"wpuf-field-data wpuf-field-data-numeric_text_field\">\n                            <label>Hauteur (cm):<\/label>\n                        60        <\/li>\n                <li class=\"wpuf-field-data wpuf-field-data-numeric_text_field\">\n                            <label>Largeur (cm):<\/label>\n                        79        <\/li>\n                <li class=\"wpuf-field-data wpuf-field-data-numeric_text_field\">\n                            <label>Profondeur (cm):<\/label>\n                        49        <\/li>\n        <\/ul>","protected":false},"excerpt":{"rendered":"<p>Desserte \u00e0 roulettes vintage ann\u00e9es 1950 avec structure en bois et dot\u00e9e d\u2019un plateau avec miroirs. Tr\u00e8s bon \u00e9tat, mis \u00e0 part de l\u00e9g\u00e8res traces de rouille sur les roulettes. Sur demande, livraison possible.<\/p>","protected":false},"featured_media":257195,"template":"","meta":{"_et_pb_use_builder":"","_et_pb_old_content":"","_et_gb_content_width":""},"product_brand":[],"product_cat":[460,47],"product_tag":[],"proximite":[279,179],"class_list":{"0":"post-256956","1":"product","2":"type-product","3":"status-publish","4":"has-post-thumbnail","6":"product_cat-desserte","7":"product_cat-meubler","8":"pa_couleur-bois","9":"pa_etat-tres-bon-etat","10":"pa_materiau-bois","11":"pa_style-vintage","12":"proximite-lavaux-oron","13":"proximite-vaud","15":"first","16":"instock","17":"shipping-taxable","18":"purchasable","19":"product-type-simple"},"yoast_head":"<!-- This site is optimized with the Yoast SEO plugin v27.4 - https:\/\/yoast.com\/product\/yoast-seo-wordpress\/ -->\n<title>Desserte en bois et miroir 50s | lalmachine.com, mobilier et objets d\u00e9co vintage et design<\/title>\n<meta name=\"description\" content=\"Desserte \u00e0 roulettes vintage ann\u00e9es 1950 avec structure en bois et dot\u00e9e d\u2019un plateau avec miroirs.\" \/>\n<meta name=\"robots\" content=\"index, follow, max-snippet:-1, max-image-preview:large, max-video-preview:-1\" \/>\n<link rel=\"canonical\" href=\"http:\/\/lalmachine.com\/de\/shop\/meubler\/desserte\/desserte-en-bois-et-miroir-50s\/\" \/>\n<meta property=\"og:locale\" content=\"de_DE\" \/>\n<meta property=\"og:type\" content=\"article\" \/>\n<meta property=\"og:title\" content=\"Desserte en bois et miroir 50s | lalmachine.com, mobilier et objets d\u00e9co vintage et design\" \/>\n<meta property=\"og:description\" content=\"Desserte \u00e0 roulettes vintage ann\u00e9es 1950 avec structure en bois et dot\u00e9e d\u2019un plateau avec miroirs.\" \/>\n<meta property=\"og:url\" content=\"http:\/\/lalmachine.com\/de\/shop\/meubler\/desserte\/desserte-en-bois-et-miroir-50s\/\" \/>\n<meta property=\"og:site_name\" content=\"lalmachine.com\" \/>\n<meta property=\"article:publisher\" content=\"https:\/\/facebook.com\/lalmachine\" \/>\n<meta property=\"article:modified_time\" content=\"2024-12-05T20:53:26+00:00\" \/>\n<meta property=\"og:image\" content=\"https:\/\/lalmachine.com\/wp-content\/uploads\/2022\/02\/IMG_6810-6f6504ad-rotated_clipped_rev_1.jpeg\" \/>\n\t<meta property=\"og:image:width\" content=\"5451\" \/>\n\t<meta property=\"og:image:height\" content=\"5451\" \/>\n\t<meta property=\"og:image:type\" content=\"image\/jpeg\" \/>\n<meta name=\"twitter:card\" content=\"summary_large_image\" \/>\n<script type=\"application\/ld+json\" class=\"yoast-schema-graph\">{\"@context\":\"https:\\\/\\\/schema.org\",\"@graph\":[{\"@type\":\"WebPage\",\"@id\":\"http:\\\/\\\/lalmachine.com\\\/de\\\/shop\\\/meubler\\\/desserte\\\/desserte-en-bois-et-miroir-50s\\\/\",\"url\":\"http:\\\/\\\/lalmachine.com\\\/de\\\/shop\\\/meubler\\\/desserte\\\/desserte-en-bois-et-miroir-50s\\\/\",\"name\":\"Desserte en bois et miroir 50s | lalmachine.com, mobilier et objets d\u00e9co vintage et design\",\"isPartOf\":{\"@id\":\"https:\\\/\\\/lalmachine.com\\\/#website\"},\"primaryImageOfPage\":{\"@id\":\"http:\\\/\\\/lalmachine.com\\\/de\\\/shop\\\/meubler\\\/desserte\\\/desserte-en-bois-et-miroir-50s\\\/#primaryimage\"},\"image\":{\"@id\":\"http:\\\/\\\/lalmachine.com\\\/de\\\/shop\\\/meubler\\\/desserte\\\/desserte-en-bois-et-miroir-50s\\\/#primaryimage\"},\"thumbnailUrl\":\"https:\\\/\\\/lalmachine.com\\\/wp-content\\\/uploads\\\/2022\\\/02\\\/IMG_6810-6f6504ad-rotated_clipped_rev_1.jpeg\",\"datePublished\":\"2022-02-15T08:37:51+00:00\",\"dateModified\":\"2024-12-05T20:53:26+00:00\",\"description\":\"Desserte \u00e0 roulettes vintage ann\u00e9es 1950 avec structure en bois et dot\u00e9e d\u2019un plateau avec miroirs.\",\"breadcrumb\":{\"@id\":\"http:\\\/\\\/lalmachine.com\\\/de\\\/shop\\\/meubler\\\/desserte\\\/desserte-en-bois-et-miroir-50s\\\/#breadcrumb\"},\"inLanguage\":\"de\",\"potentialAction\":[{\"@type\":\"ReadAction\",\"target\":[\"http:\\\/\\\/lalmachine.com\\\/de\\\/shop\\\/meubler\\\/desserte\\\/desserte-en-bois-et-miroir-50s\\\/\"]}]},{\"@type\":\"ImageObject\",\"inLanguage\":\"de\",\"@id\":\"http:\\\/\\\/lalmachine.com\\\/de\\\/shop\\\/meubler\\\/desserte\\\/desserte-en-bois-et-miroir-50s\\\/#primaryimage\",\"url\":\"https:\\\/\\\/lalmachine.com\\\/wp-content\\\/uploads\\\/2022\\\/02\\\/IMG_6810-6f6504ad-rotated_clipped_rev_1.jpeg\",\"contentUrl\":\"https:\\\/\\\/lalmachine.com\\\/wp-content\\\/uploads\\\/2022\\\/02\\\/IMG_6810-6f6504ad-rotated_clipped_rev_1.jpeg\",\"width\":5451,\"height\":5451,\"caption\":\"Desserte en bois et miroir 50s\"},{\"@type\":\"BreadcrumbList\",\"@id\":\"http:\\\/\\\/lalmachine.com\\\/de\\\/shop\\\/meubler\\\/desserte\\\/desserte-en-bois-et-miroir-50s\\\/#breadcrumb\",\"itemListElement\":[{\"@type\":\"ListItem\",\"position\":1,\"name\":\"Accueil\",\"item\":\"https:\\\/\\\/lalmachine.com\\\/\"},{\"@type\":\"ListItem\",\"position\":2,\"name\":\"Shop\",\"item\":\"https:\\\/\\\/lalmachine.com\\\/shop\\\/\"},{\"@type\":\"ListItem\",\"position\":3,\"name\":\"Desserte en bois et miroir 50s\"}]},{\"@type\":\"WebSite\",\"@id\":\"https:\\\/\\\/lalmachine.com\\\/#website\",\"url\":\"https:\\\/\\\/lalmachine.com\\\/\",\"name\":\"lalmachine.com\",\"description\":\"Brocante en ligne Suisse | Mobilier et objets d\u00e9co vintage et design\",\"potentialAction\":[{\"@type\":\"SearchAction\",\"target\":{\"@type\":\"EntryPoint\",\"urlTemplate\":\"https:\\\/\\\/lalmachine.com\\\/?s={search_term_string}\"},\"query-input\":{\"@type\":\"PropertyValueSpecification\",\"valueRequired\":true,\"valueName\":\"search_term_string\"}}],\"inLanguage\":\"de\"}]}<\/script>\n<!-- \/ Yoast SEO plugin. -->","yoast_head_json":{"title":"Desserte en bois et miroir 50s | lalmachine.com, mobilier et objets d\u00e9co vintage et design","description":"Desserte \u00e0 roulettes vintage ann\u00e9es 1950 avec structure en bois et dot\u00e9e d\u2019un plateau avec miroirs.","robots":{"index":"index","follow":"follow","max-snippet":"max-snippet:-1","max-image-preview":"max-image-preview:large","max-video-preview":"max-video-preview:-1"},"canonical":"http:\/\/lalmachine.com\/de\/shop\/meubler\/desserte\/desserte-en-bois-et-miroir-50s\/","og_locale":"de_DE","og_type":"article","og_title":"Desserte en bois et miroir 50s | lalmachine.com, mobilier et objets d\u00e9co vintage et design","og_description":"Desserte \u00e0 roulettes vintage ann\u00e9es 1950 avec structure en bois et dot\u00e9e d\u2019un plateau avec miroirs.","og_url":"http:\/\/lalmachine.com\/de\/shop\/meubler\/desserte\/desserte-en-bois-et-miroir-50s\/","og_site_name":"lalmachine.com","article_publisher":"https:\/\/facebook.com\/lalmachine","article_modified_time":"2024-12-05T20:53:26+00:00","og_image":[{"width":5451,"height":5451,"url":"https:\/\/lalmachine.com\/wp-content\/uploads\/2022\/02\/IMG_6810-6f6504ad-rotated_clipped_rev_1.jpeg","type":"image\/jpeg"}],"twitter_card":"summary_large_image","schema":{"@context":"https:\/\/schema.org","@graph":[{"@type":"WebPage","@id":"http:\/\/lalmachine.com\/de\/shop\/meubler\/desserte\/desserte-en-bois-et-miroir-50s\/","url":"http:\/\/lalmachine.com\/de\/shop\/meubler\/desserte\/desserte-en-bois-et-miroir-50s\/","name":"Desserte en bois et miroir 50s | lalmachine.com, mobilier et objets d\u00e9co vintage et design","isPartOf":{"@id":"https:\/\/lalmachine.com\/#website"},"primaryImageOfPage":{"@id":"http:\/\/lalmachine.com\/de\/shop\/meubler\/desserte\/desserte-en-bois-et-miroir-50s\/#primaryimage"},"image":{"@id":"http:\/\/lalmachine.com\/de\/shop\/meubler\/desserte\/desserte-en-bois-et-miroir-50s\/#primaryimage"},"thumbnailUrl":"https:\/\/lalmachine.com\/wp-content\/uploads\/2022\/02\/IMG_6810-6f6504ad-rotated_clipped_rev_1.jpeg","datePublished":"2022-02-15T08:37:51+00:00","dateModified":"2024-12-05T20:53:26+00:00","description":"Desserte \u00e0 roulettes vintage ann\u00e9es 1950 avec structure en bois et dot\u00e9e d\u2019un plateau avec miroirs.","breadcrumb":{"@id":"http:\/\/lalmachine.com\/de\/shop\/meubler\/desserte\/desserte-en-bois-et-miroir-50s\/#breadcrumb"},"inLanguage":"de","potentialAction":[{"@type":"ReadAction","target":["http:\/\/lalmachine.com\/de\/shop\/meubler\/desserte\/desserte-en-bois-et-miroir-50s\/"]}]},{"@type":"ImageObject","inLanguage":"de","@id":"http:\/\/lalmachine.com\/de\/shop\/meubler\/desserte\/desserte-en-bois-et-miroir-50s\/#primaryimage","url":"https:\/\/lalmachine.com\/wp-content\/uploads\/2022\/02\/IMG_6810-6f6504ad-rotated_clipped_rev_1.jpeg","contentUrl":"https:\/\/lalmachine.com\/wp-content\/uploads\/2022\/02\/IMG_6810-6f6504ad-rotated_clipped_rev_1.jpeg","width":5451,"height":5451,"caption":"Desserte en bois et miroir 50s"},{"@type":"BreadcrumbList","@id":"http:\/\/lalmachine.com\/de\/shop\/meubler\/desserte\/desserte-en-bois-et-miroir-50s\/#breadcrumb","itemListElement":[{"@type":"ListItem","position":1,"name":"Accueil","item":"https:\/\/lalmachine.com\/"},{"@type":"ListItem","position":2,"name":"Shop","item":"https:\/\/lalmachine.com\/shop\/"},{"@type":"ListItem","position":3,"name":"Desserte en bois et miroir 50s"}]},{"@type":"WebSite","@id":"https:\/\/lalmachine.com\/#website","url":"https:\/\/lalmachine.com\/","name":"lalmachine.com","description":"Brocante en ligne Suisse | Mobilier et objets d\u00e9co vintage et design","potentialAction":[{"@type":"SearchAction","target":{"@type":"EntryPoint","urlTemplate":"https:\/\/lalmachine.com\/?s={search_term_string}"},"query-input":{"@type":"PropertyValueSpecification","valueRequired":true,"valueName":"search_term_string"}}],"inLanguage":"de"}]}},"_links":{"self":[{"href":"https:\/\/lalmachine.com\/de\/wp-json\/wp\/v2\/product\/256956","targetHints":{"allow":["GET"]}}],"collection":[{"href":"https:\/\/lalmachine.com\/de\/wp-json\/wp\/v2\/product"}],"about":[{"href":"https:\/\/lalmachine.com\/de\/wp-json\/wp\/v2\/types\/product"}],"wp:featuredmedia":[{"embeddable":true,"href":"https:\/\/lalmachine.com\/de\/wp-json\/wp\/v2\/media\/257195"}],"wp:attachment":[{"href":"https:\/\/lalmachine.com\/de\/wp-json\/wp\/v2\/media?parent=256956"}],"wp:term":[{"taxonomy":"product_brand","embeddable":true,"href":"https:\/\/lalmachine.com\/de\/wp-json\/wp\/v2\/product_brand?post=256956"},{"taxonomy":"product_cat","embeddable":true,"href":"https:\/\/lalmachine.com\/de\/wp-json\/wp\/v2\/product_cat?post=256956"},{"taxonomy":"product_tag","embeddable":true,"href":"https:\/\/lalmachine.com\/de\/wp-json\/wp\/v2\/product_tag?post=256956"},{"taxonomy":"proximite","embeddable":true,"href":"https:\/\/lalmachine.com\/de\/wp-json\/wp\/v2\/proximite?post=256956"}],"curies":[{"name":"wp","href":"https:\/\/api.w.org\/{rel}","templated":true}]}}