{"id":259628,"date":"2023-10-25T16:02:38","date_gmt":"2023-10-25T14:02:38","guid":{"rendered":"https:\/\/lalmachine.com\/?post_type=product&#038;p=259628"},"modified":"2024-12-05T21:53:37","modified_gmt":"2024-12-05T20:53:37","slug":"carrelage-keith-haring-15-pieces","status":"publish","type":"product","link":"https:\/\/lalmachine.com\/de\/shop\/decorer\/art-and-co\/carrelage-keith-haring-15-pieces\/","title":{"rendered":"Carrelage Keith Haring (15 pi\u00e8ces)"},"content":{"rendered":"<ul class=\"wpuf_customs\"><li style=\"list-style-type:none;\"><label>Autres photos:<\/label> <a href=\"https:\/\/lalmachine.com\/wp-content\/uploads\/2022\/02\/6C4C3AAD-5C9C-4614-A402-10B3AF3A71C8-6e2377ec-rotated.jpeg\"><img loading=\"lazy\" decoding=\"async\" width=\"72\" height=\"96\" src=\"https:\/\/lalmachine.com\/wp-content\/uploads\/2022\/02\/6C4C3AAD-5C9C-4614-A402-10B3AF3A71C8-6e2377ec-rotated.jpeg\" class=\"attachment-thumbnail size-thumbnail\" alt=\"\" \/><\/a> <a href=\"https:\/\/lalmachine.com\/wp-content\/uploads\/2022\/02\/F68906B3-1CCD-483C-8FA5-7F59BE6DD4B9-cddbba4c-rotated.jpeg\"><img loading=\"lazy\" decoding=\"async\" width=\"72\" height=\"96\" src=\"https:\/\/lalmachine.com\/wp-content\/uploads\/2022\/02\/F68906B3-1CCD-483C-8FA5-7F59BE6DD4B9-cddbba4c-rotated.jpeg\" class=\"attachment-thumbnail size-thumbnail\" alt=\"\" \/><\/a> <a href=\"https:\/\/lalmachine.com\/wp-content\/uploads\/2022\/02\/857FCC9C-0841-46B8-AF9B-77ADE17EB724-57df7555-rotated.jpeg\"><img loading=\"lazy\" decoding=\"async\" width=\"72\" height=\"96\" src=\"https:\/\/lalmachine.com\/wp-content\/uploads\/2022\/02\/857FCC9C-0841-46B8-AF9B-77ADE17EB724-57df7555-rotated.jpeg\" class=\"attachment-thumbnail size-thumbnail\" alt=\"\" \/><\/a> <a href=\"https:\/\/lalmachine.com\/wp-content\/uploads\/2022\/02\/E108CD9C-D6FD-4BD4-A4A1-B67D47A69257-0acd7e19-rotated.jpeg\"><img loading=\"lazy\" decoding=\"async\" width=\"72\" height=\"96\" src=\"https:\/\/lalmachine.com\/wp-content\/uploads\/2022\/02\/E108CD9C-D6FD-4BD4-A4A1-B67D47A69257-0acd7e19-rotated.jpeg\" class=\"attachment-thumbnail size-thumbnail\" alt=\"\" \/><\/a> <a href=\"https:\/\/lalmachine.com\/wp-content\/uploads\/2022\/02\/3F0991B0-3ED2-4A6C-B98F-FC60168E085F-9bfc875c-rotated.jpeg\"><img loading=\"lazy\" decoding=\"async\" width=\"72\" height=\"96\" src=\"https:\/\/lalmachine.com\/wp-content\/uploads\/2022\/02\/3F0991B0-3ED2-4A6C-B98F-FC60168E085F-9bfc875c-rotated.jpeg\" class=\"attachment-thumbnail size-thumbnail\" alt=\"\" \/><\/a> <a href=\"https:\/\/lalmachine.com\/wp-content\/uploads\/2022\/02\/764AE951-B451-45BD-9CAB-2E7254ED164A-8353f859-rotated.jpeg\"><img loading=\"lazy\" decoding=\"async\" width=\"72\" height=\"96\" src=\"https:\/\/lalmachine.com\/wp-content\/uploads\/2022\/02\/764AE951-B451-45BD-9CAB-2E7254ED164A-8353f859-rotated.jpeg\" class=\"attachment-thumbnail size-thumbnail\" alt=\"\" \/><\/a> <a href=\"https:\/\/lalmachine.com\/wp-content\/uploads\/2022\/02\/807C7E32-C6B1-4678-B777-5DE7D961A175-e7207de9-rotated.jpeg\"><img loading=\"lazy\" decoding=\"async\" width=\"72\" height=\"96\" src=\"https:\/\/lalmachine.com\/wp-content\/uploads\/2022\/02\/807C7E32-C6B1-4678-B777-5DE7D961A175-e7207de9-rotated.jpeg\" class=\"attachment-thumbnail size-thumbnail\" alt=\"\" \/><\/a> <a href=\"https:\/\/lalmachine.com\/wp-content\/uploads\/2022\/02\/D4B89D65-34F9-45BF-81CF-8E841C0C33C9-62e32e96-rotated.jpeg\"><img loading=\"lazy\" decoding=\"async\" width=\"72\" height=\"96\" src=\"https:\/\/lalmachine.com\/wp-content\/uploads\/2022\/02\/D4B89D65-34F9-45BF-81CF-8E841C0C33C9-62e32e96-rotated.jpeg\" class=\"attachment-thumbnail size-thumbnail\" alt=\"\" \/><\/a> <a href=\"https:\/\/lalmachine.com\/wp-content\/uploads\/2022\/02\/8404CC64-817D-4DD3-BF75-E403C1717BD7-662f62bd-rotated.jpeg\"><img loading=\"lazy\" decoding=\"async\" width=\"72\" height=\"96\" src=\"https:\/\/lalmachine.com\/wp-content\/uploads\/2022\/02\/8404CC64-817D-4DD3-BF75-E403C1717BD7-662f62bd-rotated.jpeg\" class=\"attachment-thumbnail size-thumbnail\" alt=\"\" \/><\/a> <a href=\"https:\/\/lalmachine.com\/wp-content\/uploads\/2022\/02\/72A99415-33FA-48E0-A019-60F1966ABB9E-fdb5d779-rotated.jpeg\"><img loading=\"lazy\" decoding=\"async\" width=\"72\" height=\"96\" src=\"https:\/\/lalmachine.com\/wp-content\/uploads\/2022\/02\/72A99415-33FA-48E0-A019-60F1966ABB9E-fdb5d779-rotated.jpeg\" class=\"attachment-thumbnail size-thumbnail\" alt=\"\" \/><\/a> <a href=\"https:\/\/lalmachine.com\/wp-content\/uploads\/2022\/02\/56E3BAC0-2D41-4A21-AD9B-E2254F41D18D-337462a9-rotated.jpeg\"><img loading=\"lazy\" decoding=\"async\" width=\"72\" height=\"96\" src=\"https:\/\/lalmachine.com\/wp-content\/uploads\/2022\/02\/56E3BAC0-2D41-4A21-AD9B-E2254F41D18D-337462a9-rotated.jpeg\" class=\"attachment-thumbnail size-thumbnail\" alt=\"\" \/><\/a> <\/li>        <li class=\"wpuf-field-data wpuf-field-data-numeric_text_field\">\n                            <label>Prix:<\/label>\n                        280        <\/li>\n                <li class=\"wpuf-field-data wpuf-field-data-numeric_text_field\">\n                            <label>Quantit\u00e9:<\/label>\n                        0        <\/li>\n                <li class=\"wpuf-field-data wpuf-field-data-numeric_text_field\">\n                            <label>Hauteur (cm):<\/label>\n                        25        <\/li>\n                <li class=\"wpuf-field-data wpuf-field-data-numeric_text_field\">\n                            <label>Largeur (cm):<\/label>\n                        20        <\/li>\n        <\/ul>","protected":false},"excerpt":{"rendered":"<p>Carrelage italien de couleur blanche au d\u00e9cor pop art de l\u2019artiste am\u00e9ricain Keith Haring.<br \/>\nCirca ann\u00e9es 80-90 fabrication Cottocompact (l\u2019entreprise n\u2019est plus en activit\u00e9).<\/p>\n<p>On y retrouve ses fameux personnages ludiques.<\/p>\n<p>Chaque carreau fait 25 x 20 cm, le tout en bel \u00e9tat except\u00e9 2 carreaux qui pr\u00e9sentent des \u00e9clats sur le bord.<\/p>\n<p>Id\u00e9al pour une cr\u00e9dence de cuisine ou salle de bain (lin\u00e9aire de 3m).<\/p>","protected":false},"featured_media":259685,"template":"","meta":{"_et_pb_use_builder":"","_et_pb_old_content":"","_et_gb_content_width":""},"product_brand":[],"product_cat":[365,50],"product_tag":[],"proximite":[281,179],"class_list":{"0":"post-259628","1":"product","2":"type-product","3":"status-publish","4":"has-post-thumbnail","6":"product_cat-art-and-co","7":"product_cat-decorer","8":"product_shipping_class-fragile-8-5","9":"pa_couleur-blanc","10":"pa_etat-bon-etat","11":"pa_materiau-ceramique","12":"pa_style-vintage","13":"proximite-nyon","14":"proximite-vaud","16":"first","17":"outofstock","18":"shipping-taxable","19":"purchasable","20":"product-type-simple"},"yoast_head":"<!-- This site is optimized with the Yoast SEO plugin v27.4 - https:\/\/yoast.com\/product\/yoast-seo-wordpress\/ -->\n<title>Carrelage Keith Haring (15 pi\u00e8ces) | lalmachine.com, mobilier et objets d\u00e9co vintage et design<\/title>\n<meta name=\"description\" content=\"Carrelage italien de couleur blanche au d\u00e9cor pop art de l\u2019artiste am\u00e9ricain Keith Haring.\" \/>\n<meta name=\"robots\" content=\"index, follow, max-snippet:-1, max-image-preview:large, max-video-preview:-1\" \/>\n<link rel=\"canonical\" href=\"https:\/\/lalmachine.com\/de\/shop\/decorer\/art-and-co\/carrelage-keith-haring-15-pieces\/\" \/>\n<meta property=\"og:locale\" content=\"de_DE\" \/>\n<meta property=\"og:type\" content=\"article\" \/>\n<meta property=\"og:title\" content=\"Carrelage Keith Haring (15 pi\u00e8ces) | lalmachine.com, mobilier et objets d\u00e9co vintage et design\" \/>\n<meta property=\"og:description\" content=\"Carrelage italien de couleur blanche au d\u00e9cor pop art de l\u2019artiste am\u00e9ricain Keith Haring.\" \/>\n<meta property=\"og:url\" content=\"https:\/\/lalmachine.com\/de\/shop\/decorer\/art-and-co\/carrelage-keith-haring-15-pieces\/\" \/>\n<meta property=\"og:site_name\" content=\"lalmachine.com\" \/>\n<meta property=\"article:publisher\" content=\"https:\/\/facebook.com\/lalmachine\" \/>\n<meta property=\"article:modified_time\" content=\"2024-12-05T20:53:37+00:00\" \/>\n<meta property=\"og:image\" content=\"https:\/\/lalmachine.com\/wp-content\/uploads\/2022\/02\/39516A87-81EB-4D7F-B15C-F8865B79FD99-f9864db4-rotated_clipped_rev_1.jpeg\" \/>\n\t<meta property=\"og:image:width\" content=\"5611\" \/>\n\t<meta property=\"og:image:height\" content=\"5610\" \/>\n\t<meta property=\"og:image:type\" content=\"image\/jpeg\" \/>\n<meta name=\"twitter:card\" content=\"summary_large_image\" \/>\n<script type=\"application\/ld+json\" class=\"yoast-schema-graph\">{\"@context\":\"https:\\\/\\\/schema.org\",\"@graph\":[{\"@type\":\"WebPage\",\"@id\":\"https:\\\/\\\/lalmachine.com\\\/shop\\\/decorer\\\/art-and-co\\\/carrelage-keith-haring-15-pieces\\\/\",\"url\":\"https:\\\/\\\/lalmachine.com\\\/shop\\\/decorer\\\/art-and-co\\\/carrelage-keith-haring-15-pieces\\\/\",\"name\":\"Carrelage Keith Haring (15 pi\u00e8ces) | lalmachine.com, mobilier et objets d\u00e9co vintage et design\",\"isPartOf\":{\"@id\":\"https:\\\/\\\/lalmachine.com\\\/#website\"},\"primaryImageOfPage\":{\"@id\":\"https:\\\/\\\/lalmachine.com\\\/shop\\\/decorer\\\/art-and-co\\\/carrelage-keith-haring-15-pieces\\\/#primaryimage\"},\"image\":{\"@id\":\"https:\\\/\\\/lalmachine.com\\\/shop\\\/decorer\\\/art-and-co\\\/carrelage-keith-haring-15-pieces\\\/#primaryimage\"},\"thumbnailUrl\":\"https:\\\/\\\/lalmachine.com\\\/wp-content\\\/uploads\\\/2022\\\/02\\\/39516A87-81EB-4D7F-B15C-F8865B79FD99-f9864db4-rotated_clipped_rev_1.jpeg\",\"datePublished\":\"2023-10-25T14:02:38+00:00\",\"dateModified\":\"2024-12-05T20:53:37+00:00\",\"description\":\"Carrelage italien de couleur blanche au d\u00e9cor pop art de l\u2019artiste am\u00e9ricain Keith Haring.\",\"breadcrumb\":{\"@id\":\"https:\\\/\\\/lalmachine.com\\\/shop\\\/decorer\\\/art-and-co\\\/carrelage-keith-haring-15-pieces\\\/#breadcrumb\"},\"inLanguage\":\"de\",\"potentialAction\":[{\"@type\":\"ReadAction\",\"target\":[\"https:\\\/\\\/lalmachine.com\\\/shop\\\/decorer\\\/art-and-co\\\/carrelage-keith-haring-15-pieces\\\/\"]}]},{\"@type\":\"ImageObject\",\"inLanguage\":\"de\",\"@id\":\"https:\\\/\\\/lalmachine.com\\\/shop\\\/decorer\\\/art-and-co\\\/carrelage-keith-haring-15-pieces\\\/#primaryimage\",\"url\":\"https:\\\/\\\/lalmachine.com\\\/wp-content\\\/uploads\\\/2022\\\/02\\\/39516A87-81EB-4D7F-B15C-F8865B79FD99-f9864db4-rotated_clipped_rev_1.jpeg\",\"contentUrl\":\"https:\\\/\\\/lalmachine.com\\\/wp-content\\\/uploads\\\/2022\\\/02\\\/39516A87-81EB-4D7F-B15C-F8865B79FD99-f9864db4-rotated_clipped_rev_1.jpeg\",\"width\":5611,\"height\":5610,\"caption\":\"Carrelage Keith Haring\"},{\"@type\":\"BreadcrumbList\",\"@id\":\"https:\\\/\\\/lalmachine.com\\\/shop\\\/decorer\\\/art-and-co\\\/carrelage-keith-haring-15-pieces\\\/#breadcrumb\",\"itemListElement\":[{\"@type\":\"ListItem\",\"position\":1,\"name\":\"Accueil\",\"item\":\"https:\\\/\\\/lalmachine.com\\\/\"},{\"@type\":\"ListItem\",\"position\":2,\"name\":\"Shop\",\"item\":\"https:\\\/\\\/lalmachine.com\\\/shop\\\/\"},{\"@type\":\"ListItem\",\"position\":3,\"name\":\"Carrelage Keith Haring (15 pi\u00e8ces)\"}]},{\"@type\":\"WebSite\",\"@id\":\"https:\\\/\\\/lalmachine.com\\\/#website\",\"url\":\"https:\\\/\\\/lalmachine.com\\\/\",\"name\":\"lalmachine.com\",\"description\":\"Brocante en ligne Suisse | Mobilier et objets d\u00e9co vintage et design\",\"potentialAction\":[{\"@type\":\"SearchAction\",\"target\":{\"@type\":\"EntryPoint\",\"urlTemplate\":\"https:\\\/\\\/lalmachine.com\\\/?s={search_term_string}\"},\"query-input\":{\"@type\":\"PropertyValueSpecification\",\"valueRequired\":true,\"valueName\":\"search_term_string\"}}],\"inLanguage\":\"de\"}]}<\/script>\n<!-- \/ Yoast SEO plugin. -->","yoast_head_json":{"title":"Carrelage Keith Haring (15 pi\u00e8ces) | lalmachine.com, mobilier et objets d\u00e9co vintage et design","description":"Carrelage italien de couleur blanche au d\u00e9cor pop art de l\u2019artiste am\u00e9ricain Keith Haring.","robots":{"index":"index","follow":"follow","max-snippet":"max-snippet:-1","max-image-preview":"max-image-preview:large","max-video-preview":"max-video-preview:-1"},"canonical":"https:\/\/lalmachine.com\/de\/shop\/decorer\/art-and-co\/carrelage-keith-haring-15-pieces\/","og_locale":"de_DE","og_type":"article","og_title":"Carrelage Keith Haring (15 pi\u00e8ces) | lalmachine.com, mobilier et objets d\u00e9co vintage et design","og_description":"Carrelage italien de couleur blanche au d\u00e9cor pop art de l\u2019artiste am\u00e9ricain Keith Haring.","og_url":"https:\/\/lalmachine.com\/de\/shop\/decorer\/art-and-co\/carrelage-keith-haring-15-pieces\/","og_site_name":"lalmachine.com","article_publisher":"https:\/\/facebook.com\/lalmachine","article_modified_time":"2024-12-05T20:53:37+00:00","og_image":[{"width":5611,"height":5610,"url":"https:\/\/lalmachine.com\/wp-content\/uploads\/2022\/02\/39516A87-81EB-4D7F-B15C-F8865B79FD99-f9864db4-rotated_clipped_rev_1.jpeg","type":"image\/jpeg"}],"twitter_card":"summary_large_image","schema":{"@context":"https:\/\/schema.org","@graph":[{"@type":"WebPage","@id":"https:\/\/lalmachine.com\/shop\/decorer\/art-and-co\/carrelage-keith-haring-15-pieces\/","url":"https:\/\/lalmachine.com\/shop\/decorer\/art-and-co\/carrelage-keith-haring-15-pieces\/","name":"Carrelage Keith Haring (15 pi\u00e8ces) | lalmachine.com, mobilier et objets d\u00e9co vintage et design","isPartOf":{"@id":"https:\/\/lalmachine.com\/#website"},"primaryImageOfPage":{"@id":"https:\/\/lalmachine.com\/shop\/decorer\/art-and-co\/carrelage-keith-haring-15-pieces\/#primaryimage"},"image":{"@id":"https:\/\/lalmachine.com\/shop\/decorer\/art-and-co\/carrelage-keith-haring-15-pieces\/#primaryimage"},"thumbnailUrl":"https:\/\/lalmachine.com\/wp-content\/uploads\/2022\/02\/39516A87-81EB-4D7F-B15C-F8865B79FD99-f9864db4-rotated_clipped_rev_1.jpeg","datePublished":"2023-10-25T14:02:38+00:00","dateModified":"2024-12-05T20:53:37+00:00","description":"Carrelage italien de couleur blanche au d\u00e9cor pop art de l\u2019artiste am\u00e9ricain Keith Haring.","breadcrumb":{"@id":"https:\/\/lalmachine.com\/shop\/decorer\/art-and-co\/carrelage-keith-haring-15-pieces\/#breadcrumb"},"inLanguage":"de","potentialAction":[{"@type":"ReadAction","target":["https:\/\/lalmachine.com\/shop\/decorer\/art-and-co\/carrelage-keith-haring-15-pieces\/"]}]},{"@type":"ImageObject","inLanguage":"de","@id":"https:\/\/lalmachine.com\/shop\/decorer\/art-and-co\/carrelage-keith-haring-15-pieces\/#primaryimage","url":"https:\/\/lalmachine.com\/wp-content\/uploads\/2022\/02\/39516A87-81EB-4D7F-B15C-F8865B79FD99-f9864db4-rotated_clipped_rev_1.jpeg","contentUrl":"https:\/\/lalmachine.com\/wp-content\/uploads\/2022\/02\/39516A87-81EB-4D7F-B15C-F8865B79FD99-f9864db4-rotated_clipped_rev_1.jpeg","width":5611,"height":5610,"caption":"Carrelage Keith Haring"},{"@type":"BreadcrumbList","@id":"https:\/\/lalmachine.com\/shop\/decorer\/art-and-co\/carrelage-keith-haring-15-pieces\/#breadcrumb","itemListElement":[{"@type":"ListItem","position":1,"name":"Accueil","item":"https:\/\/lalmachine.com\/"},{"@type":"ListItem","position":2,"name":"Shop","item":"https:\/\/lalmachine.com\/shop\/"},{"@type":"ListItem","position":3,"name":"Carrelage Keith Haring (15 pi\u00e8ces)"}]},{"@type":"WebSite","@id":"https:\/\/lalmachine.com\/#website","url":"https:\/\/lalmachine.com\/","name":"lalmachine.com","description":"Brocante en ligne Suisse | Mobilier et objets d\u00e9co vintage et design","potentialAction":[{"@type":"SearchAction","target":{"@type":"EntryPoint","urlTemplate":"https:\/\/lalmachine.com\/?s={search_term_string}"},"query-input":{"@type":"PropertyValueSpecification","valueRequired":true,"valueName":"search_term_string"}}],"inLanguage":"de"}]}},"_links":{"self":[{"href":"https:\/\/lalmachine.com\/de\/wp-json\/wp\/v2\/product\/259628","targetHints":{"allow":["GET"]}}],"collection":[{"href":"https:\/\/lalmachine.com\/de\/wp-json\/wp\/v2\/product"}],"about":[{"href":"https:\/\/lalmachine.com\/de\/wp-json\/wp\/v2\/types\/product"}],"wp:featuredmedia":[{"embeddable":true,"href":"https:\/\/lalmachine.com\/de\/wp-json\/wp\/v2\/media\/259685"}],"wp:attachment":[{"href":"https:\/\/lalmachine.com\/de\/wp-json\/wp\/v2\/media?parent=259628"}],"wp:term":[{"taxonomy":"product_brand","embeddable":true,"href":"https:\/\/lalmachine.com\/de\/wp-json\/wp\/v2\/product_brand?post=259628"},{"taxonomy":"product_cat","embeddable":true,"href":"https:\/\/lalmachine.com\/de\/wp-json\/wp\/v2\/product_cat?post=259628"},{"taxonomy":"product_tag","embeddable":true,"href":"https:\/\/lalmachine.com\/de\/wp-json\/wp\/v2\/product_tag?post=259628"},{"taxonomy":"proximite","embeddable":true,"href":"https:\/\/lalmachine.com\/de\/wp-json\/wp\/v2\/proximite?post=259628"}],"curies":[{"name":"wp","href":"https:\/\/api.w.org\/{rel}","templated":true}]}}