{"id":259717,"date":"2022-02-25T12:12:55","date_gmt":"2022-02-25T11:12:55","guid":{"rendered":"https:\/\/lalmachine.com\/?post_type=product&#038;p=259717"},"modified":"2024-12-05T21:53:37","modified_gmt":"2024-12-05T20:53:37","slug":"canape-togo-2-places-4","status":"publish","type":"product","link":"https:\/\/lalmachine.com\/de\/shop\/sasseoir\/canape-fauteuil-pouf\/canape-togo-2-places-4\/","title":{"rendered":"Canap\u00e9 Togo 2 places"},"content":{"rendered":"<ul class=\"wpuf_customs\"><li style=\"list-style-type:none;\"><label>Autres photos:<\/label> <a href=\"https:\/\/lalmachine.com\/wp-content\/uploads\/2022\/02\/IMG_20220224_101500-164c5325.jpg\"><img loading=\"lazy\" decoding=\"async\" width=\"72\" height=\"96\" src=\"https:\/\/lalmachine.com\/wp-content\/uploads\/2022\/02\/IMG_20220224_101500-164c5325.jpg\" class=\"attachment-thumbnail size-thumbnail\" alt=\"\" \/><\/a> <a href=\"https:\/\/lalmachine.com\/wp-content\/uploads\/2022\/02\/IMG_20220224_094003-b8b0e228.jpg\"><img loading=\"lazy\" decoding=\"async\" width=\"72\" height=\"96\" src=\"https:\/\/lalmachine.com\/wp-content\/uploads\/2022\/02\/IMG_20220224_094003-b8b0e228.jpg\" class=\"attachment-thumbnail size-thumbnail\" alt=\"\" \/><\/a> <a href=\"https:\/\/lalmachine.com\/wp-content\/uploads\/2022\/02\/IMG_20220224_094142-0c3fd1ae.jpg\"><img loading=\"lazy\" decoding=\"async\" width=\"72\" height=\"96\" src=\"https:\/\/lalmachine.com\/wp-content\/uploads\/2022\/02\/IMG_20220224_094142-0c3fd1ae.jpg\" class=\"attachment-thumbnail size-thumbnail\" alt=\"\" \/><\/a> <a href=\"https:\/\/lalmachine.com\/wp-content\/uploads\/2022\/02\/IMG_20220224_094054-98daa2a2.jpg\"><img loading=\"lazy\" decoding=\"async\" width=\"72\" height=\"96\" src=\"https:\/\/lalmachine.com\/wp-content\/uploads\/2022\/02\/IMG_20220224_094054-98daa2a2.jpg\" class=\"attachment-thumbnail size-thumbnail\" alt=\"\" \/><\/a> <a href=\"https:\/\/lalmachine.com\/wp-content\/uploads\/2022\/02\/IMG_20220224_094023-3240b2f3.jpg\"><img loading=\"lazy\" decoding=\"async\" width=\"72\" height=\"96\" src=\"https:\/\/lalmachine.com\/wp-content\/uploads\/2022\/02\/IMG_20220224_094023-3240b2f3.jpg\" class=\"attachment-thumbnail size-thumbnail\" alt=\"\" \/><\/a> <a href=\"https:\/\/lalmachine.com\/wp-content\/uploads\/2022\/02\/IMG_20220224_094102-84a0a031.jpg\"><img loading=\"lazy\" decoding=\"async\" width=\"72\" height=\"96\" src=\"https:\/\/lalmachine.com\/wp-content\/uploads\/2022\/02\/IMG_20220224_094102-84a0a031.jpg\" class=\"attachment-thumbnail size-thumbnail\" alt=\"\" \/><\/a> <a href=\"https:\/\/lalmachine.com\/wp-content\/uploads\/2022\/02\/IMG_20220224_094313-6eb81bc1.jpg\"><img loading=\"lazy\" decoding=\"async\" width=\"72\" height=\"96\" src=\"https:\/\/lalmachine.com\/wp-content\/uploads\/2022\/02\/IMG_20220224_094313-6eb81bc1.jpg\" class=\"attachment-thumbnail size-thumbnail\" alt=\"\" \/><\/a> <a href=\"https:\/\/lalmachine.com\/wp-content\/uploads\/2022\/02\/IMG_20220224_094319-d27bab60.jpg\"><img loading=\"lazy\" decoding=\"async\" width=\"72\" height=\"96\" src=\"https:\/\/lalmachine.com\/wp-content\/uploads\/2022\/02\/IMG_20220224_094319-d27bab60.jpg\" class=\"attachment-thumbnail size-thumbnail\" alt=\"\" \/><\/a> <a href=\"https:\/\/lalmachine.com\/wp-content\/uploads\/2022\/02\/IMG_20220224_094325-012aeece.jpg\"><img loading=\"lazy\" decoding=\"async\" width=\"72\" height=\"96\" src=\"https:\/\/lalmachine.com\/wp-content\/uploads\/2022\/02\/IMG_20220224_094325-012aeece.jpg\" class=\"attachment-thumbnail size-thumbnail\" alt=\"\" \/><\/a> <a href=\"https:\/\/lalmachine.com\/wp-content\/uploads\/2022\/02\/IMG_20220224_094351-ecb8567c.jpg\"><img loading=\"lazy\" decoding=\"async\" width=\"72\" height=\"96\" src=\"https:\/\/lalmachine.com\/wp-content\/uploads\/2022\/02\/IMG_20220224_094351-ecb8567c.jpg\" class=\"attachment-thumbnail size-thumbnail\" alt=\"\" \/><\/a> <a href=\"https:\/\/lalmachine.com\/wp-content\/uploads\/2022\/02\/IMG_20220224_094421-de0a6602.jpg\"><img loading=\"lazy\" decoding=\"async\" width=\"72\" height=\"96\" src=\"https:\/\/lalmachine.com\/wp-content\/uploads\/2022\/02\/IMG_20220224_094421-de0a6602.jpg\" class=\"attachment-thumbnail size-thumbnail\" alt=\"\" \/><\/a> <a href=\"https:\/\/lalmachine.com\/wp-content\/uploads\/2022\/02\/IMG_20220224_094423-a99585be.jpg\"><img loading=\"lazy\" decoding=\"async\" width=\"72\" height=\"96\" src=\"https:\/\/lalmachine.com\/wp-content\/uploads\/2022\/02\/IMG_20220224_094423-a99585be.jpg\" class=\"attachment-thumbnail size-thumbnail\" alt=\"\" \/><\/a> <a href=\"https:\/\/lalmachine.com\/wp-content\/uploads\/2022\/02\/IMG_20220224_094544-a843b4f6.jpg\"><img loading=\"lazy\" decoding=\"async\" width=\"72\" height=\"96\" src=\"https:\/\/lalmachine.com\/wp-content\/uploads\/2022\/02\/IMG_20220224_094544-a843b4f6.jpg\" class=\"attachment-thumbnail size-thumbnail\" alt=\"\" \/><\/a> <a href=\"https:\/\/lalmachine.com\/wp-content\/uploads\/2022\/02\/IMG_20220224_095701-3d799c27.jpg\"><img loading=\"lazy\" decoding=\"async\" width=\"72\" height=\"96\" src=\"https:\/\/lalmachine.com\/wp-content\/uploads\/2022\/02\/IMG_20220224_095701-3d799c27.jpg\" class=\"attachment-thumbnail size-thumbnail\" alt=\"\" \/><\/a> <a href=\"https:\/\/lalmachine.com\/wp-content\/uploads\/2022\/02\/IMG_20220224_100225-9e52930f.jpg\"><img loading=\"lazy\" decoding=\"async\" width=\"72\" height=\"96\" src=\"https:\/\/lalmachine.com\/wp-content\/uploads\/2022\/02\/IMG_20220224_100225-9e52930f.jpg\" class=\"attachment-thumbnail size-thumbnail\" alt=\"\" \/><\/a> <\/li>        <li class=\"wpuf-field-data wpuf-field-data-numeric_text_field\">\n                            <label>Prix:<\/label>\n                        950        <\/li>\n                <li class=\"wpuf-field-data wpuf-field-data-numeric_text_field\">\n                            <label>Hauteur (cm):<\/label>\n                        73        <\/li>\n                <li class=\"wpuf-field-data wpuf-field-data-numeric_text_field\">\n                            <label>Largeur (cm):<\/label>\n                        130        <\/li>\n                <li class=\"wpuf-field-data wpuf-field-data-numeric_text_field\">\n                            <label>Profondeur (cm):<\/label>\n                        100        <\/li>\n        <\/ul>","protected":false},"excerpt":{"rendered":"<p>Canap\u00e9 Togo deux places dessin\u00e9 par Michel Ducaroy et produit par Ligne Roset en alcantara de couleur bleue. Signes d\u2019usure sur l&rsquo;alcantara: des bouloches ainsi que des petits points noirs sont pr\u00e9sents \u00e0 certains endroits (voir photos). L&rsquo;\u00e9tat r\u00e9el du canap\u00e9 est meilleure que celui repr\u00e9sent\u00e9 dans les photos prises de pr\u00eat. Pas de d\u00e9chirures sur le tissu. La mousse est en bon \u00e9tat. Hauteur de l\u2019assise: 32 cm.<\/p>\n<p>Livraison possible (sous 14 jours) :<br \/>\n\u2013 Berne : 30 CHF<br \/>\n\u2013 Lausanne : 50 CHF<br \/>\n\u2013 Gen\u00e8ve, Z\u00fcrich : 100 CHF<br \/>\n\u2013 Autres villes sur demande<\/p>","protected":false},"featured_media":259697,"template":"","meta":{"_et_pb_use_builder":"","_et_pb_old_content":"","_et_gb_content_width":""},"product_brand":[],"product_cat":[99,48],"product_tag":[],"proximite":[177,235],"class_list":{"0":"post-259717","1":"product","2":"type-product","3":"status-publish","4":"has-post-thumbnail","6":"product_cat-canape-fauteuil-pouf","7":"product_cat-sasseoir","8":"pa_couleur-bleu","9":"pa_designer-ducaroy-michel","10":"pa_etat-dans-son-jus","11":"pa_materiau-tissu","12":"pa_style-vintage","13":"proximite-fribourg","14":"proximite-sarine","16":"first","17":"outofstock","18":"shipping-taxable","19":"purchasable","20":"product-type-simple"},"yoast_head":"<!-- This site is optimized with the Yoast SEO plugin v27.4 - https:\/\/yoast.com\/product\/yoast-seo-wordpress\/ -->\n<title>Canap\u00e9 Togo 2 places | lalmachine.com, mobilier et objets d\u00e9co vintage et design<\/title>\n<meta name=\"robots\" content=\"index, follow, max-snippet:-1, max-image-preview:large, max-video-preview:-1\" \/>\n<link rel=\"canonical\" href=\"https:\/\/lalmachine.com\/de\/shop\/sasseoir\/canape-fauteuil-pouf\/canape-togo-2-places-4\/\" \/>\n<meta property=\"og:locale\" content=\"de_DE\" \/>\n<meta property=\"og:type\" content=\"article\" \/>\n<meta property=\"og:title\" content=\"Canap\u00e9 Togo 2 places | lalmachine.com, mobilier et objets d\u00e9co vintage et design\" \/>\n<meta property=\"og:description\" content=\"Canap\u00e9 Togo deux places dessin\u00e9 par Michel Ducaroy et produit par Ligne Roset en alcantara de couleur bleue. Signes d\u2019usure sur l&#039;alcantara: des bouloches ainsi que des petits points noirs sont pr\u00e9sents \u00e0 certains endroits (voir photos). L&#039;\u00e9tat r\u00e9el du canap\u00e9 est meilleure que celui repr\u00e9sent\u00e9 dans les photos prises de pr\u00eat. Pas de d\u00e9chirures sur le tissu. La mousse est en bon \u00e9tat. Hauteur de l\u2019assise: 32 cm.  Livraison possible (sous 14 jours) : \u2013 Berne : 30 CHF \u2013 Lausanne : 50 CHF \u2013 Gen\u00e8ve, Z\u00fcrich : 100 CHF \u2013 Autres villes sur demande\" \/>\n<meta property=\"og:url\" content=\"https:\/\/lalmachine.com\/de\/shop\/sasseoir\/canape-fauteuil-pouf\/canape-togo-2-places-4\/\" \/>\n<meta property=\"og:site_name\" content=\"lalmachine.com\" \/>\n<meta property=\"article:publisher\" content=\"https:\/\/facebook.com\/lalmachine\" \/>\n<meta property=\"article:modified_time\" content=\"2024-12-05T20:53:37+00:00\" \/>\n<meta property=\"og:image\" content=\"https:\/\/lalmachine.com\/wp-content\/uploads\/2022\/02\/IMG_20220224_102646_clipped_rev_1-c88ddcc7.jpeg\" \/>\n\t<meta property=\"og:image:width\" content=\"2918\" \/>\n\t<meta property=\"og:image:height\" content=\"2919\" \/>\n\t<meta property=\"og:image:type\" content=\"image\/jpeg\" \/>\n<meta name=\"twitter:card\" content=\"summary_large_image\" \/>\n<script type=\"application\/ld+json\" class=\"yoast-schema-graph\">{\"@context\":\"https:\\\/\\\/schema.org\",\"@graph\":[{\"@type\":\"WebPage\",\"@id\":\"https:\\\/\\\/lalmachine.com\\\/shop\\\/sasseoir\\\/canape-fauteuil-pouf\\\/canape-togo-2-places-4\\\/\",\"url\":\"https:\\\/\\\/lalmachine.com\\\/shop\\\/sasseoir\\\/canape-fauteuil-pouf\\\/canape-togo-2-places-4\\\/\",\"name\":\"Canap\u00e9 Togo 2 places | lalmachine.com, mobilier et objets d\u00e9co vintage et design\",\"isPartOf\":{\"@id\":\"https:\\\/\\\/lalmachine.com\\\/#website\"},\"primaryImageOfPage\":{\"@id\":\"https:\\\/\\\/lalmachine.com\\\/shop\\\/sasseoir\\\/canape-fauteuil-pouf\\\/canape-togo-2-places-4\\\/#primaryimage\"},\"image\":{\"@id\":\"https:\\\/\\\/lalmachine.com\\\/shop\\\/sasseoir\\\/canape-fauteuil-pouf\\\/canape-togo-2-places-4\\\/#primaryimage\"},\"thumbnailUrl\":\"https:\\\/\\\/lalmachine.com\\\/wp-content\\\/uploads\\\/2022\\\/02\\\/IMG_20220224_102646_clipped_rev_1-c88ddcc7.jpeg\",\"datePublished\":\"2022-02-25T11:12:55+00:00\",\"dateModified\":\"2024-12-05T20:53:37+00:00\",\"breadcrumb\":{\"@id\":\"https:\\\/\\\/lalmachine.com\\\/shop\\\/sasseoir\\\/canape-fauteuil-pouf\\\/canape-togo-2-places-4\\\/#breadcrumb\"},\"inLanguage\":\"de\",\"potentialAction\":[{\"@type\":\"ReadAction\",\"target\":[\"https:\\\/\\\/lalmachine.com\\\/shop\\\/sasseoir\\\/canape-fauteuil-pouf\\\/canape-togo-2-places-4\\\/\"]}]},{\"@type\":\"ImageObject\",\"inLanguage\":\"de\",\"@id\":\"https:\\\/\\\/lalmachine.com\\\/shop\\\/sasseoir\\\/canape-fauteuil-pouf\\\/canape-togo-2-places-4\\\/#primaryimage\",\"url\":\"https:\\\/\\\/lalmachine.com\\\/wp-content\\\/uploads\\\/2022\\\/02\\\/IMG_20220224_102646_clipped_rev_1-c88ddcc7.jpeg\",\"contentUrl\":\"https:\\\/\\\/lalmachine.com\\\/wp-content\\\/uploads\\\/2022\\\/02\\\/IMG_20220224_102646_clipped_rev_1-c88ddcc7.jpeg\",\"width\":2918,\"height\":2919,\"caption\":\"Canap\u00e9 Togo\"},{\"@type\":\"BreadcrumbList\",\"@id\":\"https:\\\/\\\/lalmachine.com\\\/shop\\\/sasseoir\\\/canape-fauteuil-pouf\\\/canape-togo-2-places-4\\\/#breadcrumb\",\"itemListElement\":[{\"@type\":\"ListItem\",\"position\":1,\"name\":\"Accueil\",\"item\":\"https:\\\/\\\/lalmachine.com\\\/\"},{\"@type\":\"ListItem\",\"position\":2,\"name\":\"Shop\",\"item\":\"https:\\\/\\\/lalmachine.com\\\/shop\\\/\"},{\"@type\":\"ListItem\",\"position\":3,\"name\":\"Canap\u00e9 Togo 2 places\"}]},{\"@type\":\"WebSite\",\"@id\":\"https:\\\/\\\/lalmachine.com\\\/#website\",\"url\":\"https:\\\/\\\/lalmachine.com\\\/\",\"name\":\"lalmachine.com\",\"description\":\"Brocante en ligne Suisse | Mobilier et objets d\u00e9co vintage et design\",\"potentialAction\":[{\"@type\":\"SearchAction\",\"target\":{\"@type\":\"EntryPoint\",\"urlTemplate\":\"https:\\\/\\\/lalmachine.com\\\/?s={search_term_string}\"},\"query-input\":{\"@type\":\"PropertyValueSpecification\",\"valueRequired\":true,\"valueName\":\"search_term_string\"}}],\"inLanguage\":\"de\"}]}<\/script>\n<!-- \/ Yoast SEO plugin. -->","yoast_head_json":{"title":"Canap\u00e9 Togo 2 places | lalmachine.com, mobilier et objets d\u00e9co vintage et design","robots":{"index":"index","follow":"follow","max-snippet":"max-snippet:-1","max-image-preview":"max-image-preview:large","max-video-preview":"max-video-preview:-1"},"canonical":"https:\/\/lalmachine.com\/de\/shop\/sasseoir\/canape-fauteuil-pouf\/canape-togo-2-places-4\/","og_locale":"de_DE","og_type":"article","og_title":"Canap\u00e9 Togo 2 places | lalmachine.com, mobilier et objets d\u00e9co vintage et design","og_description":"Canap\u00e9 Togo deux places dessin\u00e9 par Michel Ducaroy et produit par Ligne Roset en alcantara de couleur bleue. Signes d\u2019usure sur l'alcantara: des bouloches ainsi que des petits points noirs sont pr\u00e9sents \u00e0 certains endroits (voir photos). L'\u00e9tat r\u00e9el du canap\u00e9 est meilleure que celui repr\u00e9sent\u00e9 dans les photos prises de pr\u00eat. Pas de d\u00e9chirures sur le tissu. La mousse est en bon \u00e9tat. Hauteur de l\u2019assise: 32 cm.  Livraison possible (sous 14 jours) : \u2013 Berne : 30 CHF \u2013 Lausanne : 50 CHF \u2013 Gen\u00e8ve, Z\u00fcrich : 100 CHF \u2013 Autres villes sur demande","og_url":"https:\/\/lalmachine.com\/de\/shop\/sasseoir\/canape-fauteuil-pouf\/canape-togo-2-places-4\/","og_site_name":"lalmachine.com","article_publisher":"https:\/\/facebook.com\/lalmachine","article_modified_time":"2024-12-05T20:53:37+00:00","og_image":[{"width":2918,"height":2919,"url":"https:\/\/lalmachine.com\/wp-content\/uploads\/2022\/02\/IMG_20220224_102646_clipped_rev_1-c88ddcc7.jpeg","type":"image\/jpeg"}],"twitter_card":"summary_large_image","schema":{"@context":"https:\/\/schema.org","@graph":[{"@type":"WebPage","@id":"https:\/\/lalmachine.com\/shop\/sasseoir\/canape-fauteuil-pouf\/canape-togo-2-places-4\/","url":"https:\/\/lalmachine.com\/shop\/sasseoir\/canape-fauteuil-pouf\/canape-togo-2-places-4\/","name":"Canap\u00e9 Togo 2 places | lalmachine.com, mobilier et objets d\u00e9co vintage et design","isPartOf":{"@id":"https:\/\/lalmachine.com\/#website"},"primaryImageOfPage":{"@id":"https:\/\/lalmachine.com\/shop\/sasseoir\/canape-fauteuil-pouf\/canape-togo-2-places-4\/#primaryimage"},"image":{"@id":"https:\/\/lalmachine.com\/shop\/sasseoir\/canape-fauteuil-pouf\/canape-togo-2-places-4\/#primaryimage"},"thumbnailUrl":"https:\/\/lalmachine.com\/wp-content\/uploads\/2022\/02\/IMG_20220224_102646_clipped_rev_1-c88ddcc7.jpeg","datePublished":"2022-02-25T11:12:55+00:00","dateModified":"2024-12-05T20:53:37+00:00","breadcrumb":{"@id":"https:\/\/lalmachine.com\/shop\/sasseoir\/canape-fauteuil-pouf\/canape-togo-2-places-4\/#breadcrumb"},"inLanguage":"de","potentialAction":[{"@type":"ReadAction","target":["https:\/\/lalmachine.com\/shop\/sasseoir\/canape-fauteuil-pouf\/canape-togo-2-places-4\/"]}]},{"@type":"ImageObject","inLanguage":"de","@id":"https:\/\/lalmachine.com\/shop\/sasseoir\/canape-fauteuil-pouf\/canape-togo-2-places-4\/#primaryimage","url":"https:\/\/lalmachine.com\/wp-content\/uploads\/2022\/02\/IMG_20220224_102646_clipped_rev_1-c88ddcc7.jpeg","contentUrl":"https:\/\/lalmachine.com\/wp-content\/uploads\/2022\/02\/IMG_20220224_102646_clipped_rev_1-c88ddcc7.jpeg","width":2918,"height":2919,"caption":"Canap\u00e9 Togo"},{"@type":"BreadcrumbList","@id":"https:\/\/lalmachine.com\/shop\/sasseoir\/canape-fauteuil-pouf\/canape-togo-2-places-4\/#breadcrumb","itemListElement":[{"@type":"ListItem","position":1,"name":"Accueil","item":"https:\/\/lalmachine.com\/"},{"@type":"ListItem","position":2,"name":"Shop","item":"https:\/\/lalmachine.com\/shop\/"},{"@type":"ListItem","position":3,"name":"Canap\u00e9 Togo 2 places"}]},{"@type":"WebSite","@id":"https:\/\/lalmachine.com\/#website","url":"https:\/\/lalmachine.com\/","name":"lalmachine.com","description":"Brocante en ligne Suisse | Mobilier et objets d\u00e9co vintage et design","potentialAction":[{"@type":"SearchAction","target":{"@type":"EntryPoint","urlTemplate":"https:\/\/lalmachine.com\/?s={search_term_string}"},"query-input":{"@type":"PropertyValueSpecification","valueRequired":true,"valueName":"search_term_string"}}],"inLanguage":"de"}]}},"_links":{"self":[{"href":"https:\/\/lalmachine.com\/de\/wp-json\/wp\/v2\/product\/259717","targetHints":{"allow":["GET"]}}],"collection":[{"href":"https:\/\/lalmachine.com\/de\/wp-json\/wp\/v2\/product"}],"about":[{"href":"https:\/\/lalmachine.com\/de\/wp-json\/wp\/v2\/types\/product"}],"wp:featuredmedia":[{"embeddable":true,"href":"https:\/\/lalmachine.com\/de\/wp-json\/wp\/v2\/media\/259697"}],"wp:attachment":[{"href":"https:\/\/lalmachine.com\/de\/wp-json\/wp\/v2\/media?parent=259717"}],"wp:term":[{"taxonomy":"product_brand","embeddable":true,"href":"https:\/\/lalmachine.com\/de\/wp-json\/wp\/v2\/product_brand?post=259717"},{"taxonomy":"product_cat","embeddable":true,"href":"https:\/\/lalmachine.com\/de\/wp-json\/wp\/v2\/product_cat?post=259717"},{"taxonomy":"product_tag","embeddable":true,"href":"https:\/\/lalmachine.com\/de\/wp-json\/wp\/v2\/product_tag?post=259717"},{"taxonomy":"proximite","embeddable":true,"href":"https:\/\/lalmachine.com\/de\/wp-json\/wp\/v2\/proximite?post=259717"}],"curies":[{"name":"wp","href":"https:\/\/api.w.org\/{rel}","templated":true}]}}