{"id":260266,"date":"2022-02-28T11:40:32","date_gmt":"2022-02-28T10:40:32","guid":{"rendered":"https:\/\/lalmachine.com\/?post_type=product&#038;p=260266"},"modified":"2024-12-05T21:53:39","modified_gmt":"2024-12-05T20:53:39","slug":"vaisselier-en-teck-de-hans-wegner","status":"publish","type":"product","link":"https:\/\/lalmachine.com\/de\/shop\/meubler\/meuble-de-rangement\/vaisselier-en-teck-de-hans-wegner\/","title":{"rendered":"Vaisselier en teck de Hans Wegner"},"content":{"rendered":"<ul class=\"wpuf_customs\"><li style=\"list-style-type:none;\"><label>Autres photos:<\/label> <a href=\"https:\/\/lalmachine.com\/wp-content\/uploads\/2022\/02\/A375A949-CFB5-4D16-A08C-988DBDFE32E3-4bb15231.jpeg\"><img loading=\"lazy\" decoding=\"async\" width=\"91\" height=\"96\" src=\"https:\/\/lalmachine.com\/wp-content\/uploads\/2022\/02\/A375A949-CFB5-4D16-A08C-988DBDFE32E3-4bb15231.jpeg\" class=\"attachment-thumbnail size-thumbnail\" alt=\"\" \/><\/a> <a href=\"https:\/\/lalmachine.com\/wp-content\/uploads\/2022\/02\/2C680D6A-E632-417E-B7BF-E7677C4EA7C7-4a4dc86b.jpeg\"><img loading=\"lazy\" decoding=\"async\" width=\"128\" height=\"85\" src=\"https:\/\/lalmachine.com\/wp-content\/uploads\/2022\/02\/2C680D6A-E632-417E-B7BF-E7677C4EA7C7-4a4dc86b.jpeg\" class=\"attachment-thumbnail size-thumbnail\" alt=\"\" \/><\/a> <a href=\"https:\/\/lalmachine.com\/wp-content\/uploads\/2022\/02\/2A18872E-39E4-4981-B745-02222DD067EC-26fbdb8c.jpeg\"><img loading=\"lazy\" decoding=\"async\" width=\"128\" height=\"85\" src=\"https:\/\/lalmachine.com\/wp-content\/uploads\/2022\/02\/2A18872E-39E4-4981-B745-02222DD067EC-26fbdb8c.jpeg\" class=\"attachment-thumbnail size-thumbnail\" alt=\"\" \/><\/a> <\/li>        <li class=\"wpuf-field-data wpuf-field-data-numeric_text_field\">\n                            <label>Prix:<\/label>\n                        3000        <\/li>\n                <li class=\"wpuf-field-data wpuf-field-data-numeric_text_field\">\n                            <label>Hauteur (cm):<\/label>\n                        182        <\/li>\n                <li class=\"wpuf-field-data wpuf-field-data-numeric_text_field\">\n                            <label>Largeur (cm):<\/label>\n                        180        <\/li>\n                <li class=\"wpuf-field-data wpuf-field-data-numeric_text_field\">\n                            <label>Profondeur (cm):<\/label>\n                        52        <\/li>\n        <\/ul>","protected":false},"excerpt":{"rendered":"<p>Beau buffet danois vintage en teck par le designer Hans J\u00f8rgen Wegner 1955 en bon \u00e9tat.<br \/>\nCe buffet est sur 2 niveaux avec 6 larges tiroirs en bas et 2 portes coulissantes en haut. Tr\u00e8s belle finition.<br \/>\nLivraison sur demande<\/p>","protected":false},"featured_media":260327,"template":"","meta":{"_et_pb_use_builder":"","_et_pb_old_content":"","_et_gb_content_width":""},"product_brand":[],"product_cat":[83,47],"product_tag":[],"proximite":[278,179],"class_list":{"0":"post-260266","1":"product","2":"type-product","3":"status-publish","4":"has-post-thumbnail","6":"product_cat-meuble-de-rangement","7":"product_cat-meubler","8":"pa_couleur-marron","9":"pa_designer-wegner-hans","10":"pa_etat-bon-etat","11":"pa_materiau-bois","12":"pa_style-scandinave","13":"proximite-lausanne","14":"proximite-vaud","16":"first","17":"outofstock","18":"shipping-taxable","19":"purchasable","20":"product-type-simple"},"yoast_head":"<!-- This site is optimized with the Yoast SEO plugin v27.4 - https:\/\/yoast.com\/product\/yoast-seo-wordpress\/ -->\n<title>Vaisselier en teck de Hans Wegner | lalmachine.com, mobilier et objets d\u00e9co vintage et design<\/title>\n<meta name=\"description\" content=\"Beau buffet danois vintage en teck par le designer Hans J\u00f8rgen Wegner 1955 en bon \u00e9tat. Ce buffet est sur 2 niveaux avec 6 larges tiroirs en bas et 2 portes coulissantes en haut. Tr\u00e8s belle finition.\" \/>\n<meta name=\"robots\" content=\"index, follow, max-snippet:-1, max-image-preview:large, max-video-preview:-1\" \/>\n<link rel=\"canonical\" href=\"https:\/\/lalmachine.com\/de\/shop\/meubler\/meuble-de-rangement\/vaisselier-en-teck-de-hans-wegner\/\" \/>\n<meta property=\"og:locale\" content=\"de_DE\" \/>\n<meta property=\"og:type\" content=\"article\" \/>\n<meta property=\"og:title\" content=\"Vaisselier en teck de Hans Wegner | lalmachine.com, mobilier et objets d\u00e9co vintage et design\" \/>\n<meta property=\"og:description\" content=\"Beau buffet danois vintage en teck par le designer Hans J\u00f8rgen Wegner 1955 en bon \u00e9tat. Ce buffet est sur 2 niveaux avec 6 larges tiroirs en bas et 2 portes coulissantes en haut. Tr\u00e8s belle finition.\" \/>\n<meta property=\"og:url\" content=\"https:\/\/lalmachine.com\/de\/shop\/meubler\/meuble-de-rangement\/vaisselier-en-teck-de-hans-wegner\/\" \/>\n<meta property=\"og:site_name\" content=\"lalmachine.com\" \/>\n<meta property=\"article:publisher\" content=\"https:\/\/facebook.com\/lalmachine\" \/>\n<meta property=\"article:modified_time\" content=\"2024-12-05T20:53:39+00:00\" \/>\n<meta property=\"og:image\" content=\"https:\/\/lalmachine.com\/wp-content\/uploads\/2022\/02\/5BA66EA1-58AD-4830-AA36-E83E2130170A-989e758a_clipped_rev_1.jpeg\" \/>\n\t<meta property=\"og:image:width\" content=\"2228\" \/>\n\t<meta property=\"og:image:height\" content=\"2227\" \/>\n\t<meta property=\"og:image:type\" content=\"image\/jpeg\" \/>\n<meta name=\"twitter:card\" content=\"summary_large_image\" \/>\n<script type=\"application\/ld+json\" class=\"yoast-schema-graph\">{\"@context\":\"https:\\\/\\\/schema.org\",\"@graph\":[{\"@type\":\"WebPage\",\"@id\":\"https:\\\/\\\/lalmachine.com\\\/shop\\\/meubler\\\/meuble-de-rangement\\\/vaisselier-en-teck-de-hans-wegner\\\/\",\"url\":\"https:\\\/\\\/lalmachine.com\\\/shop\\\/meubler\\\/meuble-de-rangement\\\/vaisselier-en-teck-de-hans-wegner\\\/\",\"name\":\"Vaisselier en teck de Hans Wegner | lalmachine.com, mobilier et objets d\u00e9co vintage et design\",\"isPartOf\":{\"@id\":\"https:\\\/\\\/lalmachine.com\\\/#website\"},\"primaryImageOfPage\":{\"@id\":\"https:\\\/\\\/lalmachine.com\\\/shop\\\/meubler\\\/meuble-de-rangement\\\/vaisselier-en-teck-de-hans-wegner\\\/#primaryimage\"},\"image\":{\"@id\":\"https:\\\/\\\/lalmachine.com\\\/shop\\\/meubler\\\/meuble-de-rangement\\\/vaisselier-en-teck-de-hans-wegner\\\/#primaryimage\"},\"thumbnailUrl\":\"https:\\\/\\\/lalmachine.com\\\/wp-content\\\/uploads\\\/2022\\\/02\\\/5BA66EA1-58AD-4830-AA36-E83E2130170A-989e758a_clipped_rev_1.jpeg\",\"datePublished\":\"2022-02-28T10:40:32+00:00\",\"dateModified\":\"2024-12-05T20:53:39+00:00\",\"description\":\"Beau buffet danois vintage en teck par le designer Hans J\u00f8rgen Wegner 1955 en bon \u00e9tat. Ce buffet est sur 2 niveaux avec 6 larges tiroirs en bas et 2 portes coulissantes en haut. Tr\u00e8s belle finition.\",\"breadcrumb\":{\"@id\":\"https:\\\/\\\/lalmachine.com\\\/shop\\\/meubler\\\/meuble-de-rangement\\\/vaisselier-en-teck-de-hans-wegner\\\/#breadcrumb\"},\"inLanguage\":\"de\",\"potentialAction\":[{\"@type\":\"ReadAction\",\"target\":[\"https:\\\/\\\/lalmachine.com\\\/shop\\\/meubler\\\/meuble-de-rangement\\\/vaisselier-en-teck-de-hans-wegner\\\/\"]}]},{\"@type\":\"ImageObject\",\"inLanguage\":\"de\",\"@id\":\"https:\\\/\\\/lalmachine.com\\\/shop\\\/meubler\\\/meuble-de-rangement\\\/vaisselier-en-teck-de-hans-wegner\\\/#primaryimage\",\"url\":\"https:\\\/\\\/lalmachine.com\\\/wp-content\\\/uploads\\\/2022\\\/02\\\/5BA66EA1-58AD-4830-AA36-E83E2130170A-989e758a_clipped_rev_1.jpeg\",\"contentUrl\":\"https:\\\/\\\/lalmachine.com\\\/wp-content\\\/uploads\\\/2022\\\/02\\\/5BA66EA1-58AD-4830-AA36-E83E2130170A-989e758a_clipped_rev_1.jpeg\",\"width\":2228,\"height\":2227,\"caption\":\"Vaisselier en teck de Hans Wegner\"},{\"@type\":\"BreadcrumbList\",\"@id\":\"https:\\\/\\\/lalmachine.com\\\/shop\\\/meubler\\\/meuble-de-rangement\\\/vaisselier-en-teck-de-hans-wegner\\\/#breadcrumb\",\"itemListElement\":[{\"@type\":\"ListItem\",\"position\":1,\"name\":\"Accueil\",\"item\":\"https:\\\/\\\/lalmachine.com\\\/\"},{\"@type\":\"ListItem\",\"position\":2,\"name\":\"Shop\",\"item\":\"https:\\\/\\\/lalmachine.com\\\/shop\\\/\"},{\"@type\":\"ListItem\",\"position\":3,\"name\":\"Vaisselier en teck de Hans Wegner\"}]},{\"@type\":\"WebSite\",\"@id\":\"https:\\\/\\\/lalmachine.com\\\/#website\",\"url\":\"https:\\\/\\\/lalmachine.com\\\/\",\"name\":\"lalmachine.com\",\"description\":\"Brocante en ligne Suisse | Mobilier et objets d\u00e9co vintage et design\",\"potentialAction\":[{\"@type\":\"SearchAction\",\"target\":{\"@type\":\"EntryPoint\",\"urlTemplate\":\"https:\\\/\\\/lalmachine.com\\\/?s={search_term_string}\"},\"query-input\":{\"@type\":\"PropertyValueSpecification\",\"valueRequired\":true,\"valueName\":\"search_term_string\"}}],\"inLanguage\":\"de\"}]}<\/script>\n<!-- \/ Yoast SEO plugin. -->","yoast_head_json":{"title":"Vaisselier en teck de Hans Wegner | lalmachine.com, mobilier et objets d\u00e9co vintage et design","description":"Beau buffet danois vintage en teck par le designer Hans J\u00f8rgen Wegner 1955 en bon \u00e9tat. Ce buffet est sur 2 niveaux avec 6 larges tiroirs en bas et 2 portes coulissantes en haut. Tr\u00e8s belle finition.","robots":{"index":"index","follow":"follow","max-snippet":"max-snippet:-1","max-image-preview":"max-image-preview:large","max-video-preview":"max-video-preview:-1"},"canonical":"https:\/\/lalmachine.com\/de\/shop\/meubler\/meuble-de-rangement\/vaisselier-en-teck-de-hans-wegner\/","og_locale":"de_DE","og_type":"article","og_title":"Vaisselier en teck de Hans Wegner | lalmachine.com, mobilier et objets d\u00e9co vintage et design","og_description":"Beau buffet danois vintage en teck par le designer Hans J\u00f8rgen Wegner 1955 en bon \u00e9tat. Ce buffet est sur 2 niveaux avec 6 larges tiroirs en bas et 2 portes coulissantes en haut. Tr\u00e8s belle finition.","og_url":"https:\/\/lalmachine.com\/de\/shop\/meubler\/meuble-de-rangement\/vaisselier-en-teck-de-hans-wegner\/","og_site_name":"lalmachine.com","article_publisher":"https:\/\/facebook.com\/lalmachine","article_modified_time":"2024-12-05T20:53:39+00:00","og_image":[{"width":2228,"height":2227,"url":"https:\/\/lalmachine.com\/wp-content\/uploads\/2022\/02\/5BA66EA1-58AD-4830-AA36-E83E2130170A-989e758a_clipped_rev_1.jpeg","type":"image\/jpeg"}],"twitter_card":"summary_large_image","schema":{"@context":"https:\/\/schema.org","@graph":[{"@type":"WebPage","@id":"https:\/\/lalmachine.com\/shop\/meubler\/meuble-de-rangement\/vaisselier-en-teck-de-hans-wegner\/","url":"https:\/\/lalmachine.com\/shop\/meubler\/meuble-de-rangement\/vaisselier-en-teck-de-hans-wegner\/","name":"Vaisselier en teck de Hans Wegner | lalmachine.com, mobilier et objets d\u00e9co vintage et design","isPartOf":{"@id":"https:\/\/lalmachine.com\/#website"},"primaryImageOfPage":{"@id":"https:\/\/lalmachine.com\/shop\/meubler\/meuble-de-rangement\/vaisselier-en-teck-de-hans-wegner\/#primaryimage"},"image":{"@id":"https:\/\/lalmachine.com\/shop\/meubler\/meuble-de-rangement\/vaisselier-en-teck-de-hans-wegner\/#primaryimage"},"thumbnailUrl":"https:\/\/lalmachine.com\/wp-content\/uploads\/2022\/02\/5BA66EA1-58AD-4830-AA36-E83E2130170A-989e758a_clipped_rev_1.jpeg","datePublished":"2022-02-28T10:40:32+00:00","dateModified":"2024-12-05T20:53:39+00:00","description":"Beau buffet danois vintage en teck par le designer Hans J\u00f8rgen Wegner 1955 en bon \u00e9tat. Ce buffet est sur 2 niveaux avec 6 larges tiroirs en bas et 2 portes coulissantes en haut. Tr\u00e8s belle finition.","breadcrumb":{"@id":"https:\/\/lalmachine.com\/shop\/meubler\/meuble-de-rangement\/vaisselier-en-teck-de-hans-wegner\/#breadcrumb"},"inLanguage":"de","potentialAction":[{"@type":"ReadAction","target":["https:\/\/lalmachine.com\/shop\/meubler\/meuble-de-rangement\/vaisselier-en-teck-de-hans-wegner\/"]}]},{"@type":"ImageObject","inLanguage":"de","@id":"https:\/\/lalmachine.com\/shop\/meubler\/meuble-de-rangement\/vaisselier-en-teck-de-hans-wegner\/#primaryimage","url":"https:\/\/lalmachine.com\/wp-content\/uploads\/2022\/02\/5BA66EA1-58AD-4830-AA36-E83E2130170A-989e758a_clipped_rev_1.jpeg","contentUrl":"https:\/\/lalmachine.com\/wp-content\/uploads\/2022\/02\/5BA66EA1-58AD-4830-AA36-E83E2130170A-989e758a_clipped_rev_1.jpeg","width":2228,"height":2227,"caption":"Vaisselier en teck de Hans Wegner"},{"@type":"BreadcrumbList","@id":"https:\/\/lalmachine.com\/shop\/meubler\/meuble-de-rangement\/vaisselier-en-teck-de-hans-wegner\/#breadcrumb","itemListElement":[{"@type":"ListItem","position":1,"name":"Accueil","item":"https:\/\/lalmachine.com\/"},{"@type":"ListItem","position":2,"name":"Shop","item":"https:\/\/lalmachine.com\/shop\/"},{"@type":"ListItem","position":3,"name":"Vaisselier en teck de Hans Wegner"}]},{"@type":"WebSite","@id":"https:\/\/lalmachine.com\/#website","url":"https:\/\/lalmachine.com\/","name":"lalmachine.com","description":"Brocante en ligne Suisse | Mobilier et objets d\u00e9co vintage et design","potentialAction":[{"@type":"SearchAction","target":{"@type":"EntryPoint","urlTemplate":"https:\/\/lalmachine.com\/?s={search_term_string}"},"query-input":{"@type":"PropertyValueSpecification","valueRequired":true,"valueName":"search_term_string"}}],"inLanguage":"de"}]}},"_links":{"self":[{"href":"https:\/\/lalmachine.com\/de\/wp-json\/wp\/v2\/product\/260266","targetHints":{"allow":["GET"]}}],"collection":[{"href":"https:\/\/lalmachine.com\/de\/wp-json\/wp\/v2\/product"}],"about":[{"href":"https:\/\/lalmachine.com\/de\/wp-json\/wp\/v2\/types\/product"}],"wp:featuredmedia":[{"embeddable":true,"href":"https:\/\/lalmachine.com\/de\/wp-json\/wp\/v2\/media\/260327"}],"wp:attachment":[{"href":"https:\/\/lalmachine.com\/de\/wp-json\/wp\/v2\/media?parent=260266"}],"wp:term":[{"taxonomy":"product_brand","embeddable":true,"href":"https:\/\/lalmachine.com\/de\/wp-json\/wp\/v2\/product_brand?post=260266"},{"taxonomy":"product_cat","embeddable":true,"href":"https:\/\/lalmachine.com\/de\/wp-json\/wp\/v2\/product_cat?post=260266"},{"taxonomy":"product_tag","embeddable":true,"href":"https:\/\/lalmachine.com\/de\/wp-json\/wp\/v2\/product_tag?post=260266"},{"taxonomy":"proximite","embeddable":true,"href":"https:\/\/lalmachine.com\/de\/wp-json\/wp\/v2\/proximite?post=260266"}],"curies":[{"name":"wp","href":"https:\/\/api.w.org\/{rel}","templated":true}]}}