{"id":260978,"date":"2022-03-04T18:03:13","date_gmt":"2022-03-04T17:03:13","guid":{"rendered":"https:\/\/lalmachine.com\/?post_type=product&#038;p=260978"},"modified":"2024-12-05T21:53:41","modified_gmt":"2024-12-05T20:53:41","slug":"chaise-de-bureau-giroflex-1960","status":"publish","type":"product","link":"https:\/\/lalmachine.com\/de\/shop\/sasseoir\/chaise\/chaise-de-bureau-giroflex-1960\/","title":{"rendered":"Chaise de bureau Giroflex 1960"},"content":{"rendered":"<ul class=\"wpuf_customs\"><li style=\"list-style-type:none;\"><label>Autres photos:<\/label> <a href=\"https:\/\/lalmachine.com\/wp-content\/uploads\/2022\/03\/IMG_20220302_163253-3880b8ab.jpg\"><img loading=\"lazy\" decoding=\"async\" width=\"72\" height=\"96\" src=\"https:\/\/lalmachine.com\/wp-content\/uploads\/2022\/03\/IMG_20220302_163253-3880b8ab.jpg\" class=\"attachment-thumbnail size-thumbnail\" alt=\"\" \/><\/a> <a href=\"https:\/\/lalmachine.com\/wp-content\/uploads\/2022\/03\/IMG_20220302_163305-c2333682.jpg\"><img loading=\"lazy\" decoding=\"async\" width=\"72\" height=\"96\" src=\"https:\/\/lalmachine.com\/wp-content\/uploads\/2022\/03\/IMG_20220302_163305-c2333682.jpg\" class=\"attachment-thumbnail size-thumbnail\" alt=\"\" \/><\/a> <a href=\"https:\/\/lalmachine.com\/wp-content\/uploads\/2022\/03\/IMG_20220302_163315-d76c6bb6.jpg\"><img loading=\"lazy\" decoding=\"async\" width=\"72\" height=\"96\" src=\"https:\/\/lalmachine.com\/wp-content\/uploads\/2022\/03\/IMG_20220302_163315-d76c6bb6.jpg\" class=\"attachment-thumbnail size-thumbnail\" alt=\"\" \/><\/a> <a href=\"https:\/\/lalmachine.com\/wp-content\/uploads\/2022\/03\/IMG_20220302_163330-ec29bbe0.jpg\"><img loading=\"lazy\" decoding=\"async\" width=\"72\" height=\"96\" src=\"https:\/\/lalmachine.com\/wp-content\/uploads\/2022\/03\/IMG_20220302_163330-ec29bbe0.jpg\" class=\"attachment-thumbnail size-thumbnail\" alt=\"\" \/><\/a> <a href=\"https:\/\/lalmachine.com\/wp-content\/uploads\/2022\/03\/IMG_20220302_163338-f738dd6d.jpg\"><img loading=\"lazy\" decoding=\"async\" width=\"72\" height=\"96\" src=\"https:\/\/lalmachine.com\/wp-content\/uploads\/2022\/03\/IMG_20220302_163338-f738dd6d.jpg\" class=\"attachment-thumbnail size-thumbnail\" alt=\"\" \/><\/a> <a href=\"https:\/\/lalmachine.com\/wp-content\/uploads\/2022\/03\/IMG_20220302_163346-65e6936e.jpg\"><img loading=\"lazy\" decoding=\"async\" width=\"72\" height=\"96\" src=\"https:\/\/lalmachine.com\/wp-content\/uploads\/2022\/03\/IMG_20220302_163346-65e6936e.jpg\" class=\"attachment-thumbnail size-thumbnail\" alt=\"\" \/><\/a> <a href=\"https:\/\/lalmachine.com\/wp-content\/uploads\/2022\/03\/IMG_20220302_163358-1ed46fa9.jpg\"><img loading=\"lazy\" decoding=\"async\" width=\"72\" height=\"96\" src=\"https:\/\/lalmachine.com\/wp-content\/uploads\/2022\/03\/IMG_20220302_163358-1ed46fa9.jpg\" class=\"attachment-thumbnail size-thumbnail\" alt=\"\" \/><\/a> <a href=\"https:\/\/lalmachine.com\/wp-content\/uploads\/2022\/03\/IMG_20220302_163409-123c2f01.jpg\"><img loading=\"lazy\" decoding=\"async\" width=\"72\" height=\"96\" src=\"https:\/\/lalmachine.com\/wp-content\/uploads\/2022\/03\/IMG_20220302_163409-123c2f01.jpg\" class=\"attachment-thumbnail size-thumbnail\" alt=\"\" \/><\/a> <a href=\"https:\/\/lalmachine.com\/wp-content\/uploads\/2022\/03\/IMG_20220302_163413-3ad2460f.jpg\"><img loading=\"lazy\" decoding=\"async\" width=\"72\" height=\"96\" src=\"https:\/\/lalmachine.com\/wp-content\/uploads\/2022\/03\/IMG_20220302_163413-3ad2460f.jpg\" class=\"attachment-thumbnail size-thumbnail\" alt=\"\" \/><\/a> <a href=\"https:\/\/lalmachine.com\/wp-content\/uploads\/2022\/03\/IMG_20220302_163421-d3c3dcb6.jpg\"><img loading=\"lazy\" decoding=\"async\" width=\"72\" height=\"96\" src=\"https:\/\/lalmachine.com\/wp-content\/uploads\/2022\/03\/IMG_20220302_163421-d3c3dcb6.jpg\" class=\"attachment-thumbnail size-thumbnail\" alt=\"\" \/><\/a> <a href=\"https:\/\/lalmachine.com\/wp-content\/uploads\/2022\/03\/IMG_20220302_163427-dd45202f.jpg\"><img loading=\"lazy\" decoding=\"async\" width=\"72\" height=\"96\" src=\"https:\/\/lalmachine.com\/wp-content\/uploads\/2022\/03\/IMG_20220302_163427-dd45202f.jpg\" class=\"attachment-thumbnail size-thumbnail\" alt=\"\" \/><\/a> <a href=\"https:\/\/lalmachine.com\/wp-content\/uploads\/2022\/03\/IMG_20220302_163430-a481b80e.jpg\"><img loading=\"lazy\" decoding=\"async\" width=\"72\" height=\"96\" src=\"https:\/\/lalmachine.com\/wp-content\/uploads\/2022\/03\/IMG_20220302_163430-a481b80e.jpg\" class=\"attachment-thumbnail size-thumbnail\" alt=\"\" \/><\/a> <a href=\"https:\/\/lalmachine.com\/wp-content\/uploads\/2022\/03\/IMG_20220302_163434-354c93d4.jpg\"><img loading=\"lazy\" decoding=\"async\" width=\"72\" height=\"96\" src=\"https:\/\/lalmachine.com\/wp-content\/uploads\/2022\/03\/IMG_20220302_163434-354c93d4.jpg\" class=\"attachment-thumbnail size-thumbnail\" alt=\"\" \/><\/a> <a href=\"https:\/\/lalmachine.com\/wp-content\/uploads\/2022\/03\/IMG_20220302_163440-8a084410.jpg\"><img loading=\"lazy\" decoding=\"async\" width=\"72\" height=\"96\" src=\"https:\/\/lalmachine.com\/wp-content\/uploads\/2022\/03\/IMG_20220302_163440-8a084410.jpg\" class=\"attachment-thumbnail size-thumbnail\" alt=\"\" \/><\/a> <\/li>        <li class=\"wpuf-field-data wpuf-field-data-numeric_text_field\">\n                            <label>Prix:<\/label>\n                        280        <\/li>\n                <li class=\"wpuf-field-data wpuf-field-data-numeric_text_field\">\n                            <label>Hauteur (cm):<\/label>\n                        85        <\/li>\n                <li class=\"wpuf-field-data wpuf-field-data-numeric_text_field\">\n                            <label>Largeur (cm):<\/label>\n                        50        <\/li>\n                <li class=\"wpuf-field-data wpuf-field-data-numeric_text_field\">\n                            <label>Profondeur (cm):<\/label>\n                        54        <\/li>\n        <\/ul>","protected":false},"excerpt":{"rendered":"<p>Jolie et rare chaise de bureau \u00e0 roulettes de 1960 en bois et m\u00e9tal de la marque Suisse Giroflex. Elle est en bon \u00e9tat par rapport \u00e0 son \u00e2ge ; pr\u00e9sente n\u00e9anmoins des traces principalement sur les roulettes (voir photos). La hauteur de l&rsquo;assise ainsi que celle du dossier sont r\u00e9glables.<\/p>\n<p>Parfait pour une d\u00e9co vintage industrielle.<\/p>\n<p>Hauteur de l&rsquo;assise r\u00e9glable : 46 \u00e0 57 cm<\/p>","protected":false},"featured_media":260962,"template":"","meta":{"_et_pb_use_builder":"","_et_pb_old_content":"","_et_gb_content_width":""},"product_brand":[],"product_cat":[100,48],"product_tag":[],"proximite":[177,235],"class_list":{"0":"post-260978","1":"product","2":"type-product","3":"status-publish","4":"has-post-thumbnail","6":"product_cat-chaise","7":"product_cat-sasseoir","8":"product_shipping_class-encombrant-30-kg","9":"pa_couleur-bois","10":"pa_etat-bon-etat","11":"pa_materiau-bois","12":"pa_style-industriel","13":"proximite-fribourg","14":"proximite-sarine","16":"first","17":"outofstock","18":"shipping-taxable","19":"purchasable","20":"product-type-simple"},"yoast_head":"<!-- This site is optimized with the Yoast SEO plugin v27.4 - https:\/\/yoast.com\/product\/yoast-seo-wordpress\/ -->\n<title>Chaise de bureau Giroflex 1960 | lalmachine.com, mobilier et objets d\u00e9co vintage et design<\/title>\n<meta name=\"description\" content=\"Jolie et rare chaise de bureau \u00e0 roulettes de 1960 en bois et m\u00e9tal de la marque Suisse Giroflex.\" \/>\n<meta name=\"robots\" content=\"index, follow, max-snippet:-1, max-image-preview:large, max-video-preview:-1\" \/>\n<link rel=\"canonical\" href=\"https:\/\/lalmachine.com\/de\/shop\/sasseoir\/chaise\/chaise-de-bureau-giroflex-1960\/\" \/>\n<meta property=\"og:locale\" content=\"de_DE\" \/>\n<meta property=\"og:type\" content=\"article\" \/>\n<meta property=\"og:title\" content=\"Chaise de bureau Giroflex 1960 | lalmachine.com, mobilier et objets d\u00e9co vintage et design\" \/>\n<meta property=\"og:description\" content=\"Jolie et rare chaise de bureau \u00e0 roulettes de 1960 en bois et m\u00e9tal de la marque Suisse Giroflex.\" \/>\n<meta property=\"og:url\" content=\"https:\/\/lalmachine.com\/de\/shop\/sasseoir\/chaise\/chaise-de-bureau-giroflex-1960\/\" \/>\n<meta property=\"og:site_name\" content=\"lalmachine.com\" \/>\n<meta property=\"article:publisher\" content=\"https:\/\/facebook.com\/lalmachine\" \/>\n<meta property=\"article:modified_time\" content=\"2024-12-05T20:53:41+00:00\" \/>\n<meta property=\"og:image\" content=\"https:\/\/lalmachine.com\/wp-content\/uploads\/2022\/03\/IMG_20220302_163305_clipped_rev_1-b33d66ee.jpeg\" \/>\n\t<meta property=\"og:image:width\" content=\"2730\" \/>\n\t<meta property=\"og:image:height\" content=\"2730\" \/>\n\t<meta property=\"og:image:type\" content=\"image\/jpeg\" \/>\n<meta name=\"twitter:card\" content=\"summary_large_image\" \/>\n<script type=\"application\/ld+json\" class=\"yoast-schema-graph\">{\"@context\":\"https:\\\/\\\/schema.org\",\"@graph\":[{\"@type\":\"WebPage\",\"@id\":\"https:\\\/\\\/lalmachine.com\\\/shop\\\/sasseoir\\\/chaise\\\/chaise-de-bureau-giroflex-1960\\\/\",\"url\":\"https:\\\/\\\/lalmachine.com\\\/shop\\\/sasseoir\\\/chaise\\\/chaise-de-bureau-giroflex-1960\\\/\",\"name\":\"Chaise de bureau Giroflex 1960 | lalmachine.com, mobilier et objets d\u00e9co vintage et design\",\"isPartOf\":{\"@id\":\"https:\\\/\\\/lalmachine.com\\\/#website\"},\"primaryImageOfPage\":{\"@id\":\"https:\\\/\\\/lalmachine.com\\\/shop\\\/sasseoir\\\/chaise\\\/chaise-de-bureau-giroflex-1960\\\/#primaryimage\"},\"image\":{\"@id\":\"https:\\\/\\\/lalmachine.com\\\/shop\\\/sasseoir\\\/chaise\\\/chaise-de-bureau-giroflex-1960\\\/#primaryimage\"},\"thumbnailUrl\":\"https:\\\/\\\/lalmachine.com\\\/wp-content\\\/uploads\\\/2022\\\/03\\\/IMG_20220302_163305_clipped_rev_1-b33d66ee.jpeg\",\"datePublished\":\"2022-03-04T17:03:13+00:00\",\"dateModified\":\"2024-12-05T20:53:41+00:00\",\"description\":\"Jolie et rare chaise de bureau \u00e0 roulettes de 1960 en bois et m\u00e9tal de la marque Suisse Giroflex.\",\"breadcrumb\":{\"@id\":\"https:\\\/\\\/lalmachine.com\\\/shop\\\/sasseoir\\\/chaise\\\/chaise-de-bureau-giroflex-1960\\\/#breadcrumb\"},\"inLanguage\":\"de\",\"potentialAction\":[{\"@type\":\"ReadAction\",\"target\":[\"https:\\\/\\\/lalmachine.com\\\/shop\\\/sasseoir\\\/chaise\\\/chaise-de-bureau-giroflex-1960\\\/\"]}]},{\"@type\":\"ImageObject\",\"inLanguage\":\"de\",\"@id\":\"https:\\\/\\\/lalmachine.com\\\/shop\\\/sasseoir\\\/chaise\\\/chaise-de-bureau-giroflex-1960\\\/#primaryimage\",\"url\":\"https:\\\/\\\/lalmachine.com\\\/wp-content\\\/uploads\\\/2022\\\/03\\\/IMG_20220302_163305_clipped_rev_1-b33d66ee.jpeg\",\"contentUrl\":\"https:\\\/\\\/lalmachine.com\\\/wp-content\\\/uploads\\\/2022\\\/03\\\/IMG_20220302_163305_clipped_rev_1-b33d66ee.jpeg\",\"width\":2730,\"height\":2730,\"caption\":\"Chaise de bureau Giroflex 1960\"},{\"@type\":\"BreadcrumbList\",\"@id\":\"https:\\\/\\\/lalmachine.com\\\/shop\\\/sasseoir\\\/chaise\\\/chaise-de-bureau-giroflex-1960\\\/#breadcrumb\",\"itemListElement\":[{\"@type\":\"ListItem\",\"position\":1,\"name\":\"Accueil\",\"item\":\"https:\\\/\\\/lalmachine.com\\\/\"},{\"@type\":\"ListItem\",\"position\":2,\"name\":\"Shop\",\"item\":\"https:\\\/\\\/lalmachine.com\\\/shop\\\/\"},{\"@type\":\"ListItem\",\"position\":3,\"name\":\"Chaise de bureau Giroflex 1960\"}]},{\"@type\":\"WebSite\",\"@id\":\"https:\\\/\\\/lalmachine.com\\\/#website\",\"url\":\"https:\\\/\\\/lalmachine.com\\\/\",\"name\":\"lalmachine.com\",\"description\":\"Brocante en ligne Suisse | Mobilier et objets d\u00e9co vintage et design\",\"potentialAction\":[{\"@type\":\"SearchAction\",\"target\":{\"@type\":\"EntryPoint\",\"urlTemplate\":\"https:\\\/\\\/lalmachine.com\\\/?s={search_term_string}\"},\"query-input\":{\"@type\":\"PropertyValueSpecification\",\"valueRequired\":true,\"valueName\":\"search_term_string\"}}],\"inLanguage\":\"de\"}]}<\/script>\n<!-- \/ Yoast SEO plugin. -->","yoast_head_json":{"title":"Chaise de bureau Giroflex 1960 | lalmachine.com, mobilier et objets d\u00e9co vintage et design","description":"Jolie et rare chaise de bureau \u00e0 roulettes de 1960 en bois et m\u00e9tal de la marque Suisse Giroflex.","robots":{"index":"index","follow":"follow","max-snippet":"max-snippet:-1","max-image-preview":"max-image-preview:large","max-video-preview":"max-video-preview:-1"},"canonical":"https:\/\/lalmachine.com\/de\/shop\/sasseoir\/chaise\/chaise-de-bureau-giroflex-1960\/","og_locale":"de_DE","og_type":"article","og_title":"Chaise de bureau Giroflex 1960 | lalmachine.com, mobilier et objets d\u00e9co vintage et design","og_description":"Jolie et rare chaise de bureau \u00e0 roulettes de 1960 en bois et m\u00e9tal de la marque Suisse Giroflex.","og_url":"https:\/\/lalmachine.com\/de\/shop\/sasseoir\/chaise\/chaise-de-bureau-giroflex-1960\/","og_site_name":"lalmachine.com","article_publisher":"https:\/\/facebook.com\/lalmachine","article_modified_time":"2024-12-05T20:53:41+00:00","og_image":[{"width":2730,"height":2730,"url":"https:\/\/lalmachine.com\/wp-content\/uploads\/2022\/03\/IMG_20220302_163305_clipped_rev_1-b33d66ee.jpeg","type":"image\/jpeg"}],"twitter_card":"summary_large_image","schema":{"@context":"https:\/\/schema.org","@graph":[{"@type":"WebPage","@id":"https:\/\/lalmachine.com\/shop\/sasseoir\/chaise\/chaise-de-bureau-giroflex-1960\/","url":"https:\/\/lalmachine.com\/shop\/sasseoir\/chaise\/chaise-de-bureau-giroflex-1960\/","name":"Chaise de bureau Giroflex 1960 | lalmachine.com, mobilier et objets d\u00e9co vintage et design","isPartOf":{"@id":"https:\/\/lalmachine.com\/#website"},"primaryImageOfPage":{"@id":"https:\/\/lalmachine.com\/shop\/sasseoir\/chaise\/chaise-de-bureau-giroflex-1960\/#primaryimage"},"image":{"@id":"https:\/\/lalmachine.com\/shop\/sasseoir\/chaise\/chaise-de-bureau-giroflex-1960\/#primaryimage"},"thumbnailUrl":"https:\/\/lalmachine.com\/wp-content\/uploads\/2022\/03\/IMG_20220302_163305_clipped_rev_1-b33d66ee.jpeg","datePublished":"2022-03-04T17:03:13+00:00","dateModified":"2024-12-05T20:53:41+00:00","description":"Jolie et rare chaise de bureau \u00e0 roulettes de 1960 en bois et m\u00e9tal de la marque Suisse Giroflex.","breadcrumb":{"@id":"https:\/\/lalmachine.com\/shop\/sasseoir\/chaise\/chaise-de-bureau-giroflex-1960\/#breadcrumb"},"inLanguage":"de","potentialAction":[{"@type":"ReadAction","target":["https:\/\/lalmachine.com\/shop\/sasseoir\/chaise\/chaise-de-bureau-giroflex-1960\/"]}]},{"@type":"ImageObject","inLanguage":"de","@id":"https:\/\/lalmachine.com\/shop\/sasseoir\/chaise\/chaise-de-bureau-giroflex-1960\/#primaryimage","url":"https:\/\/lalmachine.com\/wp-content\/uploads\/2022\/03\/IMG_20220302_163305_clipped_rev_1-b33d66ee.jpeg","contentUrl":"https:\/\/lalmachine.com\/wp-content\/uploads\/2022\/03\/IMG_20220302_163305_clipped_rev_1-b33d66ee.jpeg","width":2730,"height":2730,"caption":"Chaise de bureau Giroflex 1960"},{"@type":"BreadcrumbList","@id":"https:\/\/lalmachine.com\/shop\/sasseoir\/chaise\/chaise-de-bureau-giroflex-1960\/#breadcrumb","itemListElement":[{"@type":"ListItem","position":1,"name":"Accueil","item":"https:\/\/lalmachine.com\/"},{"@type":"ListItem","position":2,"name":"Shop","item":"https:\/\/lalmachine.com\/shop\/"},{"@type":"ListItem","position":3,"name":"Chaise de bureau Giroflex 1960"}]},{"@type":"WebSite","@id":"https:\/\/lalmachine.com\/#website","url":"https:\/\/lalmachine.com\/","name":"lalmachine.com","description":"Brocante en ligne Suisse | Mobilier et objets d\u00e9co vintage et design","potentialAction":[{"@type":"SearchAction","target":{"@type":"EntryPoint","urlTemplate":"https:\/\/lalmachine.com\/?s={search_term_string}"},"query-input":{"@type":"PropertyValueSpecification","valueRequired":true,"valueName":"search_term_string"}}],"inLanguage":"de"}]}},"_links":{"self":[{"href":"https:\/\/lalmachine.com\/de\/wp-json\/wp\/v2\/product\/260978","targetHints":{"allow":["GET"]}}],"collection":[{"href":"https:\/\/lalmachine.com\/de\/wp-json\/wp\/v2\/product"}],"about":[{"href":"https:\/\/lalmachine.com\/de\/wp-json\/wp\/v2\/types\/product"}],"wp:featuredmedia":[{"embeddable":true,"href":"https:\/\/lalmachine.com\/de\/wp-json\/wp\/v2\/media\/260962"}],"wp:attachment":[{"href":"https:\/\/lalmachine.com\/de\/wp-json\/wp\/v2\/media?parent=260978"}],"wp:term":[{"taxonomy":"product_brand","embeddable":true,"href":"https:\/\/lalmachine.com\/de\/wp-json\/wp\/v2\/product_brand?post=260978"},{"taxonomy":"product_cat","embeddable":true,"href":"https:\/\/lalmachine.com\/de\/wp-json\/wp\/v2\/product_cat?post=260978"},{"taxonomy":"product_tag","embeddable":true,"href":"https:\/\/lalmachine.com\/de\/wp-json\/wp\/v2\/product_tag?post=260978"},{"taxonomy":"proximite","embeddable":true,"href":"https:\/\/lalmachine.com\/de\/wp-json\/wp\/v2\/proximite?post=260978"}],"curies":[{"name":"wp","href":"https:\/\/api.w.org\/{rel}","templated":true}]}}