{"id":261002,"date":"2022-03-04T19:20:38","date_gmt":"2022-03-04T18:20:38","guid":{"rendered":"https:\/\/lalmachine.com\/?post_type=product&#038;p=261002"},"modified":"2024-12-05T21:53:41","modified_gmt":"2024-12-05T20:53:41","slug":"chaise-eames-dcmu","status":"publish","type":"product","link":"https:\/\/lalmachine.com\/de\/shop\/sasseoir\/chaise\/chaise-eames-dcmu\/","title":{"rendered":"Chaise Eames DCMU"},"content":{"rendered":"<ul class=\"wpuf_customs\"><li style=\"list-style-type:none;\"><label>Autres photos:<\/label> <a href=\"https:\/\/lalmachine.com\/wp-content\/uploads\/2022\/03\/IMG_20220222_142316-813b4965.jpg\"><img loading=\"lazy\" decoding=\"async\" width=\"72\" height=\"96\" src=\"https:\/\/lalmachine.com\/wp-content\/uploads\/2022\/03\/IMG_20220222_142316-813b4965.jpg\" class=\"attachment-thumbnail size-thumbnail\" alt=\"\" \/><\/a> <a href=\"https:\/\/lalmachine.com\/wp-content\/uploads\/2022\/03\/IMG_20220222_142339-0c0abb59.jpg\"><img loading=\"lazy\" decoding=\"async\" width=\"72\" height=\"96\" src=\"https:\/\/lalmachine.com\/wp-content\/uploads\/2022\/03\/IMG_20220222_142339-0c0abb59.jpg\" class=\"attachment-thumbnail size-thumbnail\" alt=\"\" \/><\/a> <a href=\"https:\/\/lalmachine.com\/wp-content\/uploads\/2022\/03\/IMG_20220222_142346-3c6ba3c3.jpg\"><img loading=\"lazy\" decoding=\"async\" width=\"72\" height=\"96\" src=\"https:\/\/lalmachine.com\/wp-content\/uploads\/2022\/03\/IMG_20220222_142346-3c6ba3c3.jpg\" class=\"attachment-thumbnail size-thumbnail\" alt=\"\" \/><\/a> <a href=\"https:\/\/lalmachine.com\/wp-content\/uploads\/2022\/03\/IMG_20220222_142357-36869c44.jpg\"><img loading=\"lazy\" decoding=\"async\" width=\"72\" height=\"96\" src=\"https:\/\/lalmachine.com\/wp-content\/uploads\/2022\/03\/IMG_20220222_142357-36869c44.jpg\" class=\"attachment-thumbnail size-thumbnail\" alt=\"\" \/><\/a> <a href=\"https:\/\/lalmachine.com\/wp-content\/uploads\/2022\/03\/IMG_20220222_142408-449af9be.jpg\"><img loading=\"lazy\" decoding=\"async\" width=\"72\" height=\"96\" src=\"https:\/\/lalmachine.com\/wp-content\/uploads\/2022\/03\/IMG_20220222_142408-449af9be.jpg\" class=\"attachment-thumbnail size-thumbnail\" alt=\"\" \/><\/a> <a href=\"https:\/\/lalmachine.com\/wp-content\/uploads\/2022\/03\/IMG_20220222_142428-5972e26b.jpg\"><img loading=\"lazy\" decoding=\"async\" width=\"72\" height=\"96\" src=\"https:\/\/lalmachine.com\/wp-content\/uploads\/2022\/03\/IMG_20220222_142428-5972e26b.jpg\" class=\"attachment-thumbnail size-thumbnail\" alt=\"\" \/><\/a> <a href=\"https:\/\/lalmachine.com\/wp-content\/uploads\/2022\/03\/IMG_20220222_142436-8af18b62.jpg\"><img loading=\"lazy\" decoding=\"async\" width=\"72\" height=\"96\" src=\"https:\/\/lalmachine.com\/wp-content\/uploads\/2022\/03\/IMG_20220222_142436-8af18b62.jpg\" class=\"attachment-thumbnail size-thumbnail\" alt=\"\" \/><\/a> <a href=\"https:\/\/lalmachine.com\/wp-content\/uploads\/2022\/03\/IMG_20220222_142443-fd694fb5.jpg\"><img loading=\"lazy\" decoding=\"async\" width=\"72\" height=\"96\" src=\"https:\/\/lalmachine.com\/wp-content\/uploads\/2022\/03\/IMG_20220222_142443-fd694fb5.jpg\" class=\"attachment-thumbnail size-thumbnail\" alt=\"\" \/><\/a> <a href=\"https:\/\/lalmachine.com\/wp-content\/uploads\/2022\/03\/IMG_20220222_142446-29b0dc29.jpg\"><img loading=\"lazy\" decoding=\"async\" width=\"72\" height=\"96\" src=\"https:\/\/lalmachine.com\/wp-content\/uploads\/2022\/03\/IMG_20220222_142446-29b0dc29.jpg\" class=\"attachment-thumbnail size-thumbnail\" alt=\"\" \/><\/a> <a href=\"https:\/\/lalmachine.com\/wp-content\/uploads\/2022\/03\/IMG_20220222_142456-0f401450.jpg\"><img loading=\"lazy\" decoding=\"async\" width=\"72\" height=\"96\" src=\"https:\/\/lalmachine.com\/wp-content\/uploads\/2022\/03\/IMG_20220222_142456-0f401450.jpg\" class=\"attachment-thumbnail size-thumbnail\" alt=\"\" \/><\/a> <a href=\"https:\/\/lalmachine.com\/wp-content\/uploads\/2022\/03\/IMG_20220222_142531-8c720b3c.jpg\"><img loading=\"lazy\" decoding=\"async\" width=\"72\" height=\"96\" src=\"https:\/\/lalmachine.com\/wp-content\/uploads\/2022\/03\/IMG_20220222_142531-8c720b3c.jpg\" class=\"attachment-thumbnail size-thumbnail\" alt=\"\" \/><\/a> <a href=\"https:\/\/lalmachine.com\/wp-content\/uploads\/2022\/03\/IMG_20220222_142535-455f6b69.jpg\"><img loading=\"lazy\" decoding=\"async\" width=\"72\" height=\"96\" src=\"https:\/\/lalmachine.com\/wp-content\/uploads\/2022\/03\/IMG_20220222_142535-455f6b69.jpg\" class=\"attachment-thumbnail size-thumbnail\" alt=\"\" \/><\/a> <a href=\"https:\/\/lalmachine.com\/wp-content\/uploads\/2022\/03\/IMG_20220222_142540-53b6f9e7.jpg\"><img loading=\"lazy\" decoding=\"async\" width=\"72\" height=\"96\" src=\"https:\/\/lalmachine.com\/wp-content\/uploads\/2022\/03\/IMG_20220222_142540-53b6f9e7.jpg\" class=\"attachment-thumbnail size-thumbnail\" alt=\"\" \/><\/a> <a href=\"https:\/\/lalmachine.com\/wp-content\/uploads\/2022\/03\/IMG_20220222_142547-8cb4033c.jpg\"><img loading=\"lazy\" decoding=\"async\" width=\"72\" height=\"96\" src=\"https:\/\/lalmachine.com\/wp-content\/uploads\/2022\/03\/IMG_20220222_142547-8cb4033c.jpg\" class=\"attachment-thumbnail size-thumbnail\" alt=\"\" \/><\/a> <a href=\"https:\/\/lalmachine.com\/wp-content\/uploads\/2022\/03\/IMG_20220222_142609-75c1d710.jpg\"><img loading=\"lazy\" decoding=\"async\" width=\"72\" height=\"96\" src=\"https:\/\/lalmachine.com\/wp-content\/uploads\/2022\/03\/IMG_20220222_142609-75c1d710.jpg\" class=\"attachment-thumbnail size-thumbnail\" alt=\"\" \/><\/a> <\/li>        <li class=\"wpuf-field-data wpuf-field-data-numeric_text_field\">\n                            <label>Prix:<\/label>\n                        425        <\/li>\n                <li class=\"wpuf-field-data wpuf-field-data-numeric_text_field\">\n                            <label>Hauteur (cm):<\/label>\n                        78        <\/li>\n                <li class=\"wpuf-field-data wpuf-field-data-numeric_text_field\">\n                            <label>Largeur (cm):<\/label>\n                        50        <\/li>\n                <li class=\"wpuf-field-data wpuf-field-data-numeric_text_field\">\n                            <label>Profondeur (cm):<\/label>\n                        44        <\/li>\n        <\/ul>","protected":false},"excerpt":{"rendered":"<p>Rare chaise Eames DCMU &#8211; Dining Height (D) Chair (C) on Metal (M) Rod Base &amp; Upholstered (U) de Charles et Ray Eames produite par Herman Miller.<br \/>\nLe pied est en m\u00e9tal. Le plastique de l\u2019assise et du dossier est fait de polyester et de fibre de verre. Les 2 parties plastiques sont rembourr\u00e9es et recouvertes d\u2019un tissu orange.<br \/>\nDes traces du temps sont visibles notamment sur le tissu (voir photos).<br \/>\nHauteur de l&rsquo;assise : 46 cm<\/p>\n<p>Elle provient d&rsquo;un lot de Belleville University \u00e0 St Louis dans l&rsquo;Illinois (USA) et a \u00e9t\u00e9 fabriqu\u00e9e en 1971.<br \/>\nD&rsquo;autres chaises sont disponibles sur demande.<\/p>\n<p><em>Pour compl\u00e9ter cette description, nous avons extrait et traduit certaines informations sur la chaise DCMU du site Eames.com :<br \/>\n<\/em>\u00ab Les ann\u00e9es 1970 ont apport\u00e9 un r\u00e9el changement dans les styles et les go\u00fbts et Herman Miller a profit\u00e9 de ces changements pour orienter ses efforts vers le march\u00e9 commercial. La DCMU faisait partie d&rsquo;un groupe de chaises rembourr\u00e9es du d\u00e9but des ann\u00e9es 70 destin\u00e9es au lieu de travail.<\/p>\n<p>La chaise en plastique en deux parties d&rsquo;Eames \u00e9tait litt\u00e9ralement une mise \u00e0 jour de la DCM originale en contreplaqu\u00e9 et utilisait m\u00eame exactement la m\u00eame base de tige. Les panneaux de contreplaqu\u00e9 en deux parties ont \u00e9t\u00e9 remplac\u00e9s par des versions en plastique dot\u00e9es de nouvelles propri\u00e9t\u00e9s, puis enti\u00e8rement rembourr\u00e9es et bord\u00e9es de vinyle. Les nouveaux plastiques utilis\u00e9s \u00e9taient compos\u00e9s \u00e0 75 % de polyester, ce qui leur donnait une finition plus douce et brillante, et \u00e0 25 % de fibre de verre, ce qui les rendait plus durables.<\/p>\n<p>La chaise Eames DCMU a \u00e9galement perdu les supports antichocs de la version originale en contreplaqu\u00e9. Les panneaux en plastique nouvellement d\u00e9velopp\u00e9s \u00e9taient suffisamment solides pour que des vis moul\u00e9es y soient ins\u00e9r\u00e9es plut\u00f4t que d&rsquo;avoir besoin de supports coll\u00e9s suppl\u00e9mentaires.<\/p>\n<p>La chaise \u00e9tait polyvalente, en grande partie gr\u00e2ce \u00e0 sa hauteur standard de salle \u00e0 manger\/bureau, et ses utilisations \u00e9taient donc tr\u00e8s r\u00e9pandues, des chaises de salle \u00e0 manger aux installations commerciales. \u00bb<\/p>","protected":false},"featured_media":260985,"template":"","meta":{"_et_pb_use_builder":"","_et_pb_old_content":"","_et_gb_content_width":""},"product_brand":[],"product_cat":[100,48],"product_tag":[],"proximite":[278,179],"class_list":{"0":"post-261002","1":"product","2":"type-product","3":"status-publish","4":"has-post-thumbnail","6":"product_cat-chaise","7":"product_cat-sasseoir","8":"pa_couleur-orange","9":"pa_etat-dans-son-jus","10":"pa_materiau-plastique","11":"pa_style-design","12":"proximite-lausanne","13":"proximite-vaud","15":"first","16":"outofstock","17":"sale","18":"shipping-taxable","19":"purchasable","20":"product-type-simple"},"yoast_head":"<!-- This site is optimized with the Yoast SEO plugin v27.4 - https:\/\/yoast.com\/product\/yoast-seo-wordpress\/ -->\n<title>Chaise Eames DCMU | lalmachine.com, mobilier et objets d\u00e9co vintage et design<\/title>\n<meta name=\"description\" content=\"Rare chaise Eames DCMU - Dining Height (D) Chair (C) on Metal (M) Rod Base &amp; Upholstered (U) de Charles et Ray Eames produite par Herman Miller.\" \/>\n<meta name=\"robots\" content=\"index, follow, max-snippet:-1, max-image-preview:large, max-video-preview:-1\" \/>\n<link rel=\"canonical\" href=\"https:\/\/lalmachine.com\/de\/shop\/sasseoir\/chaise\/chaise-eames-dcmu\/\" \/>\n<meta property=\"og:locale\" content=\"de_DE\" \/>\n<meta property=\"og:type\" content=\"article\" \/>\n<meta property=\"og:title\" content=\"Chaise Eames DCMU | lalmachine.com, mobilier et objets d\u00e9co vintage et design\" \/>\n<meta property=\"og:description\" content=\"Rare chaise Eames DCMU - Dining Height (D) Chair (C) on Metal (M) Rod Base &amp; Upholstered (U) de Charles et Ray Eames produite par Herman Miller.\" \/>\n<meta property=\"og:url\" content=\"https:\/\/lalmachine.com\/de\/shop\/sasseoir\/chaise\/chaise-eames-dcmu\/\" \/>\n<meta property=\"og:site_name\" content=\"lalmachine.com\" \/>\n<meta property=\"article:publisher\" content=\"https:\/\/facebook.com\/lalmachine\" \/>\n<meta property=\"article:modified_time\" content=\"2024-12-05T20:53:41+00:00\" \/>\n<meta property=\"og:image\" content=\"https:\/\/lalmachine.com\/wp-content\/uploads\/2022\/03\/IMG_20220222_142316_clipped_rev_1-fdfa4e1b.jpeg\" \/>\n\t<meta property=\"og:image:width\" content=\"3272\" \/>\n\t<meta property=\"og:image:height\" content=\"3272\" \/>\n\t<meta property=\"og:image:type\" content=\"image\/jpeg\" \/>\n<meta name=\"twitter:card\" content=\"summary_large_image\" \/>\n<script type=\"application\/ld+json\" class=\"yoast-schema-graph\">{\"@context\":\"https:\\\/\\\/schema.org\",\"@graph\":[{\"@type\":\"WebPage\",\"@id\":\"https:\\\/\\\/lalmachine.com\\\/shop\\\/sasseoir\\\/chaise\\\/chaise-eames-dcmu\\\/\",\"url\":\"https:\\\/\\\/lalmachine.com\\\/shop\\\/sasseoir\\\/chaise\\\/chaise-eames-dcmu\\\/\",\"name\":\"Chaise Eames DCMU | lalmachine.com, mobilier et objets d\u00e9co vintage et design\",\"isPartOf\":{\"@id\":\"https:\\\/\\\/lalmachine.com\\\/#website\"},\"primaryImageOfPage\":{\"@id\":\"https:\\\/\\\/lalmachine.com\\\/shop\\\/sasseoir\\\/chaise\\\/chaise-eames-dcmu\\\/#primaryimage\"},\"image\":{\"@id\":\"https:\\\/\\\/lalmachine.com\\\/shop\\\/sasseoir\\\/chaise\\\/chaise-eames-dcmu\\\/#primaryimage\"},\"thumbnailUrl\":\"https:\\\/\\\/lalmachine.com\\\/wp-content\\\/uploads\\\/2022\\\/03\\\/IMG_20220222_142316_clipped_rev_1-fdfa4e1b.jpeg\",\"datePublished\":\"2022-03-04T18:20:38+00:00\",\"dateModified\":\"2024-12-05T20:53:41+00:00\",\"description\":\"Rare chaise Eames DCMU - Dining Height (D) Chair (C) on Metal (M) Rod Base & Upholstered (U) de Charles et Ray Eames produite par Herman Miller.\",\"breadcrumb\":{\"@id\":\"https:\\\/\\\/lalmachine.com\\\/shop\\\/sasseoir\\\/chaise\\\/chaise-eames-dcmu\\\/#breadcrumb\"},\"inLanguage\":\"de\",\"potentialAction\":[{\"@type\":\"ReadAction\",\"target\":[\"https:\\\/\\\/lalmachine.com\\\/shop\\\/sasseoir\\\/chaise\\\/chaise-eames-dcmu\\\/\"]}]},{\"@type\":\"ImageObject\",\"inLanguage\":\"de\",\"@id\":\"https:\\\/\\\/lalmachine.com\\\/shop\\\/sasseoir\\\/chaise\\\/chaise-eames-dcmu\\\/#primaryimage\",\"url\":\"https:\\\/\\\/lalmachine.com\\\/wp-content\\\/uploads\\\/2022\\\/03\\\/IMG_20220222_142316_clipped_rev_1-fdfa4e1b.jpeg\",\"contentUrl\":\"https:\\\/\\\/lalmachine.com\\\/wp-content\\\/uploads\\\/2022\\\/03\\\/IMG_20220222_142316_clipped_rev_1-fdfa4e1b.jpeg\",\"width\":3272,\"height\":3272,\"caption\":\"Chaise Eames DCMU\"},{\"@type\":\"BreadcrumbList\",\"@id\":\"https:\\\/\\\/lalmachine.com\\\/shop\\\/sasseoir\\\/chaise\\\/chaise-eames-dcmu\\\/#breadcrumb\",\"itemListElement\":[{\"@type\":\"ListItem\",\"position\":1,\"name\":\"Accueil\",\"item\":\"https:\\\/\\\/lalmachine.com\\\/\"},{\"@type\":\"ListItem\",\"position\":2,\"name\":\"Shop\",\"item\":\"https:\\\/\\\/lalmachine.com\\\/shop\\\/\"},{\"@type\":\"ListItem\",\"position\":3,\"name\":\"Chaise Eames DCMU\"}]},{\"@type\":\"WebSite\",\"@id\":\"https:\\\/\\\/lalmachine.com\\\/#website\",\"url\":\"https:\\\/\\\/lalmachine.com\\\/\",\"name\":\"lalmachine.com\",\"description\":\"Brocante en ligne Suisse | Mobilier et objets d\u00e9co vintage et design\",\"potentialAction\":[{\"@type\":\"SearchAction\",\"target\":{\"@type\":\"EntryPoint\",\"urlTemplate\":\"https:\\\/\\\/lalmachine.com\\\/?s={search_term_string}\"},\"query-input\":{\"@type\":\"PropertyValueSpecification\",\"valueRequired\":true,\"valueName\":\"search_term_string\"}}],\"inLanguage\":\"de\"}]}<\/script>\n<!-- \/ Yoast SEO plugin. -->","yoast_head_json":{"title":"Chaise Eames DCMU | lalmachine.com, mobilier et objets d\u00e9co vintage et design","description":"Rare chaise Eames DCMU - Dining Height (D) Chair (C) on Metal (M) Rod Base & Upholstered (U) de Charles et Ray Eames produite par Herman Miller.","robots":{"index":"index","follow":"follow","max-snippet":"max-snippet:-1","max-image-preview":"max-image-preview:large","max-video-preview":"max-video-preview:-1"},"canonical":"https:\/\/lalmachine.com\/de\/shop\/sasseoir\/chaise\/chaise-eames-dcmu\/","og_locale":"de_DE","og_type":"article","og_title":"Chaise Eames DCMU | lalmachine.com, mobilier et objets d\u00e9co vintage et design","og_description":"Rare chaise Eames DCMU - Dining Height (D) Chair (C) on Metal (M) Rod Base & Upholstered (U) de Charles et Ray Eames produite par Herman Miller.","og_url":"https:\/\/lalmachine.com\/de\/shop\/sasseoir\/chaise\/chaise-eames-dcmu\/","og_site_name":"lalmachine.com","article_publisher":"https:\/\/facebook.com\/lalmachine","article_modified_time":"2024-12-05T20:53:41+00:00","og_image":[{"width":3272,"height":3272,"url":"https:\/\/lalmachine.com\/wp-content\/uploads\/2022\/03\/IMG_20220222_142316_clipped_rev_1-fdfa4e1b.jpeg","type":"image\/jpeg"}],"twitter_card":"summary_large_image","schema":{"@context":"https:\/\/schema.org","@graph":[{"@type":"WebPage","@id":"https:\/\/lalmachine.com\/shop\/sasseoir\/chaise\/chaise-eames-dcmu\/","url":"https:\/\/lalmachine.com\/shop\/sasseoir\/chaise\/chaise-eames-dcmu\/","name":"Chaise Eames DCMU | lalmachine.com, mobilier et objets d\u00e9co vintage et design","isPartOf":{"@id":"https:\/\/lalmachine.com\/#website"},"primaryImageOfPage":{"@id":"https:\/\/lalmachine.com\/shop\/sasseoir\/chaise\/chaise-eames-dcmu\/#primaryimage"},"image":{"@id":"https:\/\/lalmachine.com\/shop\/sasseoir\/chaise\/chaise-eames-dcmu\/#primaryimage"},"thumbnailUrl":"https:\/\/lalmachine.com\/wp-content\/uploads\/2022\/03\/IMG_20220222_142316_clipped_rev_1-fdfa4e1b.jpeg","datePublished":"2022-03-04T18:20:38+00:00","dateModified":"2024-12-05T20:53:41+00:00","description":"Rare chaise Eames DCMU - Dining Height (D) Chair (C) on Metal (M) Rod Base & Upholstered (U) de Charles et Ray Eames produite par Herman Miller.","breadcrumb":{"@id":"https:\/\/lalmachine.com\/shop\/sasseoir\/chaise\/chaise-eames-dcmu\/#breadcrumb"},"inLanguage":"de","potentialAction":[{"@type":"ReadAction","target":["https:\/\/lalmachine.com\/shop\/sasseoir\/chaise\/chaise-eames-dcmu\/"]}]},{"@type":"ImageObject","inLanguage":"de","@id":"https:\/\/lalmachine.com\/shop\/sasseoir\/chaise\/chaise-eames-dcmu\/#primaryimage","url":"https:\/\/lalmachine.com\/wp-content\/uploads\/2022\/03\/IMG_20220222_142316_clipped_rev_1-fdfa4e1b.jpeg","contentUrl":"https:\/\/lalmachine.com\/wp-content\/uploads\/2022\/03\/IMG_20220222_142316_clipped_rev_1-fdfa4e1b.jpeg","width":3272,"height":3272,"caption":"Chaise Eames DCMU"},{"@type":"BreadcrumbList","@id":"https:\/\/lalmachine.com\/shop\/sasseoir\/chaise\/chaise-eames-dcmu\/#breadcrumb","itemListElement":[{"@type":"ListItem","position":1,"name":"Accueil","item":"https:\/\/lalmachine.com\/"},{"@type":"ListItem","position":2,"name":"Shop","item":"https:\/\/lalmachine.com\/shop\/"},{"@type":"ListItem","position":3,"name":"Chaise Eames DCMU"}]},{"@type":"WebSite","@id":"https:\/\/lalmachine.com\/#website","url":"https:\/\/lalmachine.com\/","name":"lalmachine.com","description":"Brocante en ligne Suisse | Mobilier et objets d\u00e9co vintage et design","potentialAction":[{"@type":"SearchAction","target":{"@type":"EntryPoint","urlTemplate":"https:\/\/lalmachine.com\/?s={search_term_string}"},"query-input":{"@type":"PropertyValueSpecification","valueRequired":true,"valueName":"search_term_string"}}],"inLanguage":"de"}]}},"_links":{"self":[{"href":"https:\/\/lalmachine.com\/de\/wp-json\/wp\/v2\/product\/261002","targetHints":{"allow":["GET"]}}],"collection":[{"href":"https:\/\/lalmachine.com\/de\/wp-json\/wp\/v2\/product"}],"about":[{"href":"https:\/\/lalmachine.com\/de\/wp-json\/wp\/v2\/types\/product"}],"wp:featuredmedia":[{"embeddable":true,"href":"https:\/\/lalmachine.com\/de\/wp-json\/wp\/v2\/media\/260985"}],"wp:attachment":[{"href":"https:\/\/lalmachine.com\/de\/wp-json\/wp\/v2\/media?parent=261002"}],"wp:term":[{"taxonomy":"product_brand","embeddable":true,"href":"https:\/\/lalmachine.com\/de\/wp-json\/wp\/v2\/product_brand?post=261002"},{"taxonomy":"product_cat","embeddable":true,"href":"https:\/\/lalmachine.com\/de\/wp-json\/wp\/v2\/product_cat?post=261002"},{"taxonomy":"product_tag","embeddable":true,"href":"https:\/\/lalmachine.com\/de\/wp-json\/wp\/v2\/product_tag?post=261002"},{"taxonomy":"proximite","embeddable":true,"href":"https:\/\/lalmachine.com\/de\/wp-json\/wp\/v2\/proximite?post=261002"}],"curies":[{"name":"wp","href":"https:\/\/api.w.org\/{rel}","templated":true}]}}