{"id":262020,"date":"2022-03-09T14:56:21","date_gmt":"2022-03-09T13:56:21","guid":{"rendered":"https:\/\/lalmachine.com\/?post_type=product&#038;p=262020"},"modified":"2024-12-05T21:53:45","modified_gmt":"2024-12-05T20:53:45","slug":"table-formica","status":"publish","type":"product","link":"https:\/\/lalmachine.com\/de\/shop\/meubler\/table\/table-formica\/","title":{"rendered":"Table formica"},"content":{"rendered":"<ul class=\"wpuf_customs\"><li style=\"list-style-type:none;\"><label>Autres photos:<\/label> <a href=\"https:\/\/lalmachine.com\/wp-content\/uploads\/2022\/03\/958F8B39-C9B9-406C-A9CD-0CAC7B830AB1-ec574f6f.jpeg\"><img loading=\"lazy\" decoding=\"async\" width=\"95\" height=\"96\" src=\"https:\/\/lalmachine.com\/wp-content\/uploads\/2022\/03\/958F8B39-C9B9-406C-A9CD-0CAC7B830AB1-ec574f6f.jpeg\" class=\"attachment-thumbnail size-thumbnail\" alt=\"\" \/><\/a> <a href=\"https:\/\/lalmachine.com\/wp-content\/uploads\/2022\/03\/3A289747-39AA-450F-A018-2D5F6BCBCA93-adbe6211.jpeg\"><img loading=\"lazy\" decoding=\"async\" width=\"95\" height=\"96\" src=\"https:\/\/lalmachine.com\/wp-content\/uploads\/2022\/03\/3A289747-39AA-450F-A018-2D5F6BCBCA93-adbe6211.jpeg\" class=\"attachment-thumbnail size-thumbnail\" alt=\"\" \/><\/a> <a href=\"https:\/\/lalmachine.com\/wp-content\/uploads\/2022\/03\/7287D137-5C81-46C3-B770-A12B774CAC26-da53bb99.jpeg\"><img loading=\"lazy\" decoding=\"async\" width=\"76\" height=\"96\" src=\"https:\/\/lalmachine.com\/wp-content\/uploads\/2022\/03\/7287D137-5C81-46C3-B770-A12B774CAC26-da53bb99.jpeg\" class=\"attachment-thumbnail size-thumbnail\" alt=\"\" \/><\/a> <a href=\"https:\/\/lalmachine.com\/wp-content\/uploads\/2022\/03\/B2211038-47B0-48A7-A36C-1AF98E1E99C5-120c9510.jpeg\"><img loading=\"lazy\" decoding=\"async\" width=\"95\" height=\"96\" src=\"https:\/\/lalmachine.com\/wp-content\/uploads\/2022\/03\/B2211038-47B0-48A7-A36C-1AF98E1E99C5-120c9510.jpeg\" class=\"attachment-thumbnail size-thumbnail\" alt=\"\" \/><\/a> <a href=\"https:\/\/lalmachine.com\/wp-content\/uploads\/2022\/03\/3711AC70-F189-4EF8-B9A9-5D3B1EF8B2B7-8a741ee8.jpeg\"><img loading=\"lazy\" decoding=\"async\" width=\"85\" height=\"96\" src=\"https:\/\/lalmachine.com\/wp-content\/uploads\/2022\/03\/3711AC70-F189-4EF8-B9A9-5D3B1EF8B2B7-8a741ee8.jpeg\" class=\"attachment-thumbnail size-thumbnail\" alt=\"\" \/><\/a> <a href=\"https:\/\/lalmachine.com\/wp-content\/uploads\/2022\/03\/26449C74-98B2-4CC9-97BD-4512C6D1D05F-aa64a3ee.jpeg\"><img loading=\"lazy\" decoding=\"async\" width=\"96\" height=\"96\" src=\"https:\/\/lalmachine.com\/wp-content\/uploads\/2022\/03\/26449C74-98B2-4CC9-97BD-4512C6D1D05F-aa64a3ee.jpeg\" class=\"attachment-thumbnail size-thumbnail\" alt=\"\" \/><\/a> <a href=\"https:\/\/lalmachine.com\/wp-content\/uploads\/2022\/03\/3A20A0B0-ED04-4268-BF03-5086D28BF9A7-ce90005c.jpeg\"><img loading=\"lazy\" decoding=\"async\" width=\"89\" height=\"96\" src=\"https:\/\/lalmachine.com\/wp-content\/uploads\/2022\/03\/3A20A0B0-ED04-4268-BF03-5086D28BF9A7-ce90005c.jpeg\" class=\"attachment-thumbnail size-thumbnail\" alt=\"\" \/><\/a> <\/li>        <li class=\"wpuf-field-data wpuf-field-data-numeric_text_field\">\n                            <label>Prix:<\/label>\n                        225        <\/li>\n                <li class=\"wpuf-field-data wpuf-field-data-numeric_text_field\">\n                            <label>Hauteur (cm):<\/label>\n                        75        <\/li>\n                <li class=\"wpuf-field-data wpuf-field-data-numeric_text_field\">\n                            <label>Largeur (cm):<\/label>\n                        110        <\/li>\n                <li class=\"wpuf-field-data wpuf-field-data-numeric_text_field\">\n                            <label>Profondeur (cm):<\/label>\n                        69        <\/li>\n        <\/ul>","protected":false},"excerpt":{"rendered":"<p>Table en formica vert clair avec une rallonge \u00e0 placer sur le c\u00f4t\u00e9. Plateau en tr\u00e8s bon \u00e9tat. Le tiroir a \u00e9t\u00e9 revisit\u00e9 avec un papier peint \u00e0 motif paon bleu.<\/p>\n<p>La chaise et le tabouret font partie de l&rsquo;ensemble.<\/p>","protected":false},"featured_media":262053,"template":"","meta":{"_et_pb_use_builder":"","_et_pb_old_content":"","_et_gb_content_width":""},"product_brand":[],"product_cat":[47,82],"product_tag":[],"proximite":[203],"class_list":{"0":"post-262020","1":"product","2":"type-product","3":"status-publish","4":"has-post-thumbnail","6":"product_cat-meubler","7":"product_cat-table","8":"pa_couleur-vert","9":"pa_etat-bon-etat","10":"pa_materiau-autre","11":"pa_style-vintage","12":"proximite-neuchatel","14":"first","15":"outofstock","16":"shipping-taxable","17":"purchasable","18":"product-type-simple"},"yoast_head":"<!-- This site is optimized with the Yoast SEO plugin v27.4 - https:\/\/yoast.com\/product\/yoast-seo-wordpress\/ -->\n<title>Table formica | lalmachine.com, mobilier et objets d\u00e9co vintage et design<\/title>\n<meta name=\"description\" content=\"Table en formica vert clair avec une rallonge \u00e0 placer sur le c\u00f4t\u00e9.\" \/>\n<meta name=\"robots\" content=\"index, follow, max-snippet:-1, max-image-preview:large, max-video-preview:-1\" \/>\n<link rel=\"canonical\" href=\"https:\/\/lalmachine.com\/de\/shop\/meubler\/table\/table-formica\/\" \/>\n<meta property=\"og:locale\" content=\"de_DE\" \/>\n<meta property=\"og:type\" content=\"article\" \/>\n<meta property=\"og:title\" content=\"Table formica | lalmachine.com, mobilier et objets d\u00e9co vintage et design\" \/>\n<meta property=\"og:description\" content=\"Table en formica vert clair avec une rallonge \u00e0 placer sur le c\u00f4t\u00e9.\" \/>\n<meta property=\"og:url\" content=\"https:\/\/lalmachine.com\/de\/shop\/meubler\/table\/table-formica\/\" \/>\n<meta property=\"og:site_name\" content=\"lalmachine.com\" \/>\n<meta property=\"article:publisher\" content=\"https:\/\/facebook.com\/lalmachine\" \/>\n<meta property=\"article:modified_time\" content=\"2024-12-05T20:53:45+00:00\" \/>\n<meta property=\"og:image\" content=\"https:\/\/lalmachine.com\/wp-content\/uploads\/2022\/03\/3B0E5AA2-4ACE-4E33-89D3-9640E0763DC3-73278076_clipped_rev_1.jpeg\" \/>\n\t<meta property=\"og:image:width\" content=\"3587\" \/>\n\t<meta property=\"og:image:height\" content=\"3586\" \/>\n\t<meta property=\"og:image:type\" content=\"image\/jpeg\" \/>\n<meta name=\"twitter:card\" content=\"summary_large_image\" \/>\n<script type=\"application\/ld+json\" class=\"yoast-schema-graph\">{\"@context\":\"https:\\\/\\\/schema.org\",\"@graph\":[{\"@type\":\"WebPage\",\"@id\":\"https:\\\/\\\/lalmachine.com\\\/de\\\/shop\\\/meubler\\\/table\\\/table-formica\\\/\",\"url\":\"https:\\\/\\\/lalmachine.com\\\/de\\\/shop\\\/meubler\\\/table\\\/table-formica\\\/\",\"name\":\"Table formica | lalmachine.com, mobilier et objets d\u00e9co vintage et design\",\"isPartOf\":{\"@id\":\"https:\\\/\\\/lalmachine.com\\\/#website\"},\"primaryImageOfPage\":{\"@id\":\"https:\\\/\\\/lalmachine.com\\\/de\\\/shop\\\/meubler\\\/table\\\/table-formica\\\/#primaryimage\"},\"image\":{\"@id\":\"https:\\\/\\\/lalmachine.com\\\/de\\\/shop\\\/meubler\\\/table\\\/table-formica\\\/#primaryimage\"},\"thumbnailUrl\":\"https:\\\/\\\/lalmachine.com\\\/wp-content\\\/uploads\\\/2022\\\/03\\\/3B0E5AA2-4ACE-4E33-89D3-9640E0763DC3-73278076_clipped_rev_1.jpeg\",\"datePublished\":\"2022-03-09T13:56:21+00:00\",\"dateModified\":\"2024-12-05T20:53:45+00:00\",\"description\":\"Table en formica vert clair avec une rallonge \u00e0 placer sur le c\u00f4t\u00e9.\",\"breadcrumb\":{\"@id\":\"https:\\\/\\\/lalmachine.com\\\/de\\\/shop\\\/meubler\\\/table\\\/table-formica\\\/#breadcrumb\"},\"inLanguage\":\"de\",\"potentialAction\":[{\"@type\":\"ReadAction\",\"target\":[\"https:\\\/\\\/lalmachine.com\\\/de\\\/shop\\\/meubler\\\/table\\\/table-formica\\\/\"]}]},{\"@type\":\"ImageObject\",\"inLanguage\":\"de\",\"@id\":\"https:\\\/\\\/lalmachine.com\\\/de\\\/shop\\\/meubler\\\/table\\\/table-formica\\\/#primaryimage\",\"url\":\"https:\\\/\\\/lalmachine.com\\\/wp-content\\\/uploads\\\/2022\\\/03\\\/3B0E5AA2-4ACE-4E33-89D3-9640E0763DC3-73278076_clipped_rev_1.jpeg\",\"contentUrl\":\"https:\\\/\\\/lalmachine.com\\\/wp-content\\\/uploads\\\/2022\\\/03\\\/3B0E5AA2-4ACE-4E33-89D3-9640E0763DC3-73278076_clipped_rev_1.jpeg\",\"width\":3587,\"height\":3586,\"caption\":\"Table en formica\"},{\"@type\":\"BreadcrumbList\",\"@id\":\"https:\\\/\\\/lalmachine.com\\\/de\\\/shop\\\/meubler\\\/table\\\/table-formica\\\/#breadcrumb\",\"itemListElement\":[{\"@type\":\"ListItem\",\"position\":1,\"name\":\"Accueil\",\"item\":\"https:\\\/\\\/lalmachine.com\\\/\"},{\"@type\":\"ListItem\",\"position\":2,\"name\":\"Shop\",\"item\":\"https:\\\/\\\/lalmachine.com\\\/shop\\\/\"},{\"@type\":\"ListItem\",\"position\":3,\"name\":\"Table formica\"}]},{\"@type\":\"WebSite\",\"@id\":\"https:\\\/\\\/lalmachine.com\\\/#website\",\"url\":\"https:\\\/\\\/lalmachine.com\\\/\",\"name\":\"lalmachine.com\",\"description\":\"Brocante en ligne Suisse | Mobilier et objets d\u00e9co vintage et design\",\"potentialAction\":[{\"@type\":\"SearchAction\",\"target\":{\"@type\":\"EntryPoint\",\"urlTemplate\":\"https:\\\/\\\/lalmachine.com\\\/?s={search_term_string}\"},\"query-input\":{\"@type\":\"PropertyValueSpecification\",\"valueRequired\":true,\"valueName\":\"search_term_string\"}}],\"inLanguage\":\"de\"}]}<\/script>\n<!-- \/ Yoast SEO plugin. -->","yoast_head_json":{"title":"Table formica | lalmachine.com, mobilier et objets d\u00e9co vintage et design","description":"Table en formica vert clair avec une rallonge \u00e0 placer sur le c\u00f4t\u00e9.","robots":{"index":"index","follow":"follow","max-snippet":"max-snippet:-1","max-image-preview":"max-image-preview:large","max-video-preview":"max-video-preview:-1"},"canonical":"https:\/\/lalmachine.com\/de\/shop\/meubler\/table\/table-formica\/","og_locale":"de_DE","og_type":"article","og_title":"Table formica | lalmachine.com, mobilier et objets d\u00e9co vintage et design","og_description":"Table en formica vert clair avec une rallonge \u00e0 placer sur le c\u00f4t\u00e9.","og_url":"https:\/\/lalmachine.com\/de\/shop\/meubler\/table\/table-formica\/","og_site_name":"lalmachine.com","article_publisher":"https:\/\/facebook.com\/lalmachine","article_modified_time":"2024-12-05T20:53:45+00:00","og_image":[{"width":3587,"height":3586,"url":"https:\/\/lalmachine.com\/wp-content\/uploads\/2022\/03\/3B0E5AA2-4ACE-4E33-89D3-9640E0763DC3-73278076_clipped_rev_1.jpeg","type":"image\/jpeg"}],"twitter_card":"summary_large_image","schema":{"@context":"https:\/\/schema.org","@graph":[{"@type":"WebPage","@id":"https:\/\/lalmachine.com\/de\/shop\/meubler\/table\/table-formica\/","url":"https:\/\/lalmachine.com\/de\/shop\/meubler\/table\/table-formica\/","name":"Table formica | lalmachine.com, mobilier et objets d\u00e9co vintage et design","isPartOf":{"@id":"https:\/\/lalmachine.com\/#website"},"primaryImageOfPage":{"@id":"https:\/\/lalmachine.com\/de\/shop\/meubler\/table\/table-formica\/#primaryimage"},"image":{"@id":"https:\/\/lalmachine.com\/de\/shop\/meubler\/table\/table-formica\/#primaryimage"},"thumbnailUrl":"https:\/\/lalmachine.com\/wp-content\/uploads\/2022\/03\/3B0E5AA2-4ACE-4E33-89D3-9640E0763DC3-73278076_clipped_rev_1.jpeg","datePublished":"2022-03-09T13:56:21+00:00","dateModified":"2024-12-05T20:53:45+00:00","description":"Table en formica vert clair avec une rallonge \u00e0 placer sur le c\u00f4t\u00e9.","breadcrumb":{"@id":"https:\/\/lalmachine.com\/de\/shop\/meubler\/table\/table-formica\/#breadcrumb"},"inLanguage":"de","potentialAction":[{"@type":"ReadAction","target":["https:\/\/lalmachine.com\/de\/shop\/meubler\/table\/table-formica\/"]}]},{"@type":"ImageObject","inLanguage":"de","@id":"https:\/\/lalmachine.com\/de\/shop\/meubler\/table\/table-formica\/#primaryimage","url":"https:\/\/lalmachine.com\/wp-content\/uploads\/2022\/03\/3B0E5AA2-4ACE-4E33-89D3-9640E0763DC3-73278076_clipped_rev_1.jpeg","contentUrl":"https:\/\/lalmachine.com\/wp-content\/uploads\/2022\/03\/3B0E5AA2-4ACE-4E33-89D3-9640E0763DC3-73278076_clipped_rev_1.jpeg","width":3587,"height":3586,"caption":"Table en formica"},{"@type":"BreadcrumbList","@id":"https:\/\/lalmachine.com\/de\/shop\/meubler\/table\/table-formica\/#breadcrumb","itemListElement":[{"@type":"ListItem","position":1,"name":"Accueil","item":"https:\/\/lalmachine.com\/"},{"@type":"ListItem","position":2,"name":"Shop","item":"https:\/\/lalmachine.com\/shop\/"},{"@type":"ListItem","position":3,"name":"Table formica"}]},{"@type":"WebSite","@id":"https:\/\/lalmachine.com\/#website","url":"https:\/\/lalmachine.com\/","name":"lalmachine.com","description":"Brocante en ligne Suisse | Mobilier et objets d\u00e9co vintage et design","potentialAction":[{"@type":"SearchAction","target":{"@type":"EntryPoint","urlTemplate":"https:\/\/lalmachine.com\/?s={search_term_string}"},"query-input":{"@type":"PropertyValueSpecification","valueRequired":true,"valueName":"search_term_string"}}],"inLanguage":"de"}]}},"_links":{"self":[{"href":"https:\/\/lalmachine.com\/de\/wp-json\/wp\/v2\/product\/262020","targetHints":{"allow":["GET"]}}],"collection":[{"href":"https:\/\/lalmachine.com\/de\/wp-json\/wp\/v2\/product"}],"about":[{"href":"https:\/\/lalmachine.com\/de\/wp-json\/wp\/v2\/types\/product"}],"wp:featuredmedia":[{"embeddable":true,"href":"https:\/\/lalmachine.com\/de\/wp-json\/wp\/v2\/media\/262053"}],"wp:attachment":[{"href":"https:\/\/lalmachine.com\/de\/wp-json\/wp\/v2\/media?parent=262020"}],"wp:term":[{"taxonomy":"product_brand","embeddable":true,"href":"https:\/\/lalmachine.com\/de\/wp-json\/wp\/v2\/product_brand?post=262020"},{"taxonomy":"product_cat","embeddable":true,"href":"https:\/\/lalmachine.com\/de\/wp-json\/wp\/v2\/product_cat?post=262020"},{"taxonomy":"product_tag","embeddable":true,"href":"https:\/\/lalmachine.com\/de\/wp-json\/wp\/v2\/product_tag?post=262020"},{"taxonomy":"proximite","embeddable":true,"href":"https:\/\/lalmachine.com\/de\/wp-json\/wp\/v2\/proximite?post=262020"}],"curies":[{"name":"wp","href":"https:\/\/api.w.org\/{rel}","templated":true}]}}