{"id":263285,"date":"2023-10-25T16:02:28","date_gmt":"2023-10-25T14:02:28","guid":{"rendered":"https:\/\/lalmachine.com\/?post_type=product&#038;p=263285"},"modified":"2024-12-05T21:54:27","modified_gmt":"2024-12-05T20:54:27","slug":"service-a-cafe-langenthal-chateau","status":"publish","type":"product","link":"https:\/\/lalmachine.com\/de\/shop\/decorer\/art-de-la-table\/service-a-cafe-langenthal-chateau\/","title":{"rendered":"Service \u00e0 caf\u00e9 Langenthal Ch\u00e2teau"},"content":{"rendered":"<ul class=\"wpuf_customs\"><li style=\"list-style-type:none;\"><label>Autres photos:<\/label> <a href=\"https:\/\/lalmachine.com\/wp-content\/uploads\/2022\/03\/B75AB927-EEF3-4DCD-AEE8-7EFEAFADBBE6-8db80b14.jpeg\"><img loading=\"lazy\" decoding=\"async\" width=\"128\" height=\"96\" src=\"https:\/\/lalmachine.com\/wp-content\/uploads\/2022\/03\/B75AB927-EEF3-4DCD-AEE8-7EFEAFADBBE6-8db80b14.jpeg\" class=\"attachment-thumbnail size-thumbnail\" alt=\"\" \/><\/a> <a href=\"https:\/\/lalmachine.com\/wp-content\/uploads\/2022\/03\/61A8597C-0978-486B-A32C-EA95A0680DB1-c6ff804f-rotated.jpeg\"><img loading=\"lazy\" decoding=\"async\" width=\"72\" height=\"96\" src=\"https:\/\/lalmachine.com\/wp-content\/uploads\/2022\/03\/61A8597C-0978-486B-A32C-EA95A0680DB1-c6ff804f-rotated.jpeg\" class=\"attachment-thumbnail size-thumbnail\" alt=\"\" \/><\/a> <a href=\"https:\/\/lalmachine.com\/wp-content\/uploads\/2022\/03\/74DBAF01-7A23-4E76-92A3-FC836756E264-b73b8d06-rotated.jpeg\"><img loading=\"lazy\" decoding=\"async\" width=\"72\" height=\"96\" src=\"https:\/\/lalmachine.com\/wp-content\/uploads\/2022\/03\/74DBAF01-7A23-4E76-92A3-FC836756E264-b73b8d06-rotated.jpeg\" class=\"attachment-thumbnail size-thumbnail\" alt=\"\" \/><\/a> <a href=\"https:\/\/lalmachine.com\/wp-content\/uploads\/2022\/03\/790F0B40-C975-44D8-AC65-E89104D73D7D-93e12dcc-rotated.jpeg\"><img loading=\"lazy\" decoding=\"async\" width=\"72\" height=\"96\" src=\"https:\/\/lalmachine.com\/wp-content\/uploads\/2022\/03\/790F0B40-C975-44D8-AC65-E89104D73D7D-93e12dcc-rotated.jpeg\" class=\"attachment-thumbnail size-thumbnail\" alt=\"\" \/><\/a> <a href=\"https:\/\/lalmachine.com\/wp-content\/uploads\/2022\/03\/62A685C5-D1EB-472A-8733-A6B45807D4B2-b7f1ecd7-rotated.jpeg\"><img loading=\"lazy\" decoding=\"async\" width=\"72\" height=\"96\" src=\"https:\/\/lalmachine.com\/wp-content\/uploads\/2022\/03\/62A685C5-D1EB-472A-8733-A6B45807D4B2-b7f1ecd7-rotated.jpeg\" class=\"attachment-thumbnail size-thumbnail\" alt=\"\" \/><\/a> <a href=\"https:\/\/lalmachine.com\/wp-content\/uploads\/2022\/03\/107F652C-2DA1-4683-9D42-6F4BFF547E00-f3a5cba5-rotated.jpeg\"><img loading=\"lazy\" decoding=\"async\" width=\"72\" height=\"96\" src=\"https:\/\/lalmachine.com\/wp-content\/uploads\/2022\/03\/107F652C-2DA1-4683-9D42-6F4BFF547E00-f3a5cba5-rotated.jpeg\" class=\"attachment-thumbnail size-thumbnail\" alt=\"\" \/><\/a> <a href=\"https:\/\/lalmachine.com\/wp-content\/uploads\/2022\/03\/37413BCE-9177-4B44-9394-EE8867FA412F-6aa4414b-rotated.jpeg\"><img loading=\"lazy\" decoding=\"async\" width=\"72\" height=\"96\" src=\"https:\/\/lalmachine.com\/wp-content\/uploads\/2022\/03\/37413BCE-9177-4B44-9394-EE8867FA412F-6aa4414b-rotated.jpeg\" class=\"attachment-thumbnail size-thumbnail\" alt=\"\" \/><\/a> <a href=\"https:\/\/lalmachine.com\/wp-content\/uploads\/2022\/03\/E668AB34-088D-4028-8657-594D62081847-92007ed5-rotated.jpeg\"><img loading=\"lazy\" decoding=\"async\" width=\"72\" height=\"96\" src=\"https:\/\/lalmachine.com\/wp-content\/uploads\/2022\/03\/E668AB34-088D-4028-8657-594D62081847-92007ed5-rotated.jpeg\" class=\"attachment-thumbnail size-thumbnail\" alt=\"\" \/><\/a> <\/li>        <li class=\"wpuf-field-data wpuf-field-data-numeric_text_field\">\n                            <label>Prix:<\/label>\n                        48        <\/li>\n                <li class=\"wpuf-field-data wpuf-field-data-numeric_text_field\">\n                            <label>Quantit\u00e9:<\/label>\n                        0        <\/li>\n                <li class=\"wpuf-field-data wpuf-field-data-numeric_text_field\">\n                            <label>Hauteur (cm):<\/label>\n                        6        <\/li>\n                <li class=\"wpuf-field-data wpuf-field-data-numeric_text_field\">\n                            <label>Largeur (cm):<\/label>\n                        14        <\/li>\n                <li class=\"wpuf-field-data wpuf-field-data-numeric_text_field\">\n                            <label>Profondeur (cm):<\/label>\n                        14        <\/li>\n        <\/ul>","protected":false},"excerpt":{"rendered":"<p>\u00c9l\u00e9gant service en porcelaine fine de la manufacture Langenthal, d\u00e9cor \u00ab\u00a0Ch\u00e2teau\u00a0\u00bb 79, avec sous tasses \u00e0 bordures dor\u00e9es, les tasses sont \u00e9galement orn\u00e9es de bordures dor\u00e9es \u00e0 l\u2019int\u00e9rieur ainsi qu\u2019\u00e0 l\u2019ext\u00e9rieur.<\/p>\n<p>Tr\u00e8s bel \u00e9tat !<\/p>\n<p>Tasses: H6,5 diam\u00e8tre 6cm<br \/>\nSous tasses diam\u00e8tre 14cm<\/p>","protected":false},"featured_media":263618,"template":"","meta":{"_et_pb_use_builder":"","_et_pb_old_content":"","_et_gb_content_width":""},"product_brand":[],"product_cat":[96,50],"product_tag":[],"proximite":[281,179],"class_list":{"0":"post-263285","1":"product","2":"type-product","3":"status-publish","4":"has-post-thumbnail","6":"product_cat-art-de-la-table","7":"product_cat-decorer","8":"product_shipping_class-2-10-kg","9":"pa_couleur-blanc","10":"pa_etat-tres-bon-etat","11":"pa_materiau-ceramique","12":"pa_style-vintage","13":"proximite-nyon","14":"proximite-vaud","16":"first","17":"outofstock","18":"shipping-taxable","19":"purchasable","20":"product-type-simple"},"yoast_head":"<!-- This site is optimized with the Yoast SEO plugin v27.4 - https:\/\/yoast.com\/product\/yoast-seo-wordpress\/ -->\n<title>Service \u00e0 caf\u00e9 Langenthal Ch\u00e2teau | lalmachine.com, mobilier et objets d\u00e9co vintage et design<\/title>\n<meta name=\"description\" content=\"\u00c9l\u00e9gant service en porcelaine fine de la manufacture Langenthal, d\u00e9cor \u00ab\u00a0Ch\u00e2teau\u00a0\u00bb 79\" \/>\n<meta name=\"robots\" content=\"index, follow, max-snippet:-1, max-image-preview:large, max-video-preview:-1\" \/>\n<link rel=\"canonical\" href=\"https:\/\/lalmachine.com\/de\/shop\/decorer\/art-de-la-table\/service-a-cafe-langenthal-chateau\/\" \/>\n<meta property=\"og:locale\" content=\"de_DE\" \/>\n<meta property=\"og:type\" content=\"article\" \/>\n<meta property=\"og:title\" content=\"Service \u00e0 caf\u00e9 Langenthal Ch\u00e2teau | lalmachine.com, mobilier et objets d\u00e9co vintage et design\" \/>\n<meta property=\"og:description\" content=\"\u00c9l\u00e9gant service en porcelaine fine de la manufacture Langenthal, d\u00e9cor \u00ab\u00a0Ch\u00e2teau\u00a0\u00bb 79\" \/>\n<meta property=\"og:url\" content=\"https:\/\/lalmachine.com\/de\/shop\/decorer\/art-de-la-table\/service-a-cafe-langenthal-chateau\/\" \/>\n<meta property=\"og:site_name\" content=\"lalmachine.com\" \/>\n<meta property=\"article:publisher\" content=\"https:\/\/facebook.com\/lalmachine\" \/>\n<meta property=\"article:modified_time\" content=\"2024-12-05T20:54:27+00:00\" \/>\n<meta property=\"og:image\" content=\"https:\/\/lalmachine.com\/wp-content\/uploads\/2022\/03\/007BDD34-8673-4FB6-9F76-A787B0F7B7B1-724422d9_clipped_rev_1.jpeg\" \/>\n\t<meta property=\"og:image:width\" content=\"5790\" \/>\n\t<meta property=\"og:image:height\" content=\"5790\" \/>\n\t<meta property=\"og:image:type\" content=\"image\/jpeg\" \/>\n<meta name=\"twitter:card\" content=\"summary_large_image\" \/>\n<script type=\"application\/ld+json\" class=\"yoast-schema-graph\">{\"@context\":\"https:\\\/\\\/schema.org\",\"@graph\":[{\"@type\":\"WebPage\",\"@id\":\"https:\\\/\\\/lalmachine.com\\\/shop\\\/decorer\\\/art-de-la-table\\\/service-a-cafe-langenthal-chateau\\\/\",\"url\":\"https:\\\/\\\/lalmachine.com\\\/shop\\\/decorer\\\/art-de-la-table\\\/service-a-cafe-langenthal-chateau\\\/\",\"name\":\"Service \u00e0 caf\u00e9 Langenthal Ch\u00e2teau | lalmachine.com, mobilier et objets d\u00e9co vintage et design\",\"isPartOf\":{\"@id\":\"https:\\\/\\\/lalmachine.com\\\/#website\"},\"primaryImageOfPage\":{\"@id\":\"https:\\\/\\\/lalmachine.com\\\/shop\\\/decorer\\\/art-de-la-table\\\/service-a-cafe-langenthal-chateau\\\/#primaryimage\"},\"image\":{\"@id\":\"https:\\\/\\\/lalmachine.com\\\/shop\\\/decorer\\\/art-de-la-table\\\/service-a-cafe-langenthal-chateau\\\/#primaryimage\"},\"thumbnailUrl\":\"https:\\\/\\\/lalmachine.com\\\/wp-content\\\/uploads\\\/2022\\\/03\\\/007BDD34-8673-4FB6-9F76-A787B0F7B7B1-724422d9_clipped_rev_1.jpeg\",\"datePublished\":\"2023-10-25T14:02:28+00:00\",\"dateModified\":\"2024-12-05T20:54:27+00:00\",\"description\":\"\u00c9l\u00e9gant service en porcelaine fine de la manufacture Langenthal, d\u00e9cor \u00ab\u00a0Ch\u00e2teau\u00a0\u00bb 79\",\"breadcrumb\":{\"@id\":\"https:\\\/\\\/lalmachine.com\\\/shop\\\/decorer\\\/art-de-la-table\\\/service-a-cafe-langenthal-chateau\\\/#breadcrumb\"},\"inLanguage\":\"de\",\"potentialAction\":[{\"@type\":\"ReadAction\",\"target\":[\"https:\\\/\\\/lalmachine.com\\\/shop\\\/decorer\\\/art-de-la-table\\\/service-a-cafe-langenthal-chateau\\\/\"]}]},{\"@type\":\"ImageObject\",\"inLanguage\":\"de\",\"@id\":\"https:\\\/\\\/lalmachine.com\\\/shop\\\/decorer\\\/art-de-la-table\\\/service-a-cafe-langenthal-chateau\\\/#primaryimage\",\"url\":\"https:\\\/\\\/lalmachine.com\\\/wp-content\\\/uploads\\\/2022\\\/03\\\/007BDD34-8673-4FB6-9F76-A787B0F7B7B1-724422d9_clipped_rev_1.jpeg\",\"contentUrl\":\"https:\\\/\\\/lalmachine.com\\\/wp-content\\\/uploads\\\/2022\\\/03\\\/007BDD34-8673-4FB6-9F76-A787B0F7B7B1-724422d9_clipped_rev_1.jpeg\",\"width\":5790,\"height\":5790,\"caption\":\"Service \u00e0 caf\u00e9 Langenthal Ch\u00e2teau\"},{\"@type\":\"BreadcrumbList\",\"@id\":\"https:\\\/\\\/lalmachine.com\\\/shop\\\/decorer\\\/art-de-la-table\\\/service-a-cafe-langenthal-chateau\\\/#breadcrumb\",\"itemListElement\":[{\"@type\":\"ListItem\",\"position\":1,\"name\":\"Accueil\",\"item\":\"https:\\\/\\\/lalmachine.com\\\/\"},{\"@type\":\"ListItem\",\"position\":2,\"name\":\"Shop\",\"item\":\"https:\\\/\\\/lalmachine.com\\\/shop\\\/\"},{\"@type\":\"ListItem\",\"position\":3,\"name\":\"Service \u00e0 caf\u00e9 Langenthal Ch\u00e2teau\"}]},{\"@type\":\"WebSite\",\"@id\":\"https:\\\/\\\/lalmachine.com\\\/#website\",\"url\":\"https:\\\/\\\/lalmachine.com\\\/\",\"name\":\"lalmachine.com\",\"description\":\"Brocante en ligne Suisse | Mobilier et objets d\u00e9co vintage et design\",\"potentialAction\":[{\"@type\":\"SearchAction\",\"target\":{\"@type\":\"EntryPoint\",\"urlTemplate\":\"https:\\\/\\\/lalmachine.com\\\/?s={search_term_string}\"},\"query-input\":{\"@type\":\"PropertyValueSpecification\",\"valueRequired\":true,\"valueName\":\"search_term_string\"}}],\"inLanguage\":\"de\"}]}<\/script>\n<!-- \/ Yoast SEO plugin. -->","yoast_head_json":{"title":"Service \u00e0 caf\u00e9 Langenthal Ch\u00e2teau | lalmachine.com, mobilier et objets d\u00e9co vintage et design","description":"\u00c9l\u00e9gant service en porcelaine fine de la manufacture Langenthal, d\u00e9cor \u00ab\u00a0Ch\u00e2teau\u00a0\u00bb 79","robots":{"index":"index","follow":"follow","max-snippet":"max-snippet:-1","max-image-preview":"max-image-preview:large","max-video-preview":"max-video-preview:-1"},"canonical":"https:\/\/lalmachine.com\/de\/shop\/decorer\/art-de-la-table\/service-a-cafe-langenthal-chateau\/","og_locale":"de_DE","og_type":"article","og_title":"Service \u00e0 caf\u00e9 Langenthal Ch\u00e2teau | lalmachine.com, mobilier et objets d\u00e9co vintage et design","og_description":"\u00c9l\u00e9gant service en porcelaine fine de la manufacture Langenthal, d\u00e9cor \u00ab\u00a0Ch\u00e2teau\u00a0\u00bb 79","og_url":"https:\/\/lalmachine.com\/de\/shop\/decorer\/art-de-la-table\/service-a-cafe-langenthal-chateau\/","og_site_name":"lalmachine.com","article_publisher":"https:\/\/facebook.com\/lalmachine","article_modified_time":"2024-12-05T20:54:27+00:00","og_image":[{"width":5790,"height":5790,"url":"https:\/\/lalmachine.com\/wp-content\/uploads\/2022\/03\/007BDD34-8673-4FB6-9F76-A787B0F7B7B1-724422d9_clipped_rev_1.jpeg","type":"image\/jpeg"}],"twitter_card":"summary_large_image","schema":{"@context":"https:\/\/schema.org","@graph":[{"@type":"WebPage","@id":"https:\/\/lalmachine.com\/shop\/decorer\/art-de-la-table\/service-a-cafe-langenthal-chateau\/","url":"https:\/\/lalmachine.com\/shop\/decorer\/art-de-la-table\/service-a-cafe-langenthal-chateau\/","name":"Service \u00e0 caf\u00e9 Langenthal Ch\u00e2teau | lalmachine.com, mobilier et objets d\u00e9co vintage et design","isPartOf":{"@id":"https:\/\/lalmachine.com\/#website"},"primaryImageOfPage":{"@id":"https:\/\/lalmachine.com\/shop\/decorer\/art-de-la-table\/service-a-cafe-langenthal-chateau\/#primaryimage"},"image":{"@id":"https:\/\/lalmachine.com\/shop\/decorer\/art-de-la-table\/service-a-cafe-langenthal-chateau\/#primaryimage"},"thumbnailUrl":"https:\/\/lalmachine.com\/wp-content\/uploads\/2022\/03\/007BDD34-8673-4FB6-9F76-A787B0F7B7B1-724422d9_clipped_rev_1.jpeg","datePublished":"2023-10-25T14:02:28+00:00","dateModified":"2024-12-05T20:54:27+00:00","description":"\u00c9l\u00e9gant service en porcelaine fine de la manufacture Langenthal, d\u00e9cor \u00ab\u00a0Ch\u00e2teau\u00a0\u00bb 79","breadcrumb":{"@id":"https:\/\/lalmachine.com\/shop\/decorer\/art-de-la-table\/service-a-cafe-langenthal-chateau\/#breadcrumb"},"inLanguage":"de","potentialAction":[{"@type":"ReadAction","target":["https:\/\/lalmachine.com\/shop\/decorer\/art-de-la-table\/service-a-cafe-langenthal-chateau\/"]}]},{"@type":"ImageObject","inLanguage":"de","@id":"https:\/\/lalmachine.com\/shop\/decorer\/art-de-la-table\/service-a-cafe-langenthal-chateau\/#primaryimage","url":"https:\/\/lalmachine.com\/wp-content\/uploads\/2022\/03\/007BDD34-8673-4FB6-9F76-A787B0F7B7B1-724422d9_clipped_rev_1.jpeg","contentUrl":"https:\/\/lalmachine.com\/wp-content\/uploads\/2022\/03\/007BDD34-8673-4FB6-9F76-A787B0F7B7B1-724422d9_clipped_rev_1.jpeg","width":5790,"height":5790,"caption":"Service \u00e0 caf\u00e9 Langenthal Ch\u00e2teau"},{"@type":"BreadcrumbList","@id":"https:\/\/lalmachine.com\/shop\/decorer\/art-de-la-table\/service-a-cafe-langenthal-chateau\/#breadcrumb","itemListElement":[{"@type":"ListItem","position":1,"name":"Accueil","item":"https:\/\/lalmachine.com\/"},{"@type":"ListItem","position":2,"name":"Shop","item":"https:\/\/lalmachine.com\/shop\/"},{"@type":"ListItem","position":3,"name":"Service \u00e0 caf\u00e9 Langenthal Ch\u00e2teau"}]},{"@type":"WebSite","@id":"https:\/\/lalmachine.com\/#website","url":"https:\/\/lalmachine.com\/","name":"lalmachine.com","description":"Brocante en ligne Suisse | Mobilier et objets d\u00e9co vintage et design","potentialAction":[{"@type":"SearchAction","target":{"@type":"EntryPoint","urlTemplate":"https:\/\/lalmachine.com\/?s={search_term_string}"},"query-input":{"@type":"PropertyValueSpecification","valueRequired":true,"valueName":"search_term_string"}}],"inLanguage":"de"}]}},"_links":{"self":[{"href":"https:\/\/lalmachine.com\/de\/wp-json\/wp\/v2\/product\/263285","targetHints":{"allow":["GET"]}}],"collection":[{"href":"https:\/\/lalmachine.com\/de\/wp-json\/wp\/v2\/product"}],"about":[{"href":"https:\/\/lalmachine.com\/de\/wp-json\/wp\/v2\/types\/product"}],"wp:featuredmedia":[{"embeddable":true,"href":"https:\/\/lalmachine.com\/de\/wp-json\/wp\/v2\/media\/263618"}],"wp:attachment":[{"href":"https:\/\/lalmachine.com\/de\/wp-json\/wp\/v2\/media?parent=263285"}],"wp:term":[{"taxonomy":"product_brand","embeddable":true,"href":"https:\/\/lalmachine.com\/de\/wp-json\/wp\/v2\/product_brand?post=263285"},{"taxonomy":"product_cat","embeddable":true,"href":"https:\/\/lalmachine.com\/de\/wp-json\/wp\/v2\/product_cat?post=263285"},{"taxonomy":"product_tag","embeddable":true,"href":"https:\/\/lalmachine.com\/de\/wp-json\/wp\/v2\/product_tag?post=263285"},{"taxonomy":"proximite","embeddable":true,"href":"https:\/\/lalmachine.com\/de\/wp-json\/wp\/v2\/proximite?post=263285"}],"curies":[{"name":"wp","href":"https:\/\/api.w.org\/{rel}","templated":true}]}}