{"id":263860,"date":"2022-03-17T14:56:48","date_gmt":"2022-03-17T13:56:48","guid":{"rendered":"https:\/\/lalmachine.com\/?post_type=product&#038;p=263860"},"modified":"2024-12-05T21:54:29","modified_gmt":"2024-12-05T20:54:29","slug":"13-pieces-du-service-boch-la-louviere-modele-argenteuil","status":"publish","type":"product","link":"https:\/\/lalmachine.com\/de\/shop\/decorer\/art-de-la-table\/13-pieces-du-service-boch-la-louviere-modele-argenteuil\/","title":{"rendered":"13 pi\u00e8ces du service Boch La Louvi\u00e8re, mod\u00e8le Argenteuil"},"content":{"rendered":"<ul class=\"wpuf_customs\"><li style=\"list-style-type:none;\"><label>Autres photos:<\/label> <a href=\"https:\/\/lalmachine.com\/wp-content\/uploads\/2022\/03\/IMG_20220316_160822-7e06e382.jpg\"><img loading=\"lazy\" decoding=\"async\" width=\"72\" height=\"96\" src=\"https:\/\/lalmachine.com\/wp-content\/uploads\/2022\/03\/IMG_20220316_160822-7e06e382.jpg\" class=\"attachment-thumbnail size-thumbnail\" alt=\"\" \/><\/a> <a href=\"https:\/\/lalmachine.com\/wp-content\/uploads\/2022\/03\/IMG_20220316_160827-7e4df635.jpg\"><img loading=\"lazy\" decoding=\"async\" width=\"72\" height=\"96\" src=\"https:\/\/lalmachine.com\/wp-content\/uploads\/2022\/03\/IMG_20220316_160827-7e4df635.jpg\" class=\"attachment-thumbnail size-thumbnail\" alt=\"\" \/><\/a> <a href=\"https:\/\/lalmachine.com\/wp-content\/uploads\/2022\/03\/IMG_20220316_160833-f7cc55c0.jpg\"><img loading=\"lazy\" decoding=\"async\" width=\"72\" height=\"96\" src=\"https:\/\/lalmachine.com\/wp-content\/uploads\/2022\/03\/IMG_20220316_160833-f7cc55c0.jpg\" class=\"attachment-thumbnail size-thumbnail\" alt=\"\" \/><\/a> <a href=\"https:\/\/lalmachine.com\/wp-content\/uploads\/2022\/03\/IMG_20220316_160839-addb445f.jpg\"><img loading=\"lazy\" decoding=\"async\" width=\"72\" height=\"96\" src=\"https:\/\/lalmachine.com\/wp-content\/uploads\/2022\/03\/IMG_20220316_160839-addb445f.jpg\" class=\"attachment-thumbnail size-thumbnail\" alt=\"\" \/><\/a> <a href=\"https:\/\/lalmachine.com\/wp-content\/uploads\/2022\/03\/IMG_20220316_160909-d048be4e.jpg\"><img loading=\"lazy\" decoding=\"async\" width=\"72\" height=\"96\" src=\"https:\/\/lalmachine.com\/wp-content\/uploads\/2022\/03\/IMG_20220316_160909-d048be4e.jpg\" class=\"attachment-thumbnail size-thumbnail\" alt=\"\" \/><\/a> <a href=\"https:\/\/lalmachine.com\/wp-content\/uploads\/2022\/03\/IMG_20220316_160956-f027ddbe.jpg\"><img loading=\"lazy\" decoding=\"async\" width=\"72\" height=\"96\" src=\"https:\/\/lalmachine.com\/wp-content\/uploads\/2022\/03\/IMG_20220316_160956-f027ddbe.jpg\" class=\"attachment-thumbnail size-thumbnail\" alt=\"\" \/><\/a> <a href=\"https:\/\/lalmachine.com\/wp-content\/uploads\/2022\/03\/IMG_20220316_161003-fbf5b556.jpg\"><img loading=\"lazy\" decoding=\"async\" width=\"72\" height=\"96\" src=\"https:\/\/lalmachine.com\/wp-content\/uploads\/2022\/03\/IMG_20220316_161003-fbf5b556.jpg\" class=\"attachment-thumbnail size-thumbnail\" alt=\"\" \/><\/a> <a href=\"https:\/\/lalmachine.com\/wp-content\/uploads\/2022\/03\/IMG_20220316_161013-4010d302.jpg\"><img loading=\"lazy\" decoding=\"async\" width=\"72\" height=\"96\" src=\"https:\/\/lalmachine.com\/wp-content\/uploads\/2022\/03\/IMG_20220316_161013-4010d302.jpg\" class=\"attachment-thumbnail size-thumbnail\" alt=\"\" \/><\/a> <a href=\"https:\/\/lalmachine.com\/wp-content\/uploads\/2022\/03\/IMG_20220316_161042-a6585cf6.jpg\"><img loading=\"lazy\" decoding=\"async\" width=\"72\" height=\"96\" src=\"https:\/\/lalmachine.com\/wp-content\/uploads\/2022\/03\/IMG_20220316_161042-a6585cf6.jpg\" class=\"attachment-thumbnail size-thumbnail\" alt=\"\" \/><\/a> <a href=\"https:\/\/lalmachine.com\/wp-content\/uploads\/2022\/03\/IMG_20220316_160514-97640650.jpg\"><img loading=\"lazy\" decoding=\"async\" width=\"72\" height=\"96\" src=\"https:\/\/lalmachine.com\/wp-content\/uploads\/2022\/03\/IMG_20220316_160514-97640650.jpg\" class=\"attachment-thumbnail size-thumbnail\" alt=\"\" \/><\/a> <a href=\"https:\/\/lalmachine.com\/wp-content\/uploads\/2022\/03\/IMG_20220316_160528-ca4ffd2d.jpg\"><img loading=\"lazy\" decoding=\"async\" width=\"72\" height=\"96\" src=\"https:\/\/lalmachine.com\/wp-content\/uploads\/2022\/03\/IMG_20220316_160528-ca4ffd2d.jpg\" class=\"attachment-thumbnail size-thumbnail\" alt=\"\" \/><\/a> <a href=\"https:\/\/lalmachine.com\/wp-content\/uploads\/2022\/03\/IMG_20220316_160554-c804618e.jpg\"><img loading=\"lazy\" decoding=\"async\" width=\"72\" height=\"96\" src=\"https:\/\/lalmachine.com\/wp-content\/uploads\/2022\/03\/IMG_20220316_160554-c804618e.jpg\" class=\"attachment-thumbnail size-thumbnail\" alt=\"\" \/><\/a> <a href=\"https:\/\/lalmachine.com\/wp-content\/uploads\/2022\/03\/IMG_20220316_160638-7da653c0.jpg\"><img loading=\"lazy\" decoding=\"async\" width=\"128\" height=\"96\" src=\"https:\/\/lalmachine.com\/wp-content\/uploads\/2022\/03\/IMG_20220316_160638-7da653c0.jpg\" class=\"attachment-thumbnail size-thumbnail\" alt=\"\" \/><\/a> <a href=\"https:\/\/lalmachine.com\/wp-content\/uploads\/2022\/03\/IMG_20220316_160754-544a028a.jpg\"><img loading=\"lazy\" decoding=\"async\" width=\"72\" height=\"96\" src=\"https:\/\/lalmachine.com\/wp-content\/uploads\/2022\/03\/IMG_20220316_160754-544a028a.jpg\" class=\"attachment-thumbnail size-thumbnail\" alt=\"\" \/><\/a> <a href=\"https:\/\/lalmachine.com\/wp-content\/uploads\/2022\/03\/IMG_20220316_160652-ab5bfff2.jpg\"><img loading=\"lazy\" decoding=\"async\" width=\"72\" height=\"96\" src=\"https:\/\/lalmachine.com\/wp-content\/uploads\/2022\/03\/IMG_20220316_160652-ab5bfff2.jpg\" class=\"attachment-thumbnail size-thumbnail\" alt=\"\" \/><\/a> <\/li>        <li class=\"wpuf-field-data wpuf-field-data-numeric_text_field\">\n                            <label>Prix:<\/label>\n                        160        <\/li>\n        <\/ul>","protected":false},"excerpt":{"rendered":"<p>Lot de 13 pi\u00e8ces mod\u00e8le Argenteuil du service vintage sign\u00e9 Boch et fabriqu\u00e9 \u00e0 La Louvi\u00e8re (Belgique).<br \/>\nCe service, peint \u00e0 la main et en bon \u00e9tat g\u00e9n\u00e9ral, comprend :<br \/>\n&#8211; 4 assiettes \u00e0 dessert de 19 cm &#8211; sur une des assiettes il y a juste un fil sur l&rsquo;\u00e9mail (derni\u00e8re photo).<br \/>\n&#8211; 4 assiettes plates de 23 cm &#8211; sur une assiette il y a un point de peinture isol\u00e9.<br \/>\n&#8211; 1 plat de service rond de 30 cm,<br \/>\n&#8211; 1 plat de service ovale de 35 x 23 cm,<br \/>\n&#8211; 1 saladier de 21 x 8.5 cm,<br \/>\n&#8211; 1 th\u00e9i\u00e8re de 21 x 20 cm &#8211; couvercle manquant et petit \u00e9clat au bout du verseur,<br \/>\n&#8211; 1 pot \u00e0 lait, 0.25 litre (un quart de litre).<\/p>\n<p>La peinture sur certaines pi\u00e8ces est soit plus fonc\u00e9e ou plus claire selon l&rsquo;usage. Chaque pi\u00e8ce est estampill\u00e9e.<\/p>","protected":false},"featured_media":263805,"template":"","meta":{"_et_pb_use_builder":"","_et_pb_old_content":"","_et_gb_content_width":""},"product_brand":[],"product_cat":[96,50],"product_tag":[],"proximite":[177,235],"class_list":{"0":"post-263860","1":"product","2":"type-product","3":"status-publish","4":"has-post-thumbnail","6":"product_cat-art-de-la-table","7":"product_cat-decorer","8":"product_shipping_class-fragile-11-5","9":"pa_couleur-multicolore","10":"pa_etat-bon-etat","11":"pa_materiau-ceramique","12":"pa_style-vintage","13":"proximite-fribourg","14":"proximite-sarine","16":"first","17":"outofstock","18":"sale","19":"shipping-taxable","20":"purchasable","21":"product-type-simple"},"yoast_head":"<!-- This site is optimized with the Yoast SEO plugin v27.4 - https:\/\/yoast.com\/product\/yoast-seo-wordpress\/ -->\n<title>13 pi\u00e8ces du service Boch La Louvi\u00e8re, mod\u00e8le Argenteuil | lalmachine.com, mobilier et objets d\u00e9co vintage et design<\/title>\n<meta name=\"description\" content=\"Lot de 13 pi\u00e8ces mod\u00e8le Argenteuil du service vintage sign\u00e9 Boch et fabriqu\u00e9 \u00e0 La Louvi\u00e8re (Belgique).\" \/>\n<meta name=\"robots\" content=\"index, follow, max-snippet:-1, max-image-preview:large, max-video-preview:-1\" \/>\n<link rel=\"canonical\" href=\"https:\/\/lalmachine.com\/de\/shop\/decorer\/art-de-la-table\/13-pieces-du-service-boch-la-louviere-modele-argenteuil\/\" \/>\n<meta property=\"og:locale\" content=\"de_DE\" \/>\n<meta property=\"og:type\" content=\"article\" \/>\n<meta property=\"og:title\" content=\"13 pi\u00e8ces du service Boch La Louvi\u00e8re, mod\u00e8le Argenteuil | lalmachine.com, mobilier et objets d\u00e9co vintage et design\" \/>\n<meta property=\"og:description\" content=\"Lot de 13 pi\u00e8ces mod\u00e8le Argenteuil du service vintage sign\u00e9 Boch et fabriqu\u00e9 \u00e0 La Louvi\u00e8re (Belgique).\" \/>\n<meta property=\"og:url\" content=\"https:\/\/lalmachine.com\/de\/shop\/decorer\/art-de-la-table\/13-pieces-du-service-boch-la-louviere-modele-argenteuil\/\" \/>\n<meta property=\"og:site_name\" content=\"lalmachine.com\" \/>\n<meta property=\"article:publisher\" content=\"https:\/\/facebook.com\/lalmachine\" \/>\n<meta property=\"article:modified_time\" content=\"2024-12-05T20:54:29+00:00\" \/>\n<meta property=\"og:image\" content=\"https:\/\/lalmachine.com\/wp-content\/uploads\/2022\/03\/IMG_20220316_160822_clipped_rev_1-3e5e661f.jpeg\" \/>\n\t<meta property=\"og:image:width\" content=\"3130\" \/>\n\t<meta property=\"og:image:height\" content=\"3130\" \/>\n\t<meta property=\"og:image:type\" content=\"image\/jpeg\" \/>\n<meta name=\"twitter:card\" content=\"summary_large_image\" \/>\n<script type=\"application\/ld+json\" class=\"yoast-schema-graph\">{\"@context\":\"https:\\\/\\\/schema.org\",\"@graph\":[{\"@type\":\"WebPage\",\"@id\":\"https:\\\/\\\/lalmachine.com\\\/shop\\\/decorer\\\/art-de-la-table\\\/13-pieces-du-service-boch-la-louviere-modele-argenteuil\\\/\",\"url\":\"https:\\\/\\\/lalmachine.com\\\/shop\\\/decorer\\\/art-de-la-table\\\/13-pieces-du-service-boch-la-louviere-modele-argenteuil\\\/\",\"name\":\"13 pi\u00e8ces du service Boch La Louvi\u00e8re, mod\u00e8le Argenteuil | lalmachine.com, mobilier et objets d\u00e9co vintage et design\",\"isPartOf\":{\"@id\":\"https:\\\/\\\/lalmachine.com\\\/#website\"},\"primaryImageOfPage\":{\"@id\":\"https:\\\/\\\/lalmachine.com\\\/shop\\\/decorer\\\/art-de-la-table\\\/13-pieces-du-service-boch-la-louviere-modele-argenteuil\\\/#primaryimage\"},\"image\":{\"@id\":\"https:\\\/\\\/lalmachine.com\\\/shop\\\/decorer\\\/art-de-la-table\\\/13-pieces-du-service-boch-la-louviere-modele-argenteuil\\\/#primaryimage\"},\"thumbnailUrl\":\"https:\\\/\\\/lalmachine.com\\\/wp-content\\\/uploads\\\/2022\\\/03\\\/IMG_20220316_160822_clipped_rev_1-3e5e661f.jpeg\",\"datePublished\":\"2022-03-17T13:56:48+00:00\",\"dateModified\":\"2024-12-05T20:54:29+00:00\",\"description\":\"Lot de 13 pi\u00e8ces mod\u00e8le Argenteuil du service vintage sign\u00e9 Boch et fabriqu\u00e9 \u00e0 La Louvi\u00e8re (Belgique).\",\"breadcrumb\":{\"@id\":\"https:\\\/\\\/lalmachine.com\\\/shop\\\/decorer\\\/art-de-la-table\\\/13-pieces-du-service-boch-la-louviere-modele-argenteuil\\\/#breadcrumb\"},\"inLanguage\":\"de\",\"potentialAction\":[{\"@type\":\"ReadAction\",\"target\":[\"https:\\\/\\\/lalmachine.com\\\/shop\\\/decorer\\\/art-de-la-table\\\/13-pieces-du-service-boch-la-louviere-modele-argenteuil\\\/\"]}]},{\"@type\":\"ImageObject\",\"inLanguage\":\"de\",\"@id\":\"https:\\\/\\\/lalmachine.com\\\/shop\\\/decorer\\\/art-de-la-table\\\/13-pieces-du-service-boch-la-louviere-modele-argenteuil\\\/#primaryimage\",\"url\":\"https:\\\/\\\/lalmachine.com\\\/wp-content\\\/uploads\\\/2022\\\/03\\\/IMG_20220316_160822_clipped_rev_1-3e5e661f.jpeg\",\"contentUrl\":\"https:\\\/\\\/lalmachine.com\\\/wp-content\\\/uploads\\\/2022\\\/03\\\/IMG_20220316_160822_clipped_rev_1-3e5e661f.jpeg\",\"width\":3130,\"height\":3130,\"caption\":\"13 pi\u00e8ces du service Boch La Louvi\u00e8re, mod\u00e8le Argenteuil\"},{\"@type\":\"BreadcrumbList\",\"@id\":\"https:\\\/\\\/lalmachine.com\\\/shop\\\/decorer\\\/art-de-la-table\\\/13-pieces-du-service-boch-la-louviere-modele-argenteuil\\\/#breadcrumb\",\"itemListElement\":[{\"@type\":\"ListItem\",\"position\":1,\"name\":\"Accueil\",\"item\":\"https:\\\/\\\/lalmachine.com\\\/\"},{\"@type\":\"ListItem\",\"position\":2,\"name\":\"Shop\",\"item\":\"https:\\\/\\\/lalmachine.com\\\/shop\\\/\"},{\"@type\":\"ListItem\",\"position\":3,\"name\":\"13 pi\u00e8ces du service Boch La Louvi\u00e8re, mod\u00e8le Argenteuil\"}]},{\"@type\":\"WebSite\",\"@id\":\"https:\\\/\\\/lalmachine.com\\\/#website\",\"url\":\"https:\\\/\\\/lalmachine.com\\\/\",\"name\":\"lalmachine.com\",\"description\":\"Brocante en ligne Suisse | Mobilier et objets d\u00e9co vintage et design\",\"potentialAction\":[{\"@type\":\"SearchAction\",\"target\":{\"@type\":\"EntryPoint\",\"urlTemplate\":\"https:\\\/\\\/lalmachine.com\\\/?s={search_term_string}\"},\"query-input\":{\"@type\":\"PropertyValueSpecification\",\"valueRequired\":true,\"valueName\":\"search_term_string\"}}],\"inLanguage\":\"de\"}]}<\/script>\n<!-- \/ Yoast SEO plugin. -->","yoast_head_json":{"title":"13 pi\u00e8ces du service Boch La Louvi\u00e8re, mod\u00e8le Argenteuil | lalmachine.com, mobilier et objets d\u00e9co vintage et design","description":"Lot de 13 pi\u00e8ces mod\u00e8le Argenteuil du service vintage sign\u00e9 Boch et fabriqu\u00e9 \u00e0 La Louvi\u00e8re (Belgique).","robots":{"index":"index","follow":"follow","max-snippet":"max-snippet:-1","max-image-preview":"max-image-preview:large","max-video-preview":"max-video-preview:-1"},"canonical":"https:\/\/lalmachine.com\/de\/shop\/decorer\/art-de-la-table\/13-pieces-du-service-boch-la-louviere-modele-argenteuil\/","og_locale":"de_DE","og_type":"article","og_title":"13 pi\u00e8ces du service Boch La Louvi\u00e8re, mod\u00e8le Argenteuil | lalmachine.com, mobilier et objets d\u00e9co vintage et design","og_description":"Lot de 13 pi\u00e8ces mod\u00e8le Argenteuil du service vintage sign\u00e9 Boch et fabriqu\u00e9 \u00e0 La Louvi\u00e8re (Belgique).","og_url":"https:\/\/lalmachine.com\/de\/shop\/decorer\/art-de-la-table\/13-pieces-du-service-boch-la-louviere-modele-argenteuil\/","og_site_name":"lalmachine.com","article_publisher":"https:\/\/facebook.com\/lalmachine","article_modified_time":"2024-12-05T20:54:29+00:00","og_image":[{"width":3130,"height":3130,"url":"https:\/\/lalmachine.com\/wp-content\/uploads\/2022\/03\/IMG_20220316_160822_clipped_rev_1-3e5e661f.jpeg","type":"image\/jpeg"}],"twitter_card":"summary_large_image","schema":{"@context":"https:\/\/schema.org","@graph":[{"@type":"WebPage","@id":"https:\/\/lalmachine.com\/shop\/decorer\/art-de-la-table\/13-pieces-du-service-boch-la-louviere-modele-argenteuil\/","url":"https:\/\/lalmachine.com\/shop\/decorer\/art-de-la-table\/13-pieces-du-service-boch-la-louviere-modele-argenteuil\/","name":"13 pi\u00e8ces du service Boch La Louvi\u00e8re, mod\u00e8le Argenteuil | lalmachine.com, mobilier et objets d\u00e9co vintage et design","isPartOf":{"@id":"https:\/\/lalmachine.com\/#website"},"primaryImageOfPage":{"@id":"https:\/\/lalmachine.com\/shop\/decorer\/art-de-la-table\/13-pieces-du-service-boch-la-louviere-modele-argenteuil\/#primaryimage"},"image":{"@id":"https:\/\/lalmachine.com\/shop\/decorer\/art-de-la-table\/13-pieces-du-service-boch-la-louviere-modele-argenteuil\/#primaryimage"},"thumbnailUrl":"https:\/\/lalmachine.com\/wp-content\/uploads\/2022\/03\/IMG_20220316_160822_clipped_rev_1-3e5e661f.jpeg","datePublished":"2022-03-17T13:56:48+00:00","dateModified":"2024-12-05T20:54:29+00:00","description":"Lot de 13 pi\u00e8ces mod\u00e8le Argenteuil du service vintage sign\u00e9 Boch et fabriqu\u00e9 \u00e0 La Louvi\u00e8re (Belgique).","breadcrumb":{"@id":"https:\/\/lalmachine.com\/shop\/decorer\/art-de-la-table\/13-pieces-du-service-boch-la-louviere-modele-argenteuil\/#breadcrumb"},"inLanguage":"de","potentialAction":[{"@type":"ReadAction","target":["https:\/\/lalmachine.com\/shop\/decorer\/art-de-la-table\/13-pieces-du-service-boch-la-louviere-modele-argenteuil\/"]}]},{"@type":"ImageObject","inLanguage":"de","@id":"https:\/\/lalmachine.com\/shop\/decorer\/art-de-la-table\/13-pieces-du-service-boch-la-louviere-modele-argenteuil\/#primaryimage","url":"https:\/\/lalmachine.com\/wp-content\/uploads\/2022\/03\/IMG_20220316_160822_clipped_rev_1-3e5e661f.jpeg","contentUrl":"https:\/\/lalmachine.com\/wp-content\/uploads\/2022\/03\/IMG_20220316_160822_clipped_rev_1-3e5e661f.jpeg","width":3130,"height":3130,"caption":"13 pi\u00e8ces du service Boch La Louvi\u00e8re, mod\u00e8le Argenteuil"},{"@type":"BreadcrumbList","@id":"https:\/\/lalmachine.com\/shop\/decorer\/art-de-la-table\/13-pieces-du-service-boch-la-louviere-modele-argenteuil\/#breadcrumb","itemListElement":[{"@type":"ListItem","position":1,"name":"Accueil","item":"https:\/\/lalmachine.com\/"},{"@type":"ListItem","position":2,"name":"Shop","item":"https:\/\/lalmachine.com\/shop\/"},{"@type":"ListItem","position":3,"name":"13 pi\u00e8ces du service Boch La Louvi\u00e8re, mod\u00e8le Argenteuil"}]},{"@type":"WebSite","@id":"https:\/\/lalmachine.com\/#website","url":"https:\/\/lalmachine.com\/","name":"lalmachine.com","description":"Brocante en ligne Suisse | Mobilier et objets d\u00e9co vintage et design","potentialAction":[{"@type":"SearchAction","target":{"@type":"EntryPoint","urlTemplate":"https:\/\/lalmachine.com\/?s={search_term_string}"},"query-input":{"@type":"PropertyValueSpecification","valueRequired":true,"valueName":"search_term_string"}}],"inLanguage":"de"}]}},"_links":{"self":[{"href":"https:\/\/lalmachine.com\/de\/wp-json\/wp\/v2\/product\/263860","targetHints":{"allow":["GET"]}}],"collection":[{"href":"https:\/\/lalmachine.com\/de\/wp-json\/wp\/v2\/product"}],"about":[{"href":"https:\/\/lalmachine.com\/de\/wp-json\/wp\/v2\/types\/product"}],"wp:featuredmedia":[{"embeddable":true,"href":"https:\/\/lalmachine.com\/de\/wp-json\/wp\/v2\/media\/263805"}],"wp:attachment":[{"href":"https:\/\/lalmachine.com\/de\/wp-json\/wp\/v2\/media?parent=263860"}],"wp:term":[{"taxonomy":"product_brand","embeddable":true,"href":"https:\/\/lalmachine.com\/de\/wp-json\/wp\/v2\/product_brand?post=263860"},{"taxonomy":"product_cat","embeddable":true,"href":"https:\/\/lalmachine.com\/de\/wp-json\/wp\/v2\/product_cat?post=263860"},{"taxonomy":"product_tag","embeddable":true,"href":"https:\/\/lalmachine.com\/de\/wp-json\/wp\/v2\/product_tag?post=263860"},{"taxonomy":"proximite","embeddable":true,"href":"https:\/\/lalmachine.com\/de\/wp-json\/wp\/v2\/proximite?post=263860"}],"curies":[{"name":"wp","href":"https:\/\/api.w.org\/{rel}","templated":true}]}}