{"id":263952,"date":"2022-03-18T10:09:29","date_gmt":"2022-03-18T09:09:29","guid":{"rendered":"https:\/\/lalmachine.com\/?post_type=product&#038;p=263952"},"modified":"2024-12-05T21:54:30","modified_gmt":"2024-12-05T20:54:30","slug":"jardiniere-art-deco-1930","status":"publish","type":"product","link":"https:\/\/lalmachine.com\/de\/shop\/decorer\/porte-plantes-revues-etc\/jardiniere-art-deco-1930\/","title":{"rendered":"Jardini\u00e8re Art D\u00e9co 1930"},"content":{"rendered":"<ul class=\"wpuf_customs\"><li style=\"list-style-type:none;\"><label>Autres photos:<\/label> <a href=\"https:\/\/lalmachine.com\/wp-content\/uploads\/2022\/03\/07AAD144-6346-4172-8DC1-63501C04A5B9-6b381b03.jpeg\"><img loading=\"lazy\" decoding=\"async\" width=\"96\" height=\"96\" src=\"https:\/\/lalmachine.com\/wp-content\/uploads\/2022\/03\/07AAD144-6346-4172-8DC1-63501C04A5B9-6b381b03.jpeg\" class=\"attachment-thumbnail size-thumbnail\" alt=\"\" \/><\/a> <a href=\"https:\/\/lalmachine.com\/wp-content\/uploads\/2022\/03\/8F67D397-F758-4F6A-B1D1-F768CB53DEB8-86b5e746-rotated.jpeg\"><img loading=\"lazy\" decoding=\"async\" width=\"72\" height=\"96\" src=\"https:\/\/lalmachine.com\/wp-content\/uploads\/2022\/03\/8F67D397-F758-4F6A-B1D1-F768CB53DEB8-86b5e746-rotated.jpeg\" class=\"attachment-thumbnail size-thumbnail\" alt=\"\" \/><\/a> <a href=\"https:\/\/lalmachine.com\/wp-content\/uploads\/2022\/03\/0465113D-640E-4F46-B89F-89916807D36E-d8da435b.jpeg\"><img loading=\"lazy\" decoding=\"async\" width=\"54\" height=\"96\" src=\"https:\/\/lalmachine.com\/wp-content\/uploads\/2022\/03\/0465113D-640E-4F46-B89F-89916807D36E-d8da435b.jpeg\" class=\"attachment-thumbnail size-thumbnail\" alt=\"\" \/><\/a> <a href=\"https:\/\/lalmachine.com\/wp-content\/uploads\/2022\/03\/FB4A853B-CDDC-4999-9F43-DB8EBF10983A-62e80ebc-rotated.jpeg\"><img loading=\"lazy\" decoding=\"async\" width=\"72\" height=\"96\" src=\"https:\/\/lalmachine.com\/wp-content\/uploads\/2022\/03\/FB4A853B-CDDC-4999-9F43-DB8EBF10983A-62e80ebc-rotated.jpeg\" class=\"attachment-thumbnail size-thumbnail\" alt=\"\" \/><\/a> <a href=\"https:\/\/lalmachine.com\/wp-content\/uploads\/2022\/03\/D40D95AC-8443-44BB-9898-228A0CE8A9AA-ec579dd1-rotated.jpeg\"><img loading=\"lazy\" decoding=\"async\" width=\"72\" height=\"96\" src=\"https:\/\/lalmachine.com\/wp-content\/uploads\/2022\/03\/D40D95AC-8443-44BB-9898-228A0CE8A9AA-ec579dd1-rotated.jpeg\" class=\"attachment-thumbnail size-thumbnail\" alt=\"\" \/><\/a> <a href=\"https:\/\/lalmachine.com\/wp-content\/uploads\/2022\/03\/CAB21102-45E5-43FB-89D7-7D24D06ED4C0-1c44e05c-rotated.jpeg\"><img loading=\"lazy\" decoding=\"async\" width=\"72\" height=\"96\" src=\"https:\/\/lalmachine.com\/wp-content\/uploads\/2022\/03\/CAB21102-45E5-43FB-89D7-7D24D06ED4C0-1c44e05c-rotated.jpeg\" class=\"attachment-thumbnail size-thumbnail\" alt=\"\" \/><\/a> <a href=\"https:\/\/lalmachine.com\/wp-content\/uploads\/2022\/03\/39E804F2-ADC3-4C1C-AD96-4736A84D26B8-052839a4-rotated.jpeg\"><img loading=\"lazy\" decoding=\"async\" width=\"72\" height=\"96\" src=\"https:\/\/lalmachine.com\/wp-content\/uploads\/2022\/03\/39E804F2-ADC3-4C1C-AD96-4736A84D26B8-052839a4-rotated.jpeg\" class=\"attachment-thumbnail size-thumbnail\" alt=\"\" \/><\/a> <a href=\"https:\/\/lalmachine.com\/wp-content\/uploads\/2022\/03\/F0110AA4-FC99-470A-B850-4B54738E3D05-752eb9a5-rotated.jpeg\"><img loading=\"lazy\" decoding=\"async\" width=\"72\" height=\"96\" src=\"https:\/\/lalmachine.com\/wp-content\/uploads\/2022\/03\/F0110AA4-FC99-470A-B850-4B54738E3D05-752eb9a5-rotated.jpeg\" class=\"attachment-thumbnail size-thumbnail\" alt=\"\" \/><\/a> <a href=\"https:\/\/lalmachine.com\/wp-content\/uploads\/2022\/03\/9AFB3345-81FD-4524-9EE4-BEA9E960A916-9473be91-rotated.jpeg\"><img loading=\"lazy\" decoding=\"async\" width=\"72\" height=\"96\" src=\"https:\/\/lalmachine.com\/wp-content\/uploads\/2022\/03\/9AFB3345-81FD-4524-9EE4-BEA9E960A916-9473be91-rotated.jpeg\" class=\"attachment-thumbnail size-thumbnail\" alt=\"\" \/><\/a> <a href=\"https:\/\/lalmachine.com\/wp-content\/uploads\/2022\/03\/B55F3572-1DBC-4940-99CE-000DBDF9AB05-c1c7e0db.jpeg\"><img loading=\"lazy\" decoding=\"async\" width=\"96\" height=\"96\" src=\"https:\/\/lalmachine.com\/wp-content\/uploads\/2022\/03\/B55F3572-1DBC-4940-99CE-000DBDF9AB05-c1c7e0db.jpeg\" class=\"attachment-thumbnail size-thumbnail\" alt=\"\" \/><\/a> <a href=\"https:\/\/lalmachine.com\/wp-content\/uploads\/2022\/03\/DE40C853-F9CB-4B14-8B7E-15FB052C48BA-4ba7248b.jpeg\"><img loading=\"lazy\" decoding=\"async\" width=\"96\" height=\"96\" src=\"https:\/\/lalmachine.com\/wp-content\/uploads\/2022\/03\/DE40C853-F9CB-4B14-8B7E-15FB052C48BA-4ba7248b.jpeg\" class=\"attachment-thumbnail size-thumbnail\" alt=\"\" \/><\/a> <a href=\"https:\/\/lalmachine.com\/wp-content\/uploads\/2022\/03\/7FEBEE7B-50AC-41B8-B65D-0266EBEE0391-91626e60.jpeg\"><img loading=\"lazy\" decoding=\"async\" width=\"96\" height=\"96\" src=\"https:\/\/lalmachine.com\/wp-content\/uploads\/2022\/03\/7FEBEE7B-50AC-41B8-B65D-0266EBEE0391-91626e60.jpeg\" class=\"attachment-thumbnail size-thumbnail\" alt=\"\" \/><\/a> <a href=\"https:\/\/lalmachine.com\/wp-content\/uploads\/2022\/03\/703685B3-BF20-4E82-BDA5-46BD3D1729C7-72b7396f.jpeg\"><img loading=\"lazy\" decoding=\"async\" width=\"96\" height=\"96\" src=\"https:\/\/lalmachine.com\/wp-content\/uploads\/2022\/03\/703685B3-BF20-4E82-BDA5-46BD3D1729C7-72b7396f.jpeg\" class=\"attachment-thumbnail size-thumbnail\" alt=\"\" \/><\/a> <a href=\"https:\/\/lalmachine.com\/wp-content\/uploads\/2022\/03\/31E4B017-D693-49DD-BC8B-FC7DEC96F595-3a9ed49b-rotated.jpeg\"><img loading=\"lazy\" decoding=\"async\" width=\"72\" height=\"96\" src=\"https:\/\/lalmachine.com\/wp-content\/uploads\/2022\/03\/31E4B017-D693-49DD-BC8B-FC7DEC96F595-3a9ed49b-rotated.jpeg\" class=\"attachment-thumbnail size-thumbnail\" alt=\"\" \/><\/a> <\/li>        <li class=\"wpuf-field-data wpuf-field-data-numeric_text_field\">\n                            <label>Prix:<\/label>\n                        230        <\/li>\n                <li class=\"wpuf-field-data wpuf-field-data-numeric_text_field\">\n                            <label>Quantit\u00e9:<\/label>\n                        1        <\/li>\n                <li class=\"wpuf-field-data wpuf-field-data-numeric_text_field\">\n                            <label>Hauteur (cm):<\/label>\n                        95        <\/li>\n                <li class=\"wpuf-field-data wpuf-field-data-numeric_text_field\">\n                            <label>Largeur (cm):<\/label>\n                        70        <\/li>\n                <li class=\"wpuf-field-data wpuf-field-data-numeric_text_field\">\n                            <label>Profondeur (cm):<\/label>\n                        24        <\/li>\n        <\/ul>","protected":false},"excerpt":{"rendered":"<p>Cette jardini\u00e8re Art D\u00e9co est robuste et bien faite. Une partie de la peinture s&#8217;est d\u00e9tach\u00e9e et il y a un peu de corrosion mineure &#8211; voir les photos. Cela lui donne un look shabby chic et ferait une belle jardini\u00e8re pour le balcon ou la cuisine pour planter des herbes.<br \/>\n&#8211;<br \/>\nThis Art Deco planter is sturdy and well made. Some of the pain has come off and some minor corrosion- see pictures. It does give it a shabby chic look and would make a great planter for the balcony or kitchen to plant herbs.<\/p>","protected":false},"featured_media":264008,"template":"","meta":{"_et_pb_use_builder":"","_et_pb_old_content":"","_et_gb_content_width":""},"product_brand":[],"product_cat":[50,105],"product_tag":[],"proximite":[180],"class_list":{"0":"post-263952","1":"product","2":"type-product","3":"status-publish","4":"has-post-thumbnail","6":"product_cat-decorer","7":"product_cat-porte-plantes-revues-etc","8":"pa_couleur-bleu","9":"pa_etat-bon-etat","10":"pa_materiau-metal","11":"pa_style-vintage","12":"proximite-geneve","14":"first","15":"instock","16":"shipping-taxable","17":"purchasable","18":"product-type-simple"},"yoast_head":"<!-- This site is optimized with the Yoast SEO plugin v27.4 - https:\/\/yoast.com\/product\/yoast-seo-wordpress\/ -->\n<title>Jardini\u00e8re Art D\u00e9co 1930 | lalmachine.com, mobilier et objets d\u00e9co vintage et design<\/title>\n<meta name=\"description\" content=\"Cette jardini\u00e8re Art D\u00e9co est robuste et bien faite. Une partie de la peinture s&#039;est d\u00e9tach\u00e9e et il y a un peu de corrosion mineure - voir les photos. Cela lui donne un look shabby chic et ferait une belle jardini\u00e8re pour le balcon ou la cuisine pour planter des herbes.\" \/>\n<meta name=\"robots\" content=\"index, follow, max-snippet:-1, max-image-preview:large, max-video-preview:-1\" \/>\n<link rel=\"canonical\" href=\"https:\/\/lalmachine.com\/de\/shop\/decorer\/porte-plantes-revues-etc\/jardiniere-art-deco-1930\/\" \/>\n<meta property=\"og:locale\" content=\"de_DE\" \/>\n<meta property=\"og:type\" content=\"article\" \/>\n<meta property=\"og:title\" content=\"Jardini\u00e8re Art D\u00e9co 1930 | lalmachine.com, mobilier et objets d\u00e9co vintage et design\" \/>\n<meta property=\"og:description\" content=\"Cette jardini\u00e8re Art D\u00e9co est robuste et bien faite. Une partie de la peinture s&#039;est d\u00e9tach\u00e9e et il y a un peu de corrosion mineure - voir les photos. Cela lui donne un look shabby chic et ferait une belle jardini\u00e8re pour le balcon ou la cuisine pour planter des herbes.\" \/>\n<meta property=\"og:url\" content=\"https:\/\/lalmachine.com\/de\/shop\/decorer\/porte-plantes-revues-etc\/jardiniere-art-deco-1930\/\" \/>\n<meta property=\"og:site_name\" content=\"lalmachine.com\" \/>\n<meta property=\"article:publisher\" content=\"https:\/\/facebook.com\/lalmachine\" \/>\n<meta property=\"article:modified_time\" content=\"2024-12-05T20:54:30+00:00\" \/>\n<meta property=\"og:image\" content=\"https:\/\/lalmachine.com\/wp-content\/uploads\/2022\/03\/2706D993-86EF-40A2-A276-EE85AAAED0DE-3a270269_clipped_rev_1.jpeg\" \/>\n\t<meta property=\"og:image:width\" content=\"5790\" \/>\n\t<meta property=\"og:image:height\" content=\"5790\" \/>\n\t<meta property=\"og:image:type\" content=\"image\/jpeg\" \/>\n<meta name=\"twitter:card\" content=\"summary_large_image\" \/>\n<script type=\"application\/ld+json\" class=\"yoast-schema-graph\">{\"@context\":\"https:\\\/\\\/schema.org\",\"@graph\":[{\"@type\":\"WebPage\",\"@id\":\"https:\\\/\\\/lalmachine.com\\\/shop\\\/decorer\\\/porte-plantes-revues-etc\\\/jardiniere-art-deco-1930\\\/\",\"url\":\"https:\\\/\\\/lalmachine.com\\\/shop\\\/decorer\\\/porte-plantes-revues-etc\\\/jardiniere-art-deco-1930\\\/\",\"name\":\"Jardini\u00e8re Art D\u00e9co 1930 | lalmachine.com, mobilier et objets d\u00e9co vintage et design\",\"isPartOf\":{\"@id\":\"https:\\\/\\\/lalmachine.com\\\/#website\"},\"primaryImageOfPage\":{\"@id\":\"https:\\\/\\\/lalmachine.com\\\/shop\\\/decorer\\\/porte-plantes-revues-etc\\\/jardiniere-art-deco-1930\\\/#primaryimage\"},\"image\":{\"@id\":\"https:\\\/\\\/lalmachine.com\\\/shop\\\/decorer\\\/porte-plantes-revues-etc\\\/jardiniere-art-deco-1930\\\/#primaryimage\"},\"thumbnailUrl\":\"https:\\\/\\\/lalmachine.com\\\/wp-content\\\/uploads\\\/2022\\\/03\\\/2706D993-86EF-40A2-A276-EE85AAAED0DE-3a270269_clipped_rev_1.jpeg\",\"datePublished\":\"2022-03-18T09:09:29+00:00\",\"dateModified\":\"2024-12-05T20:54:30+00:00\",\"description\":\"Cette jardini\u00e8re Art D\u00e9co est robuste et bien faite. Une partie de la peinture s'est d\u00e9tach\u00e9e et il y a un peu de corrosion mineure - voir les photos. Cela lui donne un look shabby chic et ferait une belle jardini\u00e8re pour le balcon ou la cuisine pour planter des herbes.\",\"breadcrumb\":{\"@id\":\"https:\\\/\\\/lalmachine.com\\\/shop\\\/decorer\\\/porte-plantes-revues-etc\\\/jardiniere-art-deco-1930\\\/#breadcrumb\"},\"inLanguage\":\"de\",\"potentialAction\":[{\"@type\":\"ReadAction\",\"target\":[\"https:\\\/\\\/lalmachine.com\\\/shop\\\/decorer\\\/porte-plantes-revues-etc\\\/jardiniere-art-deco-1930\\\/\"]}]},{\"@type\":\"ImageObject\",\"inLanguage\":\"de\",\"@id\":\"https:\\\/\\\/lalmachine.com\\\/shop\\\/decorer\\\/porte-plantes-revues-etc\\\/jardiniere-art-deco-1930\\\/#primaryimage\",\"url\":\"https:\\\/\\\/lalmachine.com\\\/wp-content\\\/uploads\\\/2022\\\/03\\\/2706D993-86EF-40A2-A276-EE85AAAED0DE-3a270269_clipped_rev_1.jpeg\",\"contentUrl\":\"https:\\\/\\\/lalmachine.com\\\/wp-content\\\/uploads\\\/2022\\\/03\\\/2706D993-86EF-40A2-A276-EE85AAAED0DE-3a270269_clipped_rev_1.jpeg\",\"width\":5790,\"height\":5790,\"caption\":\"Jardini\u00e8re Art D\u00e9co 1930\"},{\"@type\":\"BreadcrumbList\",\"@id\":\"https:\\\/\\\/lalmachine.com\\\/shop\\\/decorer\\\/porte-plantes-revues-etc\\\/jardiniere-art-deco-1930\\\/#breadcrumb\",\"itemListElement\":[{\"@type\":\"ListItem\",\"position\":1,\"name\":\"Accueil\",\"item\":\"https:\\\/\\\/lalmachine.com\\\/\"},{\"@type\":\"ListItem\",\"position\":2,\"name\":\"Shop\",\"item\":\"https:\\\/\\\/lalmachine.com\\\/shop\\\/\"},{\"@type\":\"ListItem\",\"position\":3,\"name\":\"Jardini\u00e8re Art D\u00e9co 1930\"}]},{\"@type\":\"WebSite\",\"@id\":\"https:\\\/\\\/lalmachine.com\\\/#website\",\"url\":\"https:\\\/\\\/lalmachine.com\\\/\",\"name\":\"lalmachine.com\",\"description\":\"Brocante en ligne Suisse | Mobilier et objets d\u00e9co vintage et design\",\"potentialAction\":[{\"@type\":\"SearchAction\",\"target\":{\"@type\":\"EntryPoint\",\"urlTemplate\":\"https:\\\/\\\/lalmachine.com\\\/?s={search_term_string}\"},\"query-input\":{\"@type\":\"PropertyValueSpecification\",\"valueRequired\":true,\"valueName\":\"search_term_string\"}}],\"inLanguage\":\"de\"}]}<\/script>\n<!-- \/ Yoast SEO plugin. -->","yoast_head_json":{"title":"Jardini\u00e8re Art D\u00e9co 1930 | lalmachine.com, mobilier et objets d\u00e9co vintage et design","description":"Cette jardini\u00e8re Art D\u00e9co est robuste et bien faite. Une partie de la peinture s'est d\u00e9tach\u00e9e et il y a un peu de corrosion mineure - voir les photos. Cela lui donne un look shabby chic et ferait une belle jardini\u00e8re pour le balcon ou la cuisine pour planter des herbes.","robots":{"index":"index","follow":"follow","max-snippet":"max-snippet:-1","max-image-preview":"max-image-preview:large","max-video-preview":"max-video-preview:-1"},"canonical":"https:\/\/lalmachine.com\/de\/shop\/decorer\/porte-plantes-revues-etc\/jardiniere-art-deco-1930\/","og_locale":"de_DE","og_type":"article","og_title":"Jardini\u00e8re Art D\u00e9co 1930 | lalmachine.com, mobilier et objets d\u00e9co vintage et design","og_description":"Cette jardini\u00e8re Art D\u00e9co est robuste et bien faite. Une partie de la peinture s'est d\u00e9tach\u00e9e et il y a un peu de corrosion mineure - voir les photos. Cela lui donne un look shabby chic et ferait une belle jardini\u00e8re pour le balcon ou la cuisine pour planter des herbes.","og_url":"https:\/\/lalmachine.com\/de\/shop\/decorer\/porte-plantes-revues-etc\/jardiniere-art-deco-1930\/","og_site_name":"lalmachine.com","article_publisher":"https:\/\/facebook.com\/lalmachine","article_modified_time":"2024-12-05T20:54:30+00:00","og_image":[{"width":5790,"height":5790,"url":"https:\/\/lalmachine.com\/wp-content\/uploads\/2022\/03\/2706D993-86EF-40A2-A276-EE85AAAED0DE-3a270269_clipped_rev_1.jpeg","type":"image\/jpeg"}],"twitter_card":"summary_large_image","schema":{"@context":"https:\/\/schema.org","@graph":[{"@type":"WebPage","@id":"https:\/\/lalmachine.com\/shop\/decorer\/porte-plantes-revues-etc\/jardiniere-art-deco-1930\/","url":"https:\/\/lalmachine.com\/shop\/decorer\/porte-plantes-revues-etc\/jardiniere-art-deco-1930\/","name":"Jardini\u00e8re Art D\u00e9co 1930 | lalmachine.com, mobilier et objets d\u00e9co vintage et design","isPartOf":{"@id":"https:\/\/lalmachine.com\/#website"},"primaryImageOfPage":{"@id":"https:\/\/lalmachine.com\/shop\/decorer\/porte-plantes-revues-etc\/jardiniere-art-deco-1930\/#primaryimage"},"image":{"@id":"https:\/\/lalmachine.com\/shop\/decorer\/porte-plantes-revues-etc\/jardiniere-art-deco-1930\/#primaryimage"},"thumbnailUrl":"https:\/\/lalmachine.com\/wp-content\/uploads\/2022\/03\/2706D993-86EF-40A2-A276-EE85AAAED0DE-3a270269_clipped_rev_1.jpeg","datePublished":"2022-03-18T09:09:29+00:00","dateModified":"2024-12-05T20:54:30+00:00","description":"Cette jardini\u00e8re Art D\u00e9co est robuste et bien faite. Une partie de la peinture s'est d\u00e9tach\u00e9e et il y a un peu de corrosion mineure - voir les photos. Cela lui donne un look shabby chic et ferait une belle jardini\u00e8re pour le balcon ou la cuisine pour planter des herbes.","breadcrumb":{"@id":"https:\/\/lalmachine.com\/shop\/decorer\/porte-plantes-revues-etc\/jardiniere-art-deco-1930\/#breadcrumb"},"inLanguage":"de","potentialAction":[{"@type":"ReadAction","target":["https:\/\/lalmachine.com\/shop\/decorer\/porte-plantes-revues-etc\/jardiniere-art-deco-1930\/"]}]},{"@type":"ImageObject","inLanguage":"de","@id":"https:\/\/lalmachine.com\/shop\/decorer\/porte-plantes-revues-etc\/jardiniere-art-deco-1930\/#primaryimage","url":"https:\/\/lalmachine.com\/wp-content\/uploads\/2022\/03\/2706D993-86EF-40A2-A276-EE85AAAED0DE-3a270269_clipped_rev_1.jpeg","contentUrl":"https:\/\/lalmachine.com\/wp-content\/uploads\/2022\/03\/2706D993-86EF-40A2-A276-EE85AAAED0DE-3a270269_clipped_rev_1.jpeg","width":5790,"height":5790,"caption":"Jardini\u00e8re Art D\u00e9co 1930"},{"@type":"BreadcrumbList","@id":"https:\/\/lalmachine.com\/shop\/decorer\/porte-plantes-revues-etc\/jardiniere-art-deco-1930\/#breadcrumb","itemListElement":[{"@type":"ListItem","position":1,"name":"Accueil","item":"https:\/\/lalmachine.com\/"},{"@type":"ListItem","position":2,"name":"Shop","item":"https:\/\/lalmachine.com\/shop\/"},{"@type":"ListItem","position":3,"name":"Jardini\u00e8re Art D\u00e9co 1930"}]},{"@type":"WebSite","@id":"https:\/\/lalmachine.com\/#website","url":"https:\/\/lalmachine.com\/","name":"lalmachine.com","description":"Brocante en ligne Suisse | Mobilier et objets d\u00e9co vintage et design","potentialAction":[{"@type":"SearchAction","target":{"@type":"EntryPoint","urlTemplate":"https:\/\/lalmachine.com\/?s={search_term_string}"},"query-input":{"@type":"PropertyValueSpecification","valueRequired":true,"valueName":"search_term_string"}}],"inLanguage":"de"}]}},"_links":{"self":[{"href":"https:\/\/lalmachine.com\/de\/wp-json\/wp\/v2\/product\/263952","targetHints":{"allow":["GET"]}}],"collection":[{"href":"https:\/\/lalmachine.com\/de\/wp-json\/wp\/v2\/product"}],"about":[{"href":"https:\/\/lalmachine.com\/de\/wp-json\/wp\/v2\/types\/product"}],"wp:featuredmedia":[{"embeddable":true,"href":"https:\/\/lalmachine.com\/de\/wp-json\/wp\/v2\/media\/264008"}],"wp:attachment":[{"href":"https:\/\/lalmachine.com\/de\/wp-json\/wp\/v2\/media?parent=263952"}],"wp:term":[{"taxonomy":"product_brand","embeddable":true,"href":"https:\/\/lalmachine.com\/de\/wp-json\/wp\/v2\/product_brand?post=263952"},{"taxonomy":"product_cat","embeddable":true,"href":"https:\/\/lalmachine.com\/de\/wp-json\/wp\/v2\/product_cat?post=263952"},{"taxonomy":"product_tag","embeddable":true,"href":"https:\/\/lalmachine.com\/de\/wp-json\/wp\/v2\/product_tag?post=263952"},{"taxonomy":"proximite","embeddable":true,"href":"https:\/\/lalmachine.com\/de\/wp-json\/wp\/v2\/proximite?post=263952"}],"curies":[{"name":"wp","href":"https:\/\/api.w.org\/{rel}","templated":true}]}}