{"id":264085,"date":"2022-03-18T14:16:08","date_gmt":"2022-03-18T13:16:08","guid":{"rendered":"https:\/\/lalmachine.com\/?post_type=product&#038;p=264085"},"modified":"2024-12-05T21:54:30","modified_gmt":"2024-12-05T20:54:30","slug":"coiffeuse-bureau","status":"publish","type":"product","link":"https:\/\/lalmachine.com\/de\/shop\/meubler\/bureau\/coiffeuse-bureau\/","title":{"rendered":"Coiffeuse \/ bureau"},"content":{"rendered":"<ul class=\"wpuf_customs\"><li style=\"list-style-type:none;\"><label>Autres photos:<\/label> <a href=\"https:\/\/lalmachine.com\/wp-content\/uploads\/2022\/03\/5D1CB6FA-32CA-4AAD-BD69-6DA541C0A423-01d1802a.jpeg\"><img loading=\"lazy\" decoding=\"async\" width=\"109\" height=\"96\" src=\"https:\/\/lalmachine.com\/wp-content\/uploads\/2022\/03\/5D1CB6FA-32CA-4AAD-BD69-6DA541C0A423-01d1802a.jpeg\" class=\"attachment-thumbnail size-thumbnail\" alt=\"\" \/><\/a> <a href=\"https:\/\/lalmachine.com\/wp-content\/uploads\/2022\/03\/20723337-0834-437C-BB94-F22ABDBFCF13-4c4c7c8e.jpeg\"><img loading=\"lazy\" decoding=\"async\" width=\"110\" height=\"96\" src=\"https:\/\/lalmachine.com\/wp-content\/uploads\/2022\/03\/20723337-0834-437C-BB94-F22ABDBFCF13-4c4c7c8e.jpeg\" class=\"attachment-thumbnail size-thumbnail\" alt=\"\" \/><\/a> <a href=\"https:\/\/lalmachine.com\/wp-content\/uploads\/2022\/03\/A9BC3187-688E-4811-B307-B5A9850F4B35-eba2c106.jpeg\"><img loading=\"lazy\" decoding=\"async\" width=\"110\" height=\"96\" src=\"https:\/\/lalmachine.com\/wp-content\/uploads\/2022\/03\/A9BC3187-688E-4811-B307-B5A9850F4B35-eba2c106.jpeg\" class=\"attachment-thumbnail size-thumbnail\" alt=\"\" \/><\/a> <a href=\"https:\/\/lalmachine.com\/wp-content\/uploads\/2022\/03\/7A52BED2-E626-49E6-8C30-5CC0036A4AF7-ada0c68c.jpeg\"><img loading=\"lazy\" decoding=\"async\" width=\"110\" height=\"96\" src=\"https:\/\/lalmachine.com\/wp-content\/uploads\/2022\/03\/7A52BED2-E626-49E6-8C30-5CC0036A4AF7-ada0c68c.jpeg\" class=\"attachment-thumbnail size-thumbnail\" alt=\"\" \/><\/a> <a href=\"https:\/\/lalmachine.com\/wp-content\/uploads\/2022\/03\/B250C02C-7FE8-470B-AC4C-745302AC9C8E-445be918.jpeg\"><img loading=\"lazy\" decoding=\"async\" width=\"110\" height=\"96\" src=\"https:\/\/lalmachine.com\/wp-content\/uploads\/2022\/03\/B250C02C-7FE8-470B-AC4C-745302AC9C8E-445be918.jpeg\" class=\"attachment-thumbnail size-thumbnail\" alt=\"\" \/><\/a> <a href=\"https:\/\/lalmachine.com\/wp-content\/uploads\/2022\/03\/597A08E3-8FFC-4A58-B99C-19D0D6043C5B-2fc8ace2.jpeg\"><img loading=\"lazy\" decoding=\"async\" width=\"110\" height=\"96\" src=\"https:\/\/lalmachine.com\/wp-content\/uploads\/2022\/03\/597A08E3-8FFC-4A58-B99C-19D0D6043C5B-2fc8ace2.jpeg\" class=\"attachment-thumbnail size-thumbnail\" alt=\"\" \/><\/a> <a href=\"https:\/\/lalmachine.com\/wp-content\/uploads\/2022\/03\/72B69C2A-9D57-400F-BB73-475C71F1A9A6-05deaf48.jpeg\"><img loading=\"lazy\" decoding=\"async\" width=\"110\" height=\"96\" src=\"https:\/\/lalmachine.com\/wp-content\/uploads\/2022\/03\/72B69C2A-9D57-400F-BB73-475C71F1A9A6-05deaf48.jpeg\" class=\"attachment-thumbnail size-thumbnail\" alt=\"\" \/><\/a> <a href=\"https:\/\/lalmachine.com\/wp-content\/uploads\/2022\/03\/E633A0A4-C6E4-40F8-9A57-7DF69777E73C-453cfdab.jpeg\"><img loading=\"lazy\" decoding=\"async\" width=\"110\" height=\"96\" src=\"https:\/\/lalmachine.com\/wp-content\/uploads\/2022\/03\/E633A0A4-C6E4-40F8-9A57-7DF69777E73C-453cfdab.jpeg\" class=\"attachment-thumbnail size-thumbnail\" alt=\"\" \/><\/a> <\/li>        <li class=\"wpuf-field-data wpuf-field-data-numeric_text_field\">\n                            <label>Prix:<\/label>\n                        300        <\/li>\n                <li class=\"wpuf-field-data wpuf-field-data-numeric_text_field\">\n                            <label>Hauteur (cm):<\/label>\n                        76        <\/li>\n                <li class=\"wpuf-field-data wpuf-field-data-numeric_text_field\">\n                            <label>Largeur (cm):<\/label>\n                        114        <\/li>\n                <li class=\"wpuf-field-data wpuf-field-data-numeric_text_field\">\n                            <label>Profondeur (cm):<\/label>\n                        65        <\/li>\n        <\/ul>","protected":false},"excerpt":{"rendered":"<p>Coiffeuse pouvant aussi \u00eatre utilis\u00e9e comme bureau.<br \/>\nBon \u00e9tat, quelques t\u00e2ches sur le plateau (voir photos).<\/p>","protected":false},"featured_media":264089,"template":"","meta":{"_et_pb_use_builder":"","_et_pb_old_content":"","_et_gb_content_width":""},"product_brand":[],"product_cat":[85,47],"product_tag":[],"proximite":[177,235],"class_list":{"0":"post-264085","1":"product","2":"type-product","3":"status-publish","4":"has-post-thumbnail","6":"product_cat-bureau","7":"product_cat-meubler","8":"pa_couleur-bois","9":"pa_etat-bon-etat","10":"pa_materiau-bois","11":"pa_style-vintage","12":"proximite-fribourg","13":"proximite-sarine","15":"first","16":"outofstock","17":"shipping-taxable","18":"purchasable","19":"product-type-simple"},"yoast_head":"<!-- This site is optimized with the Yoast SEO plugin v27.4 - https:\/\/yoast.com\/product\/yoast-seo-wordpress\/ -->\n<title>Coiffeuse \/ bureau | lalmachine.com, mobilier et objets d\u00e9co vintage et design<\/title>\n<meta name=\"description\" content=\"Coiffeuse pouvant aussi \u00eatre utilis\u00e9e comme bureau.\" \/>\n<meta name=\"robots\" content=\"index, follow, max-snippet:-1, max-image-preview:large, max-video-preview:-1\" \/>\n<link rel=\"canonical\" href=\"https:\/\/lalmachine.com\/de\/shop\/meubler\/bureau\/coiffeuse-bureau\/\" \/>\n<meta property=\"og:locale\" content=\"de_DE\" \/>\n<meta property=\"og:type\" content=\"article\" \/>\n<meta property=\"og:title\" content=\"Coiffeuse \/ bureau | lalmachine.com, mobilier et objets d\u00e9co vintage et design\" \/>\n<meta property=\"og:description\" content=\"Coiffeuse pouvant aussi \u00eatre utilis\u00e9e comme bureau.\" \/>\n<meta property=\"og:url\" content=\"https:\/\/lalmachine.com\/de\/shop\/meubler\/bureau\/coiffeuse-bureau\/\" \/>\n<meta property=\"og:site_name\" content=\"lalmachine.com\" \/>\n<meta property=\"article:publisher\" content=\"https:\/\/facebook.com\/lalmachine\" \/>\n<meta property=\"article:modified_time\" content=\"2024-12-05T20:54:30+00:00\" \/>\n<meta property=\"og:image\" content=\"https:\/\/lalmachine.com\/wp-content\/uploads\/2022\/03\/C6B139EF-8235-49B9-85C6-C48E17949CD1-5a9d8374_clipped_rev_1.jpeg\" \/>\n\t<meta property=\"og:image:width\" content=\"2269\" \/>\n\t<meta property=\"og:image:height\" content=\"2269\" \/>\n\t<meta property=\"og:image:type\" content=\"image\/jpeg\" \/>\n<meta name=\"twitter:card\" content=\"summary_large_image\" \/>\n<script type=\"application\/ld+json\" class=\"yoast-schema-graph\">{\"@context\":\"https:\\\/\\\/schema.org\",\"@graph\":[{\"@type\":\"WebPage\",\"@id\":\"https:\\\/\\\/lalmachine.com\\\/shop\\\/meubler\\\/bureau\\\/coiffeuse-bureau\\\/\",\"url\":\"https:\\\/\\\/lalmachine.com\\\/shop\\\/meubler\\\/bureau\\\/coiffeuse-bureau\\\/\",\"name\":\"Coiffeuse \\\/ bureau | lalmachine.com, mobilier et objets d\u00e9co vintage et design\",\"isPartOf\":{\"@id\":\"https:\\\/\\\/lalmachine.com\\\/#website\"},\"primaryImageOfPage\":{\"@id\":\"https:\\\/\\\/lalmachine.com\\\/shop\\\/meubler\\\/bureau\\\/coiffeuse-bureau\\\/#primaryimage\"},\"image\":{\"@id\":\"https:\\\/\\\/lalmachine.com\\\/shop\\\/meubler\\\/bureau\\\/coiffeuse-bureau\\\/#primaryimage\"},\"thumbnailUrl\":\"https:\\\/\\\/lalmachine.com\\\/wp-content\\\/uploads\\\/2022\\\/03\\\/C6B139EF-8235-49B9-85C6-C48E17949CD1-5a9d8374_clipped_rev_1.jpeg\",\"datePublished\":\"2022-03-18T13:16:08+00:00\",\"dateModified\":\"2024-12-05T20:54:30+00:00\",\"description\":\"Coiffeuse pouvant aussi \u00eatre utilis\u00e9e comme bureau.\",\"breadcrumb\":{\"@id\":\"https:\\\/\\\/lalmachine.com\\\/shop\\\/meubler\\\/bureau\\\/coiffeuse-bureau\\\/#breadcrumb\"},\"inLanguage\":\"de\",\"potentialAction\":[{\"@type\":\"ReadAction\",\"target\":[\"https:\\\/\\\/lalmachine.com\\\/shop\\\/meubler\\\/bureau\\\/coiffeuse-bureau\\\/\"]}]},{\"@type\":\"ImageObject\",\"inLanguage\":\"de\",\"@id\":\"https:\\\/\\\/lalmachine.com\\\/shop\\\/meubler\\\/bureau\\\/coiffeuse-bureau\\\/#primaryimage\",\"url\":\"https:\\\/\\\/lalmachine.com\\\/wp-content\\\/uploads\\\/2022\\\/03\\\/C6B139EF-8235-49B9-85C6-C48E17949CD1-5a9d8374_clipped_rev_1.jpeg\",\"contentUrl\":\"https:\\\/\\\/lalmachine.com\\\/wp-content\\\/uploads\\\/2022\\\/03\\\/C6B139EF-8235-49B9-85C6-C48E17949CD1-5a9d8374_clipped_rev_1.jpeg\",\"width\":2269,\"height\":2269,\"caption\":\"Coiffeuse \\\/ bureau\"},{\"@type\":\"BreadcrumbList\",\"@id\":\"https:\\\/\\\/lalmachine.com\\\/shop\\\/meubler\\\/bureau\\\/coiffeuse-bureau\\\/#breadcrumb\",\"itemListElement\":[{\"@type\":\"ListItem\",\"position\":1,\"name\":\"Accueil\",\"item\":\"https:\\\/\\\/lalmachine.com\\\/\"},{\"@type\":\"ListItem\",\"position\":2,\"name\":\"Shop\",\"item\":\"https:\\\/\\\/lalmachine.com\\\/shop\\\/\"},{\"@type\":\"ListItem\",\"position\":3,\"name\":\"Coiffeuse \\\/ bureau\"}]},{\"@type\":\"WebSite\",\"@id\":\"https:\\\/\\\/lalmachine.com\\\/#website\",\"url\":\"https:\\\/\\\/lalmachine.com\\\/\",\"name\":\"lalmachine.com\",\"description\":\"Brocante en ligne Suisse | Mobilier et objets d\u00e9co vintage et design\",\"potentialAction\":[{\"@type\":\"SearchAction\",\"target\":{\"@type\":\"EntryPoint\",\"urlTemplate\":\"https:\\\/\\\/lalmachine.com\\\/?s={search_term_string}\"},\"query-input\":{\"@type\":\"PropertyValueSpecification\",\"valueRequired\":true,\"valueName\":\"search_term_string\"}}],\"inLanguage\":\"de\"}]}<\/script>\n<!-- \/ Yoast SEO plugin. -->","yoast_head_json":{"title":"Coiffeuse \/ bureau | lalmachine.com, mobilier et objets d\u00e9co vintage et design","description":"Coiffeuse pouvant aussi \u00eatre utilis\u00e9e comme bureau.","robots":{"index":"index","follow":"follow","max-snippet":"max-snippet:-1","max-image-preview":"max-image-preview:large","max-video-preview":"max-video-preview:-1"},"canonical":"https:\/\/lalmachine.com\/de\/shop\/meubler\/bureau\/coiffeuse-bureau\/","og_locale":"de_DE","og_type":"article","og_title":"Coiffeuse \/ bureau | lalmachine.com, mobilier et objets d\u00e9co vintage et design","og_description":"Coiffeuse pouvant aussi \u00eatre utilis\u00e9e comme bureau.","og_url":"https:\/\/lalmachine.com\/de\/shop\/meubler\/bureau\/coiffeuse-bureau\/","og_site_name":"lalmachine.com","article_publisher":"https:\/\/facebook.com\/lalmachine","article_modified_time":"2024-12-05T20:54:30+00:00","og_image":[{"width":2269,"height":2269,"url":"https:\/\/lalmachine.com\/wp-content\/uploads\/2022\/03\/C6B139EF-8235-49B9-85C6-C48E17949CD1-5a9d8374_clipped_rev_1.jpeg","type":"image\/jpeg"}],"twitter_card":"summary_large_image","schema":{"@context":"https:\/\/schema.org","@graph":[{"@type":"WebPage","@id":"https:\/\/lalmachine.com\/shop\/meubler\/bureau\/coiffeuse-bureau\/","url":"https:\/\/lalmachine.com\/shop\/meubler\/bureau\/coiffeuse-bureau\/","name":"Coiffeuse \/ bureau | lalmachine.com, mobilier et objets d\u00e9co vintage et design","isPartOf":{"@id":"https:\/\/lalmachine.com\/#website"},"primaryImageOfPage":{"@id":"https:\/\/lalmachine.com\/shop\/meubler\/bureau\/coiffeuse-bureau\/#primaryimage"},"image":{"@id":"https:\/\/lalmachine.com\/shop\/meubler\/bureau\/coiffeuse-bureau\/#primaryimage"},"thumbnailUrl":"https:\/\/lalmachine.com\/wp-content\/uploads\/2022\/03\/C6B139EF-8235-49B9-85C6-C48E17949CD1-5a9d8374_clipped_rev_1.jpeg","datePublished":"2022-03-18T13:16:08+00:00","dateModified":"2024-12-05T20:54:30+00:00","description":"Coiffeuse pouvant aussi \u00eatre utilis\u00e9e comme bureau.","breadcrumb":{"@id":"https:\/\/lalmachine.com\/shop\/meubler\/bureau\/coiffeuse-bureau\/#breadcrumb"},"inLanguage":"de","potentialAction":[{"@type":"ReadAction","target":["https:\/\/lalmachine.com\/shop\/meubler\/bureau\/coiffeuse-bureau\/"]}]},{"@type":"ImageObject","inLanguage":"de","@id":"https:\/\/lalmachine.com\/shop\/meubler\/bureau\/coiffeuse-bureau\/#primaryimage","url":"https:\/\/lalmachine.com\/wp-content\/uploads\/2022\/03\/C6B139EF-8235-49B9-85C6-C48E17949CD1-5a9d8374_clipped_rev_1.jpeg","contentUrl":"https:\/\/lalmachine.com\/wp-content\/uploads\/2022\/03\/C6B139EF-8235-49B9-85C6-C48E17949CD1-5a9d8374_clipped_rev_1.jpeg","width":2269,"height":2269,"caption":"Coiffeuse \/ bureau"},{"@type":"BreadcrumbList","@id":"https:\/\/lalmachine.com\/shop\/meubler\/bureau\/coiffeuse-bureau\/#breadcrumb","itemListElement":[{"@type":"ListItem","position":1,"name":"Accueil","item":"https:\/\/lalmachine.com\/"},{"@type":"ListItem","position":2,"name":"Shop","item":"https:\/\/lalmachine.com\/shop\/"},{"@type":"ListItem","position":3,"name":"Coiffeuse \/ bureau"}]},{"@type":"WebSite","@id":"https:\/\/lalmachine.com\/#website","url":"https:\/\/lalmachine.com\/","name":"lalmachine.com","description":"Brocante en ligne Suisse | Mobilier et objets d\u00e9co vintage et design","potentialAction":[{"@type":"SearchAction","target":{"@type":"EntryPoint","urlTemplate":"https:\/\/lalmachine.com\/?s={search_term_string}"},"query-input":{"@type":"PropertyValueSpecification","valueRequired":true,"valueName":"search_term_string"}}],"inLanguage":"de"}]}},"_links":{"self":[{"href":"https:\/\/lalmachine.com\/de\/wp-json\/wp\/v2\/product\/264085","targetHints":{"allow":["GET"]}}],"collection":[{"href":"https:\/\/lalmachine.com\/de\/wp-json\/wp\/v2\/product"}],"about":[{"href":"https:\/\/lalmachine.com\/de\/wp-json\/wp\/v2\/types\/product"}],"wp:featuredmedia":[{"embeddable":true,"href":"https:\/\/lalmachine.com\/de\/wp-json\/wp\/v2\/media\/264089"}],"wp:attachment":[{"href":"https:\/\/lalmachine.com\/de\/wp-json\/wp\/v2\/media?parent=264085"}],"wp:term":[{"taxonomy":"product_brand","embeddable":true,"href":"https:\/\/lalmachine.com\/de\/wp-json\/wp\/v2\/product_brand?post=264085"},{"taxonomy":"product_cat","embeddable":true,"href":"https:\/\/lalmachine.com\/de\/wp-json\/wp\/v2\/product_cat?post=264085"},{"taxonomy":"product_tag","embeddable":true,"href":"https:\/\/lalmachine.com\/de\/wp-json\/wp\/v2\/product_tag?post=264085"},{"taxonomy":"proximite","embeddable":true,"href":"https:\/\/lalmachine.com\/de\/wp-json\/wp\/v2\/proximite?post=264085"}],"curies":[{"name":"wp","href":"https:\/\/api.w.org\/{rel}","templated":true}]}}