{"id":265931,"date":"2023-10-25T16:01:14","date_gmt":"2023-10-25T14:01:14","guid":{"rendered":"https:\/\/lalmachine.com\/?post_type=product&#038;p=265931"},"modified":"2024-12-05T21:54:35","modified_gmt":"2024-12-05T20:54:35","slug":"fauteuil-cassina-modele-920","status":"publish","type":"product","link":"https:\/\/lalmachine.com\/de\/shop\/sasseoir\/canape-fauteuil-pouf\/fauteuil-cassina-modele-920\/","title":{"rendered":"Fauteuil Cassina mod\u00e8le 920"},"content":{"rendered":"<ul class=\"wpuf_customs\"><li style=\"list-style-type:none;\"><label>Autres photos:<\/label> <a href=\"https:\/\/lalmachine.com\/wp-content\/uploads\/2022\/04\/FB7D798E-D882-4EDE-BBB1-0A221330E178-4f7e17e5.jpeg\"><img loading=\"lazy\" decoding=\"async\" width=\"72\" height=\"96\" src=\"https:\/\/lalmachine.com\/wp-content\/uploads\/2022\/04\/FB7D798E-D882-4EDE-BBB1-0A221330E178-4f7e17e5.jpeg\" class=\"attachment-thumbnail size-thumbnail\" alt=\"\" \/><\/a> <a href=\"https:\/\/lalmachine.com\/wp-content\/uploads\/2022\/04\/3696B8C7-F18A-4E0E-86E0-D7439D11175B-4b5d332a-rotated.jpeg\"><img loading=\"lazy\" decoding=\"async\" width=\"72\" height=\"96\" src=\"https:\/\/lalmachine.com\/wp-content\/uploads\/2022\/04\/3696B8C7-F18A-4E0E-86E0-D7439D11175B-4b5d332a-rotated.jpeg\" class=\"attachment-thumbnail size-thumbnail\" alt=\"\" \/><\/a> <a href=\"https:\/\/lalmachine.com\/wp-content\/uploads\/2022\/04\/559EE021-6850-46A4-B19D-91F5FDE6C030-c034901d.jpeg\"><img loading=\"lazy\" decoding=\"async\" width=\"72\" height=\"96\" src=\"https:\/\/lalmachine.com\/wp-content\/uploads\/2022\/04\/559EE021-6850-46A4-B19D-91F5FDE6C030-c034901d.jpeg\" class=\"attachment-thumbnail size-thumbnail\" alt=\"\" \/><\/a> <a href=\"https:\/\/lalmachine.com\/wp-content\/uploads\/2022\/04\/D663FB93-7052-4015-841F-C3052B97736A-6cf5902b-rotated.jpeg\"><img loading=\"lazy\" decoding=\"async\" width=\"72\" height=\"96\" src=\"https:\/\/lalmachine.com\/wp-content\/uploads\/2022\/04\/D663FB93-7052-4015-841F-C3052B97736A-6cf5902b-rotated.jpeg\" class=\"attachment-thumbnail size-thumbnail\" alt=\"\" \/><\/a> <a href=\"https:\/\/lalmachine.com\/wp-content\/uploads\/2022\/04\/F23C1425-7B90-4043-A86C-06B40CE6A4D8-a61bb817-rotated.jpeg\"><img loading=\"lazy\" decoding=\"async\" width=\"72\" height=\"96\" src=\"https:\/\/lalmachine.com\/wp-content\/uploads\/2022\/04\/F23C1425-7B90-4043-A86C-06B40CE6A4D8-a61bb817-rotated.jpeg\" class=\"attachment-thumbnail size-thumbnail\" alt=\"\" \/><\/a> <a href=\"https:\/\/lalmachine.com\/wp-content\/uploads\/2022\/04\/2619674A-F292-49E6-BA8C-36B09E74AB21-14738f30-rotated.jpeg\"><img loading=\"lazy\" decoding=\"async\" width=\"72\" height=\"96\" src=\"https:\/\/lalmachine.com\/wp-content\/uploads\/2022\/04\/2619674A-F292-49E6-BA8C-36B09E74AB21-14738f30-rotated.jpeg\" class=\"attachment-thumbnail size-thumbnail\" alt=\"\" \/><\/a> <a href=\"https:\/\/lalmachine.com\/wp-content\/uploads\/2022\/04\/810EE0D5-A7AD-483F-BD9B-384B6762E976-eac02fff-rotated.jpeg\"><img loading=\"lazy\" decoding=\"async\" width=\"72\" height=\"96\" src=\"https:\/\/lalmachine.com\/wp-content\/uploads\/2022\/04\/810EE0D5-A7AD-483F-BD9B-384B6762E976-eac02fff-rotated.jpeg\" class=\"attachment-thumbnail size-thumbnail\" alt=\"\" \/><\/a> <a href=\"https:\/\/lalmachine.com\/wp-content\/uploads\/2022\/04\/159723AE-426B-4066-ADBA-231D9EFAF002-c91dbff4-rotated.jpeg\"><img loading=\"lazy\" decoding=\"async\" width=\"72\" height=\"96\" src=\"https:\/\/lalmachine.com\/wp-content\/uploads\/2022\/04\/159723AE-426B-4066-ADBA-231D9EFAF002-c91dbff4-rotated.jpeg\" class=\"attachment-thumbnail size-thumbnail\" alt=\"\" \/><\/a> <a href=\"https:\/\/lalmachine.com\/wp-content\/uploads\/2022\/04\/37EEB75A-9D22-4FF8-B532-2D0476D0B715-3b47e727-rotated.jpeg\"><img loading=\"lazy\" decoding=\"async\" width=\"72\" height=\"96\" src=\"https:\/\/lalmachine.com\/wp-content\/uploads\/2022\/04\/37EEB75A-9D22-4FF8-B532-2D0476D0B715-3b47e727-rotated.jpeg\" class=\"attachment-thumbnail size-thumbnail\" alt=\"\" \/><\/a> <a href=\"https:\/\/lalmachine.com\/wp-content\/uploads\/2022\/04\/7184E6AB-F13A-4D14-A139-F49FCD2FF2CA-553311f2-rotated.jpeg\"><img loading=\"lazy\" decoding=\"async\" width=\"72\" height=\"96\" src=\"https:\/\/lalmachine.com\/wp-content\/uploads\/2022\/04\/7184E6AB-F13A-4D14-A139-F49FCD2FF2CA-553311f2-rotated.jpeg\" class=\"attachment-thumbnail size-thumbnail\" alt=\"\" \/><\/a> <a href=\"https:\/\/lalmachine.com\/wp-content\/uploads\/2022\/04\/47FA584E-677E-47EB-9D90-DD411555143B-a45b465a-rotated.jpeg\"><img loading=\"lazy\" decoding=\"async\" width=\"72\" height=\"96\" src=\"https:\/\/lalmachine.com\/wp-content\/uploads\/2022\/04\/47FA584E-677E-47EB-9D90-DD411555143B-a45b465a-rotated.jpeg\" class=\"attachment-thumbnail size-thumbnail\" alt=\"\" \/><\/a> <a href=\"https:\/\/lalmachine.com\/wp-content\/uploads\/2022\/04\/B7722627-51D5-42E9-9CE7-D54AAB7D01BC-4340e2f6-rotated.jpeg\"><img loading=\"lazy\" decoding=\"async\" width=\"72\" height=\"96\" src=\"https:\/\/lalmachine.com\/wp-content\/uploads\/2022\/04\/B7722627-51D5-42E9-9CE7-D54AAB7D01BC-4340e2f6-rotated.jpeg\" class=\"attachment-thumbnail size-thumbnail\" alt=\"\" \/><\/a> <a href=\"https:\/\/lalmachine.com\/wp-content\/uploads\/2022\/04\/8AE2E81B-8D96-41D7-9387-54E1AE2500D8-4e7bdd3b-rotated.jpeg\"><img loading=\"lazy\" decoding=\"async\" width=\"72\" height=\"96\" src=\"https:\/\/lalmachine.com\/wp-content\/uploads\/2022\/04\/8AE2E81B-8D96-41D7-9387-54E1AE2500D8-4e7bdd3b-rotated.jpeg\" class=\"attachment-thumbnail size-thumbnail\" alt=\"\" \/><\/a> <a href=\"https:\/\/lalmachine.com\/wp-content\/uploads\/2022\/04\/47D4A7DC-5AD1-4992-AD7A-E5DF0F988A4E-e3ff6fc1-rotated.jpeg\"><img loading=\"lazy\" decoding=\"async\" width=\"72\" height=\"96\" src=\"https:\/\/lalmachine.com\/wp-content\/uploads\/2022\/04\/47D4A7DC-5AD1-4992-AD7A-E5DF0F988A4E-e3ff6fc1-rotated.jpeg\" class=\"attachment-thumbnail size-thumbnail\" alt=\"\" \/><\/a> <a href=\"https:\/\/lalmachine.com\/wp-content\/uploads\/2022\/04\/2D84CB3C-D259-43FC-AAAF-77B9CB07286E-0a506d4a-rotated.jpeg\"><img loading=\"lazy\" decoding=\"async\" width=\"72\" height=\"96\" src=\"https:\/\/lalmachine.com\/wp-content\/uploads\/2022\/04\/2D84CB3C-D259-43FC-AAAF-77B9CB07286E-0a506d4a-rotated.jpeg\" class=\"attachment-thumbnail size-thumbnail\" alt=\"\" \/><\/a> <\/li>        <li class=\"wpuf-field-data wpuf-field-data-numeric_text_field\">\n                            <label>Prix:<\/label>\n                        950        <\/li>\n                <li class=\"wpuf-field-data wpuf-field-data-numeric_text_field\">\n                            <label>Quantit\u00e9:<\/label>\n                        0        <\/li>\n                <li class=\"wpuf-field-data wpuf-field-data-numeric_text_field\">\n                            <label>Hauteur (cm):<\/label>\n                        53        <\/li>\n                <li class=\"wpuf-field-data wpuf-field-data-numeric_text_field\">\n                            <label>Largeur (cm):<\/label>\n                        90        <\/li>\n                <li class=\"wpuf-field-data wpuf-field-data-numeric_text_field\">\n                            <label>Profondeur (cm):<\/label>\n                        75        <\/li>\n        <\/ul>","protected":false},"excerpt":{"rendered":"<p>Fauteuil Cassina en cuir et en bois, ann\u00e9es 60<br \/>\nMod\u00e8le 920 par Afra et Tobia Scarpa.<\/p>\n<p>Le fauteuil, assez bas, se compose d\u2019une structure en bois gain\u00e9e de cuir noir, sur laquelle s\u2019embo\u00eetent 4 coussins en cuir.<\/p>\n<p>A prendre en compte:<br \/>\nQuelques marques et coups sur le cuir visibles sur les photos, les bordures du cuir sur les c\u00f4t\u00e9s ont \u00e9t\u00e9 re-clout\u00e9s<br \/>\nSangles et huisseries d\u2019origine en bon \u00e9tat<\/p>\n<p>Retrait chez le vendeur \u00e0 Bursins ou<br \/>\nLieferung<\/p>\n<p>Gen\u00e8ve 25.-<br \/>\nLausanne 25.-<br \/>\nAutres villes sur demande<\/p>","protected":false},"featured_media":266015,"template":"","meta":{"_et_pb_use_builder":"","_et_pb_old_content":"","_et_gb_content_width":""},"product_brand":[],"product_cat":[99,48],"product_tag":[],"proximite":[281,179],"class_list":{"0":"post-265931","1":"product","2":"type-product","3":"status-publish","4":"has-post-thumbnail","6":"product_cat-canape-fauteuil-pouf","7":"product_cat-sasseoir","8":"product_shipping_class-fragile-8-5","9":"pa_couleur-noir","10":"pa_designer-scarpa-afra-tobia","11":"pa_etat-bon-etat","12":"pa_materiau-cuir","13":"pa_style-vintage","14":"proximite-nyon","15":"proximite-vaud","17":"first","18":"outofstock","19":"shipping-taxable","20":"purchasable","21":"product-type-simple"},"yoast_head":"<!-- This site is optimized with the Yoast SEO plugin v27.3 - https:\/\/yoast.com\/product\/yoast-seo-wordpress\/ -->\n<title>Fauteuil Cassina mod\u00e8le 920 | lalmachine.com, mobilier et objets d\u00e9co vintage et design<\/title>\n<meta name=\"robots\" content=\"index, follow, max-snippet:-1, max-image-preview:large, max-video-preview:-1\" \/>\n<link rel=\"canonical\" href=\"https:\/\/lalmachine.com\/de\/shop\/sasseoir\/canape-fauteuil-pouf\/fauteuil-cassina-modele-920\/\" \/>\n<meta property=\"og:locale\" content=\"de_DE\" \/>\n<meta property=\"og:type\" content=\"article\" \/>\n<meta property=\"og:title\" content=\"Fauteuil Cassina mod\u00e8le 920 | lalmachine.com, mobilier et objets d\u00e9co vintage et design\" \/>\n<meta property=\"og:description\" content=\"Fauteuil Cassina en cuir et en bois, ann\u00e9es 60 Mod\u00e8le 920 par Afra et Tobia Scarpa.  Le fauteuil, assez bas, se compose d\u2019une structure en bois gain\u00e9e de cuir noir, sur laquelle s\u2019embo\u00eetent 4 coussins en cuir.  A prendre en compte: Quelques marques et coups sur le cuir visibles sur les photos, les bordures du cuir sur les c\u00f4t\u00e9s ont \u00e9t\u00e9 re-clout\u00e9s Sangles et huisseries d\u2019origine en bon \u00e9tat  Retrait chez le vendeur \u00e0 Bursins ou Livraison:  Gen\u00e8ve 25.- Lausanne 25.- Autres villes sur demande\" \/>\n<meta property=\"og:url\" content=\"https:\/\/lalmachine.com\/de\/shop\/sasseoir\/canape-fauteuil-pouf\/fauteuil-cassina-modele-920\/\" \/>\n<meta property=\"og:site_name\" content=\"lalmachine.com\" \/>\n<meta property=\"article:publisher\" content=\"https:\/\/facebook.com\/lalmachine\" \/>\n<meta property=\"article:modified_time\" content=\"2024-12-05T20:54:35+00:00\" \/>\n<meta property=\"og:image\" content=\"https:\/\/lalmachine.com\/wp-content\/uploads\/2022\/04\/A210AE22-C44D-43C4-AA89-6627938439BA-ca3a95e5_clipped_rev_1.jpeg\" \/>\n\t<meta property=\"og:image:width\" content=\"4893\" \/>\n\t<meta property=\"og:image:height\" content=\"4893\" \/>\n\t<meta property=\"og:image:type\" content=\"image\/jpeg\" \/>\n<meta name=\"twitter:card\" content=\"summary_large_image\" \/>\n<script type=\"application\/ld+json\" class=\"yoast-schema-graph\">{\"@context\":\"https:\\\/\\\/schema.org\",\"@graph\":[{\"@type\":\"WebPage\",\"@id\":\"https:\\\/\\\/lalmachine.com\\\/shop\\\/sasseoir\\\/canape-fauteuil-pouf\\\/fauteuil-cassina-modele-920\\\/\",\"url\":\"https:\\\/\\\/lalmachine.com\\\/shop\\\/sasseoir\\\/canape-fauteuil-pouf\\\/fauteuil-cassina-modele-920\\\/\",\"name\":\"Fauteuil Cassina mod\u00e8le 920 | lalmachine.com, mobilier et objets d\u00e9co vintage et design\",\"isPartOf\":{\"@id\":\"https:\\\/\\\/lalmachine.com\\\/#website\"},\"primaryImageOfPage\":{\"@id\":\"https:\\\/\\\/lalmachine.com\\\/shop\\\/sasseoir\\\/canape-fauteuil-pouf\\\/fauteuil-cassina-modele-920\\\/#primaryimage\"},\"image\":{\"@id\":\"https:\\\/\\\/lalmachine.com\\\/shop\\\/sasseoir\\\/canape-fauteuil-pouf\\\/fauteuil-cassina-modele-920\\\/#primaryimage\"},\"thumbnailUrl\":\"https:\\\/\\\/lalmachine.com\\\/wp-content\\\/uploads\\\/2022\\\/04\\\/A210AE22-C44D-43C4-AA89-6627938439BA-ca3a95e5_clipped_rev_1.jpeg\",\"datePublished\":\"2023-10-25T14:01:14+00:00\",\"dateModified\":\"2024-12-05T20:54:35+00:00\",\"breadcrumb\":{\"@id\":\"https:\\\/\\\/lalmachine.com\\\/shop\\\/sasseoir\\\/canape-fauteuil-pouf\\\/fauteuil-cassina-modele-920\\\/#breadcrumb\"},\"inLanguage\":\"de\",\"potentialAction\":[{\"@type\":\"ReadAction\",\"target\":[\"https:\\\/\\\/lalmachine.com\\\/shop\\\/sasseoir\\\/canape-fauteuil-pouf\\\/fauteuil-cassina-modele-920\\\/\"]}]},{\"@type\":\"ImageObject\",\"inLanguage\":\"de\",\"@id\":\"https:\\\/\\\/lalmachine.com\\\/shop\\\/sasseoir\\\/canape-fauteuil-pouf\\\/fauteuil-cassina-modele-920\\\/#primaryimage\",\"url\":\"https:\\\/\\\/lalmachine.com\\\/wp-content\\\/uploads\\\/2022\\\/04\\\/A210AE22-C44D-43C4-AA89-6627938439BA-ca3a95e5_clipped_rev_1.jpeg\",\"contentUrl\":\"https:\\\/\\\/lalmachine.com\\\/wp-content\\\/uploads\\\/2022\\\/04\\\/A210AE22-C44D-43C4-AA89-6627938439BA-ca3a95e5_clipped_rev_1.jpeg\",\"width\":4893,\"height\":4893,\"caption\":\"Fauteuil Cassina mod\u00e8le 920\"},{\"@type\":\"BreadcrumbList\",\"@id\":\"https:\\\/\\\/lalmachine.com\\\/shop\\\/sasseoir\\\/canape-fauteuil-pouf\\\/fauteuil-cassina-modele-920\\\/#breadcrumb\",\"itemListElement\":[{\"@type\":\"ListItem\",\"position\":1,\"name\":\"Accueil\",\"item\":\"https:\\\/\\\/lalmachine.com\\\/\"},{\"@type\":\"ListItem\",\"position\":2,\"name\":\"Shop\",\"item\":\"https:\\\/\\\/lalmachine.com\\\/shop\\\/\"},{\"@type\":\"ListItem\",\"position\":3,\"name\":\"Fauteuil Cassina mod\u00e8le 920\"}]},{\"@type\":\"WebSite\",\"@id\":\"https:\\\/\\\/lalmachine.com\\\/#website\",\"url\":\"https:\\\/\\\/lalmachine.com\\\/\",\"name\":\"lalmachine.com\",\"description\":\"Brocante en ligne Suisse | Mobilier et objets d\u00e9co vintage et design\",\"potentialAction\":[{\"@type\":\"SearchAction\",\"target\":{\"@type\":\"EntryPoint\",\"urlTemplate\":\"https:\\\/\\\/lalmachine.com\\\/?s={search_term_string}\"},\"query-input\":{\"@type\":\"PropertyValueSpecification\",\"valueRequired\":true,\"valueName\":\"search_term_string\"}}],\"inLanguage\":\"de\"}]}<\/script>\n<!-- \/ Yoast SEO plugin. -->","yoast_head_json":{"title":"Fauteuil Cassina mod\u00e8le 920 | lalmachine.com, mobilier et objets d\u00e9co vintage et design","robots":{"index":"index","follow":"follow","max-snippet":"max-snippet:-1","max-image-preview":"max-image-preview:large","max-video-preview":"max-video-preview:-1"},"canonical":"https:\/\/lalmachine.com\/de\/shop\/sasseoir\/canape-fauteuil-pouf\/fauteuil-cassina-modele-920\/","og_locale":"de_DE","og_type":"article","og_title":"Fauteuil Cassina mod\u00e8le 920 | lalmachine.com, mobilier et objets d\u00e9co vintage et design","og_description":"Fauteuil Cassina en cuir et en bois, ann\u00e9es 60 Mod\u00e8le 920 par Afra et Tobia Scarpa.  Le fauteuil, assez bas, se compose d\u2019une structure en bois gain\u00e9e de cuir noir, sur laquelle s\u2019embo\u00eetent 4 coussins en cuir.  A prendre en compte: Quelques marques et coups sur le cuir visibles sur les photos, les bordures du cuir sur les c\u00f4t\u00e9s ont \u00e9t\u00e9 re-clout\u00e9s Sangles et huisseries d\u2019origine en bon \u00e9tat  Retrait chez le vendeur \u00e0 Bursins ou Livraison:  Gen\u00e8ve 25.- Lausanne 25.- Autres villes sur demande","og_url":"https:\/\/lalmachine.com\/de\/shop\/sasseoir\/canape-fauteuil-pouf\/fauteuil-cassina-modele-920\/","og_site_name":"lalmachine.com","article_publisher":"https:\/\/facebook.com\/lalmachine","article_modified_time":"2024-12-05T20:54:35+00:00","og_image":[{"width":4893,"height":4893,"url":"https:\/\/lalmachine.com\/wp-content\/uploads\/2022\/04\/A210AE22-C44D-43C4-AA89-6627938439BA-ca3a95e5_clipped_rev_1.jpeg","type":"image\/jpeg"}],"twitter_card":"summary_large_image","schema":{"@context":"https:\/\/schema.org","@graph":[{"@type":"WebPage","@id":"https:\/\/lalmachine.com\/shop\/sasseoir\/canape-fauteuil-pouf\/fauteuil-cassina-modele-920\/","url":"https:\/\/lalmachine.com\/shop\/sasseoir\/canape-fauteuil-pouf\/fauteuil-cassina-modele-920\/","name":"Fauteuil Cassina mod\u00e8le 920 | lalmachine.com, mobilier et objets d\u00e9co vintage et design","isPartOf":{"@id":"https:\/\/lalmachine.com\/#website"},"primaryImageOfPage":{"@id":"https:\/\/lalmachine.com\/shop\/sasseoir\/canape-fauteuil-pouf\/fauteuil-cassina-modele-920\/#primaryimage"},"image":{"@id":"https:\/\/lalmachine.com\/shop\/sasseoir\/canape-fauteuil-pouf\/fauteuil-cassina-modele-920\/#primaryimage"},"thumbnailUrl":"https:\/\/lalmachine.com\/wp-content\/uploads\/2022\/04\/A210AE22-C44D-43C4-AA89-6627938439BA-ca3a95e5_clipped_rev_1.jpeg","datePublished":"2023-10-25T14:01:14+00:00","dateModified":"2024-12-05T20:54:35+00:00","breadcrumb":{"@id":"https:\/\/lalmachine.com\/shop\/sasseoir\/canape-fauteuil-pouf\/fauteuil-cassina-modele-920\/#breadcrumb"},"inLanguage":"de","potentialAction":[{"@type":"ReadAction","target":["https:\/\/lalmachine.com\/shop\/sasseoir\/canape-fauteuil-pouf\/fauteuil-cassina-modele-920\/"]}]},{"@type":"ImageObject","inLanguage":"de","@id":"https:\/\/lalmachine.com\/shop\/sasseoir\/canape-fauteuil-pouf\/fauteuil-cassina-modele-920\/#primaryimage","url":"https:\/\/lalmachine.com\/wp-content\/uploads\/2022\/04\/A210AE22-C44D-43C4-AA89-6627938439BA-ca3a95e5_clipped_rev_1.jpeg","contentUrl":"https:\/\/lalmachine.com\/wp-content\/uploads\/2022\/04\/A210AE22-C44D-43C4-AA89-6627938439BA-ca3a95e5_clipped_rev_1.jpeg","width":4893,"height":4893,"caption":"Fauteuil Cassina mod\u00e8le 920"},{"@type":"BreadcrumbList","@id":"https:\/\/lalmachine.com\/shop\/sasseoir\/canape-fauteuil-pouf\/fauteuil-cassina-modele-920\/#breadcrumb","itemListElement":[{"@type":"ListItem","position":1,"name":"Accueil","item":"https:\/\/lalmachine.com\/"},{"@type":"ListItem","position":2,"name":"Shop","item":"https:\/\/lalmachine.com\/shop\/"},{"@type":"ListItem","position":3,"name":"Fauteuil Cassina mod\u00e8le 920"}]},{"@type":"WebSite","@id":"https:\/\/lalmachine.com\/#website","url":"https:\/\/lalmachine.com\/","name":"lalmachine.com","description":"Brocante en ligne Suisse | Mobilier et objets d\u00e9co vintage et design","potentialAction":[{"@type":"SearchAction","target":{"@type":"EntryPoint","urlTemplate":"https:\/\/lalmachine.com\/?s={search_term_string}"},"query-input":{"@type":"PropertyValueSpecification","valueRequired":true,"valueName":"search_term_string"}}],"inLanguage":"de"}]}},"_links":{"self":[{"href":"https:\/\/lalmachine.com\/de\/wp-json\/wp\/v2\/product\/265931","targetHints":{"allow":["GET"]}}],"collection":[{"href":"https:\/\/lalmachine.com\/de\/wp-json\/wp\/v2\/product"}],"about":[{"href":"https:\/\/lalmachine.com\/de\/wp-json\/wp\/v2\/types\/product"}],"wp:featuredmedia":[{"embeddable":true,"href":"https:\/\/lalmachine.com\/de\/wp-json\/wp\/v2\/media\/266015"}],"wp:attachment":[{"href":"https:\/\/lalmachine.com\/de\/wp-json\/wp\/v2\/media?parent=265931"}],"wp:term":[{"taxonomy":"product_brand","embeddable":true,"href":"https:\/\/lalmachine.com\/de\/wp-json\/wp\/v2\/product_brand?post=265931"},{"taxonomy":"product_cat","embeddable":true,"href":"https:\/\/lalmachine.com\/de\/wp-json\/wp\/v2\/product_cat?post=265931"},{"taxonomy":"product_tag","embeddable":true,"href":"https:\/\/lalmachine.com\/de\/wp-json\/wp\/v2\/product_tag?post=265931"},{"taxonomy":"proximite","embeddable":true,"href":"https:\/\/lalmachine.com\/de\/wp-json\/wp\/v2\/proximite?post=265931"}],"curies":[{"name":"wp","href":"https:\/\/api.w.org\/{rel}","templated":true}]}}