{"id":265989,"date":"2023-10-25T16:01:13","date_gmt":"2023-10-25T14:01:13","guid":{"rendered":"https:\/\/lalmachine.com\/?post_type=product&#038;p=265989"},"modified":"2024-12-05T21:54:36","modified_gmt":"2024-12-05T20:54:36","slug":"fauteuil-en-simili-cuir-matelasse","status":"publish","type":"product","link":"https:\/\/lalmachine.com\/de\/shop\/sasseoir\/canape-fauteuil-pouf\/fauteuil-en-simili-cuir-matelasse\/","title":{"rendered":"Fauteuil en simili cuir matelass\u00e9"},"content":{"rendered":"<ul class=\"wpuf_customs\"><li style=\"list-style-type:none;\"><label>Autres photos:<\/label> <a href=\"https:\/\/lalmachine.com\/wp-content\/uploads\/2022\/04\/506AA1F8-290F-4844-A206-5A79D22FB469-8e19ef9f.jpeg\"><img loading=\"lazy\" decoding=\"async\" width=\"72\" height=\"96\" src=\"https:\/\/lalmachine.com\/wp-content\/uploads\/2022\/04\/506AA1F8-290F-4844-A206-5A79D22FB469-8e19ef9f.jpeg\" class=\"attachment-thumbnail size-thumbnail\" alt=\"\" \/><\/a> <a href=\"https:\/\/lalmachine.com\/wp-content\/uploads\/2022\/04\/FCE4EE43-B76D-4C1A-9187-3CD8C70B8B6D-e5860e21.jpeg\"><img loading=\"lazy\" decoding=\"async\" width=\"72\" height=\"96\" src=\"https:\/\/lalmachine.com\/wp-content\/uploads\/2022\/04\/FCE4EE43-B76D-4C1A-9187-3CD8C70B8B6D-e5860e21.jpeg\" class=\"attachment-thumbnail size-thumbnail\" alt=\"\" \/><\/a> <a href=\"https:\/\/lalmachine.com\/wp-content\/uploads\/2022\/04\/0D4E3C64-EB22-4A6F-922F-AA6DD4A21251-bf9e7229.jpeg\"><img loading=\"lazy\" decoding=\"async\" width=\"72\" height=\"96\" src=\"https:\/\/lalmachine.com\/wp-content\/uploads\/2022\/04\/0D4E3C64-EB22-4A6F-922F-AA6DD4A21251-bf9e7229.jpeg\" class=\"attachment-thumbnail size-thumbnail\" alt=\"\" \/><\/a> <a href=\"https:\/\/lalmachine.com\/wp-content\/uploads\/2022\/04\/C69B0039-3F34-42BA-AA15-3FBAC5E86DD8-cee7fc42.jpeg\"><img loading=\"lazy\" decoding=\"async\" width=\"72\" height=\"96\" src=\"https:\/\/lalmachine.com\/wp-content\/uploads\/2022\/04\/C69B0039-3F34-42BA-AA15-3FBAC5E86DD8-cee7fc42.jpeg\" class=\"attachment-thumbnail size-thumbnail\" alt=\"\" \/><\/a> <a href=\"https:\/\/lalmachine.com\/wp-content\/uploads\/2022\/04\/48054582-D727-4705-B14C-D585E4B59EFB-1bdf155c.jpeg\"><img loading=\"lazy\" decoding=\"async\" width=\"72\" height=\"96\" src=\"https:\/\/lalmachine.com\/wp-content\/uploads\/2022\/04\/48054582-D727-4705-B14C-D585E4B59EFB-1bdf155c.jpeg\" class=\"attachment-thumbnail size-thumbnail\" alt=\"\" \/><\/a> <a href=\"https:\/\/lalmachine.com\/wp-content\/uploads\/2022\/04\/F19838E1-F45B-4724-AD02-68C47C79C1F8-8e15c671.jpeg\"><img loading=\"lazy\" decoding=\"async\" width=\"72\" height=\"96\" src=\"https:\/\/lalmachine.com\/wp-content\/uploads\/2022\/04\/F19838E1-F45B-4724-AD02-68C47C79C1F8-8e15c671.jpeg\" class=\"attachment-thumbnail size-thumbnail\" alt=\"\" \/><\/a> <a href=\"https:\/\/lalmachine.com\/wp-content\/uploads\/2022\/04\/23846372-0374-4979-9FF9-EFF3DADFA041-4496821c.jpeg\"><img loading=\"lazy\" decoding=\"async\" width=\"72\" height=\"96\" src=\"https:\/\/lalmachine.com\/wp-content\/uploads\/2022\/04\/23846372-0374-4979-9FF9-EFF3DADFA041-4496821c.jpeg\" class=\"attachment-thumbnail size-thumbnail\" alt=\"\" \/><\/a> <a href=\"https:\/\/lalmachine.com\/wp-content\/uploads\/2022\/04\/4CB1DC4C-AD85-4D0F-83B4-D3F28D50CA25-197fa0a7.jpeg\"><img loading=\"lazy\" decoding=\"async\" width=\"72\" height=\"96\" src=\"https:\/\/lalmachine.com\/wp-content\/uploads\/2022\/04\/4CB1DC4C-AD85-4D0F-83B4-D3F28D50CA25-197fa0a7.jpeg\" class=\"attachment-thumbnail size-thumbnail\" alt=\"\" \/><\/a> <a href=\"https:\/\/lalmachine.com\/wp-content\/uploads\/2022\/04\/BA4885D4-234A-4780-BD3D-97C0EA486D81-4f09159f.jpeg\"><img loading=\"lazy\" decoding=\"async\" width=\"72\" height=\"96\" src=\"https:\/\/lalmachine.com\/wp-content\/uploads\/2022\/04\/BA4885D4-234A-4780-BD3D-97C0EA486D81-4f09159f.jpeg\" class=\"attachment-thumbnail size-thumbnail\" alt=\"\" \/><\/a> <a href=\"https:\/\/lalmachine.com\/wp-content\/uploads\/2022\/04\/84918DD1-E5AD-47DB-90CC-CC3FA50A67DF-63d0face-rotated.jpeg\"><img loading=\"lazy\" decoding=\"async\" width=\"72\" height=\"96\" src=\"https:\/\/lalmachine.com\/wp-content\/uploads\/2022\/04\/84918DD1-E5AD-47DB-90CC-CC3FA50A67DF-63d0face-rotated.jpeg\" class=\"attachment-thumbnail size-thumbnail\" alt=\"\" \/><\/a> <a href=\"https:\/\/lalmachine.com\/wp-content\/uploads\/2022\/04\/4279A972-0355-4FAE-B808-5EA658AC631A-d4573bd3-rotated.jpeg\"><img loading=\"lazy\" decoding=\"async\" width=\"72\" height=\"96\" src=\"https:\/\/lalmachine.com\/wp-content\/uploads\/2022\/04\/4279A972-0355-4FAE-B808-5EA658AC631A-d4573bd3-rotated.jpeg\" class=\"attachment-thumbnail size-thumbnail\" alt=\"\" \/><\/a> <a href=\"https:\/\/lalmachine.com\/wp-content\/uploads\/2022\/04\/D25945F1-9656-44C0-BDF4-31B4F9881DE2-031947f9-rotated.jpeg\"><img loading=\"lazy\" decoding=\"async\" width=\"72\" height=\"96\" src=\"https:\/\/lalmachine.com\/wp-content\/uploads\/2022\/04\/D25945F1-9656-44C0-BDF4-31B4F9881DE2-031947f9-rotated.jpeg\" class=\"attachment-thumbnail size-thumbnail\" alt=\"\" \/><\/a> <a href=\"https:\/\/lalmachine.com\/wp-content\/uploads\/2022\/04\/FB76EA98-078C-4DA8-A539-D4649988C0C1-61b17918-rotated.jpeg\"><img loading=\"lazy\" decoding=\"async\" width=\"72\" height=\"96\" src=\"https:\/\/lalmachine.com\/wp-content\/uploads\/2022\/04\/FB76EA98-078C-4DA8-A539-D4649988C0C1-61b17918-rotated.jpeg\" class=\"attachment-thumbnail size-thumbnail\" alt=\"\" \/><\/a> <a href=\"https:\/\/lalmachine.com\/wp-content\/uploads\/2022\/04\/7997BEB2-22D9-4A81-AA24-2E5218758DD4-4718cf9e-rotated.jpeg\"><img loading=\"lazy\" decoding=\"async\" width=\"72\" height=\"96\" src=\"https:\/\/lalmachine.com\/wp-content\/uploads\/2022\/04\/7997BEB2-22D9-4A81-AA24-2E5218758DD4-4718cf9e-rotated.jpeg\" class=\"attachment-thumbnail size-thumbnail\" alt=\"\" \/><\/a> <a href=\"https:\/\/lalmachine.com\/wp-content\/uploads\/2022\/04\/200A09FB-0C69-4051-9A31-05EA751E9CA4-8f9b6de4-rotated.jpeg\"><img loading=\"lazy\" decoding=\"async\" width=\"72\" height=\"96\" src=\"https:\/\/lalmachine.com\/wp-content\/uploads\/2022\/04\/200A09FB-0C69-4051-9A31-05EA751E9CA4-8f9b6de4-rotated.jpeg\" class=\"attachment-thumbnail size-thumbnail\" alt=\"\" \/><\/a> <\/li>        <li class=\"wpuf-field-data wpuf-field-data-numeric_text_field\">\n                            <label>Prix:<\/label>\n                        260        <\/li>\n                <li class=\"wpuf-field-data wpuf-field-data-numeric_text_field\">\n                            <label>Quantit\u00e9:<\/label>\n                        0        <\/li>\n                <li class=\"wpuf-field-data wpuf-field-data-numeric_text_field\">\n                            <label>Hauteur (cm):<\/label>\n                        66        <\/li>\n                <li class=\"wpuf-field-data wpuf-field-data-numeric_text_field\">\n                            <label>Largeur (cm):<\/label>\n                        79        <\/li>\n                <li class=\"wpuf-field-data wpuf-field-data-numeric_text_field\">\n                            <label>Profondeur (cm):<\/label>\n                        66        <\/li>\n        <\/ul>","protected":false},"excerpt":{"rendered":"<p>Fauteuil eighties en similicuir matelass\u00e9 de couleur blanche<\/p>\n<p>Son design en cube en font un \u00e9l\u00e9ment quasi architectural dans le salon !<br \/>\nA noter, le similicuir est dans son jus, plusieurs traces de craqu\u00e8lement notamment sur les accoudoirs et quelques accrocs ici et l\u00e0 visibles sur les photos<\/p>\n<p>Le fauteuil a \u00e9t\u00e9 enti\u00e8rement nettoy\u00e9 au pr\u00e9alable<\/p>\n<p>Retrait chez le vendeur \u00e0 Bursins ou<br \/>\nLivraison en bas de chez vous<br \/>\nGen\u00e8ve 25.-<br \/>\nLausanne 25.-<\/p>","protected":false},"featured_media":266028,"template":"","meta":{"_et_pb_use_builder":"","_et_pb_old_content":"","_et_gb_content_width":""},"product_brand":[],"product_cat":[99,48],"product_tag":[],"proximite":[281,179],"class_list":{"0":"post-265989","1":"product","2":"type-product","3":"status-publish","4":"has-post-thumbnail","6":"product_cat-canape-fauteuil-pouf","7":"product_cat-sasseoir","8":"product_shipping_class-fragile-8-5","9":"pa_couleur-blanc","10":"pa_etat-dans-son-jus","11":"pa_materiau-skai","12":"pa_style-vintage","13":"proximite-nyon","14":"proximite-vaud","16":"first","17":"outofstock","18":"sale","19":"shipping-taxable","20":"purchasable","21":"product-type-simple"},"yoast_head":"<!-- This site is optimized with the Yoast SEO plugin v27.3 - https:\/\/yoast.com\/product\/yoast-seo-wordpress\/ -->\n<title>Fauteuil en simili cuir matelass\u00e9 | lalmachine.com, mobilier et objets d\u00e9co vintage et design<\/title>\n<meta name=\"description\" content=\"Fauteuil eighties en similicuir matelass\u00e9 de couleur blanche. Son design en cube en font un \u00e9l\u00e9ment quasi architectural dans le salon !\" \/>\n<meta name=\"robots\" content=\"index, follow, max-snippet:-1, max-image-preview:large, max-video-preview:-1\" \/>\n<link rel=\"canonical\" href=\"https:\/\/lalmachine.com\/de\/shop\/sasseoir\/canape-fauteuil-pouf\/fauteuil-en-simili-cuir-matelasse\/\" \/>\n<meta property=\"og:locale\" content=\"de_DE\" \/>\n<meta property=\"og:type\" content=\"article\" \/>\n<meta property=\"og:title\" content=\"Fauteuil en simili cuir matelass\u00e9 | lalmachine.com, mobilier et objets d\u00e9co vintage et design\" \/>\n<meta property=\"og:description\" content=\"Fauteuil eighties en similicuir matelass\u00e9 de couleur blanche. Son design en cube en font un \u00e9l\u00e9ment quasi architectural dans le salon !\" \/>\n<meta property=\"og:url\" content=\"https:\/\/lalmachine.com\/de\/shop\/sasseoir\/canape-fauteuil-pouf\/fauteuil-en-simili-cuir-matelasse\/\" \/>\n<meta property=\"og:site_name\" content=\"lalmachine.com\" \/>\n<meta property=\"article:publisher\" content=\"https:\/\/facebook.com\/lalmachine\" \/>\n<meta property=\"article:modified_time\" content=\"2024-12-05T20:54:36+00:00\" \/>\n<meta property=\"og:image\" content=\"https:\/\/lalmachine.com\/wp-content\/uploads\/2022\/04\/99AFC5A3-E5F8-4237-8A8F-74422E524EAA-45a382be_clipped_rev_1-1.jpeg\" \/>\n\t<meta property=\"og:image:width\" content=\"5181\" \/>\n\t<meta property=\"og:image:height\" content=\"5181\" \/>\n\t<meta property=\"og:image:type\" content=\"image\/jpeg\" \/>\n<meta name=\"twitter:card\" content=\"summary_large_image\" \/>\n<script type=\"application\/ld+json\" class=\"yoast-schema-graph\">{\"@context\":\"https:\\\/\\\/schema.org\",\"@graph\":[{\"@type\":\"WebPage\",\"@id\":\"https:\\\/\\\/lalmachine.com\\\/shop\\\/sasseoir\\\/canape-fauteuil-pouf\\\/fauteuil-en-simili-cuir-matelasse\\\/\",\"url\":\"https:\\\/\\\/lalmachine.com\\\/shop\\\/sasseoir\\\/canape-fauteuil-pouf\\\/fauteuil-en-simili-cuir-matelasse\\\/\",\"name\":\"Fauteuil en simili cuir matelass\u00e9 | lalmachine.com, mobilier et objets d\u00e9co vintage et design\",\"isPartOf\":{\"@id\":\"https:\\\/\\\/lalmachine.com\\\/#website\"},\"primaryImageOfPage\":{\"@id\":\"https:\\\/\\\/lalmachine.com\\\/shop\\\/sasseoir\\\/canape-fauteuil-pouf\\\/fauteuil-en-simili-cuir-matelasse\\\/#primaryimage\"},\"image\":{\"@id\":\"https:\\\/\\\/lalmachine.com\\\/shop\\\/sasseoir\\\/canape-fauteuil-pouf\\\/fauteuil-en-simili-cuir-matelasse\\\/#primaryimage\"},\"thumbnailUrl\":\"https:\\\/\\\/lalmachine.com\\\/wp-content\\\/uploads\\\/2022\\\/04\\\/99AFC5A3-E5F8-4237-8A8F-74422E524EAA-45a382be_clipped_rev_1-1.jpeg\",\"datePublished\":\"2023-10-25T14:01:13+00:00\",\"dateModified\":\"2024-12-05T20:54:36+00:00\",\"description\":\"Fauteuil eighties en similicuir matelass\u00e9 de couleur blanche. Son design en cube en font un \u00e9l\u00e9ment quasi architectural dans le salon !\",\"breadcrumb\":{\"@id\":\"https:\\\/\\\/lalmachine.com\\\/shop\\\/sasseoir\\\/canape-fauteuil-pouf\\\/fauteuil-en-simili-cuir-matelasse\\\/#breadcrumb\"},\"inLanguage\":\"de\",\"potentialAction\":[{\"@type\":\"ReadAction\",\"target\":[\"https:\\\/\\\/lalmachine.com\\\/shop\\\/sasseoir\\\/canape-fauteuil-pouf\\\/fauteuil-en-simili-cuir-matelasse\\\/\"]}]},{\"@type\":\"ImageObject\",\"inLanguage\":\"de\",\"@id\":\"https:\\\/\\\/lalmachine.com\\\/shop\\\/sasseoir\\\/canape-fauteuil-pouf\\\/fauteuil-en-simili-cuir-matelasse\\\/#primaryimage\",\"url\":\"https:\\\/\\\/lalmachine.com\\\/wp-content\\\/uploads\\\/2022\\\/04\\\/99AFC5A3-E5F8-4237-8A8F-74422E524EAA-45a382be_clipped_rev_1-1.jpeg\",\"contentUrl\":\"https:\\\/\\\/lalmachine.com\\\/wp-content\\\/uploads\\\/2022\\\/04\\\/99AFC5A3-E5F8-4237-8A8F-74422E524EAA-45a382be_clipped_rev_1-1.jpeg\",\"width\":5181,\"height\":5181,\"caption\":\"Fauteuil en simili cuir matelass\u00e9\"},{\"@type\":\"BreadcrumbList\",\"@id\":\"https:\\\/\\\/lalmachine.com\\\/shop\\\/sasseoir\\\/canape-fauteuil-pouf\\\/fauteuil-en-simili-cuir-matelasse\\\/#breadcrumb\",\"itemListElement\":[{\"@type\":\"ListItem\",\"position\":1,\"name\":\"Accueil\",\"item\":\"https:\\\/\\\/lalmachine.com\\\/\"},{\"@type\":\"ListItem\",\"position\":2,\"name\":\"Shop\",\"item\":\"https:\\\/\\\/lalmachine.com\\\/shop\\\/\"},{\"@type\":\"ListItem\",\"position\":3,\"name\":\"Fauteuil en simili cuir matelass\u00e9\"}]},{\"@type\":\"WebSite\",\"@id\":\"https:\\\/\\\/lalmachine.com\\\/#website\",\"url\":\"https:\\\/\\\/lalmachine.com\\\/\",\"name\":\"lalmachine.com\",\"description\":\"Brocante en ligne Suisse | Mobilier et objets d\u00e9co vintage et design\",\"potentialAction\":[{\"@type\":\"SearchAction\",\"target\":{\"@type\":\"EntryPoint\",\"urlTemplate\":\"https:\\\/\\\/lalmachine.com\\\/?s={search_term_string}\"},\"query-input\":{\"@type\":\"PropertyValueSpecification\",\"valueRequired\":true,\"valueName\":\"search_term_string\"}}],\"inLanguage\":\"de\"}]}<\/script>\n<!-- \/ Yoast SEO plugin. -->","yoast_head_json":{"title":"Fauteuil en simili cuir matelass\u00e9 | lalmachine.com, mobilier et objets d\u00e9co vintage et design","description":"Fauteuil eighties en similicuir matelass\u00e9 de couleur blanche. Son design en cube en font un \u00e9l\u00e9ment quasi architectural dans le salon !","robots":{"index":"index","follow":"follow","max-snippet":"max-snippet:-1","max-image-preview":"max-image-preview:large","max-video-preview":"max-video-preview:-1"},"canonical":"https:\/\/lalmachine.com\/de\/shop\/sasseoir\/canape-fauteuil-pouf\/fauteuil-en-simili-cuir-matelasse\/","og_locale":"de_DE","og_type":"article","og_title":"Fauteuil en simili cuir matelass\u00e9 | lalmachine.com, mobilier et objets d\u00e9co vintage et design","og_description":"Fauteuil eighties en similicuir matelass\u00e9 de couleur blanche. Son design en cube en font un \u00e9l\u00e9ment quasi architectural dans le salon !","og_url":"https:\/\/lalmachine.com\/de\/shop\/sasseoir\/canape-fauteuil-pouf\/fauteuil-en-simili-cuir-matelasse\/","og_site_name":"lalmachine.com","article_publisher":"https:\/\/facebook.com\/lalmachine","article_modified_time":"2024-12-05T20:54:36+00:00","og_image":[{"width":5181,"height":5181,"url":"https:\/\/lalmachine.com\/wp-content\/uploads\/2022\/04\/99AFC5A3-E5F8-4237-8A8F-74422E524EAA-45a382be_clipped_rev_1-1.jpeg","type":"image\/jpeg"}],"twitter_card":"summary_large_image","schema":{"@context":"https:\/\/schema.org","@graph":[{"@type":"WebPage","@id":"https:\/\/lalmachine.com\/shop\/sasseoir\/canape-fauteuil-pouf\/fauteuil-en-simili-cuir-matelasse\/","url":"https:\/\/lalmachine.com\/shop\/sasseoir\/canape-fauteuil-pouf\/fauteuil-en-simili-cuir-matelasse\/","name":"Fauteuil en simili cuir matelass\u00e9 | lalmachine.com, mobilier et objets d\u00e9co vintage et design","isPartOf":{"@id":"https:\/\/lalmachine.com\/#website"},"primaryImageOfPage":{"@id":"https:\/\/lalmachine.com\/shop\/sasseoir\/canape-fauteuil-pouf\/fauteuil-en-simili-cuir-matelasse\/#primaryimage"},"image":{"@id":"https:\/\/lalmachine.com\/shop\/sasseoir\/canape-fauteuil-pouf\/fauteuil-en-simili-cuir-matelasse\/#primaryimage"},"thumbnailUrl":"https:\/\/lalmachine.com\/wp-content\/uploads\/2022\/04\/99AFC5A3-E5F8-4237-8A8F-74422E524EAA-45a382be_clipped_rev_1-1.jpeg","datePublished":"2023-10-25T14:01:13+00:00","dateModified":"2024-12-05T20:54:36+00:00","description":"Fauteuil eighties en similicuir matelass\u00e9 de couleur blanche. Son design en cube en font un \u00e9l\u00e9ment quasi architectural dans le salon !","breadcrumb":{"@id":"https:\/\/lalmachine.com\/shop\/sasseoir\/canape-fauteuil-pouf\/fauteuil-en-simili-cuir-matelasse\/#breadcrumb"},"inLanguage":"de","potentialAction":[{"@type":"ReadAction","target":["https:\/\/lalmachine.com\/shop\/sasseoir\/canape-fauteuil-pouf\/fauteuil-en-simili-cuir-matelasse\/"]}]},{"@type":"ImageObject","inLanguage":"de","@id":"https:\/\/lalmachine.com\/shop\/sasseoir\/canape-fauteuil-pouf\/fauteuil-en-simili-cuir-matelasse\/#primaryimage","url":"https:\/\/lalmachine.com\/wp-content\/uploads\/2022\/04\/99AFC5A3-E5F8-4237-8A8F-74422E524EAA-45a382be_clipped_rev_1-1.jpeg","contentUrl":"https:\/\/lalmachine.com\/wp-content\/uploads\/2022\/04\/99AFC5A3-E5F8-4237-8A8F-74422E524EAA-45a382be_clipped_rev_1-1.jpeg","width":5181,"height":5181,"caption":"Fauteuil en simili cuir matelass\u00e9"},{"@type":"BreadcrumbList","@id":"https:\/\/lalmachine.com\/shop\/sasseoir\/canape-fauteuil-pouf\/fauteuil-en-simili-cuir-matelasse\/#breadcrumb","itemListElement":[{"@type":"ListItem","position":1,"name":"Accueil","item":"https:\/\/lalmachine.com\/"},{"@type":"ListItem","position":2,"name":"Shop","item":"https:\/\/lalmachine.com\/shop\/"},{"@type":"ListItem","position":3,"name":"Fauteuil en simili cuir matelass\u00e9"}]},{"@type":"WebSite","@id":"https:\/\/lalmachine.com\/#website","url":"https:\/\/lalmachine.com\/","name":"lalmachine.com","description":"Brocante en ligne Suisse | Mobilier et objets d\u00e9co vintage et design","potentialAction":[{"@type":"SearchAction","target":{"@type":"EntryPoint","urlTemplate":"https:\/\/lalmachine.com\/?s={search_term_string}"},"query-input":{"@type":"PropertyValueSpecification","valueRequired":true,"valueName":"search_term_string"}}],"inLanguage":"de"}]}},"_links":{"self":[{"href":"https:\/\/lalmachine.com\/de\/wp-json\/wp\/v2\/product\/265989","targetHints":{"allow":["GET"]}}],"collection":[{"href":"https:\/\/lalmachine.com\/de\/wp-json\/wp\/v2\/product"}],"about":[{"href":"https:\/\/lalmachine.com\/de\/wp-json\/wp\/v2\/types\/product"}],"wp:featuredmedia":[{"embeddable":true,"href":"https:\/\/lalmachine.com\/de\/wp-json\/wp\/v2\/media\/266028"}],"wp:attachment":[{"href":"https:\/\/lalmachine.com\/de\/wp-json\/wp\/v2\/media?parent=265989"}],"wp:term":[{"taxonomy":"product_brand","embeddable":true,"href":"https:\/\/lalmachine.com\/de\/wp-json\/wp\/v2\/product_brand?post=265989"},{"taxonomy":"product_cat","embeddable":true,"href":"https:\/\/lalmachine.com\/de\/wp-json\/wp\/v2\/product_cat?post=265989"},{"taxonomy":"product_tag","embeddable":true,"href":"https:\/\/lalmachine.com\/de\/wp-json\/wp\/v2\/product_tag?post=265989"},{"taxonomy":"proximite","embeddable":true,"href":"https:\/\/lalmachine.com\/de\/wp-json\/wp\/v2\/proximite?post=265989"}],"curies":[{"name":"wp","href":"https:\/\/api.w.org\/{rel}","templated":true}]}}