{"id":266466,"date":"2022-04-04T08:37:24","date_gmt":"2022-04-04T06:37:24","guid":{"rendered":"https:\/\/lalmachine.com\/?post_type=product&#038;p=266466"},"modified":"2024-12-05T21:54:38","modified_gmt":"2024-12-05T20:54:38","slug":"ancien-bureau-darchitecte","status":"publish","type":"product","link":"https:\/\/lalmachine.com\/de\/shop\/meubler\/bureau\/ancien-bureau-darchitecte\/","title":{"rendered":"Ancien bureau d\u2019architecte"},"content":{"rendered":"<ul class=\"wpuf_customs\"><li style=\"list-style-type:none;\"><label>Autres photos:<\/label> <a href=\"https:\/\/lalmachine.com\/wp-content\/uploads\/2022\/04\/00A7DB17-261B-41A0-A8CD-711113251DCA-4359c89e.jpeg\"><img loading=\"lazy\" decoding=\"async\" width=\"68\" height=\"96\" src=\"https:\/\/lalmachine.com\/wp-content\/uploads\/2022\/04\/00A7DB17-261B-41A0-A8CD-711113251DCA-4359c89e.jpeg\" class=\"attachment-thumbnail size-thumbnail\" alt=\"\" \/><\/a> <a href=\"https:\/\/lalmachine.com\/wp-content\/uploads\/2022\/04\/C08CE098-B1B1-409C-959D-A5C33378507F-cad6c9ae.jpeg\"><img loading=\"lazy\" decoding=\"async\" width=\"72\" height=\"96\" src=\"https:\/\/lalmachine.com\/wp-content\/uploads\/2022\/04\/C08CE098-B1B1-409C-959D-A5C33378507F-cad6c9ae.jpeg\" class=\"attachment-thumbnail size-thumbnail\" alt=\"\" \/><\/a> <a href=\"https:\/\/lalmachine.com\/wp-content\/uploads\/2022\/04\/7683E65A-7C72-4C2D-A144-03872A3D351B-e98b2b72.jpeg\"><img loading=\"lazy\" decoding=\"async\" width=\"72\" height=\"96\" src=\"https:\/\/lalmachine.com\/wp-content\/uploads\/2022\/04\/7683E65A-7C72-4C2D-A144-03872A3D351B-e98b2b72.jpeg\" class=\"attachment-thumbnail size-thumbnail\" alt=\"\" \/><\/a> <a href=\"https:\/\/lalmachine.com\/wp-content\/uploads\/2022\/04\/E5AFF008-7088-43BF-AD9F-F6E37D52B5B7-f07b9a0a.jpeg\"><img loading=\"lazy\" decoding=\"async\" width=\"72\" height=\"96\" src=\"https:\/\/lalmachine.com\/wp-content\/uploads\/2022\/04\/E5AFF008-7088-43BF-AD9F-F6E37D52B5B7-f07b9a0a.jpeg\" class=\"attachment-thumbnail size-thumbnail\" alt=\"\" \/><\/a> <a href=\"https:\/\/lalmachine.com\/wp-content\/uploads\/2022\/04\/63F73E65-68FF-4B2A-B5E8-6D461A6C7548-b248d64f.jpeg\"><img loading=\"lazy\" decoding=\"async\" width=\"66\" height=\"96\" src=\"https:\/\/lalmachine.com\/wp-content\/uploads\/2022\/04\/63F73E65-68FF-4B2A-B5E8-6D461A6C7548-b248d64f.jpeg\" class=\"attachment-thumbnail size-thumbnail\" alt=\"\" \/><\/a> <a href=\"https:\/\/lalmachine.com\/wp-content\/uploads\/2022\/04\/6CE31ECA-1566-4E49-8A35-46CA4F2FC9BC-ef4a6484.jpeg\"><img loading=\"lazy\" decoding=\"async\" width=\"72\" height=\"96\" src=\"https:\/\/lalmachine.com\/wp-content\/uploads\/2022\/04\/6CE31ECA-1566-4E49-8A35-46CA4F2FC9BC-ef4a6484.jpeg\" class=\"attachment-thumbnail size-thumbnail\" alt=\"\" \/><\/a> <\/li>        <li class=\"wpuf-field-data wpuf-field-data-numeric_text_field\">\n                            <label>Prix:<\/label>\n                        400        <\/li>\n                <li class=\"wpuf-field-data wpuf-field-data-numeric_text_field\">\n                            <label>Hauteur (cm):<\/label>\n                        92        <\/li>\n                <li class=\"wpuf-field-data wpuf-field-data-numeric_text_field\">\n                            <label>Largeur (cm):<\/label>\n                        68        <\/li>\n                <li class=\"wpuf-field-data wpuf-field-data-numeric_text_field\">\n                            <label>Profondeur (cm):<\/label>\n                        93        <\/li>\n        <\/ul>","protected":false},"excerpt":{"rendered":"<p>Bureau en bois avec plateau inclinable. Les pieds ont \u00e9t\u00e9 ponc\u00e9s et huil\u00e9s. Le plateau est l\u00e9g\u00e8rement voil\u00e9 mais a \u00e9t\u00e9 renforc\u00e9 avec un nouveau plan de travail, peint en noir et vernis. Les tiroirs ont \u00e9t\u00e9s revisit\u00e9s avec un papier peint g\u00e9om\u00e9trique dans les tons gris clair, gris fonc\u00e9, blanc. Le plateau est r\u00e9glable en hauteur et s\u2019incline \u00e0 l\u2019aide des molettes.<\/p>","protected":false},"featured_media":266640,"template":"","meta":{"_et_pb_use_builder":"","_et_pb_old_content":"","_et_gb_content_width":""},"product_brand":[],"product_cat":[85,47],"product_tag":[],"proximite":[203],"class_list":{"0":"post-266466","1":"product","2":"type-product","3":"status-publish","4":"has-post-thumbnail","6":"product_cat-bureau","7":"product_cat-meubler","8":"pa_couleur-noir","9":"pa_etat-bon-etat","10":"pa_materiau-bois","11":"pa_style-industriel","12":"proximite-neuchatel","14":"first","15":"outofstock","16":"shipping-taxable","17":"purchasable","18":"product-type-simple"},"yoast_head":"<!-- This site is optimized with the Yoast SEO plugin v27.4 - https:\/\/yoast.com\/product\/yoast-seo-wordpress\/ -->\n<title>Ancien bureau d\u2019architecte | lalmachine.com, mobilier et objets d\u00e9co vintage et design<\/title>\n<meta name=\"description\" content=\"Bureau en bois avec plateau inclinable.\" \/>\n<meta name=\"robots\" content=\"index, follow, max-snippet:-1, max-image-preview:large, max-video-preview:-1\" \/>\n<link rel=\"canonical\" href=\"https:\/\/lalmachine.com\/de\/shop\/meubler\/bureau\/ancien-bureau-darchitecte\/\" \/>\n<meta property=\"og:locale\" content=\"de_DE\" \/>\n<meta property=\"og:type\" content=\"article\" \/>\n<meta property=\"og:title\" content=\"Ancien bureau d\u2019architecte | lalmachine.com, mobilier et objets d\u00e9co vintage et design\" \/>\n<meta property=\"og:description\" content=\"Bureau en bois avec plateau inclinable.\" \/>\n<meta property=\"og:url\" content=\"https:\/\/lalmachine.com\/de\/shop\/meubler\/bureau\/ancien-bureau-darchitecte\/\" \/>\n<meta property=\"og:site_name\" content=\"lalmachine.com\" \/>\n<meta property=\"article:publisher\" content=\"https:\/\/facebook.com\/lalmachine\" \/>\n<meta property=\"article:modified_time\" content=\"2024-12-05T20:54:38+00:00\" \/>\n<meta property=\"og:image\" content=\"https:\/\/lalmachine.com\/wp-content\/uploads\/2022\/04\/CFE7B92A-C640-4437-AF10-6822A3BCD43A-ac03a4cd_clipped_rev_1.jpeg\" \/>\n\t<meta property=\"og:image:width\" content=\"5559\" \/>\n\t<meta property=\"og:image:height\" content=\"5559\" \/>\n\t<meta property=\"og:image:type\" content=\"image\/jpeg\" \/>\n<meta name=\"twitter:card\" content=\"summary_large_image\" \/>\n<script type=\"application\/ld+json\" class=\"yoast-schema-graph\">{\"@context\":\"https:\\\/\\\/schema.org\",\"@graph\":[{\"@type\":\"WebPage\",\"@id\":\"https:\\\/\\\/lalmachine.com\\\/de\\\/shop\\\/meubler\\\/bureau\\\/ancien-bureau-darchitecte\\\/\",\"url\":\"https:\\\/\\\/lalmachine.com\\\/de\\\/shop\\\/meubler\\\/bureau\\\/ancien-bureau-darchitecte\\\/\",\"name\":\"Ancien bureau d\u2019architecte | lalmachine.com, mobilier et objets d\u00e9co vintage et design\",\"isPartOf\":{\"@id\":\"https:\\\/\\\/lalmachine.com\\\/#website\"},\"primaryImageOfPage\":{\"@id\":\"https:\\\/\\\/lalmachine.com\\\/de\\\/shop\\\/meubler\\\/bureau\\\/ancien-bureau-darchitecte\\\/#primaryimage\"},\"image\":{\"@id\":\"https:\\\/\\\/lalmachine.com\\\/de\\\/shop\\\/meubler\\\/bureau\\\/ancien-bureau-darchitecte\\\/#primaryimage\"},\"thumbnailUrl\":\"https:\\\/\\\/lalmachine.com\\\/wp-content\\\/uploads\\\/2022\\\/04\\\/CFE7B92A-C640-4437-AF10-6822A3BCD43A-ac03a4cd_clipped_rev_1.jpeg\",\"datePublished\":\"2022-04-04T06:37:24+00:00\",\"dateModified\":\"2024-12-05T20:54:38+00:00\",\"description\":\"Bureau en bois avec plateau inclinable.\",\"breadcrumb\":{\"@id\":\"https:\\\/\\\/lalmachine.com\\\/de\\\/shop\\\/meubler\\\/bureau\\\/ancien-bureau-darchitecte\\\/#breadcrumb\"},\"inLanguage\":\"de\",\"potentialAction\":[{\"@type\":\"ReadAction\",\"target\":[\"https:\\\/\\\/lalmachine.com\\\/de\\\/shop\\\/meubler\\\/bureau\\\/ancien-bureau-darchitecte\\\/\"]}]},{\"@type\":\"ImageObject\",\"inLanguage\":\"de\",\"@id\":\"https:\\\/\\\/lalmachine.com\\\/de\\\/shop\\\/meubler\\\/bureau\\\/ancien-bureau-darchitecte\\\/#primaryimage\",\"url\":\"https:\\\/\\\/lalmachine.com\\\/wp-content\\\/uploads\\\/2022\\\/04\\\/CFE7B92A-C640-4437-AF10-6822A3BCD43A-ac03a4cd_clipped_rev_1.jpeg\",\"contentUrl\":\"https:\\\/\\\/lalmachine.com\\\/wp-content\\\/uploads\\\/2022\\\/04\\\/CFE7B92A-C640-4437-AF10-6822A3BCD43A-ac03a4cd_clipped_rev_1.jpeg\",\"width\":5559,\"height\":5559,\"caption\":\"Ancien bureau d\u2019architecte\"},{\"@type\":\"BreadcrumbList\",\"@id\":\"https:\\\/\\\/lalmachine.com\\\/de\\\/shop\\\/meubler\\\/bureau\\\/ancien-bureau-darchitecte\\\/#breadcrumb\",\"itemListElement\":[{\"@type\":\"ListItem\",\"position\":1,\"name\":\"Accueil\",\"item\":\"https:\\\/\\\/lalmachine.com\\\/\"},{\"@type\":\"ListItem\",\"position\":2,\"name\":\"Shop\",\"item\":\"https:\\\/\\\/lalmachine.com\\\/shop\\\/\"},{\"@type\":\"ListItem\",\"position\":3,\"name\":\"Ancien bureau d\u2019architecte\"}]},{\"@type\":\"WebSite\",\"@id\":\"https:\\\/\\\/lalmachine.com\\\/#website\",\"url\":\"https:\\\/\\\/lalmachine.com\\\/\",\"name\":\"lalmachine.com\",\"description\":\"Brocante en ligne Suisse | Mobilier et objets d\u00e9co vintage et design\",\"potentialAction\":[{\"@type\":\"SearchAction\",\"target\":{\"@type\":\"EntryPoint\",\"urlTemplate\":\"https:\\\/\\\/lalmachine.com\\\/?s={search_term_string}\"},\"query-input\":{\"@type\":\"PropertyValueSpecification\",\"valueRequired\":true,\"valueName\":\"search_term_string\"}}],\"inLanguage\":\"de\"}]}<\/script>\n<!-- \/ Yoast SEO plugin. -->","yoast_head_json":{"title":"Ancien bureau d\u2019architecte | lalmachine.com, mobilier et objets d\u00e9co vintage et design","description":"Bureau en bois avec plateau inclinable.","robots":{"index":"index","follow":"follow","max-snippet":"max-snippet:-1","max-image-preview":"max-image-preview:large","max-video-preview":"max-video-preview:-1"},"canonical":"https:\/\/lalmachine.com\/de\/shop\/meubler\/bureau\/ancien-bureau-darchitecte\/","og_locale":"de_DE","og_type":"article","og_title":"Ancien bureau d\u2019architecte | lalmachine.com, mobilier et objets d\u00e9co vintage et design","og_description":"Bureau en bois avec plateau inclinable.","og_url":"https:\/\/lalmachine.com\/de\/shop\/meubler\/bureau\/ancien-bureau-darchitecte\/","og_site_name":"lalmachine.com","article_publisher":"https:\/\/facebook.com\/lalmachine","article_modified_time":"2024-12-05T20:54:38+00:00","og_image":[{"width":5559,"height":5559,"url":"https:\/\/lalmachine.com\/wp-content\/uploads\/2022\/04\/CFE7B92A-C640-4437-AF10-6822A3BCD43A-ac03a4cd_clipped_rev_1.jpeg","type":"image\/jpeg"}],"twitter_card":"summary_large_image","schema":{"@context":"https:\/\/schema.org","@graph":[{"@type":"WebPage","@id":"https:\/\/lalmachine.com\/de\/shop\/meubler\/bureau\/ancien-bureau-darchitecte\/","url":"https:\/\/lalmachine.com\/de\/shop\/meubler\/bureau\/ancien-bureau-darchitecte\/","name":"Ancien bureau d\u2019architecte | lalmachine.com, mobilier et objets d\u00e9co vintage et design","isPartOf":{"@id":"https:\/\/lalmachine.com\/#website"},"primaryImageOfPage":{"@id":"https:\/\/lalmachine.com\/de\/shop\/meubler\/bureau\/ancien-bureau-darchitecte\/#primaryimage"},"image":{"@id":"https:\/\/lalmachine.com\/de\/shop\/meubler\/bureau\/ancien-bureau-darchitecte\/#primaryimage"},"thumbnailUrl":"https:\/\/lalmachine.com\/wp-content\/uploads\/2022\/04\/CFE7B92A-C640-4437-AF10-6822A3BCD43A-ac03a4cd_clipped_rev_1.jpeg","datePublished":"2022-04-04T06:37:24+00:00","dateModified":"2024-12-05T20:54:38+00:00","description":"Bureau en bois avec plateau inclinable.","breadcrumb":{"@id":"https:\/\/lalmachine.com\/de\/shop\/meubler\/bureau\/ancien-bureau-darchitecte\/#breadcrumb"},"inLanguage":"de","potentialAction":[{"@type":"ReadAction","target":["https:\/\/lalmachine.com\/de\/shop\/meubler\/bureau\/ancien-bureau-darchitecte\/"]}]},{"@type":"ImageObject","inLanguage":"de","@id":"https:\/\/lalmachine.com\/de\/shop\/meubler\/bureau\/ancien-bureau-darchitecte\/#primaryimage","url":"https:\/\/lalmachine.com\/wp-content\/uploads\/2022\/04\/CFE7B92A-C640-4437-AF10-6822A3BCD43A-ac03a4cd_clipped_rev_1.jpeg","contentUrl":"https:\/\/lalmachine.com\/wp-content\/uploads\/2022\/04\/CFE7B92A-C640-4437-AF10-6822A3BCD43A-ac03a4cd_clipped_rev_1.jpeg","width":5559,"height":5559,"caption":"Ancien bureau d\u2019architecte"},{"@type":"BreadcrumbList","@id":"https:\/\/lalmachine.com\/de\/shop\/meubler\/bureau\/ancien-bureau-darchitecte\/#breadcrumb","itemListElement":[{"@type":"ListItem","position":1,"name":"Accueil","item":"https:\/\/lalmachine.com\/"},{"@type":"ListItem","position":2,"name":"Shop","item":"https:\/\/lalmachine.com\/shop\/"},{"@type":"ListItem","position":3,"name":"Ancien bureau d\u2019architecte"}]},{"@type":"WebSite","@id":"https:\/\/lalmachine.com\/#website","url":"https:\/\/lalmachine.com\/","name":"lalmachine.com","description":"Brocante en ligne Suisse | Mobilier et objets d\u00e9co vintage et design","potentialAction":[{"@type":"SearchAction","target":{"@type":"EntryPoint","urlTemplate":"https:\/\/lalmachine.com\/?s={search_term_string}"},"query-input":{"@type":"PropertyValueSpecification","valueRequired":true,"valueName":"search_term_string"}}],"inLanguage":"de"}]}},"_links":{"self":[{"href":"https:\/\/lalmachine.com\/de\/wp-json\/wp\/v2\/product\/266466","targetHints":{"allow":["GET"]}}],"collection":[{"href":"https:\/\/lalmachine.com\/de\/wp-json\/wp\/v2\/product"}],"about":[{"href":"https:\/\/lalmachine.com\/de\/wp-json\/wp\/v2\/types\/product"}],"wp:featuredmedia":[{"embeddable":true,"href":"https:\/\/lalmachine.com\/de\/wp-json\/wp\/v2\/media\/266640"}],"wp:attachment":[{"href":"https:\/\/lalmachine.com\/de\/wp-json\/wp\/v2\/media?parent=266466"}],"wp:term":[{"taxonomy":"product_brand","embeddable":true,"href":"https:\/\/lalmachine.com\/de\/wp-json\/wp\/v2\/product_brand?post=266466"},{"taxonomy":"product_cat","embeddable":true,"href":"https:\/\/lalmachine.com\/de\/wp-json\/wp\/v2\/product_cat?post=266466"},{"taxonomy":"product_tag","embeddable":true,"href":"https:\/\/lalmachine.com\/de\/wp-json\/wp\/v2\/product_tag?post=266466"},{"taxonomy":"proximite","embeddable":true,"href":"https:\/\/lalmachine.com\/de\/wp-json\/wp\/v2\/proximite?post=266466"}],"curies":[{"name":"wp","href":"https:\/\/api.w.org\/{rel}","templated":true}]}}