{"id":266924,"date":"2022-04-07T13:55:54","date_gmt":"2022-04-07T11:55:54","guid":{"rendered":"https:\/\/lalmachine.com\/?post_type=product&#038;p=266924"},"modified":"2024-12-05T21:54:41","modified_gmt":"2024-12-05T20:54:41","slug":"porte-manteau-kartell","status":"publish","type":"product","link":"https:\/\/lalmachine.com\/de\/shop\/meubler\/meuble-de-rangement\/porte-manteau-kartell\/","title":{"rendered":"Porte-manteau Kartell"},"content":{"rendered":"<ul class=\"wpuf_customs\"><li style=\"list-style-type:none;\"><label>Autres photos:<\/label> <a href=\"https:\/\/lalmachine.com\/wp-content\/uploads\/2022\/04\/4C7B2E67-E06F-435C-8311-1DF280178E66-2b971db2-rotated.jpeg\"><img loading=\"lazy\" decoding=\"async\" width=\"72\" height=\"96\" src=\"https:\/\/lalmachine.com\/wp-content\/uploads\/2022\/04\/4C7B2E67-E06F-435C-8311-1DF280178E66-2b971db2-rotated.jpeg\" class=\"attachment-thumbnail size-thumbnail\" alt=\"\" \/><\/a> <a href=\"https:\/\/lalmachine.com\/wp-content\/uploads\/2022\/04\/A35DA132-7358-4774-9D25-0ED1BD72B95C-ceae69ca-rotated.jpeg\"><img loading=\"lazy\" decoding=\"async\" width=\"72\" height=\"96\" src=\"https:\/\/lalmachine.com\/wp-content\/uploads\/2022\/04\/A35DA132-7358-4774-9D25-0ED1BD72B95C-ceae69ca-rotated.jpeg\" class=\"attachment-thumbnail size-thumbnail\" alt=\"\" \/><\/a> <a href=\"https:\/\/lalmachine.com\/wp-content\/uploads\/2022\/04\/37BA329E-7571-482D-A619-90C7024DAE9C-e3e02171-rotated.jpeg\"><img loading=\"lazy\" decoding=\"async\" width=\"72\" height=\"96\" src=\"https:\/\/lalmachine.com\/wp-content\/uploads\/2022\/04\/37BA329E-7571-482D-A619-90C7024DAE9C-e3e02171-rotated.jpeg\" class=\"attachment-thumbnail size-thumbnail\" alt=\"\" \/><\/a> <a href=\"https:\/\/lalmachine.com\/wp-content\/uploads\/2022\/04\/61D9F120-9E20-4B01-A70C-601557290A99-c3ceb789.jpeg\"><img loading=\"lazy\" decoding=\"async\" width=\"128\" height=\"96\" src=\"https:\/\/lalmachine.com\/wp-content\/uploads\/2022\/04\/61D9F120-9E20-4B01-A70C-601557290A99-c3ceb789.jpeg\" class=\"attachment-thumbnail size-thumbnail\" alt=\"\" \/><\/a> <a href=\"https:\/\/lalmachine.com\/wp-content\/uploads\/2022\/04\/B13786C2-2DE4-4501-B885-AD728ACBC09F-2541a332-rotated.jpeg\"><img loading=\"lazy\" decoding=\"async\" width=\"72\" height=\"96\" src=\"https:\/\/lalmachine.com\/wp-content\/uploads\/2022\/04\/B13786C2-2DE4-4501-B885-AD728ACBC09F-2541a332-rotated.jpeg\" class=\"attachment-thumbnail size-thumbnail\" alt=\"\" \/><\/a> <a href=\"https:\/\/lalmachine.com\/wp-content\/uploads\/2022\/04\/19551F36-D329-4D7F-8E25-4AFA5E013864-ccc3462b.jpeg\"><img loading=\"lazy\" decoding=\"async\" width=\"128\" height=\"96\" src=\"https:\/\/lalmachine.com\/wp-content\/uploads\/2022\/04\/19551F36-D329-4D7F-8E25-4AFA5E013864-ccc3462b.jpeg\" class=\"attachment-thumbnail size-thumbnail\" alt=\"\" \/><\/a> <a href=\"https:\/\/lalmachine.com\/wp-content\/uploads\/2022\/04\/629F9DD9-112A-4A3B-ACC6-F5BF84750903-028d17e4.jpeg\"><img loading=\"lazy\" decoding=\"async\" width=\"128\" height=\"96\" src=\"https:\/\/lalmachine.com\/wp-content\/uploads\/2022\/04\/629F9DD9-112A-4A3B-ACC6-F5BF84750903-028d17e4.jpeg\" class=\"attachment-thumbnail size-thumbnail\" alt=\"\" \/><\/a> <\/li>        <li class=\"wpuf-field-data wpuf-field-data-numeric_text_field\">\n                            <label>Prix:<\/label>\n                        280        <\/li>\n                <li class=\"wpuf-field-data wpuf-field-data-numeric_text_field\">\n                            <label>Hauteur (cm):<\/label>\n                        164        <\/li>\n                <li class=\"wpuf-field-data wpuf-field-data-numeric_text_field\">\n                            <label>Largeur (cm):<\/label>\n                        28        <\/li>\n                <li class=\"wpuf-field-data wpuf-field-data-numeric_text_field\">\n                            <label>Profondeur (cm):<\/label>\n                        28        <\/li>\n        <\/ul>","protected":false},"excerpt":{"rendered":"<p>Porte-manteau 4788 d\u2019Anna Castelli Ferrieri pour Kartell. Design de 1980. Le porte-manteau est compos\u00e9 de 3 parties: un pied en plastique blanc dans lequel s\u2019ins\u00e8re un bidon que l\u2019on peut remplir d\u2019eau pour garantir la stabilit\u00e9 de l\u2019ensemble, et une grille m\u00e9tallique jaune et carr\u00e9e sur laquelle viennent se fixer librement diff\u00e9rents crochets pour les habits et les accessoires.<br \/>\nL\u2019\u00e9tat g\u00e9n\u00e9ral du porte-manteau est bon. Il comporte des traces d\u2019utilisation ainsi qu\u2019une minuscule fissure dans un angle de la partie en plastique blanc, si petite qu\u2019elle n\u2019appara\u00eet pas sur les photos\u2026<\/p>\n<p>Livraison possible:<\/p>\n<p>&#8211; Berne: 30.-<br \/>\n&#8211; Lausanne: 50.-<br \/>\n&#8211; Gen\u00e8ve, Z\u00fcrich, B\u00e2le: 100.-<br \/>\n&#8211; autres lieux sur demande<\/p>","protected":false},"featured_media":267336,"template":"","meta":{"_et_pb_use_builder":"","_et_pb_old_content":"","_et_gb_content_width":""},"product_brand":[],"product_cat":[83,47],"product_tag":[],"proximite":[177,235],"class_list":{"0":"post-266924","1":"product","2":"type-product","3":"status-publish","4":"has-post-thumbnail","6":"product_cat-meuble-de-rangement","7":"product_cat-meubler","8":"pa_couleur-blanc","9":"pa_etat-bon-etat","10":"pa_materiau-plastique","11":"pa_style-design","12":"proximite-fribourg","13":"proximite-sarine","15":"first","16":"outofstock","17":"shipping-taxable","18":"purchasable","19":"product-type-simple"},"yoast_head":"<!-- This site is optimized with the Yoast SEO plugin v27.4 - https:\/\/yoast.com\/product\/yoast-seo-wordpress\/ -->\n<title>Porte-manteau Kartell | lalmachine.com, mobilier et objets d\u00e9co vintage et design<\/title>\n<meta name=\"description\" content=\"Porte-manteau 4788 d\u2019Anna Castelli Ferrieri pour Kartell. Design de 1980.\" \/>\n<meta name=\"robots\" content=\"index, follow, max-snippet:-1, max-image-preview:large, max-video-preview:-1\" \/>\n<link rel=\"canonical\" href=\"https:\/\/lalmachine.com\/de\/shop\/meubler\/meuble-de-rangement\/porte-manteau-kartell\/\" \/>\n<meta property=\"og:locale\" content=\"de_DE\" \/>\n<meta property=\"og:type\" content=\"article\" \/>\n<meta property=\"og:title\" content=\"Porte-manteau Kartell | lalmachine.com, mobilier et objets d\u00e9co vintage et design\" \/>\n<meta property=\"og:description\" content=\"Porte-manteau 4788 d\u2019Anna Castelli Ferrieri pour Kartell. Design de 1980.\" \/>\n<meta property=\"og:url\" content=\"https:\/\/lalmachine.com\/de\/shop\/meubler\/meuble-de-rangement\/porte-manteau-kartell\/\" \/>\n<meta property=\"og:site_name\" content=\"lalmachine.com\" \/>\n<meta property=\"article:publisher\" content=\"https:\/\/facebook.com\/lalmachine\" \/>\n<meta property=\"article:modified_time\" content=\"2024-12-05T20:54:41+00:00\" \/>\n<meta property=\"og:image\" content=\"https:\/\/lalmachine.com\/wp-content\/uploads\/2022\/04\/9A102EB7-4801-428C-BC21-E568F35997DD-9706bb9d-rotated_clipped_rev_1.jpeg\" \/>\n\t<meta property=\"og:image:width\" content=\"4830\" \/>\n\t<meta property=\"og:image:height\" content=\"4831\" \/>\n\t<meta property=\"og:image:type\" content=\"image\/jpeg\" \/>\n<meta name=\"twitter:card\" content=\"summary_large_image\" \/>\n<script type=\"application\/ld+json\" class=\"yoast-schema-graph\">{\"@context\":\"https:\\\/\\\/schema.org\",\"@graph\":[{\"@type\":\"WebPage\",\"@id\":\"https:\\\/\\\/lalmachine.com\\\/shop\\\/meubler\\\/meuble-de-rangement\\\/porte-manteau-kartell\\\/\",\"url\":\"https:\\\/\\\/lalmachine.com\\\/shop\\\/meubler\\\/meuble-de-rangement\\\/porte-manteau-kartell\\\/\",\"name\":\"Porte-manteau Kartell | lalmachine.com, mobilier et objets d\u00e9co vintage et design\",\"isPartOf\":{\"@id\":\"https:\\\/\\\/lalmachine.com\\\/#website\"},\"primaryImageOfPage\":{\"@id\":\"https:\\\/\\\/lalmachine.com\\\/shop\\\/meubler\\\/meuble-de-rangement\\\/porte-manteau-kartell\\\/#primaryimage\"},\"image\":{\"@id\":\"https:\\\/\\\/lalmachine.com\\\/shop\\\/meubler\\\/meuble-de-rangement\\\/porte-manteau-kartell\\\/#primaryimage\"},\"thumbnailUrl\":\"https:\\\/\\\/lalmachine.com\\\/wp-content\\\/uploads\\\/2022\\\/04\\\/9A102EB7-4801-428C-BC21-E568F35997DD-9706bb9d-rotated_clipped_rev_1.jpeg\",\"datePublished\":\"2022-04-07T11:55:54+00:00\",\"dateModified\":\"2024-12-05T20:54:41+00:00\",\"description\":\"Porte-manteau 4788 d\u2019Anna Castelli Ferrieri pour Kartell. Design de 1980.\",\"breadcrumb\":{\"@id\":\"https:\\\/\\\/lalmachine.com\\\/shop\\\/meubler\\\/meuble-de-rangement\\\/porte-manteau-kartell\\\/#breadcrumb\"},\"inLanguage\":\"de\",\"potentialAction\":[{\"@type\":\"ReadAction\",\"target\":[\"https:\\\/\\\/lalmachine.com\\\/shop\\\/meubler\\\/meuble-de-rangement\\\/porte-manteau-kartell\\\/\"]}]},{\"@type\":\"ImageObject\",\"inLanguage\":\"de\",\"@id\":\"https:\\\/\\\/lalmachine.com\\\/shop\\\/meubler\\\/meuble-de-rangement\\\/porte-manteau-kartell\\\/#primaryimage\",\"url\":\"https:\\\/\\\/lalmachine.com\\\/wp-content\\\/uploads\\\/2022\\\/04\\\/9A102EB7-4801-428C-BC21-E568F35997DD-9706bb9d-rotated_clipped_rev_1.jpeg\",\"contentUrl\":\"https:\\\/\\\/lalmachine.com\\\/wp-content\\\/uploads\\\/2022\\\/04\\\/9A102EB7-4801-428C-BC21-E568F35997DD-9706bb9d-rotated_clipped_rev_1.jpeg\",\"width\":4830,\"height\":4831,\"caption\":\"Porte-manteau Kartell\"},{\"@type\":\"BreadcrumbList\",\"@id\":\"https:\\\/\\\/lalmachine.com\\\/shop\\\/meubler\\\/meuble-de-rangement\\\/porte-manteau-kartell\\\/#breadcrumb\",\"itemListElement\":[{\"@type\":\"ListItem\",\"position\":1,\"name\":\"Accueil\",\"item\":\"https:\\\/\\\/lalmachine.com\\\/\"},{\"@type\":\"ListItem\",\"position\":2,\"name\":\"Shop\",\"item\":\"https:\\\/\\\/lalmachine.com\\\/shop\\\/\"},{\"@type\":\"ListItem\",\"position\":3,\"name\":\"Porte-manteau Kartell\"}]},{\"@type\":\"WebSite\",\"@id\":\"https:\\\/\\\/lalmachine.com\\\/#website\",\"url\":\"https:\\\/\\\/lalmachine.com\\\/\",\"name\":\"lalmachine.com\",\"description\":\"Brocante en ligne Suisse | Mobilier et objets d\u00e9co vintage et design\",\"potentialAction\":[{\"@type\":\"SearchAction\",\"target\":{\"@type\":\"EntryPoint\",\"urlTemplate\":\"https:\\\/\\\/lalmachine.com\\\/?s={search_term_string}\"},\"query-input\":{\"@type\":\"PropertyValueSpecification\",\"valueRequired\":true,\"valueName\":\"search_term_string\"}}],\"inLanguage\":\"de\"}]}<\/script>\n<!-- \/ Yoast SEO plugin. -->","yoast_head_json":{"title":"Porte-manteau Kartell | lalmachine.com, mobilier et objets d\u00e9co vintage et design","description":"Porte-manteau 4788 d\u2019Anna Castelli Ferrieri pour Kartell. Design de 1980.","robots":{"index":"index","follow":"follow","max-snippet":"max-snippet:-1","max-image-preview":"max-image-preview:large","max-video-preview":"max-video-preview:-1"},"canonical":"https:\/\/lalmachine.com\/de\/shop\/meubler\/meuble-de-rangement\/porte-manteau-kartell\/","og_locale":"de_DE","og_type":"article","og_title":"Porte-manteau Kartell | lalmachine.com, mobilier et objets d\u00e9co vintage et design","og_description":"Porte-manteau 4788 d\u2019Anna Castelli Ferrieri pour Kartell. Design de 1980.","og_url":"https:\/\/lalmachine.com\/de\/shop\/meubler\/meuble-de-rangement\/porte-manteau-kartell\/","og_site_name":"lalmachine.com","article_publisher":"https:\/\/facebook.com\/lalmachine","article_modified_time":"2024-12-05T20:54:41+00:00","og_image":[{"width":4830,"height":4831,"url":"https:\/\/lalmachine.com\/wp-content\/uploads\/2022\/04\/9A102EB7-4801-428C-BC21-E568F35997DD-9706bb9d-rotated_clipped_rev_1.jpeg","type":"image\/jpeg"}],"twitter_card":"summary_large_image","schema":{"@context":"https:\/\/schema.org","@graph":[{"@type":"WebPage","@id":"https:\/\/lalmachine.com\/shop\/meubler\/meuble-de-rangement\/porte-manteau-kartell\/","url":"https:\/\/lalmachine.com\/shop\/meubler\/meuble-de-rangement\/porte-manteau-kartell\/","name":"Porte-manteau Kartell | lalmachine.com, mobilier et objets d\u00e9co vintage et design","isPartOf":{"@id":"https:\/\/lalmachine.com\/#website"},"primaryImageOfPage":{"@id":"https:\/\/lalmachine.com\/shop\/meubler\/meuble-de-rangement\/porte-manteau-kartell\/#primaryimage"},"image":{"@id":"https:\/\/lalmachine.com\/shop\/meubler\/meuble-de-rangement\/porte-manteau-kartell\/#primaryimage"},"thumbnailUrl":"https:\/\/lalmachine.com\/wp-content\/uploads\/2022\/04\/9A102EB7-4801-428C-BC21-E568F35997DD-9706bb9d-rotated_clipped_rev_1.jpeg","datePublished":"2022-04-07T11:55:54+00:00","dateModified":"2024-12-05T20:54:41+00:00","description":"Porte-manteau 4788 d\u2019Anna Castelli Ferrieri pour Kartell. Design de 1980.","breadcrumb":{"@id":"https:\/\/lalmachine.com\/shop\/meubler\/meuble-de-rangement\/porte-manteau-kartell\/#breadcrumb"},"inLanguage":"de","potentialAction":[{"@type":"ReadAction","target":["https:\/\/lalmachine.com\/shop\/meubler\/meuble-de-rangement\/porte-manteau-kartell\/"]}]},{"@type":"ImageObject","inLanguage":"de","@id":"https:\/\/lalmachine.com\/shop\/meubler\/meuble-de-rangement\/porte-manteau-kartell\/#primaryimage","url":"https:\/\/lalmachine.com\/wp-content\/uploads\/2022\/04\/9A102EB7-4801-428C-BC21-E568F35997DD-9706bb9d-rotated_clipped_rev_1.jpeg","contentUrl":"https:\/\/lalmachine.com\/wp-content\/uploads\/2022\/04\/9A102EB7-4801-428C-BC21-E568F35997DD-9706bb9d-rotated_clipped_rev_1.jpeg","width":4830,"height":4831,"caption":"Porte-manteau Kartell"},{"@type":"BreadcrumbList","@id":"https:\/\/lalmachine.com\/shop\/meubler\/meuble-de-rangement\/porte-manteau-kartell\/#breadcrumb","itemListElement":[{"@type":"ListItem","position":1,"name":"Accueil","item":"https:\/\/lalmachine.com\/"},{"@type":"ListItem","position":2,"name":"Shop","item":"https:\/\/lalmachine.com\/shop\/"},{"@type":"ListItem","position":3,"name":"Porte-manteau Kartell"}]},{"@type":"WebSite","@id":"https:\/\/lalmachine.com\/#website","url":"https:\/\/lalmachine.com\/","name":"lalmachine.com","description":"Brocante en ligne Suisse | Mobilier et objets d\u00e9co vintage et design","potentialAction":[{"@type":"SearchAction","target":{"@type":"EntryPoint","urlTemplate":"https:\/\/lalmachine.com\/?s={search_term_string}"},"query-input":{"@type":"PropertyValueSpecification","valueRequired":true,"valueName":"search_term_string"}}],"inLanguage":"de"}]}},"_links":{"self":[{"href":"https:\/\/lalmachine.com\/de\/wp-json\/wp\/v2\/product\/266924","targetHints":{"allow":["GET"]}}],"collection":[{"href":"https:\/\/lalmachine.com\/de\/wp-json\/wp\/v2\/product"}],"about":[{"href":"https:\/\/lalmachine.com\/de\/wp-json\/wp\/v2\/types\/product"}],"wp:featuredmedia":[{"embeddable":true,"href":"https:\/\/lalmachine.com\/de\/wp-json\/wp\/v2\/media\/267336"}],"wp:attachment":[{"href":"https:\/\/lalmachine.com\/de\/wp-json\/wp\/v2\/media?parent=266924"}],"wp:term":[{"taxonomy":"product_brand","embeddable":true,"href":"https:\/\/lalmachine.com\/de\/wp-json\/wp\/v2\/product_brand?post=266924"},{"taxonomy":"product_cat","embeddable":true,"href":"https:\/\/lalmachine.com\/de\/wp-json\/wp\/v2\/product_cat?post=266924"},{"taxonomy":"product_tag","embeddable":true,"href":"https:\/\/lalmachine.com\/de\/wp-json\/wp\/v2\/product_tag?post=266924"},{"taxonomy":"proximite","embeddable":true,"href":"https:\/\/lalmachine.com\/de\/wp-json\/wp\/v2\/proximite?post=266924"}],"curies":[{"name":"wp","href":"https:\/\/api.w.org\/{rel}","templated":true}]}}