{"id":267400,"date":"2022-04-08T17:34:53","date_gmt":"2022-04-08T15:34:53","guid":{"rendered":"https:\/\/lalmachine.com\/?post_type=product&#038;p=267400"},"modified":"2024-12-05T21:54:41","modified_gmt":"2024-12-05T20:54:41","slug":"lot-de-12-assiettes-dentelle-a-dessert","status":"publish","type":"product","link":"https:\/\/lalmachine.com\/de\/shop\/decorer\/art-de-la-table\/lot-de-12-assiettes-dentelle-a-dessert\/","title":{"rendered":"Lot de 12 assiettes \u00ab\u00a0dentelle\u00a0\u00bb \u00e0 dessert"},"content":{"rendered":"<ul class=\"wpuf_customs\"><li style=\"list-style-type:none;\"><label>Autres photos:<\/label> <a href=\"https:\/\/lalmachine.com\/wp-content\/uploads\/2022\/04\/D39F0347-A0F8-4B40-888E-766C6251AF62-05837b94.jpeg\"><img loading=\"lazy\" decoding=\"async\" width=\"72\" height=\"96\" src=\"https:\/\/lalmachine.com\/wp-content\/uploads\/2022\/04\/D39F0347-A0F8-4B40-888E-766C6251AF62-05837b94.jpeg\" class=\"attachment-thumbnail size-thumbnail\" alt=\"\" \/><\/a> <a href=\"https:\/\/lalmachine.com\/wp-content\/uploads\/2022\/04\/C1EFF971-D27F-4935-A719-E4F66B59D0D2-21a8b09c.jpeg\"><img loading=\"lazy\" decoding=\"async\" width=\"81\" height=\"96\" src=\"https:\/\/lalmachine.com\/wp-content\/uploads\/2022\/04\/C1EFF971-D27F-4935-A719-E4F66B59D0D2-21a8b09c.jpeg\" class=\"attachment-thumbnail size-thumbnail\" alt=\"\" \/><\/a> <a href=\"https:\/\/lalmachine.com\/wp-content\/uploads\/2022\/04\/37A7BAFB-C358-4448-994E-2C4C93FEE444-238c7228.jpeg\"><img loading=\"lazy\" decoding=\"async\" width=\"72\" height=\"96\" src=\"https:\/\/lalmachine.com\/wp-content\/uploads\/2022\/04\/37A7BAFB-C358-4448-994E-2C4C93FEE444-238c7228.jpeg\" class=\"attachment-thumbnail size-thumbnail\" alt=\"\" \/><\/a> <a href=\"https:\/\/lalmachine.com\/wp-content\/uploads\/2022\/04\/B0C4049F-D21C-47D2-BA01-D23623896984-1bf62131.jpeg\"><img loading=\"lazy\" decoding=\"async\" width=\"72\" height=\"96\" src=\"https:\/\/lalmachine.com\/wp-content\/uploads\/2022\/04\/B0C4049F-D21C-47D2-BA01-D23623896984-1bf62131.jpeg\" class=\"attachment-thumbnail size-thumbnail\" alt=\"\" \/><\/a> <\/li>        <li class=\"wpuf-field-data wpuf-field-data-numeric_text_field\">\n                            <label>Prix:<\/label>\n                        36        <\/li>\n                <li class=\"wpuf-field-data wpuf-field-data-numeric_text_field\">\n                            <label>Hauteur (cm):<\/label>\n                        21        <\/li>\n                <li class=\"wpuf-field-data wpuf-field-data-numeric_text_field\">\n                            <label>Largeur (cm):<\/label>\n                        21        <\/li>\n                <li class=\"wpuf-field-data wpuf-field-data-numeric_text_field\">\n                            <label>Profondeur (cm):<\/label>\n                        2        <\/li>\n        <\/ul>","protected":false},"excerpt":{"rendered":"<p>Lot de 12 assiettes \u00e0 dessert porcelaine \u00ab dentelle \u00bb avec motif floral. Plusieurs motifs diff\u00e9rents. Dorure plus ou moins effac\u00e9e selon la pi\u00e8ce. Toutes les assiettes sont en bon \u00e9tat. Aucune inscription au dos.<\/p>","protected":false},"featured_media":267562,"template":"","meta":{"_et_pb_use_builder":"","_et_pb_old_content":"","_et_gb_content_width":""},"product_brand":[],"product_cat":[96,50],"product_tag":[],"proximite":[282,179],"class_list":{"0":"post-267400","1":"product","2":"type-product","3":"status-publish","4":"has-post-thumbnail","6":"product_cat-art-de-la-table","7":"product_cat-decorer","8":"pa_couleur-multicolore","9":"pa_etat-dans-son-jus","10":"pa_materiau-ceramique","11":"pa_style-vintage","12":"proximite-ouest-lausannois","13":"proximite-vaud","15":"first","16":"outofstock","17":"shipping-taxable","18":"purchasable","19":"product-type-simple"},"yoast_head":"<!-- This site is optimized with the Yoast SEO plugin v27.4 - https:\/\/yoast.com\/product\/yoast-seo-wordpress\/ -->\n<title>Lot de 12 assiettes \u00ab\u00a0dentelle\u00a0\u00bb \u00e0 dessert | lalmachine.com, mobilier et objets d\u00e9co vintage et design<\/title>\n<meta name=\"description\" content=\"Lot de 12 assiettes \u00e0 dessert porcelaine \u00ab dentelle \u00bb avec motif floral.\" \/>\n<meta name=\"robots\" content=\"index, follow, max-snippet:-1, max-image-preview:large, max-video-preview:-1\" \/>\n<link rel=\"canonical\" href=\"http:\/\/lalmachine.com\/de\/shop\/decorer\/art-de-la-table\/lot-de-12-assiettes-dentelle-a-dessert\/\" \/>\n<meta property=\"og:locale\" content=\"de_DE\" \/>\n<meta property=\"og:type\" content=\"article\" \/>\n<meta property=\"og:title\" content=\"Lot de 12 assiettes \u00ab\u00a0dentelle\u00a0\u00bb \u00e0 dessert | lalmachine.com, mobilier et objets d\u00e9co vintage et design\" \/>\n<meta property=\"og:description\" content=\"Lot de 12 assiettes \u00e0 dessert porcelaine \u00ab dentelle \u00bb avec motif floral.\" \/>\n<meta property=\"og:url\" content=\"http:\/\/lalmachine.com\/de\/shop\/decorer\/art-de-la-table\/lot-de-12-assiettes-dentelle-a-dessert\/\" \/>\n<meta property=\"og:site_name\" content=\"lalmachine.com\" \/>\n<meta property=\"article:publisher\" content=\"https:\/\/facebook.com\/lalmachine\" \/>\n<meta property=\"article:modified_time\" content=\"2024-12-05T20:54:41+00:00\" \/>\n<meta property=\"og:image\" content=\"https:\/\/lalmachine.com\/wp-content\/uploads\/2022\/04\/37A7BAFB-C358-4448-994E-2C4C93FEE444-238c7228_clipped_rev_1_clipped_rev_1.jpeg\" \/>\n\t<meta property=\"og:image:width\" content=\"3415\" \/>\n\t<meta property=\"og:image:height\" content=\"3414\" \/>\n\t<meta property=\"og:image:type\" content=\"image\/jpeg\" \/>\n<meta name=\"twitter:card\" content=\"summary_large_image\" \/>\n<script type=\"application\/ld+json\" class=\"yoast-schema-graph\">{\"@context\":\"https:\\\/\\\/schema.org\",\"@graph\":[{\"@type\":\"WebPage\",\"@id\":\"http:\\\/\\\/lalmachine.com\\\/de\\\/shop\\\/decorer\\\/art-de-la-table\\\/lot-de-12-assiettes-dentelle-a-dessert\\\/\",\"url\":\"http:\\\/\\\/lalmachine.com\\\/de\\\/shop\\\/decorer\\\/art-de-la-table\\\/lot-de-12-assiettes-dentelle-a-dessert\\\/\",\"name\":\"Lot de 12 assiettes \u00ab\u00a0dentelle\u00a0\u00bb \u00e0 dessert | lalmachine.com, mobilier et objets d\u00e9co vintage et design\",\"isPartOf\":{\"@id\":\"https:\\\/\\\/lalmachine.com\\\/#website\"},\"primaryImageOfPage\":{\"@id\":\"http:\\\/\\\/lalmachine.com\\\/de\\\/shop\\\/decorer\\\/art-de-la-table\\\/lot-de-12-assiettes-dentelle-a-dessert\\\/#primaryimage\"},\"image\":{\"@id\":\"http:\\\/\\\/lalmachine.com\\\/de\\\/shop\\\/decorer\\\/art-de-la-table\\\/lot-de-12-assiettes-dentelle-a-dessert\\\/#primaryimage\"},\"thumbnailUrl\":\"https:\\\/\\\/lalmachine.com\\\/wp-content\\\/uploads\\\/2022\\\/04\\\/37A7BAFB-C358-4448-994E-2C4C93FEE444-238c7228_clipped_rev_1_clipped_rev_1.jpeg\",\"datePublished\":\"2022-04-08T15:34:53+00:00\",\"dateModified\":\"2024-12-05T20:54:41+00:00\",\"description\":\"Lot de 12 assiettes \u00e0 dessert porcelaine \u00ab dentelle \u00bb avec motif floral.\",\"breadcrumb\":{\"@id\":\"http:\\\/\\\/lalmachine.com\\\/de\\\/shop\\\/decorer\\\/art-de-la-table\\\/lot-de-12-assiettes-dentelle-a-dessert\\\/#breadcrumb\"},\"inLanguage\":\"de\",\"potentialAction\":[{\"@type\":\"ReadAction\",\"target\":[\"http:\\\/\\\/lalmachine.com\\\/de\\\/shop\\\/decorer\\\/art-de-la-table\\\/lot-de-12-assiettes-dentelle-a-dessert\\\/\"]}]},{\"@type\":\"ImageObject\",\"inLanguage\":\"de\",\"@id\":\"http:\\\/\\\/lalmachine.com\\\/de\\\/shop\\\/decorer\\\/art-de-la-table\\\/lot-de-12-assiettes-dentelle-a-dessert\\\/#primaryimage\",\"url\":\"https:\\\/\\\/lalmachine.com\\\/wp-content\\\/uploads\\\/2022\\\/04\\\/37A7BAFB-C358-4448-994E-2C4C93FEE444-238c7228_clipped_rev_1_clipped_rev_1.jpeg\",\"contentUrl\":\"https:\\\/\\\/lalmachine.com\\\/wp-content\\\/uploads\\\/2022\\\/04\\\/37A7BAFB-C358-4448-994E-2C4C93FEE444-238c7228_clipped_rev_1_clipped_rev_1.jpeg\",\"width\":3415,\"height\":3414,\"caption\":\"assiettes \u00e0 dessert porcelaine\"},{\"@type\":\"BreadcrumbList\",\"@id\":\"http:\\\/\\\/lalmachine.com\\\/de\\\/shop\\\/decorer\\\/art-de-la-table\\\/lot-de-12-assiettes-dentelle-a-dessert\\\/#breadcrumb\",\"itemListElement\":[{\"@type\":\"ListItem\",\"position\":1,\"name\":\"Accueil\",\"item\":\"https:\\\/\\\/lalmachine.com\\\/\"},{\"@type\":\"ListItem\",\"position\":2,\"name\":\"Shop\",\"item\":\"https:\\\/\\\/lalmachine.com\\\/shop\\\/\"},{\"@type\":\"ListItem\",\"position\":3,\"name\":\"Lot de 12 assiettes \u00ab\u00a0dentelle\u00a0\u00bb \u00e0 dessert\"}]},{\"@type\":\"WebSite\",\"@id\":\"https:\\\/\\\/lalmachine.com\\\/#website\",\"url\":\"https:\\\/\\\/lalmachine.com\\\/\",\"name\":\"lalmachine.com\",\"description\":\"Brocante en ligne Suisse | Mobilier et objets d\u00e9co vintage et design\",\"potentialAction\":[{\"@type\":\"SearchAction\",\"target\":{\"@type\":\"EntryPoint\",\"urlTemplate\":\"https:\\\/\\\/lalmachine.com\\\/?s={search_term_string}\"},\"query-input\":{\"@type\":\"PropertyValueSpecification\",\"valueRequired\":true,\"valueName\":\"search_term_string\"}}],\"inLanguage\":\"de\"}]}<\/script>\n<!-- \/ Yoast SEO plugin. -->","yoast_head_json":{"title":"Lot de 12 assiettes \u00ab\u00a0dentelle\u00a0\u00bb \u00e0 dessert | lalmachine.com, mobilier et objets d\u00e9co vintage et design","description":"Lot de 12 assiettes \u00e0 dessert porcelaine \u00ab dentelle \u00bb avec motif floral.","robots":{"index":"index","follow":"follow","max-snippet":"max-snippet:-1","max-image-preview":"max-image-preview:large","max-video-preview":"max-video-preview:-1"},"canonical":"http:\/\/lalmachine.com\/de\/shop\/decorer\/art-de-la-table\/lot-de-12-assiettes-dentelle-a-dessert\/","og_locale":"de_DE","og_type":"article","og_title":"Lot de 12 assiettes \u00ab\u00a0dentelle\u00a0\u00bb \u00e0 dessert | lalmachine.com, mobilier et objets d\u00e9co vintage et design","og_description":"Lot de 12 assiettes \u00e0 dessert porcelaine \u00ab dentelle \u00bb avec motif floral.","og_url":"http:\/\/lalmachine.com\/de\/shop\/decorer\/art-de-la-table\/lot-de-12-assiettes-dentelle-a-dessert\/","og_site_name":"lalmachine.com","article_publisher":"https:\/\/facebook.com\/lalmachine","article_modified_time":"2024-12-05T20:54:41+00:00","og_image":[{"width":3415,"height":3414,"url":"https:\/\/lalmachine.com\/wp-content\/uploads\/2022\/04\/37A7BAFB-C358-4448-994E-2C4C93FEE444-238c7228_clipped_rev_1_clipped_rev_1.jpeg","type":"image\/jpeg"}],"twitter_card":"summary_large_image","schema":{"@context":"https:\/\/schema.org","@graph":[{"@type":"WebPage","@id":"http:\/\/lalmachine.com\/de\/shop\/decorer\/art-de-la-table\/lot-de-12-assiettes-dentelle-a-dessert\/","url":"http:\/\/lalmachine.com\/de\/shop\/decorer\/art-de-la-table\/lot-de-12-assiettes-dentelle-a-dessert\/","name":"Lot de 12 assiettes \u00ab\u00a0dentelle\u00a0\u00bb \u00e0 dessert | lalmachine.com, mobilier et objets d\u00e9co vintage et design","isPartOf":{"@id":"https:\/\/lalmachine.com\/#website"},"primaryImageOfPage":{"@id":"http:\/\/lalmachine.com\/de\/shop\/decorer\/art-de-la-table\/lot-de-12-assiettes-dentelle-a-dessert\/#primaryimage"},"image":{"@id":"http:\/\/lalmachine.com\/de\/shop\/decorer\/art-de-la-table\/lot-de-12-assiettes-dentelle-a-dessert\/#primaryimage"},"thumbnailUrl":"https:\/\/lalmachine.com\/wp-content\/uploads\/2022\/04\/37A7BAFB-C358-4448-994E-2C4C93FEE444-238c7228_clipped_rev_1_clipped_rev_1.jpeg","datePublished":"2022-04-08T15:34:53+00:00","dateModified":"2024-12-05T20:54:41+00:00","description":"Lot de 12 assiettes \u00e0 dessert porcelaine \u00ab dentelle \u00bb avec motif floral.","breadcrumb":{"@id":"http:\/\/lalmachine.com\/de\/shop\/decorer\/art-de-la-table\/lot-de-12-assiettes-dentelle-a-dessert\/#breadcrumb"},"inLanguage":"de","potentialAction":[{"@type":"ReadAction","target":["http:\/\/lalmachine.com\/de\/shop\/decorer\/art-de-la-table\/lot-de-12-assiettes-dentelle-a-dessert\/"]}]},{"@type":"ImageObject","inLanguage":"de","@id":"http:\/\/lalmachine.com\/de\/shop\/decorer\/art-de-la-table\/lot-de-12-assiettes-dentelle-a-dessert\/#primaryimage","url":"https:\/\/lalmachine.com\/wp-content\/uploads\/2022\/04\/37A7BAFB-C358-4448-994E-2C4C93FEE444-238c7228_clipped_rev_1_clipped_rev_1.jpeg","contentUrl":"https:\/\/lalmachine.com\/wp-content\/uploads\/2022\/04\/37A7BAFB-C358-4448-994E-2C4C93FEE444-238c7228_clipped_rev_1_clipped_rev_1.jpeg","width":3415,"height":3414,"caption":"assiettes \u00e0 dessert porcelaine"},{"@type":"BreadcrumbList","@id":"http:\/\/lalmachine.com\/de\/shop\/decorer\/art-de-la-table\/lot-de-12-assiettes-dentelle-a-dessert\/#breadcrumb","itemListElement":[{"@type":"ListItem","position":1,"name":"Accueil","item":"https:\/\/lalmachine.com\/"},{"@type":"ListItem","position":2,"name":"Shop","item":"https:\/\/lalmachine.com\/shop\/"},{"@type":"ListItem","position":3,"name":"Lot de 12 assiettes \u00ab\u00a0dentelle\u00a0\u00bb \u00e0 dessert"}]},{"@type":"WebSite","@id":"https:\/\/lalmachine.com\/#website","url":"https:\/\/lalmachine.com\/","name":"lalmachine.com","description":"Brocante en ligne Suisse | Mobilier et objets d\u00e9co vintage et design","potentialAction":[{"@type":"SearchAction","target":{"@type":"EntryPoint","urlTemplate":"https:\/\/lalmachine.com\/?s={search_term_string}"},"query-input":{"@type":"PropertyValueSpecification","valueRequired":true,"valueName":"search_term_string"}}],"inLanguage":"de"}]}},"_links":{"self":[{"href":"https:\/\/lalmachine.com\/de\/wp-json\/wp\/v2\/product\/267400","targetHints":{"allow":["GET"]}}],"collection":[{"href":"https:\/\/lalmachine.com\/de\/wp-json\/wp\/v2\/product"}],"about":[{"href":"https:\/\/lalmachine.com\/de\/wp-json\/wp\/v2\/types\/product"}],"wp:featuredmedia":[{"embeddable":true,"href":"https:\/\/lalmachine.com\/de\/wp-json\/wp\/v2\/media\/267562"}],"wp:attachment":[{"href":"https:\/\/lalmachine.com\/de\/wp-json\/wp\/v2\/media?parent=267400"}],"wp:term":[{"taxonomy":"product_brand","embeddable":true,"href":"https:\/\/lalmachine.com\/de\/wp-json\/wp\/v2\/product_brand?post=267400"},{"taxonomy":"product_cat","embeddable":true,"href":"https:\/\/lalmachine.com\/de\/wp-json\/wp\/v2\/product_cat?post=267400"},{"taxonomy":"product_tag","embeddable":true,"href":"https:\/\/lalmachine.com\/de\/wp-json\/wp\/v2\/product_tag?post=267400"},{"taxonomy":"proximite","embeddable":true,"href":"https:\/\/lalmachine.com\/de\/wp-json\/wp\/v2\/proximite?post=267400"}],"curies":[{"name":"wp","href":"https:\/\/api.w.org\/{rel}","templated":true}]}}