{"id":267435,"date":"2022-04-07T18:00:09","date_gmt":"2022-04-07T16:00:09","guid":{"rendered":"https:\/\/lalmachine.com\/?post_type=product&#038;p=267435"},"modified":"2024-12-05T21:54:41","modified_gmt":"2024-12-05T20:54:41","slug":"grand-comptoir-de-metier-3-metres","status":"publish","type":"product","link":"https:\/\/lalmachine.com\/de\/shop\/meubler\/meuble-de-rangement\/grand-comptoir-de-metier-3-metres\/","title":{"rendered":"Grand comptoir de m\u00e9tier (3 m\u00e8tres)"},"content":{"rendered":"<ul class=\"wpuf_customs\"><li style=\"list-style-type:none;\"><label>Autres photos:<\/label> <a href=\"https:\/\/lalmachine.com\/wp-content\/uploads\/2022\/04\/IMG_20220407_111054-46e62722.jpg\"><img loading=\"lazy\" decoding=\"async\" width=\"72\" height=\"96\" src=\"https:\/\/lalmachine.com\/wp-content\/uploads\/2022\/04\/IMG_20220407_111054-46e62722.jpg\" class=\"attachment-thumbnail size-thumbnail\" alt=\"\" \/><\/a> <a href=\"https:\/\/lalmachine.com\/wp-content\/uploads\/2022\/04\/IMG_20220407_111232-ecf8853e.jpg\"><img loading=\"lazy\" decoding=\"async\" width=\"72\" height=\"96\" src=\"https:\/\/lalmachine.com\/wp-content\/uploads\/2022\/04\/IMG_20220407_111232-ecf8853e.jpg\" class=\"attachment-thumbnail size-thumbnail\" alt=\"\" \/><\/a> <a href=\"https:\/\/lalmachine.com\/wp-content\/uploads\/2022\/04\/IMG_20220407_111238-8aff510a.jpg\"><img loading=\"lazy\" decoding=\"async\" width=\"72\" height=\"96\" src=\"https:\/\/lalmachine.com\/wp-content\/uploads\/2022\/04\/IMG_20220407_111238-8aff510a.jpg\" class=\"attachment-thumbnail size-thumbnail\" alt=\"\" \/><\/a> <a href=\"https:\/\/lalmachine.com\/wp-content\/uploads\/2022\/04\/IMG_20220407_111253-1e00c5fa.jpg\"><img loading=\"lazy\" decoding=\"async\" width=\"72\" height=\"96\" src=\"https:\/\/lalmachine.com\/wp-content\/uploads\/2022\/04\/IMG_20220407_111253-1e00c5fa.jpg\" class=\"attachment-thumbnail size-thumbnail\" alt=\"\" \/><\/a> <a href=\"https:\/\/lalmachine.com\/wp-content\/uploads\/2022\/04\/IMG_20220407_111325-5728e1bb.jpg\"><img loading=\"lazy\" decoding=\"async\" width=\"72\" height=\"96\" src=\"https:\/\/lalmachine.com\/wp-content\/uploads\/2022\/04\/IMG_20220407_111325-5728e1bb.jpg\" class=\"attachment-thumbnail size-thumbnail\" alt=\"\" \/><\/a> <a href=\"https:\/\/lalmachine.com\/wp-content\/uploads\/2022\/04\/IMG_20220407_111700-c51ea769.jpg\"><img loading=\"lazy\" decoding=\"async\" width=\"72\" height=\"96\" src=\"https:\/\/lalmachine.com\/wp-content\/uploads\/2022\/04\/IMG_20220407_111700-c51ea769.jpg\" class=\"attachment-thumbnail size-thumbnail\" alt=\"\" \/><\/a> <a href=\"https:\/\/lalmachine.com\/wp-content\/uploads\/2022\/04\/IMG_20220407_111723-1ab4bf0f.jpg\"><img loading=\"lazy\" decoding=\"async\" width=\"72\" height=\"96\" src=\"https:\/\/lalmachine.com\/wp-content\/uploads\/2022\/04\/IMG_20220407_111723-1ab4bf0f.jpg\" class=\"attachment-thumbnail size-thumbnail\" alt=\"\" \/><\/a> <a href=\"https:\/\/lalmachine.com\/wp-content\/uploads\/2022\/04\/IMG_20220407_111743-047676e6.jpg\"><img loading=\"lazy\" decoding=\"async\" width=\"72\" height=\"96\" src=\"https:\/\/lalmachine.com\/wp-content\/uploads\/2022\/04\/IMG_20220407_111743-047676e6.jpg\" class=\"attachment-thumbnail size-thumbnail\" alt=\"\" \/><\/a> <a href=\"https:\/\/lalmachine.com\/wp-content\/uploads\/2022\/04\/IMG_20220407_111824-99a5efee.jpg\"><img loading=\"lazy\" decoding=\"async\" width=\"72\" height=\"96\" src=\"https:\/\/lalmachine.com\/wp-content\/uploads\/2022\/04\/IMG_20220407_111824-99a5efee.jpg\" class=\"attachment-thumbnail size-thumbnail\" alt=\"\" \/><\/a> <a href=\"https:\/\/lalmachine.com\/wp-content\/uploads\/2022\/04\/IMG_20220407_112059-0ec3c3ba.jpg\"><img loading=\"lazy\" decoding=\"async\" width=\"72\" height=\"96\" src=\"https:\/\/lalmachine.com\/wp-content\/uploads\/2022\/04\/IMG_20220407_112059-0ec3c3ba.jpg\" class=\"attachment-thumbnail size-thumbnail\" alt=\"\" \/><\/a> <a href=\"https:\/\/lalmachine.com\/wp-content\/uploads\/2022\/04\/IMG_20220407_112209-a3724daf.jpg\"><img loading=\"lazy\" decoding=\"async\" width=\"72\" height=\"96\" src=\"https:\/\/lalmachine.com\/wp-content\/uploads\/2022\/04\/IMG_20220407_112209-a3724daf.jpg\" class=\"attachment-thumbnail size-thumbnail\" alt=\"\" \/><\/a> <a href=\"https:\/\/lalmachine.com\/wp-content\/uploads\/2022\/04\/IMG_20220407_112215-200287b9.jpg\"><img loading=\"lazy\" decoding=\"async\" width=\"72\" height=\"96\" src=\"https:\/\/lalmachine.com\/wp-content\/uploads\/2022\/04\/IMG_20220407_112215-200287b9.jpg\" class=\"attachment-thumbnail size-thumbnail\" alt=\"\" \/><\/a> <a href=\"https:\/\/lalmachine.com\/wp-content\/uploads\/2022\/04\/IMG_20220407_112242-6c552d9e.jpg\"><img loading=\"lazy\" decoding=\"async\" width=\"72\" height=\"96\" src=\"https:\/\/lalmachine.com\/wp-content\/uploads\/2022\/04\/IMG_20220407_112242-6c552d9e.jpg\" class=\"attachment-thumbnail size-thumbnail\" alt=\"\" \/><\/a> <a href=\"https:\/\/lalmachine.com\/wp-content\/uploads\/2022\/04\/IMG_20220407_112252-8ebacf52.jpg\"><img loading=\"lazy\" decoding=\"async\" width=\"72\" height=\"96\" src=\"https:\/\/lalmachine.com\/wp-content\/uploads\/2022\/04\/IMG_20220407_112252-8ebacf52.jpg\" class=\"attachment-thumbnail size-thumbnail\" alt=\"\" \/><\/a> <a href=\"https:\/\/lalmachine.com\/wp-content\/uploads\/2022\/04\/IMG_20220407_112309-c1cabd01.jpg\"><img loading=\"lazy\" decoding=\"async\" width=\"72\" height=\"96\" src=\"https:\/\/lalmachine.com\/wp-content\/uploads\/2022\/04\/IMG_20220407_112309-c1cabd01.jpg\" class=\"attachment-thumbnail size-thumbnail\" alt=\"\" \/><\/a> <\/li>        <li class=\"wpuf-field-data wpuf-field-data-numeric_text_field\">\n                            <label>Prix:<\/label>\n                        5500        <\/li>\n                <li class=\"wpuf-field-data wpuf-field-data-numeric_text_field\">\n                            <label>Hauteur (cm):<\/label>\n                        91        <\/li>\n                <li class=\"wpuf-field-data wpuf-field-data-numeric_text_field\">\n                            <label>Largeur (cm):<\/label>\n                        302        <\/li>\n                <li class=\"wpuf-field-data wpuf-field-data-numeric_text_field\">\n                            <label>Profondeur (cm):<\/label>\n                        82        <\/li>\n        <\/ul>","protected":false},"excerpt":{"rendered":"<p>Ce magnifique comptoir en bois massif est un meuble de m\u00e9tier historique dans le commerce fribourgeois de la Rue de Lausanne. Ce meuble de 100 ans \u00e9tait la pi\u00e8ce maitresse du magasin de quincaillerie Commerce de fer fribourgeois. Quand ce dernier a d\u00e9m\u00e9nag\u00e9, il a \u00e9t\u00e9 repris par la boutique D\u00e9d\u00e9 et Charlotte et a \u00e9t\u00e9 r\u00e9par\u00e9, ponc\u00e9 (longuement) et repeint.<\/p>\n<p>Toute la structure a \u00e9t\u00e9 ponc\u00e9e et repeinte dans une couleur bleu-gris.<br \/>\nCe meuble a 2 faces : face tiroirs et face \u00e9tag\u00e8re.<\/p>\n<p>Face tiroirs :<br \/>\nLe meuble est compos\u00e9 de 36 tiroirs. Tous les tiroirs sont propres et sous chaque tiroir, la feutrine a \u00e9t\u00e9 remplac\u00e9e.<br \/>\nPour les 7 tiroirs du 1er rang, des crochets anti-vol sont install\u00e9s (sous les tiroirs). 3 petites poign\u00e9es sont manquantes et celles pr\u00e9sentes ne sont pas identiques. Elles ont \u00e9t\u00e9 remplac\u00e9es au fur \u00e0 mesure. De plus, du papier peint a \u00e9t\u00e9 pos\u00e9 mais non coll\u00e9 pour faciliter le changement selon les envies.<\/p>\n<p>Pour les tiroirs des autres rangs, ils sont tous dot\u00e9s d&rsquo;une poign\u00e9e en m\u00e9tal o\u00f9 il est possible d&rsquo;\u00e9tiqueter comme sur les photos. Les papiers ne sont pas coll\u00e9s et peuvent facilement \u00eatre enlev\u00e9s.<\/p>\n<p>La hauteur et la profondeur des tiroirs diff\u00e8rent :<br \/>\nTiroirs 1er rang : H 7.5 cm x L 36.5 x P 48.5<br \/>\nTiroirs 2\u00e8me et 3\u00e8me rangs : H 11.5 cm x L 36.5 x P 48.5<br \/>\nTiroirs 4\u00e8me et 5\u00e8me rangs : H 11.5 cm x L 36.5 x P 74.5<br \/>\nPetits tiroirs tout \u00e0 gauche : H 8 cm<\/p>\n<p>Face \u00e9tag\u00e8re :<br \/>\nCet espace permet d&rsquo;exposer des objets.<\/p>\n<p>Sur le dessus, une magnifique vitre permettant de d\u00e9couvrir les objets des premiers tiroirs.<br \/>\nLe meuble est sur roulettes.<\/p>\n<p>L&rsquo;\u00e9tat g\u00e9n\u00e9ral du comptoir est bon. A noter quelques manques de peinture ici et l\u00e0 (visibles sur les photos) et un manque de bois sur le tiroir en bas \u00e0 droite (voir photo).<\/p>","protected":false},"featured_media":267419,"template":"","meta":{"_et_pb_use_builder":"","_et_pb_old_content":"","_et_gb_content_width":""},"product_brand":[],"product_cat":[83,47],"product_tag":[],"proximite":[177,235],"class_list":{"0":"post-267435","1":"product","2":"type-product","3":"status-publish","4":"has-post-thumbnail","6":"product_cat-meuble-de-rangement","7":"product_cat-meubler","8":"pa_couleur-bleu","9":"pa_etat-bon-etat","10":"pa_materiau-bois","11":"pa_style-vintage","12":"proximite-fribourg","13":"proximite-sarine","15":"first","16":"outofstock","17":"sale","18":"shipping-taxable","19":"purchasable","20":"product-type-simple"},"yoast_head":"<!-- This site is optimized with the Yoast SEO plugin v27.4 - https:\/\/yoast.com\/product\/yoast-seo-wordpress\/ -->\n<title>Grand comptoir de m\u00e9tier (3 m\u00e8tres) | lalmachine.com, mobilier et objets d\u00e9co vintage et design<\/title>\n<meta name=\"description\" content=\"Ce magnifique comptoir en bois massif est un meuble de m\u00e9tier historique dans le commerce fribourgeois de la Rue de Lausanne. Ce meuble de 100 ans \u00e9tait la pi\u00e8ce maitresse du magasin de quincaillerie Commerce de fer fribourgeois.\" \/>\n<meta name=\"robots\" content=\"index, follow, max-snippet:-1, max-image-preview:large, max-video-preview:-1\" \/>\n<link rel=\"canonical\" href=\"https:\/\/lalmachine.com\/de\/shop\/meubler\/meuble-de-rangement\/grand-comptoir-de-metier-3-metres\/\" \/>\n<meta property=\"og:locale\" content=\"de_DE\" \/>\n<meta property=\"og:type\" content=\"article\" \/>\n<meta property=\"og:title\" content=\"Grand comptoir de m\u00e9tier (3 m\u00e8tres) | lalmachine.com, mobilier et objets d\u00e9co vintage et design\" \/>\n<meta property=\"og:description\" content=\"Ce magnifique comptoir en bois massif est un meuble de m\u00e9tier historique dans le commerce fribourgeois de la Rue de Lausanne. Ce meuble de 100 ans \u00e9tait la pi\u00e8ce maitresse du magasin de quincaillerie Commerce de fer fribourgeois.\" \/>\n<meta property=\"og:url\" content=\"https:\/\/lalmachine.com\/de\/shop\/meubler\/meuble-de-rangement\/grand-comptoir-de-metier-3-metres\/\" \/>\n<meta property=\"og:site_name\" content=\"lalmachine.com\" \/>\n<meta property=\"article:publisher\" content=\"https:\/\/facebook.com\/lalmachine\" \/>\n<meta property=\"article:modified_time\" content=\"2024-12-05T20:54:41+00:00\" \/>\n<meta property=\"og:image\" content=\"https:\/\/lalmachine.com\/wp-content\/uploads\/2022\/04\/IMG_20220407_112309_clipped_rev_1-54ce8b44.jpeg\" \/>\n\t<meta property=\"og:image:width\" content=\"3804\" \/>\n\t<meta property=\"og:image:height\" content=\"3804\" \/>\n\t<meta property=\"og:image:type\" content=\"image\/jpeg\" \/>\n<meta name=\"twitter:card\" content=\"summary_large_image\" \/>\n<script type=\"application\/ld+json\" class=\"yoast-schema-graph\">{\"@context\":\"https:\\\/\\\/schema.org\",\"@graph\":[{\"@type\":\"WebPage\",\"@id\":\"https:\\\/\\\/lalmachine.com\\\/shop\\\/meubler\\\/meuble-de-rangement\\\/grand-comptoir-de-metier-3-metres\\\/\",\"url\":\"https:\\\/\\\/lalmachine.com\\\/shop\\\/meubler\\\/meuble-de-rangement\\\/grand-comptoir-de-metier-3-metres\\\/\",\"name\":\"Grand comptoir de m\u00e9tier (3 m\u00e8tres) | lalmachine.com, mobilier et objets d\u00e9co vintage et design\",\"isPartOf\":{\"@id\":\"https:\\\/\\\/lalmachine.com\\\/#website\"},\"primaryImageOfPage\":{\"@id\":\"https:\\\/\\\/lalmachine.com\\\/shop\\\/meubler\\\/meuble-de-rangement\\\/grand-comptoir-de-metier-3-metres\\\/#primaryimage\"},\"image\":{\"@id\":\"https:\\\/\\\/lalmachine.com\\\/shop\\\/meubler\\\/meuble-de-rangement\\\/grand-comptoir-de-metier-3-metres\\\/#primaryimage\"},\"thumbnailUrl\":\"https:\\\/\\\/lalmachine.com\\\/wp-content\\\/uploads\\\/2022\\\/04\\\/IMG_20220407_112309_clipped_rev_1-54ce8b44.jpeg\",\"datePublished\":\"2022-04-07T16:00:09+00:00\",\"dateModified\":\"2024-12-05T20:54:41+00:00\",\"description\":\"Ce magnifique comptoir en bois massif est un meuble de m\u00e9tier historique dans le commerce fribourgeois de la Rue de Lausanne. Ce meuble de 100 ans \u00e9tait la pi\u00e8ce maitresse du magasin de quincaillerie Commerce de fer fribourgeois.\",\"breadcrumb\":{\"@id\":\"https:\\\/\\\/lalmachine.com\\\/shop\\\/meubler\\\/meuble-de-rangement\\\/grand-comptoir-de-metier-3-metres\\\/#breadcrumb\"},\"inLanguage\":\"de\",\"potentialAction\":[{\"@type\":\"ReadAction\",\"target\":[\"https:\\\/\\\/lalmachine.com\\\/shop\\\/meubler\\\/meuble-de-rangement\\\/grand-comptoir-de-metier-3-metres\\\/\"]}]},{\"@type\":\"ImageObject\",\"inLanguage\":\"de\",\"@id\":\"https:\\\/\\\/lalmachine.com\\\/shop\\\/meubler\\\/meuble-de-rangement\\\/grand-comptoir-de-metier-3-metres\\\/#primaryimage\",\"url\":\"https:\\\/\\\/lalmachine.com\\\/wp-content\\\/uploads\\\/2022\\\/04\\\/IMG_20220407_112309_clipped_rev_1-54ce8b44.jpeg\",\"contentUrl\":\"https:\\\/\\\/lalmachine.com\\\/wp-content\\\/uploads\\\/2022\\\/04\\\/IMG_20220407_112309_clipped_rev_1-54ce8b44.jpeg\",\"width\":3804,\"height\":3804},{\"@type\":\"BreadcrumbList\",\"@id\":\"https:\\\/\\\/lalmachine.com\\\/shop\\\/meubler\\\/meuble-de-rangement\\\/grand-comptoir-de-metier-3-metres\\\/#breadcrumb\",\"itemListElement\":[{\"@type\":\"ListItem\",\"position\":1,\"name\":\"Accueil\",\"item\":\"https:\\\/\\\/lalmachine.com\\\/\"},{\"@type\":\"ListItem\",\"position\":2,\"name\":\"Shop\",\"item\":\"https:\\\/\\\/lalmachine.com\\\/shop\\\/\"},{\"@type\":\"ListItem\",\"position\":3,\"name\":\"Grand comptoir de m\u00e9tier (3 m\u00e8tres)\"}]},{\"@type\":\"WebSite\",\"@id\":\"https:\\\/\\\/lalmachine.com\\\/#website\",\"url\":\"https:\\\/\\\/lalmachine.com\\\/\",\"name\":\"lalmachine.com\",\"description\":\"Brocante en ligne Suisse | Mobilier et objets d\u00e9co vintage et design\",\"potentialAction\":[{\"@type\":\"SearchAction\",\"target\":{\"@type\":\"EntryPoint\",\"urlTemplate\":\"https:\\\/\\\/lalmachine.com\\\/?s={search_term_string}\"},\"query-input\":{\"@type\":\"PropertyValueSpecification\",\"valueRequired\":true,\"valueName\":\"search_term_string\"}}],\"inLanguage\":\"de\"}]}<\/script>\n<!-- \/ Yoast SEO plugin. -->","yoast_head_json":{"title":"Grand comptoir de m\u00e9tier (3 m\u00e8tres) | lalmachine.com, mobilier et objets d\u00e9co vintage et design","description":"Ce magnifique comptoir en bois massif est un meuble de m\u00e9tier historique dans le commerce fribourgeois de la Rue de Lausanne. Ce meuble de 100 ans \u00e9tait la pi\u00e8ce maitresse du magasin de quincaillerie Commerce de fer fribourgeois.","robots":{"index":"index","follow":"follow","max-snippet":"max-snippet:-1","max-image-preview":"max-image-preview:large","max-video-preview":"max-video-preview:-1"},"canonical":"https:\/\/lalmachine.com\/de\/shop\/meubler\/meuble-de-rangement\/grand-comptoir-de-metier-3-metres\/","og_locale":"de_DE","og_type":"article","og_title":"Grand comptoir de m\u00e9tier (3 m\u00e8tres) | lalmachine.com, mobilier et objets d\u00e9co vintage et design","og_description":"Ce magnifique comptoir en bois massif est un meuble de m\u00e9tier historique dans le commerce fribourgeois de la Rue de Lausanne. Ce meuble de 100 ans \u00e9tait la pi\u00e8ce maitresse du magasin de quincaillerie Commerce de fer fribourgeois.","og_url":"https:\/\/lalmachine.com\/de\/shop\/meubler\/meuble-de-rangement\/grand-comptoir-de-metier-3-metres\/","og_site_name":"lalmachine.com","article_publisher":"https:\/\/facebook.com\/lalmachine","article_modified_time":"2024-12-05T20:54:41+00:00","og_image":[{"width":3804,"height":3804,"url":"https:\/\/lalmachine.com\/wp-content\/uploads\/2022\/04\/IMG_20220407_112309_clipped_rev_1-54ce8b44.jpeg","type":"image\/jpeg"}],"twitter_card":"summary_large_image","schema":{"@context":"https:\/\/schema.org","@graph":[{"@type":"WebPage","@id":"https:\/\/lalmachine.com\/shop\/meubler\/meuble-de-rangement\/grand-comptoir-de-metier-3-metres\/","url":"https:\/\/lalmachine.com\/shop\/meubler\/meuble-de-rangement\/grand-comptoir-de-metier-3-metres\/","name":"Grand comptoir de m\u00e9tier (3 m\u00e8tres) | lalmachine.com, mobilier et objets d\u00e9co vintage et design","isPartOf":{"@id":"https:\/\/lalmachine.com\/#website"},"primaryImageOfPage":{"@id":"https:\/\/lalmachine.com\/shop\/meubler\/meuble-de-rangement\/grand-comptoir-de-metier-3-metres\/#primaryimage"},"image":{"@id":"https:\/\/lalmachine.com\/shop\/meubler\/meuble-de-rangement\/grand-comptoir-de-metier-3-metres\/#primaryimage"},"thumbnailUrl":"https:\/\/lalmachine.com\/wp-content\/uploads\/2022\/04\/IMG_20220407_112309_clipped_rev_1-54ce8b44.jpeg","datePublished":"2022-04-07T16:00:09+00:00","dateModified":"2024-12-05T20:54:41+00:00","description":"Ce magnifique comptoir en bois massif est un meuble de m\u00e9tier historique dans le commerce fribourgeois de la Rue de Lausanne. Ce meuble de 100 ans \u00e9tait la pi\u00e8ce maitresse du magasin de quincaillerie Commerce de fer fribourgeois.","breadcrumb":{"@id":"https:\/\/lalmachine.com\/shop\/meubler\/meuble-de-rangement\/grand-comptoir-de-metier-3-metres\/#breadcrumb"},"inLanguage":"de","potentialAction":[{"@type":"ReadAction","target":["https:\/\/lalmachine.com\/shop\/meubler\/meuble-de-rangement\/grand-comptoir-de-metier-3-metres\/"]}]},{"@type":"ImageObject","inLanguage":"de","@id":"https:\/\/lalmachine.com\/shop\/meubler\/meuble-de-rangement\/grand-comptoir-de-metier-3-metres\/#primaryimage","url":"https:\/\/lalmachine.com\/wp-content\/uploads\/2022\/04\/IMG_20220407_112309_clipped_rev_1-54ce8b44.jpeg","contentUrl":"https:\/\/lalmachine.com\/wp-content\/uploads\/2022\/04\/IMG_20220407_112309_clipped_rev_1-54ce8b44.jpeg","width":3804,"height":3804},{"@type":"BreadcrumbList","@id":"https:\/\/lalmachine.com\/shop\/meubler\/meuble-de-rangement\/grand-comptoir-de-metier-3-metres\/#breadcrumb","itemListElement":[{"@type":"ListItem","position":1,"name":"Accueil","item":"https:\/\/lalmachine.com\/"},{"@type":"ListItem","position":2,"name":"Shop","item":"https:\/\/lalmachine.com\/shop\/"},{"@type":"ListItem","position":3,"name":"Grand comptoir de m\u00e9tier (3 m\u00e8tres)"}]},{"@type":"WebSite","@id":"https:\/\/lalmachine.com\/#website","url":"https:\/\/lalmachine.com\/","name":"lalmachine.com","description":"Brocante en ligne Suisse | Mobilier et objets d\u00e9co vintage et design","potentialAction":[{"@type":"SearchAction","target":{"@type":"EntryPoint","urlTemplate":"https:\/\/lalmachine.com\/?s={search_term_string}"},"query-input":{"@type":"PropertyValueSpecification","valueRequired":true,"valueName":"search_term_string"}}],"inLanguage":"de"}]}},"_links":{"self":[{"href":"https:\/\/lalmachine.com\/de\/wp-json\/wp\/v2\/product\/267435","targetHints":{"allow":["GET"]}}],"collection":[{"href":"https:\/\/lalmachine.com\/de\/wp-json\/wp\/v2\/product"}],"about":[{"href":"https:\/\/lalmachine.com\/de\/wp-json\/wp\/v2\/types\/product"}],"wp:featuredmedia":[{"embeddable":true,"href":"https:\/\/lalmachine.com\/de\/wp-json\/wp\/v2\/media\/267419"}],"wp:attachment":[{"href":"https:\/\/lalmachine.com\/de\/wp-json\/wp\/v2\/media?parent=267435"}],"wp:term":[{"taxonomy":"product_brand","embeddable":true,"href":"https:\/\/lalmachine.com\/de\/wp-json\/wp\/v2\/product_brand?post=267435"},{"taxonomy":"product_cat","embeddable":true,"href":"https:\/\/lalmachine.com\/de\/wp-json\/wp\/v2\/product_cat?post=267435"},{"taxonomy":"product_tag","embeddable":true,"href":"https:\/\/lalmachine.com\/de\/wp-json\/wp\/v2\/product_tag?post=267435"},{"taxonomy":"proximite","embeddable":true,"href":"https:\/\/lalmachine.com\/de\/wp-json\/wp\/v2\/proximite?post=267435"}],"curies":[{"name":"wp","href":"https:\/\/api.w.org\/{rel}","templated":true}]}}