{"id":268088,"date":"2022-04-14T09:52:14","date_gmt":"2022-04-14T07:52:14","guid":{"rendered":"https:\/\/lalmachine.com\/?post_type=product&#038;p=268088"},"modified":"2024-12-05T21:54:44","modified_gmt":"2024-12-05T20:54:44","slug":"meuble-de-rangement-scandinave","status":"publish","type":"product","link":"https:\/\/lalmachine.com\/de\/shop\/meubler\/meuble-de-rangement\/meuble-de-rangement-scandinave\/","title":{"rendered":"Meuble de rangement scandinave"},"content":{"rendered":"<ul class=\"wpuf_customs\"><li style=\"list-style-type:none;\"><label>Autres photos:<\/label> <a href=\"https:\/\/lalmachine.com\/wp-content\/uploads\/2022\/04\/IMG_20220406_174116-757fc78e.jpg\"><img loading=\"lazy\" decoding=\"async\" width=\"72\" height=\"96\" src=\"https:\/\/lalmachine.com\/wp-content\/uploads\/2022\/04\/IMG_20220406_174116-757fc78e.jpg\" class=\"attachment-thumbnail size-thumbnail\" alt=\"\" \/><\/a> <a href=\"https:\/\/lalmachine.com\/wp-content\/uploads\/2022\/04\/IMG_20220406_174455-d880a2db.jpg\"><img loading=\"lazy\" decoding=\"async\" width=\"72\" height=\"96\" src=\"https:\/\/lalmachine.com\/wp-content\/uploads\/2022\/04\/IMG_20220406_174455-d880a2db.jpg\" class=\"attachment-thumbnail size-thumbnail\" alt=\"\" \/><\/a> <a href=\"https:\/\/lalmachine.com\/wp-content\/uploads\/2022\/04\/IMG_20220406_174209-458071c3.jpg\"><img loading=\"lazy\" decoding=\"async\" width=\"72\" height=\"96\" src=\"https:\/\/lalmachine.com\/wp-content\/uploads\/2022\/04\/IMG_20220406_174209-458071c3.jpg\" class=\"attachment-thumbnail size-thumbnail\" alt=\"\" \/><\/a> <a href=\"https:\/\/lalmachine.com\/wp-content\/uploads\/2022\/04\/IMG_20220406_174216-9b9a0079.jpg\"><img loading=\"lazy\" decoding=\"async\" width=\"72\" height=\"96\" src=\"https:\/\/lalmachine.com\/wp-content\/uploads\/2022\/04\/IMG_20220406_174216-9b9a0079.jpg\" class=\"attachment-thumbnail size-thumbnail\" alt=\"\" \/><\/a> <a href=\"https:\/\/lalmachine.com\/wp-content\/uploads\/2022\/04\/IMG_20220406_174221-d302b17b.jpg\"><img loading=\"lazy\" decoding=\"async\" width=\"72\" height=\"96\" src=\"https:\/\/lalmachine.com\/wp-content\/uploads\/2022\/04\/IMG_20220406_174221-d302b17b.jpg\" class=\"attachment-thumbnail size-thumbnail\" alt=\"\" \/><\/a> <a href=\"https:\/\/lalmachine.com\/wp-content\/uploads\/2022\/04\/IMG_20220406_174252-85d83765.jpg\"><img loading=\"lazy\" decoding=\"async\" width=\"72\" height=\"96\" src=\"https:\/\/lalmachine.com\/wp-content\/uploads\/2022\/04\/IMG_20220406_174252-85d83765.jpg\" class=\"attachment-thumbnail size-thumbnail\" alt=\"\" \/><\/a> <a href=\"https:\/\/lalmachine.com\/wp-content\/uploads\/2022\/04\/IMG_20220406_174259-b446b476.jpg\"><img loading=\"lazy\" decoding=\"async\" width=\"72\" height=\"96\" src=\"https:\/\/lalmachine.com\/wp-content\/uploads\/2022\/04\/IMG_20220406_174259-b446b476.jpg\" class=\"attachment-thumbnail size-thumbnail\" alt=\"\" \/><\/a> <a href=\"https:\/\/lalmachine.com\/wp-content\/uploads\/2022\/04\/IMG_20220406_174312-6f4d3e71.jpg\"><img loading=\"lazy\" decoding=\"async\" width=\"72\" height=\"96\" src=\"https:\/\/lalmachine.com\/wp-content\/uploads\/2022\/04\/IMG_20220406_174312-6f4d3e71.jpg\" class=\"attachment-thumbnail size-thumbnail\" alt=\"\" \/><\/a> <a href=\"https:\/\/lalmachine.com\/wp-content\/uploads\/2022\/04\/IMG_20220406_174344-fc949494.jpg\"><img loading=\"lazy\" decoding=\"async\" width=\"72\" height=\"96\" src=\"https:\/\/lalmachine.com\/wp-content\/uploads\/2022\/04\/IMG_20220406_174344-fc949494.jpg\" class=\"attachment-thumbnail size-thumbnail\" alt=\"\" \/><\/a> <a href=\"https:\/\/lalmachine.com\/wp-content\/uploads\/2022\/04\/IMG_20220406_174441-df326995.jpg\"><img loading=\"lazy\" decoding=\"async\" width=\"72\" height=\"96\" src=\"https:\/\/lalmachine.com\/wp-content\/uploads\/2022\/04\/IMG_20220406_174441-df326995.jpg\" class=\"attachment-thumbnail size-thumbnail\" alt=\"\" \/><\/a> <a href=\"https:\/\/lalmachine.com\/wp-content\/uploads\/2022\/04\/IMG_20220406_174505-95f50360.jpg\"><img loading=\"lazy\" decoding=\"async\" width=\"72\" height=\"96\" src=\"https:\/\/lalmachine.com\/wp-content\/uploads\/2022\/04\/IMG_20220406_174505-95f50360.jpg\" class=\"attachment-thumbnail size-thumbnail\" alt=\"\" \/><\/a> <a href=\"https:\/\/lalmachine.com\/wp-content\/uploads\/2022\/04\/IMG_20220406_174529-6fb4ab43.jpg\"><img loading=\"lazy\" decoding=\"async\" width=\"72\" height=\"96\" src=\"https:\/\/lalmachine.com\/wp-content\/uploads\/2022\/04\/IMG_20220406_174529-6fb4ab43.jpg\" class=\"attachment-thumbnail size-thumbnail\" alt=\"\" \/><\/a> <a href=\"https:\/\/lalmachine.com\/wp-content\/uploads\/2022\/04\/IMG_20220406_174603-3cd99954.jpg\"><img loading=\"lazy\" decoding=\"async\" width=\"72\" height=\"96\" src=\"https:\/\/lalmachine.com\/wp-content\/uploads\/2022\/04\/IMG_20220406_174603-3cd99954.jpg\" class=\"attachment-thumbnail size-thumbnail\" alt=\"\" \/><\/a> <a href=\"https:\/\/lalmachine.com\/wp-content\/uploads\/2022\/04\/IMG_20220406_174654-44c5114d.jpg\"><img loading=\"lazy\" decoding=\"async\" width=\"72\" height=\"96\" src=\"https:\/\/lalmachine.com\/wp-content\/uploads\/2022\/04\/IMG_20220406_174654-44c5114d.jpg\" class=\"attachment-thumbnail size-thumbnail\" alt=\"\" \/><\/a> <a href=\"https:\/\/lalmachine.com\/wp-content\/uploads\/2022\/04\/IMG_20220406_174756-3274d20e.jpg\"><img loading=\"lazy\" decoding=\"async\" width=\"72\" height=\"96\" src=\"https:\/\/lalmachine.com\/wp-content\/uploads\/2022\/04\/IMG_20220406_174756-3274d20e.jpg\" class=\"attachment-thumbnail size-thumbnail\" alt=\"\" \/><\/a> <\/li>        <li class=\"wpuf-field-data wpuf-field-data-numeric_text_field\">\n                            <label>Prix:<\/label>\n                        280        <\/li>\n                <li class=\"wpuf-field-data wpuf-field-data-numeric_text_field\">\n                            <label>Hauteur (cm):<\/label>\n                        76        <\/li>\n                <li class=\"wpuf-field-data wpuf-field-data-numeric_text_field\">\n                            <label>Largeur (cm):<\/label>\n                        61        <\/li>\n                <li class=\"wpuf-field-data wpuf-field-data-numeric_text_field\">\n                            <label>Profondeur (cm):<\/label>\n                        44        <\/li>\n        <\/ul>","protected":false},"excerpt":{"rendered":"<p>Meuble de rangement vintage su\u00e9dois avec un tiroir et un espace de rangement avec porte et \u00e9tag\u00e8re \u00e0 l&rsquo;int\u00e9rieur. Pi\u00e8tement en m\u00e9tal noir probablement pas d&rsquo;origine. Quelques l\u00e9g\u00e8res traces d&rsquo;usure visibles sur les photos. Parfaitement stable et fonctionnel.<\/p>\n<p>Livraison possible (sous 14 jours) :<br \/>\n\u2013 Berne : 30 CHF<br \/>\n\u2013 Lausanne : 50 CHF<br \/>\n\u2013 Gen\u00e8ve, Z\u00fcrich : 100 CHF<br \/>\n\u2013 Autres villes sur demande<\/p>","protected":false},"featured_media":268049,"template":"","meta":{"_et_pb_use_builder":"","_et_pb_old_content":"","_et_gb_content_width":""},"product_brand":[],"product_cat":[83,47],"product_tag":[],"proximite":[177,235],"class_list":{"0":"post-268088","1":"product","2":"type-product","3":"status-publish","4":"has-post-thumbnail","6":"product_cat-meuble-de-rangement","7":"product_cat-meubler","8":"pa_couleur-bois","9":"pa_etat-bon-etat","10":"pa_materiau-bois","11":"pa_style-scandinave","12":"proximite-fribourg","13":"proximite-sarine","15":"first","16":"outofstock","17":"shipping-taxable","18":"purchasable","19":"product-type-simple"},"yoast_head":"<!-- This site is optimized with the Yoast SEO plugin v27.3 - https:\/\/yoast.com\/product\/yoast-seo-wordpress\/ -->\n<title>Meuble de rangement scandinave | lalmachine.com, mobilier et objets d\u00e9co vintage et design<\/title>\n<meta name=\"description\" content=\"Meuble de rangement vintage su\u00e9dois avec un tiroir et un espace de rangement avec porte et \u00e9tag\u00e8re \u00e0 l&#039;int\u00e9rieur.\" \/>\n<meta name=\"robots\" content=\"index, follow, max-snippet:-1, max-image-preview:large, max-video-preview:-1\" \/>\n<link rel=\"canonical\" href=\"https:\/\/lalmachine.com\/de\/shop\/meubler\/meuble-de-rangement\/meuble-de-rangement-scandinave\/\" \/>\n<meta property=\"og:locale\" content=\"de_DE\" \/>\n<meta property=\"og:type\" content=\"article\" \/>\n<meta property=\"og:title\" content=\"Meuble de rangement scandinave | lalmachine.com, mobilier et objets d\u00e9co vintage et design\" \/>\n<meta property=\"og:description\" content=\"Meuble de rangement vintage su\u00e9dois avec un tiroir et un espace de rangement avec porte et \u00e9tag\u00e8re \u00e0 l&#039;int\u00e9rieur.\" \/>\n<meta property=\"og:url\" content=\"https:\/\/lalmachine.com\/de\/shop\/meubler\/meuble-de-rangement\/meuble-de-rangement-scandinave\/\" \/>\n<meta property=\"og:site_name\" content=\"lalmachine.com\" \/>\n<meta property=\"article:publisher\" content=\"https:\/\/facebook.com\/lalmachine\" \/>\n<meta property=\"article:modified_time\" content=\"2024-12-05T20:54:44+00:00\" \/>\n<meta property=\"og:image\" content=\"https:\/\/lalmachine.com\/wp-content\/uploads\/2022\/04\/IMG_20220406_174116_clipped_rev_1-a92fad7a.jpg\" \/>\n\t<meta property=\"og:image:width\" content=\"2734\" \/>\n\t<meta property=\"og:image:height\" content=\"2735\" \/>\n\t<meta property=\"og:image:type\" content=\"image\/jpeg\" \/>\n<meta name=\"twitter:card\" content=\"summary_large_image\" \/>\n<script type=\"application\/ld+json\" class=\"yoast-schema-graph\">{\"@context\":\"https:\\\/\\\/schema.org\",\"@graph\":[{\"@type\":\"WebPage\",\"@id\":\"https:\\\/\\\/lalmachine.com\\\/shop\\\/meubler\\\/meuble-de-rangement\\\/meuble-de-rangement-scandinave\\\/\",\"url\":\"https:\\\/\\\/lalmachine.com\\\/shop\\\/meubler\\\/meuble-de-rangement\\\/meuble-de-rangement-scandinave\\\/\",\"name\":\"Meuble de rangement scandinave | lalmachine.com, mobilier et objets d\u00e9co vintage et design\",\"isPartOf\":{\"@id\":\"https:\\\/\\\/lalmachine.com\\\/#website\"},\"primaryImageOfPage\":{\"@id\":\"https:\\\/\\\/lalmachine.com\\\/shop\\\/meubler\\\/meuble-de-rangement\\\/meuble-de-rangement-scandinave\\\/#primaryimage\"},\"image\":{\"@id\":\"https:\\\/\\\/lalmachine.com\\\/shop\\\/meubler\\\/meuble-de-rangement\\\/meuble-de-rangement-scandinave\\\/#primaryimage\"},\"thumbnailUrl\":\"https:\\\/\\\/lalmachine.com\\\/wp-content\\\/uploads\\\/2022\\\/04\\\/IMG_20220406_174116_clipped_rev_1-a92fad7a.jpg\",\"datePublished\":\"2022-04-14T07:52:14+00:00\",\"dateModified\":\"2024-12-05T20:54:44+00:00\",\"description\":\"Meuble de rangement vintage su\u00e9dois avec un tiroir et un espace de rangement avec porte et \u00e9tag\u00e8re \u00e0 l'int\u00e9rieur.\",\"breadcrumb\":{\"@id\":\"https:\\\/\\\/lalmachine.com\\\/shop\\\/meubler\\\/meuble-de-rangement\\\/meuble-de-rangement-scandinave\\\/#breadcrumb\"},\"inLanguage\":\"de\",\"potentialAction\":[{\"@type\":\"ReadAction\",\"target\":[\"https:\\\/\\\/lalmachine.com\\\/shop\\\/meubler\\\/meuble-de-rangement\\\/meuble-de-rangement-scandinave\\\/\"]}]},{\"@type\":\"ImageObject\",\"inLanguage\":\"de\",\"@id\":\"https:\\\/\\\/lalmachine.com\\\/shop\\\/meubler\\\/meuble-de-rangement\\\/meuble-de-rangement-scandinave\\\/#primaryimage\",\"url\":\"https:\\\/\\\/lalmachine.com\\\/wp-content\\\/uploads\\\/2022\\\/04\\\/IMG_20220406_174116_clipped_rev_1-a92fad7a.jpg\",\"contentUrl\":\"https:\\\/\\\/lalmachine.com\\\/wp-content\\\/uploads\\\/2022\\\/04\\\/IMG_20220406_174116_clipped_rev_1-a92fad7a.jpg\",\"width\":2734,\"height\":2735,\"caption\":\"Meuble de rangement vintage\"},{\"@type\":\"BreadcrumbList\",\"@id\":\"https:\\\/\\\/lalmachine.com\\\/shop\\\/meubler\\\/meuble-de-rangement\\\/meuble-de-rangement-scandinave\\\/#breadcrumb\",\"itemListElement\":[{\"@type\":\"ListItem\",\"position\":1,\"name\":\"Accueil\",\"item\":\"https:\\\/\\\/lalmachine.com\\\/\"},{\"@type\":\"ListItem\",\"position\":2,\"name\":\"Shop\",\"item\":\"https:\\\/\\\/lalmachine.com\\\/shop\\\/\"},{\"@type\":\"ListItem\",\"position\":3,\"name\":\"Meuble de rangement scandinave\"}]},{\"@type\":\"WebSite\",\"@id\":\"https:\\\/\\\/lalmachine.com\\\/#website\",\"url\":\"https:\\\/\\\/lalmachine.com\\\/\",\"name\":\"lalmachine.com\",\"description\":\"Brocante en ligne Suisse | Mobilier et objets d\u00e9co vintage et design\",\"potentialAction\":[{\"@type\":\"SearchAction\",\"target\":{\"@type\":\"EntryPoint\",\"urlTemplate\":\"https:\\\/\\\/lalmachine.com\\\/?s={search_term_string}\"},\"query-input\":{\"@type\":\"PropertyValueSpecification\",\"valueRequired\":true,\"valueName\":\"search_term_string\"}}],\"inLanguage\":\"de\"}]}<\/script>\n<!-- \/ Yoast SEO plugin. -->","yoast_head_json":{"title":"Meuble de rangement scandinave | lalmachine.com, mobilier et objets d\u00e9co vintage et design","description":"Meuble de rangement vintage su\u00e9dois avec un tiroir et un espace de rangement avec porte et \u00e9tag\u00e8re \u00e0 l'int\u00e9rieur.","robots":{"index":"index","follow":"follow","max-snippet":"max-snippet:-1","max-image-preview":"max-image-preview:large","max-video-preview":"max-video-preview:-1"},"canonical":"https:\/\/lalmachine.com\/de\/shop\/meubler\/meuble-de-rangement\/meuble-de-rangement-scandinave\/","og_locale":"de_DE","og_type":"article","og_title":"Meuble de rangement scandinave | lalmachine.com, mobilier et objets d\u00e9co vintage et design","og_description":"Meuble de rangement vintage su\u00e9dois avec un tiroir et un espace de rangement avec porte et \u00e9tag\u00e8re \u00e0 l'int\u00e9rieur.","og_url":"https:\/\/lalmachine.com\/de\/shop\/meubler\/meuble-de-rangement\/meuble-de-rangement-scandinave\/","og_site_name":"lalmachine.com","article_publisher":"https:\/\/facebook.com\/lalmachine","article_modified_time":"2024-12-05T20:54:44+00:00","og_image":[{"width":2734,"height":2735,"url":"https:\/\/lalmachine.com\/wp-content\/uploads\/2022\/04\/IMG_20220406_174116_clipped_rev_1-a92fad7a.jpg","type":"image\/jpeg"}],"twitter_card":"summary_large_image","schema":{"@context":"https:\/\/schema.org","@graph":[{"@type":"WebPage","@id":"https:\/\/lalmachine.com\/shop\/meubler\/meuble-de-rangement\/meuble-de-rangement-scandinave\/","url":"https:\/\/lalmachine.com\/shop\/meubler\/meuble-de-rangement\/meuble-de-rangement-scandinave\/","name":"Meuble de rangement scandinave | lalmachine.com, mobilier et objets d\u00e9co vintage et design","isPartOf":{"@id":"https:\/\/lalmachine.com\/#website"},"primaryImageOfPage":{"@id":"https:\/\/lalmachine.com\/shop\/meubler\/meuble-de-rangement\/meuble-de-rangement-scandinave\/#primaryimage"},"image":{"@id":"https:\/\/lalmachine.com\/shop\/meubler\/meuble-de-rangement\/meuble-de-rangement-scandinave\/#primaryimage"},"thumbnailUrl":"https:\/\/lalmachine.com\/wp-content\/uploads\/2022\/04\/IMG_20220406_174116_clipped_rev_1-a92fad7a.jpg","datePublished":"2022-04-14T07:52:14+00:00","dateModified":"2024-12-05T20:54:44+00:00","description":"Meuble de rangement vintage su\u00e9dois avec un tiroir et un espace de rangement avec porte et \u00e9tag\u00e8re \u00e0 l'int\u00e9rieur.","breadcrumb":{"@id":"https:\/\/lalmachine.com\/shop\/meubler\/meuble-de-rangement\/meuble-de-rangement-scandinave\/#breadcrumb"},"inLanguage":"de","potentialAction":[{"@type":"ReadAction","target":["https:\/\/lalmachine.com\/shop\/meubler\/meuble-de-rangement\/meuble-de-rangement-scandinave\/"]}]},{"@type":"ImageObject","inLanguage":"de","@id":"https:\/\/lalmachine.com\/shop\/meubler\/meuble-de-rangement\/meuble-de-rangement-scandinave\/#primaryimage","url":"https:\/\/lalmachine.com\/wp-content\/uploads\/2022\/04\/IMG_20220406_174116_clipped_rev_1-a92fad7a.jpg","contentUrl":"https:\/\/lalmachine.com\/wp-content\/uploads\/2022\/04\/IMG_20220406_174116_clipped_rev_1-a92fad7a.jpg","width":2734,"height":2735,"caption":"Meuble de rangement vintage"},{"@type":"BreadcrumbList","@id":"https:\/\/lalmachine.com\/shop\/meubler\/meuble-de-rangement\/meuble-de-rangement-scandinave\/#breadcrumb","itemListElement":[{"@type":"ListItem","position":1,"name":"Accueil","item":"https:\/\/lalmachine.com\/"},{"@type":"ListItem","position":2,"name":"Shop","item":"https:\/\/lalmachine.com\/shop\/"},{"@type":"ListItem","position":3,"name":"Meuble de rangement scandinave"}]},{"@type":"WebSite","@id":"https:\/\/lalmachine.com\/#website","url":"https:\/\/lalmachine.com\/","name":"lalmachine.com","description":"Brocante en ligne Suisse | Mobilier et objets d\u00e9co vintage et design","potentialAction":[{"@type":"SearchAction","target":{"@type":"EntryPoint","urlTemplate":"https:\/\/lalmachine.com\/?s={search_term_string}"},"query-input":{"@type":"PropertyValueSpecification","valueRequired":true,"valueName":"search_term_string"}}],"inLanguage":"de"}]}},"_links":{"self":[{"href":"https:\/\/lalmachine.com\/de\/wp-json\/wp\/v2\/product\/268088","targetHints":{"allow":["GET"]}}],"collection":[{"href":"https:\/\/lalmachine.com\/de\/wp-json\/wp\/v2\/product"}],"about":[{"href":"https:\/\/lalmachine.com\/de\/wp-json\/wp\/v2\/types\/product"}],"wp:featuredmedia":[{"embeddable":true,"href":"https:\/\/lalmachine.com\/de\/wp-json\/wp\/v2\/media\/268049"}],"wp:attachment":[{"href":"https:\/\/lalmachine.com\/de\/wp-json\/wp\/v2\/media?parent=268088"}],"wp:term":[{"taxonomy":"product_brand","embeddable":true,"href":"https:\/\/lalmachine.com\/de\/wp-json\/wp\/v2\/product_brand?post=268088"},{"taxonomy":"product_cat","embeddable":true,"href":"https:\/\/lalmachine.com\/de\/wp-json\/wp\/v2\/product_cat?post=268088"},{"taxonomy":"product_tag","embeddable":true,"href":"https:\/\/lalmachine.com\/de\/wp-json\/wp\/v2\/product_tag?post=268088"},{"taxonomy":"proximite","embeddable":true,"href":"https:\/\/lalmachine.com\/de\/wp-json\/wp\/v2\/proximite?post=268088"}],"curies":[{"name":"wp","href":"https:\/\/api.w.org\/{rel}","templated":true}]}}