{"id":269608,"date":"2023-10-25T16:01:01","date_gmt":"2023-10-25T14:01:01","guid":{"rendered":"https:\/\/lalmachine.com\/?post_type=product&#038;p=269608"},"modified":"2024-12-05T21:55:53","modified_gmt":"2024-12-05T20:55:53","slug":"paire-de-lampes-underwriters-laboratories","status":"publish","type":"product","link":"https:\/\/lalmachine.com\/de\/shop\/eclairer\/lampe-de-table-bureau\/paire-de-lampes-underwriters-laboratories\/","title":{"rendered":"Paire de lampes Underwriters laboratories"},"content":{"rendered":"<ul class=\"wpuf_customs\"><li style=\"list-style-type:none;\"><label>Autres photos:<\/label> <a href=\"https:\/\/lalmachine.com\/wp-content\/uploads\/2022\/04\/44E99466-3067-4902-B736-CF3C8FAA941D-95abea32-rotated.jpeg\"><img loading=\"lazy\" decoding=\"async\" width=\"72\" height=\"96\" src=\"https:\/\/lalmachine.com\/wp-content\/uploads\/2022\/04\/44E99466-3067-4902-B736-CF3C8FAA941D-95abea32-rotated.jpeg\" class=\"attachment-thumbnail size-thumbnail\" alt=\"\" \/><\/a> <a href=\"https:\/\/lalmachine.com\/wp-content\/uploads\/2022\/04\/DCA9F5F8-C5D3-4B66-87DE-40F49D0C1DD0-e6baf9c8-rotated.jpeg\"><img loading=\"lazy\" decoding=\"async\" width=\"72\" height=\"96\" src=\"https:\/\/lalmachine.com\/wp-content\/uploads\/2022\/04\/DCA9F5F8-C5D3-4B66-87DE-40F49D0C1DD0-e6baf9c8-rotated.jpeg\" class=\"attachment-thumbnail size-thumbnail\" alt=\"\" \/><\/a> <a href=\"https:\/\/lalmachine.com\/wp-content\/uploads\/2022\/04\/E4F56839-216D-43E3-8A1E-6BDC7C422219-12287421-rotated.jpeg\"><img loading=\"lazy\" decoding=\"async\" width=\"72\" height=\"96\" src=\"https:\/\/lalmachine.com\/wp-content\/uploads\/2022\/04\/E4F56839-216D-43E3-8A1E-6BDC7C422219-12287421-rotated.jpeg\" class=\"attachment-thumbnail size-thumbnail\" alt=\"\" \/><\/a> <a href=\"https:\/\/lalmachine.com\/wp-content\/uploads\/2022\/04\/635E5581-64FB-4E08-B493-AE458D271834-726c12f4-rotated.jpeg\"><img loading=\"lazy\" decoding=\"async\" width=\"72\" height=\"96\" src=\"https:\/\/lalmachine.com\/wp-content\/uploads\/2022\/04\/635E5581-64FB-4E08-B493-AE458D271834-726c12f4-rotated.jpeg\" class=\"attachment-thumbnail size-thumbnail\" alt=\"\" \/><\/a> <a href=\"https:\/\/lalmachine.com\/wp-content\/uploads\/2022\/04\/9D0C9995-08E1-47F8-A335-4E4F81DD7309-52ae00f2-rotated.jpeg\"><img loading=\"lazy\" decoding=\"async\" width=\"72\" height=\"96\" src=\"https:\/\/lalmachine.com\/wp-content\/uploads\/2022\/04\/9D0C9995-08E1-47F8-A335-4E4F81DD7309-52ae00f2-rotated.jpeg\" class=\"attachment-thumbnail size-thumbnail\" alt=\"\" \/><\/a> <a href=\"https:\/\/lalmachine.com\/wp-content\/uploads\/2022\/04\/B45A0578-B286-4FBE-AF4D-0AD50FAE5D7F-6cd86c1f-rotated.jpeg\"><img loading=\"lazy\" decoding=\"async\" width=\"72\" height=\"96\" src=\"https:\/\/lalmachine.com\/wp-content\/uploads\/2022\/04\/B45A0578-B286-4FBE-AF4D-0AD50FAE5D7F-6cd86c1f-rotated.jpeg\" class=\"attachment-thumbnail size-thumbnail\" alt=\"\" \/><\/a> <a href=\"https:\/\/lalmachine.com\/wp-content\/uploads\/2022\/04\/5884EA71-2D3E-4392-A4D0-14038F5EFFC0-d974b60c-rotated.jpeg\"><img loading=\"lazy\" decoding=\"async\" width=\"72\" height=\"96\" src=\"https:\/\/lalmachine.com\/wp-content\/uploads\/2022\/04\/5884EA71-2D3E-4392-A4D0-14038F5EFFC0-d974b60c-rotated.jpeg\" class=\"attachment-thumbnail size-thumbnail\" alt=\"\" \/><\/a> <a href=\"https:\/\/lalmachine.com\/wp-content\/uploads\/2022\/04\/A999E845-79BE-4E0D-95C4-E1AF02D54951-cf16c0cc.jpeg\"><img loading=\"lazy\" decoding=\"async\" width=\"72\" height=\"96\" src=\"https:\/\/lalmachine.com\/wp-content\/uploads\/2022\/04\/A999E845-79BE-4E0D-95C4-E1AF02D54951-cf16c0cc.jpeg\" class=\"attachment-thumbnail size-thumbnail\" alt=\"\" \/><\/a> <a href=\"https:\/\/lalmachine.com\/wp-content\/uploads\/2022\/04\/5C42502C-FB94-44D9-A5E4-E39B67F57B78-ae978bac.jpeg\"><img loading=\"lazy\" decoding=\"async\" width=\"72\" height=\"96\" src=\"https:\/\/lalmachine.com\/wp-content\/uploads\/2022\/04\/5C42502C-FB94-44D9-A5E4-E39B67F57B78-ae978bac.jpeg\" class=\"attachment-thumbnail size-thumbnail\" alt=\"\" \/><\/a> <a href=\"https:\/\/lalmachine.com\/wp-content\/uploads\/2022\/04\/E7A658B3-8A23-4312-A21B-B76F07C3D928-85a6a543.jpeg\"><img loading=\"lazy\" decoding=\"async\" width=\"72\" height=\"96\" src=\"https:\/\/lalmachine.com\/wp-content\/uploads\/2022\/04\/E7A658B3-8A23-4312-A21B-B76F07C3D928-85a6a543.jpeg\" class=\"attachment-thumbnail size-thumbnail\" alt=\"\" \/><\/a> <a href=\"https:\/\/lalmachine.com\/wp-content\/uploads\/2022\/04\/952690F6-80C9-4188-96F7-387657898D38-04403944.jpeg\"><img loading=\"lazy\" decoding=\"async\" width=\"72\" height=\"96\" src=\"https:\/\/lalmachine.com\/wp-content\/uploads\/2022\/04\/952690F6-80C9-4188-96F7-387657898D38-04403944.jpeg\" class=\"attachment-thumbnail size-thumbnail\" alt=\"\" \/><\/a> <a href=\"https:\/\/lalmachine.com\/wp-content\/uploads\/2022\/04\/C7563CFD-1AD7-474F-BFAA-3E459662D64A-bb9a20d4-rotated.jpeg\"><img loading=\"lazy\" decoding=\"async\" width=\"72\" height=\"96\" src=\"https:\/\/lalmachine.com\/wp-content\/uploads\/2022\/04\/C7563CFD-1AD7-474F-BFAA-3E459662D64A-bb9a20d4-rotated.jpeg\" class=\"attachment-thumbnail size-thumbnail\" alt=\"\" \/><\/a> <a href=\"https:\/\/lalmachine.com\/wp-content\/uploads\/2022\/04\/FCFF70E6-8FF9-4C11-BBF2-4CA826805745-cc664402-rotated.jpeg\"><img loading=\"lazy\" decoding=\"async\" width=\"72\" height=\"96\" src=\"https:\/\/lalmachine.com\/wp-content\/uploads\/2022\/04\/FCFF70E6-8FF9-4C11-BBF2-4CA826805745-cc664402-rotated.jpeg\" class=\"attachment-thumbnail size-thumbnail\" alt=\"\" \/><\/a> <a href=\"https:\/\/lalmachine.com\/wp-content\/uploads\/2022\/04\/C716C96C-100D-449E-A98F-FD9A5BC45F0B-dec61cff-rotated.jpeg\"><img loading=\"lazy\" decoding=\"async\" width=\"72\" height=\"96\" src=\"https:\/\/lalmachine.com\/wp-content\/uploads\/2022\/04\/C716C96C-100D-449E-A98F-FD9A5BC45F0B-dec61cff-rotated.jpeg\" class=\"attachment-thumbnail size-thumbnail\" alt=\"\" \/><\/a> <a href=\"https:\/\/lalmachine.com\/wp-content\/uploads\/2022\/04\/FB8ECDEB-47D0-48FE-AECD-B23E0506C499-cff2b186-rotated.jpeg\"><img loading=\"lazy\" decoding=\"async\" width=\"72\" height=\"96\" src=\"https:\/\/lalmachine.com\/wp-content\/uploads\/2022\/04\/FB8ECDEB-47D0-48FE-AECD-B23E0506C499-cff2b186-rotated.jpeg\" class=\"attachment-thumbnail size-thumbnail\" alt=\"\" \/><\/a> <\/li>        <li class=\"wpuf-field-data wpuf-field-data-numeric_text_field\">\n                            <label>Prix:<\/label>\n                        2400        <\/li>\n                <li class=\"wpuf-field-data wpuf-field-data-numeric_text_field\">\n                            <label>Quantit\u00e9:<\/label>\n                        0        <\/li>\n                <li class=\"wpuf-field-data wpuf-field-data-numeric_text_field\">\n                            <label>Hauteur (cm):<\/label>\n                        74        <\/li>\n                <li class=\"wpuf-field-data wpuf-field-data-numeric_text_field\">\n                            <label>Largeur (cm):<\/label>\n                        30        <\/li>\n                <li class=\"wpuf-field-data wpuf-field-data-numeric_text_field\">\n                            <label>Profondeur (cm):<\/label>\n                        21        <\/li>\n        <\/ul>","protected":false},"excerpt":{"rendered":"<p>Grande paire de lampes de la marque Underwriters Laboratories circa 1970, avec structure en chrome, et 6 feux fonctionnant avec ampoules classiques E27.<br \/>\nL\u2019ampoule du dessus doit \u00eatre plus grande au niveau du culot pour que la lumi\u00e8re puisse \u00eatre optimale.<\/p>\n<p>La hauteur (74cm) permet de les poser au sol ou sur un meuble \u00e9galement.<br \/>\nL\u2019interrupteur int\u00e9gr\u00e9 dans le pied de lampe se tourne \u00e0 la main pour offrir 3 positions de lumi\u00e8res:<\/p>\n<p>Position 1: lumi\u00e8re du haut<br \/>\nPosition 2: lumi\u00e8re du tour<br \/>\nPosition 3: toutes les ampoules allum\u00e9es<\/p>\n<p>En tr\u00e8s bel \u00e9tat, quelques petites traces d\u2019oxydation \u00e0 la base, et 1 rayure sur le haut d\u2019une lampe visible sur les photos.<br \/>\nC\u00e2blage d\u2019origine<br \/>\nAmpoules non fournies<\/p>\n<p>Envoi soign\u00e9<\/p>","protected":false},"featured_media":269609,"template":"","meta":{"_et_pb_use_builder":"","_et_pb_old_content":"","_et_gb_content_width":""},"product_brand":[],"product_cat":[49,90],"product_tag":[],"proximite":[281,179],"class_list":{"0":"post-269608","1":"product","2":"type-product","3":"status-publish","4":"has-post-thumbnail","6":"product_cat-eclairer","7":"product_cat-lampe-de-table-bureau","8":"product_shipping_class-fragile-8-5","9":"pa_couleur-argent","10":"pa_etat-tres-bon-etat","11":"pa_materiau-metal","12":"pa_style-design","13":"proximite-nyon","14":"proximite-vaud","16":"first","17":"outofstock","18":"shipping-taxable","19":"purchasable","20":"product-type-simple"},"yoast_head":"<!-- This site is optimized with the Yoast SEO plugin v27.3 - https:\/\/yoast.com\/product\/yoast-seo-wordpress\/ -->\n<title>Paire de lampes Underwriters laboratories | lalmachine.com<\/title>\n<meta name=\"description\" content=\"Grande paire de lampes de la marque Underwriters Laboratories circa 1970, avec structure en chrome, et 6 feux fonctionnant avec ampoules classiques E27.\" \/>\n<meta name=\"robots\" content=\"index, follow, max-snippet:-1, max-image-preview:large, max-video-preview:-1\" \/>\n<link rel=\"canonical\" href=\"https:\/\/lalmachine.com\/de\/shop\/eclairer\/lampe-de-table-bureau\/paire-de-lampes-underwriters-laboratories\/\" \/>\n<meta property=\"og:locale\" content=\"de_DE\" \/>\n<meta property=\"og:type\" content=\"article\" \/>\n<meta property=\"og:title\" content=\"Paire de lampes Underwriters laboratories | lalmachine.com\" \/>\n<meta property=\"og:description\" content=\"Grande paire de lampes de la marque Underwriters Laboratories circa 1970, avec structure en chrome, et 6 feux fonctionnant avec ampoules classiques E27.\" \/>\n<meta property=\"og:url\" content=\"https:\/\/lalmachine.com\/de\/shop\/eclairer\/lampe-de-table-bureau\/paire-de-lampes-underwriters-laboratories\/\" \/>\n<meta property=\"og:site_name\" content=\"lalmachine.com\" \/>\n<meta property=\"article:publisher\" content=\"https:\/\/facebook.com\/lalmachine\" \/>\n<meta property=\"article:modified_time\" content=\"2024-12-05T20:55:53+00:00\" \/>\n<meta property=\"og:image\" content=\"https:\/\/lalmachine.com\/wp-content\/uploads\/2022\/04\/44E99466-3067-4902-B736-CF3C8FAA941D-95abea32-rotated_clipped_rev_1.jpeg\" \/>\n\t<meta property=\"og:image:width\" content=\"3950\" \/>\n\t<meta property=\"og:image:height\" content=\"3951\" \/>\n\t<meta property=\"og:image:type\" content=\"image\/jpeg\" \/>\n<meta name=\"twitter:card\" content=\"summary_large_image\" \/>\n<script type=\"application\/ld+json\" class=\"yoast-schema-graph\">{\"@context\":\"https:\\\/\\\/schema.org\",\"@graph\":[{\"@type\":\"WebPage\",\"@id\":\"https:\\\/\\\/lalmachine.com\\\/shop\\\/eclairer\\\/lampe-de-table-bureau\\\/paire-de-lampes-underwriters-laboratories\\\/\",\"url\":\"https:\\\/\\\/lalmachine.com\\\/shop\\\/eclairer\\\/lampe-de-table-bureau\\\/paire-de-lampes-underwriters-laboratories\\\/\",\"name\":\"Paire de lampes Underwriters laboratories | lalmachine.com\",\"isPartOf\":{\"@id\":\"https:\\\/\\\/lalmachine.com\\\/#website\"},\"primaryImageOfPage\":{\"@id\":\"https:\\\/\\\/lalmachine.com\\\/shop\\\/eclairer\\\/lampe-de-table-bureau\\\/paire-de-lampes-underwriters-laboratories\\\/#primaryimage\"},\"image\":{\"@id\":\"https:\\\/\\\/lalmachine.com\\\/shop\\\/eclairer\\\/lampe-de-table-bureau\\\/paire-de-lampes-underwriters-laboratories\\\/#primaryimage\"},\"thumbnailUrl\":\"https:\\\/\\\/lalmachine.com\\\/wp-content\\\/uploads\\\/2022\\\/04\\\/44E99466-3067-4902-B736-CF3C8FAA941D-95abea32-rotated_clipped_rev_1.jpeg\",\"datePublished\":\"2023-10-25T14:01:01+00:00\",\"dateModified\":\"2024-12-05T20:55:53+00:00\",\"description\":\"Grande paire de lampes de la marque Underwriters Laboratories circa 1970, avec structure en chrome, et 6 feux fonctionnant avec ampoules classiques E27.\",\"breadcrumb\":{\"@id\":\"https:\\\/\\\/lalmachine.com\\\/shop\\\/eclairer\\\/lampe-de-table-bureau\\\/paire-de-lampes-underwriters-laboratories\\\/#breadcrumb\"},\"inLanguage\":\"de\",\"potentialAction\":[{\"@type\":\"ReadAction\",\"target\":[\"https:\\\/\\\/lalmachine.com\\\/shop\\\/eclairer\\\/lampe-de-table-bureau\\\/paire-de-lampes-underwriters-laboratories\\\/\"]}]},{\"@type\":\"ImageObject\",\"inLanguage\":\"de\",\"@id\":\"https:\\\/\\\/lalmachine.com\\\/shop\\\/eclairer\\\/lampe-de-table-bureau\\\/paire-de-lampes-underwriters-laboratories\\\/#primaryimage\",\"url\":\"https:\\\/\\\/lalmachine.com\\\/wp-content\\\/uploads\\\/2022\\\/04\\\/44E99466-3067-4902-B736-CF3C8FAA941D-95abea32-rotated_clipped_rev_1.jpeg\",\"contentUrl\":\"https:\\\/\\\/lalmachine.com\\\/wp-content\\\/uploads\\\/2022\\\/04\\\/44E99466-3067-4902-B736-CF3C8FAA941D-95abea32-rotated_clipped_rev_1.jpeg\",\"width\":3950,\"height\":3951,\"caption\":\"Paire de lampes Underwriters laboratories\"},{\"@type\":\"BreadcrumbList\",\"@id\":\"https:\\\/\\\/lalmachine.com\\\/shop\\\/eclairer\\\/lampe-de-table-bureau\\\/paire-de-lampes-underwriters-laboratories\\\/#breadcrumb\",\"itemListElement\":[{\"@type\":\"ListItem\",\"position\":1,\"name\":\"Accueil\",\"item\":\"https:\\\/\\\/lalmachine.com\\\/\"},{\"@type\":\"ListItem\",\"position\":2,\"name\":\"Shop\",\"item\":\"https:\\\/\\\/lalmachine.com\\\/shop\\\/\"},{\"@type\":\"ListItem\",\"position\":3,\"name\":\"Paire de lampes Underwriters laboratories\"}]},{\"@type\":\"WebSite\",\"@id\":\"https:\\\/\\\/lalmachine.com\\\/#website\",\"url\":\"https:\\\/\\\/lalmachine.com\\\/\",\"name\":\"lalmachine.com\",\"description\":\"Brocante en ligne Suisse | Mobilier et objets d\u00e9co vintage et design\",\"potentialAction\":[{\"@type\":\"SearchAction\",\"target\":{\"@type\":\"EntryPoint\",\"urlTemplate\":\"https:\\\/\\\/lalmachine.com\\\/?s={search_term_string}\"},\"query-input\":{\"@type\":\"PropertyValueSpecification\",\"valueRequired\":true,\"valueName\":\"search_term_string\"}}],\"inLanguage\":\"de\"}]}<\/script>\n<!-- \/ Yoast SEO plugin. -->","yoast_head_json":{"title":"Paire de lampes Underwriters laboratories | lalmachine.com","description":"Grande paire de lampes de la marque Underwriters Laboratories circa 1970, avec structure en chrome, et 6 feux fonctionnant avec ampoules classiques E27.","robots":{"index":"index","follow":"follow","max-snippet":"max-snippet:-1","max-image-preview":"max-image-preview:large","max-video-preview":"max-video-preview:-1"},"canonical":"https:\/\/lalmachine.com\/de\/shop\/eclairer\/lampe-de-table-bureau\/paire-de-lampes-underwriters-laboratories\/","og_locale":"de_DE","og_type":"article","og_title":"Paire de lampes Underwriters laboratories | lalmachine.com","og_description":"Grande paire de lampes de la marque Underwriters Laboratories circa 1970, avec structure en chrome, et 6 feux fonctionnant avec ampoules classiques E27.","og_url":"https:\/\/lalmachine.com\/de\/shop\/eclairer\/lampe-de-table-bureau\/paire-de-lampes-underwriters-laboratories\/","og_site_name":"lalmachine.com","article_publisher":"https:\/\/facebook.com\/lalmachine","article_modified_time":"2024-12-05T20:55:53+00:00","og_image":[{"width":3950,"height":3951,"url":"https:\/\/lalmachine.com\/wp-content\/uploads\/2022\/04\/44E99466-3067-4902-B736-CF3C8FAA941D-95abea32-rotated_clipped_rev_1.jpeg","type":"image\/jpeg"}],"twitter_card":"summary_large_image","schema":{"@context":"https:\/\/schema.org","@graph":[{"@type":"WebPage","@id":"https:\/\/lalmachine.com\/shop\/eclairer\/lampe-de-table-bureau\/paire-de-lampes-underwriters-laboratories\/","url":"https:\/\/lalmachine.com\/shop\/eclairer\/lampe-de-table-bureau\/paire-de-lampes-underwriters-laboratories\/","name":"Paire de lampes Underwriters laboratories | lalmachine.com","isPartOf":{"@id":"https:\/\/lalmachine.com\/#website"},"primaryImageOfPage":{"@id":"https:\/\/lalmachine.com\/shop\/eclairer\/lampe-de-table-bureau\/paire-de-lampes-underwriters-laboratories\/#primaryimage"},"image":{"@id":"https:\/\/lalmachine.com\/shop\/eclairer\/lampe-de-table-bureau\/paire-de-lampes-underwriters-laboratories\/#primaryimage"},"thumbnailUrl":"https:\/\/lalmachine.com\/wp-content\/uploads\/2022\/04\/44E99466-3067-4902-B736-CF3C8FAA941D-95abea32-rotated_clipped_rev_1.jpeg","datePublished":"2023-10-25T14:01:01+00:00","dateModified":"2024-12-05T20:55:53+00:00","description":"Grande paire de lampes de la marque Underwriters Laboratories circa 1970, avec structure en chrome, et 6 feux fonctionnant avec ampoules classiques E27.","breadcrumb":{"@id":"https:\/\/lalmachine.com\/shop\/eclairer\/lampe-de-table-bureau\/paire-de-lampes-underwriters-laboratories\/#breadcrumb"},"inLanguage":"de","potentialAction":[{"@type":"ReadAction","target":["https:\/\/lalmachine.com\/shop\/eclairer\/lampe-de-table-bureau\/paire-de-lampes-underwriters-laboratories\/"]}]},{"@type":"ImageObject","inLanguage":"de","@id":"https:\/\/lalmachine.com\/shop\/eclairer\/lampe-de-table-bureau\/paire-de-lampes-underwriters-laboratories\/#primaryimage","url":"https:\/\/lalmachine.com\/wp-content\/uploads\/2022\/04\/44E99466-3067-4902-B736-CF3C8FAA941D-95abea32-rotated_clipped_rev_1.jpeg","contentUrl":"https:\/\/lalmachine.com\/wp-content\/uploads\/2022\/04\/44E99466-3067-4902-B736-CF3C8FAA941D-95abea32-rotated_clipped_rev_1.jpeg","width":3950,"height":3951,"caption":"Paire de lampes Underwriters laboratories"},{"@type":"BreadcrumbList","@id":"https:\/\/lalmachine.com\/shop\/eclairer\/lampe-de-table-bureau\/paire-de-lampes-underwriters-laboratories\/#breadcrumb","itemListElement":[{"@type":"ListItem","position":1,"name":"Accueil","item":"https:\/\/lalmachine.com\/"},{"@type":"ListItem","position":2,"name":"Shop","item":"https:\/\/lalmachine.com\/shop\/"},{"@type":"ListItem","position":3,"name":"Paire de lampes Underwriters laboratories"}]},{"@type":"WebSite","@id":"https:\/\/lalmachine.com\/#website","url":"https:\/\/lalmachine.com\/","name":"lalmachine.com","description":"Brocante en ligne Suisse | Mobilier et objets d\u00e9co vintage et design","potentialAction":[{"@type":"SearchAction","target":{"@type":"EntryPoint","urlTemplate":"https:\/\/lalmachine.com\/?s={search_term_string}"},"query-input":{"@type":"PropertyValueSpecification","valueRequired":true,"valueName":"search_term_string"}}],"inLanguage":"de"}]}},"_links":{"self":[{"href":"https:\/\/lalmachine.com\/de\/wp-json\/wp\/v2\/product\/269608","targetHints":{"allow":["GET"]}}],"collection":[{"href":"https:\/\/lalmachine.com\/de\/wp-json\/wp\/v2\/product"}],"about":[{"href":"https:\/\/lalmachine.com\/de\/wp-json\/wp\/v2\/types\/product"}],"wp:featuredmedia":[{"embeddable":true,"href":"https:\/\/lalmachine.com\/de\/wp-json\/wp\/v2\/media\/269609"}],"wp:attachment":[{"href":"https:\/\/lalmachine.com\/de\/wp-json\/wp\/v2\/media?parent=269608"}],"wp:term":[{"taxonomy":"product_brand","embeddable":true,"href":"https:\/\/lalmachine.com\/de\/wp-json\/wp\/v2\/product_brand?post=269608"},{"taxonomy":"product_cat","embeddable":true,"href":"https:\/\/lalmachine.com\/de\/wp-json\/wp\/v2\/product_cat?post=269608"},{"taxonomy":"product_tag","embeddable":true,"href":"https:\/\/lalmachine.com\/de\/wp-json\/wp\/v2\/product_tag?post=269608"},{"taxonomy":"proximite","embeddable":true,"href":"https:\/\/lalmachine.com\/de\/wp-json\/wp\/v2\/proximite?post=269608"}],"curies":[{"name":"wp","href":"https:\/\/api.w.org\/{rel}","templated":true}]}}