{"id":272352,"date":"2023-10-25T16:00:56","date_gmt":"2023-10-25T14:00:56","guid":{"rendered":"https:\/\/lalmachine.com\/?post_type=product&#038;p=272352"},"modified":"2024-12-05T21:56:07","modified_gmt":"2024-12-05T20:56:07","slug":"set-de-6-tasses-a-the-andre-freymond","status":"publish","type":"product","link":"https:\/\/lalmachine.com\/de\/shop\/decorer\/art-de-la-table\/set-de-6-tasses-a-the-andre-freymond\/","title":{"rendered":"Set de 6 tasses \u00e0 th\u00e9 Andr\u00e9 Freymond"},"content":{"rendered":"<ul class=\"wpuf_customs\"><li style=\"list-style-type:none;\"><label>Autres photos:<\/label> <a href=\"https:\/\/lalmachine.com\/wp-content\/uploads\/2022\/05\/B66E6C02-6EAE-426A-B62C-C012146E0E0A-eff2f370.jpeg\"><img loading=\"lazy\" decoding=\"async\" width=\"128\" height=\"96\" src=\"https:\/\/lalmachine.com\/wp-content\/uploads\/2022\/05\/B66E6C02-6EAE-426A-B62C-C012146E0E0A-eff2f370.jpeg\" class=\"attachment-thumbnail size-thumbnail\" alt=\"\" \/><\/a> <a href=\"https:\/\/lalmachine.com\/wp-content\/uploads\/2022\/05\/BEDD1DDE-1778-42FF-8AEA-3AD6EF41995D-71618465.jpeg\"><img loading=\"lazy\" decoding=\"async\" width=\"128\" height=\"96\" src=\"https:\/\/lalmachine.com\/wp-content\/uploads\/2022\/05\/BEDD1DDE-1778-42FF-8AEA-3AD6EF41995D-71618465.jpeg\" class=\"attachment-thumbnail size-thumbnail\" alt=\"\" \/><\/a> <a href=\"https:\/\/lalmachine.com\/wp-content\/uploads\/2022\/05\/C1907B1E-29AC-42F4-8515-7BC318A50927-b4726e1c.jpeg\"><img loading=\"lazy\" decoding=\"async\" width=\"72\" height=\"96\" src=\"https:\/\/lalmachine.com\/wp-content\/uploads\/2022\/05\/C1907B1E-29AC-42F4-8515-7BC318A50927-b4726e1c.jpeg\" class=\"attachment-thumbnail size-thumbnail\" alt=\"\" \/><\/a> <a href=\"https:\/\/lalmachine.com\/wp-content\/uploads\/2022\/05\/644040B5-DC00-4CCE-9344-8DA7E8346DB5-656d3b14.jpeg\"><img loading=\"lazy\" decoding=\"async\" width=\"128\" height=\"96\" src=\"https:\/\/lalmachine.com\/wp-content\/uploads\/2022\/05\/644040B5-DC00-4CCE-9344-8DA7E8346DB5-656d3b14.jpeg\" class=\"attachment-thumbnail size-thumbnail\" alt=\"\" \/><\/a> <a href=\"https:\/\/lalmachine.com\/wp-content\/uploads\/2022\/05\/2B87717D-87C4-42B0-8FA6-8C78150A1664-138e54c5.jpeg\"><img loading=\"lazy\" decoding=\"async\" width=\"72\" height=\"96\" src=\"https:\/\/lalmachine.com\/wp-content\/uploads\/2022\/05\/2B87717D-87C4-42B0-8FA6-8C78150A1664-138e54c5.jpeg\" class=\"attachment-thumbnail size-thumbnail\" alt=\"\" \/><\/a> <a href=\"https:\/\/lalmachine.com\/wp-content\/uploads\/2022\/05\/EC74AEFA-6C33-43B4-8E29-09CFC4C37678-0ee2d3d1.jpeg\"><img loading=\"lazy\" decoding=\"async\" width=\"128\" height=\"96\" src=\"https:\/\/lalmachine.com\/wp-content\/uploads\/2022\/05\/EC74AEFA-6C33-43B4-8E29-09CFC4C37678-0ee2d3d1.jpeg\" class=\"attachment-thumbnail size-thumbnail\" alt=\"\" \/><\/a> <a href=\"https:\/\/lalmachine.com\/wp-content\/uploads\/2022\/05\/6A8D2BE5-4953-4E61-8AF7-26406B3EF5CC-fba589a7.jpeg\"><img loading=\"lazy\" decoding=\"async\" width=\"72\" height=\"96\" src=\"https:\/\/lalmachine.com\/wp-content\/uploads\/2022\/05\/6A8D2BE5-4953-4E61-8AF7-26406B3EF5CC-fba589a7.jpeg\" class=\"attachment-thumbnail size-thumbnail\" alt=\"\" \/><\/a> <a href=\"https:\/\/lalmachine.com\/wp-content\/uploads\/2022\/05\/590D6BAE-B97F-438C-A117-53C818E34F8E-1df6b7d8.jpeg\"><img loading=\"lazy\" decoding=\"async\" width=\"72\" height=\"96\" src=\"https:\/\/lalmachine.com\/wp-content\/uploads\/2022\/05\/590D6BAE-B97F-438C-A117-53C818E34F8E-1df6b7d8.jpeg\" class=\"attachment-thumbnail size-thumbnail\" alt=\"\" \/><\/a> <a href=\"https:\/\/lalmachine.com\/wp-content\/uploads\/2022\/05\/B6C6212D-A17D-4605-BA79-E7DE9A21F1B3-a9a5e993.jpeg\"><img loading=\"lazy\" decoding=\"async\" width=\"72\" height=\"96\" src=\"https:\/\/lalmachine.com\/wp-content\/uploads\/2022\/05\/B6C6212D-A17D-4605-BA79-E7DE9A21F1B3-a9a5e993.jpeg\" class=\"attachment-thumbnail size-thumbnail\" alt=\"\" \/><\/a> <a href=\"https:\/\/lalmachine.com\/wp-content\/uploads\/2022\/05\/25361988-76EF-4815-9A98-2A798013E880-f1498619-rotated.jpeg\"><img loading=\"lazy\" decoding=\"async\" width=\"72\" height=\"96\" src=\"https:\/\/lalmachine.com\/wp-content\/uploads\/2022\/05\/25361988-76EF-4815-9A98-2A798013E880-f1498619-rotated.jpeg\" class=\"attachment-thumbnail size-thumbnail\" alt=\"\" \/><\/a> <a href=\"https:\/\/lalmachine.com\/wp-content\/uploads\/2022\/05\/026F231D-B065-4A66-8C1F-ED480B05FBF8-6de06902-rotated.jpeg\"><img loading=\"lazy\" decoding=\"async\" width=\"72\" height=\"96\" src=\"https:\/\/lalmachine.com\/wp-content\/uploads\/2022\/05\/026F231D-B065-4A66-8C1F-ED480B05FBF8-6de06902-rotated.jpeg\" class=\"attachment-thumbnail size-thumbnail\" alt=\"\" \/><\/a> <a href=\"https:\/\/lalmachine.com\/wp-content\/uploads\/2022\/05\/801B384A-0FE6-4BC4-B572-90DBAE6DD154-288441a3-rotated.jpeg\"><img loading=\"lazy\" decoding=\"async\" width=\"72\" height=\"96\" src=\"https:\/\/lalmachine.com\/wp-content\/uploads\/2022\/05\/801B384A-0FE6-4BC4-B572-90DBAE6DD154-288441a3-rotated.jpeg\" class=\"attachment-thumbnail size-thumbnail\" alt=\"\" \/><\/a> <a href=\"https:\/\/lalmachine.com\/wp-content\/uploads\/2022\/05\/3317B092-5100-47D3-A25A-80B87D71917F-4e2add5b-rotated.jpeg\"><img loading=\"lazy\" decoding=\"async\" width=\"72\" height=\"96\" src=\"https:\/\/lalmachine.com\/wp-content\/uploads\/2022\/05\/3317B092-5100-47D3-A25A-80B87D71917F-4e2add5b-rotated.jpeg\" class=\"attachment-thumbnail size-thumbnail\" alt=\"\" \/><\/a> <a href=\"https:\/\/lalmachine.com\/wp-content\/uploads\/2022\/05\/ADDD3151-C15D-42EA-A9E7-C05B224CC1EA-e4c4ef0c-rotated.jpeg\"><img loading=\"lazy\" decoding=\"async\" width=\"72\" height=\"96\" src=\"https:\/\/lalmachine.com\/wp-content\/uploads\/2022\/05\/ADDD3151-C15D-42EA-A9E7-C05B224CC1EA-e4c4ef0c-rotated.jpeg\" class=\"attachment-thumbnail size-thumbnail\" alt=\"\" \/><\/a> <a href=\"https:\/\/lalmachine.com\/wp-content\/uploads\/2022\/05\/3321B774-5C98-4431-BEBA-2BB1DD4CA643-4b62a411.jpeg\"><img loading=\"lazy\" decoding=\"async\" width=\"128\" height=\"96\" src=\"https:\/\/lalmachine.com\/wp-content\/uploads\/2022\/05\/3321B774-5C98-4431-BEBA-2BB1DD4CA643-4b62a411.jpeg\" class=\"attachment-thumbnail size-thumbnail\" alt=\"\" \/><\/a> <\/li>        <li class=\"wpuf-field-data wpuf-field-data-numeric_text_field\">\n                            <label>Prix:<\/label>\n                        120        <\/li>\n                <li class=\"wpuf-field-data wpuf-field-data-numeric_text_field\">\n                            <label>Quantit\u00e9:<\/label>\n                        0        <\/li>\n                <li class=\"wpuf-field-data wpuf-field-data-numeric_text_field\">\n                            <label>Hauteur (cm):<\/label>\n                        4        <\/li>\n                <li class=\"wpuf-field-data wpuf-field-data-numeric_text_field\">\n                            <label>Largeur (cm):<\/label>\n                        10        <\/li>\n                <li class=\"wpuf-field-data wpuf-field-data-numeric_text_field\">\n                            <label>Profondeur (cm):<\/label>\n                        16        <\/li>\n        <\/ul>","protected":false},"excerpt":{"rendered":"<p>Ensemble de 6 tasses et sous tasses \u00e0 th\u00e9 en c\u00e9ramique \u00e9maill\u00e9e dans les tons jaunes et blanc cass\u00e9 du c\u00e9ramiste Lausannois Andr\u00e9 Freymond.<\/p>\n<p>L\u2019ensemble n\u2019est pas sign\u00e9 mais provient d\u2019une collection personnelle de l\u2019artiste<\/p>\n<p>Les tasses et sous tasses sont \u00e9maill\u00e9e en jaune sur la surface avec un jeu de transparence de la couleur, et blanc cass\u00e9 au dessous, sauf une tasse enti\u00e8rement jaune.<\/p>\n<p>2 \u00e9clats au dessous des sous tasses visibles sur les photos, autrement en bel \u00e9tat !<\/p>","protected":false},"featured_media":272564,"template":"","meta":{"_et_pb_use_builder":"","_et_pb_old_content":"","_et_gb_content_width":""},"product_brand":[],"product_cat":[96,50],"product_tag":[],"proximite":[281,179],"class_list":{"0":"post-272352","1":"product","2":"type-product","3":"status-publish","4":"has-post-thumbnail","6":"product_cat-art-de-la-table","7":"product_cat-decorer","8":"product_shipping_class-fragile-8-5","9":"pa_couleur-jaune","10":"pa_designer-autres-designers","11":"pa_etat-bon-etat","12":"pa_materiau-ceramique","13":"pa_style-vintage","14":"proximite-nyon","15":"proximite-vaud","17":"first","18":"outofstock","19":"shipping-taxable","20":"purchasable","21":"product-type-simple"},"yoast_head":"<!-- This site is optimized with the Yoast SEO plugin v27.3 - https:\/\/yoast.com\/product\/yoast-seo-wordpress\/ -->\n<title>Set de 6 tasses \u00e0 th\u00e9 Andr\u00e9 Freymond | lalmachine.com<\/title>\n<meta name=\"description\" content=\"Ensemble de 6 tasses et sous tasses \u00e0 th\u00e9 en c\u00e9ramique \u00e9maill\u00e9e dans les tons jaunes et blanc cass\u00e9 du c\u00e9ramiste Lausannois Andr\u00e9 Freymond.\" \/>\n<meta name=\"robots\" content=\"index, follow, max-snippet:-1, max-image-preview:large, max-video-preview:-1\" \/>\n<link rel=\"canonical\" href=\"https:\/\/lalmachine.com\/de\/shop\/decorer\/art-de-la-table\/set-de-6-tasses-a-the-andre-freymond\/\" \/>\n<meta property=\"og:locale\" content=\"de_DE\" \/>\n<meta property=\"og:type\" content=\"article\" \/>\n<meta property=\"og:title\" content=\"Set de 6 tasses \u00e0 th\u00e9 Andr\u00e9 Freymond | lalmachine.com\" \/>\n<meta property=\"og:description\" content=\"Ensemble de 6 tasses et sous tasses \u00e0 th\u00e9 en c\u00e9ramique \u00e9maill\u00e9e dans les tons jaunes et blanc cass\u00e9 du c\u00e9ramiste Lausannois Andr\u00e9 Freymond.\" \/>\n<meta property=\"og:url\" content=\"https:\/\/lalmachine.com\/de\/shop\/decorer\/art-de-la-table\/set-de-6-tasses-a-the-andre-freymond\/\" \/>\n<meta property=\"og:site_name\" content=\"lalmachine.com\" \/>\n<meta property=\"article:publisher\" content=\"https:\/\/facebook.com\/lalmachine\" \/>\n<meta property=\"article:modified_time\" content=\"2024-12-05T20:56:07+00:00\" \/>\n<meta property=\"og:image\" content=\"https:\/\/lalmachine.com\/wp-content\/uploads\/2022\/05\/Pasted-20220516-101724_clipped_rev_1.jpeg\" \/>\n\t<meta property=\"og:image:width\" content=\"4069\" \/>\n\t<meta property=\"og:image:height\" content=\"4070\" \/>\n\t<meta property=\"og:image:type\" content=\"image\/jpeg\" \/>\n<meta name=\"twitter:card\" content=\"summary_large_image\" \/>\n<script type=\"application\/ld+json\" class=\"yoast-schema-graph\">{\"@context\":\"https:\\\/\\\/schema.org\",\"@graph\":[{\"@type\":\"WebPage\",\"@id\":\"https:\\\/\\\/lalmachine.com\\\/shop\\\/decorer\\\/art-de-la-table\\\/set-de-6-tasses-a-the-andre-freymond\\\/\",\"url\":\"https:\\\/\\\/lalmachine.com\\\/shop\\\/decorer\\\/art-de-la-table\\\/set-de-6-tasses-a-the-andre-freymond\\\/\",\"name\":\"Set de 6 tasses \u00e0 th\u00e9 Andr\u00e9 Freymond | lalmachine.com\",\"isPartOf\":{\"@id\":\"https:\\\/\\\/lalmachine.com\\\/#website\"},\"primaryImageOfPage\":{\"@id\":\"https:\\\/\\\/lalmachine.com\\\/shop\\\/decorer\\\/art-de-la-table\\\/set-de-6-tasses-a-the-andre-freymond\\\/#primaryimage\"},\"image\":{\"@id\":\"https:\\\/\\\/lalmachine.com\\\/shop\\\/decorer\\\/art-de-la-table\\\/set-de-6-tasses-a-the-andre-freymond\\\/#primaryimage\"},\"thumbnailUrl\":\"https:\\\/\\\/lalmachine.com\\\/wp-content\\\/uploads\\\/2022\\\/05\\\/Pasted-20220516-101724_clipped_rev_1.jpeg\",\"datePublished\":\"2023-10-25T14:00:56+00:00\",\"dateModified\":\"2024-12-05T20:56:07+00:00\",\"description\":\"Ensemble de 6 tasses et sous tasses \u00e0 th\u00e9 en c\u00e9ramique \u00e9maill\u00e9e dans les tons jaunes et blanc cass\u00e9 du c\u00e9ramiste Lausannois Andr\u00e9 Freymond.\",\"breadcrumb\":{\"@id\":\"https:\\\/\\\/lalmachine.com\\\/shop\\\/decorer\\\/art-de-la-table\\\/set-de-6-tasses-a-the-andre-freymond\\\/#breadcrumb\"},\"inLanguage\":\"de\",\"potentialAction\":[{\"@type\":\"ReadAction\",\"target\":[\"https:\\\/\\\/lalmachine.com\\\/shop\\\/decorer\\\/art-de-la-table\\\/set-de-6-tasses-a-the-andre-freymond\\\/\"]}]},{\"@type\":\"ImageObject\",\"inLanguage\":\"de\",\"@id\":\"https:\\\/\\\/lalmachine.com\\\/shop\\\/decorer\\\/art-de-la-table\\\/set-de-6-tasses-a-the-andre-freymond\\\/#primaryimage\",\"url\":\"https:\\\/\\\/lalmachine.com\\\/wp-content\\\/uploads\\\/2022\\\/05\\\/Pasted-20220516-101724_clipped_rev_1.jpeg\",\"contentUrl\":\"https:\\\/\\\/lalmachine.com\\\/wp-content\\\/uploads\\\/2022\\\/05\\\/Pasted-20220516-101724_clipped_rev_1.jpeg\",\"width\":4069,\"height\":4070,\"caption\":\"tasses \u00e0 th\u00e9 Andr\u00e9 Freymond\"},{\"@type\":\"BreadcrumbList\",\"@id\":\"https:\\\/\\\/lalmachine.com\\\/shop\\\/decorer\\\/art-de-la-table\\\/set-de-6-tasses-a-the-andre-freymond\\\/#breadcrumb\",\"itemListElement\":[{\"@type\":\"ListItem\",\"position\":1,\"name\":\"Accueil\",\"item\":\"https:\\\/\\\/lalmachine.com\\\/\"},{\"@type\":\"ListItem\",\"position\":2,\"name\":\"Shop\",\"item\":\"https:\\\/\\\/lalmachine.com\\\/shop\\\/\"},{\"@type\":\"ListItem\",\"position\":3,\"name\":\"Set de 6 tasses \u00e0 th\u00e9 Andr\u00e9 Freymond\"}]},{\"@type\":\"WebSite\",\"@id\":\"https:\\\/\\\/lalmachine.com\\\/#website\",\"url\":\"https:\\\/\\\/lalmachine.com\\\/\",\"name\":\"lalmachine.com\",\"description\":\"Brocante en ligne Suisse | Mobilier et objets d\u00e9co vintage et design\",\"potentialAction\":[{\"@type\":\"SearchAction\",\"target\":{\"@type\":\"EntryPoint\",\"urlTemplate\":\"https:\\\/\\\/lalmachine.com\\\/?s={search_term_string}\"},\"query-input\":{\"@type\":\"PropertyValueSpecification\",\"valueRequired\":true,\"valueName\":\"search_term_string\"}}],\"inLanguage\":\"de\"}]}<\/script>\n<!-- \/ Yoast SEO plugin. -->","yoast_head_json":{"title":"Set de 6 tasses \u00e0 th\u00e9 Andr\u00e9 Freymond | lalmachine.com","description":"Ensemble de 6 tasses et sous tasses \u00e0 th\u00e9 en c\u00e9ramique \u00e9maill\u00e9e dans les tons jaunes et blanc cass\u00e9 du c\u00e9ramiste Lausannois Andr\u00e9 Freymond.","robots":{"index":"index","follow":"follow","max-snippet":"max-snippet:-1","max-image-preview":"max-image-preview:large","max-video-preview":"max-video-preview:-1"},"canonical":"https:\/\/lalmachine.com\/de\/shop\/decorer\/art-de-la-table\/set-de-6-tasses-a-the-andre-freymond\/","og_locale":"de_DE","og_type":"article","og_title":"Set de 6 tasses \u00e0 th\u00e9 Andr\u00e9 Freymond | lalmachine.com","og_description":"Ensemble de 6 tasses et sous tasses \u00e0 th\u00e9 en c\u00e9ramique \u00e9maill\u00e9e dans les tons jaunes et blanc cass\u00e9 du c\u00e9ramiste Lausannois Andr\u00e9 Freymond.","og_url":"https:\/\/lalmachine.com\/de\/shop\/decorer\/art-de-la-table\/set-de-6-tasses-a-the-andre-freymond\/","og_site_name":"lalmachine.com","article_publisher":"https:\/\/facebook.com\/lalmachine","article_modified_time":"2024-12-05T20:56:07+00:00","og_image":[{"width":4069,"height":4070,"url":"https:\/\/lalmachine.com\/wp-content\/uploads\/2022\/05\/Pasted-20220516-101724_clipped_rev_1.jpeg","type":"image\/jpeg"}],"twitter_card":"summary_large_image","schema":{"@context":"https:\/\/schema.org","@graph":[{"@type":"WebPage","@id":"https:\/\/lalmachine.com\/shop\/decorer\/art-de-la-table\/set-de-6-tasses-a-the-andre-freymond\/","url":"https:\/\/lalmachine.com\/shop\/decorer\/art-de-la-table\/set-de-6-tasses-a-the-andre-freymond\/","name":"Set de 6 tasses \u00e0 th\u00e9 Andr\u00e9 Freymond | lalmachine.com","isPartOf":{"@id":"https:\/\/lalmachine.com\/#website"},"primaryImageOfPage":{"@id":"https:\/\/lalmachine.com\/shop\/decorer\/art-de-la-table\/set-de-6-tasses-a-the-andre-freymond\/#primaryimage"},"image":{"@id":"https:\/\/lalmachine.com\/shop\/decorer\/art-de-la-table\/set-de-6-tasses-a-the-andre-freymond\/#primaryimage"},"thumbnailUrl":"https:\/\/lalmachine.com\/wp-content\/uploads\/2022\/05\/Pasted-20220516-101724_clipped_rev_1.jpeg","datePublished":"2023-10-25T14:00:56+00:00","dateModified":"2024-12-05T20:56:07+00:00","description":"Ensemble de 6 tasses et sous tasses \u00e0 th\u00e9 en c\u00e9ramique \u00e9maill\u00e9e dans les tons jaunes et blanc cass\u00e9 du c\u00e9ramiste Lausannois Andr\u00e9 Freymond.","breadcrumb":{"@id":"https:\/\/lalmachine.com\/shop\/decorer\/art-de-la-table\/set-de-6-tasses-a-the-andre-freymond\/#breadcrumb"},"inLanguage":"de","potentialAction":[{"@type":"ReadAction","target":["https:\/\/lalmachine.com\/shop\/decorer\/art-de-la-table\/set-de-6-tasses-a-the-andre-freymond\/"]}]},{"@type":"ImageObject","inLanguage":"de","@id":"https:\/\/lalmachine.com\/shop\/decorer\/art-de-la-table\/set-de-6-tasses-a-the-andre-freymond\/#primaryimage","url":"https:\/\/lalmachine.com\/wp-content\/uploads\/2022\/05\/Pasted-20220516-101724_clipped_rev_1.jpeg","contentUrl":"https:\/\/lalmachine.com\/wp-content\/uploads\/2022\/05\/Pasted-20220516-101724_clipped_rev_1.jpeg","width":4069,"height":4070,"caption":"tasses \u00e0 th\u00e9 Andr\u00e9 Freymond"},{"@type":"BreadcrumbList","@id":"https:\/\/lalmachine.com\/shop\/decorer\/art-de-la-table\/set-de-6-tasses-a-the-andre-freymond\/#breadcrumb","itemListElement":[{"@type":"ListItem","position":1,"name":"Accueil","item":"https:\/\/lalmachine.com\/"},{"@type":"ListItem","position":2,"name":"Shop","item":"https:\/\/lalmachine.com\/shop\/"},{"@type":"ListItem","position":3,"name":"Set de 6 tasses \u00e0 th\u00e9 Andr\u00e9 Freymond"}]},{"@type":"WebSite","@id":"https:\/\/lalmachine.com\/#website","url":"https:\/\/lalmachine.com\/","name":"lalmachine.com","description":"Brocante en ligne Suisse | Mobilier et objets d\u00e9co vintage et design","potentialAction":[{"@type":"SearchAction","target":{"@type":"EntryPoint","urlTemplate":"https:\/\/lalmachine.com\/?s={search_term_string}"},"query-input":{"@type":"PropertyValueSpecification","valueRequired":true,"valueName":"search_term_string"}}],"inLanguage":"de"}]}},"_links":{"self":[{"href":"https:\/\/lalmachine.com\/de\/wp-json\/wp\/v2\/product\/272352","targetHints":{"allow":["GET"]}}],"collection":[{"href":"https:\/\/lalmachine.com\/de\/wp-json\/wp\/v2\/product"}],"about":[{"href":"https:\/\/lalmachine.com\/de\/wp-json\/wp\/v2\/types\/product"}],"wp:featuredmedia":[{"embeddable":true,"href":"https:\/\/lalmachine.com\/de\/wp-json\/wp\/v2\/media\/272564"}],"wp:attachment":[{"href":"https:\/\/lalmachine.com\/de\/wp-json\/wp\/v2\/media?parent=272352"}],"wp:term":[{"taxonomy":"product_brand","embeddable":true,"href":"https:\/\/lalmachine.com\/de\/wp-json\/wp\/v2\/product_brand?post=272352"},{"taxonomy":"product_cat","embeddable":true,"href":"https:\/\/lalmachine.com\/de\/wp-json\/wp\/v2\/product_cat?post=272352"},{"taxonomy":"product_tag","embeddable":true,"href":"https:\/\/lalmachine.com\/de\/wp-json\/wp\/v2\/product_tag?post=272352"},{"taxonomy":"proximite","embeddable":true,"href":"https:\/\/lalmachine.com\/de\/wp-json\/wp\/v2\/proximite?post=272352"}],"curies":[{"name":"wp","href":"https:\/\/api.w.org\/{rel}","templated":true}]}}