{"id":272381,"date":"2023-10-25T16:28:01","date_gmt":"2023-10-25T14:28:01","guid":{"rendered":"https:\/\/lalmachine.com\/?post_type=product&#038;p=272381"},"modified":"2024-12-05T21:56:07","modified_gmt":"2024-12-05T20:56:07","slug":"paire-de-jarres-vases-a-gingembre-debut-xxe-siecle","status":"publish","type":"product","link":"https:\/\/lalmachine.com\/de\/shop\/decorer\/vase-ceramique\/paire-de-jarres-vases-a-gingembre-debut-xxe-siecle\/","title":{"rendered":"Paire de jarres\/vases \u00e0 gingembre d\u00e9but XXe si\u00e8cle"},"content":{"rendered":"<ul class=\"wpuf_customs\"><li style=\"list-style-type:none;\"><label>Autres photos:<\/label> <a href=\"https:\/\/lalmachine.com\/wp-content\/uploads\/2022\/05\/Vase-de-chine-2-b146ad06.jpg\"><img loading=\"lazy\" decoding=\"async\" width=\"72\" height=\"96\" src=\"https:\/\/lalmachine.com\/wp-content\/uploads\/2022\/05\/Vase-de-chine-2-b146ad06.jpg\" class=\"attachment-thumbnail size-thumbnail\" alt=\"\" \/><\/a> <a href=\"https:\/\/lalmachine.com\/wp-content\/uploads\/2022\/05\/Vase-de-chine-4-184ccdd6.jpg\"><img loading=\"lazy\" decoding=\"async\" width=\"128\" height=\"96\" src=\"https:\/\/lalmachine.com\/wp-content\/uploads\/2022\/05\/Vase-de-chine-4-184ccdd6.jpg\" class=\"attachment-thumbnail size-thumbnail\" alt=\"\" \/><\/a> <a href=\"https:\/\/lalmachine.com\/wp-content\/uploads\/2022\/05\/Vase-de-chine-3-bfb7ec35.jpg\"><img loading=\"lazy\" decoding=\"async\" width=\"128\" height=\"96\" src=\"https:\/\/lalmachine.com\/wp-content\/uploads\/2022\/05\/Vase-de-chine-3-bfb7ec35.jpg\" class=\"attachment-thumbnail size-thumbnail\" alt=\"\" \/><\/a> <\/li>        <li class=\"wpuf-field-data wpuf-field-data-numeric_text_field\">\n                            <label>Prix:<\/label>\n                        400        <\/li>\n                <li class=\"wpuf-field-data wpuf-field-data-numeric_text_field\">\n                            <label>Quantit\u00e9:<\/label>\n                        0        <\/li>\n                <li class=\"wpuf-field-data wpuf-field-data-numeric_text_field\">\n                            <label>Hauteur (cm):<\/label>\n                        30        <\/li>\n                <li class=\"wpuf-field-data wpuf-field-data-numeric_text_field\">\n                            <label>Largeur (cm):<\/label>\n                        20        <\/li>\n                <li class=\"wpuf-field-data wpuf-field-data-numeric_text_field\">\n                            <label>Profondeur (cm):<\/label>\n                        20        <\/li>\n        <\/ul>","protected":false},"excerpt":{"rendered":"<p>Paire de jarre\/vase \u00e0 gingembre, porcelaine bleu blanc, t\u00eate et socle en bronze.<br \/>\nAsie, d\u00e9but XXe si\u00e8cle<\/p>","protected":false},"featured_media":272562,"template":"","meta":{"_et_pb_use_builder":"","_et_pb_old_content":"","_et_gb_content_width":""},"product_brand":[],"product_cat":[50,400],"product_tag":[],"proximite":[271,178],"class_list":{"0":"post-272381","1":"product","2":"type-product","3":"status-publish","4":"has-post-thumbnail","6":"product_cat-decorer","7":"product_cat-vase-ceramique","8":"pa_couleur-bleu","9":"pa_etat-tres-bon-etat","10":"pa_materiau-ceramique","11":"pa_style-ethnique","12":"proximite-sierre","13":"proximite-valais","15":"first","16":"outofstock","17":"shipping-taxable","18":"purchasable","19":"product-type-simple"},"yoast_head":"<!-- This site is optimized with the Yoast SEO plugin v27.4 - https:\/\/yoast.com\/product\/yoast-seo-wordpress\/ -->\n<title>Paire de jarres\/vases \u00e0 gingembre d\u00e9but XXe si\u00e8cle | lalmachine.com<\/title>\n<meta name=\"description\" content=\"Paire de jarre\/vase \u00e0 gingembre, porcelaine bleu blanc, t\u00eate et socle en bronze.\" \/>\n<meta name=\"robots\" content=\"index, follow, max-snippet:-1, max-image-preview:large, max-video-preview:-1\" \/>\n<link rel=\"canonical\" href=\"http:\/\/lalmachine.com\/de\/shop\/decorer\/vase-ceramique\/paire-de-jarres-vases-a-gingembre-debut-xxe-siecle\/\" \/>\n<meta property=\"og:locale\" content=\"de_DE\" \/>\n<meta property=\"og:type\" content=\"article\" \/>\n<meta property=\"og:title\" content=\"Paire de jarres\/vases \u00e0 gingembre d\u00e9but XXe si\u00e8cle | lalmachine.com\" \/>\n<meta property=\"og:description\" content=\"Paire de jarre\/vase \u00e0 gingembre, porcelaine bleu blanc, t\u00eate et socle en bronze.\" \/>\n<meta property=\"og:url\" content=\"http:\/\/lalmachine.com\/de\/shop\/decorer\/vase-ceramique\/paire-de-jarres-vases-a-gingembre-debut-xxe-siecle\/\" \/>\n<meta property=\"og:site_name\" content=\"lalmachine.com\" \/>\n<meta property=\"article:publisher\" content=\"https:\/\/facebook.com\/lalmachine\" \/>\n<meta property=\"article:modified_time\" content=\"2024-12-05T20:56:07+00:00\" \/>\n<meta property=\"og:image\" content=\"https:\/\/lalmachine.com\/wp-content\/uploads\/2022\/05\/Pasted-20220516-101548_clipped_rev_1.jpeg\" \/>\n\t<meta property=\"og:image:width\" content=\"4534\" \/>\n\t<meta property=\"og:image:height\" content=\"4534\" \/>\n\t<meta property=\"og:image:type\" content=\"image\/jpeg\" \/>\n<meta name=\"twitter:card\" content=\"summary_large_image\" \/>\n<script type=\"application\/ld+json\" class=\"yoast-schema-graph\">{\"@context\":\"https:\\\/\\\/schema.org\",\"@graph\":[{\"@type\":\"WebPage\",\"@id\":\"http:\\\/\\\/lalmachine.com\\\/de\\\/shop\\\/decorer\\\/vase-ceramique\\\/paire-de-jarres-vases-a-gingembre-debut-xxe-siecle\\\/\",\"url\":\"http:\\\/\\\/lalmachine.com\\\/de\\\/shop\\\/decorer\\\/vase-ceramique\\\/paire-de-jarres-vases-a-gingembre-debut-xxe-siecle\\\/\",\"name\":\"Paire de jarres\\\/vases \u00e0 gingembre d\u00e9but XXe si\u00e8cle | lalmachine.com\",\"isPartOf\":{\"@id\":\"https:\\\/\\\/lalmachine.com\\\/#website\"},\"primaryImageOfPage\":{\"@id\":\"http:\\\/\\\/lalmachine.com\\\/de\\\/shop\\\/decorer\\\/vase-ceramique\\\/paire-de-jarres-vases-a-gingembre-debut-xxe-siecle\\\/#primaryimage\"},\"image\":{\"@id\":\"http:\\\/\\\/lalmachine.com\\\/de\\\/shop\\\/decorer\\\/vase-ceramique\\\/paire-de-jarres-vases-a-gingembre-debut-xxe-siecle\\\/#primaryimage\"},\"thumbnailUrl\":\"https:\\\/\\\/lalmachine.com\\\/wp-content\\\/uploads\\\/2022\\\/05\\\/Pasted-20220516-101548_clipped_rev_1.jpeg\",\"datePublished\":\"2023-10-25T14:28:01+00:00\",\"dateModified\":\"2024-12-05T20:56:07+00:00\",\"description\":\"Paire de jarre\\\/vase \u00e0 gingembre, porcelaine bleu blanc, t\u00eate et socle en bronze.\",\"breadcrumb\":{\"@id\":\"http:\\\/\\\/lalmachine.com\\\/de\\\/shop\\\/decorer\\\/vase-ceramique\\\/paire-de-jarres-vases-a-gingembre-debut-xxe-siecle\\\/#breadcrumb\"},\"inLanguage\":\"de\",\"potentialAction\":[{\"@type\":\"ReadAction\",\"target\":[\"http:\\\/\\\/lalmachine.com\\\/de\\\/shop\\\/decorer\\\/vase-ceramique\\\/paire-de-jarres-vases-a-gingembre-debut-xxe-siecle\\\/\"]}]},{\"@type\":\"ImageObject\",\"inLanguage\":\"de\",\"@id\":\"http:\\\/\\\/lalmachine.com\\\/de\\\/shop\\\/decorer\\\/vase-ceramique\\\/paire-de-jarres-vases-a-gingembre-debut-xxe-siecle\\\/#primaryimage\",\"url\":\"https:\\\/\\\/lalmachine.com\\\/wp-content\\\/uploads\\\/2022\\\/05\\\/Pasted-20220516-101548_clipped_rev_1.jpeg\",\"contentUrl\":\"https:\\\/\\\/lalmachine.com\\\/wp-content\\\/uploads\\\/2022\\\/05\\\/Pasted-20220516-101548_clipped_rev_1.jpeg\",\"width\":4534,\"height\":4534,\"caption\":\"vases \u00e0 gingembre\"},{\"@type\":\"BreadcrumbList\",\"@id\":\"http:\\\/\\\/lalmachine.com\\\/de\\\/shop\\\/decorer\\\/vase-ceramique\\\/paire-de-jarres-vases-a-gingembre-debut-xxe-siecle\\\/#breadcrumb\",\"itemListElement\":[{\"@type\":\"ListItem\",\"position\":1,\"name\":\"Accueil\",\"item\":\"https:\\\/\\\/lalmachine.com\\\/\"},{\"@type\":\"ListItem\",\"position\":2,\"name\":\"Shop\",\"item\":\"https:\\\/\\\/lalmachine.com\\\/shop\\\/\"},{\"@type\":\"ListItem\",\"position\":3,\"name\":\"Paire de jarres\\\/vases \u00e0 gingembre d\u00e9but XXe si\u00e8cle\"}]},{\"@type\":\"WebSite\",\"@id\":\"https:\\\/\\\/lalmachine.com\\\/#website\",\"url\":\"https:\\\/\\\/lalmachine.com\\\/\",\"name\":\"lalmachine.com\",\"description\":\"Brocante en ligne Suisse | Mobilier et objets d\u00e9co vintage et design\",\"potentialAction\":[{\"@type\":\"SearchAction\",\"target\":{\"@type\":\"EntryPoint\",\"urlTemplate\":\"https:\\\/\\\/lalmachine.com\\\/?s={search_term_string}\"},\"query-input\":{\"@type\":\"PropertyValueSpecification\",\"valueRequired\":true,\"valueName\":\"search_term_string\"}}],\"inLanguage\":\"de\"}]}<\/script>\n<!-- \/ Yoast SEO plugin. -->","yoast_head_json":{"title":"Paire de jarres\/vases \u00e0 gingembre d\u00e9but XXe si\u00e8cle | lalmachine.com","description":"Paire de jarre\/vase \u00e0 gingembre, porcelaine bleu blanc, t\u00eate et socle en bronze.","robots":{"index":"index","follow":"follow","max-snippet":"max-snippet:-1","max-image-preview":"max-image-preview:large","max-video-preview":"max-video-preview:-1"},"canonical":"http:\/\/lalmachine.com\/de\/shop\/decorer\/vase-ceramique\/paire-de-jarres-vases-a-gingembre-debut-xxe-siecle\/","og_locale":"de_DE","og_type":"article","og_title":"Paire de jarres\/vases \u00e0 gingembre d\u00e9but XXe si\u00e8cle | lalmachine.com","og_description":"Paire de jarre\/vase \u00e0 gingembre, porcelaine bleu blanc, t\u00eate et socle en bronze.","og_url":"http:\/\/lalmachine.com\/de\/shop\/decorer\/vase-ceramique\/paire-de-jarres-vases-a-gingembre-debut-xxe-siecle\/","og_site_name":"lalmachine.com","article_publisher":"https:\/\/facebook.com\/lalmachine","article_modified_time":"2024-12-05T20:56:07+00:00","og_image":[{"width":4534,"height":4534,"url":"https:\/\/lalmachine.com\/wp-content\/uploads\/2022\/05\/Pasted-20220516-101548_clipped_rev_1.jpeg","type":"image\/jpeg"}],"twitter_card":"summary_large_image","schema":{"@context":"https:\/\/schema.org","@graph":[{"@type":"WebPage","@id":"http:\/\/lalmachine.com\/de\/shop\/decorer\/vase-ceramique\/paire-de-jarres-vases-a-gingembre-debut-xxe-siecle\/","url":"http:\/\/lalmachine.com\/de\/shop\/decorer\/vase-ceramique\/paire-de-jarres-vases-a-gingembre-debut-xxe-siecle\/","name":"Paire de jarres\/vases \u00e0 gingembre d\u00e9but XXe si\u00e8cle | lalmachine.com","isPartOf":{"@id":"https:\/\/lalmachine.com\/#website"},"primaryImageOfPage":{"@id":"http:\/\/lalmachine.com\/de\/shop\/decorer\/vase-ceramique\/paire-de-jarres-vases-a-gingembre-debut-xxe-siecle\/#primaryimage"},"image":{"@id":"http:\/\/lalmachine.com\/de\/shop\/decorer\/vase-ceramique\/paire-de-jarres-vases-a-gingembre-debut-xxe-siecle\/#primaryimage"},"thumbnailUrl":"https:\/\/lalmachine.com\/wp-content\/uploads\/2022\/05\/Pasted-20220516-101548_clipped_rev_1.jpeg","datePublished":"2023-10-25T14:28:01+00:00","dateModified":"2024-12-05T20:56:07+00:00","description":"Paire de jarre\/vase \u00e0 gingembre, porcelaine bleu blanc, t\u00eate et socle en bronze.","breadcrumb":{"@id":"http:\/\/lalmachine.com\/de\/shop\/decorer\/vase-ceramique\/paire-de-jarres-vases-a-gingembre-debut-xxe-siecle\/#breadcrumb"},"inLanguage":"de","potentialAction":[{"@type":"ReadAction","target":["http:\/\/lalmachine.com\/de\/shop\/decorer\/vase-ceramique\/paire-de-jarres-vases-a-gingembre-debut-xxe-siecle\/"]}]},{"@type":"ImageObject","inLanguage":"de","@id":"http:\/\/lalmachine.com\/de\/shop\/decorer\/vase-ceramique\/paire-de-jarres-vases-a-gingembre-debut-xxe-siecle\/#primaryimage","url":"https:\/\/lalmachine.com\/wp-content\/uploads\/2022\/05\/Pasted-20220516-101548_clipped_rev_1.jpeg","contentUrl":"https:\/\/lalmachine.com\/wp-content\/uploads\/2022\/05\/Pasted-20220516-101548_clipped_rev_1.jpeg","width":4534,"height":4534,"caption":"vases \u00e0 gingembre"},{"@type":"BreadcrumbList","@id":"http:\/\/lalmachine.com\/de\/shop\/decorer\/vase-ceramique\/paire-de-jarres-vases-a-gingembre-debut-xxe-siecle\/#breadcrumb","itemListElement":[{"@type":"ListItem","position":1,"name":"Accueil","item":"https:\/\/lalmachine.com\/"},{"@type":"ListItem","position":2,"name":"Shop","item":"https:\/\/lalmachine.com\/shop\/"},{"@type":"ListItem","position":3,"name":"Paire de jarres\/vases \u00e0 gingembre d\u00e9but XXe si\u00e8cle"}]},{"@type":"WebSite","@id":"https:\/\/lalmachine.com\/#website","url":"https:\/\/lalmachine.com\/","name":"lalmachine.com","description":"Brocante en ligne Suisse | Mobilier et objets d\u00e9co vintage et design","potentialAction":[{"@type":"SearchAction","target":{"@type":"EntryPoint","urlTemplate":"https:\/\/lalmachine.com\/?s={search_term_string}"},"query-input":{"@type":"PropertyValueSpecification","valueRequired":true,"valueName":"search_term_string"}}],"inLanguage":"de"}]}},"_links":{"self":[{"href":"https:\/\/lalmachine.com\/de\/wp-json\/wp\/v2\/product\/272381","targetHints":{"allow":["GET"]}}],"collection":[{"href":"https:\/\/lalmachine.com\/de\/wp-json\/wp\/v2\/product"}],"about":[{"href":"https:\/\/lalmachine.com\/de\/wp-json\/wp\/v2\/types\/product"}],"wp:featuredmedia":[{"embeddable":true,"href":"https:\/\/lalmachine.com\/de\/wp-json\/wp\/v2\/media\/272562"}],"wp:attachment":[{"href":"https:\/\/lalmachine.com\/de\/wp-json\/wp\/v2\/media?parent=272381"}],"wp:term":[{"taxonomy":"product_brand","embeddable":true,"href":"https:\/\/lalmachine.com\/de\/wp-json\/wp\/v2\/product_brand?post=272381"},{"taxonomy":"product_cat","embeddable":true,"href":"https:\/\/lalmachine.com\/de\/wp-json\/wp\/v2\/product_cat?post=272381"},{"taxonomy":"product_tag","embeddable":true,"href":"https:\/\/lalmachine.com\/de\/wp-json\/wp\/v2\/product_tag?post=272381"},{"taxonomy":"proximite","embeddable":true,"href":"https:\/\/lalmachine.com\/de\/wp-json\/wp\/v2\/proximite?post=272381"}],"curies":[{"name":"wp","href":"https:\/\/api.w.org\/{rel}","templated":true}]}}