{"id":272504,"date":"2022-05-16T12:39:19","date_gmt":"2022-05-16T10:39:19","guid":{"rendered":"https:\/\/lalmachine.com\/?post_type=product&#038;p=272504"},"modified":"2024-12-05T21:56:08","modified_gmt":"2024-12-05T20:56:08","slug":"lot-de-5-chaises-bistrot-a-palmette","status":"publish","type":"product","link":"https:\/\/lalmachine.com\/de\/shop\/sasseoir\/chaise\/lot-de-5-chaises-bistrot-a-palmette\/","title":{"rendered":"Lot de 5 chaises bistrot \u00e0 palmette"},"content":{"rendered":"<ul class=\"wpuf_customs\"><li style=\"list-style-type:none;\"><label>Autres photos:<\/label> <a href=\"https:\/\/lalmachine.com\/wp-content\/uploads\/2022\/05\/0a-f9f5c8e3.png\"><img loading=\"lazy\" decoding=\"async\" width=\"96\" height=\"96\" src=\"https:\/\/lalmachine.com\/wp-content\/uploads\/2022\/05\/0a-f9f5c8e3.png\" class=\"attachment-thumbnail size-thumbnail\" alt=\"\" \/><\/a> <a href=\"https:\/\/lalmachine.com\/wp-content\/uploads\/2022\/05\/1-e1dfbd3a.png\"><img loading=\"lazy\" decoding=\"async\" width=\"72\" height=\"96\" src=\"https:\/\/lalmachine.com\/wp-content\/uploads\/2022\/05\/1-e1dfbd3a.png\" class=\"attachment-thumbnail size-thumbnail\" alt=\"\" \/><\/a> <a href=\"https:\/\/lalmachine.com\/wp-content\/uploads\/2022\/05\/2-8e6dcfd1.png\"><img loading=\"lazy\" decoding=\"async\" width=\"72\" height=\"96\" src=\"https:\/\/lalmachine.com\/wp-content\/uploads\/2022\/05\/2-8e6dcfd1.png\" class=\"attachment-thumbnail size-thumbnail\" alt=\"\" \/><\/a> <a href=\"https:\/\/lalmachine.com\/wp-content\/uploads\/2022\/05\/3-a324db94.png\"><img loading=\"lazy\" decoding=\"async\" width=\"72\" height=\"96\" src=\"https:\/\/lalmachine.com\/wp-content\/uploads\/2022\/05\/3-a324db94.png\" class=\"attachment-thumbnail size-thumbnail\" alt=\"\" \/><\/a> <a href=\"https:\/\/lalmachine.com\/wp-content\/uploads\/2022\/05\/7-1d494f08.png\"><img loading=\"lazy\" decoding=\"async\" width=\"72\" height=\"96\" src=\"https:\/\/lalmachine.com\/wp-content\/uploads\/2022\/05\/7-1d494f08.png\" class=\"attachment-thumbnail size-thumbnail\" alt=\"\" \/><\/a> <a href=\"https:\/\/lalmachine.com\/wp-content\/uploads\/2022\/05\/4-c911e4e7.png\"><img loading=\"lazy\" decoding=\"async\" width=\"72\" height=\"96\" src=\"https:\/\/lalmachine.com\/wp-content\/uploads\/2022\/05\/4-c911e4e7.png\" class=\"attachment-thumbnail size-thumbnail\" alt=\"\" \/><\/a> <a href=\"https:\/\/lalmachine.com\/wp-content\/uploads\/2022\/05\/5-c4719776.png\"><img loading=\"lazy\" decoding=\"async\" width=\"72\" height=\"96\" src=\"https:\/\/lalmachine.com\/wp-content\/uploads\/2022\/05\/5-c4719776.png\" class=\"attachment-thumbnail size-thumbnail\" alt=\"\" \/><\/a> <a href=\"https:\/\/lalmachine.com\/wp-content\/uploads\/2022\/05\/6-e426c71d.png\"><img loading=\"lazy\" decoding=\"async\" width=\"72\" height=\"96\" src=\"https:\/\/lalmachine.com\/wp-content\/uploads\/2022\/05\/6-e426c71d.png\" class=\"attachment-thumbnail size-thumbnail\" alt=\"\" \/><\/a> <\/li>        <li class=\"wpuf-field-data wpuf-field-data-numeric_text_field\">\n                            <label>Prix:<\/label>\n                        599        <\/li>\n                <li class=\"wpuf-field-data wpuf-field-data-numeric_text_field\">\n                            <label>Hauteur (cm):<\/label>\n                        76        <\/li>\n                <li class=\"wpuf-field-data wpuf-field-data-numeric_text_field\">\n                            <label>Largeur (cm):<\/label>\n                        52        <\/li>\n                <li class=\"wpuf-field-data wpuf-field-data-numeric_text_field\">\n                            <label>Profondeur (cm):<\/label>\n                        42        <\/li>\n        <\/ul>","protected":false},"excerpt":{"rendered":"<p>Cette magnifique s\u00e9rie de 5 chaises bistrot \u00e0 palmette est aussi rare que tendance. La structure de ces chaises de bistrot est en bois de h\u00eatre fonc\u00e9, leur assise est recouverte de simili cuir. Elles ne pr\u00e9sentent pas de signature mais proviennent d\u2019un ancien bistrot genevois. Elles ont donc \u00e9t\u00e9 utilis\u00e9es et pr\u00e9sentent des marques d\u2019usage, soit tout le charme du vintage. L\u2019ensemble est en bon \u00e9tat, stable, l\u2019assise tr\u00e8s confortable et en partie r\u00e9vis\u00e9e.<\/p>\n<p>D\u00e9nicher un ensemble de cinq pi\u00e8ces en pareil \u00e9tat rel\u00e8ve presque de l\u2019exploit.<\/p>\n<p>Dimensions : L 52 x H 76 x P 42 cm<br \/>\nLargeur du si\u00e8ge : 40cm<br \/>\nProfondeur du si\u00e8ge : 42 cm<br \/>\nHauteur du si\u00e8ge \u00e0 partir du sol : 46 cm<br \/>\nHauteur des accoudoirs \u00e0 partir du sol : 72 cm<\/p>","protected":false},"featured_media":272576,"template":"","meta":{"_et_pb_use_builder":"","_et_pb_old_content":"","_et_gb_content_width":""},"product_brand":[],"product_cat":[100,48],"product_tag":[],"proximite":[283,179],"class_list":{"0":"post-272504","1":"product","2":"type-product","3":"status-publish","4":"has-post-thumbnail","6":"product_cat-chaise","7":"product_cat-sasseoir","8":"pa_couleur-marron","9":"pa_etat-bon-etat","10":"pa_materiau-bois","11":"pa_style-vintage","12":"proximite-riviera-pays-denhaut","13":"proximite-vaud","15":"first","16":"outofstock","17":"shipping-taxable","18":"purchasable","19":"product-type-simple"},"yoast_head":"<!-- This site is optimized with the Yoast SEO plugin v27.4 - https:\/\/yoast.com\/product\/yoast-seo-wordpress\/ -->\n<title>Lot de 5 chaises bistrot \u00e0 palmette | lalmachine.com<\/title>\n<meta name=\"description\" content=\"Cette magnifique s\u00e9rie de 5 chaises bistrot \u00e0 palmette est aussi rare que tendance. La structure de ces chaises de bistrot est en bois de h\u00eatre fonc\u00e9, leur assise est recouverte de simili cuir.\" \/>\n<meta name=\"robots\" content=\"index, follow, max-snippet:-1, max-image-preview:large, max-video-preview:-1\" \/>\n<link rel=\"canonical\" href=\"https:\/\/lalmachine.com\/de\/shop\/sasseoir\/chaise\/lot-de-5-chaises-bistrot-a-palmette\/\" \/>\n<meta property=\"og:locale\" content=\"de_DE\" \/>\n<meta property=\"og:type\" content=\"article\" \/>\n<meta property=\"og:title\" content=\"Lot de 5 chaises bistrot \u00e0 palmette | lalmachine.com\" \/>\n<meta property=\"og:description\" content=\"Cette magnifique s\u00e9rie de 5 chaises bistrot \u00e0 palmette est aussi rare que tendance. La structure de ces chaises de bistrot est en bois de h\u00eatre fonc\u00e9, leur assise est recouverte de simili cuir.\" \/>\n<meta property=\"og:url\" content=\"https:\/\/lalmachine.com\/de\/shop\/sasseoir\/chaise\/lot-de-5-chaises-bistrot-a-palmette\/\" \/>\n<meta property=\"og:site_name\" content=\"lalmachine.com\" \/>\n<meta property=\"article:publisher\" content=\"https:\/\/facebook.com\/lalmachine\" \/>\n<meta property=\"article:modified_time\" content=\"2024-12-05T20:56:08+00:00\" \/>\n<meta property=\"og:image\" content=\"https:\/\/lalmachine.com\/wp-content\/uploads\/2022\/05\/Pasted-20220516-105627_clipped_rev_1.jpeg\" \/>\n\t<meta property=\"og:image:width\" content=\"1422\" \/>\n\t<meta property=\"og:image:height\" content=\"1422\" \/>\n\t<meta property=\"og:image:type\" content=\"image\/jpeg\" \/>\n<meta name=\"twitter:card\" content=\"summary_large_image\" \/>\n<script type=\"application\/ld+json\" class=\"yoast-schema-graph\">{\"@context\":\"https:\\\/\\\/schema.org\",\"@graph\":[{\"@type\":\"WebPage\",\"@id\":\"https:\\\/\\\/lalmachine.com\\\/shop\\\/sasseoir\\\/chaise\\\/lot-de-5-chaises-bistrot-a-palmette\\\/\",\"url\":\"https:\\\/\\\/lalmachine.com\\\/shop\\\/sasseoir\\\/chaise\\\/lot-de-5-chaises-bistrot-a-palmette\\\/\",\"name\":\"Lot de 5 chaises bistrot \u00e0 palmette | lalmachine.com\",\"isPartOf\":{\"@id\":\"https:\\\/\\\/lalmachine.com\\\/#website\"},\"primaryImageOfPage\":{\"@id\":\"https:\\\/\\\/lalmachine.com\\\/shop\\\/sasseoir\\\/chaise\\\/lot-de-5-chaises-bistrot-a-palmette\\\/#primaryimage\"},\"image\":{\"@id\":\"https:\\\/\\\/lalmachine.com\\\/shop\\\/sasseoir\\\/chaise\\\/lot-de-5-chaises-bistrot-a-palmette\\\/#primaryimage\"},\"thumbnailUrl\":\"https:\\\/\\\/lalmachine.com\\\/wp-content\\\/uploads\\\/2022\\\/05\\\/Pasted-20220516-105627_clipped_rev_1.jpeg\",\"datePublished\":\"2022-05-16T10:39:19+00:00\",\"dateModified\":\"2024-12-05T20:56:08+00:00\",\"description\":\"Cette magnifique s\u00e9rie de 5 chaises bistrot \u00e0 palmette est aussi rare que tendance. La structure de ces chaises de bistrot est en bois de h\u00eatre fonc\u00e9, leur assise est recouverte de simili cuir.\",\"breadcrumb\":{\"@id\":\"https:\\\/\\\/lalmachine.com\\\/shop\\\/sasseoir\\\/chaise\\\/lot-de-5-chaises-bistrot-a-palmette\\\/#breadcrumb\"},\"inLanguage\":\"de\",\"potentialAction\":[{\"@type\":\"ReadAction\",\"target\":[\"https:\\\/\\\/lalmachine.com\\\/shop\\\/sasseoir\\\/chaise\\\/lot-de-5-chaises-bistrot-a-palmette\\\/\"]}]},{\"@type\":\"ImageObject\",\"inLanguage\":\"de\",\"@id\":\"https:\\\/\\\/lalmachine.com\\\/shop\\\/sasseoir\\\/chaise\\\/lot-de-5-chaises-bistrot-a-palmette\\\/#primaryimage\",\"url\":\"https:\\\/\\\/lalmachine.com\\\/wp-content\\\/uploads\\\/2022\\\/05\\\/Pasted-20220516-105627_clipped_rev_1.jpeg\",\"contentUrl\":\"https:\\\/\\\/lalmachine.com\\\/wp-content\\\/uploads\\\/2022\\\/05\\\/Pasted-20220516-105627_clipped_rev_1.jpeg\",\"width\":1422,\"height\":1422,\"caption\":\"chaises bistrot \u00e0 palmette\"},{\"@type\":\"BreadcrumbList\",\"@id\":\"https:\\\/\\\/lalmachine.com\\\/shop\\\/sasseoir\\\/chaise\\\/lot-de-5-chaises-bistrot-a-palmette\\\/#breadcrumb\",\"itemListElement\":[{\"@type\":\"ListItem\",\"position\":1,\"name\":\"Accueil\",\"item\":\"https:\\\/\\\/lalmachine.com\\\/\"},{\"@type\":\"ListItem\",\"position\":2,\"name\":\"Shop\",\"item\":\"https:\\\/\\\/lalmachine.com\\\/shop\\\/\"},{\"@type\":\"ListItem\",\"position\":3,\"name\":\"Lot de 5 chaises bistrot \u00e0 palmette\"}]},{\"@type\":\"WebSite\",\"@id\":\"https:\\\/\\\/lalmachine.com\\\/#website\",\"url\":\"https:\\\/\\\/lalmachine.com\\\/\",\"name\":\"lalmachine.com\",\"description\":\"Brocante en ligne Suisse | Mobilier et objets d\u00e9co vintage et design\",\"potentialAction\":[{\"@type\":\"SearchAction\",\"target\":{\"@type\":\"EntryPoint\",\"urlTemplate\":\"https:\\\/\\\/lalmachine.com\\\/?s={search_term_string}\"},\"query-input\":{\"@type\":\"PropertyValueSpecification\",\"valueRequired\":true,\"valueName\":\"search_term_string\"}}],\"inLanguage\":\"de\"}]}<\/script>\n<!-- \/ Yoast SEO plugin. -->","yoast_head_json":{"title":"Lot de 5 chaises bistrot \u00e0 palmette | lalmachine.com","description":"Cette magnifique s\u00e9rie de 5 chaises bistrot \u00e0 palmette est aussi rare que tendance. La structure de ces chaises de bistrot est en bois de h\u00eatre fonc\u00e9, leur assise est recouverte de simili cuir.","robots":{"index":"index","follow":"follow","max-snippet":"max-snippet:-1","max-image-preview":"max-image-preview:large","max-video-preview":"max-video-preview:-1"},"canonical":"https:\/\/lalmachine.com\/de\/shop\/sasseoir\/chaise\/lot-de-5-chaises-bistrot-a-palmette\/","og_locale":"de_DE","og_type":"article","og_title":"Lot de 5 chaises bistrot \u00e0 palmette | lalmachine.com","og_description":"Cette magnifique s\u00e9rie de 5 chaises bistrot \u00e0 palmette est aussi rare que tendance. La structure de ces chaises de bistrot est en bois de h\u00eatre fonc\u00e9, leur assise est recouverte de simili cuir.","og_url":"https:\/\/lalmachine.com\/de\/shop\/sasseoir\/chaise\/lot-de-5-chaises-bistrot-a-palmette\/","og_site_name":"lalmachine.com","article_publisher":"https:\/\/facebook.com\/lalmachine","article_modified_time":"2024-12-05T20:56:08+00:00","og_image":[{"width":1422,"height":1422,"url":"https:\/\/lalmachine.com\/wp-content\/uploads\/2022\/05\/Pasted-20220516-105627_clipped_rev_1.jpeg","type":"image\/jpeg"}],"twitter_card":"summary_large_image","schema":{"@context":"https:\/\/schema.org","@graph":[{"@type":"WebPage","@id":"https:\/\/lalmachine.com\/shop\/sasseoir\/chaise\/lot-de-5-chaises-bistrot-a-palmette\/","url":"https:\/\/lalmachine.com\/shop\/sasseoir\/chaise\/lot-de-5-chaises-bistrot-a-palmette\/","name":"Lot de 5 chaises bistrot \u00e0 palmette | lalmachine.com","isPartOf":{"@id":"https:\/\/lalmachine.com\/#website"},"primaryImageOfPage":{"@id":"https:\/\/lalmachine.com\/shop\/sasseoir\/chaise\/lot-de-5-chaises-bistrot-a-palmette\/#primaryimage"},"image":{"@id":"https:\/\/lalmachine.com\/shop\/sasseoir\/chaise\/lot-de-5-chaises-bistrot-a-palmette\/#primaryimage"},"thumbnailUrl":"https:\/\/lalmachine.com\/wp-content\/uploads\/2022\/05\/Pasted-20220516-105627_clipped_rev_1.jpeg","datePublished":"2022-05-16T10:39:19+00:00","dateModified":"2024-12-05T20:56:08+00:00","description":"Cette magnifique s\u00e9rie de 5 chaises bistrot \u00e0 palmette est aussi rare que tendance. La structure de ces chaises de bistrot est en bois de h\u00eatre fonc\u00e9, leur assise est recouverte de simili cuir.","breadcrumb":{"@id":"https:\/\/lalmachine.com\/shop\/sasseoir\/chaise\/lot-de-5-chaises-bistrot-a-palmette\/#breadcrumb"},"inLanguage":"de","potentialAction":[{"@type":"ReadAction","target":["https:\/\/lalmachine.com\/shop\/sasseoir\/chaise\/lot-de-5-chaises-bistrot-a-palmette\/"]}]},{"@type":"ImageObject","inLanguage":"de","@id":"https:\/\/lalmachine.com\/shop\/sasseoir\/chaise\/lot-de-5-chaises-bistrot-a-palmette\/#primaryimage","url":"https:\/\/lalmachine.com\/wp-content\/uploads\/2022\/05\/Pasted-20220516-105627_clipped_rev_1.jpeg","contentUrl":"https:\/\/lalmachine.com\/wp-content\/uploads\/2022\/05\/Pasted-20220516-105627_clipped_rev_1.jpeg","width":1422,"height":1422,"caption":"chaises bistrot \u00e0 palmette"},{"@type":"BreadcrumbList","@id":"https:\/\/lalmachine.com\/shop\/sasseoir\/chaise\/lot-de-5-chaises-bistrot-a-palmette\/#breadcrumb","itemListElement":[{"@type":"ListItem","position":1,"name":"Accueil","item":"https:\/\/lalmachine.com\/"},{"@type":"ListItem","position":2,"name":"Shop","item":"https:\/\/lalmachine.com\/shop\/"},{"@type":"ListItem","position":3,"name":"Lot de 5 chaises bistrot \u00e0 palmette"}]},{"@type":"WebSite","@id":"https:\/\/lalmachine.com\/#website","url":"https:\/\/lalmachine.com\/","name":"lalmachine.com","description":"Brocante en ligne Suisse | Mobilier et objets d\u00e9co vintage et design","potentialAction":[{"@type":"SearchAction","target":{"@type":"EntryPoint","urlTemplate":"https:\/\/lalmachine.com\/?s={search_term_string}"},"query-input":{"@type":"PropertyValueSpecification","valueRequired":true,"valueName":"search_term_string"}}],"inLanguage":"de"}]}},"_links":{"self":[{"href":"https:\/\/lalmachine.com\/de\/wp-json\/wp\/v2\/product\/272504","targetHints":{"allow":["GET"]}}],"collection":[{"href":"https:\/\/lalmachine.com\/de\/wp-json\/wp\/v2\/product"}],"about":[{"href":"https:\/\/lalmachine.com\/de\/wp-json\/wp\/v2\/types\/product"}],"wp:featuredmedia":[{"embeddable":true,"href":"https:\/\/lalmachine.com\/de\/wp-json\/wp\/v2\/media\/272576"}],"wp:attachment":[{"href":"https:\/\/lalmachine.com\/de\/wp-json\/wp\/v2\/media?parent=272504"}],"wp:term":[{"taxonomy":"product_brand","embeddable":true,"href":"https:\/\/lalmachine.com\/de\/wp-json\/wp\/v2\/product_brand?post=272504"},{"taxonomy":"product_cat","embeddable":true,"href":"https:\/\/lalmachine.com\/de\/wp-json\/wp\/v2\/product_cat?post=272504"},{"taxonomy":"product_tag","embeddable":true,"href":"https:\/\/lalmachine.com\/de\/wp-json\/wp\/v2\/product_tag?post=272504"},{"taxonomy":"proximite","embeddable":true,"href":"https:\/\/lalmachine.com\/de\/wp-json\/wp\/v2\/proximite?post=272504"}],"curies":[{"name":"wp","href":"https:\/\/api.w.org\/{rel}","templated":true}]}}