{"id":272995,"date":"2022-05-19T15:37:11","date_gmt":"2022-05-19T13:37:11","guid":{"rendered":"https:\/\/lalmachine.com\/?post_type=product&#038;p=272995"},"modified":"2024-12-05T21:56:10","modified_gmt":"2024-12-05T20:56:10","slug":"paire-de-hunting-chairs-de-uno-osten-kristiansson","status":"publish","type":"product","link":"https:\/\/lalmachine.com\/de\/shop\/sasseoir\/canape-fauteuil-pouf\/paire-de-hunting-chairs-de-uno-osten-kristiansson\/","title":{"rendered":"Paire de Hunting chairs de Uno &#038; Osten Kristiansson"},"content":{"rendered":"<ul class=\"wpuf_customs\"><li style=\"list-style-type:none;\"><label>Autres photos:<\/label> <a href=\"https:\/\/lalmachine.com\/wp-content\/uploads\/2022\/05\/Capture-decran-2022-05-18-a-17.38.26-3ecd236e.png\"><img loading=\"lazy\" decoding=\"async\" width=\"120\" height=\"96\" src=\"https:\/\/lalmachine.com\/wp-content\/uploads\/2022\/05\/Capture-decran-2022-05-18-a-17.38.26-3ecd236e.png\" class=\"attachment-thumbnail size-thumbnail\" alt=\"\" \/><\/a> <a href=\"https:\/\/lalmachine.com\/wp-content\/uploads\/2022\/05\/Capture-decran-2022-05-18-a-17.38.34-bc3db331.png\"><img loading=\"lazy\" decoding=\"async\" width=\"96\" height=\"96\" src=\"https:\/\/lalmachine.com\/wp-content\/uploads\/2022\/05\/Capture-decran-2022-05-18-a-17.38.34-bc3db331.png\" class=\"attachment-thumbnail size-thumbnail\" alt=\"\" \/><\/a> <a href=\"https:\/\/lalmachine.com\/wp-content\/uploads\/2022\/05\/Capture-decran-2022-05-18-a-17.38.40-cceb9177.png\"><img loading=\"lazy\" decoding=\"async\" width=\"97\" height=\"96\" src=\"https:\/\/lalmachine.com\/wp-content\/uploads\/2022\/05\/Capture-decran-2022-05-18-a-17.38.40-cceb9177.png\" class=\"attachment-thumbnail size-thumbnail\" alt=\"\" \/><\/a> <a href=\"https:\/\/lalmachine.com\/wp-content\/uploads\/2022\/05\/Capture-decran-2022-05-18-a-17.38.46-c502d6af.png\"><img loading=\"lazy\" decoding=\"async\" width=\"96\" height=\"96\" src=\"https:\/\/lalmachine.com\/wp-content\/uploads\/2022\/05\/Capture-decran-2022-05-18-a-17.38.46-c502d6af.png\" class=\"attachment-thumbnail size-thumbnail\" alt=\"\" \/><\/a> <a href=\"https:\/\/lalmachine.com\/wp-content\/uploads\/2022\/05\/Capture-decran-2022-05-18-a-17.38.53-8377c280.png\"><img loading=\"lazy\" decoding=\"async\" width=\"96\" height=\"96\" src=\"https:\/\/lalmachine.com\/wp-content\/uploads\/2022\/05\/Capture-decran-2022-05-18-a-17.38.53-8377c280.png\" class=\"attachment-thumbnail size-thumbnail\" alt=\"\" \/><\/a> <a href=\"https:\/\/lalmachine.com\/wp-content\/uploads\/2022\/05\/Capture-decran-2022-05-18-a-17.39.00-10887289.png\"><img loading=\"lazy\" decoding=\"async\" width=\"96\" height=\"96\" src=\"https:\/\/lalmachine.com\/wp-content\/uploads\/2022\/05\/Capture-decran-2022-05-18-a-17.39.00-10887289.png\" class=\"attachment-thumbnail size-thumbnail\" alt=\"\" \/><\/a> <a href=\"https:\/\/lalmachine.com\/wp-content\/uploads\/2022\/05\/Capture-decran-2022-05-18-a-17.39.06-0cbc5624.png\"><img loading=\"lazy\" decoding=\"async\" width=\"96\" height=\"96\" src=\"https:\/\/lalmachine.com\/wp-content\/uploads\/2022\/05\/Capture-decran-2022-05-18-a-17.39.06-0cbc5624.png\" class=\"attachment-thumbnail size-thumbnail\" alt=\"\" \/><\/a> <a href=\"https:\/\/lalmachine.com\/wp-content\/uploads\/2022\/05\/Capture-decran-2022-05-18-a-17.39.12-687223c6.png\"><img loading=\"lazy\" decoding=\"async\" width=\"96\" height=\"96\" src=\"https:\/\/lalmachine.com\/wp-content\/uploads\/2022\/05\/Capture-decran-2022-05-18-a-17.39.12-687223c6.png\" class=\"attachment-thumbnail size-thumbnail\" alt=\"\" \/><\/a> <a href=\"https:\/\/lalmachine.com\/wp-content\/uploads\/2022\/05\/Capture-decran-2022-05-18-a-17.39.18-790bccbd.png\"><img loading=\"lazy\" decoding=\"async\" width=\"96\" height=\"96\" src=\"https:\/\/lalmachine.com\/wp-content\/uploads\/2022\/05\/Capture-decran-2022-05-18-a-17.39.18-790bccbd.png\" class=\"attachment-thumbnail size-thumbnail\" alt=\"\" \/><\/a> <a href=\"https:\/\/lalmachine.com\/wp-content\/uploads\/2022\/05\/Capture-decran-2022-05-18-a-17.39.26-0ed3f881.png\"><img loading=\"lazy\" decoding=\"async\" width=\"96\" height=\"96\" src=\"https:\/\/lalmachine.com\/wp-content\/uploads\/2022\/05\/Capture-decran-2022-05-18-a-17.39.26-0ed3f881.png\" class=\"attachment-thumbnail size-thumbnail\" alt=\"\" \/><\/a> <a href=\"https:\/\/lalmachine.com\/wp-content\/uploads\/2022\/05\/Capture-decran-2022-05-18-a-17.39.32-59360197.png\"><img loading=\"lazy\" decoding=\"async\" width=\"96\" height=\"96\" src=\"https:\/\/lalmachine.com\/wp-content\/uploads\/2022\/05\/Capture-decran-2022-05-18-a-17.39.32-59360197.png\" class=\"attachment-thumbnail size-thumbnail\" alt=\"\" \/><\/a> <a href=\"https:\/\/lalmachine.com\/wp-content\/uploads\/2022\/05\/Capture-decran-2022-05-18-a-17.39.38-39243fc9.png\"><img loading=\"lazy\" decoding=\"async\" width=\"96\" height=\"96\" src=\"https:\/\/lalmachine.com\/wp-content\/uploads\/2022\/05\/Capture-decran-2022-05-18-a-17.39.38-39243fc9.png\" class=\"attachment-thumbnail size-thumbnail\" alt=\"\" \/><\/a> <a href=\"https:\/\/lalmachine.com\/wp-content\/uploads\/2022\/05\/Capture-decran-2022-05-18-a-17.39.46-9793bc86.png\"><img loading=\"lazy\" decoding=\"async\" width=\"128\" height=\"96\" src=\"https:\/\/lalmachine.com\/wp-content\/uploads\/2022\/05\/Capture-decran-2022-05-18-a-17.39.46-9793bc86.png\" class=\"attachment-thumbnail size-thumbnail\" alt=\"\" \/><\/a> <\/li>        <li class=\"wpuf-field-data wpuf-field-data-numeric_text_field\">\n                            <label>Prix:<\/label>\n                        5580        <\/li>\n                <li class=\"wpuf-field-data wpuf-field-data-numeric_text_field\">\n                            <label>Quantit\u00e9:<\/label>\n                        1        <\/li>\n                <li class=\"wpuf-field-data wpuf-field-data-numeric_text_field\">\n                            <label>Hauteur (cm):<\/label>\n                        60        <\/li>\n                <li class=\"wpuf-field-data wpuf-field-data-numeric_text_field\">\n                            <label>Largeur (cm):<\/label>\n                        60        <\/li>\n                <li class=\"wpuf-field-data wpuf-field-data-numeric_text_field\">\n                            <label>Profondeur (cm):<\/label>\n                        78        <\/li>\n        <\/ul>","protected":false},"excerpt":{"rendered":"<p>Magnifique rare paire de &#8220;fauteuils de chasseur&#8221; d&#8217;origine su\u00e9doise des designers Uno &amp; Osten Kristiansson, \u00e9dit\u00e9s dans les ann\u00e9es 1950. En bois de ch\u00eane fum\u00e9, ces fauteuils bas ont une assise tress\u00e9es de cordes tr\u00e8s solide. Les coussins sont recouvert d&#8217;un tissus 100% laine de couleur rouge chin\u00e9. Les dossiers ont \u00e9t\u00e9 brod\u00e9s d&#8217;un motif originale repr\u00e9sentant des &#8220;bonny girls&#8221;.<br \/>\nPrix pour la paire.<\/p>","protected":false},"featured_media":320008,"template":"","meta":{"_et_pb_use_builder":"","_et_pb_old_content":"","_et_gb_content_width":""},"product_brand":[],"product_cat":[99,48],"product_tag":[],"proximite":[280,179],"class_list":{"0":"post-272995","1":"product","2":"type-product","3":"status-publish","4":"has-post-thumbnail","6":"product_cat-canape-fauteuil-pouf","7":"product_cat-sasseoir","8":"pa_couleur-bois","9":"pa_etat-tres-bon-etat","10":"pa_materiau-bois","11":"pa_style-scandinave","12":"proximite-morges","13":"proximite-vaud","15":"first","16":"instock","17":"shipping-taxable","18":"purchasable","19":"product-type-simple"},"yoast_head":"<!-- This site is optimized with the Yoast SEO plugin v27.4 - https:\/\/yoast.com\/product\/yoast-seo-wordpress\/ -->\n<title>Paire de Hunting chairs de Uno &amp; Osten Kristiansson | lalmachine.com, mobilier et objets d\u00e9co vintage et design<\/title>\n<meta name=\"description\" content=\"Magnifique rare paire de &quot;fauteuils de chasseur&quot; d&#039;origine su\u00e9doise des designers Uno &amp; Osten Kristiansson, \u00e9dit\u00e9s dans les ann\u00e9es 1950.\" \/>\n<meta name=\"robots\" content=\"index, follow, max-snippet:-1, max-image-preview:large, max-video-preview:-1\" \/>\n<link rel=\"canonical\" href=\"https:\/\/lalmachine.com\/de\/shop\/sasseoir\/canape-fauteuil-pouf\/paire-de-hunting-chairs-de-uno-osten-kristiansson\/\" \/>\n<meta property=\"og:locale\" content=\"de_DE\" \/>\n<meta property=\"og:type\" content=\"article\" \/>\n<meta property=\"og:title\" content=\"Paire de Hunting chairs de Uno &amp; Osten Kristiansson | lalmachine.com, mobilier et objets d\u00e9co vintage et design\" \/>\n<meta property=\"og:description\" content=\"Magnifique rare paire de &quot;fauteuils de chasseur&quot; d&#039;origine su\u00e9doise des designers Uno &amp; Osten Kristiansson, \u00e9dit\u00e9s dans les ann\u00e9es 1950.\" \/>\n<meta property=\"og:url\" content=\"https:\/\/lalmachine.com\/de\/shop\/sasseoir\/canape-fauteuil-pouf\/paire-de-hunting-chairs-de-uno-osten-kristiansson\/\" \/>\n<meta property=\"og:site_name\" content=\"lalmachine.com\" \/>\n<meta property=\"article:publisher\" content=\"https:\/\/facebook.com\/lalmachine\" \/>\n<meta property=\"article:modified_time\" content=\"2024-12-05T20:56:10+00:00\" \/>\n<meta property=\"og:image\" content=\"https:\/\/lalmachine.com\/wp-content\/uploads\/2022\/05\/Pasted-20220519-152339_clipped_rev_2.jpeg\" \/>\n\t<meta property=\"og:image:width\" content=\"756\" \/>\n\t<meta property=\"og:image:height\" content=\"756\" \/>\n\t<meta property=\"og:image:type\" content=\"image\/jpeg\" \/>\n<meta name=\"twitter:card\" content=\"summary_large_image\" \/>\n<script type=\"application\/ld+json\" class=\"yoast-schema-graph\">{\"@context\":\"https:\\\/\\\/schema.org\",\"@graph\":[{\"@type\":\"WebPage\",\"@id\":\"https:\\\/\\\/lalmachine.com\\\/shop\\\/sasseoir\\\/canape-fauteuil-pouf\\\/paire-de-hunting-chairs-de-uno-osten-kristiansson\\\/\",\"url\":\"https:\\\/\\\/lalmachine.com\\\/shop\\\/sasseoir\\\/canape-fauteuil-pouf\\\/paire-de-hunting-chairs-de-uno-osten-kristiansson\\\/\",\"name\":\"Paire de Hunting chairs de Uno & Osten Kristiansson | lalmachine.com, mobilier et objets d\u00e9co vintage et design\",\"isPartOf\":{\"@id\":\"https:\\\/\\\/lalmachine.com\\\/#website\"},\"primaryImageOfPage\":{\"@id\":\"https:\\\/\\\/lalmachine.com\\\/shop\\\/sasseoir\\\/canape-fauteuil-pouf\\\/paire-de-hunting-chairs-de-uno-osten-kristiansson\\\/#primaryimage\"},\"image\":{\"@id\":\"https:\\\/\\\/lalmachine.com\\\/shop\\\/sasseoir\\\/canape-fauteuil-pouf\\\/paire-de-hunting-chairs-de-uno-osten-kristiansson\\\/#primaryimage\"},\"thumbnailUrl\":\"https:\\\/\\\/lalmachine.com\\\/wp-content\\\/uploads\\\/2022\\\/05\\\/Pasted-20220519-152339_clipped_rev_2.jpeg\",\"datePublished\":\"2022-05-19T13:37:11+00:00\",\"dateModified\":\"2024-12-05T20:56:10+00:00\",\"description\":\"Magnifique rare paire de \\\"fauteuils de chasseur\\\" d'origine su\u00e9doise des designers Uno & Osten Kristiansson, \u00e9dit\u00e9s dans les ann\u00e9es 1950.\",\"breadcrumb\":{\"@id\":\"https:\\\/\\\/lalmachine.com\\\/shop\\\/sasseoir\\\/canape-fauteuil-pouf\\\/paire-de-hunting-chairs-de-uno-osten-kristiansson\\\/#breadcrumb\"},\"inLanguage\":\"de\",\"potentialAction\":[{\"@type\":\"ReadAction\",\"target\":[\"https:\\\/\\\/lalmachine.com\\\/shop\\\/sasseoir\\\/canape-fauteuil-pouf\\\/paire-de-hunting-chairs-de-uno-osten-kristiansson\\\/\"]}]},{\"@type\":\"ImageObject\",\"inLanguage\":\"de\",\"@id\":\"https:\\\/\\\/lalmachine.com\\\/shop\\\/sasseoir\\\/canape-fauteuil-pouf\\\/paire-de-hunting-chairs-de-uno-osten-kristiansson\\\/#primaryimage\",\"url\":\"https:\\\/\\\/lalmachine.com\\\/wp-content\\\/uploads\\\/2022\\\/05\\\/Pasted-20220519-152339_clipped_rev_2.jpeg\",\"contentUrl\":\"https:\\\/\\\/lalmachine.com\\\/wp-content\\\/uploads\\\/2022\\\/05\\\/Pasted-20220519-152339_clipped_rev_2.jpeg\",\"width\":756,\"height\":756,\"caption\":\"Hunting chairs Uno & Osten Kristiansson\"},{\"@type\":\"BreadcrumbList\",\"@id\":\"https:\\\/\\\/lalmachine.com\\\/shop\\\/sasseoir\\\/canape-fauteuil-pouf\\\/paire-de-hunting-chairs-de-uno-osten-kristiansson\\\/#breadcrumb\",\"itemListElement\":[{\"@type\":\"ListItem\",\"position\":1,\"name\":\"Accueil\",\"item\":\"https:\\\/\\\/lalmachine.com\\\/\"},{\"@type\":\"ListItem\",\"position\":2,\"name\":\"Shop\",\"item\":\"https:\\\/\\\/lalmachine.com\\\/shop\\\/\"},{\"@type\":\"ListItem\",\"position\":3,\"name\":\"Paire de Hunting chairs de Uno &#038; Osten Kristiansson\"}]},{\"@type\":\"WebSite\",\"@id\":\"https:\\\/\\\/lalmachine.com\\\/#website\",\"url\":\"https:\\\/\\\/lalmachine.com\\\/\",\"name\":\"lalmachine.com\",\"description\":\"Brocante en ligne Suisse | Mobilier et objets d\u00e9co vintage et design\",\"potentialAction\":[{\"@type\":\"SearchAction\",\"target\":{\"@type\":\"EntryPoint\",\"urlTemplate\":\"https:\\\/\\\/lalmachine.com\\\/?s={search_term_string}\"},\"query-input\":{\"@type\":\"PropertyValueSpecification\",\"valueRequired\":true,\"valueName\":\"search_term_string\"}}],\"inLanguage\":\"de\"}]}<\/script>\n<!-- \/ Yoast SEO plugin. -->","yoast_head_json":{"title":"Paire de Hunting chairs de Uno & Osten Kristiansson | lalmachine.com, mobilier et objets d\u00e9co vintage et design","description":"Magnifique rare paire de \"fauteuils de chasseur\" d'origine su\u00e9doise des designers Uno & Osten Kristiansson, \u00e9dit\u00e9s dans les ann\u00e9es 1950.","robots":{"index":"index","follow":"follow","max-snippet":"max-snippet:-1","max-image-preview":"max-image-preview:large","max-video-preview":"max-video-preview:-1"},"canonical":"https:\/\/lalmachine.com\/de\/shop\/sasseoir\/canape-fauteuil-pouf\/paire-de-hunting-chairs-de-uno-osten-kristiansson\/","og_locale":"de_DE","og_type":"article","og_title":"Paire de Hunting chairs de Uno & Osten Kristiansson | lalmachine.com, mobilier et objets d\u00e9co vintage et design","og_description":"Magnifique rare paire de \"fauteuils de chasseur\" d'origine su\u00e9doise des designers Uno & Osten Kristiansson, \u00e9dit\u00e9s dans les ann\u00e9es 1950.","og_url":"https:\/\/lalmachine.com\/de\/shop\/sasseoir\/canape-fauteuil-pouf\/paire-de-hunting-chairs-de-uno-osten-kristiansson\/","og_site_name":"lalmachine.com","article_publisher":"https:\/\/facebook.com\/lalmachine","article_modified_time":"2024-12-05T20:56:10+00:00","og_image":[{"width":756,"height":756,"url":"https:\/\/lalmachine.com\/wp-content\/uploads\/2022\/05\/Pasted-20220519-152339_clipped_rev_2.jpeg","type":"image\/jpeg"}],"twitter_card":"summary_large_image","schema":{"@context":"https:\/\/schema.org","@graph":[{"@type":"WebPage","@id":"https:\/\/lalmachine.com\/shop\/sasseoir\/canape-fauteuil-pouf\/paire-de-hunting-chairs-de-uno-osten-kristiansson\/","url":"https:\/\/lalmachine.com\/shop\/sasseoir\/canape-fauteuil-pouf\/paire-de-hunting-chairs-de-uno-osten-kristiansson\/","name":"Paire de Hunting chairs de Uno & Osten Kristiansson | lalmachine.com, mobilier et objets d\u00e9co vintage et design","isPartOf":{"@id":"https:\/\/lalmachine.com\/#website"},"primaryImageOfPage":{"@id":"https:\/\/lalmachine.com\/shop\/sasseoir\/canape-fauteuil-pouf\/paire-de-hunting-chairs-de-uno-osten-kristiansson\/#primaryimage"},"image":{"@id":"https:\/\/lalmachine.com\/shop\/sasseoir\/canape-fauteuil-pouf\/paire-de-hunting-chairs-de-uno-osten-kristiansson\/#primaryimage"},"thumbnailUrl":"https:\/\/lalmachine.com\/wp-content\/uploads\/2022\/05\/Pasted-20220519-152339_clipped_rev_2.jpeg","datePublished":"2022-05-19T13:37:11+00:00","dateModified":"2024-12-05T20:56:10+00:00","description":"Magnifique rare paire de \"fauteuils de chasseur\" d'origine su\u00e9doise des designers Uno & Osten Kristiansson, \u00e9dit\u00e9s dans les ann\u00e9es 1950.","breadcrumb":{"@id":"https:\/\/lalmachine.com\/shop\/sasseoir\/canape-fauteuil-pouf\/paire-de-hunting-chairs-de-uno-osten-kristiansson\/#breadcrumb"},"inLanguage":"de","potentialAction":[{"@type":"ReadAction","target":["https:\/\/lalmachine.com\/shop\/sasseoir\/canape-fauteuil-pouf\/paire-de-hunting-chairs-de-uno-osten-kristiansson\/"]}]},{"@type":"ImageObject","inLanguage":"de","@id":"https:\/\/lalmachine.com\/shop\/sasseoir\/canape-fauteuil-pouf\/paire-de-hunting-chairs-de-uno-osten-kristiansson\/#primaryimage","url":"https:\/\/lalmachine.com\/wp-content\/uploads\/2022\/05\/Pasted-20220519-152339_clipped_rev_2.jpeg","contentUrl":"https:\/\/lalmachine.com\/wp-content\/uploads\/2022\/05\/Pasted-20220519-152339_clipped_rev_2.jpeg","width":756,"height":756,"caption":"Hunting chairs Uno & Osten Kristiansson"},{"@type":"BreadcrumbList","@id":"https:\/\/lalmachine.com\/shop\/sasseoir\/canape-fauteuil-pouf\/paire-de-hunting-chairs-de-uno-osten-kristiansson\/#breadcrumb","itemListElement":[{"@type":"ListItem","position":1,"name":"Accueil","item":"https:\/\/lalmachine.com\/"},{"@type":"ListItem","position":2,"name":"Shop","item":"https:\/\/lalmachine.com\/shop\/"},{"@type":"ListItem","position":3,"name":"Paire de Hunting chairs de Uno &#038; Osten Kristiansson"}]},{"@type":"WebSite","@id":"https:\/\/lalmachine.com\/#website","url":"https:\/\/lalmachine.com\/","name":"lalmachine.com","description":"Brocante en ligne Suisse | Mobilier et objets d\u00e9co vintage et design","potentialAction":[{"@type":"SearchAction","target":{"@type":"EntryPoint","urlTemplate":"https:\/\/lalmachine.com\/?s={search_term_string}"},"query-input":{"@type":"PropertyValueSpecification","valueRequired":true,"valueName":"search_term_string"}}],"inLanguage":"de"}]}},"_links":{"self":[{"href":"https:\/\/lalmachine.com\/de\/wp-json\/wp\/v2\/product\/272995","targetHints":{"allow":["GET"]}}],"collection":[{"href":"https:\/\/lalmachine.com\/de\/wp-json\/wp\/v2\/product"}],"about":[{"href":"https:\/\/lalmachine.com\/de\/wp-json\/wp\/v2\/types\/product"}],"wp:featuredmedia":[{"embeddable":true,"href":"https:\/\/lalmachine.com\/de\/wp-json\/wp\/v2\/media\/320008"}],"wp:attachment":[{"href":"https:\/\/lalmachine.com\/de\/wp-json\/wp\/v2\/media?parent=272995"}],"wp:term":[{"taxonomy":"product_brand","embeddable":true,"href":"https:\/\/lalmachine.com\/de\/wp-json\/wp\/v2\/product_brand?post=272995"},{"taxonomy":"product_cat","embeddable":true,"href":"https:\/\/lalmachine.com\/de\/wp-json\/wp\/v2\/product_cat?post=272995"},{"taxonomy":"product_tag","embeddable":true,"href":"https:\/\/lalmachine.com\/de\/wp-json\/wp\/v2\/product_tag?post=272995"},{"taxonomy":"proximite","embeddable":true,"href":"https:\/\/lalmachine.com\/de\/wp-json\/wp\/v2\/proximite?post=272995"}],"curies":[{"name":"wp","href":"https:\/\/api.w.org\/{rel}","templated":true}]}}