{"id":273041,"date":"2022-05-19T15:52:18","date_gmt":"2022-05-19T13:52:18","guid":{"rendered":"https:\/\/lalmachine.com\/?post_type=product&#038;p=273041"},"modified":"2024-12-05T21:56:10","modified_gmt":"2024-12-05T20:56:10","slug":"table-basse-avec-mosaique-2","status":"publish","type":"product","link":"https:\/\/lalmachine.com\/de\/shop\/meubler\/table-basse-dappoint\/table-basse-avec-mosaique-2\/","title":{"rendered":"Table basse avec mosa\u00efque"},"content":{"rendered":"<ul class=\"wpuf_customs\"><li style=\"list-style-type:none;\"><label>Autres photos:<\/label> <a href=\"https:\/\/lalmachine.com\/wp-content\/uploads\/2022\/05\/A70C3996-84F3-4A09-9BF4-F1DBDF8701E2-56204005.jpeg\"><img loading=\"lazy\" decoding=\"async\" width=\"128\" height=\"96\" src=\"https:\/\/lalmachine.com\/wp-content\/uploads\/2022\/05\/A70C3996-84F3-4A09-9BF4-F1DBDF8701E2-56204005.jpeg\" class=\"attachment-thumbnail size-thumbnail\" alt=\"\" \/><\/a> <a href=\"https:\/\/lalmachine.com\/wp-content\/uploads\/2022\/05\/46757C8D-44FE-4C20-A8DB-30680AE18757-106cef5c.jpeg\"><img loading=\"lazy\" decoding=\"async\" width=\"128\" height=\"96\" src=\"https:\/\/lalmachine.com\/wp-content\/uploads\/2022\/05\/46757C8D-44FE-4C20-A8DB-30680AE18757-106cef5c.jpeg\" class=\"attachment-thumbnail size-thumbnail\" alt=\"\" \/><\/a> <a href=\"https:\/\/lalmachine.com\/wp-content\/uploads\/2022\/05\/9F999146-93BA-4E17-A2D2-233429220007-093e71fb.jpeg\"><img loading=\"lazy\" decoding=\"async\" width=\"128\" height=\"96\" src=\"https:\/\/lalmachine.com\/wp-content\/uploads\/2022\/05\/9F999146-93BA-4E17-A2D2-233429220007-093e71fb.jpeg\" class=\"attachment-thumbnail size-thumbnail\" alt=\"\" \/><\/a> <a href=\"https:\/\/lalmachine.com\/wp-content\/uploads\/2022\/05\/265C3B72-AD71-4787-BC77-644AE696A11A-e1f26771.jpeg\"><img loading=\"lazy\" decoding=\"async\" width=\"128\" height=\"96\" src=\"https:\/\/lalmachine.com\/wp-content\/uploads\/2022\/05\/265C3B72-AD71-4787-BC77-644AE696A11A-e1f26771.jpeg\" class=\"attachment-thumbnail size-thumbnail\" alt=\"\" \/><\/a> <a href=\"https:\/\/lalmachine.com\/wp-content\/uploads\/2022\/05\/E988098E-65E0-4BF6-BCA2-D168B6A752D3-b761ac8b.jpeg\"><img loading=\"lazy\" decoding=\"async\" width=\"128\" height=\"96\" src=\"https:\/\/lalmachine.com\/wp-content\/uploads\/2022\/05\/E988098E-65E0-4BF6-BCA2-D168B6A752D3-b761ac8b.jpeg\" class=\"attachment-thumbnail size-thumbnail\" alt=\"\" \/><\/a> <a href=\"https:\/\/lalmachine.com\/wp-content\/uploads\/2022\/05\/2A55CD38-30FB-403A-9483-14B319D6544F-1c0cc1c1-rotated.jpeg\"><img loading=\"lazy\" decoding=\"async\" width=\"72\" height=\"96\" src=\"https:\/\/lalmachine.com\/wp-content\/uploads\/2022\/05\/2A55CD38-30FB-403A-9483-14B319D6544F-1c0cc1c1-rotated.jpeg\" class=\"attachment-thumbnail size-thumbnail\" alt=\"\" \/><\/a> <a href=\"https:\/\/lalmachine.com\/wp-content\/uploads\/2022\/05\/5D010699-D886-48FD-9736-79374C3D20B5-7825a040.jpeg\"><img loading=\"lazy\" decoding=\"async\" width=\"128\" height=\"96\" src=\"https:\/\/lalmachine.com\/wp-content\/uploads\/2022\/05\/5D010699-D886-48FD-9736-79374C3D20B5-7825a040.jpeg\" class=\"attachment-thumbnail size-thumbnail\" alt=\"\" \/><\/a> <a href=\"https:\/\/lalmachine.com\/wp-content\/uploads\/2022\/05\/2ABCBB3D-2915-443C-A1BD-84994429D523-ecf402be.jpeg\"><img loading=\"lazy\" decoding=\"async\" width=\"128\" height=\"96\" src=\"https:\/\/lalmachine.com\/wp-content\/uploads\/2022\/05\/2ABCBB3D-2915-443C-A1BD-84994429D523-ecf402be.jpeg\" class=\"attachment-thumbnail size-thumbnail\" alt=\"\" \/><\/a> <\/li>        <li class=\"wpuf-field-data wpuf-field-data-numeric_text_field\">\n                            <label>Prix:<\/label>\n                        250        <\/li>\n                <li class=\"wpuf-field-data wpuf-field-data-numeric_text_field\">\n                            <label>Hauteur (cm):<\/label>\n                        50        <\/li>\n                <li class=\"wpuf-field-data wpuf-field-data-numeric_text_field\">\n                            <label>Largeur (cm):<\/label>\n                        112        <\/li>\n                <li class=\"wpuf-field-data wpuf-field-data-numeric_text_field\">\n                            <label>Profondeur (cm):<\/label>\n                        46        <\/li>\n        <\/ul>","protected":false},"excerpt":{"rendered":"<p>Table basse en bois recouverte de mosa\u00efque multicolore sur le dessus et comprenant un \u00e9tage inf\u00e9rieur constitu\u00e9 d\u2019un treillis cann\u00e9. L\u2019\u00e9tat g\u00e9n\u00e9ral de la table est assez bon compte tenu de son \u00e2ge. Elle n\u2019a que quelques l\u00e9g\u00e8res traces d\u2019utilisation et le cannage est intact.<\/p>\n<p>\u00c0 emporter \u00e0 Fribourg, ou livraison possible:<\/p>\n<p>&#8211; Berne: 30.-<br \/>\n&#8211; Lausanne: 50.-<br \/>\n&#8211; Gen\u00e8ve, Z\u00fcrich, B\u00e2le: 100.-<br \/>\n&#8211; autres lieux sur demande<\/p>","protected":false},"featured_media":273080,"template":"","meta":{"_et_pb_use_builder":"","_et_pb_old_content":"","_et_gb_content_width":""},"product_brand":[],"product_cat":[47,459],"product_tag":[],"proximite":[177,235],"class_list":{"0":"post-273041","1":"product","2":"type-product","3":"status-publish","4":"has-post-thumbnail","6":"product_cat-meubler","7":"product_cat-table-basse-dappoint","8":"pa_couleur-bois","9":"pa_etat-bon-etat","10":"pa_materiau-bois","11":"pa_style-vintage","12":"proximite-fribourg","13":"proximite-sarine","15":"first","16":"outofstock","17":"shipping-taxable","18":"purchasable","19":"product-type-simple"},"yoast_head":"<!-- This site is optimized with the Yoast SEO plugin v27.4 - https:\/\/yoast.com\/product\/yoast-seo-wordpress\/ -->\n<title>Table basse avec mosa\u00efque | lalmachine.com, mobilier et objets d\u00e9co vintage et design<\/title>\n<meta name=\"description\" content=\"Table basse en bois recouverte de mosa\u00efque multicolore sur le dessus et comprenant un \u00e9tage inf\u00e9rieur constitu\u00e9 d\u2019un treillis cann\u00e9.\" \/>\n<meta name=\"robots\" content=\"index, follow, max-snippet:-1, max-image-preview:large, max-video-preview:-1\" \/>\n<link rel=\"canonical\" href=\"https:\/\/lalmachine.com\/de\/shop\/meubler\/table-basse-dappoint\/table-basse-avec-mosaique-2\/\" \/>\n<meta property=\"og:locale\" content=\"de_DE\" \/>\n<meta property=\"og:type\" content=\"article\" \/>\n<meta property=\"og:title\" content=\"Table basse avec mosa\u00efque | lalmachine.com, mobilier et objets d\u00e9co vintage et design\" \/>\n<meta property=\"og:description\" content=\"Table basse en bois recouverte de mosa\u00efque multicolore sur le dessus et comprenant un \u00e9tage inf\u00e9rieur constitu\u00e9 d\u2019un treillis cann\u00e9.\" \/>\n<meta property=\"og:url\" content=\"https:\/\/lalmachine.com\/de\/shop\/meubler\/table-basse-dappoint\/table-basse-avec-mosaique-2\/\" \/>\n<meta property=\"og:site_name\" content=\"lalmachine.com\" \/>\n<meta property=\"article:publisher\" content=\"https:\/\/facebook.com\/lalmachine\" \/>\n<meta property=\"article:modified_time\" content=\"2024-12-05T20:56:10+00:00\" \/>\n<meta property=\"og:image\" content=\"https:\/\/lalmachine.com\/wp-content\/uploads\/2022\/05\/Pasted-20220519-153526_clipped_rev_1.jpeg\" \/>\n\t<meta property=\"og:image:width\" content=\"4409\" \/>\n\t<meta property=\"og:image:height\" content=\"4409\" \/>\n\t<meta property=\"og:image:type\" content=\"image\/jpeg\" \/>\n<meta name=\"twitter:card\" content=\"summary_large_image\" \/>\n<script type=\"application\/ld+json\" class=\"yoast-schema-graph\">{\"@context\":\"https:\\\/\\\/schema.org\",\"@graph\":[{\"@type\":\"WebPage\",\"@id\":\"https:\\\/\\\/lalmachine.com\\\/shop\\\/meubler\\\/table-basse-dappoint\\\/table-basse-avec-mosaique-2\\\/\",\"url\":\"https:\\\/\\\/lalmachine.com\\\/shop\\\/meubler\\\/table-basse-dappoint\\\/table-basse-avec-mosaique-2\\\/\",\"name\":\"Table basse avec mosa\u00efque | lalmachine.com, mobilier et objets d\u00e9co vintage et design\",\"isPartOf\":{\"@id\":\"https:\\\/\\\/lalmachine.com\\\/#website\"},\"primaryImageOfPage\":{\"@id\":\"https:\\\/\\\/lalmachine.com\\\/shop\\\/meubler\\\/table-basse-dappoint\\\/table-basse-avec-mosaique-2\\\/#primaryimage\"},\"image\":{\"@id\":\"https:\\\/\\\/lalmachine.com\\\/shop\\\/meubler\\\/table-basse-dappoint\\\/table-basse-avec-mosaique-2\\\/#primaryimage\"},\"thumbnailUrl\":\"https:\\\/\\\/lalmachine.com\\\/wp-content\\\/uploads\\\/2022\\\/05\\\/Pasted-20220519-153526_clipped_rev_1.jpeg\",\"datePublished\":\"2022-05-19T13:52:18+00:00\",\"dateModified\":\"2024-12-05T20:56:10+00:00\",\"description\":\"Table basse en bois recouverte de mosa\u00efque multicolore sur le dessus et comprenant un \u00e9tage inf\u00e9rieur constitu\u00e9 d\u2019un treillis cann\u00e9.\",\"breadcrumb\":{\"@id\":\"https:\\\/\\\/lalmachine.com\\\/shop\\\/meubler\\\/table-basse-dappoint\\\/table-basse-avec-mosaique-2\\\/#breadcrumb\"},\"inLanguage\":\"de\",\"potentialAction\":[{\"@type\":\"ReadAction\",\"target\":[\"https:\\\/\\\/lalmachine.com\\\/shop\\\/meubler\\\/table-basse-dappoint\\\/table-basse-avec-mosaique-2\\\/\"]}]},{\"@type\":\"ImageObject\",\"inLanguage\":\"de\",\"@id\":\"https:\\\/\\\/lalmachine.com\\\/shop\\\/meubler\\\/table-basse-dappoint\\\/table-basse-avec-mosaique-2\\\/#primaryimage\",\"url\":\"https:\\\/\\\/lalmachine.com\\\/wp-content\\\/uploads\\\/2022\\\/05\\\/Pasted-20220519-153526_clipped_rev_1.jpeg\",\"contentUrl\":\"https:\\\/\\\/lalmachine.com\\\/wp-content\\\/uploads\\\/2022\\\/05\\\/Pasted-20220519-153526_clipped_rev_1.jpeg\",\"width\":4409,\"height\":4409,\"caption\":\"Table basse avec mosa\u00efque\"},{\"@type\":\"BreadcrumbList\",\"@id\":\"https:\\\/\\\/lalmachine.com\\\/shop\\\/meubler\\\/table-basse-dappoint\\\/table-basse-avec-mosaique-2\\\/#breadcrumb\",\"itemListElement\":[{\"@type\":\"ListItem\",\"position\":1,\"name\":\"Accueil\",\"item\":\"https:\\\/\\\/lalmachine.com\\\/\"},{\"@type\":\"ListItem\",\"position\":2,\"name\":\"Shop\",\"item\":\"https:\\\/\\\/lalmachine.com\\\/shop\\\/\"},{\"@type\":\"ListItem\",\"position\":3,\"name\":\"Table basse avec mosa\u00efque\"}]},{\"@type\":\"WebSite\",\"@id\":\"https:\\\/\\\/lalmachine.com\\\/#website\",\"url\":\"https:\\\/\\\/lalmachine.com\\\/\",\"name\":\"lalmachine.com\",\"description\":\"Brocante en ligne Suisse | Mobilier et objets d\u00e9co vintage et design\",\"potentialAction\":[{\"@type\":\"SearchAction\",\"target\":{\"@type\":\"EntryPoint\",\"urlTemplate\":\"https:\\\/\\\/lalmachine.com\\\/?s={search_term_string}\"},\"query-input\":{\"@type\":\"PropertyValueSpecification\",\"valueRequired\":true,\"valueName\":\"search_term_string\"}}],\"inLanguage\":\"de\"}]}<\/script>\n<!-- \/ Yoast SEO plugin. -->","yoast_head_json":{"title":"Table basse avec mosa\u00efque | lalmachine.com, mobilier et objets d\u00e9co vintage et design","description":"Table basse en bois recouverte de mosa\u00efque multicolore sur le dessus et comprenant un \u00e9tage inf\u00e9rieur constitu\u00e9 d\u2019un treillis cann\u00e9.","robots":{"index":"index","follow":"follow","max-snippet":"max-snippet:-1","max-image-preview":"max-image-preview:large","max-video-preview":"max-video-preview:-1"},"canonical":"https:\/\/lalmachine.com\/de\/shop\/meubler\/table-basse-dappoint\/table-basse-avec-mosaique-2\/","og_locale":"de_DE","og_type":"article","og_title":"Table basse avec mosa\u00efque | lalmachine.com, mobilier et objets d\u00e9co vintage et design","og_description":"Table basse en bois recouverte de mosa\u00efque multicolore sur le dessus et comprenant un \u00e9tage inf\u00e9rieur constitu\u00e9 d\u2019un treillis cann\u00e9.","og_url":"https:\/\/lalmachine.com\/de\/shop\/meubler\/table-basse-dappoint\/table-basse-avec-mosaique-2\/","og_site_name":"lalmachine.com","article_publisher":"https:\/\/facebook.com\/lalmachine","article_modified_time":"2024-12-05T20:56:10+00:00","og_image":[{"width":4409,"height":4409,"url":"https:\/\/lalmachine.com\/wp-content\/uploads\/2022\/05\/Pasted-20220519-153526_clipped_rev_1.jpeg","type":"image\/jpeg"}],"twitter_card":"summary_large_image","schema":{"@context":"https:\/\/schema.org","@graph":[{"@type":"WebPage","@id":"https:\/\/lalmachine.com\/shop\/meubler\/table-basse-dappoint\/table-basse-avec-mosaique-2\/","url":"https:\/\/lalmachine.com\/shop\/meubler\/table-basse-dappoint\/table-basse-avec-mosaique-2\/","name":"Table basse avec mosa\u00efque | lalmachine.com, mobilier et objets d\u00e9co vintage et design","isPartOf":{"@id":"https:\/\/lalmachine.com\/#website"},"primaryImageOfPage":{"@id":"https:\/\/lalmachine.com\/shop\/meubler\/table-basse-dappoint\/table-basse-avec-mosaique-2\/#primaryimage"},"image":{"@id":"https:\/\/lalmachine.com\/shop\/meubler\/table-basse-dappoint\/table-basse-avec-mosaique-2\/#primaryimage"},"thumbnailUrl":"https:\/\/lalmachine.com\/wp-content\/uploads\/2022\/05\/Pasted-20220519-153526_clipped_rev_1.jpeg","datePublished":"2022-05-19T13:52:18+00:00","dateModified":"2024-12-05T20:56:10+00:00","description":"Table basse en bois recouverte de mosa\u00efque multicolore sur le dessus et comprenant un \u00e9tage inf\u00e9rieur constitu\u00e9 d\u2019un treillis cann\u00e9.","breadcrumb":{"@id":"https:\/\/lalmachine.com\/shop\/meubler\/table-basse-dappoint\/table-basse-avec-mosaique-2\/#breadcrumb"},"inLanguage":"de","potentialAction":[{"@type":"ReadAction","target":["https:\/\/lalmachine.com\/shop\/meubler\/table-basse-dappoint\/table-basse-avec-mosaique-2\/"]}]},{"@type":"ImageObject","inLanguage":"de","@id":"https:\/\/lalmachine.com\/shop\/meubler\/table-basse-dappoint\/table-basse-avec-mosaique-2\/#primaryimage","url":"https:\/\/lalmachine.com\/wp-content\/uploads\/2022\/05\/Pasted-20220519-153526_clipped_rev_1.jpeg","contentUrl":"https:\/\/lalmachine.com\/wp-content\/uploads\/2022\/05\/Pasted-20220519-153526_clipped_rev_1.jpeg","width":4409,"height":4409,"caption":"Table basse avec mosa\u00efque"},{"@type":"BreadcrumbList","@id":"https:\/\/lalmachine.com\/shop\/meubler\/table-basse-dappoint\/table-basse-avec-mosaique-2\/#breadcrumb","itemListElement":[{"@type":"ListItem","position":1,"name":"Accueil","item":"https:\/\/lalmachine.com\/"},{"@type":"ListItem","position":2,"name":"Shop","item":"https:\/\/lalmachine.com\/shop\/"},{"@type":"ListItem","position":3,"name":"Table basse avec mosa\u00efque"}]},{"@type":"WebSite","@id":"https:\/\/lalmachine.com\/#website","url":"https:\/\/lalmachine.com\/","name":"lalmachine.com","description":"Brocante en ligne Suisse | Mobilier et objets d\u00e9co vintage et design","potentialAction":[{"@type":"SearchAction","target":{"@type":"EntryPoint","urlTemplate":"https:\/\/lalmachine.com\/?s={search_term_string}"},"query-input":{"@type":"PropertyValueSpecification","valueRequired":true,"valueName":"search_term_string"}}],"inLanguage":"de"}]}},"_links":{"self":[{"href":"https:\/\/lalmachine.com\/de\/wp-json\/wp\/v2\/product\/273041","targetHints":{"allow":["GET"]}}],"collection":[{"href":"https:\/\/lalmachine.com\/de\/wp-json\/wp\/v2\/product"}],"about":[{"href":"https:\/\/lalmachine.com\/de\/wp-json\/wp\/v2\/types\/product"}],"wp:featuredmedia":[{"embeddable":true,"href":"https:\/\/lalmachine.com\/de\/wp-json\/wp\/v2\/media\/273080"}],"wp:attachment":[{"href":"https:\/\/lalmachine.com\/de\/wp-json\/wp\/v2\/media?parent=273041"}],"wp:term":[{"taxonomy":"product_brand","embeddable":true,"href":"https:\/\/lalmachine.com\/de\/wp-json\/wp\/v2\/product_brand?post=273041"},{"taxonomy":"product_cat","embeddable":true,"href":"https:\/\/lalmachine.com\/de\/wp-json\/wp\/v2\/product_cat?post=273041"},{"taxonomy":"product_tag","embeddable":true,"href":"https:\/\/lalmachine.com\/de\/wp-json\/wp\/v2\/product_tag?post=273041"},{"taxonomy":"proximite","embeddable":true,"href":"https:\/\/lalmachine.com\/de\/wp-json\/wp\/v2\/proximite?post=273041"}],"curies":[{"name":"wp","href":"https:\/\/api.w.org\/{rel}","templated":true}]}}