{"id":273123,"date":"2022-05-19T16:35:19","date_gmt":"2022-05-19T14:35:19","guid":{"rendered":"https:\/\/lalmachine.com\/?post_type=product&#038;p=273123"},"modified":"2024-12-05T21:56:10","modified_gmt":"2024-12-05T20:56:10","slug":"etagere-bibliotheque-en-bois","status":"publish","type":"product","link":"https:\/\/lalmachine.com\/de\/shop\/meubler\/meuble-de-rangement\/etagere-bibliotheque-en-bois\/","title":{"rendered":"\u00c9tag\u00e8re biblioth\u00e8que en bois"},"content":{"rendered":"<ul class=\"wpuf_customs\"><li style=\"list-style-type:none;\"><label>Autres photos:<\/label> <a href=\"https:\/\/lalmachine.com\/wp-content\/uploads\/2022\/05\/IMG20220511155500-b0cef2c7.jpg\"><img loading=\"lazy\" decoding=\"async\" width=\"72\" height=\"96\" src=\"https:\/\/lalmachine.com\/wp-content\/uploads\/2022\/05\/IMG20220511155500-b0cef2c7.jpg\" class=\"attachment-thumbnail size-thumbnail\" alt=\"\" \/><\/a> <a href=\"https:\/\/lalmachine.com\/wp-content\/uploads\/2022\/05\/IMG20220511160354-5b5e1498.jpg\"><img loading=\"lazy\" decoding=\"async\" width=\"72\" height=\"96\" src=\"https:\/\/lalmachine.com\/wp-content\/uploads\/2022\/05\/IMG20220511160354-5b5e1498.jpg\" class=\"attachment-thumbnail size-thumbnail\" alt=\"\" \/><\/a> <a href=\"https:\/\/lalmachine.com\/wp-content\/uploads\/2022\/05\/IMG20220511160432-991a35c1.jpg\"><img loading=\"lazy\" decoding=\"async\" width=\"72\" height=\"96\" src=\"https:\/\/lalmachine.com\/wp-content\/uploads\/2022\/05\/IMG20220511160432-991a35c1.jpg\" class=\"attachment-thumbnail size-thumbnail\" alt=\"\" \/><\/a> <a href=\"https:\/\/lalmachine.com\/wp-content\/uploads\/2022\/05\/IMG20220511160442-4dae75bb.jpg\"><img loading=\"lazy\" decoding=\"async\" width=\"72\" height=\"96\" src=\"https:\/\/lalmachine.com\/wp-content\/uploads\/2022\/05\/IMG20220511160442-4dae75bb.jpg\" class=\"attachment-thumbnail size-thumbnail\" alt=\"\" \/><\/a> <a href=\"https:\/\/lalmachine.com\/wp-content\/uploads\/2022\/05\/IMG20220511160529-684c317b.jpg\"><img loading=\"lazy\" decoding=\"async\" width=\"72\" height=\"96\" src=\"https:\/\/lalmachine.com\/wp-content\/uploads\/2022\/05\/IMG20220511160529-684c317b.jpg\" class=\"attachment-thumbnail size-thumbnail\" alt=\"\" \/><\/a> <a href=\"https:\/\/lalmachine.com\/wp-content\/uploads\/2022\/05\/IMG20220511160555-254a565e.jpg\"><img loading=\"lazy\" decoding=\"async\" width=\"72\" height=\"96\" src=\"https:\/\/lalmachine.com\/wp-content\/uploads\/2022\/05\/IMG20220511160555-254a565e.jpg\" class=\"attachment-thumbnail size-thumbnail\" alt=\"\" \/><\/a> <a href=\"https:\/\/lalmachine.com\/wp-content\/uploads\/2022\/05\/IMG20220511160606-3a517d5a.jpg\"><img loading=\"lazy\" decoding=\"async\" width=\"72\" height=\"96\" src=\"https:\/\/lalmachine.com\/wp-content\/uploads\/2022\/05\/IMG20220511160606-3a517d5a.jpg\" class=\"attachment-thumbnail size-thumbnail\" alt=\"\" \/><\/a> <a href=\"https:\/\/lalmachine.com\/wp-content\/uploads\/2022\/05\/IMG20220511160613-08ba7628.jpg\"><img loading=\"lazy\" decoding=\"async\" width=\"72\" height=\"96\" src=\"https:\/\/lalmachine.com\/wp-content\/uploads\/2022\/05\/IMG20220511160613-08ba7628.jpg\" class=\"attachment-thumbnail size-thumbnail\" alt=\"\" \/><\/a> <a href=\"https:\/\/lalmachine.com\/wp-content\/uploads\/2022\/05\/IMG20220511160647-f6c4d699.jpg\"><img loading=\"lazy\" decoding=\"async\" width=\"72\" height=\"96\" src=\"https:\/\/lalmachine.com\/wp-content\/uploads\/2022\/05\/IMG20220511160647-f6c4d699.jpg\" class=\"attachment-thumbnail size-thumbnail\" alt=\"\" \/><\/a> <a href=\"https:\/\/lalmachine.com\/wp-content\/uploads\/2022\/05\/IMG20220511160650-e1b3fb97.jpg\"><img loading=\"lazy\" decoding=\"async\" width=\"72\" height=\"96\" src=\"https:\/\/lalmachine.com\/wp-content\/uploads\/2022\/05\/IMG20220511160650-e1b3fb97.jpg\" class=\"attachment-thumbnail size-thumbnail\" alt=\"\" \/><\/a> <a href=\"https:\/\/lalmachine.com\/wp-content\/uploads\/2022\/05\/IMG20220511160708-b5077a56.jpg\"><img loading=\"lazy\" decoding=\"async\" width=\"72\" height=\"96\" src=\"https:\/\/lalmachine.com\/wp-content\/uploads\/2022\/05\/IMG20220511160708-b5077a56.jpg\" class=\"attachment-thumbnail size-thumbnail\" alt=\"\" \/><\/a> <a href=\"https:\/\/lalmachine.com\/wp-content\/uploads\/2022\/05\/IMG20220511160756-a9e50508.jpg\"><img loading=\"lazy\" decoding=\"async\" width=\"72\" height=\"96\" src=\"https:\/\/lalmachine.com\/wp-content\/uploads\/2022\/05\/IMG20220511160756-a9e50508.jpg\" class=\"attachment-thumbnail size-thumbnail\" alt=\"\" \/><\/a> <a href=\"https:\/\/lalmachine.com\/wp-content\/uploads\/2022\/05\/IMG20220511161035-358b4c9b.jpg\"><img loading=\"lazy\" decoding=\"async\" width=\"72\" height=\"96\" src=\"https:\/\/lalmachine.com\/wp-content\/uploads\/2022\/05\/IMG20220511161035-358b4c9b.jpg\" class=\"attachment-thumbnail size-thumbnail\" alt=\"\" \/><\/a> <\/li>        <li class=\"wpuf-field-data wpuf-field-data-numeric_text_field\">\n                            <label>Prix:<\/label>\n                        360        <\/li>\n                <li class=\"wpuf-field-data wpuf-field-data-numeric_text_field\">\n                            <label>Hauteur (cm):<\/label>\n                        150        <\/li>\n                <li class=\"wpuf-field-data wpuf-field-data-numeric_text_field\">\n                            <label>Largeur (cm):<\/label>\n                        120        <\/li>\n                <li class=\"wpuf-field-data wpuf-field-data-numeric_text_field\">\n                            <label>Profondeur (cm):<\/label>\n                        25        <\/li>\n        <\/ul>","protected":false},"excerpt":{"rendered":"<p>\u00c9tag\u00e8re biblioth\u00e8que vintage des ann\u00e9es 50\/60 de tr\u00e8s probable fabrication suisse. Dot\u00e9e de 4 tablars en bois qui peuvent \u00eatre positionn\u00e9es \u00e0 la hauteur d\u00e9sir\u00e9e. Quelques traces d&rsquo;usure sur le bois (voir photos) mais stable et solide et \u00e9l\u00e9gant avec ses bords arrondis.<\/p>\n<p>Livraison possible (sous 14 jours) :<br \/>\n\u2013 Berne : 30 CHF<br \/>\n\u2013 Lausanne : 50 CHF<br \/>\n\u2013 Gen\u00e8ve, Z\u00fcrich : 100 CHF<br \/>\n\u2013 Autres villes sur demande<\/p>","protected":false},"featured_media":273109,"template":"","meta":{"_et_pb_use_builder":"","_et_pb_old_content":"","_et_gb_content_width":""},"product_brand":[],"product_cat":[83,47],"product_tag":[],"proximite":[177,235],"class_list":{"0":"post-273123","1":"product","2":"type-product","3":"status-publish","4":"has-post-thumbnail","6":"product_cat-meuble-de-rangement","7":"product_cat-meubler","8":"pa_couleur-bois","9":"pa_etat-bon-etat","10":"pa_materiau-bois","11":"pa_style-vintage","12":"proximite-fribourg","13":"proximite-sarine","15":"first","16":"outofstock","17":"shipping-taxable","18":"purchasable","19":"product-type-simple"},"yoast_head":"<!-- This site is optimized with the Yoast SEO plugin v27.4 - https:\/\/yoast.com\/product\/yoast-seo-wordpress\/ -->\n<title>\u00c9tag\u00e8re biblioth\u00e8que en bois | lalmachine.com, mobilier et objets d\u00e9co vintage et design<\/title>\n<meta name=\"description\" content=\"\u00c9tag\u00e8re biblioth\u00e8que vintage des ann\u00e9es 50\/60 de probable fabrication suisse.\" \/>\n<meta name=\"robots\" content=\"index, follow, max-snippet:-1, max-image-preview:large, max-video-preview:-1\" \/>\n<link rel=\"canonical\" href=\"https:\/\/lalmachine.com\/de\/shop\/meubler\/meuble-de-rangement\/etagere-bibliotheque-en-bois\/\" \/>\n<meta property=\"og:locale\" content=\"de_DE\" \/>\n<meta property=\"og:type\" content=\"article\" \/>\n<meta property=\"og:title\" content=\"\u00c9tag\u00e8re biblioth\u00e8que en bois | lalmachine.com, mobilier et objets d\u00e9co vintage et design\" \/>\n<meta property=\"og:description\" content=\"\u00c9tag\u00e8re biblioth\u00e8que vintage des ann\u00e9es 50\/60 de probable fabrication suisse.\" \/>\n<meta property=\"og:url\" content=\"https:\/\/lalmachine.com\/de\/shop\/meubler\/meuble-de-rangement\/etagere-bibliotheque-en-bois\/\" \/>\n<meta property=\"og:site_name\" content=\"lalmachine.com\" \/>\n<meta property=\"article:publisher\" content=\"https:\/\/facebook.com\/lalmachine\" \/>\n<meta property=\"article:modified_time\" content=\"2024-12-05T20:56:10+00:00\" \/>\n<meta property=\"og:image\" content=\"https:\/\/lalmachine.com\/wp-content\/uploads\/2022\/05\/IMG20220511160354_clipped_rev_1-5bbecbaa.jpeg\" \/>\n\t<meta property=\"og:image:width\" content=\"3145\" \/>\n\t<meta property=\"og:image:height\" content=\"3145\" \/>\n\t<meta property=\"og:image:type\" content=\"image\/jpeg\" \/>\n<meta name=\"twitter:card\" content=\"summary_large_image\" \/>\n<script type=\"application\/ld+json\" class=\"yoast-schema-graph\">{\"@context\":\"https:\\\/\\\/schema.org\",\"@graph\":[{\"@type\":\"WebPage\",\"@id\":\"https:\\\/\\\/lalmachine.com\\\/de\\\/shop\\\/meubler\\\/meuble-de-rangement\\\/etagere-bibliotheque-en-bois\\\/\",\"url\":\"https:\\\/\\\/lalmachine.com\\\/de\\\/shop\\\/meubler\\\/meuble-de-rangement\\\/etagere-bibliotheque-en-bois\\\/\",\"name\":\"\u00c9tag\u00e8re biblioth\u00e8que en bois | lalmachine.com, mobilier et objets d\u00e9co vintage et design\",\"isPartOf\":{\"@id\":\"https:\\\/\\\/lalmachine.com\\\/#website\"},\"primaryImageOfPage\":{\"@id\":\"https:\\\/\\\/lalmachine.com\\\/de\\\/shop\\\/meubler\\\/meuble-de-rangement\\\/etagere-bibliotheque-en-bois\\\/#primaryimage\"},\"image\":{\"@id\":\"https:\\\/\\\/lalmachine.com\\\/de\\\/shop\\\/meubler\\\/meuble-de-rangement\\\/etagere-bibliotheque-en-bois\\\/#primaryimage\"},\"thumbnailUrl\":\"https:\\\/\\\/lalmachine.com\\\/wp-content\\\/uploads\\\/2022\\\/05\\\/IMG20220511160354_clipped_rev_1-5bbecbaa.jpeg\",\"datePublished\":\"2022-05-19T14:35:19+00:00\",\"dateModified\":\"2024-12-05T20:56:10+00:00\",\"description\":\"\u00c9tag\u00e8re biblioth\u00e8que vintage des ann\u00e9es 50\\\/60 de probable fabrication suisse.\",\"breadcrumb\":{\"@id\":\"https:\\\/\\\/lalmachine.com\\\/de\\\/shop\\\/meubler\\\/meuble-de-rangement\\\/etagere-bibliotheque-en-bois\\\/#breadcrumb\"},\"inLanguage\":\"de\",\"potentialAction\":[{\"@type\":\"ReadAction\",\"target\":[\"https:\\\/\\\/lalmachine.com\\\/de\\\/shop\\\/meubler\\\/meuble-de-rangement\\\/etagere-bibliotheque-en-bois\\\/\"]}]},{\"@type\":\"ImageObject\",\"inLanguage\":\"de\",\"@id\":\"https:\\\/\\\/lalmachine.com\\\/de\\\/shop\\\/meubler\\\/meuble-de-rangement\\\/etagere-bibliotheque-en-bois\\\/#primaryimage\",\"url\":\"https:\\\/\\\/lalmachine.com\\\/wp-content\\\/uploads\\\/2022\\\/05\\\/IMG20220511160354_clipped_rev_1-5bbecbaa.jpeg\",\"contentUrl\":\"https:\\\/\\\/lalmachine.com\\\/wp-content\\\/uploads\\\/2022\\\/05\\\/IMG20220511160354_clipped_rev_1-5bbecbaa.jpeg\",\"width\":3145,\"height\":3145,\"caption\":\"\u00c9tag\u00e8re biblioth\u00e8que vintage\"},{\"@type\":\"BreadcrumbList\",\"@id\":\"https:\\\/\\\/lalmachine.com\\\/de\\\/shop\\\/meubler\\\/meuble-de-rangement\\\/etagere-bibliotheque-en-bois\\\/#breadcrumb\",\"itemListElement\":[{\"@type\":\"ListItem\",\"position\":1,\"name\":\"Accueil\",\"item\":\"https:\\\/\\\/lalmachine.com\\\/\"},{\"@type\":\"ListItem\",\"position\":2,\"name\":\"Shop\",\"item\":\"https:\\\/\\\/lalmachine.com\\\/shop\\\/\"},{\"@type\":\"ListItem\",\"position\":3,\"name\":\"\u00c9tag\u00e8re biblioth\u00e8que en bois\"}]},{\"@type\":\"WebSite\",\"@id\":\"https:\\\/\\\/lalmachine.com\\\/#website\",\"url\":\"https:\\\/\\\/lalmachine.com\\\/\",\"name\":\"lalmachine.com\",\"description\":\"Brocante en ligne Suisse | Mobilier et objets d\u00e9co vintage et design\",\"potentialAction\":[{\"@type\":\"SearchAction\",\"target\":{\"@type\":\"EntryPoint\",\"urlTemplate\":\"https:\\\/\\\/lalmachine.com\\\/?s={search_term_string}\"},\"query-input\":{\"@type\":\"PropertyValueSpecification\",\"valueRequired\":true,\"valueName\":\"search_term_string\"}}],\"inLanguage\":\"de\"}]}<\/script>\n<!-- \/ Yoast SEO plugin. -->","yoast_head_json":{"title":"\u00c9tag\u00e8re biblioth\u00e8que en bois | lalmachine.com, mobilier et objets d\u00e9co vintage et design","description":"\u00c9tag\u00e8re biblioth\u00e8que vintage des ann\u00e9es 50\/60 de probable fabrication suisse.","robots":{"index":"index","follow":"follow","max-snippet":"max-snippet:-1","max-image-preview":"max-image-preview:large","max-video-preview":"max-video-preview:-1"},"canonical":"https:\/\/lalmachine.com\/de\/shop\/meubler\/meuble-de-rangement\/etagere-bibliotheque-en-bois\/","og_locale":"de_DE","og_type":"article","og_title":"\u00c9tag\u00e8re biblioth\u00e8que en bois | lalmachine.com, mobilier et objets d\u00e9co vintage et design","og_description":"\u00c9tag\u00e8re biblioth\u00e8que vintage des ann\u00e9es 50\/60 de probable fabrication suisse.","og_url":"https:\/\/lalmachine.com\/de\/shop\/meubler\/meuble-de-rangement\/etagere-bibliotheque-en-bois\/","og_site_name":"lalmachine.com","article_publisher":"https:\/\/facebook.com\/lalmachine","article_modified_time":"2024-12-05T20:56:10+00:00","og_image":[{"width":3145,"height":3145,"url":"https:\/\/lalmachine.com\/wp-content\/uploads\/2022\/05\/IMG20220511160354_clipped_rev_1-5bbecbaa.jpeg","type":"image\/jpeg"}],"twitter_card":"summary_large_image","schema":{"@context":"https:\/\/schema.org","@graph":[{"@type":"WebPage","@id":"https:\/\/lalmachine.com\/de\/shop\/meubler\/meuble-de-rangement\/etagere-bibliotheque-en-bois\/","url":"https:\/\/lalmachine.com\/de\/shop\/meubler\/meuble-de-rangement\/etagere-bibliotheque-en-bois\/","name":"\u00c9tag\u00e8re biblioth\u00e8que en bois | lalmachine.com, mobilier et objets d\u00e9co vintage et design","isPartOf":{"@id":"https:\/\/lalmachine.com\/#website"},"primaryImageOfPage":{"@id":"https:\/\/lalmachine.com\/de\/shop\/meubler\/meuble-de-rangement\/etagere-bibliotheque-en-bois\/#primaryimage"},"image":{"@id":"https:\/\/lalmachine.com\/de\/shop\/meubler\/meuble-de-rangement\/etagere-bibliotheque-en-bois\/#primaryimage"},"thumbnailUrl":"https:\/\/lalmachine.com\/wp-content\/uploads\/2022\/05\/IMG20220511160354_clipped_rev_1-5bbecbaa.jpeg","datePublished":"2022-05-19T14:35:19+00:00","dateModified":"2024-12-05T20:56:10+00:00","description":"\u00c9tag\u00e8re biblioth\u00e8que vintage des ann\u00e9es 50\/60 de probable fabrication suisse.","breadcrumb":{"@id":"https:\/\/lalmachine.com\/de\/shop\/meubler\/meuble-de-rangement\/etagere-bibliotheque-en-bois\/#breadcrumb"},"inLanguage":"de","potentialAction":[{"@type":"ReadAction","target":["https:\/\/lalmachine.com\/de\/shop\/meubler\/meuble-de-rangement\/etagere-bibliotheque-en-bois\/"]}]},{"@type":"ImageObject","inLanguage":"de","@id":"https:\/\/lalmachine.com\/de\/shop\/meubler\/meuble-de-rangement\/etagere-bibliotheque-en-bois\/#primaryimage","url":"https:\/\/lalmachine.com\/wp-content\/uploads\/2022\/05\/IMG20220511160354_clipped_rev_1-5bbecbaa.jpeg","contentUrl":"https:\/\/lalmachine.com\/wp-content\/uploads\/2022\/05\/IMG20220511160354_clipped_rev_1-5bbecbaa.jpeg","width":3145,"height":3145,"caption":"\u00c9tag\u00e8re biblioth\u00e8que vintage"},{"@type":"BreadcrumbList","@id":"https:\/\/lalmachine.com\/de\/shop\/meubler\/meuble-de-rangement\/etagere-bibliotheque-en-bois\/#breadcrumb","itemListElement":[{"@type":"ListItem","position":1,"name":"Accueil","item":"https:\/\/lalmachine.com\/"},{"@type":"ListItem","position":2,"name":"Shop","item":"https:\/\/lalmachine.com\/shop\/"},{"@type":"ListItem","position":3,"name":"\u00c9tag\u00e8re biblioth\u00e8que en bois"}]},{"@type":"WebSite","@id":"https:\/\/lalmachine.com\/#website","url":"https:\/\/lalmachine.com\/","name":"lalmachine.com","description":"Brocante en ligne Suisse | Mobilier et objets d\u00e9co vintage et design","potentialAction":[{"@type":"SearchAction","target":{"@type":"EntryPoint","urlTemplate":"https:\/\/lalmachine.com\/?s={search_term_string}"},"query-input":{"@type":"PropertyValueSpecification","valueRequired":true,"valueName":"search_term_string"}}],"inLanguage":"de"}]}},"_links":{"self":[{"href":"https:\/\/lalmachine.com\/de\/wp-json\/wp\/v2\/product\/273123","targetHints":{"allow":["GET"]}}],"collection":[{"href":"https:\/\/lalmachine.com\/de\/wp-json\/wp\/v2\/product"}],"about":[{"href":"https:\/\/lalmachine.com\/de\/wp-json\/wp\/v2\/types\/product"}],"wp:featuredmedia":[{"embeddable":true,"href":"https:\/\/lalmachine.com\/de\/wp-json\/wp\/v2\/media\/273109"}],"wp:attachment":[{"href":"https:\/\/lalmachine.com\/de\/wp-json\/wp\/v2\/media?parent=273123"}],"wp:term":[{"taxonomy":"product_brand","embeddable":true,"href":"https:\/\/lalmachine.com\/de\/wp-json\/wp\/v2\/product_brand?post=273123"},{"taxonomy":"product_cat","embeddable":true,"href":"https:\/\/lalmachine.com\/de\/wp-json\/wp\/v2\/product_cat?post=273123"},{"taxonomy":"product_tag","embeddable":true,"href":"https:\/\/lalmachine.com\/de\/wp-json\/wp\/v2\/product_tag?post=273123"},{"taxonomy":"proximite","embeddable":true,"href":"https:\/\/lalmachine.com\/de\/wp-json\/wp\/v2\/proximite?post=273123"}],"curies":[{"name":"wp","href":"https:\/\/api.w.org\/{rel}","templated":true}]}}