{"id":273637,"date":"2022-05-23T08:36:29","date_gmt":"2022-05-23T06:36:29","guid":{"rendered":"https:\/\/lalmachine.com\/?post_type=product&#038;p=273637"},"modified":"2024-12-05T21:56:13","modified_gmt":"2024-12-05T20:56:13","slug":"desserte-a-roulettes-en-bois-et-cannage","status":"publish","type":"product","link":"https:\/\/lalmachine.com\/de\/shop\/meubler\/desserte\/desserte-a-roulettes-en-bois-et-cannage\/","title":{"rendered":"Desserte \u00e0 roulettes en bois et cannage"},"content":{"rendered":"<ul class=\"wpuf_customs\"><li style=\"list-style-type:none;\"><label>Autres photos:<\/label> <a href=\"https:\/\/lalmachine.com\/wp-content\/uploads\/2022\/05\/C857ED64-5987-4F15-99FD-F750C22D4C21-426b12f6.jpeg\"><img loading=\"lazy\" decoding=\"async\" width=\"72\" height=\"96\" src=\"https:\/\/lalmachine.com\/wp-content\/uploads\/2022\/05\/C857ED64-5987-4F15-99FD-F750C22D4C21-426b12f6.jpeg\" class=\"attachment-thumbnail size-thumbnail\" alt=\"\" \/><\/a> <a href=\"https:\/\/lalmachine.com\/wp-content\/uploads\/2022\/05\/6ED5BD0B-DC60-43C5-876B-0EDE963F7DD5-8319e3a2.jpeg\"><img loading=\"lazy\" decoding=\"async\" width=\"72\" height=\"96\" src=\"https:\/\/lalmachine.com\/wp-content\/uploads\/2022\/05\/6ED5BD0B-DC60-43C5-876B-0EDE963F7DD5-8319e3a2.jpeg\" class=\"attachment-thumbnail size-thumbnail\" alt=\"\" \/><\/a> <a href=\"https:\/\/lalmachine.com\/wp-content\/uploads\/2022\/05\/0A178644-60C5-4244-B152-1CAC9E5AE72E-da41b118.jpeg\"><img loading=\"lazy\" decoding=\"async\" width=\"72\" height=\"96\" src=\"https:\/\/lalmachine.com\/wp-content\/uploads\/2022\/05\/0A178644-60C5-4244-B152-1CAC9E5AE72E-da41b118.jpeg\" class=\"attachment-thumbnail size-thumbnail\" alt=\"\" \/><\/a> <a href=\"https:\/\/lalmachine.com\/wp-content\/uploads\/2022\/05\/785B0977-1849-4105-AE00-F3CAB344AD7A-0eff3ab3.jpeg\"><img loading=\"lazy\" decoding=\"async\" width=\"72\" height=\"96\" src=\"https:\/\/lalmachine.com\/wp-content\/uploads\/2022\/05\/785B0977-1849-4105-AE00-F3CAB344AD7A-0eff3ab3.jpeg\" class=\"attachment-thumbnail size-thumbnail\" alt=\"\" \/><\/a> <a href=\"https:\/\/lalmachine.com\/wp-content\/uploads\/2022\/05\/7D0D7E12-67E9-433C-9334-D09CD6395E10-cbf43ab8.jpeg\"><img loading=\"lazy\" decoding=\"async\" width=\"72\" height=\"96\" src=\"https:\/\/lalmachine.com\/wp-content\/uploads\/2022\/05\/7D0D7E12-67E9-433C-9334-D09CD6395E10-cbf43ab8.jpeg\" class=\"attachment-thumbnail size-thumbnail\" alt=\"\" \/><\/a> <a href=\"https:\/\/lalmachine.com\/wp-content\/uploads\/2022\/05\/F23ACA3E-068C-49FD-89D3-34BF4800FB7D-a58a84a0.jpeg\"><img loading=\"lazy\" decoding=\"async\" width=\"72\" height=\"96\" src=\"https:\/\/lalmachine.com\/wp-content\/uploads\/2022\/05\/F23ACA3E-068C-49FD-89D3-34BF4800FB7D-a58a84a0.jpeg\" class=\"attachment-thumbnail size-thumbnail\" alt=\"\" \/><\/a> <a href=\"https:\/\/lalmachine.com\/wp-content\/uploads\/2022\/05\/8D16A1ED-1C86-4C45-90BF-FCC3E4B7D052-de5728be.jpeg\"><img loading=\"lazy\" decoding=\"async\" width=\"72\" height=\"96\" src=\"https:\/\/lalmachine.com\/wp-content\/uploads\/2022\/05\/8D16A1ED-1C86-4C45-90BF-FCC3E4B7D052-de5728be.jpeg\" class=\"attachment-thumbnail size-thumbnail\" alt=\"\" \/><\/a> <a href=\"https:\/\/lalmachine.com\/wp-content\/uploads\/2022\/05\/B82E028F-AE6A-49B4-81AD-41526CACAEBB-5b848b45.jpeg\"><img loading=\"lazy\" decoding=\"async\" width=\"72\" height=\"96\" src=\"https:\/\/lalmachine.com\/wp-content\/uploads\/2022\/05\/B82E028F-AE6A-49B4-81AD-41526CACAEBB-5b848b45.jpeg\" class=\"attachment-thumbnail size-thumbnail\" alt=\"\" \/><\/a> <\/li>        <li class=\"wpuf-field-data wpuf-field-data-numeric_text_field\">\n                            <label>Prix:<\/label>\n                        120        <\/li>\n                <li class=\"wpuf-field-data wpuf-field-data-numeric_text_field\">\n                            <label>Hauteur (cm):<\/label>\n                        66        <\/li>\n                <li class=\"wpuf-field-data wpuf-field-data-numeric_text_field\">\n                            <label>Largeur (cm):<\/label>\n                        70        <\/li>\n                <li class=\"wpuf-field-data wpuf-field-data-numeric_text_field\">\n                            <label>Profondeur (cm):<\/label>\n                        44        <\/li>\n        <\/ul>","protected":false},"excerpt":{"rendered":"<p>Tr\u00e8s belle desserte \u00e0 roulettes en bois et cannage.<br \/>\nPlateau sup\u00e9rieur en verre. Tr\u00e8s bel \u00e9tat. Juste \u00e0 signaler quelques traces d&rsquo;usures sur le plateau inf\u00e9rieur et un pied r\u00e9par\u00e9.<br \/>\nFonctionnel et tr\u00e8s stable.<\/p>","protected":false},"featured_media":273649,"template":"","meta":{"_et_pb_use_builder":"","_et_pb_old_content":"","_et_gb_content_width":""},"product_brand":[],"product_cat":[460,47],"product_tag":[],"proximite":[282,179],"class_list":{"0":"post-273637","1":"product","2":"type-product","3":"status-publish","4":"has-post-thumbnail","6":"product_cat-desserte","7":"product_cat-meubler","8":"pa_couleur-bois","9":"pa_etat-bon-etat","10":"pa_materiau-bois","11":"pa_style-vintage","12":"proximite-ouest-lausannois","13":"proximite-vaud","15":"first","16":"outofstock","17":"shipping-taxable","18":"purchasable","19":"product-type-simple"},"yoast_head":"<!-- This site is optimized with the Yoast SEO plugin v27.4 - https:\/\/yoast.com\/product\/yoast-seo-wordpress\/ -->\n<title>Desserte \u00e0 roulettes en bois et cannage | lalmachine.com, mobilier et objets d\u00e9co vintage et design<\/title>\n<meta name=\"description\" content=\"Tr\u00e8s belle desserte \u00e0 roulettes en bois et cannage.Plateau sup\u00e9rieur en verre. Tr\u00e8s bel \u00e9tat. Juste \u00e0 signaler quelques traces d&#039;usures sur le plateau inf\u00e9rieur et un pied r\u00e9par\u00e9.Fonctionnel et tr\u00e8s stable.\" \/>\n<meta name=\"robots\" content=\"index, follow, max-snippet:-1, max-image-preview:large, max-video-preview:-1\" \/>\n<link rel=\"canonical\" href=\"https:\/\/lalmachine.com\/de\/shop\/meubler\/desserte\/desserte-a-roulettes-en-bois-et-cannage\/\" \/>\n<meta property=\"og:locale\" content=\"de_DE\" \/>\n<meta property=\"og:type\" content=\"article\" \/>\n<meta property=\"og:title\" content=\"Desserte \u00e0 roulettes en bois et cannage | lalmachine.com, mobilier et objets d\u00e9co vintage et design\" \/>\n<meta property=\"og:description\" content=\"Tr\u00e8s belle desserte \u00e0 roulettes en bois et cannage.Plateau sup\u00e9rieur en verre. Tr\u00e8s bel \u00e9tat. Juste \u00e0 signaler quelques traces d&#039;usures sur le plateau inf\u00e9rieur et un pied r\u00e9par\u00e9.Fonctionnel et tr\u00e8s stable.\" \/>\n<meta property=\"og:url\" content=\"https:\/\/lalmachine.com\/de\/shop\/meubler\/desserte\/desserte-a-roulettes-en-bois-et-cannage\/\" \/>\n<meta property=\"og:site_name\" content=\"lalmachine.com\" \/>\n<meta property=\"article:publisher\" content=\"https:\/\/facebook.com\/lalmachine\" \/>\n<meta property=\"article:modified_time\" content=\"2024-12-05T20:56:13+00:00\" \/>\n<meta property=\"og:image\" content=\"https:\/\/lalmachine.com\/wp-content\/uploads\/2022\/05\/Pasted-20220523-082227_clipped_rev_1.jpeg\" \/>\n\t<meta property=\"og:image:width\" content=\"4223\" \/>\n\t<meta property=\"og:image:height\" content=\"4223\" \/>\n\t<meta property=\"og:image:type\" content=\"image\/jpeg\" \/>\n<meta name=\"twitter:card\" content=\"summary_large_image\" \/>\n<script type=\"application\/ld+json\" class=\"yoast-schema-graph\">{\"@context\":\"https:\\\/\\\/schema.org\",\"@graph\":[{\"@type\":\"WebPage\",\"@id\":\"https:\\\/\\\/lalmachine.com\\\/shop\\\/meubler\\\/desserte\\\/desserte-a-roulettes-en-bois-et-cannage\\\/\",\"url\":\"https:\\\/\\\/lalmachine.com\\\/shop\\\/meubler\\\/desserte\\\/desserte-a-roulettes-en-bois-et-cannage\\\/\",\"name\":\"Desserte \u00e0 roulettes en bois et cannage | lalmachine.com, mobilier et objets d\u00e9co vintage et design\",\"isPartOf\":{\"@id\":\"https:\\\/\\\/lalmachine.com\\\/#website\"},\"primaryImageOfPage\":{\"@id\":\"https:\\\/\\\/lalmachine.com\\\/shop\\\/meubler\\\/desserte\\\/desserte-a-roulettes-en-bois-et-cannage\\\/#primaryimage\"},\"image\":{\"@id\":\"https:\\\/\\\/lalmachine.com\\\/shop\\\/meubler\\\/desserte\\\/desserte-a-roulettes-en-bois-et-cannage\\\/#primaryimage\"},\"thumbnailUrl\":\"https:\\\/\\\/lalmachine.com\\\/wp-content\\\/uploads\\\/2022\\\/05\\\/Pasted-20220523-082227_clipped_rev_1.jpeg\",\"datePublished\":\"2022-05-23T06:36:29+00:00\",\"dateModified\":\"2024-12-05T20:56:13+00:00\",\"description\":\"Tr\u00e8s belle desserte \u00e0 roulettes en bois et cannage.Plateau sup\u00e9rieur en verre. Tr\u00e8s bel \u00e9tat. Juste \u00e0 signaler quelques traces d'usures sur le plateau inf\u00e9rieur et un pied r\u00e9par\u00e9.Fonctionnel et tr\u00e8s stable.\",\"breadcrumb\":{\"@id\":\"https:\\\/\\\/lalmachine.com\\\/shop\\\/meubler\\\/desserte\\\/desserte-a-roulettes-en-bois-et-cannage\\\/#breadcrumb\"},\"inLanguage\":\"de\",\"potentialAction\":[{\"@type\":\"ReadAction\",\"target\":[\"https:\\\/\\\/lalmachine.com\\\/shop\\\/meubler\\\/desserte\\\/desserte-a-roulettes-en-bois-et-cannage\\\/\"]}]},{\"@type\":\"ImageObject\",\"inLanguage\":\"de\",\"@id\":\"https:\\\/\\\/lalmachine.com\\\/shop\\\/meubler\\\/desserte\\\/desserte-a-roulettes-en-bois-et-cannage\\\/#primaryimage\",\"url\":\"https:\\\/\\\/lalmachine.com\\\/wp-content\\\/uploads\\\/2022\\\/05\\\/Pasted-20220523-082227_clipped_rev_1.jpeg\",\"contentUrl\":\"https:\\\/\\\/lalmachine.com\\\/wp-content\\\/uploads\\\/2022\\\/05\\\/Pasted-20220523-082227_clipped_rev_1.jpeg\",\"width\":4223,\"height\":4223,\"caption\":\"Desserte \u00e0 roulettes en bois et cannage\"},{\"@type\":\"BreadcrumbList\",\"@id\":\"https:\\\/\\\/lalmachine.com\\\/shop\\\/meubler\\\/desserte\\\/desserte-a-roulettes-en-bois-et-cannage\\\/#breadcrumb\",\"itemListElement\":[{\"@type\":\"ListItem\",\"position\":1,\"name\":\"Accueil\",\"item\":\"https:\\\/\\\/lalmachine.com\\\/\"},{\"@type\":\"ListItem\",\"position\":2,\"name\":\"Shop\",\"item\":\"https:\\\/\\\/lalmachine.com\\\/shop\\\/\"},{\"@type\":\"ListItem\",\"position\":3,\"name\":\"Desserte \u00e0 roulettes en bois et cannage\"}]},{\"@type\":\"WebSite\",\"@id\":\"https:\\\/\\\/lalmachine.com\\\/#website\",\"url\":\"https:\\\/\\\/lalmachine.com\\\/\",\"name\":\"lalmachine.com\",\"description\":\"Brocante en ligne Suisse | Mobilier et objets d\u00e9co vintage et design\",\"potentialAction\":[{\"@type\":\"SearchAction\",\"target\":{\"@type\":\"EntryPoint\",\"urlTemplate\":\"https:\\\/\\\/lalmachine.com\\\/?s={search_term_string}\"},\"query-input\":{\"@type\":\"PropertyValueSpecification\",\"valueRequired\":true,\"valueName\":\"search_term_string\"}}],\"inLanguage\":\"de\"}]}<\/script>\n<!-- \/ Yoast SEO plugin. -->","yoast_head_json":{"title":"Desserte \u00e0 roulettes en bois et cannage | lalmachine.com, mobilier et objets d\u00e9co vintage et design","description":"Tr\u00e8s belle desserte \u00e0 roulettes en bois et cannage.Plateau sup\u00e9rieur en verre. Tr\u00e8s bel \u00e9tat. Juste \u00e0 signaler quelques traces d'usures sur le plateau inf\u00e9rieur et un pied r\u00e9par\u00e9.Fonctionnel et tr\u00e8s stable.","robots":{"index":"index","follow":"follow","max-snippet":"max-snippet:-1","max-image-preview":"max-image-preview:large","max-video-preview":"max-video-preview:-1"},"canonical":"https:\/\/lalmachine.com\/de\/shop\/meubler\/desserte\/desserte-a-roulettes-en-bois-et-cannage\/","og_locale":"de_DE","og_type":"article","og_title":"Desserte \u00e0 roulettes en bois et cannage | lalmachine.com, mobilier et objets d\u00e9co vintage et design","og_description":"Tr\u00e8s belle desserte \u00e0 roulettes en bois et cannage.Plateau sup\u00e9rieur en verre. Tr\u00e8s bel \u00e9tat. Juste \u00e0 signaler quelques traces d'usures sur le plateau inf\u00e9rieur et un pied r\u00e9par\u00e9.Fonctionnel et tr\u00e8s stable.","og_url":"https:\/\/lalmachine.com\/de\/shop\/meubler\/desserte\/desserte-a-roulettes-en-bois-et-cannage\/","og_site_name":"lalmachine.com","article_publisher":"https:\/\/facebook.com\/lalmachine","article_modified_time":"2024-12-05T20:56:13+00:00","og_image":[{"width":4223,"height":4223,"url":"https:\/\/lalmachine.com\/wp-content\/uploads\/2022\/05\/Pasted-20220523-082227_clipped_rev_1.jpeg","type":"image\/jpeg"}],"twitter_card":"summary_large_image","schema":{"@context":"https:\/\/schema.org","@graph":[{"@type":"WebPage","@id":"https:\/\/lalmachine.com\/shop\/meubler\/desserte\/desserte-a-roulettes-en-bois-et-cannage\/","url":"https:\/\/lalmachine.com\/shop\/meubler\/desserte\/desserte-a-roulettes-en-bois-et-cannage\/","name":"Desserte \u00e0 roulettes en bois et cannage | lalmachine.com, mobilier et objets d\u00e9co vintage et design","isPartOf":{"@id":"https:\/\/lalmachine.com\/#website"},"primaryImageOfPage":{"@id":"https:\/\/lalmachine.com\/shop\/meubler\/desserte\/desserte-a-roulettes-en-bois-et-cannage\/#primaryimage"},"image":{"@id":"https:\/\/lalmachine.com\/shop\/meubler\/desserte\/desserte-a-roulettes-en-bois-et-cannage\/#primaryimage"},"thumbnailUrl":"https:\/\/lalmachine.com\/wp-content\/uploads\/2022\/05\/Pasted-20220523-082227_clipped_rev_1.jpeg","datePublished":"2022-05-23T06:36:29+00:00","dateModified":"2024-12-05T20:56:13+00:00","description":"Tr\u00e8s belle desserte \u00e0 roulettes en bois et cannage.Plateau sup\u00e9rieur en verre. Tr\u00e8s bel \u00e9tat. Juste \u00e0 signaler quelques traces d'usures sur le plateau inf\u00e9rieur et un pied r\u00e9par\u00e9.Fonctionnel et tr\u00e8s stable.","breadcrumb":{"@id":"https:\/\/lalmachine.com\/shop\/meubler\/desserte\/desserte-a-roulettes-en-bois-et-cannage\/#breadcrumb"},"inLanguage":"de","potentialAction":[{"@type":"ReadAction","target":["https:\/\/lalmachine.com\/shop\/meubler\/desserte\/desserte-a-roulettes-en-bois-et-cannage\/"]}]},{"@type":"ImageObject","inLanguage":"de","@id":"https:\/\/lalmachine.com\/shop\/meubler\/desserte\/desserte-a-roulettes-en-bois-et-cannage\/#primaryimage","url":"https:\/\/lalmachine.com\/wp-content\/uploads\/2022\/05\/Pasted-20220523-082227_clipped_rev_1.jpeg","contentUrl":"https:\/\/lalmachine.com\/wp-content\/uploads\/2022\/05\/Pasted-20220523-082227_clipped_rev_1.jpeg","width":4223,"height":4223,"caption":"Desserte \u00e0 roulettes en bois et cannage"},{"@type":"BreadcrumbList","@id":"https:\/\/lalmachine.com\/shop\/meubler\/desserte\/desserte-a-roulettes-en-bois-et-cannage\/#breadcrumb","itemListElement":[{"@type":"ListItem","position":1,"name":"Accueil","item":"https:\/\/lalmachine.com\/"},{"@type":"ListItem","position":2,"name":"Shop","item":"https:\/\/lalmachine.com\/shop\/"},{"@type":"ListItem","position":3,"name":"Desserte \u00e0 roulettes en bois et cannage"}]},{"@type":"WebSite","@id":"https:\/\/lalmachine.com\/#website","url":"https:\/\/lalmachine.com\/","name":"lalmachine.com","description":"Brocante en ligne Suisse | Mobilier et objets d\u00e9co vintage et design","potentialAction":[{"@type":"SearchAction","target":{"@type":"EntryPoint","urlTemplate":"https:\/\/lalmachine.com\/?s={search_term_string}"},"query-input":{"@type":"PropertyValueSpecification","valueRequired":true,"valueName":"search_term_string"}}],"inLanguage":"de"}]}},"_links":{"self":[{"href":"https:\/\/lalmachine.com\/de\/wp-json\/wp\/v2\/product\/273637","targetHints":{"allow":["GET"]}}],"collection":[{"href":"https:\/\/lalmachine.com\/de\/wp-json\/wp\/v2\/product"}],"about":[{"href":"https:\/\/lalmachine.com\/de\/wp-json\/wp\/v2\/types\/product"}],"wp:featuredmedia":[{"embeddable":true,"href":"https:\/\/lalmachine.com\/de\/wp-json\/wp\/v2\/media\/273649"}],"wp:attachment":[{"href":"https:\/\/lalmachine.com\/de\/wp-json\/wp\/v2\/media?parent=273637"}],"wp:term":[{"taxonomy":"product_brand","embeddable":true,"href":"https:\/\/lalmachine.com\/de\/wp-json\/wp\/v2\/product_brand?post=273637"},{"taxonomy":"product_cat","embeddable":true,"href":"https:\/\/lalmachine.com\/de\/wp-json\/wp\/v2\/product_cat?post=273637"},{"taxonomy":"product_tag","embeddable":true,"href":"https:\/\/lalmachine.com\/de\/wp-json\/wp\/v2\/product_tag?post=273637"},{"taxonomy":"proximite","embeddable":true,"href":"https:\/\/lalmachine.com\/de\/wp-json\/wp\/v2\/proximite?post=273637"}],"curies":[{"name":"wp","href":"https:\/\/api.w.org\/{rel}","templated":true}]}}