{"id":274034,"date":"2022-05-25T15:29:02","date_gmt":"2022-05-25T13:29:02","guid":{"rendered":"https:\/\/lalmachine.com\/?post_type=product&#038;p=274034"},"modified":"2024-12-05T21:56:16","modified_gmt":"2024-12-05T20:56:16","slug":"fer-a-bricelets-jura","status":"publish","type":"product","link":"https:\/\/lalmachine.com\/de\/shop\/decorer\/appareil\/fer-a-bricelets-jura\/","title":{"rendered":"Fer \u00e0 bricelets Jura"},"content":{"rendered":"<ul class=\"wpuf_customs\"><li style=\"list-style-type:none;\"><label>Autres photos:<\/label> <a href=\"https:\/\/lalmachine.com\/wp-content\/uploads\/2022\/05\/5C041748-F087-48ED-823D-AD77B464FD3A-d5b3b80b.jpeg\"><img loading=\"lazy\" decoding=\"async\" width=\"128\" height=\"96\" src=\"https:\/\/lalmachine.com\/wp-content\/uploads\/2022\/05\/5C041748-F087-48ED-823D-AD77B464FD3A-d5b3b80b.jpeg\" class=\"attachment-thumbnail size-thumbnail\" alt=\"\" \/><\/a> <a href=\"https:\/\/lalmachine.com\/wp-content\/uploads\/2022\/05\/D0DBE563-B6C8-44CE-A1E1-B03949F5414F-82e8ff09.jpeg\"><img loading=\"lazy\" decoding=\"async\" width=\"128\" height=\"96\" src=\"https:\/\/lalmachine.com\/wp-content\/uploads\/2022\/05\/D0DBE563-B6C8-44CE-A1E1-B03949F5414F-82e8ff09.jpeg\" class=\"attachment-thumbnail size-thumbnail\" alt=\"\" \/><\/a> <a href=\"https:\/\/lalmachine.com\/wp-content\/uploads\/2022\/05\/184F1740-57D6-4709-B7CA-9C52F785E6CA-4e11bf4f.jpeg\"><img loading=\"lazy\" decoding=\"async\" width=\"128\" height=\"96\" src=\"https:\/\/lalmachine.com\/wp-content\/uploads\/2022\/05\/184F1740-57D6-4709-B7CA-9C52F785E6CA-4e11bf4f.jpeg\" class=\"attachment-thumbnail size-thumbnail\" alt=\"\" \/><\/a> <a href=\"https:\/\/lalmachine.com\/wp-content\/uploads\/2022\/05\/F5DE27FB-85F8-4CA5-8135-97094BA991A5-0d276cd3.jpeg\"><img loading=\"lazy\" decoding=\"async\" width=\"128\" height=\"96\" src=\"https:\/\/lalmachine.com\/wp-content\/uploads\/2022\/05\/F5DE27FB-85F8-4CA5-8135-97094BA991A5-0d276cd3.jpeg\" class=\"attachment-thumbnail size-thumbnail\" alt=\"\" \/><\/a> <a href=\"https:\/\/lalmachine.com\/wp-content\/uploads\/2022\/05\/8B8ED0A1-2377-4CF2-9599-76CD1CA68AFE-2f922777.jpeg\"><img loading=\"lazy\" decoding=\"async\" width=\"128\" height=\"96\" src=\"https:\/\/lalmachine.com\/wp-content\/uploads\/2022\/05\/8B8ED0A1-2377-4CF2-9599-76CD1CA68AFE-2f922777.jpeg\" class=\"attachment-thumbnail size-thumbnail\" alt=\"\" \/><\/a> <a href=\"https:\/\/lalmachine.com\/wp-content\/uploads\/2022\/05\/5A76CD43-EF48-4EA1-A436-DEED57CF6FFE-71868fa2.jpeg\"><img loading=\"lazy\" decoding=\"async\" width=\"128\" height=\"96\" src=\"https:\/\/lalmachine.com\/wp-content\/uploads\/2022\/05\/5A76CD43-EF48-4EA1-A436-DEED57CF6FFE-71868fa2.jpeg\" class=\"attachment-thumbnail size-thumbnail\" alt=\"\" \/><\/a> <a href=\"https:\/\/lalmachine.com\/wp-content\/uploads\/2022\/05\/AA91FE25-59A9-48E6-A2DD-F4947C8262B4-f9ec704d.jpeg\"><img loading=\"lazy\" decoding=\"async\" width=\"128\" height=\"96\" src=\"https:\/\/lalmachine.com\/wp-content\/uploads\/2022\/05\/AA91FE25-59A9-48E6-A2DD-F4947C8262B4-f9ec704d.jpeg\" class=\"attachment-thumbnail size-thumbnail\" alt=\"\" \/><\/a> <a href=\"https:\/\/lalmachine.com\/wp-content\/uploads\/2022\/05\/A0A3B8A9-FE7B-48E5-84BE-782DB7E7BCEE-23552264.jpeg\"><img loading=\"lazy\" decoding=\"async\" width=\"128\" height=\"96\" src=\"https:\/\/lalmachine.com\/wp-content\/uploads\/2022\/05\/A0A3B8A9-FE7B-48E5-84BE-782DB7E7BCEE-23552264.jpeg\" class=\"attachment-thumbnail size-thumbnail\" alt=\"\" \/><\/a> <\/li>        <li class=\"wpuf-field-data wpuf-field-data-numeric_text_field\">\n                            <label>Prix:<\/label>\n                        290        <\/li>\n                <li class=\"wpuf-field-data wpuf-field-data-numeric_text_field\">\n                            <label>Hauteur (cm):<\/label>\n                        13        <\/li>\n                <li class=\"wpuf-field-data wpuf-field-data-numeric_text_field\">\n                            <label>Largeur (cm):<\/label>\n                        23        <\/li>\n                <li class=\"wpuf-field-data wpuf-field-data-numeric_text_field\">\n                            <label>Profondeur (cm):<\/label>\n                        30        <\/li>\n        <\/ul>","protected":false},"excerpt":{"rendered":"<p>Fer \u00e0 bricelets Jura en bon \u00e9tat de fonctionnement, avec son c\u00e2ble \u00e9lectrique (environ 2 m\u00e8tres). La partie m\u00e9tallique ne comporte que des traces minimes, et les plastiques sont en bon \u00e9tat et brillent presque comme au premier jour!<\/p>","protected":false},"featured_media":274299,"template":"","meta":{"_et_pb_use_builder":"","_et_pb_old_content":"","_et_gb_content_width":""},"product_brand":[],"product_cat":[104,50],"product_tag":[],"proximite":[177,235],"class_list":{"0":"post-274034","1":"product","2":"type-product","3":"status-publish","4":"has-post-thumbnail","6":"product_cat-appareil","7":"product_cat-decorer","8":"product_shipping_class-2-10-kg","9":"pa_couleur-blanc","10":"pa_etat-bon-etat","11":"pa_materiau-metal","12":"pa_style-vintage","13":"proximite-fribourg","14":"proximite-sarine","16":"first","17":"outofstock","18":"shipping-taxable","19":"purchasable","20":"product-type-simple"},"yoast_head":"<!-- This site is optimized with the Yoast SEO plugin v27.4 - https:\/\/yoast.com\/product\/yoast-seo-wordpress\/ -->\n<title>Fer \u00e0 bricelets Jura | lalmachine.com, mobilier et objets d\u00e9co vintage et design<\/title>\n<meta name=\"description\" content=\"Fer \u00e0 bricelets Jura en bon \u00e9tat de fonctionnement, avec son c\u00e2ble \u00e9lectrique (environ 2 m\u00e8tres).\" \/>\n<meta name=\"robots\" content=\"index, follow, max-snippet:-1, max-image-preview:large, max-video-preview:-1\" \/>\n<link rel=\"canonical\" href=\"https:\/\/lalmachine.com\/de\/shop\/decorer\/appareil\/fer-a-bricelets-jura\/\" \/>\n<meta property=\"og:locale\" content=\"de_DE\" \/>\n<meta property=\"og:type\" content=\"article\" \/>\n<meta property=\"og:title\" content=\"Fer \u00e0 bricelets Jura | lalmachine.com, mobilier et objets d\u00e9co vintage et design\" \/>\n<meta property=\"og:description\" content=\"Fer \u00e0 bricelets Jura en bon \u00e9tat de fonctionnement, avec son c\u00e2ble \u00e9lectrique (environ 2 m\u00e8tres).\" \/>\n<meta property=\"og:url\" content=\"https:\/\/lalmachine.com\/de\/shop\/decorer\/appareil\/fer-a-bricelets-jura\/\" \/>\n<meta property=\"og:site_name\" content=\"lalmachine.com\" \/>\n<meta property=\"article:publisher\" content=\"https:\/\/facebook.com\/lalmachine\" \/>\n<meta property=\"article:modified_time\" content=\"2024-12-05T20:56:16+00:00\" \/>\n<meta property=\"og:image\" content=\"https:\/\/lalmachine.com\/wp-content\/uploads\/2022\/05\/Pasted-20220525-152014_clipped_rev_1.jpeg\" \/>\n\t<meta property=\"og:image:width\" content=\"3949\" \/>\n\t<meta property=\"og:image:height\" content=\"3950\" \/>\n\t<meta property=\"og:image:type\" content=\"image\/jpeg\" \/>\n<meta name=\"twitter:card\" content=\"summary_large_image\" \/>\n<script type=\"application\/ld+json\" class=\"yoast-schema-graph\">{\"@context\":\"https:\\\/\\\/schema.org\",\"@graph\":[{\"@type\":\"WebPage\",\"@id\":\"https:\\\/\\\/lalmachine.com\\\/shop\\\/decorer\\\/appareil\\\/fer-a-bricelets-jura\\\/\",\"url\":\"https:\\\/\\\/lalmachine.com\\\/shop\\\/decorer\\\/appareil\\\/fer-a-bricelets-jura\\\/\",\"name\":\"Fer \u00e0 bricelets Jura | lalmachine.com, mobilier et objets d\u00e9co vintage et design\",\"isPartOf\":{\"@id\":\"https:\\\/\\\/lalmachine.com\\\/#website\"},\"primaryImageOfPage\":{\"@id\":\"https:\\\/\\\/lalmachine.com\\\/shop\\\/decorer\\\/appareil\\\/fer-a-bricelets-jura\\\/#primaryimage\"},\"image\":{\"@id\":\"https:\\\/\\\/lalmachine.com\\\/shop\\\/decorer\\\/appareil\\\/fer-a-bricelets-jura\\\/#primaryimage\"},\"thumbnailUrl\":\"https:\\\/\\\/lalmachine.com\\\/wp-content\\\/uploads\\\/2022\\\/05\\\/Pasted-20220525-152014_clipped_rev_1.jpeg\",\"datePublished\":\"2022-05-25T13:29:02+00:00\",\"dateModified\":\"2024-12-05T20:56:16+00:00\",\"description\":\"Fer \u00e0 bricelets Jura en bon \u00e9tat de fonctionnement, avec son c\u00e2ble \u00e9lectrique (environ 2 m\u00e8tres).\",\"breadcrumb\":{\"@id\":\"https:\\\/\\\/lalmachine.com\\\/shop\\\/decorer\\\/appareil\\\/fer-a-bricelets-jura\\\/#breadcrumb\"},\"inLanguage\":\"de\",\"potentialAction\":[{\"@type\":\"ReadAction\",\"target\":[\"https:\\\/\\\/lalmachine.com\\\/shop\\\/decorer\\\/appareil\\\/fer-a-bricelets-jura\\\/\"]}]},{\"@type\":\"ImageObject\",\"inLanguage\":\"de\",\"@id\":\"https:\\\/\\\/lalmachine.com\\\/shop\\\/decorer\\\/appareil\\\/fer-a-bricelets-jura\\\/#primaryimage\",\"url\":\"https:\\\/\\\/lalmachine.com\\\/wp-content\\\/uploads\\\/2022\\\/05\\\/Pasted-20220525-152014_clipped_rev_1.jpeg\",\"contentUrl\":\"https:\\\/\\\/lalmachine.com\\\/wp-content\\\/uploads\\\/2022\\\/05\\\/Pasted-20220525-152014_clipped_rev_1.jpeg\",\"width\":3949,\"height\":3950,\"caption\":\"Fer \u00e0 bricelets Jura\"},{\"@type\":\"BreadcrumbList\",\"@id\":\"https:\\\/\\\/lalmachine.com\\\/shop\\\/decorer\\\/appareil\\\/fer-a-bricelets-jura\\\/#breadcrumb\",\"itemListElement\":[{\"@type\":\"ListItem\",\"position\":1,\"name\":\"Accueil\",\"item\":\"https:\\\/\\\/lalmachine.com\\\/\"},{\"@type\":\"ListItem\",\"position\":2,\"name\":\"Shop\",\"item\":\"https:\\\/\\\/lalmachine.com\\\/shop\\\/\"},{\"@type\":\"ListItem\",\"position\":3,\"name\":\"Fer \u00e0 bricelets Jura\"}]},{\"@type\":\"WebSite\",\"@id\":\"https:\\\/\\\/lalmachine.com\\\/#website\",\"url\":\"https:\\\/\\\/lalmachine.com\\\/\",\"name\":\"lalmachine.com\",\"description\":\"Brocante en ligne Suisse | Mobilier et objets d\u00e9co vintage et design\",\"potentialAction\":[{\"@type\":\"SearchAction\",\"target\":{\"@type\":\"EntryPoint\",\"urlTemplate\":\"https:\\\/\\\/lalmachine.com\\\/?s={search_term_string}\"},\"query-input\":{\"@type\":\"PropertyValueSpecification\",\"valueRequired\":true,\"valueName\":\"search_term_string\"}}],\"inLanguage\":\"de\"}]}<\/script>\n<!-- \/ Yoast SEO plugin. -->","yoast_head_json":{"title":"Fer \u00e0 bricelets Jura | lalmachine.com, mobilier et objets d\u00e9co vintage et design","description":"Fer \u00e0 bricelets Jura en bon \u00e9tat de fonctionnement, avec son c\u00e2ble \u00e9lectrique (environ 2 m\u00e8tres).","robots":{"index":"index","follow":"follow","max-snippet":"max-snippet:-1","max-image-preview":"max-image-preview:large","max-video-preview":"max-video-preview:-1"},"canonical":"https:\/\/lalmachine.com\/de\/shop\/decorer\/appareil\/fer-a-bricelets-jura\/","og_locale":"de_DE","og_type":"article","og_title":"Fer \u00e0 bricelets Jura | lalmachine.com, mobilier et objets d\u00e9co vintage et design","og_description":"Fer \u00e0 bricelets Jura en bon \u00e9tat de fonctionnement, avec son c\u00e2ble \u00e9lectrique (environ 2 m\u00e8tres).","og_url":"https:\/\/lalmachine.com\/de\/shop\/decorer\/appareil\/fer-a-bricelets-jura\/","og_site_name":"lalmachine.com","article_publisher":"https:\/\/facebook.com\/lalmachine","article_modified_time":"2024-12-05T20:56:16+00:00","og_image":[{"width":3949,"height":3950,"url":"https:\/\/lalmachine.com\/wp-content\/uploads\/2022\/05\/Pasted-20220525-152014_clipped_rev_1.jpeg","type":"image\/jpeg"}],"twitter_card":"summary_large_image","schema":{"@context":"https:\/\/schema.org","@graph":[{"@type":"WebPage","@id":"https:\/\/lalmachine.com\/shop\/decorer\/appareil\/fer-a-bricelets-jura\/","url":"https:\/\/lalmachine.com\/shop\/decorer\/appareil\/fer-a-bricelets-jura\/","name":"Fer \u00e0 bricelets Jura | lalmachine.com, mobilier et objets d\u00e9co vintage et design","isPartOf":{"@id":"https:\/\/lalmachine.com\/#website"},"primaryImageOfPage":{"@id":"https:\/\/lalmachine.com\/shop\/decorer\/appareil\/fer-a-bricelets-jura\/#primaryimage"},"image":{"@id":"https:\/\/lalmachine.com\/shop\/decorer\/appareil\/fer-a-bricelets-jura\/#primaryimage"},"thumbnailUrl":"https:\/\/lalmachine.com\/wp-content\/uploads\/2022\/05\/Pasted-20220525-152014_clipped_rev_1.jpeg","datePublished":"2022-05-25T13:29:02+00:00","dateModified":"2024-12-05T20:56:16+00:00","description":"Fer \u00e0 bricelets Jura en bon \u00e9tat de fonctionnement, avec son c\u00e2ble \u00e9lectrique (environ 2 m\u00e8tres).","breadcrumb":{"@id":"https:\/\/lalmachine.com\/shop\/decorer\/appareil\/fer-a-bricelets-jura\/#breadcrumb"},"inLanguage":"de","potentialAction":[{"@type":"ReadAction","target":["https:\/\/lalmachine.com\/shop\/decorer\/appareil\/fer-a-bricelets-jura\/"]}]},{"@type":"ImageObject","inLanguage":"de","@id":"https:\/\/lalmachine.com\/shop\/decorer\/appareil\/fer-a-bricelets-jura\/#primaryimage","url":"https:\/\/lalmachine.com\/wp-content\/uploads\/2022\/05\/Pasted-20220525-152014_clipped_rev_1.jpeg","contentUrl":"https:\/\/lalmachine.com\/wp-content\/uploads\/2022\/05\/Pasted-20220525-152014_clipped_rev_1.jpeg","width":3949,"height":3950,"caption":"Fer \u00e0 bricelets Jura"},{"@type":"BreadcrumbList","@id":"https:\/\/lalmachine.com\/shop\/decorer\/appareil\/fer-a-bricelets-jura\/#breadcrumb","itemListElement":[{"@type":"ListItem","position":1,"name":"Accueil","item":"https:\/\/lalmachine.com\/"},{"@type":"ListItem","position":2,"name":"Shop","item":"https:\/\/lalmachine.com\/shop\/"},{"@type":"ListItem","position":3,"name":"Fer \u00e0 bricelets Jura"}]},{"@type":"WebSite","@id":"https:\/\/lalmachine.com\/#website","url":"https:\/\/lalmachine.com\/","name":"lalmachine.com","description":"Brocante en ligne Suisse | Mobilier et objets d\u00e9co vintage et design","potentialAction":[{"@type":"SearchAction","target":{"@type":"EntryPoint","urlTemplate":"https:\/\/lalmachine.com\/?s={search_term_string}"},"query-input":{"@type":"PropertyValueSpecification","valueRequired":true,"valueName":"search_term_string"}}],"inLanguage":"de"}]}},"_links":{"self":[{"href":"https:\/\/lalmachine.com\/de\/wp-json\/wp\/v2\/product\/274034","targetHints":{"allow":["GET"]}}],"collection":[{"href":"https:\/\/lalmachine.com\/de\/wp-json\/wp\/v2\/product"}],"about":[{"href":"https:\/\/lalmachine.com\/de\/wp-json\/wp\/v2\/types\/product"}],"wp:featuredmedia":[{"embeddable":true,"href":"https:\/\/lalmachine.com\/de\/wp-json\/wp\/v2\/media\/274299"}],"wp:attachment":[{"href":"https:\/\/lalmachine.com\/de\/wp-json\/wp\/v2\/media?parent=274034"}],"wp:term":[{"taxonomy":"product_brand","embeddable":true,"href":"https:\/\/lalmachine.com\/de\/wp-json\/wp\/v2\/product_brand?post=274034"},{"taxonomy":"product_cat","embeddable":true,"href":"https:\/\/lalmachine.com\/de\/wp-json\/wp\/v2\/product_cat?post=274034"},{"taxonomy":"product_tag","embeddable":true,"href":"https:\/\/lalmachine.com\/de\/wp-json\/wp\/v2\/product_tag?post=274034"},{"taxonomy":"proximite","embeddable":true,"href":"https:\/\/lalmachine.com\/de\/wp-json\/wp\/v2\/proximite?post=274034"}],"curies":[{"name":"wp","href":"https:\/\/api.w.org\/{rel}","templated":true}]}}