{"id":274116,"date":"2022-05-25T15:52:08","date_gmt":"2022-05-25T13:52:08","guid":{"rendered":"https:\/\/lalmachine.com\/?post_type=product&#038;p=274116"},"modified":"2025-01-12T13:42:30","modified_gmt":"2025-01-12T12:42:30","slug":"lustre-des-annees-50-rockabilly","status":"publish","type":"product","link":"https:\/\/lalmachine.com\/de\/shop\/eclairer\/suspension-plafonnier\/lustre-des-annees-50-rockabilly\/","title":{"rendered":"Lustre des ann\u00e9es 50 Rockabilly"},"content":{"rendered":"<ul class=\"wpuf_customs\"><li style=\"list-style-type:none;\"><label>Autres photos:<\/label> <a href=\"https:\/\/lalmachine.com\/wp-content\/uploads\/2022\/05\/Capture-decran-2022-05-25-a-11.09.50-9af3b930.png\"><img loading=\"lazy\" decoding=\"async\" width=\"96\" height=\"96\" src=\"https:\/\/lalmachine.com\/wp-content\/uploads\/2022\/05\/Capture-decran-2022-05-25-a-11.09.50-9af3b930.png\" class=\"attachment-thumbnail size-thumbnail\" alt=\"\" \/><\/a> <a href=\"https:\/\/lalmachine.com\/wp-content\/uploads\/2022\/05\/Capture-decran-2022-05-25-a-11.09.56-866c35dc.png\"><img loading=\"lazy\" decoding=\"async\" width=\"128\" height=\"88\" src=\"https:\/\/lalmachine.com\/wp-content\/uploads\/2022\/05\/Capture-decran-2022-05-25-a-11.09.56-866c35dc.png\" class=\"attachment-thumbnail size-thumbnail\" alt=\"\" \/><\/a> <a href=\"https:\/\/lalmachine.com\/wp-content\/uploads\/2022\/05\/Capture-decran-2022-05-25-a-11.10.04-dbef3824.png\"><img loading=\"lazy\" decoding=\"async\" width=\"96\" height=\"96\" src=\"https:\/\/lalmachine.com\/wp-content\/uploads\/2022\/05\/Capture-decran-2022-05-25-a-11.10.04-dbef3824.png\" class=\"attachment-thumbnail size-thumbnail\" alt=\"\" \/><\/a> <a href=\"https:\/\/lalmachine.com\/wp-content\/uploads\/2022\/05\/Capture-decran-2022-05-25-a-11.10.11-07989270.png\"><img loading=\"lazy\" decoding=\"async\" width=\"96\" height=\"96\" src=\"https:\/\/lalmachine.com\/wp-content\/uploads\/2022\/05\/Capture-decran-2022-05-25-a-11.10.11-07989270.png\" class=\"attachment-thumbnail size-thumbnail\" alt=\"\" \/><\/a> <a href=\"https:\/\/lalmachine.com\/wp-content\/uploads\/2022\/05\/Capture-decran-2022-05-25-a-11.10.17-79f7cf7e.png\"><img loading=\"lazy\" decoding=\"async\" width=\"128\" height=\"89\" src=\"https:\/\/lalmachine.com\/wp-content\/uploads\/2022\/05\/Capture-decran-2022-05-25-a-11.10.17-79f7cf7e.png\" class=\"attachment-thumbnail size-thumbnail\" alt=\"\" \/><\/a> <a href=\"https:\/\/lalmachine.com\/wp-content\/uploads\/2022\/05\/Capture-decran-2022-05-25-a-11.10.23-6b8d33f5.png\"><img loading=\"lazy\" decoding=\"async\" width=\"96\" height=\"96\" src=\"https:\/\/lalmachine.com\/wp-content\/uploads\/2022\/05\/Capture-decran-2022-05-25-a-11.10.23-6b8d33f5.png\" class=\"attachment-thumbnail size-thumbnail\" alt=\"\" \/><\/a> <a href=\"https:\/\/lalmachine.com\/wp-content\/uploads\/2022\/05\/Capture-decran-2022-05-25-a-11.10.32-2dd3f50e.png\"><img loading=\"lazy\" decoding=\"async\" width=\"128\" height=\"84\" src=\"https:\/\/lalmachine.com\/wp-content\/uploads\/2022\/05\/Capture-decran-2022-05-25-a-11.10.32-2dd3f50e.png\" class=\"attachment-thumbnail size-thumbnail\" alt=\"\" \/><\/a> <a href=\"https:\/\/lalmachine.com\/wp-content\/uploads\/2022\/05\/Capture-decran-2022-05-25-a-11.10.40-405b41bd.png\"><img loading=\"lazy\" decoding=\"async\" width=\"96\" height=\"96\" src=\"https:\/\/lalmachine.com\/wp-content\/uploads\/2022\/05\/Capture-decran-2022-05-25-a-11.10.40-405b41bd.png\" class=\"attachment-thumbnail size-thumbnail\" alt=\"\" \/><\/a> <a href=\"https:\/\/lalmachine.com\/wp-content\/uploads\/2022\/05\/Capture-decran-2022-05-25-a-11.10.53-6bd22e81.png\"><img loading=\"lazy\" decoding=\"async\" width=\"120\" height=\"96\" src=\"https:\/\/lalmachine.com\/wp-content\/uploads\/2022\/05\/Capture-decran-2022-05-25-a-11.10.53-6bd22e81.png\" class=\"attachment-thumbnail size-thumbnail\" alt=\"\" \/><\/a> <\/li>        <li class=\"wpuf-field-data wpuf-field-data-numeric_text_field\">\n                            <label>Prix:<\/label>\n                        900        <\/li>\n                <li class=\"wpuf-field-data wpuf-field-data-numeric_text_field\">\n                            <label>Hauteur (cm):<\/label>\n                        63        <\/li>\n                <li class=\"wpuf-field-data wpuf-field-data-numeric_text_field\">\n                            <label>Largeur (cm):<\/label>\n                        70        <\/li>\n                <li class=\"wpuf-field-data wpuf-field-data-numeric_text_field\">\n                            <label>Profondeur (cm):<\/label>\n                        70        <\/li>\n        <\/ul>","protected":false},"excerpt":{"rendered":"<p>Lustre \u00e0 neuf feux de style Rockabilly, des ann\u00e9es 50. La partie centrale est en bois teint\u00e9 noir, les bras en laiton massif cr\u00e9ent une jolie courbe florale et les abat-jours en verre forment de belles tulipes bicolores. Ce lustre est vraiment \u00e9l\u00e9gant et compl\u00e8tement rockabilly.<\/p>\n<p>Pas d&rsquo;envoi par la poste, merci de votre compr\u00e9hension.<\/p>","protected":false},"featured_media":319991,"template":"","meta":{"_et_pb_use_builder":"","_et_pb_old_content":"","_et_gb_content_width":""},"product_brand":[],"product_cat":[49,91],"product_tag":[],"proximite":[280,179],"class_list":{"0":"post-274116","1":"product","2":"type-product","3":"status-publish","4":"has-post-thumbnail","6":"product_cat-eclairer","7":"product_cat-suspension-plafonnier","8":"pa_couleur-jaune","9":"pa_etat-tres-bon-etat","10":"pa_materiau-verre","11":"pa_style-vintage","12":"proximite-morges","13":"proximite-vaud","15":"first","16":"outofstock","17":"sale","18":"shipping-taxable","19":"purchasable","20":"product-type-simple"},"yoast_head":"<!-- This site is optimized with the Yoast SEO plugin v27.4 - https:\/\/yoast.com\/product\/yoast-seo-wordpress\/ -->\n<title>Lustre des ann\u00e9es 50 Rockabilly | lalmachine.com<\/title>\n<meta name=\"description\" content=\"Lustre \u00e0 neuf feux de style Rockabilly, des ann\u00e9es 50.\" \/>\n<meta name=\"robots\" content=\"index, follow, max-snippet:-1, max-image-preview:large, max-video-preview:-1\" \/>\n<link rel=\"canonical\" href=\"https:\/\/lalmachine.com\/de\/shop\/eclairer\/suspension-plafonnier\/lustre-des-annees-50-rockabilly\/\" \/>\n<meta property=\"og:locale\" content=\"de_DE\" \/>\n<meta property=\"og:type\" content=\"article\" \/>\n<meta property=\"og:title\" content=\"Lustre des ann\u00e9es 50 Rockabilly | lalmachine.com\" \/>\n<meta property=\"og:description\" content=\"Lustre \u00e0 neuf feux de style Rockabilly, des ann\u00e9es 50.\" \/>\n<meta property=\"og:url\" content=\"https:\/\/lalmachine.com\/de\/shop\/eclairer\/suspension-plafonnier\/lustre-des-annees-50-rockabilly\/\" \/>\n<meta property=\"og:site_name\" content=\"lalmachine.com\" \/>\n<meta property=\"article:publisher\" content=\"https:\/\/facebook.com\/lalmachine\" \/>\n<meta property=\"article:modified_time\" content=\"2025-01-12T12:42:30+00:00\" \/>\n<meta property=\"og:image\" content=\"https:\/\/lalmachine.com\/wp-content\/uploads\/2022\/05\/Pasted-20220525-154456_clipped_rev_2.jpeg\" \/>\n\t<meta property=\"og:image:width\" content=\"813\" \/>\n\t<meta property=\"og:image:height\" content=\"813\" \/>\n\t<meta property=\"og:image:type\" content=\"image\/jpeg\" \/>\n<meta name=\"twitter:card\" content=\"summary_large_image\" \/>\n<script type=\"application\/ld+json\" class=\"yoast-schema-graph\">{\"@context\":\"https:\\\/\\\/schema.org\",\"@graph\":[{\"@type\":\"WebPage\",\"@id\":\"https:\\\/\\\/lalmachine.com\\\/shop\\\/eclairer\\\/suspension-plafonnier\\\/lustre-des-annees-50-rockabilly\\\/\",\"url\":\"https:\\\/\\\/lalmachine.com\\\/shop\\\/eclairer\\\/suspension-plafonnier\\\/lustre-des-annees-50-rockabilly\\\/\",\"name\":\"Lustre des ann\u00e9es 50 Rockabilly | lalmachine.com\",\"isPartOf\":{\"@id\":\"https:\\\/\\\/lalmachine.com\\\/#website\"},\"primaryImageOfPage\":{\"@id\":\"https:\\\/\\\/lalmachine.com\\\/shop\\\/eclairer\\\/suspension-plafonnier\\\/lustre-des-annees-50-rockabilly\\\/#primaryimage\"},\"image\":{\"@id\":\"https:\\\/\\\/lalmachine.com\\\/shop\\\/eclairer\\\/suspension-plafonnier\\\/lustre-des-annees-50-rockabilly\\\/#primaryimage\"},\"thumbnailUrl\":\"https:\\\/\\\/lalmachine.com\\\/wp-content\\\/uploads\\\/2022\\\/05\\\/Pasted-20220525-154456_clipped_rev_2.jpeg\",\"datePublished\":\"2022-05-25T13:52:08+00:00\",\"dateModified\":\"2025-01-12T12:42:30+00:00\",\"description\":\"Lustre \u00e0 neuf feux de style Rockabilly, des ann\u00e9es 50.\",\"breadcrumb\":{\"@id\":\"https:\\\/\\\/lalmachine.com\\\/shop\\\/eclairer\\\/suspension-plafonnier\\\/lustre-des-annees-50-rockabilly\\\/#breadcrumb\"},\"inLanguage\":\"de\",\"potentialAction\":[{\"@type\":\"ReadAction\",\"target\":[\"https:\\\/\\\/lalmachine.com\\\/shop\\\/eclairer\\\/suspension-plafonnier\\\/lustre-des-annees-50-rockabilly\\\/\"]}]},{\"@type\":\"ImageObject\",\"inLanguage\":\"de\",\"@id\":\"https:\\\/\\\/lalmachine.com\\\/shop\\\/eclairer\\\/suspension-plafonnier\\\/lustre-des-annees-50-rockabilly\\\/#primaryimage\",\"url\":\"https:\\\/\\\/lalmachine.com\\\/wp-content\\\/uploads\\\/2022\\\/05\\\/Pasted-20220525-154456_clipped_rev_2.jpeg\",\"contentUrl\":\"https:\\\/\\\/lalmachine.com\\\/wp-content\\\/uploads\\\/2022\\\/05\\\/Pasted-20220525-154456_clipped_rev_2.jpeg\",\"width\":813,\"height\":813,\"caption\":\"Lustre des ann\u00e9es 50 Rockabilly\"},{\"@type\":\"BreadcrumbList\",\"@id\":\"https:\\\/\\\/lalmachine.com\\\/shop\\\/eclairer\\\/suspension-plafonnier\\\/lustre-des-annees-50-rockabilly\\\/#breadcrumb\",\"itemListElement\":[{\"@type\":\"ListItem\",\"position\":1,\"name\":\"Accueil\",\"item\":\"https:\\\/\\\/lalmachine.com\\\/\"},{\"@type\":\"ListItem\",\"position\":2,\"name\":\"Shop\",\"item\":\"https:\\\/\\\/lalmachine.com\\\/shop\\\/\"},{\"@type\":\"ListItem\",\"position\":3,\"name\":\"Lustre des ann\u00e9es 50 Rockabilly\"}]},{\"@type\":\"WebSite\",\"@id\":\"https:\\\/\\\/lalmachine.com\\\/#website\",\"url\":\"https:\\\/\\\/lalmachine.com\\\/\",\"name\":\"lalmachine.com\",\"description\":\"Brocante en ligne Suisse | Mobilier et objets d\u00e9co vintage et design\",\"potentialAction\":[{\"@type\":\"SearchAction\",\"target\":{\"@type\":\"EntryPoint\",\"urlTemplate\":\"https:\\\/\\\/lalmachine.com\\\/?s={search_term_string}\"},\"query-input\":{\"@type\":\"PropertyValueSpecification\",\"valueRequired\":true,\"valueName\":\"search_term_string\"}}],\"inLanguage\":\"de\"}]}<\/script>\n<!-- \/ Yoast SEO plugin. -->","yoast_head_json":{"title":"Lustre des ann\u00e9es 50 Rockabilly | lalmachine.com","description":"Lustre \u00e0 neuf feux de style Rockabilly, des ann\u00e9es 50.","robots":{"index":"index","follow":"follow","max-snippet":"max-snippet:-1","max-image-preview":"max-image-preview:large","max-video-preview":"max-video-preview:-1"},"canonical":"https:\/\/lalmachine.com\/de\/shop\/eclairer\/suspension-plafonnier\/lustre-des-annees-50-rockabilly\/","og_locale":"de_DE","og_type":"article","og_title":"Lustre des ann\u00e9es 50 Rockabilly | lalmachine.com","og_description":"Lustre \u00e0 neuf feux de style Rockabilly, des ann\u00e9es 50.","og_url":"https:\/\/lalmachine.com\/de\/shop\/eclairer\/suspension-plafonnier\/lustre-des-annees-50-rockabilly\/","og_site_name":"lalmachine.com","article_publisher":"https:\/\/facebook.com\/lalmachine","article_modified_time":"2025-01-12T12:42:30+00:00","og_image":[{"width":813,"height":813,"url":"https:\/\/lalmachine.com\/wp-content\/uploads\/2022\/05\/Pasted-20220525-154456_clipped_rev_2.jpeg","type":"image\/jpeg"}],"twitter_card":"summary_large_image","schema":{"@context":"https:\/\/schema.org","@graph":[{"@type":"WebPage","@id":"https:\/\/lalmachine.com\/shop\/eclairer\/suspension-plafonnier\/lustre-des-annees-50-rockabilly\/","url":"https:\/\/lalmachine.com\/shop\/eclairer\/suspension-plafonnier\/lustre-des-annees-50-rockabilly\/","name":"Lustre des ann\u00e9es 50 Rockabilly | lalmachine.com","isPartOf":{"@id":"https:\/\/lalmachine.com\/#website"},"primaryImageOfPage":{"@id":"https:\/\/lalmachine.com\/shop\/eclairer\/suspension-plafonnier\/lustre-des-annees-50-rockabilly\/#primaryimage"},"image":{"@id":"https:\/\/lalmachine.com\/shop\/eclairer\/suspension-plafonnier\/lustre-des-annees-50-rockabilly\/#primaryimage"},"thumbnailUrl":"https:\/\/lalmachine.com\/wp-content\/uploads\/2022\/05\/Pasted-20220525-154456_clipped_rev_2.jpeg","datePublished":"2022-05-25T13:52:08+00:00","dateModified":"2025-01-12T12:42:30+00:00","description":"Lustre \u00e0 neuf feux de style Rockabilly, des ann\u00e9es 50.","breadcrumb":{"@id":"https:\/\/lalmachine.com\/shop\/eclairer\/suspension-plafonnier\/lustre-des-annees-50-rockabilly\/#breadcrumb"},"inLanguage":"de","potentialAction":[{"@type":"ReadAction","target":["https:\/\/lalmachine.com\/shop\/eclairer\/suspension-plafonnier\/lustre-des-annees-50-rockabilly\/"]}]},{"@type":"ImageObject","inLanguage":"de","@id":"https:\/\/lalmachine.com\/shop\/eclairer\/suspension-plafonnier\/lustre-des-annees-50-rockabilly\/#primaryimage","url":"https:\/\/lalmachine.com\/wp-content\/uploads\/2022\/05\/Pasted-20220525-154456_clipped_rev_2.jpeg","contentUrl":"https:\/\/lalmachine.com\/wp-content\/uploads\/2022\/05\/Pasted-20220525-154456_clipped_rev_2.jpeg","width":813,"height":813,"caption":"Lustre des ann\u00e9es 50 Rockabilly"},{"@type":"BreadcrumbList","@id":"https:\/\/lalmachine.com\/shop\/eclairer\/suspension-plafonnier\/lustre-des-annees-50-rockabilly\/#breadcrumb","itemListElement":[{"@type":"ListItem","position":1,"name":"Accueil","item":"https:\/\/lalmachine.com\/"},{"@type":"ListItem","position":2,"name":"Shop","item":"https:\/\/lalmachine.com\/shop\/"},{"@type":"ListItem","position":3,"name":"Lustre des ann\u00e9es 50 Rockabilly"}]},{"@type":"WebSite","@id":"https:\/\/lalmachine.com\/#website","url":"https:\/\/lalmachine.com\/","name":"lalmachine.com","description":"Brocante en ligne Suisse | Mobilier et objets d\u00e9co vintage et design","potentialAction":[{"@type":"SearchAction","target":{"@type":"EntryPoint","urlTemplate":"https:\/\/lalmachine.com\/?s={search_term_string}"},"query-input":{"@type":"PropertyValueSpecification","valueRequired":true,"valueName":"search_term_string"}}],"inLanguage":"de"}]}},"_links":{"self":[{"href":"https:\/\/lalmachine.com\/de\/wp-json\/wp\/v2\/product\/274116","targetHints":{"allow":["GET"]}}],"collection":[{"href":"https:\/\/lalmachine.com\/de\/wp-json\/wp\/v2\/product"}],"about":[{"href":"https:\/\/lalmachine.com\/de\/wp-json\/wp\/v2\/types\/product"}],"wp:featuredmedia":[{"embeddable":true,"href":"https:\/\/lalmachine.com\/de\/wp-json\/wp\/v2\/media\/319991"}],"wp:attachment":[{"href":"https:\/\/lalmachine.com\/de\/wp-json\/wp\/v2\/media?parent=274116"}],"wp:term":[{"taxonomy":"product_brand","embeddable":true,"href":"https:\/\/lalmachine.com\/de\/wp-json\/wp\/v2\/product_brand?post=274116"},{"taxonomy":"product_cat","embeddable":true,"href":"https:\/\/lalmachine.com\/de\/wp-json\/wp\/v2\/product_cat?post=274116"},{"taxonomy":"product_tag","embeddable":true,"href":"https:\/\/lalmachine.com\/de\/wp-json\/wp\/v2\/product_tag?post=274116"},{"taxonomy":"proximite","embeddable":true,"href":"https:\/\/lalmachine.com\/de\/wp-json\/wp\/v2\/proximite?post=274116"}],"curies":[{"name":"wp","href":"https:\/\/api.w.org\/{rel}","templated":true}]}}