{"id":274138,"date":"2022-05-25T16:42:25","date_gmt":"2022-05-25T14:42:25","guid":{"rendered":"https:\/\/lalmachine.com\/?post_type=product&#038;p=274138"},"modified":"2024-12-05T21:56:16","modified_gmt":"2024-12-05T20:56:16","slug":"sculpture-hans-r-hufschmid-1971","status":"publish","type":"product","link":"https:\/\/lalmachine.com\/de\/shop\/decorer\/art-and-co\/sculpture-hans-r-hufschmid-1971\/","title":{"rendered":"Sculpture Hans R. Hufschmid 1971"},"content":{"rendered":"<ul class=\"wpuf_customs\"><li style=\"list-style-type:none;\"><label>Autres photos:<\/label> <a href=\"https:\/\/lalmachine.com\/wp-content\/uploads\/2022\/05\/Capture-decran-2022-05-25-a-11.45.01-7303af8c.png\"><img loading=\"lazy\" decoding=\"async\" width=\"115\" height=\"96\" src=\"https:\/\/lalmachine.com\/wp-content\/uploads\/2022\/05\/Capture-decran-2022-05-25-a-11.45.01-7303af8c.png\" class=\"attachment-thumbnail size-thumbnail\" alt=\"\" \/><\/a> <a href=\"https:\/\/lalmachine.com\/wp-content\/uploads\/2022\/05\/Capture-decran-2022-05-25-a-11.45.09-0008898a.png\"><img loading=\"lazy\" decoding=\"async\" width=\"126\" height=\"96\" src=\"https:\/\/lalmachine.com\/wp-content\/uploads\/2022\/05\/Capture-decran-2022-05-25-a-11.45.09-0008898a.png\" class=\"attachment-thumbnail size-thumbnail\" alt=\"\" \/><\/a> <a href=\"https:\/\/lalmachine.com\/wp-content\/uploads\/2022\/05\/Capture-decran-2022-05-25-a-11.45.15-e6e0ad74.png\"><img loading=\"lazy\" decoding=\"async\" width=\"117\" height=\"96\" src=\"https:\/\/lalmachine.com\/wp-content\/uploads\/2022\/05\/Capture-decran-2022-05-25-a-11.45.15-e6e0ad74.png\" class=\"attachment-thumbnail size-thumbnail\" alt=\"\" \/><\/a> <\/li>        <li class=\"wpuf-field-data wpuf-field-data-numeric_text_field\">\n                            <label>Prix:<\/label>\n                        4430        <\/li>\n                <li class=\"wpuf-field-data wpuf-field-data-numeric_text_field\">\n                            <label>Quantit\u00e9:<\/label>\n                        1        <\/li>\n                <li class=\"wpuf-field-data wpuf-field-data-numeric_text_field\">\n                            <label>Hauteur (cm):<\/label>\n                        49        <\/li>\n                <li class=\"wpuf-field-data wpuf-field-data-numeric_text_field\">\n                            <label>Largeur (cm):<\/label>\n                        9        <\/li>\n                <li class=\"wpuf-field-data wpuf-field-data-numeric_text_field\">\n                            <label>Profondeur (cm):<\/label>\n                        6        <\/li>\n        <\/ul>","protected":false},"excerpt":{"rendered":"<p>Hans Reinhardt Hufschmid est un artiste b\u00e2lois n\u00e9 en 1932 et mort en 2018. Peintre et sculpteur, il a r\u00e9alis\u00e9 cette sculpture en bronze, avec la technique de la cire perdue, le 4 novembre 1971. Achet\u00e9e par un m\u00e9decin b\u00e2lois, elle fait penser au style de Giacometti. La l\u00e9gende coll\u00e9e sur son socle pr\u00e9cise: &#8220;pseudo Giacometti&#8221;. En effet, les premi\u00e8res sculptures filiformes de Giacometti datent des ann\u00e9es 50. Hufschmid s&#8217;en est probablement inspir\u00e9 pour produire cette belle pi\u00e8ce.<\/p>","protected":false},"featured_media":320067,"template":"","meta":{"_et_pb_use_builder":"","_et_pb_old_content":"","_et_gb_content_width":""},"product_brand":[],"product_cat":[365,50],"product_tag":[],"proximite":[280,179],"class_list":{"0":"post-274138","1":"product","2":"type-product","3":"status-publish","4":"has-post-thumbnail","6":"product_cat-art-and-co","7":"product_cat-decorer","8":"pa_couleur-noir","9":"pa_etat-tres-bon-etat","10":"pa_materiau-autre","11":"pa_style-art-contemporain","12":"proximite-morges","13":"proximite-vaud","15":"first","16":"instock","17":"shipping-taxable","18":"purchasable","19":"product-type-simple"},"yoast_head":"<!-- This site is optimized with the Yoast SEO plugin v27.4 - https:\/\/yoast.com\/product\/yoast-seo-wordpress\/ -->\n<title>Sculpture Hans R. Hufschmid 1971 | lalmachine.com, mobilier et objets d\u00e9co vintage et design<\/title>\n<meta name=\"description\" content=\"Hans Reinhardt Hufschmid est un artiste b\u00e2lois n\u00e9 en 1932 et mort en 2018. Peintre et sculpteur, il a r\u00e9alis\u00e9 cette sculpture en bronze.\" \/>\n<meta name=\"robots\" content=\"index, follow, max-snippet:-1, max-image-preview:large, max-video-preview:-1\" \/>\n<link rel=\"canonical\" href=\"http:\/\/lalmachine.com\/de\/shop\/decorer\/art-and-co\/sculpture-hans-r-hufschmid-1971\/\" \/>\n<meta property=\"og:locale\" content=\"de_DE\" \/>\n<meta property=\"og:type\" content=\"article\" \/>\n<meta property=\"og:title\" content=\"Sculpture Hans R. Hufschmid 1971 | lalmachine.com, mobilier et objets d\u00e9co vintage et design\" \/>\n<meta property=\"og:description\" content=\"Hans Reinhardt Hufschmid est un artiste b\u00e2lois n\u00e9 en 1932 et mort en 2018. Peintre et sculpteur, il a r\u00e9alis\u00e9 cette sculpture en bronze.\" \/>\n<meta property=\"og:url\" content=\"http:\/\/lalmachine.com\/de\/shop\/decorer\/art-and-co\/sculpture-hans-r-hufschmid-1971\/\" \/>\n<meta property=\"og:site_name\" content=\"lalmachine.com\" \/>\n<meta property=\"article:publisher\" content=\"https:\/\/facebook.com\/lalmachine\" \/>\n<meta property=\"article:modified_time\" content=\"2024-12-05T20:56:16+00:00\" \/>\n<meta property=\"og:image\" content=\"https:\/\/lalmachine.com\/wp-content\/uploads\/2022\/05\/Pasted-20220525-160333_clipped_rev_2.jpeg\" \/>\n\t<meta property=\"og:image:width\" content=\"1007\" \/>\n\t<meta property=\"og:image:height\" content=\"1007\" \/>\n\t<meta property=\"og:image:type\" content=\"image\/jpeg\" \/>\n<meta name=\"twitter:card\" content=\"summary_large_image\" \/>\n<script type=\"application\/ld+json\" class=\"yoast-schema-graph\">{\"@context\":\"https:\\\/\\\/schema.org\",\"@graph\":[{\"@type\":\"WebPage\",\"@id\":\"http:\\\/\\\/lalmachine.com\\\/de\\\/shop\\\/decorer\\\/art-and-co\\\/sculpture-hans-r-hufschmid-1971\\\/\",\"url\":\"http:\\\/\\\/lalmachine.com\\\/de\\\/shop\\\/decorer\\\/art-and-co\\\/sculpture-hans-r-hufschmid-1971\\\/\",\"name\":\"Sculpture Hans R. Hufschmid 1971 | lalmachine.com, mobilier et objets d\u00e9co vintage et design\",\"isPartOf\":{\"@id\":\"https:\\\/\\\/lalmachine.com\\\/#website\"},\"primaryImageOfPage\":{\"@id\":\"http:\\\/\\\/lalmachine.com\\\/de\\\/shop\\\/decorer\\\/art-and-co\\\/sculpture-hans-r-hufschmid-1971\\\/#primaryimage\"},\"image\":{\"@id\":\"http:\\\/\\\/lalmachine.com\\\/de\\\/shop\\\/decorer\\\/art-and-co\\\/sculpture-hans-r-hufschmid-1971\\\/#primaryimage\"},\"thumbnailUrl\":\"https:\\\/\\\/lalmachine.com\\\/wp-content\\\/uploads\\\/2022\\\/05\\\/Pasted-20220525-160333_clipped_rev_2.jpeg\",\"datePublished\":\"2022-05-25T14:42:25+00:00\",\"dateModified\":\"2024-12-05T20:56:16+00:00\",\"description\":\"Hans Reinhardt Hufschmid est un artiste b\u00e2lois n\u00e9 en 1932 et mort en 2018. Peintre et sculpteur, il a r\u00e9alis\u00e9 cette sculpture en bronze.\",\"breadcrumb\":{\"@id\":\"http:\\\/\\\/lalmachine.com\\\/de\\\/shop\\\/decorer\\\/art-and-co\\\/sculpture-hans-r-hufschmid-1971\\\/#breadcrumb\"},\"inLanguage\":\"de\",\"potentialAction\":[{\"@type\":\"ReadAction\",\"target\":[\"http:\\\/\\\/lalmachine.com\\\/de\\\/shop\\\/decorer\\\/art-and-co\\\/sculpture-hans-r-hufschmid-1971\\\/\"]}]},{\"@type\":\"ImageObject\",\"inLanguage\":\"de\",\"@id\":\"http:\\\/\\\/lalmachine.com\\\/de\\\/shop\\\/decorer\\\/art-and-co\\\/sculpture-hans-r-hufschmid-1971\\\/#primaryimage\",\"url\":\"https:\\\/\\\/lalmachine.com\\\/wp-content\\\/uploads\\\/2022\\\/05\\\/Pasted-20220525-160333_clipped_rev_2.jpeg\",\"contentUrl\":\"https:\\\/\\\/lalmachine.com\\\/wp-content\\\/uploads\\\/2022\\\/05\\\/Pasted-20220525-160333_clipped_rev_2.jpeg\",\"width\":1007,\"height\":1007,\"caption\":\"Hans Reinhardt Hufschmid\"},{\"@type\":\"BreadcrumbList\",\"@id\":\"http:\\\/\\\/lalmachine.com\\\/de\\\/shop\\\/decorer\\\/art-and-co\\\/sculpture-hans-r-hufschmid-1971\\\/#breadcrumb\",\"itemListElement\":[{\"@type\":\"ListItem\",\"position\":1,\"name\":\"Accueil\",\"item\":\"https:\\\/\\\/lalmachine.com\\\/\"},{\"@type\":\"ListItem\",\"position\":2,\"name\":\"Shop\",\"item\":\"https:\\\/\\\/lalmachine.com\\\/shop\\\/\"},{\"@type\":\"ListItem\",\"position\":3,\"name\":\"Sculpture Hans R. Hufschmid 1971\"}]},{\"@type\":\"WebSite\",\"@id\":\"https:\\\/\\\/lalmachine.com\\\/#website\",\"url\":\"https:\\\/\\\/lalmachine.com\\\/\",\"name\":\"lalmachine.com\",\"description\":\"Brocante en ligne Suisse | Mobilier et objets d\u00e9co vintage et design\",\"potentialAction\":[{\"@type\":\"SearchAction\",\"target\":{\"@type\":\"EntryPoint\",\"urlTemplate\":\"https:\\\/\\\/lalmachine.com\\\/?s={search_term_string}\"},\"query-input\":{\"@type\":\"PropertyValueSpecification\",\"valueRequired\":true,\"valueName\":\"search_term_string\"}}],\"inLanguage\":\"de\"}]}<\/script>\n<!-- \/ Yoast SEO plugin. -->","yoast_head_json":{"title":"Sculpture Hans R. Hufschmid 1971 | lalmachine.com, mobilier et objets d\u00e9co vintage et design","description":"Hans Reinhardt Hufschmid est un artiste b\u00e2lois n\u00e9 en 1932 et mort en 2018. Peintre et sculpteur, il a r\u00e9alis\u00e9 cette sculpture en bronze.","robots":{"index":"index","follow":"follow","max-snippet":"max-snippet:-1","max-image-preview":"max-image-preview:large","max-video-preview":"max-video-preview:-1"},"canonical":"http:\/\/lalmachine.com\/de\/shop\/decorer\/art-and-co\/sculpture-hans-r-hufschmid-1971\/","og_locale":"de_DE","og_type":"article","og_title":"Sculpture Hans R. Hufschmid 1971 | lalmachine.com, mobilier et objets d\u00e9co vintage et design","og_description":"Hans Reinhardt Hufschmid est un artiste b\u00e2lois n\u00e9 en 1932 et mort en 2018. Peintre et sculpteur, il a r\u00e9alis\u00e9 cette sculpture en bronze.","og_url":"http:\/\/lalmachine.com\/de\/shop\/decorer\/art-and-co\/sculpture-hans-r-hufschmid-1971\/","og_site_name":"lalmachine.com","article_publisher":"https:\/\/facebook.com\/lalmachine","article_modified_time":"2024-12-05T20:56:16+00:00","og_image":[{"width":1007,"height":1007,"url":"https:\/\/lalmachine.com\/wp-content\/uploads\/2022\/05\/Pasted-20220525-160333_clipped_rev_2.jpeg","type":"image\/jpeg"}],"twitter_card":"summary_large_image","schema":{"@context":"https:\/\/schema.org","@graph":[{"@type":"WebPage","@id":"http:\/\/lalmachine.com\/de\/shop\/decorer\/art-and-co\/sculpture-hans-r-hufschmid-1971\/","url":"http:\/\/lalmachine.com\/de\/shop\/decorer\/art-and-co\/sculpture-hans-r-hufschmid-1971\/","name":"Sculpture Hans R. Hufschmid 1971 | lalmachine.com, mobilier et objets d\u00e9co vintage et design","isPartOf":{"@id":"https:\/\/lalmachine.com\/#website"},"primaryImageOfPage":{"@id":"http:\/\/lalmachine.com\/de\/shop\/decorer\/art-and-co\/sculpture-hans-r-hufschmid-1971\/#primaryimage"},"image":{"@id":"http:\/\/lalmachine.com\/de\/shop\/decorer\/art-and-co\/sculpture-hans-r-hufschmid-1971\/#primaryimage"},"thumbnailUrl":"https:\/\/lalmachine.com\/wp-content\/uploads\/2022\/05\/Pasted-20220525-160333_clipped_rev_2.jpeg","datePublished":"2022-05-25T14:42:25+00:00","dateModified":"2024-12-05T20:56:16+00:00","description":"Hans Reinhardt Hufschmid est un artiste b\u00e2lois n\u00e9 en 1932 et mort en 2018. Peintre et sculpteur, il a r\u00e9alis\u00e9 cette sculpture en bronze.","breadcrumb":{"@id":"http:\/\/lalmachine.com\/de\/shop\/decorer\/art-and-co\/sculpture-hans-r-hufschmid-1971\/#breadcrumb"},"inLanguage":"de","potentialAction":[{"@type":"ReadAction","target":["http:\/\/lalmachine.com\/de\/shop\/decorer\/art-and-co\/sculpture-hans-r-hufschmid-1971\/"]}]},{"@type":"ImageObject","inLanguage":"de","@id":"http:\/\/lalmachine.com\/de\/shop\/decorer\/art-and-co\/sculpture-hans-r-hufschmid-1971\/#primaryimage","url":"https:\/\/lalmachine.com\/wp-content\/uploads\/2022\/05\/Pasted-20220525-160333_clipped_rev_2.jpeg","contentUrl":"https:\/\/lalmachine.com\/wp-content\/uploads\/2022\/05\/Pasted-20220525-160333_clipped_rev_2.jpeg","width":1007,"height":1007,"caption":"Hans Reinhardt Hufschmid"},{"@type":"BreadcrumbList","@id":"http:\/\/lalmachine.com\/de\/shop\/decorer\/art-and-co\/sculpture-hans-r-hufschmid-1971\/#breadcrumb","itemListElement":[{"@type":"ListItem","position":1,"name":"Accueil","item":"https:\/\/lalmachine.com\/"},{"@type":"ListItem","position":2,"name":"Shop","item":"https:\/\/lalmachine.com\/shop\/"},{"@type":"ListItem","position":3,"name":"Sculpture Hans R. Hufschmid 1971"}]},{"@type":"WebSite","@id":"https:\/\/lalmachine.com\/#website","url":"https:\/\/lalmachine.com\/","name":"lalmachine.com","description":"Brocante en ligne Suisse | Mobilier et objets d\u00e9co vintage et design","potentialAction":[{"@type":"SearchAction","target":{"@type":"EntryPoint","urlTemplate":"https:\/\/lalmachine.com\/?s={search_term_string}"},"query-input":{"@type":"PropertyValueSpecification","valueRequired":true,"valueName":"search_term_string"}}],"inLanguage":"de"}]}},"_links":{"self":[{"href":"https:\/\/lalmachine.com\/de\/wp-json\/wp\/v2\/product\/274138","targetHints":{"allow":["GET"]}}],"collection":[{"href":"https:\/\/lalmachine.com\/de\/wp-json\/wp\/v2\/product"}],"about":[{"href":"https:\/\/lalmachine.com\/de\/wp-json\/wp\/v2\/types\/product"}],"wp:featuredmedia":[{"embeddable":true,"href":"https:\/\/lalmachine.com\/de\/wp-json\/wp\/v2\/media\/320067"}],"wp:attachment":[{"href":"https:\/\/lalmachine.com\/de\/wp-json\/wp\/v2\/media?parent=274138"}],"wp:term":[{"taxonomy":"product_brand","embeddable":true,"href":"https:\/\/lalmachine.com\/de\/wp-json\/wp\/v2\/product_brand?post=274138"},{"taxonomy":"product_cat","embeddable":true,"href":"https:\/\/lalmachine.com\/de\/wp-json\/wp\/v2\/product_cat?post=274138"},{"taxonomy":"product_tag","embeddable":true,"href":"https:\/\/lalmachine.com\/de\/wp-json\/wp\/v2\/product_tag?post=274138"},{"taxonomy":"proximite","embeddable":true,"href":"https:\/\/lalmachine.com\/de\/wp-json\/wp\/v2\/proximite?post=274138"}],"curies":[{"name":"wp","href":"https:\/\/api.w.org\/{rel}","templated":true}]}}