{"id":276654,"date":"2022-06-18T18:21:45","date_gmt":"2022-06-18T16:21:45","guid":{"rendered":"https:\/\/lalmachine.com\/?post_type=product&#038;p=276654"},"modified":"2024-12-05T21:57:04","modified_gmt":"2024-12-05T20:57:04","slug":"porte-parapluies-rond-50s","status":"publish","type":"product","link":"https:\/\/lalmachine.com\/de\/shop\/decorer\/porte-plantes-revues-etc\/porte-parapluies-rond-50s\/","title":{"rendered":"Porte-parapluies rond 50s"},"content":{"rendered":"<ul class=\"wpuf_customs\"><li style=\"list-style-type:none;\"><label>Autres photos:<\/label> <a href=\"https:\/\/lalmachine.com\/wp-content\/uploads\/2022\/06\/IMG20220615143223-c06715ea-scaled.jpg\"><img loading=\"lazy\" decoding=\"async\" width=\"72\" height=\"96\" src=\"https:\/\/lalmachine.com\/wp-content\/uploads\/2022\/06\/IMG20220615143223-c06715ea-scaled.jpg\" class=\"attachment-thumbnail size-thumbnail\" alt=\"\" \/><\/a> <a href=\"https:\/\/lalmachine.com\/wp-content\/uploads\/2022\/06\/IMG20220615143214-2738a072-scaled.jpg\"><img loading=\"lazy\" decoding=\"async\" width=\"72\" height=\"96\" src=\"https:\/\/lalmachine.com\/wp-content\/uploads\/2022\/06\/IMG20220615143214-2738a072-scaled.jpg\" class=\"attachment-thumbnail size-thumbnail\" alt=\"\" \/><\/a> <a href=\"https:\/\/lalmachine.com\/wp-content\/uploads\/2022\/06\/IMG20220615143232-03a57b2e-scaled.jpg\"><img loading=\"lazy\" decoding=\"async\" width=\"72\" height=\"96\" src=\"https:\/\/lalmachine.com\/wp-content\/uploads\/2022\/06\/IMG20220615143232-03a57b2e-scaled.jpg\" class=\"attachment-thumbnail size-thumbnail\" alt=\"\" \/><\/a> <a href=\"https:\/\/lalmachine.com\/wp-content\/uploads\/2022\/06\/IMG20220615143244-37ed9a4d-scaled.jpg\"><img loading=\"lazy\" decoding=\"async\" width=\"72\" height=\"96\" src=\"https:\/\/lalmachine.com\/wp-content\/uploads\/2022\/06\/IMG20220615143244-37ed9a4d-scaled.jpg\" class=\"attachment-thumbnail size-thumbnail\" alt=\"\" \/><\/a> <a href=\"https:\/\/lalmachine.com\/wp-content\/uploads\/2022\/06\/IMG20220615143257-49e2dbcd-scaled.jpg\"><img loading=\"lazy\" decoding=\"async\" width=\"72\" height=\"96\" src=\"https:\/\/lalmachine.com\/wp-content\/uploads\/2022\/06\/IMG20220615143257-49e2dbcd-scaled.jpg\" class=\"attachment-thumbnail size-thumbnail\" alt=\"\" \/><\/a> <a href=\"https:\/\/lalmachine.com\/wp-content\/uploads\/2022\/06\/IMG20220615143305-ed59209a-scaled.jpg\"><img loading=\"lazy\" decoding=\"async\" width=\"72\" height=\"96\" src=\"https:\/\/lalmachine.com\/wp-content\/uploads\/2022\/06\/IMG20220615143305-ed59209a-scaled.jpg\" class=\"attachment-thumbnail size-thumbnail\" alt=\"\" \/><\/a> <a href=\"https:\/\/lalmachine.com\/wp-content\/uploads\/2022\/06\/IMG20220615143315-522e22fb-scaled.jpg\"><img loading=\"lazy\" decoding=\"async\" width=\"72\" height=\"96\" src=\"https:\/\/lalmachine.com\/wp-content\/uploads\/2022\/06\/IMG20220615143315-522e22fb-scaled.jpg\" class=\"attachment-thumbnail size-thumbnail\" alt=\"\" \/><\/a> <a href=\"https:\/\/lalmachine.com\/wp-content\/uploads\/2022\/06\/IMG20220615143321-22021e79-scaled.jpg\"><img loading=\"lazy\" decoding=\"async\" width=\"72\" height=\"96\" src=\"https:\/\/lalmachine.com\/wp-content\/uploads\/2022\/06\/IMG20220615143321-22021e79-scaled.jpg\" class=\"attachment-thumbnail size-thumbnail\" alt=\"\" \/><\/a> <a href=\"https:\/\/lalmachine.com\/wp-content\/uploads\/2022\/06\/IMG20220615143329-e3802f44-scaled.jpg\"><img loading=\"lazy\" decoding=\"async\" width=\"72\" height=\"96\" src=\"https:\/\/lalmachine.com\/wp-content\/uploads\/2022\/06\/IMG20220615143329-e3802f44-scaled.jpg\" class=\"attachment-thumbnail size-thumbnail\" alt=\"\" \/><\/a> <\/li>        <li class=\"wpuf-field-data wpuf-field-data-numeric_text_field\">\n                            <label>Prix:<\/label>\n                        75        <\/li>\n                <li class=\"wpuf-field-data wpuf-field-data-numeric_text_field\">\n                            <label>Hauteur (cm):<\/label>\n                        41        <\/li>\n                <li class=\"wpuf-field-data wpuf-field-data-numeric_text_field\">\n                            <label>Largeur (cm):<\/label>\n                        40        <\/li>\n                <li class=\"wpuf-field-data wpuf-field-data-numeric_text_field\">\n                            <label>Profondeur (cm):<\/label>\n                        15        <\/li>\n        <\/ul>","protected":false},"excerpt":{"rendered":"<p>Rare porte-parapluies rond en m\u00e9tal dor\u00e9, scoubidou et pi\u00e9tement en fonte des ann\u00e9es 50.<br \/>\nLe pi\u00e8tement pr\u00e9sente de nombreuses petites traces noires li\u00e9es \u00e0 la pointe des parapluies. Le scoubidou est en tr\u00e8s bon \u00e9tat et le m\u00e9tal dor\u00e9 a de l\u00e9g\u00e8res traces.<\/p>","protected":false},"featured_media":276644,"template":"","meta":{"_et_pb_use_builder":"","_et_pb_old_content":"","_et_gb_content_width":""},"product_brand":[],"product_cat":[50,105],"product_tag":[],"proximite":[177,235],"class_list":{"0":"post-276654","1":"product","2":"type-product","3":"status-publish","4":"has-post-thumbnail","6":"product_cat-decorer","7":"product_cat-porte-plantes-revues-etc","8":"product_shipping_class-2-10-kg","9":"pa_couleur-dore","10":"pa_etat-bon-etat","11":"pa_materiau-metal","12":"pa_style-vintage","13":"proximite-fribourg","14":"proximite-sarine","16":"first","17":"outofstock","18":"shipping-taxable","19":"purchasable","20":"product-type-simple"},"yoast_head":"<!-- This site is optimized with the Yoast SEO plugin v27.3 - https:\/\/yoast.com\/product\/yoast-seo-wordpress\/ -->\n<title>Porte-parapluies rond 50s | lalmachine.com, mobilier et objets d\u00e9co vintage et design<\/title>\n<meta name=\"description\" content=\"Rare porte-parapluies rond en m\u00e9tal dor\u00e9, scoubidou et pi\u00e9tement en fonte des ann\u00e9es 50.\" \/>\n<meta name=\"robots\" content=\"index, follow, max-snippet:-1, max-image-preview:large, max-video-preview:-1\" \/>\n<link rel=\"canonical\" href=\"https:\/\/lalmachine.com\/de\/shop\/decorer\/porte-plantes-revues-etc\/porte-parapluies-rond-50s\/\" \/>\n<meta property=\"og:locale\" content=\"de_DE\" \/>\n<meta property=\"og:type\" content=\"article\" \/>\n<meta property=\"og:title\" content=\"Porte-parapluies rond 50s | lalmachine.com, mobilier et objets d\u00e9co vintage et design\" \/>\n<meta property=\"og:description\" content=\"Rare porte-parapluies rond en m\u00e9tal dor\u00e9, scoubidou et pi\u00e9tement en fonte des ann\u00e9es 50.\" \/>\n<meta property=\"og:url\" content=\"https:\/\/lalmachine.com\/de\/shop\/decorer\/porte-plantes-revues-etc\/porte-parapluies-rond-50s\/\" \/>\n<meta property=\"og:site_name\" content=\"lalmachine.com\" \/>\n<meta property=\"article:publisher\" content=\"https:\/\/facebook.com\/lalmachine\" \/>\n<meta property=\"article:modified_time\" content=\"2024-12-05T20:57:04+00:00\" \/>\n<meta property=\"og:image\" content=\"https:\/\/lalmachine.com\/wp-content\/uploads\/2022\/06\/IMG20220615143223_clipped_rev_1-ce0e93a9.jpeg\" \/>\n\t<meta property=\"og:image:width\" content=\"2541\" \/>\n\t<meta property=\"og:image:height\" content=\"2541\" \/>\n\t<meta property=\"og:image:type\" content=\"image\/jpeg\" \/>\n<meta name=\"twitter:card\" content=\"summary_large_image\" \/>\n<script type=\"application\/ld+json\" class=\"yoast-schema-graph\">{\"@context\":\"https:\\\/\\\/schema.org\",\"@graph\":[{\"@type\":\"WebPage\",\"@id\":\"https:\\\/\\\/lalmachine.com\\\/shop\\\/decorer\\\/porte-plantes-revues-etc\\\/porte-parapluies-rond-50s\\\/\",\"url\":\"https:\\\/\\\/lalmachine.com\\\/shop\\\/decorer\\\/porte-plantes-revues-etc\\\/porte-parapluies-rond-50s\\\/\",\"name\":\"Porte-parapluies rond 50s | lalmachine.com, mobilier et objets d\u00e9co vintage et design\",\"isPartOf\":{\"@id\":\"https:\\\/\\\/lalmachine.com\\\/#website\"},\"primaryImageOfPage\":{\"@id\":\"https:\\\/\\\/lalmachine.com\\\/shop\\\/decorer\\\/porte-plantes-revues-etc\\\/porte-parapluies-rond-50s\\\/#primaryimage\"},\"image\":{\"@id\":\"https:\\\/\\\/lalmachine.com\\\/shop\\\/decorer\\\/porte-plantes-revues-etc\\\/porte-parapluies-rond-50s\\\/#primaryimage\"},\"thumbnailUrl\":\"https:\\\/\\\/lalmachine.com\\\/wp-content\\\/uploads\\\/2022\\\/06\\\/IMG20220615143223_clipped_rev_1-ce0e93a9.jpeg\",\"datePublished\":\"2022-06-18T16:21:45+00:00\",\"dateModified\":\"2024-12-05T20:57:04+00:00\",\"description\":\"Rare porte-parapluies rond en m\u00e9tal dor\u00e9, scoubidou et pi\u00e9tement en fonte des ann\u00e9es 50.\",\"breadcrumb\":{\"@id\":\"https:\\\/\\\/lalmachine.com\\\/shop\\\/decorer\\\/porte-plantes-revues-etc\\\/porte-parapluies-rond-50s\\\/#breadcrumb\"},\"inLanguage\":\"de\",\"potentialAction\":[{\"@type\":\"ReadAction\",\"target\":[\"https:\\\/\\\/lalmachine.com\\\/shop\\\/decorer\\\/porte-plantes-revues-etc\\\/porte-parapluies-rond-50s\\\/\"]}]},{\"@type\":\"ImageObject\",\"inLanguage\":\"de\",\"@id\":\"https:\\\/\\\/lalmachine.com\\\/shop\\\/decorer\\\/porte-plantes-revues-etc\\\/porte-parapluies-rond-50s\\\/#primaryimage\",\"url\":\"https:\\\/\\\/lalmachine.com\\\/wp-content\\\/uploads\\\/2022\\\/06\\\/IMG20220615143223_clipped_rev_1-ce0e93a9.jpeg\",\"contentUrl\":\"https:\\\/\\\/lalmachine.com\\\/wp-content\\\/uploads\\\/2022\\\/06\\\/IMG20220615143223_clipped_rev_1-ce0e93a9.jpeg\",\"width\":2541,\"height\":2541,\"caption\":\"Porte-parapluies rond 50s\"},{\"@type\":\"BreadcrumbList\",\"@id\":\"https:\\\/\\\/lalmachine.com\\\/shop\\\/decorer\\\/porte-plantes-revues-etc\\\/porte-parapluies-rond-50s\\\/#breadcrumb\",\"itemListElement\":[{\"@type\":\"ListItem\",\"position\":1,\"name\":\"Accueil\",\"item\":\"https:\\\/\\\/lalmachine.com\\\/\"},{\"@type\":\"ListItem\",\"position\":2,\"name\":\"Shop\",\"item\":\"https:\\\/\\\/lalmachine.com\\\/shop\\\/\"},{\"@type\":\"ListItem\",\"position\":3,\"name\":\"Porte-parapluies rond 50s\"}]},{\"@type\":\"WebSite\",\"@id\":\"https:\\\/\\\/lalmachine.com\\\/#website\",\"url\":\"https:\\\/\\\/lalmachine.com\\\/\",\"name\":\"lalmachine.com\",\"description\":\"Brocante en ligne Suisse | Mobilier et objets d\u00e9co vintage et design\",\"potentialAction\":[{\"@type\":\"SearchAction\",\"target\":{\"@type\":\"EntryPoint\",\"urlTemplate\":\"https:\\\/\\\/lalmachine.com\\\/?s={search_term_string}\"},\"query-input\":{\"@type\":\"PropertyValueSpecification\",\"valueRequired\":true,\"valueName\":\"search_term_string\"}}],\"inLanguage\":\"de\"}]}<\/script>\n<!-- \/ Yoast SEO plugin. -->","yoast_head_json":{"title":"Porte-parapluies rond 50s | lalmachine.com, mobilier et objets d\u00e9co vintage et design","description":"Rare porte-parapluies rond en m\u00e9tal dor\u00e9, scoubidou et pi\u00e9tement en fonte des ann\u00e9es 50.","robots":{"index":"index","follow":"follow","max-snippet":"max-snippet:-1","max-image-preview":"max-image-preview:large","max-video-preview":"max-video-preview:-1"},"canonical":"https:\/\/lalmachine.com\/de\/shop\/decorer\/porte-plantes-revues-etc\/porte-parapluies-rond-50s\/","og_locale":"de_DE","og_type":"article","og_title":"Porte-parapluies rond 50s | lalmachine.com, mobilier et objets d\u00e9co vintage et design","og_description":"Rare porte-parapluies rond en m\u00e9tal dor\u00e9, scoubidou et pi\u00e9tement en fonte des ann\u00e9es 50.","og_url":"https:\/\/lalmachine.com\/de\/shop\/decorer\/porte-plantes-revues-etc\/porte-parapluies-rond-50s\/","og_site_name":"lalmachine.com","article_publisher":"https:\/\/facebook.com\/lalmachine","article_modified_time":"2024-12-05T20:57:04+00:00","og_image":[{"width":2541,"height":2541,"url":"https:\/\/lalmachine.com\/wp-content\/uploads\/2022\/06\/IMG20220615143223_clipped_rev_1-ce0e93a9.jpeg","type":"image\/jpeg"}],"twitter_card":"summary_large_image","schema":{"@context":"https:\/\/schema.org","@graph":[{"@type":"WebPage","@id":"https:\/\/lalmachine.com\/shop\/decorer\/porte-plantes-revues-etc\/porte-parapluies-rond-50s\/","url":"https:\/\/lalmachine.com\/shop\/decorer\/porte-plantes-revues-etc\/porte-parapluies-rond-50s\/","name":"Porte-parapluies rond 50s | lalmachine.com, mobilier et objets d\u00e9co vintage et design","isPartOf":{"@id":"https:\/\/lalmachine.com\/#website"},"primaryImageOfPage":{"@id":"https:\/\/lalmachine.com\/shop\/decorer\/porte-plantes-revues-etc\/porte-parapluies-rond-50s\/#primaryimage"},"image":{"@id":"https:\/\/lalmachine.com\/shop\/decorer\/porte-plantes-revues-etc\/porte-parapluies-rond-50s\/#primaryimage"},"thumbnailUrl":"https:\/\/lalmachine.com\/wp-content\/uploads\/2022\/06\/IMG20220615143223_clipped_rev_1-ce0e93a9.jpeg","datePublished":"2022-06-18T16:21:45+00:00","dateModified":"2024-12-05T20:57:04+00:00","description":"Rare porte-parapluies rond en m\u00e9tal dor\u00e9, scoubidou et pi\u00e9tement en fonte des ann\u00e9es 50.","breadcrumb":{"@id":"https:\/\/lalmachine.com\/shop\/decorer\/porte-plantes-revues-etc\/porte-parapluies-rond-50s\/#breadcrumb"},"inLanguage":"de","potentialAction":[{"@type":"ReadAction","target":["https:\/\/lalmachine.com\/shop\/decorer\/porte-plantes-revues-etc\/porte-parapluies-rond-50s\/"]}]},{"@type":"ImageObject","inLanguage":"de","@id":"https:\/\/lalmachine.com\/shop\/decorer\/porte-plantes-revues-etc\/porte-parapluies-rond-50s\/#primaryimage","url":"https:\/\/lalmachine.com\/wp-content\/uploads\/2022\/06\/IMG20220615143223_clipped_rev_1-ce0e93a9.jpeg","contentUrl":"https:\/\/lalmachine.com\/wp-content\/uploads\/2022\/06\/IMG20220615143223_clipped_rev_1-ce0e93a9.jpeg","width":2541,"height":2541,"caption":"Porte-parapluies rond 50s"},{"@type":"BreadcrumbList","@id":"https:\/\/lalmachine.com\/shop\/decorer\/porte-plantes-revues-etc\/porte-parapluies-rond-50s\/#breadcrumb","itemListElement":[{"@type":"ListItem","position":1,"name":"Accueil","item":"https:\/\/lalmachine.com\/"},{"@type":"ListItem","position":2,"name":"Shop","item":"https:\/\/lalmachine.com\/shop\/"},{"@type":"ListItem","position":3,"name":"Porte-parapluies rond 50s"}]},{"@type":"WebSite","@id":"https:\/\/lalmachine.com\/#website","url":"https:\/\/lalmachine.com\/","name":"lalmachine.com","description":"Brocante en ligne Suisse | Mobilier et objets d\u00e9co vintage et design","potentialAction":[{"@type":"SearchAction","target":{"@type":"EntryPoint","urlTemplate":"https:\/\/lalmachine.com\/?s={search_term_string}"},"query-input":{"@type":"PropertyValueSpecification","valueRequired":true,"valueName":"search_term_string"}}],"inLanguage":"de"}]}},"_links":{"self":[{"href":"https:\/\/lalmachine.com\/de\/wp-json\/wp\/v2\/product\/276654","targetHints":{"allow":["GET"]}}],"collection":[{"href":"https:\/\/lalmachine.com\/de\/wp-json\/wp\/v2\/product"}],"about":[{"href":"https:\/\/lalmachine.com\/de\/wp-json\/wp\/v2\/types\/product"}],"wp:featuredmedia":[{"embeddable":true,"href":"https:\/\/lalmachine.com\/de\/wp-json\/wp\/v2\/media\/276644"}],"wp:attachment":[{"href":"https:\/\/lalmachine.com\/de\/wp-json\/wp\/v2\/media?parent=276654"}],"wp:term":[{"taxonomy":"product_brand","embeddable":true,"href":"https:\/\/lalmachine.com\/de\/wp-json\/wp\/v2\/product_brand?post=276654"},{"taxonomy":"product_cat","embeddable":true,"href":"https:\/\/lalmachine.com\/de\/wp-json\/wp\/v2\/product_cat?post=276654"},{"taxonomy":"product_tag","embeddable":true,"href":"https:\/\/lalmachine.com\/de\/wp-json\/wp\/v2\/product_tag?post=276654"},{"taxonomy":"proximite","embeddable":true,"href":"https:\/\/lalmachine.com\/de\/wp-json\/wp\/v2\/proximite?post=276654"}],"curies":[{"name":"wp","href":"https:\/\/api.w.org\/{rel}","templated":true}]}}